{"id":26242,"date":"2023-09-14T15:41:28","date_gmt":"2023-10-03T09:12:18","guid":{"rendered":"https:\/\/naturalpoland.com\/produkty\/sin categor\u00eda\/hierbas-para-animales\/"},"modified":"2023-10-03T11:12:18","modified_gmt":"2023-10-03T09:12:18","slug":"hierbas","status":"publish","type":"product","link":"https:\/\/naturalpoland.com\/es\/productos\/materias-primas-para-alimentos-de-animales\/hierbas\/","title":{"rendered":"Hierbas para animales"},"content":{"rendered":"<p><strong>Alfalfa<\/strong> &#8211; Refuerza la condici\u00f3n animal, fuente de vitaminas y prote\u00ednas.<\/p>\n<p><strong>Hojas de manzana, albaricoque, pera, melocot\u00f3n y ciruela<\/strong> &#8211; Antioxidantes naturales, favorecen la digesti\u00f3n y aportan vitaminas.<\/p>\n<p><strong>Hojas de alcachofa<\/strong> &#8211; Conocidas por sus propiedades desintoxicantes y de apoyo al h\u00edgado.<\/p>\n<p><strong>Hojas de abedul y eucalipto<\/strong> &#8211; Tienen un efecto diur\u00e9tico, favoreciendo el sistema urinario del animal.<\/p>\n<p><strong>Llant\u00e9n com\u00fan y lanceolado<\/strong> &#8211; Favorecen el sistema digestivo y tienen efectos antiinflamatorios.<\/p>\n<p><strong>Hojas de ortiga y zarzamora<\/strong> &#8211; Ricas en hierro y vitaminas, refuerzan la condici\u00f3n del animal.<\/p>\n<p>Vara de oro <strong>y milenrama<\/strong> &#8211; Favorecen el sistema digestivo y tienen un efecto antiinflamatorio.<\/p>\n<p><strong>Hierbas de espelta, avena y trigo<\/strong> &#8211; Excelente fuente de prote\u00ednas, mejoran la condici\u00f3n del animal.<\/p>\n<p><strong>Hojas de avellana y nuez<\/strong> &#8211; Ricas en grasas vegetales, mejoran el estado del pelaje.<\/p>\n<p><strong>Musgo de Islandia<\/strong> &#8211; Favorece el sistema respiratorio, fuente de muc\u00edlago natural.<\/p>\n<p><strong>Grosella negra, frambuesa y hojas de cerezo<\/strong> &#8211; Fuente de vitaminas y antioxidantes, refuerzan la inmunidad.<\/p>\n<p><strong>Hojas de diente de le\u00f3n<\/strong> &#8211; Tienen un efecto diur\u00e9tico y favorecen el sistema urinario.<\/p>\n<p><strong>Cardo<\/strong> &#8211; Favorece la funci\u00f3n hep\u00e1tica, acci\u00f3n desintoxicante.<\/p>\n<p><strong>Melisa<\/strong> &#8211; Tiene un efecto calmante y favorece el sistema nervioso del animal.<\/p>\n<p><strong>Hojas de salvia<\/strong> &#8211; Favorece la digesti\u00f3n y tiene un efecto antibacteriano.<\/p>\n<p><strong>Tomillo<\/strong> &#8211; Fuente de antibi\u00f3ticos naturales, refuerza el sistema inmunitario.<\/p>\n<p><strong>Hojas de espinaca<\/strong> &#8211; Ricas en hierro, mejoran la forma f\u00edsica y la circulaci\u00f3n sangu\u00ednea.<\/p>\n<p><strong>Menta verde y menta piperita<\/strong> &#8211; Tienen un efecto refrescante y favorecen la digesti\u00f3n.<\/p>\n<p><strong>Equin\u00e1cea y equin\u00e1cea<\/strong> &#8211; Refuerzan el sistema inmunitario, tienen efectos antiinflamatorios.<\/p>\n<p><strong>Cola de caballo<\/strong> &#8211; Rica en silicio, favorece la salud de huesos y articulaciones.<\/p>\n<p>Las hierbas que ofrecemos son una fuente natural de nutrientes para los animales. Creemos que nuestra oferta satisfar\u00e1 las expectativas de los clientes m\u00e1s exigentes del sector de los animales de compa\u00f1\u00eda. Le invitamos a que se ponga en contacto con nosotros y colabore con nosotros.<\/p>\n","protected":false},"excerpt":{"rendered":"<p>Las hierbas a\u00f1adidas a los alimentos garantizan excelentes propiedades nutricionales y sanitarias para los animales. Nuestras hierbas proceden de cultivos controlados, lo que da fe de su calidad superior.<\/p>\n","protected":false},"featured_media":25412,"template":"","meta":{"_acf_changed":false},"product_brand":[],"product_cat":[2514],"product_tag":[],"class_list":{"0":"post-26242","1":"product","2":"type-product","3":"status-publish","4":"has-post-thumbnail","6":"product_cat-materias-primas-para-alimentos-de-animales","8":"first","9":"instock","10":"shipping-taxable","11":"product-type-simple"},"acf":[],"yoast_head":"<!-- This site is optimized with the Yoast SEO plugin v27.4 - https:\/\/yoast.com\/product\/yoast-seo-wordpress\/ -->\n<title>Hierbas para animales - Distribuidor mayorista<\/title>\n<meta name=\"description\" content=\"Las hierbas a\u00f1adidas a los alimentos garantizan excelentes propiedades nutritivas y sanitarias para los animales. Nuestras hierbas proceden de cultivos controlados.\" \/>\n<meta name=\"robots\" content=\"index, follow, max-snippet:-1, max-image-preview:large, max-video-preview:-1\" \/>\n<link rel=\"canonical\" href=\"https:\/\/naturalpoland.com\/es\/productos\/materias-primas-para-alimentos-de-animales\/hierbas\/\" \/>\n<meta property=\"og:locale\" content=\"es_ES\" \/>\n<meta property=\"og:type\" content=\"article\" \/>\n<meta property=\"og:title\" content=\"Hierbas para animales - Distribuidor mayorista\" \/>\n<meta property=\"og:description\" content=\"Las hierbas a\u00f1adidas a los alimentos garantizan excelentes propiedades nutritivas y sanitarias para los animales. Nuestras hierbas proceden de cultivos controlados.\" \/>\n<meta property=\"og:url\" content=\"https:\/\/naturalpoland.com\/es\/productos\/materias-primas-para-alimentos-de-animales\/hierbas\/\" \/>\n<meta property=\"og:site_name\" content=\"NATURAL POLAND - Distribuidor Mayorista de Materias Primas\" \/>\n<meta property=\"article:publisher\" content=\"https:\/\/www.facebook.com\/naturalpoland.b2b\" \/>\n<meta property=\"og:image\" content=\"https:\/\/naturalpoland.com\/wp-content\/uploads\/ziola-liscie-dla-zwierzat.jpg\" \/>\n\t<meta property=\"og:image:width\" content=\"650\" \/>\n\t<meta property=\"og:image:height\" content=\"650\" \/>\n\t<meta property=\"og:image:type\" content=\"image\/jpeg\" \/>\n<script type=\"application\/ld+json\" class=\"yoast-schema-graph\">{\"@context\":\"https:\\\/\\\/schema.org\",\"@graph\":[{\"@type\":\"WebPage\",\"@id\":\"https:\\\/\\\/naturalpoland.com\\\/es\\\/productos\\\/materias-primas-para-alimentos-de-animales\\\/hierbas\\\/\",\"url\":\"https:\\\/\\\/naturalpoland.com\\\/es\\\/productos\\\/materias-primas-para-alimentos-de-animales\\\/hierbas\\\/\",\"name\":\"Hierbas para animales - Distribuidor mayorista\",\"isPartOf\":{\"@id\":\"https:\\\/\\\/naturalpoland.com\\\/es\\\/#website\"},\"primaryImageOfPage\":{\"@id\":\"https:\\\/\\\/naturalpoland.com\\\/es\\\/productos\\\/materias-primas-para-alimentos-de-animales\\\/hierbas\\\/#primaryimage\"},\"image\":{\"@id\":\"https:\\\/\\\/naturalpoland.com\\\/es\\\/productos\\\/materias-primas-para-alimentos-de-animales\\\/hierbas\\\/#primaryimage\"},\"thumbnailUrl\":\"https:\\\/\\\/naturalpoland.com\\\/wp-content\\\/uploads\\\/ziola-liscie-dla-zwierzat.jpg\",\"datePublished\":\"2023-10-03T09:12:18+00:00\",\"description\":\"Las hierbas a\u00f1adidas a los alimentos garantizan excelentes propiedades nutritivas y sanitarias para los animales. Nuestras hierbas proceden de cultivos controlados.\",\"breadcrumb\":{\"@id\":\"https:\\\/\\\/naturalpoland.com\\\/es\\\/productos\\\/materias-primas-para-alimentos-de-animales\\\/hierbas\\\/#breadcrumb\"},\"inLanguage\":\"es\",\"potentialAction\":[{\"@type\":\"ReadAction\",\"target\":[\"https:\\\/\\\/naturalpoland.com\\\/es\\\/productos\\\/materias-primas-para-alimentos-de-animales\\\/hierbas\\\/\"]}]},{\"@type\":\"ImageObject\",\"inLanguage\":\"es\",\"@id\":\"https:\\\/\\\/naturalpoland.com\\\/es\\\/productos\\\/materias-primas-para-alimentos-de-animales\\\/hierbas\\\/#primaryimage\",\"url\":\"https:\\\/\\\/naturalpoland.com\\\/wp-content\\\/uploads\\\/ziola-liscie-dla-zwierzat.jpg\",\"contentUrl\":\"https:\\\/\\\/naturalpoland.com\\\/wp-content\\\/uploads\\\/ziola-liscie-dla-zwierzat.jpg\",\"width\":650,\"height\":650,\"caption\":\"hierbas para animales\"},{\"@type\":\"BreadcrumbList\",\"@id\":\"https:\\\/\\\/naturalpoland.com\\\/es\\\/productos\\\/materias-primas-para-alimentos-de-animales\\\/hierbas\\\/#breadcrumb\",\"itemListElement\":[{\"@type\":\"ListItem\",\"position\":1,\"name\":\"Inicio\",\"item\":\"https:\\\/\\\/naturalpoland.com\\\/es\\\/\"},{\"@type\":\"ListItem\",\"position\":2,\"name\":\"Productos\",\"item\":\"https:\\\/\\\/naturalpoland.com\\\/es\\\/productos\\\/\"},{\"@type\":\"ListItem\",\"position\":3,\"name\":\"Hierbas para animales\"}]},{\"@type\":\"WebSite\",\"@id\":\"https:\\\/\\\/naturalpoland.com\\\/es\\\/#website\",\"url\":\"https:\\\/\\\/naturalpoland.com\\\/es\\\/\",\"name\":\"NATURAL POLAND - Distribuidor Mayorista de Materias Primas\",\"description\":\"Surowce dla przemys\u0142u spo\u017cywczego, kosmetycznego i farmaceutycznego\",\"publisher\":{\"@id\":\"https:\\\/\\\/naturalpoland.com\\\/es\\\/#organization\"},\"potentialAction\":[{\"@type\":\"SearchAction\",\"target\":{\"@type\":\"EntryPoint\",\"urlTemplate\":\"https:\\\/\\\/naturalpoland.com\\\/es\\\/?s={search_term_string}\"},\"query-input\":{\"@type\":\"PropertyValueSpecification\",\"valueRequired\":true,\"valueName\":\"search_term_string\"}}],\"inLanguage\":\"es\"},{\"@type\":\"Organization\",\"@id\":\"https:\\\/\\\/naturalpoland.com\\\/es\\\/#organization\",\"name\":\"Natural Poland\",\"url\":\"https:\\\/\\\/naturalpoland.com\\\/es\\\/\",\"logo\":{\"@type\":\"ImageObject\",\"inLanguage\":\"es\",\"@id\":\"https:\\\/\\\/naturalpoland.com\\\/es\\\/#\\\/schema\\\/logo\\\/image\\\/\",\"url\":\"https:\\\/\\\/naturalpoland.com\\\/wp-content\\\/uploads\\\/2021\\\/05\\\/natural-poland-icon.png\",\"contentUrl\":\"https:\\\/\\\/naturalpoland.com\\\/wp-content\\\/uploads\\\/2021\\\/05\\\/natural-poland-icon.png\",\"width\":512,\"height\":512,\"caption\":\"Natural Poland\"},\"image\":{\"@id\":\"https:\\\/\\\/naturalpoland.com\\\/es\\\/#\\\/schema\\\/logo\\\/image\\\/\"},\"sameAs\":[\"https:\\\/\\\/www.facebook.com\\\/naturalpoland.b2b\",\"https:\\\/\\\/pl.linkedin.com\\\/company\\\/natural-poland\",\"https:\\\/\\\/www.youtube.com\\\/channel\\\/UCgeGGkvOMahZo-xu_MSEWxg\"]}]}<\/script>\n<!-- \/ Yoast SEO plugin. -->","yoast_head_json":{"title":"Hierbas para animales - Distribuidor mayorista","description":"Las hierbas a\u00f1adidas a los alimentos garantizan excelentes propiedades nutritivas y sanitarias para los animales. Nuestras hierbas proceden de cultivos controlados.","robots":{"index":"index","follow":"follow","max-snippet":"max-snippet:-1","max-image-preview":"max-image-preview:large","max-video-preview":"max-video-preview:-1"},"canonical":"https:\/\/naturalpoland.com\/es\/productos\/materias-primas-para-alimentos-de-animales\/hierbas\/","og_locale":"es_ES","og_type":"article","og_title":"Hierbas para animales - Distribuidor mayorista","og_description":"Las hierbas a\u00f1adidas a los alimentos garantizan excelentes propiedades nutritivas y sanitarias para los animales. Nuestras hierbas proceden de cultivos controlados.","og_url":"https:\/\/naturalpoland.com\/es\/productos\/materias-primas-para-alimentos-de-animales\/hierbas\/","og_site_name":"NATURAL POLAND - Distribuidor Mayorista de Materias Primas","article_publisher":"https:\/\/www.facebook.com\/naturalpoland.b2b","og_image":[{"width":650,"height":650,"url":"https:\/\/naturalpoland.com\/wp-content\/uploads\/ziola-liscie-dla-zwierzat.jpg","type":"image\/jpeg"}],"schema":{"@context":"https:\/\/schema.org","@graph":[{"@type":"WebPage","@id":"https:\/\/naturalpoland.com\/es\/productos\/materias-primas-para-alimentos-de-animales\/hierbas\/","url":"https:\/\/naturalpoland.com\/es\/productos\/materias-primas-para-alimentos-de-animales\/hierbas\/","name":"Hierbas para animales - Distribuidor mayorista","isPartOf":{"@id":"https:\/\/naturalpoland.com\/es\/#website"},"primaryImageOfPage":{"@id":"https:\/\/naturalpoland.com\/es\/productos\/materias-primas-para-alimentos-de-animales\/hierbas\/#primaryimage"},"image":{"@id":"https:\/\/naturalpoland.com\/es\/productos\/materias-primas-para-alimentos-de-animales\/hierbas\/#primaryimage"},"thumbnailUrl":"https:\/\/naturalpoland.com\/wp-content\/uploads\/ziola-liscie-dla-zwierzat.jpg","datePublished":"2023-10-03T09:12:18+00:00","description":"Las hierbas a\u00f1adidas a los alimentos garantizan excelentes propiedades nutritivas y sanitarias para los animales. Nuestras hierbas proceden de cultivos controlados.","breadcrumb":{"@id":"https:\/\/naturalpoland.com\/es\/productos\/materias-primas-para-alimentos-de-animales\/hierbas\/#breadcrumb"},"inLanguage":"es","potentialAction":[{"@type":"ReadAction","target":["https:\/\/naturalpoland.com\/es\/productos\/materias-primas-para-alimentos-de-animales\/hierbas\/"]}]},{"@type":"ImageObject","inLanguage":"es","@id":"https:\/\/naturalpoland.com\/es\/productos\/materias-primas-para-alimentos-de-animales\/hierbas\/#primaryimage","url":"https:\/\/naturalpoland.com\/wp-content\/uploads\/ziola-liscie-dla-zwierzat.jpg","contentUrl":"https:\/\/naturalpoland.com\/wp-content\/uploads\/ziola-liscie-dla-zwierzat.jpg","width":650,"height":650,"caption":"hierbas para animales"},{"@type":"BreadcrumbList","@id":"https:\/\/naturalpoland.com\/es\/productos\/materias-primas-para-alimentos-de-animales\/hierbas\/#breadcrumb","itemListElement":[{"@type":"ListItem","position":1,"name":"Inicio","item":"https:\/\/naturalpoland.com\/es\/"},{"@type":"ListItem","position":2,"name":"Productos","item":"https:\/\/naturalpoland.com\/es\/productos\/"},{"@type":"ListItem","position":3,"name":"Hierbas para animales"}]},{"@type":"WebSite","@id":"https:\/\/naturalpoland.com\/es\/#website","url":"https:\/\/naturalpoland.com\/es\/","name":"NATURAL POLAND - Distribuidor Mayorista de Materias Primas","description":"Surowce dla przemys\u0142u spo\u017cywczego, kosmetycznego i farmaceutycznego","publisher":{"@id":"https:\/\/naturalpoland.com\/es\/#organization"},"potentialAction":[{"@type":"SearchAction","target":{"@type":"EntryPoint","urlTemplate":"https:\/\/naturalpoland.com\/es\/?s={search_term_string}"},"query-input":{"@type":"PropertyValueSpecification","valueRequired":true,"valueName":"search_term_string"}}],"inLanguage":"es"},{"@type":"Organization","@id":"https:\/\/naturalpoland.com\/es\/#organization","name":"Natural Poland","url":"https:\/\/naturalpoland.com\/es\/","logo":{"@type":"ImageObject","inLanguage":"es","@id":"https:\/\/naturalpoland.com\/es\/#\/schema\/logo\/image\/","url":"https:\/\/naturalpoland.com\/wp-content\/uploads\/2021\/05\/natural-poland-icon.png","contentUrl":"https:\/\/naturalpoland.com\/wp-content\/uploads\/2021\/05\/natural-poland-icon.png","width":512,"height":512,"caption":"Natural Poland"},"image":{"@id":"https:\/\/naturalpoland.com\/es\/#\/schema\/logo\/image\/"},"sameAs":["https:\/\/www.facebook.com\/naturalpoland.b2b","https:\/\/pl.linkedin.com\/company\/natural-poland","https:\/\/www.youtube.com\/channel\/UCgeGGkvOMahZo-xu_MSEWxg"]}]}},"_links":{"self":[{"href":"https:\/\/naturalpoland.com\/es\/wp-json\/wp\/v2\/product\/26242","targetHints":{"allow":["GET"]}}],"collection":[{"href":"https:\/\/naturalpoland.com\/es\/wp-json\/wp\/v2\/product"}],"about":[{"href":"https:\/\/naturalpoland.com\/es\/wp-json\/wp\/v2\/types\/product"}],"wp:featuredmedia":[{"embeddable":true,"href":"https:\/\/naturalpoland.com\/es\/wp-json\/wp\/v2\/media\/25412"}],"wp:attachment":[{"href":"https:\/\/naturalpoland.com\/es\/wp-json\/wp\/v2\/media?parent=26242"}],"wp:term":[{"taxonomy":"product_brand","embeddable":true,"href":"https:\/\/naturalpoland.com\/es\/wp-json\/wp\/v2\/product_brand?post=26242"},{"taxonomy":"product_cat","embeddable":true,"href":"https:\/\/naturalpoland.com\/es\/wp-json\/wp\/v2\/product_cat?post=26242"},{"taxonomy":"product_tag","embeddable":true,"href":"https:\/\/naturalpoland.com\/es\/wp-json\/wp\/v2\/product_tag?post=26242"}],"curies":[{"name":"wp","href":"https:\/\/api.w.org\/{rel}","templated":true}]}}