{"id":26253,"date":"2023-09-14T15:27:34","date_gmt":"2023-10-03T09:12:23","guid":{"rendered":"https:\/\/naturalpoland.com\/produkty\/sin categor\u00eda\/semillas-para-animales\/"},"modified":"2023-10-03T11:12:23","modified_gmt":"2023-10-03T09:12:23","slug":"semillas","status":"publish","type":"product","link":"https:\/\/naturalpoland.com\/es\/productos\/materias-primas-para-alimentos-de-animales\/semillas\/","title":{"rendered":"Semillas para animales"},"content":{"rendered":"<p><strong>An\u00eds<\/strong> &#8211; Conocido por sus propiedades digestivas, estimula el apetito y facilita la digesti\u00f3n de los animales.<\/p>\n<p><strong>Semillas de alholva<\/strong> &#8211; Estimulan el metabolismo y refuerzan la condici\u00f3n del animal. Tambi\u00e9n disponible en polvo.<\/p>\n<p><strong>Frasco de mijo amarillo<\/strong> &#8211; Rico en prote\u00ednas y minerales, perfecto para que aves y roedores mantengan su salud y energ\u00eda.<\/p>\n<p><strong>Semillas de hinojo<\/strong> &#8211; Favorece el sistema digestivo, adem\u00e1s de tener un efecto antibacteriano.<\/p>\n<p><strong>C\u00e1scaras de semillas de psyllium<\/strong> &#8211; Conocidas por sus propiedades de regulaci\u00f3n intestinal, se a\u00f1aden a los alimentos para mejorar la digesti\u00f3n.<\/p>\n<p><strong>Mazorca de mijo rojo<\/strong> &#8211; Una excelente fuente de prote\u00ednas y hierro, ideal para las aves.<\/p>\n<p><strong>Alcaravea<\/strong> &#8211; Facilita la digesti\u00f3n, tiene un efecto antiinflamatorio y un efecto beneficioso sobre la microflora intestinal de los animales.<\/p>\n<p><strong>Linaza<\/strong> &#8211; Rica en \u00e1cidos grasos omega-3, favorece la salud de la piel y el pelaje y el sistema digestivo.<\/p>\n<p><strong>Semillas de cardo molidas<\/strong> &#8211; Conocidas por sus propiedades hepatoprotectoras, mejoran el estado general del animal.<\/p>\n<p><strong>Inmaculada<\/strong> &#8211; Utilizada en la alimentaci\u00f3n de las aves, favorece su sistema digestivo. Tambi\u00e9n disponible en polvo.<\/p>\n<p><strong>Nigella<\/strong> &#8211; Fuente de \u00e1cidos grasos poliinsaturados, refuerza la inmunidad y mejora el estado de la piel y el pelaje del animal.<\/p>\n<p>Ofrecemos semillas envasadas en bolsas o cajas de cart\u00f3n de 10 a 26 kg, adaptadas a las necesidades individuales de nuestros clientes. Estamos convencidos de que nuestra oferta satisfar\u00e1 las expectativas de los socios comerciales m\u00e1s exigentes. Esperamos tener noticias suyas y trabajar con usted.<\/p>\n","protected":false},"excerpt":{"rendered":"<p>Presentamos una colecci\u00f3n cuidadosamente seleccionada de semillas para la alimentaci\u00f3n animal. Las semillas que ofrecemos proceden de cultivos controlados, lo que garantiza la m\u00e1xima calidad exigida por la industria profesional de animales de compa\u00f1\u00eda.<\/p>\n","protected":false},"featured_media":25399,"template":"","meta":{"_acf_changed":false},"product_brand":[],"product_cat":[2514],"product_tag":[],"class_list":{"0":"post-26253","1":"product","2":"type-product","3":"status-publish","4":"has-post-thumbnail","6":"product_cat-materias-primas-para-alimentos-de-animales","8":"first","9":"instock","10":"shipping-taxable","11":"product-type-simple"},"acf":[],"yoast_head":"<!-- This site is optimized with the Yoast SEO plugin v27.4 - https:\/\/yoast.com\/product\/yoast-seo-wordpress\/ -->\n<title>Semillas para animales - Distribuidor mayorista<\/title>\n<meta name=\"robots\" content=\"index, follow, max-snippet:-1, max-image-preview:large, max-video-preview:-1\" \/>\n<link rel=\"canonical\" href=\"https:\/\/naturalpoland.com\/es\/productos\/materias-primas-para-alimentos-de-animales\/semillas\/\" \/>\n<meta property=\"og:locale\" content=\"es_ES\" \/>\n<meta property=\"og:type\" content=\"article\" \/>\n<meta property=\"og:title\" content=\"Semillas para animales - Distribuidor mayorista\" \/>\n<meta property=\"og:description\" content=\"Presentamos una colecci\u00f3n cuidadosamente seleccionada de semillas para la alimentaci\u00f3n animal. Las semillas que ofrecemos proceden de cultivos controlados, lo que garantiza la m\u00e1xima calidad exigida por la industria profesional de animales de compa\u00f1\u00eda.\" \/>\n<meta property=\"og:url\" content=\"https:\/\/naturalpoland.com\/es\/productos\/materias-primas-para-alimentos-de-animales\/semillas\/\" \/>\n<meta property=\"og:site_name\" content=\"NATURAL POLAND - Distribuidor Mayorista de Materias Primas\" \/>\n<meta property=\"article:publisher\" content=\"https:\/\/www.facebook.com\/naturalpoland.b2b\" \/>\n<meta property=\"og:image\" content=\"https:\/\/naturalpoland.com\/wp-content\/uploads\/nasiona-dla-zwierzat.jpg\" \/>\n\t<meta property=\"og:image:width\" content=\"650\" \/>\n\t<meta property=\"og:image:height\" content=\"650\" \/>\n\t<meta property=\"og:image:type\" content=\"image\/jpeg\" \/>\n<script type=\"application\/ld+json\" class=\"yoast-schema-graph\">{\"@context\":\"https:\\\/\\\/schema.org\",\"@graph\":[{\"@type\":\"WebPage\",\"@id\":\"https:\\\/\\\/naturalpoland.com\\\/es\\\/productos\\\/materias-primas-para-alimentos-de-animales\\\/semillas\\\/\",\"url\":\"https:\\\/\\\/naturalpoland.com\\\/es\\\/productos\\\/materias-primas-para-alimentos-de-animales\\\/semillas\\\/\",\"name\":\"Semillas para animales - Distribuidor mayorista\",\"isPartOf\":{\"@id\":\"https:\\\/\\\/naturalpoland.com\\\/es\\\/#website\"},\"primaryImageOfPage\":{\"@id\":\"https:\\\/\\\/naturalpoland.com\\\/es\\\/productos\\\/materias-primas-para-alimentos-de-animales\\\/semillas\\\/#primaryimage\"},\"image\":{\"@id\":\"https:\\\/\\\/naturalpoland.com\\\/es\\\/productos\\\/materias-primas-para-alimentos-de-animales\\\/semillas\\\/#primaryimage\"},\"thumbnailUrl\":\"https:\\\/\\\/naturalpoland.com\\\/wp-content\\\/uploads\\\/nasiona-dla-zwierzat.jpg\",\"datePublished\":\"2023-10-03T09:12:23+00:00\",\"breadcrumb\":{\"@id\":\"https:\\\/\\\/naturalpoland.com\\\/es\\\/productos\\\/materias-primas-para-alimentos-de-animales\\\/semillas\\\/#breadcrumb\"},\"inLanguage\":\"es\",\"potentialAction\":[{\"@type\":\"ReadAction\",\"target\":[\"https:\\\/\\\/naturalpoland.com\\\/es\\\/productos\\\/materias-primas-para-alimentos-de-animales\\\/semillas\\\/\"]}]},{\"@type\":\"ImageObject\",\"inLanguage\":\"es\",\"@id\":\"https:\\\/\\\/naturalpoland.com\\\/es\\\/productos\\\/materias-primas-para-alimentos-de-animales\\\/semillas\\\/#primaryimage\",\"url\":\"https:\\\/\\\/naturalpoland.com\\\/wp-content\\\/uploads\\\/nasiona-dla-zwierzat.jpg\",\"contentUrl\":\"https:\\\/\\\/naturalpoland.com\\\/wp-content\\\/uploads\\\/nasiona-dla-zwierzat.jpg\",\"width\":650,\"height\":650,\"caption\":\"semillas para animales\"},{\"@type\":\"BreadcrumbList\",\"@id\":\"https:\\\/\\\/naturalpoland.com\\\/es\\\/productos\\\/materias-primas-para-alimentos-de-animales\\\/semillas\\\/#breadcrumb\",\"itemListElement\":[{\"@type\":\"ListItem\",\"position\":1,\"name\":\"Inicio\",\"item\":\"https:\\\/\\\/naturalpoland.com\\\/es\\\/\"},{\"@type\":\"ListItem\",\"position\":2,\"name\":\"Productos\",\"item\":\"https:\\\/\\\/naturalpoland.com\\\/es\\\/productos\\\/\"},{\"@type\":\"ListItem\",\"position\":3,\"name\":\"Semillas para animales\"}]},{\"@type\":\"WebSite\",\"@id\":\"https:\\\/\\\/naturalpoland.com\\\/es\\\/#website\",\"url\":\"https:\\\/\\\/naturalpoland.com\\\/es\\\/\",\"name\":\"NATURAL POLAND - Distribuidor Mayorista de Materias Primas\",\"description\":\"Surowce dla przemys\u0142u spo\u017cywczego, kosmetycznego i farmaceutycznego\",\"publisher\":{\"@id\":\"https:\\\/\\\/naturalpoland.com\\\/es\\\/#organization\"},\"potentialAction\":[{\"@type\":\"SearchAction\",\"target\":{\"@type\":\"EntryPoint\",\"urlTemplate\":\"https:\\\/\\\/naturalpoland.com\\\/es\\\/?s={search_term_string}\"},\"query-input\":{\"@type\":\"PropertyValueSpecification\",\"valueRequired\":true,\"valueName\":\"search_term_string\"}}],\"inLanguage\":\"es\"},{\"@type\":\"Organization\",\"@id\":\"https:\\\/\\\/naturalpoland.com\\\/es\\\/#organization\",\"name\":\"Natural Poland\",\"url\":\"https:\\\/\\\/naturalpoland.com\\\/es\\\/\",\"logo\":{\"@type\":\"ImageObject\",\"inLanguage\":\"es\",\"@id\":\"https:\\\/\\\/naturalpoland.com\\\/es\\\/#\\\/schema\\\/logo\\\/image\\\/\",\"url\":\"https:\\\/\\\/naturalpoland.com\\\/wp-content\\\/uploads\\\/2021\\\/05\\\/natural-poland-icon.png\",\"contentUrl\":\"https:\\\/\\\/naturalpoland.com\\\/wp-content\\\/uploads\\\/2021\\\/05\\\/natural-poland-icon.png\",\"width\":512,\"height\":512,\"caption\":\"Natural Poland\"},\"image\":{\"@id\":\"https:\\\/\\\/naturalpoland.com\\\/es\\\/#\\\/schema\\\/logo\\\/image\\\/\"},\"sameAs\":[\"https:\\\/\\\/www.facebook.com\\\/naturalpoland.b2b\",\"https:\\\/\\\/pl.linkedin.com\\\/company\\\/natural-poland\",\"https:\\\/\\\/www.youtube.com\\\/channel\\\/UCgeGGkvOMahZo-xu_MSEWxg\"]}]}<\/script>\n<!-- \/ Yoast SEO plugin. -->","yoast_head_json":{"title":"Semillas para animales - Distribuidor mayorista","robots":{"index":"index","follow":"follow","max-snippet":"max-snippet:-1","max-image-preview":"max-image-preview:large","max-video-preview":"max-video-preview:-1"},"canonical":"https:\/\/naturalpoland.com\/es\/productos\/materias-primas-para-alimentos-de-animales\/semillas\/","og_locale":"es_ES","og_type":"article","og_title":"Semillas para animales - Distribuidor mayorista","og_description":"Presentamos una colecci\u00f3n cuidadosamente seleccionada de semillas para la alimentaci\u00f3n animal. Las semillas que ofrecemos proceden de cultivos controlados, lo que garantiza la m\u00e1xima calidad exigida por la industria profesional de animales de compa\u00f1\u00eda.","og_url":"https:\/\/naturalpoland.com\/es\/productos\/materias-primas-para-alimentos-de-animales\/semillas\/","og_site_name":"NATURAL POLAND - Distribuidor Mayorista de Materias Primas","article_publisher":"https:\/\/www.facebook.com\/naturalpoland.b2b","og_image":[{"width":650,"height":650,"url":"https:\/\/naturalpoland.com\/wp-content\/uploads\/nasiona-dla-zwierzat.jpg","type":"image\/jpeg"}],"schema":{"@context":"https:\/\/schema.org","@graph":[{"@type":"WebPage","@id":"https:\/\/naturalpoland.com\/es\/productos\/materias-primas-para-alimentos-de-animales\/semillas\/","url":"https:\/\/naturalpoland.com\/es\/productos\/materias-primas-para-alimentos-de-animales\/semillas\/","name":"Semillas para animales - Distribuidor mayorista","isPartOf":{"@id":"https:\/\/naturalpoland.com\/es\/#website"},"primaryImageOfPage":{"@id":"https:\/\/naturalpoland.com\/es\/productos\/materias-primas-para-alimentos-de-animales\/semillas\/#primaryimage"},"image":{"@id":"https:\/\/naturalpoland.com\/es\/productos\/materias-primas-para-alimentos-de-animales\/semillas\/#primaryimage"},"thumbnailUrl":"https:\/\/naturalpoland.com\/wp-content\/uploads\/nasiona-dla-zwierzat.jpg","datePublished":"2023-10-03T09:12:23+00:00","breadcrumb":{"@id":"https:\/\/naturalpoland.com\/es\/productos\/materias-primas-para-alimentos-de-animales\/semillas\/#breadcrumb"},"inLanguage":"es","potentialAction":[{"@type":"ReadAction","target":["https:\/\/naturalpoland.com\/es\/productos\/materias-primas-para-alimentos-de-animales\/semillas\/"]}]},{"@type":"ImageObject","inLanguage":"es","@id":"https:\/\/naturalpoland.com\/es\/productos\/materias-primas-para-alimentos-de-animales\/semillas\/#primaryimage","url":"https:\/\/naturalpoland.com\/wp-content\/uploads\/nasiona-dla-zwierzat.jpg","contentUrl":"https:\/\/naturalpoland.com\/wp-content\/uploads\/nasiona-dla-zwierzat.jpg","width":650,"height":650,"caption":"semillas para animales"},{"@type":"BreadcrumbList","@id":"https:\/\/naturalpoland.com\/es\/productos\/materias-primas-para-alimentos-de-animales\/semillas\/#breadcrumb","itemListElement":[{"@type":"ListItem","position":1,"name":"Inicio","item":"https:\/\/naturalpoland.com\/es\/"},{"@type":"ListItem","position":2,"name":"Productos","item":"https:\/\/naturalpoland.com\/es\/productos\/"},{"@type":"ListItem","position":3,"name":"Semillas para animales"}]},{"@type":"WebSite","@id":"https:\/\/naturalpoland.com\/es\/#website","url":"https:\/\/naturalpoland.com\/es\/","name":"NATURAL POLAND - Distribuidor Mayorista de Materias Primas","description":"Surowce dla przemys\u0142u spo\u017cywczego, kosmetycznego i farmaceutycznego","publisher":{"@id":"https:\/\/naturalpoland.com\/es\/#organization"},"potentialAction":[{"@type":"SearchAction","target":{"@type":"EntryPoint","urlTemplate":"https:\/\/naturalpoland.com\/es\/?s={search_term_string}"},"query-input":{"@type":"PropertyValueSpecification","valueRequired":true,"valueName":"search_term_string"}}],"inLanguage":"es"},{"@type":"Organization","@id":"https:\/\/naturalpoland.com\/es\/#organization","name":"Natural Poland","url":"https:\/\/naturalpoland.com\/es\/","logo":{"@type":"ImageObject","inLanguage":"es","@id":"https:\/\/naturalpoland.com\/es\/#\/schema\/logo\/image\/","url":"https:\/\/naturalpoland.com\/wp-content\/uploads\/2021\/05\/natural-poland-icon.png","contentUrl":"https:\/\/naturalpoland.com\/wp-content\/uploads\/2021\/05\/natural-poland-icon.png","width":512,"height":512,"caption":"Natural Poland"},"image":{"@id":"https:\/\/naturalpoland.com\/es\/#\/schema\/logo\/image\/"},"sameAs":["https:\/\/www.facebook.com\/naturalpoland.b2b","https:\/\/pl.linkedin.com\/company\/natural-poland","https:\/\/www.youtube.com\/channel\/UCgeGGkvOMahZo-xu_MSEWxg"]}]}},"_links":{"self":[{"href":"https:\/\/naturalpoland.com\/es\/wp-json\/wp\/v2\/product\/26253","targetHints":{"allow":["GET"]}}],"collection":[{"href":"https:\/\/naturalpoland.com\/es\/wp-json\/wp\/v2\/product"}],"about":[{"href":"https:\/\/naturalpoland.com\/es\/wp-json\/wp\/v2\/types\/product"}],"wp:featuredmedia":[{"embeddable":true,"href":"https:\/\/naturalpoland.com\/es\/wp-json\/wp\/v2\/media\/25399"}],"wp:attachment":[{"href":"https:\/\/naturalpoland.com\/es\/wp-json\/wp\/v2\/media?parent=26253"}],"wp:term":[{"taxonomy":"product_brand","embeddable":true,"href":"https:\/\/naturalpoland.com\/es\/wp-json\/wp\/v2\/product_brand?post=26253"},{"taxonomy":"product_cat","embeddable":true,"href":"https:\/\/naturalpoland.com\/es\/wp-json\/wp\/v2\/product_cat?post=26253"},{"taxonomy":"product_tag","embeddable":true,"href":"https:\/\/naturalpoland.com\/es\/wp-json\/wp\/v2\/product_tag?post=26253"}],"curies":[{"name":"wp","href":"https:\/\/api.w.org\/{rel}","templated":true}]}}