{"id":26489,"date":"2023-10-06T11:10:38","date_gmt":"2023-10-06T09:28:27","guid":{"rendered":"https:\/\/naturalpoland.com\/produkty\/sin categor\u00eda\/extracto-fermentado-de-yerba-santa\/"},"modified":"2023-10-06T11:28:27","modified_gmt":"2023-10-06T09:28:27","slug":"extracto-fermentado-de-yerba-santa","status":"publish","type":"product","link":"https:\/\/naturalpoland.com\/es\/productos\/productos-para-la-industria-cosmetica\/extractos-fermentados\/extracto-fermentado-de-yerba-santa\/","title":{"rendered":"Extracto fermentado de Yerba Santa"},"content":{"rendered":"<p>Este notable ingrediente es apreciado por su intensa acci\u00f3n hidratante. El extracto fermentado de Yerba Santa ayuda a mantener los niveles \u00f3ptimos de humedad en la piel, evitando la p\u00e9rdida de agua e hidratando intensamente la piel. Esto es clave para mantener una piel sana, radiante y de aspecto joven.<\/p>\n<p>Adem\u00e1s, el extracto de Yerba Santa tiene propiedades antiinflamatorias y calmantes. Tiene un efecto calmante de las irritaciones, reduce las rojeces y favorece los procesos regenerativos de la piel. Sus propiedades \u00fanicas lo convierten en un ingrediente ideal para cosm\u00e9ticos destinados a pieles sensibles, vasculares o propensas a la irritaci\u00f3n.<\/p>\n<p>Gracias al proceso de fermentaci\u00f3n, los compuestos bioactivos contenidos en la Yerba Santa est\u00e1n a\u00fan m\u00e1s concentrados y biodisponibles para la piel, aumentando su eficacia. As\u00ed, el Extracto de Yerba Santa Fermentada no s\u00f3lo es un hidratante intensivo, sino que tambi\u00e9n favorece los mecanismos de defensa naturales de la piel.<\/p>\n<p>El uso de este extracto en productos cosm\u00e9ticos promete un cuidado y una nutrici\u00f3n profundos de la piel, sin la carga de la textura. Es un ingrediente excelente para formular cremas, sueros, mascarillas y otros productos de cuidado de la piel para distintos tipos de piel, especialmente las que necesitan regeneraci\u00f3n y alivio.<\/p>\n<p>Su acci\u00f3n multifac\u00e9tica aporta alivio a la piel, dej\u00e1ndola tersa, suave y totalmente regenerada. El Extracto de Yerba Santa Fermentada es la quintaesencia del lujo y la eficacia en el cuidado de la piel. Introducirlo en sus f\u00f3rmulas cosm\u00e9ticas enriquecer\u00e1 sin duda su oferta y satisfar\u00e1 a los clientes m\u00e1s exigentes.<\/p>\n","protected":false},"excerpt":{"rendered":"<p>El Extracto de Yerba Santa Fermentada (INCI: <em>Extracto de Yerba Santa<\/em>) es un innovador ingrediente cosm\u00e9tico que destaca por sus excepcionales propiedades para el cuidado de la piel. Extra\u00eddo de la planta Yerba Santa, tambi\u00e9n conocida como la \u00abhierba sagrada\u00bb, este extracto exclusivo es rico en compuestos activos \u00fanicos con probados efectos cicatrizantes de la piel.<\/p>\n","protected":false},"featured_media":26488,"template":"","meta":{"_acf_changed":false},"product_brand":[],"product_cat":[2685],"product_tag":[],"class_list":{"0":"post-26489","1":"product","2":"type-product","3":"status-publish","4":"has-post-thumbnail","6":"product_cat-extractos-fermentados","8":"first","9":"instock","10":"shipping-taxable","11":"product-type-simple"},"acf":[],"yoast_head":"<!-- This site is optimized with the Yoast SEO plugin v27.4 - https:\/\/yoast.com\/product\/yoast-seo-wordpress\/ -->\n<title>Extracto fermentado de Yerba Santa - Distribuidor mayorista<\/title>\n<meta name=\"description\" content=\"El Extracto de Yerba Santa Fermentada es un innovador ingrediente cosm\u00e9tico que destaca por sus excepcionales propiedades para el cuidado de la piel.\" \/>\n<meta name=\"robots\" content=\"index, follow, max-snippet:-1, max-image-preview:large, max-video-preview:-1\" \/>\n<link rel=\"canonical\" href=\"https:\/\/naturalpoland.com\/es\/productos\/productos-para-la-industria-cosmetica\/extractos-fermentados\/extracto-fermentado-de-yerba-santa\/\" \/>\n<meta property=\"og:locale\" content=\"es_ES\" \/>\n<meta property=\"og:type\" content=\"article\" \/>\n<meta property=\"og:title\" content=\"Extracto fermentado de Yerba Santa - Distribuidor mayorista\" \/>\n<meta property=\"og:description\" content=\"El Extracto de Yerba Santa Fermentada es un innovador ingrediente cosm\u00e9tico que destaca por sus excepcionales propiedades para el cuidado de la piel.\" \/>\n<meta property=\"og:url\" content=\"https:\/\/naturalpoland.com\/es\/productos\/productos-para-la-industria-cosmetica\/extractos-fermentados\/extracto-fermentado-de-yerba-santa\/\" \/>\n<meta property=\"og:site_name\" content=\"NATURAL POLAND - Distribuidor Mayorista de Materias Primas\" \/>\n<meta property=\"article:publisher\" content=\"https:\/\/www.facebook.com\/naturalpoland.b2b\" \/>\n<meta property=\"og:image\" content=\"https:\/\/naturalpoland.com\/wp-content\/uploads\/fermentowany-ekstrakt-z-yerba-santa.png\" \/>\n\t<meta property=\"og:image:width\" content=\"590\" \/>\n\t<meta property=\"og:image:height\" content=\"590\" \/>\n\t<meta property=\"og:image:type\" content=\"image\/png\" \/>\n<script type=\"application\/ld+json\" class=\"yoast-schema-graph\">{\"@context\":\"https:\\\/\\\/schema.org\",\"@graph\":[{\"@type\":\"WebPage\",\"@id\":\"https:\\\/\\\/naturalpoland.com\\\/es\\\/productos\\\/productos-para-la-industria-cosmetica\\\/extractos-fermentados\\\/extracto-fermentado-de-yerba-santa\\\/\",\"url\":\"https:\\\/\\\/naturalpoland.com\\\/es\\\/productos\\\/productos-para-la-industria-cosmetica\\\/extractos-fermentados\\\/extracto-fermentado-de-yerba-santa\\\/\",\"name\":\"Extracto fermentado de Yerba Santa - Distribuidor mayorista\",\"isPartOf\":{\"@id\":\"https:\\\/\\\/naturalpoland.com\\\/es\\\/#website\"},\"primaryImageOfPage\":{\"@id\":\"https:\\\/\\\/naturalpoland.com\\\/es\\\/productos\\\/productos-para-la-industria-cosmetica\\\/extractos-fermentados\\\/extracto-fermentado-de-yerba-santa\\\/#primaryimage\"},\"image\":{\"@id\":\"https:\\\/\\\/naturalpoland.com\\\/es\\\/productos\\\/productos-para-la-industria-cosmetica\\\/extractos-fermentados\\\/extracto-fermentado-de-yerba-santa\\\/#primaryimage\"},\"thumbnailUrl\":\"https:\\\/\\\/naturalpoland.com\\\/wp-content\\\/uploads\\\/fermentowany-ekstrakt-z-yerba-santa.png\",\"datePublished\":\"2023-10-06T09:28:27+00:00\",\"description\":\"El Extracto de Yerba Santa Fermentada es un innovador ingrediente cosm\u00e9tico que destaca por sus excepcionales propiedades para el cuidado de la piel.\",\"breadcrumb\":{\"@id\":\"https:\\\/\\\/naturalpoland.com\\\/es\\\/productos\\\/productos-para-la-industria-cosmetica\\\/extractos-fermentados\\\/extracto-fermentado-de-yerba-santa\\\/#breadcrumb\"},\"inLanguage\":\"es\",\"potentialAction\":[{\"@type\":\"ReadAction\",\"target\":[\"https:\\\/\\\/naturalpoland.com\\\/es\\\/productos\\\/productos-para-la-industria-cosmetica\\\/extractos-fermentados\\\/extracto-fermentado-de-yerba-santa\\\/\"]}]},{\"@type\":\"ImageObject\",\"inLanguage\":\"es\",\"@id\":\"https:\\\/\\\/naturalpoland.com\\\/es\\\/productos\\\/productos-para-la-industria-cosmetica\\\/extractos-fermentados\\\/extracto-fermentado-de-yerba-santa\\\/#primaryimage\",\"url\":\"https:\\\/\\\/naturalpoland.com\\\/wp-content\\\/uploads\\\/fermentowany-ekstrakt-z-yerba-santa.png\",\"contentUrl\":\"https:\\\/\\\/naturalpoland.com\\\/wp-content\\\/uploads\\\/fermentowany-ekstrakt-z-yerba-santa.png\",\"width\":590,\"height\":590,\"caption\":\"Extracto de Yerba Santa Fermentada\"},{\"@type\":\"BreadcrumbList\",\"@id\":\"https:\\\/\\\/naturalpoland.com\\\/es\\\/productos\\\/productos-para-la-industria-cosmetica\\\/extractos-fermentados\\\/extracto-fermentado-de-yerba-santa\\\/#breadcrumb\",\"itemListElement\":[{\"@type\":\"ListItem\",\"position\":1,\"name\":\"Inicio\",\"item\":\"https:\\\/\\\/naturalpoland.com\\\/es\\\/\"},{\"@type\":\"ListItem\",\"position\":2,\"name\":\"Productos\",\"item\":\"https:\\\/\\\/naturalpoland.com\\\/es\\\/productos\\\/\"},{\"@type\":\"ListItem\",\"position\":3,\"name\":\"Extracto fermentado de Yerba Santa\"}]},{\"@type\":\"WebSite\",\"@id\":\"https:\\\/\\\/naturalpoland.com\\\/es\\\/#website\",\"url\":\"https:\\\/\\\/naturalpoland.com\\\/es\\\/\",\"name\":\"NATURAL POLAND - Distribuidor Mayorista de Materias Primas\",\"description\":\"Surowce dla przemys\u0142u spo\u017cywczego, kosmetycznego i farmaceutycznego\",\"publisher\":{\"@id\":\"https:\\\/\\\/naturalpoland.com\\\/es\\\/#organization\"},\"potentialAction\":[{\"@type\":\"SearchAction\",\"target\":{\"@type\":\"EntryPoint\",\"urlTemplate\":\"https:\\\/\\\/naturalpoland.com\\\/es\\\/?s={search_term_string}\"},\"query-input\":{\"@type\":\"PropertyValueSpecification\",\"valueRequired\":true,\"valueName\":\"search_term_string\"}}],\"inLanguage\":\"es\"},{\"@type\":\"Organization\",\"@id\":\"https:\\\/\\\/naturalpoland.com\\\/es\\\/#organization\",\"name\":\"Natural Poland\",\"url\":\"https:\\\/\\\/naturalpoland.com\\\/es\\\/\",\"logo\":{\"@type\":\"ImageObject\",\"inLanguage\":\"es\",\"@id\":\"https:\\\/\\\/naturalpoland.com\\\/es\\\/#\\\/schema\\\/logo\\\/image\\\/\",\"url\":\"https:\\\/\\\/naturalpoland.com\\\/wp-content\\\/uploads\\\/2021\\\/05\\\/natural-poland-icon.png\",\"contentUrl\":\"https:\\\/\\\/naturalpoland.com\\\/wp-content\\\/uploads\\\/2021\\\/05\\\/natural-poland-icon.png\",\"width\":512,\"height\":512,\"caption\":\"Natural Poland\"},\"image\":{\"@id\":\"https:\\\/\\\/naturalpoland.com\\\/es\\\/#\\\/schema\\\/logo\\\/image\\\/\"},\"sameAs\":[\"https:\\\/\\\/www.facebook.com\\\/naturalpoland.b2b\",\"https:\\\/\\\/pl.linkedin.com\\\/company\\\/natural-poland\",\"https:\\\/\\\/www.youtube.com\\\/channel\\\/UCgeGGkvOMahZo-xu_MSEWxg\"]}]}<\/script>\n<!-- \/ Yoast SEO plugin. -->","yoast_head_json":{"title":"Extracto fermentado de Yerba Santa - Distribuidor mayorista","description":"El Extracto de Yerba Santa Fermentada es un innovador ingrediente cosm\u00e9tico que destaca por sus excepcionales propiedades para el cuidado de la piel.","robots":{"index":"index","follow":"follow","max-snippet":"max-snippet:-1","max-image-preview":"max-image-preview:large","max-video-preview":"max-video-preview:-1"},"canonical":"https:\/\/naturalpoland.com\/es\/productos\/productos-para-la-industria-cosmetica\/extractos-fermentados\/extracto-fermentado-de-yerba-santa\/","og_locale":"es_ES","og_type":"article","og_title":"Extracto fermentado de Yerba Santa - Distribuidor mayorista","og_description":"El Extracto de Yerba Santa Fermentada es un innovador ingrediente cosm\u00e9tico que destaca por sus excepcionales propiedades para el cuidado de la piel.","og_url":"https:\/\/naturalpoland.com\/es\/productos\/productos-para-la-industria-cosmetica\/extractos-fermentados\/extracto-fermentado-de-yerba-santa\/","og_site_name":"NATURAL POLAND - Distribuidor Mayorista de Materias Primas","article_publisher":"https:\/\/www.facebook.com\/naturalpoland.b2b","og_image":[{"width":590,"height":590,"url":"https:\/\/naturalpoland.com\/wp-content\/uploads\/fermentowany-ekstrakt-z-yerba-santa.png","type":"image\/png"}],"schema":{"@context":"https:\/\/schema.org","@graph":[{"@type":"WebPage","@id":"https:\/\/naturalpoland.com\/es\/productos\/productos-para-la-industria-cosmetica\/extractos-fermentados\/extracto-fermentado-de-yerba-santa\/","url":"https:\/\/naturalpoland.com\/es\/productos\/productos-para-la-industria-cosmetica\/extractos-fermentados\/extracto-fermentado-de-yerba-santa\/","name":"Extracto fermentado de Yerba Santa - Distribuidor mayorista","isPartOf":{"@id":"https:\/\/naturalpoland.com\/es\/#website"},"primaryImageOfPage":{"@id":"https:\/\/naturalpoland.com\/es\/productos\/productos-para-la-industria-cosmetica\/extractos-fermentados\/extracto-fermentado-de-yerba-santa\/#primaryimage"},"image":{"@id":"https:\/\/naturalpoland.com\/es\/productos\/productos-para-la-industria-cosmetica\/extractos-fermentados\/extracto-fermentado-de-yerba-santa\/#primaryimage"},"thumbnailUrl":"https:\/\/naturalpoland.com\/wp-content\/uploads\/fermentowany-ekstrakt-z-yerba-santa.png","datePublished":"2023-10-06T09:28:27+00:00","description":"El Extracto de Yerba Santa Fermentada es un innovador ingrediente cosm\u00e9tico que destaca por sus excepcionales propiedades para el cuidado de la piel.","breadcrumb":{"@id":"https:\/\/naturalpoland.com\/es\/productos\/productos-para-la-industria-cosmetica\/extractos-fermentados\/extracto-fermentado-de-yerba-santa\/#breadcrumb"},"inLanguage":"es","potentialAction":[{"@type":"ReadAction","target":["https:\/\/naturalpoland.com\/es\/productos\/productos-para-la-industria-cosmetica\/extractos-fermentados\/extracto-fermentado-de-yerba-santa\/"]}]},{"@type":"ImageObject","inLanguage":"es","@id":"https:\/\/naturalpoland.com\/es\/productos\/productos-para-la-industria-cosmetica\/extractos-fermentados\/extracto-fermentado-de-yerba-santa\/#primaryimage","url":"https:\/\/naturalpoland.com\/wp-content\/uploads\/fermentowany-ekstrakt-z-yerba-santa.png","contentUrl":"https:\/\/naturalpoland.com\/wp-content\/uploads\/fermentowany-ekstrakt-z-yerba-santa.png","width":590,"height":590,"caption":"Extracto de Yerba Santa Fermentada"},{"@type":"BreadcrumbList","@id":"https:\/\/naturalpoland.com\/es\/productos\/productos-para-la-industria-cosmetica\/extractos-fermentados\/extracto-fermentado-de-yerba-santa\/#breadcrumb","itemListElement":[{"@type":"ListItem","position":1,"name":"Inicio","item":"https:\/\/naturalpoland.com\/es\/"},{"@type":"ListItem","position":2,"name":"Productos","item":"https:\/\/naturalpoland.com\/es\/productos\/"},{"@type":"ListItem","position":3,"name":"Extracto fermentado de Yerba Santa"}]},{"@type":"WebSite","@id":"https:\/\/naturalpoland.com\/es\/#website","url":"https:\/\/naturalpoland.com\/es\/","name":"NATURAL POLAND - Distribuidor Mayorista de Materias Primas","description":"Surowce dla przemys\u0142u spo\u017cywczego, kosmetycznego i farmaceutycznego","publisher":{"@id":"https:\/\/naturalpoland.com\/es\/#organization"},"potentialAction":[{"@type":"SearchAction","target":{"@type":"EntryPoint","urlTemplate":"https:\/\/naturalpoland.com\/es\/?s={search_term_string}"},"query-input":{"@type":"PropertyValueSpecification","valueRequired":true,"valueName":"search_term_string"}}],"inLanguage":"es"},{"@type":"Organization","@id":"https:\/\/naturalpoland.com\/es\/#organization","name":"Natural Poland","url":"https:\/\/naturalpoland.com\/es\/","logo":{"@type":"ImageObject","inLanguage":"es","@id":"https:\/\/naturalpoland.com\/es\/#\/schema\/logo\/image\/","url":"https:\/\/naturalpoland.com\/wp-content\/uploads\/2021\/05\/natural-poland-icon.png","contentUrl":"https:\/\/naturalpoland.com\/wp-content\/uploads\/2021\/05\/natural-poland-icon.png","width":512,"height":512,"caption":"Natural Poland"},"image":{"@id":"https:\/\/naturalpoland.com\/es\/#\/schema\/logo\/image\/"},"sameAs":["https:\/\/www.facebook.com\/naturalpoland.b2b","https:\/\/pl.linkedin.com\/company\/natural-poland","https:\/\/www.youtube.com\/channel\/UCgeGGkvOMahZo-xu_MSEWxg"]}]}},"_links":{"self":[{"href":"https:\/\/naturalpoland.com\/es\/wp-json\/wp\/v2\/product\/26489","targetHints":{"allow":["GET"]}}],"collection":[{"href":"https:\/\/naturalpoland.com\/es\/wp-json\/wp\/v2\/product"}],"about":[{"href":"https:\/\/naturalpoland.com\/es\/wp-json\/wp\/v2\/types\/product"}],"wp:featuredmedia":[{"embeddable":true,"href":"https:\/\/naturalpoland.com\/es\/wp-json\/wp\/v2\/media\/26488"}],"wp:attachment":[{"href":"https:\/\/naturalpoland.com\/es\/wp-json\/wp\/v2\/media?parent=26489"}],"wp:term":[{"taxonomy":"product_brand","embeddable":true,"href":"https:\/\/naturalpoland.com\/es\/wp-json\/wp\/v2\/product_brand?post=26489"},{"taxonomy":"product_cat","embeddable":true,"href":"https:\/\/naturalpoland.com\/es\/wp-json\/wp\/v2\/product_cat?post=26489"},{"taxonomy":"product_tag","embeddable":true,"href":"https:\/\/naturalpoland.com\/es\/wp-json\/wp\/v2\/product_tag?post=26489"}],"curies":[{"name":"wp","href":"https:\/\/api.w.org\/{rel}","templated":true}]}}