{"id":26509,"date":"2023-10-06T11:02:17","date_gmt":"2023-10-06T09:02:17","guid":{"rendered":"https:\/\/naturalpoland.com\/produkty\/sin categor\u00eda\/extracto-fermentado-de-rosa-mosqueta\/"},"modified":"2023-10-06T11:28:33","modified_gmt":"2023-10-06T09:28:33","slug":"extracto-de-fruta-fermentada-de-rosa-silvestre","status":"publish","type":"product","link":"https:\/\/naturalpoland.com\/es\/productos\/productos-para-la-industria-cosmetica\/extractos-fermentados\/extracto-de-fruta-fermentada-de-rosa-silvestre\/","title":{"rendered":"Extracto fermentado de rosa mosqueta"},"content":{"rendered":"<p>El extracto de rosa mosqueta es conocido por su alto contenido en vitamina C, un potente antioxidante que protege la piel de los da\u00f1os causados por los radicales libres para conseguir un aspecto joven y radiante. La vitamina C tambi\u00e9n favorece la producci\u00f3n de col\u00e1geno, ayudando a mantener la elasticidad y firmeza de la piel.<\/p>\n<p>El extracto fermentado de rosa silvestre tambi\u00e9n aporta importantes \u00e1cidos grasos que hidratan y regeneran intensamente la piel, ayudando a prevenir la p\u00e9rdida de agua a trav\u00e9s de la epidermis. El resultado es una piel tersa, suave y bien hidratada, unas l\u00edneas y arrugas reducidas y una mejora general de la textura y el tono de la piel.<\/p>\n<p>Sus propiedades iluminadoras y suavizantes lo hacen ideal para su uso en productos destinados a pieles con problemas de pigmentaci\u00f3n, cicatrices de acn\u00e9 u otras imperfecciones. El extracto ayuda a igualar el tono de la piel, mejorando la luminosidad y la vitalidad.<\/p>\n<p>El extracto se recomienda para una amplia gama de productos de cuidado de la piel, como cremas, sueros, mascarillas, t\u00f3nicos y lociones corporales. Sus propiedades vers\u00e1tiles lo convierten en un excelente complemento de las f\u00f3rmulas cosm\u00e9ticas dedicadas a distintos tipos de piel, incluidas las sensibles, maduras o problem\u00e1ticas.<\/p>\n<p>El extracto fermentado de rosa silvestre es el secreto de un cuidado de la piel lujoso y natural que apreciar\u00e1n sus clientes que buscan soluciones cosm\u00e9ticas eficaces, pero seguras y naturales.<\/p>\n","protected":false},"excerpt":{"rendered":"<p>El extracto fermentado de <em>rosa<\/em> silvestre (INCI: <em>Rose Hips Ferment Extract<\/em>) es un ingrediente muy apreciado en la industria cosm\u00e9tica, gracias a sus propiedades \u00fanicas y potentes para el cuidado de la piel. Producido mediante un avanzado proceso de fermentaci\u00f3n de escaramujos, este extracto aporta a la piel una sinergia de ricos nutrientes, vitaminas y antioxidantes.<\/p>\n","protected":false},"featured_media":26462,"template":"","meta":{"_acf_changed":false},"product_brand":[],"product_cat":[2685],"product_tag":[],"class_list":{"0":"post-26509","1":"product","2":"type-product","3":"status-publish","4":"has-post-thumbnail","6":"product_cat-extractos-fermentados","8":"first","9":"instock","10":"shipping-taxable","11":"product-type-simple"},"acf":[],"yoast_head":"<!-- This site is optimized with the Yoast SEO plugin v27.4 - https:\/\/yoast.com\/product\/yoast-seo-wordpress\/ -->\n<title>Extracto fermentado de rosa mosqueta - Distribuidor mayorista<\/title>\n<meta name=\"robots\" content=\"index, follow, max-snippet:-1, max-image-preview:large, max-video-preview:-1\" \/>\n<link rel=\"canonical\" href=\"https:\/\/naturalpoland.com\/es\/productos\/productos-para-la-industria-cosmetica\/extractos-fermentados\/extracto-de-fruta-fermentada-de-rosa-silvestre\/\" \/>\n<meta property=\"og:locale\" content=\"es_ES\" \/>\n<meta property=\"og:type\" content=\"article\" \/>\n<meta property=\"og:title\" content=\"Extracto fermentado de rosa mosqueta - Distribuidor mayorista\" \/>\n<meta property=\"og:description\" content=\"El extracto fermentado de rosa silvestre (INCI: Rose Hips Ferment Extract) es un ingrediente muy apreciado en la industria cosm\u00e9tica, gracias a sus propiedades \u00fanicas y potentes para el cuidado de la piel. Producido mediante un avanzado proceso de fermentaci\u00f3n de escaramujos, este extracto aporta a la piel una sinergia de ricos nutrientes, vitaminas y antioxidantes.\" \/>\n<meta property=\"og:url\" content=\"https:\/\/naturalpoland.com\/es\/productos\/productos-para-la-industria-cosmetica\/extractos-fermentados\/extracto-de-fruta-fermentada-de-rosa-silvestre\/\" \/>\n<meta property=\"og:site_name\" content=\"NATURAL POLAND - Distribuidor Mayorista de Materias Primas\" \/>\n<meta property=\"article:publisher\" content=\"https:\/\/www.facebook.com\/naturalpoland.b2b\" \/>\n<meta property=\"article:modified_time\" content=\"2023-10-06T09:28:33+00:00\" \/>\n<meta property=\"og:image\" content=\"https:\/\/naturalpoland.com\/wp-content\/uploads\/fermentowany-ekstrakt-z-owocow-dzikiej-rozy.png\" \/>\n\t<meta property=\"og:image:width\" content=\"590\" \/>\n\t<meta property=\"og:image:height\" content=\"590\" \/>\n\t<meta property=\"og:image:type\" content=\"image\/png\" \/>\n<script type=\"application\/ld+json\" class=\"yoast-schema-graph\">{\"@context\":\"https:\\\/\\\/schema.org\",\"@graph\":[{\"@type\":\"WebPage\",\"@id\":\"https:\\\/\\\/naturalpoland.com\\\/es\\\/productos\\\/productos-para-la-industria-cosmetica\\\/extractos-fermentados\\\/extracto-de-fruta-fermentada-de-rosa-silvestre\\\/\",\"url\":\"https:\\\/\\\/naturalpoland.com\\\/es\\\/productos\\\/productos-para-la-industria-cosmetica\\\/extractos-fermentados\\\/extracto-de-fruta-fermentada-de-rosa-silvestre\\\/\",\"name\":\"Extracto fermentado de rosa mosqueta - Distribuidor mayorista\",\"isPartOf\":{\"@id\":\"https:\\\/\\\/naturalpoland.com\\\/es\\\/#website\"},\"primaryImageOfPage\":{\"@id\":\"https:\\\/\\\/naturalpoland.com\\\/es\\\/productos\\\/productos-para-la-industria-cosmetica\\\/extractos-fermentados\\\/extracto-de-fruta-fermentada-de-rosa-silvestre\\\/#primaryimage\"},\"image\":{\"@id\":\"https:\\\/\\\/naturalpoland.com\\\/es\\\/productos\\\/productos-para-la-industria-cosmetica\\\/extractos-fermentados\\\/extracto-de-fruta-fermentada-de-rosa-silvestre\\\/#primaryimage\"},\"thumbnailUrl\":\"https:\\\/\\\/naturalpoland.com\\\/wp-content\\\/uploads\\\/fermentowany-ekstrakt-z-owocow-dzikiej-rozy.png\",\"datePublished\":\"2023-10-06T09:02:17+00:00\",\"dateModified\":\"2023-10-06T09:28:33+00:00\",\"breadcrumb\":{\"@id\":\"https:\\\/\\\/naturalpoland.com\\\/es\\\/productos\\\/productos-para-la-industria-cosmetica\\\/extractos-fermentados\\\/extracto-de-fruta-fermentada-de-rosa-silvestre\\\/#breadcrumb\"},\"inLanguage\":\"es\",\"potentialAction\":[{\"@type\":\"ReadAction\",\"target\":[\"https:\\\/\\\/naturalpoland.com\\\/es\\\/productos\\\/productos-para-la-industria-cosmetica\\\/extractos-fermentados\\\/extracto-de-fruta-fermentada-de-rosa-silvestre\\\/\"]}]},{\"@type\":\"ImageObject\",\"inLanguage\":\"es\",\"@id\":\"https:\\\/\\\/naturalpoland.com\\\/es\\\/productos\\\/productos-para-la-industria-cosmetica\\\/extractos-fermentados\\\/extracto-de-fruta-fermentada-de-rosa-silvestre\\\/#primaryimage\",\"url\":\"https:\\\/\\\/naturalpoland.com\\\/wp-content\\\/uploads\\\/fermentowany-ekstrakt-z-owocow-dzikiej-rozy.png\",\"contentUrl\":\"https:\\\/\\\/naturalpoland.com\\\/wp-content\\\/uploads\\\/fermentowany-ekstrakt-z-owocow-dzikiej-rozy.png\",\"width\":590,\"height\":590,\"caption\":\"extracto fermentado de rosa mosqueta\"},{\"@type\":\"BreadcrumbList\",\"@id\":\"https:\\\/\\\/naturalpoland.com\\\/es\\\/productos\\\/productos-para-la-industria-cosmetica\\\/extractos-fermentados\\\/extracto-de-fruta-fermentada-de-rosa-silvestre\\\/#breadcrumb\",\"itemListElement\":[{\"@type\":\"ListItem\",\"position\":1,\"name\":\"Inicio\",\"item\":\"https:\\\/\\\/naturalpoland.com\\\/es\\\/\"},{\"@type\":\"ListItem\",\"position\":2,\"name\":\"Productos\",\"item\":\"https:\\\/\\\/naturalpoland.com\\\/es\\\/productos\\\/\"},{\"@type\":\"ListItem\",\"position\":3,\"name\":\"Extracto fermentado de rosa mosqueta\"}]},{\"@type\":\"WebSite\",\"@id\":\"https:\\\/\\\/naturalpoland.com\\\/es\\\/#website\",\"url\":\"https:\\\/\\\/naturalpoland.com\\\/es\\\/\",\"name\":\"NATURAL POLAND - Distribuidor Mayorista de Materias Primas\",\"description\":\"Surowce dla przemys\u0142u spo\u017cywczego, kosmetycznego i farmaceutycznego\",\"publisher\":{\"@id\":\"https:\\\/\\\/naturalpoland.com\\\/es\\\/#organization\"},\"potentialAction\":[{\"@type\":\"SearchAction\",\"target\":{\"@type\":\"EntryPoint\",\"urlTemplate\":\"https:\\\/\\\/naturalpoland.com\\\/es\\\/?s={search_term_string}\"},\"query-input\":{\"@type\":\"PropertyValueSpecification\",\"valueRequired\":true,\"valueName\":\"search_term_string\"}}],\"inLanguage\":\"es\"},{\"@type\":\"Organization\",\"@id\":\"https:\\\/\\\/naturalpoland.com\\\/es\\\/#organization\",\"name\":\"Natural Poland\",\"url\":\"https:\\\/\\\/naturalpoland.com\\\/es\\\/\",\"logo\":{\"@type\":\"ImageObject\",\"inLanguage\":\"es\",\"@id\":\"https:\\\/\\\/naturalpoland.com\\\/es\\\/#\\\/schema\\\/logo\\\/image\\\/\",\"url\":\"https:\\\/\\\/naturalpoland.com\\\/wp-content\\\/uploads\\\/2021\\\/05\\\/natural-poland-icon.png\",\"contentUrl\":\"https:\\\/\\\/naturalpoland.com\\\/wp-content\\\/uploads\\\/2021\\\/05\\\/natural-poland-icon.png\",\"width\":512,\"height\":512,\"caption\":\"Natural Poland\"},\"image\":{\"@id\":\"https:\\\/\\\/naturalpoland.com\\\/es\\\/#\\\/schema\\\/logo\\\/image\\\/\"},\"sameAs\":[\"https:\\\/\\\/www.facebook.com\\\/naturalpoland.b2b\",\"https:\\\/\\\/pl.linkedin.com\\\/company\\\/natural-poland\",\"https:\\\/\\\/www.youtube.com\\\/channel\\\/UCgeGGkvOMahZo-xu_MSEWxg\"]}]}<\/script>\n<!-- \/ Yoast SEO plugin. -->","yoast_head_json":{"title":"Extracto fermentado de rosa mosqueta - Distribuidor mayorista","robots":{"index":"index","follow":"follow","max-snippet":"max-snippet:-1","max-image-preview":"max-image-preview:large","max-video-preview":"max-video-preview:-1"},"canonical":"https:\/\/naturalpoland.com\/es\/productos\/productos-para-la-industria-cosmetica\/extractos-fermentados\/extracto-de-fruta-fermentada-de-rosa-silvestre\/","og_locale":"es_ES","og_type":"article","og_title":"Extracto fermentado de rosa mosqueta - Distribuidor mayorista","og_description":"El extracto fermentado de rosa silvestre (INCI: Rose Hips Ferment Extract) es un ingrediente muy apreciado en la industria cosm\u00e9tica, gracias a sus propiedades \u00fanicas y potentes para el cuidado de la piel. Producido mediante un avanzado proceso de fermentaci\u00f3n de escaramujos, este extracto aporta a la piel una sinergia de ricos nutrientes, vitaminas y antioxidantes.","og_url":"https:\/\/naturalpoland.com\/es\/productos\/productos-para-la-industria-cosmetica\/extractos-fermentados\/extracto-de-fruta-fermentada-de-rosa-silvestre\/","og_site_name":"NATURAL POLAND - Distribuidor Mayorista de Materias Primas","article_publisher":"https:\/\/www.facebook.com\/naturalpoland.b2b","article_modified_time":"2023-10-06T09:28:33+00:00","og_image":[{"width":590,"height":590,"url":"https:\/\/naturalpoland.com\/wp-content\/uploads\/fermentowany-ekstrakt-z-owocow-dzikiej-rozy.png","type":"image\/png"}],"schema":{"@context":"https:\/\/schema.org","@graph":[{"@type":"WebPage","@id":"https:\/\/naturalpoland.com\/es\/productos\/productos-para-la-industria-cosmetica\/extractos-fermentados\/extracto-de-fruta-fermentada-de-rosa-silvestre\/","url":"https:\/\/naturalpoland.com\/es\/productos\/productos-para-la-industria-cosmetica\/extractos-fermentados\/extracto-de-fruta-fermentada-de-rosa-silvestre\/","name":"Extracto fermentado de rosa mosqueta - Distribuidor mayorista","isPartOf":{"@id":"https:\/\/naturalpoland.com\/es\/#website"},"primaryImageOfPage":{"@id":"https:\/\/naturalpoland.com\/es\/productos\/productos-para-la-industria-cosmetica\/extractos-fermentados\/extracto-de-fruta-fermentada-de-rosa-silvestre\/#primaryimage"},"image":{"@id":"https:\/\/naturalpoland.com\/es\/productos\/productos-para-la-industria-cosmetica\/extractos-fermentados\/extracto-de-fruta-fermentada-de-rosa-silvestre\/#primaryimage"},"thumbnailUrl":"https:\/\/naturalpoland.com\/wp-content\/uploads\/fermentowany-ekstrakt-z-owocow-dzikiej-rozy.png","datePublished":"2023-10-06T09:02:17+00:00","dateModified":"2023-10-06T09:28:33+00:00","breadcrumb":{"@id":"https:\/\/naturalpoland.com\/es\/productos\/productos-para-la-industria-cosmetica\/extractos-fermentados\/extracto-de-fruta-fermentada-de-rosa-silvestre\/#breadcrumb"},"inLanguage":"es","potentialAction":[{"@type":"ReadAction","target":["https:\/\/naturalpoland.com\/es\/productos\/productos-para-la-industria-cosmetica\/extractos-fermentados\/extracto-de-fruta-fermentada-de-rosa-silvestre\/"]}]},{"@type":"ImageObject","inLanguage":"es","@id":"https:\/\/naturalpoland.com\/es\/productos\/productos-para-la-industria-cosmetica\/extractos-fermentados\/extracto-de-fruta-fermentada-de-rosa-silvestre\/#primaryimage","url":"https:\/\/naturalpoland.com\/wp-content\/uploads\/fermentowany-ekstrakt-z-owocow-dzikiej-rozy.png","contentUrl":"https:\/\/naturalpoland.com\/wp-content\/uploads\/fermentowany-ekstrakt-z-owocow-dzikiej-rozy.png","width":590,"height":590,"caption":"extracto fermentado de rosa mosqueta"},{"@type":"BreadcrumbList","@id":"https:\/\/naturalpoland.com\/es\/productos\/productos-para-la-industria-cosmetica\/extractos-fermentados\/extracto-de-fruta-fermentada-de-rosa-silvestre\/#breadcrumb","itemListElement":[{"@type":"ListItem","position":1,"name":"Inicio","item":"https:\/\/naturalpoland.com\/es\/"},{"@type":"ListItem","position":2,"name":"Productos","item":"https:\/\/naturalpoland.com\/es\/productos\/"},{"@type":"ListItem","position":3,"name":"Extracto fermentado de rosa mosqueta"}]},{"@type":"WebSite","@id":"https:\/\/naturalpoland.com\/es\/#website","url":"https:\/\/naturalpoland.com\/es\/","name":"NATURAL POLAND - Distribuidor Mayorista de Materias Primas","description":"Surowce dla przemys\u0142u spo\u017cywczego, kosmetycznego i farmaceutycznego","publisher":{"@id":"https:\/\/naturalpoland.com\/es\/#organization"},"potentialAction":[{"@type":"SearchAction","target":{"@type":"EntryPoint","urlTemplate":"https:\/\/naturalpoland.com\/es\/?s={search_term_string}"},"query-input":{"@type":"PropertyValueSpecification","valueRequired":true,"valueName":"search_term_string"}}],"inLanguage":"es"},{"@type":"Organization","@id":"https:\/\/naturalpoland.com\/es\/#organization","name":"Natural Poland","url":"https:\/\/naturalpoland.com\/es\/","logo":{"@type":"ImageObject","inLanguage":"es","@id":"https:\/\/naturalpoland.com\/es\/#\/schema\/logo\/image\/","url":"https:\/\/naturalpoland.com\/wp-content\/uploads\/2021\/05\/natural-poland-icon.png","contentUrl":"https:\/\/naturalpoland.com\/wp-content\/uploads\/2021\/05\/natural-poland-icon.png","width":512,"height":512,"caption":"Natural Poland"},"image":{"@id":"https:\/\/naturalpoland.com\/es\/#\/schema\/logo\/image\/"},"sameAs":["https:\/\/www.facebook.com\/naturalpoland.b2b","https:\/\/pl.linkedin.com\/company\/natural-poland","https:\/\/www.youtube.com\/channel\/UCgeGGkvOMahZo-xu_MSEWxg"]}]}},"_links":{"self":[{"href":"https:\/\/naturalpoland.com\/es\/wp-json\/wp\/v2\/product\/26509","targetHints":{"allow":["GET"]}}],"collection":[{"href":"https:\/\/naturalpoland.com\/es\/wp-json\/wp\/v2\/product"}],"about":[{"href":"https:\/\/naturalpoland.com\/es\/wp-json\/wp\/v2\/types\/product"}],"wp:featuredmedia":[{"embeddable":true,"href":"https:\/\/naturalpoland.com\/es\/wp-json\/wp\/v2\/media\/26462"}],"wp:attachment":[{"href":"https:\/\/naturalpoland.com\/es\/wp-json\/wp\/v2\/media?parent=26509"}],"wp:term":[{"taxonomy":"product_brand","embeddable":true,"href":"https:\/\/naturalpoland.com\/es\/wp-json\/wp\/v2\/product_brand?post=26509"},{"taxonomy":"product_cat","embeddable":true,"href":"https:\/\/naturalpoland.com\/es\/wp-json\/wp\/v2\/product_cat?post=26509"},{"taxonomy":"product_tag","embeddable":true,"href":"https:\/\/naturalpoland.com\/es\/wp-json\/wp\/v2\/product_tag?post=26509"}],"curies":[{"name":"wp","href":"https:\/\/api.w.org\/{rel}","templated":true}]}}