{"id":26521,"date":"2023-10-06T10:52:50","date_gmt":"2023-10-06T08:52:50","guid":{"rendered":"https:\/\/naturalpoland.com\/produkty\/sin categor\u00eda\/extracto-de-arroz-fermentado\/"},"modified":"2023-10-06T11:28:37","modified_gmt":"2023-10-06T09:28:37","slug":"extracto-de-arroz-fermentado","status":"publish","type":"product","link":"https:\/\/naturalpoland.com\/es\/productos\/productos-para-la-industria-cosmetica\/extractos-fermentados\/extracto-de-arroz-fermentado\/","title":{"rendered":"Extracto de arroz fermentado"},"content":{"rendered":"<p>Gracias a su multitud de nutrientes esenciales, como p\u00e9ptidos, amino\u00e1cidos, vitaminas y minerales, el extracto de arroz ofrece efectos hidratantes y nutritivos intensos. Ayuda a mantener la piel suave, flexible y profundamente hidratada, reduciendo la aparici\u00f3n de l\u00edneas finas y arrugas.<\/p>\n<p>Uno de los ingredientes clave del extracto es <strong>el \u00e1cido fer\u00falico<\/strong>, conocido por su potente acci\u00f3n antioxidante. Ayuda a neutralizar los radicales libres da\u00f1inos, protegiendo la piel del estr\u00e9s oxidativo y de las influencias ambientales que aceleran el envejecimiento, como la contaminaci\u00f3n y la radiaci\u00f3n UV.<\/p>\n<p>El extracto de arroz fermentado tambi\u00e9n es rico en ingredientes iluminadores que ayudan a igualar el tono de la piel, reduciendo las manchas de pigmentaci\u00f3n y las irregularidades. Sus suaves propiedades aclarantes lo hacen ideal para productos dise\u00f1ados para pieles vasculares, con decoloraci\u00f3n o tono desigual.<\/p>\n<p>Las propiedades calmantes \u00fanicas del extracto lo convierten en un ingrediente excelente para los productos dedicados a las pieles sensibles e irritadas. Calma, suaviza y reduce las rojeces, aportando alivio y confort incluso a las pieles m\u00e1s exigentes.<\/p>\n<p>El uso del Extracto de Arroz Fermentado en cosm\u00e9ticos es una garant\u00eda de proporcionar a la piel un cuidado de lujo, hidrataci\u00f3n profunda y regeneraci\u00f3n. Es indispensable en cremas, sueros, mascarillas y otros productos para el cuidado diario de una piel joven y sana.<\/p>\n","protected":false},"excerpt":{"rendered":"<p>El extracto de arroz fermentado (INCI: <em>Rice Ferment Extract<\/em>) es un ingrediente cosm\u00e9tico de lujo, apreciado por sus polifac\u00e9ticos efectos regeneradores y para el cuidado de la piel. Obtenido mediante un proceso de fermentaci\u00f3n de granos de arroz controlado con precisi\u00f3n, este exclusivo extracto es especialmente apreciado en formulaciones cosm\u00e9ticas de alta gama.<\/p>\n","protected":false},"featured_media":26449,"template":"","meta":{"_acf_changed":false},"product_brand":[],"product_cat":[2685],"product_tag":[],"class_list":{"0":"post-26521","1":"product","2":"type-product","3":"status-publish","4":"has-post-thumbnail","6":"product_cat-extractos-fermentados","8":"first","9":"instock","10":"shipping-taxable","11":"product-type-simple"},"acf":[],"yoast_head":"<!-- This site is optimized with the Yoast SEO plugin v27.4 - https:\/\/yoast.com\/product\/yoast-seo-wordpress\/ -->\n<title>Extracto de arroz fermentado - Distribuidor mayorista<\/title>\n<meta name=\"description\" content=\"El extracto de arroz fermentado es un ingrediente cosm\u00e9tico de lujo, apreciado por sus polifac\u00e9ticos efectos regeneradores y para el cuidado de la piel.\" \/>\n<meta name=\"robots\" content=\"index, follow, max-snippet:-1, max-image-preview:large, max-video-preview:-1\" \/>\n<link rel=\"canonical\" href=\"https:\/\/naturalpoland.com\/es\/productos\/productos-para-la-industria-cosmetica\/extractos-fermentados\/extracto-de-arroz-fermentado\/\" \/>\n<meta property=\"og:locale\" content=\"es_ES\" \/>\n<meta property=\"og:type\" content=\"article\" \/>\n<meta property=\"og:title\" content=\"Extracto de arroz fermentado - Distribuidor mayorista\" \/>\n<meta property=\"og:description\" content=\"El extracto de arroz fermentado es un ingrediente cosm\u00e9tico de lujo, apreciado por sus polifac\u00e9ticos efectos regeneradores y para el cuidado de la piel.\" \/>\n<meta property=\"og:url\" content=\"https:\/\/naturalpoland.com\/es\/productos\/productos-para-la-industria-cosmetica\/extractos-fermentados\/extracto-de-arroz-fermentado\/\" \/>\n<meta property=\"og:site_name\" content=\"NATURAL POLAND - Distribuidor Mayorista de Materias Primas\" \/>\n<meta property=\"article:publisher\" content=\"https:\/\/www.facebook.com\/naturalpoland.b2b\" \/>\n<meta property=\"article:modified_time\" content=\"2023-10-06T09:28:37+00:00\" \/>\n<meta property=\"og:image\" content=\"https:\/\/naturalpoland.com\/wp-content\/uploads\/fermentowany-ekstrakt-z-ryzu.png\" \/>\n\t<meta property=\"og:image:width\" content=\"590\" \/>\n\t<meta property=\"og:image:height\" content=\"590\" \/>\n\t<meta property=\"og:image:type\" content=\"image\/png\" \/>\n<script type=\"application\/ld+json\" class=\"yoast-schema-graph\">{\"@context\":\"https:\\\/\\\/schema.org\",\"@graph\":[{\"@type\":\"WebPage\",\"@id\":\"https:\\\/\\\/naturalpoland.com\\\/es\\\/productos\\\/productos-para-la-industria-cosmetica\\\/extractos-fermentados\\\/extracto-de-arroz-fermentado\\\/\",\"url\":\"https:\\\/\\\/naturalpoland.com\\\/es\\\/productos\\\/productos-para-la-industria-cosmetica\\\/extractos-fermentados\\\/extracto-de-arroz-fermentado\\\/\",\"name\":\"Extracto de arroz fermentado - Distribuidor mayorista\",\"isPartOf\":{\"@id\":\"https:\\\/\\\/naturalpoland.com\\\/es\\\/#website\"},\"primaryImageOfPage\":{\"@id\":\"https:\\\/\\\/naturalpoland.com\\\/es\\\/productos\\\/productos-para-la-industria-cosmetica\\\/extractos-fermentados\\\/extracto-de-arroz-fermentado\\\/#primaryimage\"},\"image\":{\"@id\":\"https:\\\/\\\/naturalpoland.com\\\/es\\\/productos\\\/productos-para-la-industria-cosmetica\\\/extractos-fermentados\\\/extracto-de-arroz-fermentado\\\/#primaryimage\"},\"thumbnailUrl\":\"https:\\\/\\\/naturalpoland.com\\\/wp-content\\\/uploads\\\/fermentowany-ekstrakt-z-ryzu.png\",\"datePublished\":\"2023-10-06T08:52:50+00:00\",\"dateModified\":\"2023-10-06T09:28:37+00:00\",\"description\":\"El extracto de arroz fermentado es un ingrediente cosm\u00e9tico de lujo, apreciado por sus polifac\u00e9ticos efectos regeneradores y para el cuidado de la piel.\",\"breadcrumb\":{\"@id\":\"https:\\\/\\\/naturalpoland.com\\\/es\\\/productos\\\/productos-para-la-industria-cosmetica\\\/extractos-fermentados\\\/extracto-de-arroz-fermentado\\\/#breadcrumb\"},\"inLanguage\":\"es\",\"potentialAction\":[{\"@type\":\"ReadAction\",\"target\":[\"https:\\\/\\\/naturalpoland.com\\\/es\\\/productos\\\/productos-para-la-industria-cosmetica\\\/extractos-fermentados\\\/extracto-de-arroz-fermentado\\\/\"]}]},{\"@type\":\"ImageObject\",\"inLanguage\":\"es\",\"@id\":\"https:\\\/\\\/naturalpoland.com\\\/es\\\/productos\\\/productos-para-la-industria-cosmetica\\\/extractos-fermentados\\\/extracto-de-arroz-fermentado\\\/#primaryimage\",\"url\":\"https:\\\/\\\/naturalpoland.com\\\/wp-content\\\/uploads\\\/fermentowany-ekstrakt-z-ryzu.png\",\"contentUrl\":\"https:\\\/\\\/naturalpoland.com\\\/wp-content\\\/uploads\\\/fermentowany-ekstrakt-z-ryzu.png\",\"width\":590,\"height\":590,\"caption\":\"extracto de arroz fermentado\"},{\"@type\":\"BreadcrumbList\",\"@id\":\"https:\\\/\\\/naturalpoland.com\\\/es\\\/productos\\\/productos-para-la-industria-cosmetica\\\/extractos-fermentados\\\/extracto-de-arroz-fermentado\\\/#breadcrumb\",\"itemListElement\":[{\"@type\":\"ListItem\",\"position\":1,\"name\":\"Inicio\",\"item\":\"https:\\\/\\\/naturalpoland.com\\\/es\\\/\"},{\"@type\":\"ListItem\",\"position\":2,\"name\":\"Productos\",\"item\":\"https:\\\/\\\/naturalpoland.com\\\/es\\\/productos\\\/\"},{\"@type\":\"ListItem\",\"position\":3,\"name\":\"Extracto de arroz fermentado\"}]},{\"@type\":\"WebSite\",\"@id\":\"https:\\\/\\\/naturalpoland.com\\\/es\\\/#website\",\"url\":\"https:\\\/\\\/naturalpoland.com\\\/es\\\/\",\"name\":\"NATURAL POLAND - Distribuidor Mayorista de Materias Primas\",\"description\":\"Surowce dla przemys\u0142u spo\u017cywczego, kosmetycznego i farmaceutycznego\",\"publisher\":{\"@id\":\"https:\\\/\\\/naturalpoland.com\\\/es\\\/#organization\"},\"potentialAction\":[{\"@type\":\"SearchAction\",\"target\":{\"@type\":\"EntryPoint\",\"urlTemplate\":\"https:\\\/\\\/naturalpoland.com\\\/es\\\/?s={search_term_string}\"},\"query-input\":{\"@type\":\"PropertyValueSpecification\",\"valueRequired\":true,\"valueName\":\"search_term_string\"}}],\"inLanguage\":\"es\"},{\"@type\":\"Organization\",\"@id\":\"https:\\\/\\\/naturalpoland.com\\\/es\\\/#organization\",\"name\":\"Natural Poland\",\"url\":\"https:\\\/\\\/naturalpoland.com\\\/es\\\/\",\"logo\":{\"@type\":\"ImageObject\",\"inLanguage\":\"es\",\"@id\":\"https:\\\/\\\/naturalpoland.com\\\/es\\\/#\\\/schema\\\/logo\\\/image\\\/\",\"url\":\"https:\\\/\\\/naturalpoland.com\\\/wp-content\\\/uploads\\\/2021\\\/05\\\/natural-poland-icon.png\",\"contentUrl\":\"https:\\\/\\\/naturalpoland.com\\\/wp-content\\\/uploads\\\/2021\\\/05\\\/natural-poland-icon.png\",\"width\":512,\"height\":512,\"caption\":\"Natural Poland\"},\"image\":{\"@id\":\"https:\\\/\\\/naturalpoland.com\\\/es\\\/#\\\/schema\\\/logo\\\/image\\\/\"},\"sameAs\":[\"https:\\\/\\\/www.facebook.com\\\/naturalpoland.b2b\",\"https:\\\/\\\/pl.linkedin.com\\\/company\\\/natural-poland\",\"https:\\\/\\\/www.youtube.com\\\/channel\\\/UCgeGGkvOMahZo-xu_MSEWxg\"]}]}<\/script>\n<!-- \/ Yoast SEO plugin. -->","yoast_head_json":{"title":"Extracto de arroz fermentado - Distribuidor mayorista","description":"El extracto de arroz fermentado es un ingrediente cosm\u00e9tico de lujo, apreciado por sus polifac\u00e9ticos efectos regeneradores y para el cuidado de la piel.","robots":{"index":"index","follow":"follow","max-snippet":"max-snippet:-1","max-image-preview":"max-image-preview:large","max-video-preview":"max-video-preview:-1"},"canonical":"https:\/\/naturalpoland.com\/es\/productos\/productos-para-la-industria-cosmetica\/extractos-fermentados\/extracto-de-arroz-fermentado\/","og_locale":"es_ES","og_type":"article","og_title":"Extracto de arroz fermentado - Distribuidor mayorista","og_description":"El extracto de arroz fermentado es un ingrediente cosm\u00e9tico de lujo, apreciado por sus polifac\u00e9ticos efectos regeneradores y para el cuidado de la piel.","og_url":"https:\/\/naturalpoland.com\/es\/productos\/productos-para-la-industria-cosmetica\/extractos-fermentados\/extracto-de-arroz-fermentado\/","og_site_name":"NATURAL POLAND - Distribuidor Mayorista de Materias Primas","article_publisher":"https:\/\/www.facebook.com\/naturalpoland.b2b","article_modified_time":"2023-10-06T09:28:37+00:00","og_image":[{"width":590,"height":590,"url":"https:\/\/naturalpoland.com\/wp-content\/uploads\/fermentowany-ekstrakt-z-ryzu.png","type":"image\/png"}],"schema":{"@context":"https:\/\/schema.org","@graph":[{"@type":"WebPage","@id":"https:\/\/naturalpoland.com\/es\/productos\/productos-para-la-industria-cosmetica\/extractos-fermentados\/extracto-de-arroz-fermentado\/","url":"https:\/\/naturalpoland.com\/es\/productos\/productos-para-la-industria-cosmetica\/extractos-fermentados\/extracto-de-arroz-fermentado\/","name":"Extracto de arroz fermentado - Distribuidor mayorista","isPartOf":{"@id":"https:\/\/naturalpoland.com\/es\/#website"},"primaryImageOfPage":{"@id":"https:\/\/naturalpoland.com\/es\/productos\/productos-para-la-industria-cosmetica\/extractos-fermentados\/extracto-de-arroz-fermentado\/#primaryimage"},"image":{"@id":"https:\/\/naturalpoland.com\/es\/productos\/productos-para-la-industria-cosmetica\/extractos-fermentados\/extracto-de-arroz-fermentado\/#primaryimage"},"thumbnailUrl":"https:\/\/naturalpoland.com\/wp-content\/uploads\/fermentowany-ekstrakt-z-ryzu.png","datePublished":"2023-10-06T08:52:50+00:00","dateModified":"2023-10-06T09:28:37+00:00","description":"El extracto de arroz fermentado es un ingrediente cosm\u00e9tico de lujo, apreciado por sus polifac\u00e9ticos efectos regeneradores y para el cuidado de la piel.","breadcrumb":{"@id":"https:\/\/naturalpoland.com\/es\/productos\/productos-para-la-industria-cosmetica\/extractos-fermentados\/extracto-de-arroz-fermentado\/#breadcrumb"},"inLanguage":"es","potentialAction":[{"@type":"ReadAction","target":["https:\/\/naturalpoland.com\/es\/productos\/productos-para-la-industria-cosmetica\/extractos-fermentados\/extracto-de-arroz-fermentado\/"]}]},{"@type":"ImageObject","inLanguage":"es","@id":"https:\/\/naturalpoland.com\/es\/productos\/productos-para-la-industria-cosmetica\/extractos-fermentados\/extracto-de-arroz-fermentado\/#primaryimage","url":"https:\/\/naturalpoland.com\/wp-content\/uploads\/fermentowany-ekstrakt-z-ryzu.png","contentUrl":"https:\/\/naturalpoland.com\/wp-content\/uploads\/fermentowany-ekstrakt-z-ryzu.png","width":590,"height":590,"caption":"extracto de arroz fermentado"},{"@type":"BreadcrumbList","@id":"https:\/\/naturalpoland.com\/es\/productos\/productos-para-la-industria-cosmetica\/extractos-fermentados\/extracto-de-arroz-fermentado\/#breadcrumb","itemListElement":[{"@type":"ListItem","position":1,"name":"Inicio","item":"https:\/\/naturalpoland.com\/es\/"},{"@type":"ListItem","position":2,"name":"Productos","item":"https:\/\/naturalpoland.com\/es\/productos\/"},{"@type":"ListItem","position":3,"name":"Extracto de arroz fermentado"}]},{"@type":"WebSite","@id":"https:\/\/naturalpoland.com\/es\/#website","url":"https:\/\/naturalpoland.com\/es\/","name":"NATURAL POLAND - Distribuidor Mayorista de Materias Primas","description":"Surowce dla przemys\u0142u spo\u017cywczego, kosmetycznego i farmaceutycznego","publisher":{"@id":"https:\/\/naturalpoland.com\/es\/#organization"},"potentialAction":[{"@type":"SearchAction","target":{"@type":"EntryPoint","urlTemplate":"https:\/\/naturalpoland.com\/es\/?s={search_term_string}"},"query-input":{"@type":"PropertyValueSpecification","valueRequired":true,"valueName":"search_term_string"}}],"inLanguage":"es"},{"@type":"Organization","@id":"https:\/\/naturalpoland.com\/es\/#organization","name":"Natural Poland","url":"https:\/\/naturalpoland.com\/es\/","logo":{"@type":"ImageObject","inLanguage":"es","@id":"https:\/\/naturalpoland.com\/es\/#\/schema\/logo\/image\/","url":"https:\/\/naturalpoland.com\/wp-content\/uploads\/2021\/05\/natural-poland-icon.png","contentUrl":"https:\/\/naturalpoland.com\/wp-content\/uploads\/2021\/05\/natural-poland-icon.png","width":512,"height":512,"caption":"Natural Poland"},"image":{"@id":"https:\/\/naturalpoland.com\/es\/#\/schema\/logo\/image\/"},"sameAs":["https:\/\/www.facebook.com\/naturalpoland.b2b","https:\/\/pl.linkedin.com\/company\/natural-poland","https:\/\/www.youtube.com\/channel\/UCgeGGkvOMahZo-xu_MSEWxg"]}]}},"_links":{"self":[{"href":"https:\/\/naturalpoland.com\/es\/wp-json\/wp\/v2\/product\/26521","targetHints":{"allow":["GET"]}}],"collection":[{"href":"https:\/\/naturalpoland.com\/es\/wp-json\/wp\/v2\/product"}],"about":[{"href":"https:\/\/naturalpoland.com\/es\/wp-json\/wp\/v2\/types\/product"}],"wp:featuredmedia":[{"embeddable":true,"href":"https:\/\/naturalpoland.com\/es\/wp-json\/wp\/v2\/media\/26449"}],"wp:attachment":[{"href":"https:\/\/naturalpoland.com\/es\/wp-json\/wp\/v2\/media?parent=26521"}],"wp:term":[{"taxonomy":"product_brand","embeddable":true,"href":"https:\/\/naturalpoland.com\/es\/wp-json\/wp\/v2\/product_brand?post=26521"},{"taxonomy":"product_cat","embeddable":true,"href":"https:\/\/naturalpoland.com\/es\/wp-json\/wp\/v2\/product_cat?post=26521"},{"taxonomy":"product_tag","embeddable":true,"href":"https:\/\/naturalpoland.com\/es\/wp-json\/wp\/v2\/product_tag?post=26521"}],"curies":[{"name":"wp","href":"https:\/\/api.w.org\/{rel}","templated":true}]}}