{"id":26568,"date":"2023-10-06T10:28:28","date_gmt":"2023-10-06T09:39:08","guid":{"rendered":"https:\/\/naturalpoland.com\/produkty\/sin categor\u00eda\/extracto-fermentado-de-aciano\/"},"modified":"2023-10-06T11:39:08","modified_gmt":"2023-10-06T09:39:08","slug":"extracto-de-chabra-fermentada","status":"publish","type":"product","link":"https:\/\/naturalpoland.com\/es\/productos\/productos-para-la-industria-cosmetica\/extractos-fermentados\/extracto-de-chabra-fermentada\/","title":{"rendered":"Extracto fermentado de aciano"},"content":{"rendered":"<p>El aciano es conocido y valorado desde hace siglos en <strong><br \/>\n  <a href=\"https:\/\/naturalpoland.com\/artykuly\/produkty-naturalne\/fitochemia-jak-dzialaja-ekstrakty-roslinne\/\">fitocosm\u00e9tica<\/a><br \/>\n<\/strong> compuesto que ostenta fuertes propiedades calmantes y antiinflamatorias. Mediante la fermentaci\u00f3n, sus principios activos, como los flavonoides y las antocianinas, se potencian y se hacen m\u00e1s accesibles a la piel, intensificando el efecto del extracto.<\/p>\n<p>El extracto de aciano fermentado calma la piel, minimizando las rojeces y la irritaci\u00f3n. Esto es crucial para las personas con piel sensible o propensa a las alergias, para las que los efectos calmantes y estabilizadores naturales son inestimables. Este ingrediente tambi\u00e9n se recomienda en cosm\u00e9ticos para despu\u00e9s del sol, donde puede aliviar la piel irritada por el sol.<\/p>\n<p>El extracto tambi\u00e9n es apreciado por sus propiedades reafirmantes e hidratantes. Ayuda a mantener la epidermis correctamente hidratada, lo que es fundamental para su aspecto y funcionamiento saludables. Tambi\u00e9n tiene un efecto positivo en la mejora de la elasticidad y la firmeza de la piel, por lo que es un excelente complemento de los productos antienvejecimiento.<\/p>\n<p>La variedad de usos del extracto de aciano fermentado lo convierte en un ingrediente ideal para diversos preparados cosm\u00e9ticos, como cremas, quesos, mascarillas y t\u00f3nicos. Su acci\u00f3n vers\u00e1til pero muy perceptible lo convierte en un ingrediente deseable en formulaciones cosm\u00e9ticas para pieles sensibles, maduras y necesitadas de regeneraci\u00f3n.<\/p>\n","protected":false},"excerpt":{"rendered":"<p>El extracto fermentado de aciano (INCI: <em>extracto fermentado de aciano<\/em>) es un ingrediente cosm\u00e9tico de \u00e9lite que combina las propiedades tradicionales del <em>aciano<\/em> con una avanzada tecnolog\u00eda de fermentaci\u00f3n. Es un ingrediente adecuado para una amplia gama de productos de cuidado de la piel, que aporta alivio y confort a las pieles sensibles y cansadas.<\/p>\n","protected":false},"featured_media":26397,"template":"","meta":{"_acf_changed":false},"product_brand":[],"product_cat":[2685],"product_tag":[],"class_list":{"0":"post-26568","1":"product","2":"type-product","3":"status-publish","4":"has-post-thumbnail","6":"product_cat-extractos-fermentados","8":"first","9":"instock","10":"shipping-taxable","11":"product-type-simple"},"acf":[],"yoast_head":"<!-- This site is optimized with the Yoast SEO plugin v27.4 - https:\/\/yoast.com\/product\/yoast-seo-wordpress\/ -->\n<title>Extracto fermentado de aciano - Distribuidor mayorista<\/title>\n<meta name=\"description\" content=\"El Extracto Fermentado de Aciano combina las propiedades tradicionales del aciano con una avanzada tecnolog\u00eda de fermentaci\u00f3n.\" \/>\n<meta name=\"robots\" content=\"index, follow, max-snippet:-1, max-image-preview:large, max-video-preview:-1\" \/>\n<link rel=\"canonical\" href=\"https:\/\/naturalpoland.com\/es\/productos\/productos-para-la-industria-cosmetica\/extractos-fermentados\/extracto-de-chabra-fermentada\/\" \/>\n<meta property=\"og:locale\" content=\"es_ES\" \/>\n<meta property=\"og:type\" content=\"article\" \/>\n<meta property=\"og:title\" content=\"Extracto fermentado de aciano - Distribuidor mayorista\" \/>\n<meta property=\"og:description\" content=\"El Extracto Fermentado de Aciano combina las propiedades tradicionales del aciano con una avanzada tecnolog\u00eda de fermentaci\u00f3n.\" \/>\n<meta property=\"og:url\" content=\"https:\/\/naturalpoland.com\/es\/productos\/productos-para-la-industria-cosmetica\/extractos-fermentados\/extracto-de-chabra-fermentada\/\" \/>\n<meta property=\"og:site_name\" content=\"NATURAL POLAND - Distribuidor Mayorista de Materias Primas\" \/>\n<meta property=\"article:publisher\" content=\"https:\/\/www.facebook.com\/naturalpoland.b2b\" \/>\n<meta property=\"og:image\" content=\"https:\/\/naturalpoland.com\/wp-content\/uploads\/fermentowany-ekstrakt-z-chabra-blawatka.png\" \/>\n\t<meta property=\"og:image:width\" content=\"590\" \/>\n\t<meta property=\"og:image:height\" content=\"590\" \/>\n\t<meta property=\"og:image:type\" content=\"image\/png\" \/>\n<script type=\"application\/ld+json\" class=\"yoast-schema-graph\">{\"@context\":\"https:\\\/\\\/schema.org\",\"@graph\":[{\"@type\":\"WebPage\",\"@id\":\"https:\\\/\\\/naturalpoland.com\\\/es\\\/productos\\\/productos-para-la-industria-cosmetica\\\/extractos-fermentados\\\/extracto-de-chabra-fermentada\\\/\",\"url\":\"https:\\\/\\\/naturalpoland.com\\\/es\\\/productos\\\/productos-para-la-industria-cosmetica\\\/extractos-fermentados\\\/extracto-de-chabra-fermentada\\\/\",\"name\":\"Extracto fermentado de aciano - Distribuidor mayorista\",\"isPartOf\":{\"@id\":\"https:\\\/\\\/naturalpoland.com\\\/es\\\/#website\"},\"primaryImageOfPage\":{\"@id\":\"https:\\\/\\\/naturalpoland.com\\\/es\\\/productos\\\/productos-para-la-industria-cosmetica\\\/extractos-fermentados\\\/extracto-de-chabra-fermentada\\\/#primaryimage\"},\"image\":{\"@id\":\"https:\\\/\\\/naturalpoland.com\\\/es\\\/productos\\\/productos-para-la-industria-cosmetica\\\/extractos-fermentados\\\/extracto-de-chabra-fermentada\\\/#primaryimage\"},\"thumbnailUrl\":\"https:\\\/\\\/naturalpoland.com\\\/wp-content\\\/uploads\\\/fermentowany-ekstrakt-z-chabra-blawatka.png\",\"datePublished\":\"2023-10-06T09:39:08+00:00\",\"description\":\"El Extracto Fermentado de Aciano combina las propiedades tradicionales del aciano con una avanzada tecnolog\u00eda de fermentaci\u00f3n.\",\"breadcrumb\":{\"@id\":\"https:\\\/\\\/naturalpoland.com\\\/es\\\/productos\\\/productos-para-la-industria-cosmetica\\\/extractos-fermentados\\\/extracto-de-chabra-fermentada\\\/#breadcrumb\"},\"inLanguage\":\"es\",\"potentialAction\":[{\"@type\":\"ReadAction\",\"target\":[\"https:\\\/\\\/naturalpoland.com\\\/es\\\/productos\\\/productos-para-la-industria-cosmetica\\\/extractos-fermentados\\\/extracto-de-chabra-fermentada\\\/\"]}]},{\"@type\":\"ImageObject\",\"inLanguage\":\"es\",\"@id\":\"https:\\\/\\\/naturalpoland.com\\\/es\\\/productos\\\/productos-para-la-industria-cosmetica\\\/extractos-fermentados\\\/extracto-de-chabra-fermentada\\\/#primaryimage\",\"url\":\"https:\\\/\\\/naturalpoland.com\\\/wp-content\\\/uploads\\\/fermentowany-ekstrakt-z-chabra-blawatka.png\",\"contentUrl\":\"https:\\\/\\\/naturalpoland.com\\\/wp-content\\\/uploads\\\/fermentowany-ekstrakt-z-chabra-blawatka.png\",\"width\":590,\"height\":590,\"caption\":\"extracto fermentado de aciano\"},{\"@type\":\"BreadcrumbList\",\"@id\":\"https:\\\/\\\/naturalpoland.com\\\/es\\\/productos\\\/productos-para-la-industria-cosmetica\\\/extractos-fermentados\\\/extracto-de-chabra-fermentada\\\/#breadcrumb\",\"itemListElement\":[{\"@type\":\"ListItem\",\"position\":1,\"name\":\"Inicio\",\"item\":\"https:\\\/\\\/naturalpoland.com\\\/es\\\/\"},{\"@type\":\"ListItem\",\"position\":2,\"name\":\"Productos\",\"item\":\"https:\\\/\\\/naturalpoland.com\\\/es\\\/productos\\\/\"},{\"@type\":\"ListItem\",\"position\":3,\"name\":\"Extracto fermentado de aciano\"}]},{\"@type\":\"WebSite\",\"@id\":\"https:\\\/\\\/naturalpoland.com\\\/es\\\/#website\",\"url\":\"https:\\\/\\\/naturalpoland.com\\\/es\\\/\",\"name\":\"NATURAL POLAND - Distribuidor Mayorista de Materias Primas\",\"description\":\"Surowce dla przemys\u0142u spo\u017cywczego, kosmetycznego i farmaceutycznego\",\"publisher\":{\"@id\":\"https:\\\/\\\/naturalpoland.com\\\/es\\\/#organization\"},\"potentialAction\":[{\"@type\":\"SearchAction\",\"target\":{\"@type\":\"EntryPoint\",\"urlTemplate\":\"https:\\\/\\\/naturalpoland.com\\\/es\\\/?s={search_term_string}\"},\"query-input\":{\"@type\":\"PropertyValueSpecification\",\"valueRequired\":true,\"valueName\":\"search_term_string\"}}],\"inLanguage\":\"es\"},{\"@type\":\"Organization\",\"@id\":\"https:\\\/\\\/naturalpoland.com\\\/es\\\/#organization\",\"name\":\"Natural Poland\",\"url\":\"https:\\\/\\\/naturalpoland.com\\\/es\\\/\",\"logo\":{\"@type\":\"ImageObject\",\"inLanguage\":\"es\",\"@id\":\"https:\\\/\\\/naturalpoland.com\\\/es\\\/#\\\/schema\\\/logo\\\/image\\\/\",\"url\":\"https:\\\/\\\/naturalpoland.com\\\/wp-content\\\/uploads\\\/2021\\\/05\\\/natural-poland-icon.png\",\"contentUrl\":\"https:\\\/\\\/naturalpoland.com\\\/wp-content\\\/uploads\\\/2021\\\/05\\\/natural-poland-icon.png\",\"width\":512,\"height\":512,\"caption\":\"Natural Poland\"},\"image\":{\"@id\":\"https:\\\/\\\/naturalpoland.com\\\/es\\\/#\\\/schema\\\/logo\\\/image\\\/\"},\"sameAs\":[\"https:\\\/\\\/www.facebook.com\\\/naturalpoland.b2b\",\"https:\\\/\\\/pl.linkedin.com\\\/company\\\/natural-poland\",\"https:\\\/\\\/www.youtube.com\\\/channel\\\/UCgeGGkvOMahZo-xu_MSEWxg\"]}]}<\/script>\n<!-- \/ Yoast SEO plugin. -->","yoast_head_json":{"title":"Extracto fermentado de aciano - Distribuidor mayorista","description":"El Extracto Fermentado de Aciano combina las propiedades tradicionales del aciano con una avanzada tecnolog\u00eda de fermentaci\u00f3n.","robots":{"index":"index","follow":"follow","max-snippet":"max-snippet:-1","max-image-preview":"max-image-preview:large","max-video-preview":"max-video-preview:-1"},"canonical":"https:\/\/naturalpoland.com\/es\/productos\/productos-para-la-industria-cosmetica\/extractos-fermentados\/extracto-de-chabra-fermentada\/","og_locale":"es_ES","og_type":"article","og_title":"Extracto fermentado de aciano - Distribuidor mayorista","og_description":"El Extracto Fermentado de Aciano combina las propiedades tradicionales del aciano con una avanzada tecnolog\u00eda de fermentaci\u00f3n.","og_url":"https:\/\/naturalpoland.com\/es\/productos\/productos-para-la-industria-cosmetica\/extractos-fermentados\/extracto-de-chabra-fermentada\/","og_site_name":"NATURAL POLAND - Distribuidor Mayorista de Materias Primas","article_publisher":"https:\/\/www.facebook.com\/naturalpoland.b2b","og_image":[{"width":590,"height":590,"url":"https:\/\/naturalpoland.com\/wp-content\/uploads\/fermentowany-ekstrakt-z-chabra-blawatka.png","type":"image\/png"}],"schema":{"@context":"https:\/\/schema.org","@graph":[{"@type":"WebPage","@id":"https:\/\/naturalpoland.com\/es\/productos\/productos-para-la-industria-cosmetica\/extractos-fermentados\/extracto-de-chabra-fermentada\/","url":"https:\/\/naturalpoland.com\/es\/productos\/productos-para-la-industria-cosmetica\/extractos-fermentados\/extracto-de-chabra-fermentada\/","name":"Extracto fermentado de aciano - Distribuidor mayorista","isPartOf":{"@id":"https:\/\/naturalpoland.com\/es\/#website"},"primaryImageOfPage":{"@id":"https:\/\/naturalpoland.com\/es\/productos\/productos-para-la-industria-cosmetica\/extractos-fermentados\/extracto-de-chabra-fermentada\/#primaryimage"},"image":{"@id":"https:\/\/naturalpoland.com\/es\/productos\/productos-para-la-industria-cosmetica\/extractos-fermentados\/extracto-de-chabra-fermentada\/#primaryimage"},"thumbnailUrl":"https:\/\/naturalpoland.com\/wp-content\/uploads\/fermentowany-ekstrakt-z-chabra-blawatka.png","datePublished":"2023-10-06T09:39:08+00:00","description":"El Extracto Fermentado de Aciano combina las propiedades tradicionales del aciano con una avanzada tecnolog\u00eda de fermentaci\u00f3n.","breadcrumb":{"@id":"https:\/\/naturalpoland.com\/es\/productos\/productos-para-la-industria-cosmetica\/extractos-fermentados\/extracto-de-chabra-fermentada\/#breadcrumb"},"inLanguage":"es","potentialAction":[{"@type":"ReadAction","target":["https:\/\/naturalpoland.com\/es\/productos\/productos-para-la-industria-cosmetica\/extractos-fermentados\/extracto-de-chabra-fermentada\/"]}]},{"@type":"ImageObject","inLanguage":"es","@id":"https:\/\/naturalpoland.com\/es\/productos\/productos-para-la-industria-cosmetica\/extractos-fermentados\/extracto-de-chabra-fermentada\/#primaryimage","url":"https:\/\/naturalpoland.com\/wp-content\/uploads\/fermentowany-ekstrakt-z-chabra-blawatka.png","contentUrl":"https:\/\/naturalpoland.com\/wp-content\/uploads\/fermentowany-ekstrakt-z-chabra-blawatka.png","width":590,"height":590,"caption":"extracto fermentado de aciano"},{"@type":"BreadcrumbList","@id":"https:\/\/naturalpoland.com\/es\/productos\/productos-para-la-industria-cosmetica\/extractos-fermentados\/extracto-de-chabra-fermentada\/#breadcrumb","itemListElement":[{"@type":"ListItem","position":1,"name":"Inicio","item":"https:\/\/naturalpoland.com\/es\/"},{"@type":"ListItem","position":2,"name":"Productos","item":"https:\/\/naturalpoland.com\/es\/productos\/"},{"@type":"ListItem","position":3,"name":"Extracto fermentado de aciano"}]},{"@type":"WebSite","@id":"https:\/\/naturalpoland.com\/es\/#website","url":"https:\/\/naturalpoland.com\/es\/","name":"NATURAL POLAND - Distribuidor Mayorista de Materias Primas","description":"Surowce dla przemys\u0142u spo\u017cywczego, kosmetycznego i farmaceutycznego","publisher":{"@id":"https:\/\/naturalpoland.com\/es\/#organization"},"potentialAction":[{"@type":"SearchAction","target":{"@type":"EntryPoint","urlTemplate":"https:\/\/naturalpoland.com\/es\/?s={search_term_string}"},"query-input":{"@type":"PropertyValueSpecification","valueRequired":true,"valueName":"search_term_string"}}],"inLanguage":"es"},{"@type":"Organization","@id":"https:\/\/naturalpoland.com\/es\/#organization","name":"Natural Poland","url":"https:\/\/naturalpoland.com\/es\/","logo":{"@type":"ImageObject","inLanguage":"es","@id":"https:\/\/naturalpoland.com\/es\/#\/schema\/logo\/image\/","url":"https:\/\/naturalpoland.com\/wp-content\/uploads\/2021\/05\/natural-poland-icon.png","contentUrl":"https:\/\/naturalpoland.com\/wp-content\/uploads\/2021\/05\/natural-poland-icon.png","width":512,"height":512,"caption":"Natural Poland"},"image":{"@id":"https:\/\/naturalpoland.com\/es\/#\/schema\/logo\/image\/"},"sameAs":["https:\/\/www.facebook.com\/naturalpoland.b2b","https:\/\/pl.linkedin.com\/company\/natural-poland","https:\/\/www.youtube.com\/channel\/UCgeGGkvOMahZo-xu_MSEWxg"]}]}},"_links":{"self":[{"href":"https:\/\/naturalpoland.com\/es\/wp-json\/wp\/v2\/product\/26568","targetHints":{"allow":["GET"]}}],"collection":[{"href":"https:\/\/naturalpoland.com\/es\/wp-json\/wp\/v2\/product"}],"about":[{"href":"https:\/\/naturalpoland.com\/es\/wp-json\/wp\/v2\/types\/product"}],"wp:featuredmedia":[{"embeddable":true,"href":"https:\/\/naturalpoland.com\/es\/wp-json\/wp\/v2\/media\/26397"}],"wp:attachment":[{"href":"https:\/\/naturalpoland.com\/es\/wp-json\/wp\/v2\/media?parent=26568"}],"wp:term":[{"taxonomy":"product_brand","embeddable":true,"href":"https:\/\/naturalpoland.com\/es\/wp-json\/wp\/v2\/product_brand?post=26568"},{"taxonomy":"product_cat","embeddable":true,"href":"https:\/\/naturalpoland.com\/es\/wp-json\/wp\/v2\/product_cat?post=26568"},{"taxonomy":"product_tag","embeddable":true,"href":"https:\/\/naturalpoland.com\/es\/wp-json\/wp\/v2\/product_tag?post=26568"}],"curies":[{"name":"wp","href":"https:\/\/api.w.org\/{rel}","templated":true}]}}