{"id":26590,"date":"2023-10-06T10:14:54","date_gmt":"2023-10-06T09:40:00","guid":{"rendered":"https:\/\/naturalpoland.com\/produkty\/sin categor\u00eda\/extracto-de-bambu-fermentado\/"},"modified":"2023-10-06T11:40:00","modified_gmt":"2023-10-06T09:40:00","slug":"extracto-de-bambu-fermentado","status":"publish","type":"product","link":"https:\/\/naturalpoland.com\/es\/productos\/productos-para-la-industria-cosmetica\/extractos-fermentados\/extracto-de-bambu-fermentado\/","title":{"rendered":"Extracto de bamb\u00fa fermentado"},"content":{"rendered":"<p>El bamb\u00fa es una planta extremadamente rica en s\u00edlice, un mineral clave para mantener la elasticidad y el aspecto saludable de la piel. El s\u00edlice favorece la s\u00edntesis de col\u00e1geno y elastina en el tejido cut\u00e1neo, haciendo que la piel sea m\u00e1s firme, el\u00e1stica y resistente al proceso de envejecimiento. Adem\u00e1s, el extracto de bamb\u00fa hidrata intensamente la piel, evitando la sequedad y la p\u00e9rdida de firmeza.<\/p>\n<p>El proceso de fermentaci\u00f3n al que se somete el extracto aumenta la biodisponibilidad y la actividad de los ingredientes que contiene. Esto facilita la penetraci\u00f3n en las capas m\u00e1s profundas de la piel, garantizando una acci\u00f3n r\u00e1pida y eficaz. El Extracto de Bamb\u00fa Fermentado tambi\u00e9n tiene un efecto desintoxicante, ayudando a la piel a deshacerse de las toxinas e impurezas acumuladas.<\/p>\n<p>En productos cosm\u00e9ticos, el extracto es una soluci\u00f3n excelente para pieles maduras, secas y sensibles, as\u00ed como para pieles que necesitan regeneraci\u00f3n y restauraci\u00f3n. Su acci\u00f3n antioxidante y nutritiva deja la piel radiante, suave y bien hidratada. Es un ingrediente ideal en productos antiedad, hidratantes y regeneradores.<\/p>\n<p>Gracias a su origen natural y a su proceso de abastecimiento \u00e9tico, el Extracto de Bamb\u00fa Fermentado es la elecci\u00f3n perfecta para quienes valoran las soluciones org\u00e1nicas y sostenibles para el cuidado de la piel. Ofrece lo mejor de la naturaleza en una forma de f\u00e1cil absorci\u00f3n y gran eficacia, que responde a las necesidades de las pieles m\u00e1s exigentes.<\/p>\n","protected":false},"excerpt":{"rendered":"<p>El Extracto de <em>Bamb\u00fa<\/em> Fermentado (INCI: <em>Bamboo Ferment Extract<\/em>) es una excelente combinaci\u00f3n de tradici\u00f3n y moderna tecnolog\u00eda cosmetol\u00f3gica. Este valioso ingrediente enriquece los cosm\u00e9ticos aportando a la piel las propiedades nutritivas y regeneradoras \u00fanicas caracter\u00edsticas del bamb\u00fa, potenciadas por el proceso de fermentaci\u00f3n.<\/p>\n","protected":false},"featured_media":26371,"template":"","meta":{"_acf_changed":false},"product_brand":[],"product_cat":[2685],"product_tag":[],"class_list":{"0":"post-26590","1":"product","2":"type-product","3":"status-publish","4":"has-post-thumbnail","6":"product_cat-extractos-fermentados","8":"first","9":"instock","10":"shipping-taxable","11":"product-type-simple"},"acf":[],"yoast_head":"<!-- This site is optimized with the Yoast SEO plugin v27.4 - https:\/\/yoast.com\/product\/yoast-seo-wordpress\/ -->\n<title>Extracto de bamb\u00fa fermentado - Distribuidor mayorista<\/title>\n<meta name=\"description\" content=\"El Extracto de Bamb\u00fa Fermentado (INCI: Bamboo Ferment Extract) es una excelente combinaci\u00f3n de tradici\u00f3n y moderna tecnolog\u00eda cosmetol\u00f3gica.\" \/>\n<meta name=\"robots\" content=\"index, follow, max-snippet:-1, max-image-preview:large, max-video-preview:-1\" \/>\n<link rel=\"canonical\" href=\"https:\/\/naturalpoland.com\/es\/productos\/productos-para-la-industria-cosmetica\/extractos-fermentados\/extracto-de-bambu-fermentado\/\" \/>\n<meta property=\"og:locale\" content=\"es_ES\" \/>\n<meta property=\"og:type\" content=\"article\" \/>\n<meta property=\"og:title\" content=\"Extracto de bamb\u00fa fermentado - Distribuidor mayorista\" \/>\n<meta property=\"og:description\" content=\"El Extracto de Bamb\u00fa Fermentado (INCI: Bamboo Ferment Extract) es una excelente combinaci\u00f3n de tradici\u00f3n y moderna tecnolog\u00eda cosmetol\u00f3gica.\" \/>\n<meta property=\"og:url\" content=\"https:\/\/naturalpoland.com\/es\/productos\/productos-para-la-industria-cosmetica\/extractos-fermentados\/extracto-de-bambu-fermentado\/\" \/>\n<meta property=\"og:site_name\" content=\"NATURAL POLAND - Distribuidor Mayorista de Materias Primas\" \/>\n<meta property=\"article:publisher\" content=\"https:\/\/www.facebook.com\/naturalpoland.b2b\" \/>\n<meta property=\"og:image\" content=\"https:\/\/naturalpoland.com\/wp-content\/uploads\/fermentowany-ekstrakt-z-bambusa.png\" \/>\n\t<meta property=\"og:image:width\" content=\"590\" \/>\n\t<meta property=\"og:image:height\" content=\"590\" \/>\n\t<meta property=\"og:image:type\" content=\"image\/png\" \/>\n<script type=\"application\/ld+json\" class=\"yoast-schema-graph\">{\"@context\":\"https:\\\/\\\/schema.org\",\"@graph\":[{\"@type\":\"WebPage\",\"@id\":\"https:\\\/\\\/naturalpoland.com\\\/es\\\/productos\\\/productos-para-la-industria-cosmetica\\\/extractos-fermentados\\\/extracto-de-bambu-fermentado\\\/\",\"url\":\"https:\\\/\\\/naturalpoland.com\\\/es\\\/productos\\\/productos-para-la-industria-cosmetica\\\/extractos-fermentados\\\/extracto-de-bambu-fermentado\\\/\",\"name\":\"Extracto de bamb\u00fa fermentado - Distribuidor mayorista\",\"isPartOf\":{\"@id\":\"https:\\\/\\\/naturalpoland.com\\\/es\\\/#website\"},\"primaryImageOfPage\":{\"@id\":\"https:\\\/\\\/naturalpoland.com\\\/es\\\/productos\\\/productos-para-la-industria-cosmetica\\\/extractos-fermentados\\\/extracto-de-bambu-fermentado\\\/#primaryimage\"},\"image\":{\"@id\":\"https:\\\/\\\/naturalpoland.com\\\/es\\\/productos\\\/productos-para-la-industria-cosmetica\\\/extractos-fermentados\\\/extracto-de-bambu-fermentado\\\/#primaryimage\"},\"thumbnailUrl\":\"https:\\\/\\\/naturalpoland.com\\\/wp-content\\\/uploads\\\/fermentowany-ekstrakt-z-bambusa.png\",\"datePublished\":\"2023-10-06T09:40:00+00:00\",\"description\":\"El Extracto de Bamb\u00fa Fermentado (INCI: Bamboo Ferment Extract) es una excelente combinaci\u00f3n de tradici\u00f3n y moderna tecnolog\u00eda cosmetol\u00f3gica.\",\"breadcrumb\":{\"@id\":\"https:\\\/\\\/naturalpoland.com\\\/es\\\/productos\\\/productos-para-la-industria-cosmetica\\\/extractos-fermentados\\\/extracto-de-bambu-fermentado\\\/#breadcrumb\"},\"inLanguage\":\"es\",\"potentialAction\":[{\"@type\":\"ReadAction\",\"target\":[\"https:\\\/\\\/naturalpoland.com\\\/es\\\/productos\\\/productos-para-la-industria-cosmetica\\\/extractos-fermentados\\\/extracto-de-bambu-fermentado\\\/\"]}]},{\"@type\":\"ImageObject\",\"inLanguage\":\"es\",\"@id\":\"https:\\\/\\\/naturalpoland.com\\\/es\\\/productos\\\/productos-para-la-industria-cosmetica\\\/extractos-fermentados\\\/extracto-de-bambu-fermentado\\\/#primaryimage\",\"url\":\"https:\\\/\\\/naturalpoland.com\\\/wp-content\\\/uploads\\\/fermentowany-ekstrakt-z-bambusa.png\",\"contentUrl\":\"https:\\\/\\\/naturalpoland.com\\\/wp-content\\\/uploads\\\/fermentowany-ekstrakt-z-bambusa.png\",\"width\":590,\"height\":590,\"caption\":\"extracto de bamb\u00fa fermentado\"},{\"@type\":\"BreadcrumbList\",\"@id\":\"https:\\\/\\\/naturalpoland.com\\\/es\\\/productos\\\/productos-para-la-industria-cosmetica\\\/extractos-fermentados\\\/extracto-de-bambu-fermentado\\\/#breadcrumb\",\"itemListElement\":[{\"@type\":\"ListItem\",\"position\":1,\"name\":\"Inicio\",\"item\":\"https:\\\/\\\/naturalpoland.com\\\/es\\\/\"},{\"@type\":\"ListItem\",\"position\":2,\"name\":\"Productos\",\"item\":\"https:\\\/\\\/naturalpoland.com\\\/es\\\/productos\\\/\"},{\"@type\":\"ListItem\",\"position\":3,\"name\":\"Extracto de bamb\u00fa fermentado\"}]},{\"@type\":\"WebSite\",\"@id\":\"https:\\\/\\\/naturalpoland.com\\\/es\\\/#website\",\"url\":\"https:\\\/\\\/naturalpoland.com\\\/es\\\/\",\"name\":\"NATURAL POLAND - Distribuidor Mayorista de Materias Primas\",\"description\":\"Surowce dla przemys\u0142u spo\u017cywczego, kosmetycznego i farmaceutycznego\",\"publisher\":{\"@id\":\"https:\\\/\\\/naturalpoland.com\\\/es\\\/#organization\"},\"potentialAction\":[{\"@type\":\"SearchAction\",\"target\":{\"@type\":\"EntryPoint\",\"urlTemplate\":\"https:\\\/\\\/naturalpoland.com\\\/es\\\/?s={search_term_string}\"},\"query-input\":{\"@type\":\"PropertyValueSpecification\",\"valueRequired\":true,\"valueName\":\"search_term_string\"}}],\"inLanguage\":\"es\"},{\"@type\":\"Organization\",\"@id\":\"https:\\\/\\\/naturalpoland.com\\\/es\\\/#organization\",\"name\":\"Natural Poland\",\"url\":\"https:\\\/\\\/naturalpoland.com\\\/es\\\/\",\"logo\":{\"@type\":\"ImageObject\",\"inLanguage\":\"es\",\"@id\":\"https:\\\/\\\/naturalpoland.com\\\/es\\\/#\\\/schema\\\/logo\\\/image\\\/\",\"url\":\"https:\\\/\\\/naturalpoland.com\\\/wp-content\\\/uploads\\\/2021\\\/05\\\/natural-poland-icon.png\",\"contentUrl\":\"https:\\\/\\\/naturalpoland.com\\\/wp-content\\\/uploads\\\/2021\\\/05\\\/natural-poland-icon.png\",\"width\":512,\"height\":512,\"caption\":\"Natural Poland\"},\"image\":{\"@id\":\"https:\\\/\\\/naturalpoland.com\\\/es\\\/#\\\/schema\\\/logo\\\/image\\\/\"},\"sameAs\":[\"https:\\\/\\\/www.facebook.com\\\/naturalpoland.b2b\",\"https:\\\/\\\/pl.linkedin.com\\\/company\\\/natural-poland\",\"https:\\\/\\\/www.youtube.com\\\/channel\\\/UCgeGGkvOMahZo-xu_MSEWxg\"]}]}<\/script>\n<!-- \/ Yoast SEO plugin. -->","yoast_head_json":{"title":"Extracto de bamb\u00fa fermentado - Distribuidor mayorista","description":"El Extracto de Bamb\u00fa Fermentado (INCI: Bamboo Ferment Extract) es una excelente combinaci\u00f3n de tradici\u00f3n y moderna tecnolog\u00eda cosmetol\u00f3gica.","robots":{"index":"index","follow":"follow","max-snippet":"max-snippet:-1","max-image-preview":"max-image-preview:large","max-video-preview":"max-video-preview:-1"},"canonical":"https:\/\/naturalpoland.com\/es\/productos\/productos-para-la-industria-cosmetica\/extractos-fermentados\/extracto-de-bambu-fermentado\/","og_locale":"es_ES","og_type":"article","og_title":"Extracto de bamb\u00fa fermentado - Distribuidor mayorista","og_description":"El Extracto de Bamb\u00fa Fermentado (INCI: Bamboo Ferment Extract) es una excelente combinaci\u00f3n de tradici\u00f3n y moderna tecnolog\u00eda cosmetol\u00f3gica.","og_url":"https:\/\/naturalpoland.com\/es\/productos\/productos-para-la-industria-cosmetica\/extractos-fermentados\/extracto-de-bambu-fermentado\/","og_site_name":"NATURAL POLAND - Distribuidor Mayorista de Materias Primas","article_publisher":"https:\/\/www.facebook.com\/naturalpoland.b2b","og_image":[{"width":590,"height":590,"url":"https:\/\/naturalpoland.com\/wp-content\/uploads\/fermentowany-ekstrakt-z-bambusa.png","type":"image\/png"}],"schema":{"@context":"https:\/\/schema.org","@graph":[{"@type":"WebPage","@id":"https:\/\/naturalpoland.com\/es\/productos\/productos-para-la-industria-cosmetica\/extractos-fermentados\/extracto-de-bambu-fermentado\/","url":"https:\/\/naturalpoland.com\/es\/productos\/productos-para-la-industria-cosmetica\/extractos-fermentados\/extracto-de-bambu-fermentado\/","name":"Extracto de bamb\u00fa fermentado - Distribuidor mayorista","isPartOf":{"@id":"https:\/\/naturalpoland.com\/es\/#website"},"primaryImageOfPage":{"@id":"https:\/\/naturalpoland.com\/es\/productos\/productos-para-la-industria-cosmetica\/extractos-fermentados\/extracto-de-bambu-fermentado\/#primaryimage"},"image":{"@id":"https:\/\/naturalpoland.com\/es\/productos\/productos-para-la-industria-cosmetica\/extractos-fermentados\/extracto-de-bambu-fermentado\/#primaryimage"},"thumbnailUrl":"https:\/\/naturalpoland.com\/wp-content\/uploads\/fermentowany-ekstrakt-z-bambusa.png","datePublished":"2023-10-06T09:40:00+00:00","description":"El Extracto de Bamb\u00fa Fermentado (INCI: Bamboo Ferment Extract) es una excelente combinaci\u00f3n de tradici\u00f3n y moderna tecnolog\u00eda cosmetol\u00f3gica.","breadcrumb":{"@id":"https:\/\/naturalpoland.com\/es\/productos\/productos-para-la-industria-cosmetica\/extractos-fermentados\/extracto-de-bambu-fermentado\/#breadcrumb"},"inLanguage":"es","potentialAction":[{"@type":"ReadAction","target":["https:\/\/naturalpoland.com\/es\/productos\/productos-para-la-industria-cosmetica\/extractos-fermentados\/extracto-de-bambu-fermentado\/"]}]},{"@type":"ImageObject","inLanguage":"es","@id":"https:\/\/naturalpoland.com\/es\/productos\/productos-para-la-industria-cosmetica\/extractos-fermentados\/extracto-de-bambu-fermentado\/#primaryimage","url":"https:\/\/naturalpoland.com\/wp-content\/uploads\/fermentowany-ekstrakt-z-bambusa.png","contentUrl":"https:\/\/naturalpoland.com\/wp-content\/uploads\/fermentowany-ekstrakt-z-bambusa.png","width":590,"height":590,"caption":"extracto de bamb\u00fa fermentado"},{"@type":"BreadcrumbList","@id":"https:\/\/naturalpoland.com\/es\/productos\/productos-para-la-industria-cosmetica\/extractos-fermentados\/extracto-de-bambu-fermentado\/#breadcrumb","itemListElement":[{"@type":"ListItem","position":1,"name":"Inicio","item":"https:\/\/naturalpoland.com\/es\/"},{"@type":"ListItem","position":2,"name":"Productos","item":"https:\/\/naturalpoland.com\/es\/productos\/"},{"@type":"ListItem","position":3,"name":"Extracto de bamb\u00fa fermentado"}]},{"@type":"WebSite","@id":"https:\/\/naturalpoland.com\/es\/#website","url":"https:\/\/naturalpoland.com\/es\/","name":"NATURAL POLAND - Distribuidor Mayorista de Materias Primas","description":"Surowce dla przemys\u0142u spo\u017cywczego, kosmetycznego i farmaceutycznego","publisher":{"@id":"https:\/\/naturalpoland.com\/es\/#organization"},"potentialAction":[{"@type":"SearchAction","target":{"@type":"EntryPoint","urlTemplate":"https:\/\/naturalpoland.com\/es\/?s={search_term_string}"},"query-input":{"@type":"PropertyValueSpecification","valueRequired":true,"valueName":"search_term_string"}}],"inLanguage":"es"},{"@type":"Organization","@id":"https:\/\/naturalpoland.com\/es\/#organization","name":"Natural Poland","url":"https:\/\/naturalpoland.com\/es\/","logo":{"@type":"ImageObject","inLanguage":"es","@id":"https:\/\/naturalpoland.com\/es\/#\/schema\/logo\/image\/","url":"https:\/\/naturalpoland.com\/wp-content\/uploads\/2021\/05\/natural-poland-icon.png","contentUrl":"https:\/\/naturalpoland.com\/wp-content\/uploads\/2021\/05\/natural-poland-icon.png","width":512,"height":512,"caption":"Natural Poland"},"image":{"@id":"https:\/\/naturalpoland.com\/es\/#\/schema\/logo\/image\/"},"sameAs":["https:\/\/www.facebook.com\/naturalpoland.b2b","https:\/\/pl.linkedin.com\/company\/natural-poland","https:\/\/www.youtube.com\/channel\/UCgeGGkvOMahZo-xu_MSEWxg"]}]}},"_links":{"self":[{"href":"https:\/\/naturalpoland.com\/es\/wp-json\/wp\/v2\/product\/26590","targetHints":{"allow":["GET"]}}],"collection":[{"href":"https:\/\/naturalpoland.com\/es\/wp-json\/wp\/v2\/product"}],"about":[{"href":"https:\/\/naturalpoland.com\/es\/wp-json\/wp\/v2\/types\/product"}],"wp:featuredmedia":[{"embeddable":true,"href":"https:\/\/naturalpoland.com\/es\/wp-json\/wp\/v2\/media\/26371"}],"wp:attachment":[{"href":"https:\/\/naturalpoland.com\/es\/wp-json\/wp\/v2\/media?parent=26590"}],"wp:term":[{"taxonomy":"product_brand","embeddable":true,"href":"https:\/\/naturalpoland.com\/es\/wp-json\/wp\/v2\/product_brand?post=26590"},{"taxonomy":"product_cat","embeddable":true,"href":"https:\/\/naturalpoland.com\/es\/wp-json\/wp\/v2\/product_cat?post=26590"},{"taxonomy":"product_tag","embeddable":true,"href":"https:\/\/naturalpoland.com\/es\/wp-json\/wp\/v2\/product_tag?post=26590"}],"curies":[{"name":"wp","href":"https:\/\/api.w.org\/{rel}","templated":true}]}}