{"id":26877,"date":"2023-10-17T13:28:14","date_gmt":"2023-10-17T11:28:14","guid":{"rendered":"https:\/\/naturalpoland.com\/produkty\/sin%20categor\u00eda\/nmn-mononucleotido-de-nicotinamida\/"},"modified":"2026-02-09T12:41:44","modified_gmt":"2026-02-09T11:41:44","slug":"nmn-nicotinamida-monononucleotido","status":"publish","type":"product","link":"https:\/\/naturalpoland.com\/es\/productos\/productos-para-la-industria-farmaceutica-y-medica\/aditivos-para-complementos-alimenticios\/nmn-nicotinamida-monononucleotido\/","title":{"rendered":"NMN (Mononucle\u00f3tido de Nicotinamida)"},"content":{"rendered":"<h2>Aplicaci\u00f3n:<\/h2>\n<p>El producto se utiliza en suplementos diet\u00e9ticos modernos orientados a: mejorar el metabolismo, aumentar el nivel de energ\u00eda, apoyar la inmunidad, la prevenci\u00f3n del envejecimiento, la neuroprotecci\u00f3n y la protecci\u00f3n de las c\u00e9lulas contra el estr\u00e9s oxidativo. Tambi\u00e9n puede utilizarse en preparados destinados a la regeneraci\u00f3n del organismo tras el ejercicio f\u00edsico, tratamientos de medicina est\u00e9tica o convalecencia. <\/p>\n<h2>Principales beneficios de la suplementaci\u00f3n con NMN:<\/h2>\n<ol>\n<li><strong>Apoyo al metabolismo<\/strong>: El NAD+ es esencial para muchos procesos metab\u00f3licos, incluido el metabolismo energ\u00e9tico en la mitocondria.<\/li>\n<li><strong>Longevidad<\/strong>: estudios en animales indican que el NMN puede favorecer la longevidad mediante la activaci\u00f3n de ciertas v\u00edas metab\u00f3licas.<\/li>\n<li><strong>Protecci\u00f3n del<\/strong> ADN: El NAD+ es importante en el proceso de reparaci\u00f3n del ADN, y la suplementaci\u00f3n con NMN puede favorecer la capacidad de las c\u00e9lulas para reparar el ADN da\u00f1ado.<\/li>\n<li><strong>Apoyo al sistema nervioso<\/strong>: estudios preliminares sugieren que el NMN puede apoyar las funciones neurol\u00f3gicas y ayudar a proteger contra la degeneraci\u00f3n de las c\u00e9lulas nerviosas.<\/li>\n<li><strong>Aumento de la energ\u00eda<\/strong>: al apoyar la funci\u00f3n mitocondrial, el NMN puede contribuir a aumentar la energ\u00eda general del organismo.<\/li>\n<\/ol>\n<p>&nbsp;<\/p>\n<p>NMN es un suplemento diet\u00e9tico innovador que se centra en el apoyo al envejecimiento saludable y la energ\u00eda celular mediante el apoyo a los niveles de NAD+ en el cuerpo. Ideal para quienes desean mejorar su vitalidad general y conocer los \u00faltimos avances de la investigaci\u00f3n sobre el envejecimiento. <\/p>\n","protected":false},"excerpt":{"rendered":"<p><strong>NMN<\/strong> son las siglas de <strong>Nicotinamida Mononucle\u00f3tido<\/strong>, una mol\u00e9cula clave que se encuentra de forma natural en nuestro organismo y que desempe\u00f1a un papel vital en la producci\u00f3n de NAD+, una coenzima importante en todas las c\u00e9lulas del cuerpo humano. Los niveles de NAD+ disminuyen de forma natural a medida que envejecemos, lo que afecta a diversos procesos bioqu\u00edmicos del organismo. <\/p>\n","protected":false},"featured_media":41402,"template":"","meta":{"_acf_changed":false},"product_brand":[],"product_cat":[1076],"product_tag":[],"class_list":{"0":"post-26877","1":"product","2":"type-product","3":"status-publish","4":"has-post-thumbnail","6":"product_cat-aditivos-para-complementos-alimenticios","8":"first","9":"instock","10":"shipping-taxable","11":"product-type-simple"},"acf":[],"yoast_head":"<!-- This site is optimized with the Yoast SEO plugin v27.4 - https:\/\/yoast.com\/product\/yoast-seo-wordpress\/ -->\n<title>NMN (Mononucle\u00f3tido de Nicotinamida) - Distribuidor mayorista<\/title>\n<meta name=\"description\" content=\"NMN se centra en el apoyo al envejecimiento saludable y la energ\u00eda celular mediante el apoyo a los niveles de NAD+ en el cuerpo.\" \/>\n<meta name=\"robots\" content=\"index, follow, max-snippet:-1, max-image-preview:large, max-video-preview:-1\" \/>\n<link rel=\"canonical\" href=\"https:\/\/naturalpoland.com\/es\/productos\/productos-para-la-industria-farmaceutica-y-medica\/aditivos-para-complementos-alimenticios\/nmn-nicotinamida-monononucleotido\/\" \/>\n<meta property=\"og:locale\" content=\"es_ES\" \/>\n<meta property=\"og:type\" content=\"article\" \/>\n<meta property=\"og:title\" content=\"NMN (Mononucle\u00f3tido de Nicotinamida) - Distribuidor mayorista\" \/>\n<meta property=\"og:description\" content=\"NMN se centra en el apoyo al envejecimiento saludable y la energ\u00eda celular mediante el apoyo a los niveles de NAD+ en el cuerpo.\" \/>\n<meta property=\"og:url\" content=\"https:\/\/naturalpoland.com\/es\/productos\/productos-para-la-industria-farmaceutica-y-medica\/aditivos-para-complementos-alimenticios\/nmn-nicotinamida-monononucleotido\/\" \/>\n<meta property=\"og:site_name\" content=\"NATURAL POLAND - Distribuidor Mayorista de Materias Primas\" \/>\n<meta property=\"article:publisher\" content=\"https:\/\/www.facebook.com\/naturalpoland.b2b\" \/>\n<meta property=\"article:modified_time\" content=\"2026-02-09T11:41:44+00:00\" \/>\n<meta property=\"og:image\" content=\"https:\/\/naturalpoland.com\/wp-content\/uploads\/nmn.webp\" \/>\n\t<meta property=\"og:image:width\" content=\"1024\" \/>\n\t<meta property=\"og:image:height\" content=\"1024\" \/>\n\t<meta property=\"og:image:type\" content=\"image\/webp\" \/>\n<script type=\"application\/ld+json\" class=\"yoast-schema-graph\">{\"@context\":\"https:\\\/\\\/schema.org\",\"@graph\":[{\"@type\":\"WebPage\",\"@id\":\"https:\\\/\\\/naturalpoland.com\\\/es\\\/productos\\\/productos-para-la-industria-farmaceutica-y-medica\\\/aditivos-para-complementos-alimenticios\\\/nmn-nicotinamida-monononucleotido\\\/\",\"url\":\"https:\\\/\\\/naturalpoland.com\\\/es\\\/productos\\\/productos-para-la-industria-farmaceutica-y-medica\\\/aditivos-para-complementos-alimenticios\\\/nmn-nicotinamida-monononucleotido\\\/\",\"name\":\"NMN (Mononucle\u00f3tido de Nicotinamida) - Distribuidor mayorista\",\"isPartOf\":{\"@id\":\"https:\\\/\\\/naturalpoland.com\\\/es\\\/#website\"},\"primaryImageOfPage\":{\"@id\":\"https:\\\/\\\/naturalpoland.com\\\/es\\\/productos\\\/productos-para-la-industria-farmaceutica-y-medica\\\/aditivos-para-complementos-alimenticios\\\/nmn-nicotinamida-monononucleotido\\\/#primaryimage\"},\"image\":{\"@id\":\"https:\\\/\\\/naturalpoland.com\\\/es\\\/productos\\\/productos-para-la-industria-farmaceutica-y-medica\\\/aditivos-para-complementos-alimenticios\\\/nmn-nicotinamida-monononucleotido\\\/#primaryimage\"},\"thumbnailUrl\":\"https:\\\/\\\/naturalpoland.com\\\/wp-content\\\/uploads\\\/nmn.webp\",\"datePublished\":\"2023-10-17T11:28:14+00:00\",\"dateModified\":\"2026-02-09T11:41:44+00:00\",\"description\":\"NMN se centra en el apoyo al envejecimiento saludable y la energ\u00eda celular mediante el apoyo a los niveles de NAD+ en el cuerpo.\",\"breadcrumb\":{\"@id\":\"https:\\\/\\\/naturalpoland.com\\\/es\\\/productos\\\/productos-para-la-industria-farmaceutica-y-medica\\\/aditivos-para-complementos-alimenticios\\\/nmn-nicotinamida-monononucleotido\\\/#breadcrumb\"},\"inLanguage\":\"es\",\"potentialAction\":[{\"@type\":\"ReadAction\",\"target\":[\"https:\\\/\\\/naturalpoland.com\\\/es\\\/productos\\\/productos-para-la-industria-farmaceutica-y-medica\\\/aditivos-para-complementos-alimenticios\\\/nmn-nicotinamida-monononucleotido\\\/\"]}]},{\"@type\":\"ImageObject\",\"inLanguage\":\"es\",\"@id\":\"https:\\\/\\\/naturalpoland.com\\\/es\\\/productos\\\/productos-para-la-industria-farmaceutica-y-medica\\\/aditivos-para-complementos-alimenticios\\\/nmn-nicotinamida-monononucleotido\\\/#primaryimage\",\"url\":\"https:\\\/\\\/naturalpoland.com\\\/wp-content\\\/uploads\\\/nmn.webp\",\"contentUrl\":\"https:\\\/\\\/naturalpoland.com\\\/wp-content\\\/uploads\\\/nmn.webp\",\"width\":1024,\"height\":1024,\"caption\":\"Nicotinamida Mononucle\u00f3tido en polvo\"},{\"@type\":\"BreadcrumbList\",\"@id\":\"https:\\\/\\\/naturalpoland.com\\\/es\\\/productos\\\/productos-para-la-industria-farmaceutica-y-medica\\\/aditivos-para-complementos-alimenticios\\\/nmn-nicotinamida-monononucleotido\\\/#breadcrumb\",\"itemListElement\":[{\"@type\":\"ListItem\",\"position\":1,\"name\":\"Inicio\",\"item\":\"https:\\\/\\\/naturalpoland.com\\\/es\\\/\"},{\"@type\":\"ListItem\",\"position\":2,\"name\":\"Productos\",\"item\":\"https:\\\/\\\/naturalpoland.com\\\/es\\\/productos\\\/\"},{\"@type\":\"ListItem\",\"position\":3,\"name\":\"NMN (Mononucle\u00f3tido de Nicotinamida)\"}]},{\"@type\":\"WebSite\",\"@id\":\"https:\\\/\\\/naturalpoland.com\\\/es\\\/#website\",\"url\":\"https:\\\/\\\/naturalpoland.com\\\/es\\\/\",\"name\":\"NATURAL POLAND - Distribuidor Mayorista de Materias Primas\",\"description\":\"Surowce dla przemys\u0142u spo\u017cywczego, kosmetycznego i farmaceutycznego\",\"publisher\":{\"@id\":\"https:\\\/\\\/naturalpoland.com\\\/es\\\/#organization\"},\"potentialAction\":[{\"@type\":\"SearchAction\",\"target\":{\"@type\":\"EntryPoint\",\"urlTemplate\":\"https:\\\/\\\/naturalpoland.com\\\/es\\\/?s={search_term_string}\"},\"query-input\":{\"@type\":\"PropertyValueSpecification\",\"valueRequired\":true,\"valueName\":\"search_term_string\"}}],\"inLanguage\":\"es\"},{\"@type\":\"Organization\",\"@id\":\"https:\\\/\\\/naturalpoland.com\\\/es\\\/#organization\",\"name\":\"Natural Poland\",\"url\":\"https:\\\/\\\/naturalpoland.com\\\/es\\\/\",\"logo\":{\"@type\":\"ImageObject\",\"inLanguage\":\"es\",\"@id\":\"https:\\\/\\\/naturalpoland.com\\\/es\\\/#\\\/schema\\\/logo\\\/image\\\/\",\"url\":\"https:\\\/\\\/naturalpoland.com\\\/wp-content\\\/uploads\\\/2021\\\/05\\\/natural-poland-icon.png\",\"contentUrl\":\"https:\\\/\\\/naturalpoland.com\\\/wp-content\\\/uploads\\\/2021\\\/05\\\/natural-poland-icon.png\",\"width\":512,\"height\":512,\"caption\":\"Natural Poland\"},\"image\":{\"@id\":\"https:\\\/\\\/naturalpoland.com\\\/es\\\/#\\\/schema\\\/logo\\\/image\\\/\"},\"sameAs\":[\"https:\\\/\\\/www.facebook.com\\\/naturalpoland.b2b\",\"https:\\\/\\\/pl.linkedin.com\\\/company\\\/natural-poland\",\"https:\\\/\\\/www.youtube.com\\\/channel\\\/UCgeGGkvOMahZo-xu_MSEWxg\"]}]}<\/script>\n<!-- \/ Yoast SEO plugin. -->","yoast_head_json":{"title":"NMN (Mononucle\u00f3tido de Nicotinamida) - Distribuidor mayorista","description":"NMN se centra en el apoyo al envejecimiento saludable y la energ\u00eda celular mediante el apoyo a los niveles de NAD+ en el cuerpo.","robots":{"index":"index","follow":"follow","max-snippet":"max-snippet:-1","max-image-preview":"max-image-preview:large","max-video-preview":"max-video-preview:-1"},"canonical":"https:\/\/naturalpoland.com\/es\/productos\/productos-para-la-industria-farmaceutica-y-medica\/aditivos-para-complementos-alimenticios\/nmn-nicotinamida-monononucleotido\/","og_locale":"es_ES","og_type":"article","og_title":"NMN (Mononucle\u00f3tido de Nicotinamida) - Distribuidor mayorista","og_description":"NMN se centra en el apoyo al envejecimiento saludable y la energ\u00eda celular mediante el apoyo a los niveles de NAD+ en el cuerpo.","og_url":"https:\/\/naturalpoland.com\/es\/productos\/productos-para-la-industria-farmaceutica-y-medica\/aditivos-para-complementos-alimenticios\/nmn-nicotinamida-monononucleotido\/","og_site_name":"NATURAL POLAND - Distribuidor Mayorista de Materias Primas","article_publisher":"https:\/\/www.facebook.com\/naturalpoland.b2b","article_modified_time":"2026-02-09T11:41:44+00:00","og_image":[{"width":1024,"height":1024,"url":"https:\/\/naturalpoland.com\/wp-content\/uploads\/nmn.webp","type":"image\/webp"}],"schema":{"@context":"https:\/\/schema.org","@graph":[{"@type":"WebPage","@id":"https:\/\/naturalpoland.com\/es\/productos\/productos-para-la-industria-farmaceutica-y-medica\/aditivos-para-complementos-alimenticios\/nmn-nicotinamida-monononucleotido\/","url":"https:\/\/naturalpoland.com\/es\/productos\/productos-para-la-industria-farmaceutica-y-medica\/aditivos-para-complementos-alimenticios\/nmn-nicotinamida-monononucleotido\/","name":"NMN (Mononucle\u00f3tido de Nicotinamida) - Distribuidor mayorista","isPartOf":{"@id":"https:\/\/naturalpoland.com\/es\/#website"},"primaryImageOfPage":{"@id":"https:\/\/naturalpoland.com\/es\/productos\/productos-para-la-industria-farmaceutica-y-medica\/aditivos-para-complementos-alimenticios\/nmn-nicotinamida-monononucleotido\/#primaryimage"},"image":{"@id":"https:\/\/naturalpoland.com\/es\/productos\/productos-para-la-industria-farmaceutica-y-medica\/aditivos-para-complementos-alimenticios\/nmn-nicotinamida-monononucleotido\/#primaryimage"},"thumbnailUrl":"https:\/\/naturalpoland.com\/wp-content\/uploads\/nmn.webp","datePublished":"2023-10-17T11:28:14+00:00","dateModified":"2026-02-09T11:41:44+00:00","description":"NMN se centra en el apoyo al envejecimiento saludable y la energ\u00eda celular mediante el apoyo a los niveles de NAD+ en el cuerpo.","breadcrumb":{"@id":"https:\/\/naturalpoland.com\/es\/productos\/productos-para-la-industria-farmaceutica-y-medica\/aditivos-para-complementos-alimenticios\/nmn-nicotinamida-monononucleotido\/#breadcrumb"},"inLanguage":"es","potentialAction":[{"@type":"ReadAction","target":["https:\/\/naturalpoland.com\/es\/productos\/productos-para-la-industria-farmaceutica-y-medica\/aditivos-para-complementos-alimenticios\/nmn-nicotinamida-monononucleotido\/"]}]},{"@type":"ImageObject","inLanguage":"es","@id":"https:\/\/naturalpoland.com\/es\/productos\/productos-para-la-industria-farmaceutica-y-medica\/aditivos-para-complementos-alimenticios\/nmn-nicotinamida-monononucleotido\/#primaryimage","url":"https:\/\/naturalpoland.com\/wp-content\/uploads\/nmn.webp","contentUrl":"https:\/\/naturalpoland.com\/wp-content\/uploads\/nmn.webp","width":1024,"height":1024,"caption":"Nicotinamida Mononucle\u00f3tido en polvo"},{"@type":"BreadcrumbList","@id":"https:\/\/naturalpoland.com\/es\/productos\/productos-para-la-industria-farmaceutica-y-medica\/aditivos-para-complementos-alimenticios\/nmn-nicotinamida-monononucleotido\/#breadcrumb","itemListElement":[{"@type":"ListItem","position":1,"name":"Inicio","item":"https:\/\/naturalpoland.com\/es\/"},{"@type":"ListItem","position":2,"name":"Productos","item":"https:\/\/naturalpoland.com\/es\/productos\/"},{"@type":"ListItem","position":3,"name":"NMN (Mononucle\u00f3tido de Nicotinamida)"}]},{"@type":"WebSite","@id":"https:\/\/naturalpoland.com\/es\/#website","url":"https:\/\/naturalpoland.com\/es\/","name":"NATURAL POLAND - Distribuidor Mayorista de Materias Primas","description":"Surowce dla przemys\u0142u spo\u017cywczego, kosmetycznego i farmaceutycznego","publisher":{"@id":"https:\/\/naturalpoland.com\/es\/#organization"},"potentialAction":[{"@type":"SearchAction","target":{"@type":"EntryPoint","urlTemplate":"https:\/\/naturalpoland.com\/es\/?s={search_term_string}"},"query-input":{"@type":"PropertyValueSpecification","valueRequired":true,"valueName":"search_term_string"}}],"inLanguage":"es"},{"@type":"Organization","@id":"https:\/\/naturalpoland.com\/es\/#organization","name":"Natural Poland","url":"https:\/\/naturalpoland.com\/es\/","logo":{"@type":"ImageObject","inLanguage":"es","@id":"https:\/\/naturalpoland.com\/es\/#\/schema\/logo\/image\/","url":"https:\/\/naturalpoland.com\/wp-content\/uploads\/2021\/05\/natural-poland-icon.png","contentUrl":"https:\/\/naturalpoland.com\/wp-content\/uploads\/2021\/05\/natural-poland-icon.png","width":512,"height":512,"caption":"Natural Poland"},"image":{"@id":"https:\/\/naturalpoland.com\/es\/#\/schema\/logo\/image\/"},"sameAs":["https:\/\/www.facebook.com\/naturalpoland.b2b","https:\/\/pl.linkedin.com\/company\/natural-poland","https:\/\/www.youtube.com\/channel\/UCgeGGkvOMahZo-xu_MSEWxg"]}]}},"_links":{"self":[{"href":"https:\/\/naturalpoland.com\/es\/wp-json\/wp\/v2\/product\/26877","targetHints":{"allow":["GET"]}}],"collection":[{"href":"https:\/\/naturalpoland.com\/es\/wp-json\/wp\/v2\/product"}],"about":[{"href":"https:\/\/naturalpoland.com\/es\/wp-json\/wp\/v2\/types\/product"}],"wp:featuredmedia":[{"embeddable":true,"href":"https:\/\/naturalpoland.com\/es\/wp-json\/wp\/v2\/media\/41402"}],"wp:attachment":[{"href":"https:\/\/naturalpoland.com\/es\/wp-json\/wp\/v2\/media?parent=26877"}],"wp:term":[{"taxonomy":"product_brand","embeddable":true,"href":"https:\/\/naturalpoland.com\/es\/wp-json\/wp\/v2\/product_brand?post=26877"},{"taxonomy":"product_cat","embeddable":true,"href":"https:\/\/naturalpoland.com\/es\/wp-json\/wp\/v2\/product_cat?post=26877"},{"taxonomy":"product_tag","embeddable":true,"href":"https:\/\/naturalpoland.com\/es\/wp-json\/wp\/v2\/product_tag?post=26877"}],"curies":[{"name":"wp","href":"https:\/\/api.w.org\/{rel}","templated":true}]}}