{"id":27168,"date":"2023-10-19T10:47:57","date_gmt":"2023-10-26T13:01:52","guid":{"rendered":"https:\/\/naturalpoland.com\/produkty\/sin categor\u00eda\/glucosa-oxidasa\/"},"modified":"2023-10-26T15:01:52","modified_gmt":"2023-10-26T13:01:52","slug":"glucosa-oxidasa","status":"publish","type":"product","link":"https:\/\/naturalpoland.com\/es\/productos\/productos-para-la-industria-alimentaria\/enzimas\/de-panaderia\/glucosa-oxidasa\/","title":{"rendered":"Glucosa oxidasa"},"content":{"rendered":"<p><strong>Glucosa oxidasa:<\/strong><\/p>\n<ul>\n<li>Oxida la \u03b2-D-glucopiranosa a \u00e1cido gluc\u00f3nico y per\u00f3xido de hidr\u00f3geno,<\/li>\n<li>Agrega prote\u00ednas formadoras de gluten por oxidaci\u00f3n de grupos sulfhidrilo (-SH) a un enlace disulfuro (S-S),<\/li>\n<li>Aumenta la capacidad de retenci\u00f3n de gas de la masa.<\/li>\n<\/ul>\n","protected":false},"excerpt":{"rendered":"<p>La glucosa oxidasa es una enzima de origen natural que cataliza la oxidaci\u00f3n de la glucosa en \u00e1cido gluc\u00f3nico e hidr\u00f3geno perox\u00eddico. Debido a su capacidad \u00fanica para convertir la glucosa, la glucosa oxidasa ha encontrado una amplia aplicaci\u00f3n en muchas industrias, incluida la panadera.<\/p>\n","protected":false},"featured_media":27520,"template":"","meta":{"_acf_changed":false},"product_brand":[],"product_cat":[2720],"product_tag":[],"class_list":{"0":"post-27168","1":"product","2":"type-product","3":"status-publish","4":"has-post-thumbnail","6":"product_cat-de-panaderia","8":"first","9":"instock","10":"shipping-taxable","11":"product-type-simple"},"acf":[],"yoast_head":"<!-- This site is optimized with the Yoast SEO plugin v27.4 - https:\/\/yoast.com\/product\/yoast-seo-wordpress\/ -->\n<title>Glucosa oxidasa - Distribuidor mayorista<\/title>\n<meta name=\"description\" content=\"La glucosa oxidasa es una enzima de origen natural que cataliza la oxidaci\u00f3n de la glucosa en \u00e1cido gluc\u00f3nico e hidr\u00f3geno perox\u00eddico.\" \/>\n<meta name=\"robots\" content=\"index, follow, max-snippet:-1, max-image-preview:large, max-video-preview:-1\" \/>\n<link rel=\"canonical\" href=\"https:\/\/naturalpoland.com\/es\/productos\/productos-para-la-industria-alimentaria\/enzimas\/de-panaderia\/glucosa-oxidasa\/\" \/>\n<meta property=\"og:locale\" content=\"es_ES\" \/>\n<meta property=\"og:type\" content=\"article\" \/>\n<meta property=\"og:title\" content=\"Glucosa oxidasa - Distribuidor mayorista\" \/>\n<meta property=\"og:description\" content=\"La glucosa oxidasa es una enzima de origen natural que cataliza la oxidaci\u00f3n de la glucosa en \u00e1cido gluc\u00f3nico e hidr\u00f3geno perox\u00eddico.\" \/>\n<meta property=\"og:url\" content=\"https:\/\/naturalpoland.com\/es\/productos\/productos-para-la-industria-alimentaria\/enzimas\/de-panaderia\/glucosa-oxidasa\/\" \/>\n<meta property=\"og:site_name\" content=\"NATURAL POLAND - Distribuidor Mayorista de Materias Primas\" \/>\n<meta property=\"article:publisher\" content=\"https:\/\/www.facebook.com\/naturalpoland.b2b\" \/>\n<meta property=\"og:image\" content=\"https:\/\/naturalpoland.com\/wp-content\/uploads\/oksydaza-glukozowa.jpg\" \/>\n\t<meta property=\"og:image:width\" content=\"650\" \/>\n\t<meta property=\"og:image:height\" content=\"650\" \/>\n\t<meta property=\"og:image:type\" content=\"image\/jpeg\" \/>\n<script type=\"application\/ld+json\" class=\"yoast-schema-graph\">{\"@context\":\"https:\\\/\\\/schema.org\",\"@graph\":[{\"@type\":\"WebPage\",\"@id\":\"https:\\\/\\\/naturalpoland.com\\\/es\\\/productos\\\/productos-para-la-industria-alimentaria\\\/enzimas\\\/de-panaderia\\\/glucosa-oxidasa\\\/\",\"url\":\"https:\\\/\\\/naturalpoland.com\\\/es\\\/productos\\\/productos-para-la-industria-alimentaria\\\/enzimas\\\/de-panaderia\\\/glucosa-oxidasa\\\/\",\"name\":\"Glucosa oxidasa - Distribuidor mayorista\",\"isPartOf\":{\"@id\":\"https:\\\/\\\/naturalpoland.com\\\/es\\\/#website\"},\"primaryImageOfPage\":{\"@id\":\"https:\\\/\\\/naturalpoland.com\\\/es\\\/productos\\\/productos-para-la-industria-alimentaria\\\/enzimas\\\/de-panaderia\\\/glucosa-oxidasa\\\/#primaryimage\"},\"image\":{\"@id\":\"https:\\\/\\\/naturalpoland.com\\\/es\\\/productos\\\/productos-para-la-industria-alimentaria\\\/enzimas\\\/de-panaderia\\\/glucosa-oxidasa\\\/#primaryimage\"},\"thumbnailUrl\":\"https:\\\/\\\/naturalpoland.com\\\/wp-content\\\/uploads\\\/oksydaza-glukozowa.jpg\",\"datePublished\":\"2023-10-26T13:01:52+00:00\",\"description\":\"La glucosa oxidasa es una enzima de origen natural que cataliza la oxidaci\u00f3n de la glucosa en \u00e1cido gluc\u00f3nico e hidr\u00f3geno perox\u00eddico.\",\"breadcrumb\":{\"@id\":\"https:\\\/\\\/naturalpoland.com\\\/es\\\/productos\\\/productos-para-la-industria-alimentaria\\\/enzimas\\\/de-panaderia\\\/glucosa-oxidasa\\\/#breadcrumb\"},\"inLanguage\":\"es\",\"potentialAction\":[{\"@type\":\"ReadAction\",\"target\":[\"https:\\\/\\\/naturalpoland.com\\\/es\\\/productos\\\/productos-para-la-industria-alimentaria\\\/enzimas\\\/de-panaderia\\\/glucosa-oxidasa\\\/\"]}]},{\"@type\":\"ImageObject\",\"inLanguage\":\"es\",\"@id\":\"https:\\\/\\\/naturalpoland.com\\\/es\\\/productos\\\/productos-para-la-industria-alimentaria\\\/enzimas\\\/de-panaderia\\\/glucosa-oxidasa\\\/#primaryimage\",\"url\":\"https:\\\/\\\/naturalpoland.com\\\/wp-content\\\/uploads\\\/oksydaza-glukozowa.jpg\",\"contentUrl\":\"https:\\\/\\\/naturalpoland.com\\\/wp-content\\\/uploads\\\/oksydaza-glukozowa.jpg\",\"width\":650,\"height\":650,\"caption\":\"oksydaza glukozowa\"},{\"@type\":\"BreadcrumbList\",\"@id\":\"https:\\\/\\\/naturalpoland.com\\\/es\\\/productos\\\/productos-para-la-industria-alimentaria\\\/enzimas\\\/de-panaderia\\\/glucosa-oxidasa\\\/#breadcrumb\",\"itemListElement\":[{\"@type\":\"ListItem\",\"position\":1,\"name\":\"Inicio\",\"item\":\"https:\\\/\\\/naturalpoland.com\\\/es\\\/\"},{\"@type\":\"ListItem\",\"position\":2,\"name\":\"Productos\",\"item\":\"https:\\\/\\\/naturalpoland.com\\\/es\\\/productos\\\/\"},{\"@type\":\"ListItem\",\"position\":3,\"name\":\"Glucosa oxidasa\"}]},{\"@type\":\"WebSite\",\"@id\":\"https:\\\/\\\/naturalpoland.com\\\/es\\\/#website\",\"url\":\"https:\\\/\\\/naturalpoland.com\\\/es\\\/\",\"name\":\"NATURAL POLAND - Distribuidor Mayorista de Materias Primas\",\"description\":\"Surowce dla przemys\u0142u spo\u017cywczego, kosmetycznego i farmaceutycznego\",\"publisher\":{\"@id\":\"https:\\\/\\\/naturalpoland.com\\\/es\\\/#organization\"},\"potentialAction\":[{\"@type\":\"SearchAction\",\"target\":{\"@type\":\"EntryPoint\",\"urlTemplate\":\"https:\\\/\\\/naturalpoland.com\\\/es\\\/?s={search_term_string}\"},\"query-input\":{\"@type\":\"PropertyValueSpecification\",\"valueRequired\":true,\"valueName\":\"search_term_string\"}}],\"inLanguage\":\"es\"},{\"@type\":\"Organization\",\"@id\":\"https:\\\/\\\/naturalpoland.com\\\/es\\\/#organization\",\"name\":\"Natural Poland\",\"url\":\"https:\\\/\\\/naturalpoland.com\\\/es\\\/\",\"logo\":{\"@type\":\"ImageObject\",\"inLanguage\":\"es\",\"@id\":\"https:\\\/\\\/naturalpoland.com\\\/es\\\/#\\\/schema\\\/logo\\\/image\\\/\",\"url\":\"https:\\\/\\\/naturalpoland.com\\\/wp-content\\\/uploads\\\/2021\\\/05\\\/natural-poland-icon.png\",\"contentUrl\":\"https:\\\/\\\/naturalpoland.com\\\/wp-content\\\/uploads\\\/2021\\\/05\\\/natural-poland-icon.png\",\"width\":512,\"height\":512,\"caption\":\"Natural Poland\"},\"image\":{\"@id\":\"https:\\\/\\\/naturalpoland.com\\\/es\\\/#\\\/schema\\\/logo\\\/image\\\/\"},\"sameAs\":[\"https:\\\/\\\/www.facebook.com\\\/naturalpoland.b2b\",\"https:\\\/\\\/pl.linkedin.com\\\/company\\\/natural-poland\",\"https:\\\/\\\/www.youtube.com\\\/channel\\\/UCgeGGkvOMahZo-xu_MSEWxg\"]}]}<\/script>\n<!-- \/ Yoast SEO plugin. -->","yoast_head_json":{"title":"Glucosa oxidasa - Distribuidor mayorista","description":"La glucosa oxidasa es una enzima de origen natural que cataliza la oxidaci\u00f3n de la glucosa en \u00e1cido gluc\u00f3nico e hidr\u00f3geno perox\u00eddico.","robots":{"index":"index","follow":"follow","max-snippet":"max-snippet:-1","max-image-preview":"max-image-preview:large","max-video-preview":"max-video-preview:-1"},"canonical":"https:\/\/naturalpoland.com\/es\/productos\/productos-para-la-industria-alimentaria\/enzimas\/de-panaderia\/glucosa-oxidasa\/","og_locale":"es_ES","og_type":"article","og_title":"Glucosa oxidasa - Distribuidor mayorista","og_description":"La glucosa oxidasa es una enzima de origen natural que cataliza la oxidaci\u00f3n de la glucosa en \u00e1cido gluc\u00f3nico e hidr\u00f3geno perox\u00eddico.","og_url":"https:\/\/naturalpoland.com\/es\/productos\/productos-para-la-industria-alimentaria\/enzimas\/de-panaderia\/glucosa-oxidasa\/","og_site_name":"NATURAL POLAND - Distribuidor Mayorista de Materias Primas","article_publisher":"https:\/\/www.facebook.com\/naturalpoland.b2b","og_image":[{"width":650,"height":650,"url":"https:\/\/naturalpoland.com\/wp-content\/uploads\/oksydaza-glukozowa.jpg","type":"image\/jpeg"}],"schema":{"@context":"https:\/\/schema.org","@graph":[{"@type":"WebPage","@id":"https:\/\/naturalpoland.com\/es\/productos\/productos-para-la-industria-alimentaria\/enzimas\/de-panaderia\/glucosa-oxidasa\/","url":"https:\/\/naturalpoland.com\/es\/productos\/productos-para-la-industria-alimentaria\/enzimas\/de-panaderia\/glucosa-oxidasa\/","name":"Glucosa oxidasa - Distribuidor mayorista","isPartOf":{"@id":"https:\/\/naturalpoland.com\/es\/#website"},"primaryImageOfPage":{"@id":"https:\/\/naturalpoland.com\/es\/productos\/productos-para-la-industria-alimentaria\/enzimas\/de-panaderia\/glucosa-oxidasa\/#primaryimage"},"image":{"@id":"https:\/\/naturalpoland.com\/es\/productos\/productos-para-la-industria-alimentaria\/enzimas\/de-panaderia\/glucosa-oxidasa\/#primaryimage"},"thumbnailUrl":"https:\/\/naturalpoland.com\/wp-content\/uploads\/oksydaza-glukozowa.jpg","datePublished":"2023-10-26T13:01:52+00:00","description":"La glucosa oxidasa es una enzima de origen natural que cataliza la oxidaci\u00f3n de la glucosa en \u00e1cido gluc\u00f3nico e hidr\u00f3geno perox\u00eddico.","breadcrumb":{"@id":"https:\/\/naturalpoland.com\/es\/productos\/productos-para-la-industria-alimentaria\/enzimas\/de-panaderia\/glucosa-oxidasa\/#breadcrumb"},"inLanguage":"es","potentialAction":[{"@type":"ReadAction","target":["https:\/\/naturalpoland.com\/es\/productos\/productos-para-la-industria-alimentaria\/enzimas\/de-panaderia\/glucosa-oxidasa\/"]}]},{"@type":"ImageObject","inLanguage":"es","@id":"https:\/\/naturalpoland.com\/es\/productos\/productos-para-la-industria-alimentaria\/enzimas\/de-panaderia\/glucosa-oxidasa\/#primaryimage","url":"https:\/\/naturalpoland.com\/wp-content\/uploads\/oksydaza-glukozowa.jpg","contentUrl":"https:\/\/naturalpoland.com\/wp-content\/uploads\/oksydaza-glukozowa.jpg","width":650,"height":650,"caption":"oksydaza glukozowa"},{"@type":"BreadcrumbList","@id":"https:\/\/naturalpoland.com\/es\/productos\/productos-para-la-industria-alimentaria\/enzimas\/de-panaderia\/glucosa-oxidasa\/#breadcrumb","itemListElement":[{"@type":"ListItem","position":1,"name":"Inicio","item":"https:\/\/naturalpoland.com\/es\/"},{"@type":"ListItem","position":2,"name":"Productos","item":"https:\/\/naturalpoland.com\/es\/productos\/"},{"@type":"ListItem","position":3,"name":"Glucosa oxidasa"}]},{"@type":"WebSite","@id":"https:\/\/naturalpoland.com\/es\/#website","url":"https:\/\/naturalpoland.com\/es\/","name":"NATURAL POLAND - Distribuidor Mayorista de Materias Primas","description":"Surowce dla przemys\u0142u spo\u017cywczego, kosmetycznego i farmaceutycznego","publisher":{"@id":"https:\/\/naturalpoland.com\/es\/#organization"},"potentialAction":[{"@type":"SearchAction","target":{"@type":"EntryPoint","urlTemplate":"https:\/\/naturalpoland.com\/es\/?s={search_term_string}"},"query-input":{"@type":"PropertyValueSpecification","valueRequired":true,"valueName":"search_term_string"}}],"inLanguage":"es"},{"@type":"Organization","@id":"https:\/\/naturalpoland.com\/es\/#organization","name":"Natural Poland","url":"https:\/\/naturalpoland.com\/es\/","logo":{"@type":"ImageObject","inLanguage":"es","@id":"https:\/\/naturalpoland.com\/es\/#\/schema\/logo\/image\/","url":"https:\/\/naturalpoland.com\/wp-content\/uploads\/2021\/05\/natural-poland-icon.png","contentUrl":"https:\/\/naturalpoland.com\/wp-content\/uploads\/2021\/05\/natural-poland-icon.png","width":512,"height":512,"caption":"Natural Poland"},"image":{"@id":"https:\/\/naturalpoland.com\/es\/#\/schema\/logo\/image\/"},"sameAs":["https:\/\/www.facebook.com\/naturalpoland.b2b","https:\/\/pl.linkedin.com\/company\/natural-poland","https:\/\/www.youtube.com\/channel\/UCgeGGkvOMahZo-xu_MSEWxg"]}]}},"_links":{"self":[{"href":"https:\/\/naturalpoland.com\/es\/wp-json\/wp\/v2\/product\/27168","targetHints":{"allow":["GET"]}}],"collection":[{"href":"https:\/\/naturalpoland.com\/es\/wp-json\/wp\/v2\/product"}],"about":[{"href":"https:\/\/naturalpoland.com\/es\/wp-json\/wp\/v2\/types\/product"}],"wp:featuredmedia":[{"embeddable":true,"href":"https:\/\/naturalpoland.com\/es\/wp-json\/wp\/v2\/media\/27520"}],"wp:attachment":[{"href":"https:\/\/naturalpoland.com\/es\/wp-json\/wp\/v2\/media?parent=27168"}],"wp:term":[{"taxonomy":"product_brand","embeddable":true,"href":"https:\/\/naturalpoland.com\/es\/wp-json\/wp\/v2\/product_brand?post=27168"},{"taxonomy":"product_cat","embeddable":true,"href":"https:\/\/naturalpoland.com\/es\/wp-json\/wp\/v2\/product_cat?post=27168"},{"taxonomy":"product_tag","embeddable":true,"href":"https:\/\/naturalpoland.com\/es\/wp-json\/wp\/v2\/product_tag?post=27168"}],"curies":[{"name":"wp","href":"https:\/\/api.w.org\/{rel}","templated":true}]}}