{"id":27226,"date":"2023-10-26T13:45:41","date_gmt":"2023-10-26T13:33:16","guid":{"rendered":"https:\/\/naturalpoland.com\/produkty\/sin%20categor\u00eda\/lipasas-ec-3-1-1-3\/"},"modified":"2024-07-24T10:53:20","modified_gmt":"2024-07-24T08:53:20","slug":"lipasa-2","status":"publish","type":"product","link":"https:\/\/naturalpoland.com\/es\/productos\/productos-para-la-industria-alimentaria\/enzimas\/lacteas\/lipasa-2\/","title":{"rendered":"Lipasa EC 3.1.1.3"},"content":{"rendered":"<h4>Or\u00edgenes:<\/h4>\n<ul>\n<li><strong>Hongos:<\/strong> <em>Mucor meihei, Candida rugosa<\/em><\/li>\n<li><strong>Bacterias:<\/strong> <em>Achromobacter, Alcaligenes, Arthrobacter, Pseudomonas, Staphylococcus, Chromobacterium<\/em><\/li>\n<\/ul>\n<h4>Acci\u00f3n:<\/h4>\n<ul>\n<li><strong>Hidr\u00f3lisis de los triglic\u00e9ridos:<\/strong> las lipasas convierten los triglic\u00e9ridos en \u00e1cidos grasos libres y alcoholes.<\/li>\n<li><strong>Participaci\u00f3n en el metabolismo:<\/strong> La actividad enzim\u00e1tica incluye la lip\u00f3lisis, la prote\u00f3lisis y el metabolismo de la lactosa y el lactato residuales. Adem\u00e1s, las lipasas tienen la capacidad \u00fanica de catalizar reacciones en la interfaz interfacial entre el agua y los l\u00edpidos.<\/li>\n<\/ul>\n<h4>Aplicaciones:<\/h4>\n<ul>\n<li><strong>Aromatizante del queso:<\/strong> las lipasas son las responsables de crear el sabor caracter\u00edstico de los quesos, resultante de la hidr\u00f3lisis de las grasas de la leche.<\/li>\n<li><strong>Modificaci\u00f3n de grasas:<\/strong> Se utilizan en la esterificaci\u00f3n de fracciones grasas.<\/li>\n<li><strong>Producci\u00f3n de aromas:<\/strong> Participan en la producci\u00f3n de aromas espec\u00edficos utilizados en los an\u00e1logos del queso.<\/li>\n<li><strong>Aceleraci\u00f3n de la maduraci\u00f3n del queso:<\/strong> Las lipasas se utilizan en la producci\u00f3n de quesos de maduraci\u00f3n media y larga, acelerando su proceso de maduraci\u00f3n.<\/li>\n<\/ul>\n<p> Las lipasas EC 3.1.1.3 son un componente indispensable en la producci\u00f3n de muchos productos alimenticios, garantizando su sabor \u00fanico y su excelente textura.<\/p>\n","protected":false},"excerpt":{"rendered":"<p>Las lipasas son enzimas especializadas en la modificaci\u00f3n de las grasas que desempe\u00f1an un papel clave en la industria alimentaria, especialmente en la producci\u00f3n de queso. Tienen la capacidad de catalizar reacciones espec\u00edficas en la interfase agua-l\u00edpidos, lo que se traduce en aplicaciones \u00fanicas en diversos procesos de fabricaci\u00f3n.<\/p>\n","protected":false},"featured_media":27460,"template":"","meta":{"_acf_changed":false},"product_brand":[],"product_cat":[2732],"product_tag":[],"class_list":{"0":"post-27226","1":"product","2":"type-product","3":"status-publish","4":"has-post-thumbnail","6":"product_cat-lacteas","8":"first","9":"instock","10":"shipping-taxable","11":"product-type-simple"},"acf":[],"yoast_head":"<!-- This site is optimized with the Yoast SEO plugin v27.6 - https:\/\/yoast.com\/product\/yoast-seo-wordpress\/ -->\n<title>Lipasa EC 3.1.1.3 - Distribuidor mayorista<\/title>\n<meta name=\"description\" content=\"Las lipasas son enzimas especializadas en la modificaci\u00f3n de las grasas que desempe\u00f1an un papel clave en la industria alimentaria, especialmente en la producci\u00f3n de queso.\" \/>\n<meta name=\"robots\" content=\"index, follow, max-snippet:-1, max-image-preview:large, max-video-preview:-1\" \/>\n<link rel=\"canonical\" href=\"https:\/\/naturalpoland.com\/es\/productos\/productos-para-la-industria-alimentaria\/enzimas\/lacteas\/lipasa-2\/\" \/>\n<meta property=\"og:locale\" content=\"es_ES\" \/>\n<meta property=\"og:type\" content=\"article\" \/>\n<meta property=\"og:title\" content=\"Lipasa EC 3.1.1.3 - Distribuidor mayorista\" \/>\n<meta property=\"og:description\" content=\"Las lipasas son enzimas especializadas en la modificaci\u00f3n de las grasas que desempe\u00f1an un papel clave en la industria alimentaria, especialmente en la producci\u00f3n de queso.\" \/>\n<meta property=\"og:url\" content=\"https:\/\/naturalpoland.com\/es\/productos\/productos-para-la-industria-alimentaria\/enzimas\/lacteas\/lipasa-2\/\" \/>\n<meta property=\"og:site_name\" content=\"NATURAL POLAND - Distribuidor Mayorista de Materias Primas\" \/>\n<meta property=\"article:publisher\" content=\"https:\/\/www.facebook.com\/naturalpoland.b2b\" \/>\n<meta property=\"article:modified_time\" content=\"2024-07-24T08:53:20+00:00\" \/>\n<meta property=\"og:image\" content=\"https:\/\/naturalpoland.com\/wp-content\/uploads\/lipaza.jpg\" \/>\n\t<meta property=\"og:image:width\" content=\"650\" \/>\n\t<meta property=\"og:image:height\" content=\"650\" \/>\n\t<meta property=\"og:image:type\" content=\"image\/jpeg\" \/>\n<script type=\"application\/ld+json\" class=\"yoast-schema-graph\">{\"@context\":\"https:\\\/\\\/schema.org\",\"@graph\":[{\"@type\":\"WebPage\",\"@id\":\"https:\\\/\\\/naturalpoland.com\\\/es\\\/productos\\\/productos-para-la-industria-alimentaria\\\/enzimas\\\/lacteas\\\/lipasa-2\\\/\",\"url\":\"https:\\\/\\\/naturalpoland.com\\\/es\\\/productos\\\/productos-para-la-industria-alimentaria\\\/enzimas\\\/lacteas\\\/lipasa-2\\\/\",\"name\":\"Lipasa EC 3.1.1.3 - Distribuidor mayorista\",\"isPartOf\":{\"@id\":\"https:\\\/\\\/naturalpoland.com\\\/es\\\/#website\"},\"primaryImageOfPage\":{\"@id\":\"https:\\\/\\\/naturalpoland.com\\\/es\\\/productos\\\/productos-para-la-industria-alimentaria\\\/enzimas\\\/lacteas\\\/lipasa-2\\\/#primaryimage\"},\"image\":{\"@id\":\"https:\\\/\\\/naturalpoland.com\\\/es\\\/productos\\\/productos-para-la-industria-alimentaria\\\/enzimas\\\/lacteas\\\/lipasa-2\\\/#primaryimage\"},\"thumbnailUrl\":\"https:\\\/\\\/naturalpoland.com\\\/wp-content\\\/uploads\\\/lipaza.jpg\",\"datePublished\":\"2023-10-26T13:33:16+00:00\",\"dateModified\":\"2024-07-24T08:53:20+00:00\",\"description\":\"Las lipasas son enzimas especializadas en la modificaci\u00f3n de las grasas que desempe\u00f1an un papel clave en la industria alimentaria, especialmente en la producci\u00f3n de queso.\",\"breadcrumb\":{\"@id\":\"https:\\\/\\\/naturalpoland.com\\\/es\\\/productos\\\/productos-para-la-industria-alimentaria\\\/enzimas\\\/lacteas\\\/lipasa-2\\\/#breadcrumb\"},\"inLanguage\":\"es\",\"potentialAction\":[{\"@type\":\"ReadAction\",\"target\":[\"https:\\\/\\\/naturalpoland.com\\\/es\\\/productos\\\/productos-para-la-industria-alimentaria\\\/enzimas\\\/lacteas\\\/lipasa-2\\\/\"]}]},{\"@type\":\"ImageObject\",\"inLanguage\":\"es\",\"@id\":\"https:\\\/\\\/naturalpoland.com\\\/es\\\/productos\\\/productos-para-la-industria-alimentaria\\\/enzimas\\\/lacteas\\\/lipasa-2\\\/#primaryimage\",\"url\":\"https:\\\/\\\/naturalpoland.com\\\/wp-content\\\/uploads\\\/lipaza.jpg\",\"contentUrl\":\"https:\\\/\\\/naturalpoland.com\\\/wp-content\\\/uploads\\\/lipaza.jpg\",\"width\":650,\"height\":650,\"caption\":\"lipaza\"},{\"@type\":\"BreadcrumbList\",\"@id\":\"https:\\\/\\\/naturalpoland.com\\\/es\\\/productos\\\/productos-para-la-industria-alimentaria\\\/enzimas\\\/lacteas\\\/lipasa-2\\\/#breadcrumb\",\"itemListElement\":[{\"@type\":\"ListItem\",\"position\":1,\"name\":\"Inicio\",\"item\":\"https:\\\/\\\/naturalpoland.com\\\/es\\\/\"},{\"@type\":\"ListItem\",\"position\":2,\"name\":\"Productos\",\"item\":\"https:\\\/\\\/naturalpoland.com\\\/es\\\/productos\\\/\"},{\"@type\":\"ListItem\",\"position\":3,\"name\":\"Lipasa EC 3.1.1.3\"}]},{\"@type\":\"WebSite\",\"@id\":\"https:\\\/\\\/naturalpoland.com\\\/es\\\/#website\",\"url\":\"https:\\\/\\\/naturalpoland.com\\\/es\\\/\",\"name\":\"NATURAL POLAND - Distribuidor Mayorista de Materias Primas\",\"description\":\"Surowce dla przemys\u0142u spo\u017cywczego, kosmetycznego i farmaceutycznego\",\"publisher\":{\"@id\":\"https:\\\/\\\/naturalpoland.com\\\/es\\\/#organization\"},\"potentialAction\":[{\"@type\":\"SearchAction\",\"target\":{\"@type\":\"EntryPoint\",\"urlTemplate\":\"https:\\\/\\\/naturalpoland.com\\\/es\\\/?s={search_term_string}\"},\"query-input\":{\"@type\":\"PropertyValueSpecification\",\"valueRequired\":true,\"valueName\":\"search_term_string\"}}],\"inLanguage\":\"es\"},{\"@type\":\"Organization\",\"@id\":\"https:\\\/\\\/naturalpoland.com\\\/es\\\/#organization\",\"name\":\"Natural Poland\",\"url\":\"https:\\\/\\\/naturalpoland.com\\\/es\\\/\",\"logo\":{\"@type\":\"ImageObject\",\"inLanguage\":\"es\",\"@id\":\"https:\\\/\\\/naturalpoland.com\\\/es\\\/#\\\/schema\\\/logo\\\/image\\\/\",\"url\":\"https:\\\/\\\/naturalpoland.com\\\/wp-content\\\/uploads\\\/2021\\\/05\\\/natural-poland-icon.png\",\"contentUrl\":\"https:\\\/\\\/naturalpoland.com\\\/wp-content\\\/uploads\\\/2021\\\/05\\\/natural-poland-icon.png\",\"width\":512,\"height\":512,\"caption\":\"Natural Poland\"},\"image\":{\"@id\":\"https:\\\/\\\/naturalpoland.com\\\/es\\\/#\\\/schema\\\/logo\\\/image\\\/\"},\"sameAs\":[\"https:\\\/\\\/www.facebook.com\\\/naturalpoland.b2b\",\"https:\\\/\\\/pl.linkedin.com\\\/company\\\/natural-poland\",\"https:\\\/\\\/www.youtube.com\\\/channel\\\/UCgeGGkvOMahZo-xu_MSEWxg\"]}]}<\/script>\n<!-- \/ Yoast SEO plugin. -->","yoast_head_json":{"title":"Lipasa EC 3.1.1.3 - Distribuidor mayorista","description":"Las lipasas son enzimas especializadas en la modificaci\u00f3n de las grasas que desempe\u00f1an un papel clave en la industria alimentaria, especialmente en la producci\u00f3n de queso.","robots":{"index":"index","follow":"follow","max-snippet":"max-snippet:-1","max-image-preview":"max-image-preview:large","max-video-preview":"max-video-preview:-1"},"canonical":"https:\/\/naturalpoland.com\/es\/productos\/productos-para-la-industria-alimentaria\/enzimas\/lacteas\/lipasa-2\/","og_locale":"es_ES","og_type":"article","og_title":"Lipasa EC 3.1.1.3 - Distribuidor mayorista","og_description":"Las lipasas son enzimas especializadas en la modificaci\u00f3n de las grasas que desempe\u00f1an un papel clave en la industria alimentaria, especialmente en la producci\u00f3n de queso.","og_url":"https:\/\/naturalpoland.com\/es\/productos\/productos-para-la-industria-alimentaria\/enzimas\/lacteas\/lipasa-2\/","og_site_name":"NATURAL POLAND - Distribuidor Mayorista de Materias Primas","article_publisher":"https:\/\/www.facebook.com\/naturalpoland.b2b","article_modified_time":"2024-07-24T08:53:20+00:00","og_image":[{"width":650,"height":650,"url":"https:\/\/naturalpoland.com\/wp-content\/uploads\/lipaza.jpg","type":"image\/jpeg"}],"schema":{"@context":"https:\/\/schema.org","@graph":[{"@type":"WebPage","@id":"https:\/\/naturalpoland.com\/es\/productos\/productos-para-la-industria-alimentaria\/enzimas\/lacteas\/lipasa-2\/","url":"https:\/\/naturalpoland.com\/es\/productos\/productos-para-la-industria-alimentaria\/enzimas\/lacteas\/lipasa-2\/","name":"Lipasa EC 3.1.1.3 - Distribuidor mayorista","isPartOf":{"@id":"https:\/\/naturalpoland.com\/es\/#website"},"primaryImageOfPage":{"@id":"https:\/\/naturalpoland.com\/es\/productos\/productos-para-la-industria-alimentaria\/enzimas\/lacteas\/lipasa-2\/#primaryimage"},"image":{"@id":"https:\/\/naturalpoland.com\/es\/productos\/productos-para-la-industria-alimentaria\/enzimas\/lacteas\/lipasa-2\/#primaryimage"},"thumbnailUrl":"https:\/\/naturalpoland.com\/wp-content\/uploads\/lipaza.jpg","datePublished":"2023-10-26T13:33:16+00:00","dateModified":"2024-07-24T08:53:20+00:00","description":"Las lipasas son enzimas especializadas en la modificaci\u00f3n de las grasas que desempe\u00f1an un papel clave en la industria alimentaria, especialmente en la producci\u00f3n de queso.","breadcrumb":{"@id":"https:\/\/naturalpoland.com\/es\/productos\/productos-para-la-industria-alimentaria\/enzimas\/lacteas\/lipasa-2\/#breadcrumb"},"inLanguage":"es","potentialAction":[{"@type":"ReadAction","target":["https:\/\/naturalpoland.com\/es\/productos\/productos-para-la-industria-alimentaria\/enzimas\/lacteas\/lipasa-2\/"]}]},{"@type":"ImageObject","inLanguage":"es","@id":"https:\/\/naturalpoland.com\/es\/productos\/productos-para-la-industria-alimentaria\/enzimas\/lacteas\/lipasa-2\/#primaryimage","url":"https:\/\/naturalpoland.com\/wp-content\/uploads\/lipaza.jpg","contentUrl":"https:\/\/naturalpoland.com\/wp-content\/uploads\/lipaza.jpg","width":650,"height":650,"caption":"lipaza"},{"@type":"BreadcrumbList","@id":"https:\/\/naturalpoland.com\/es\/productos\/productos-para-la-industria-alimentaria\/enzimas\/lacteas\/lipasa-2\/#breadcrumb","itemListElement":[{"@type":"ListItem","position":1,"name":"Inicio","item":"https:\/\/naturalpoland.com\/es\/"},{"@type":"ListItem","position":2,"name":"Productos","item":"https:\/\/naturalpoland.com\/es\/productos\/"},{"@type":"ListItem","position":3,"name":"Lipasa EC 3.1.1.3"}]},{"@type":"WebSite","@id":"https:\/\/naturalpoland.com\/es\/#website","url":"https:\/\/naturalpoland.com\/es\/","name":"NATURAL POLAND - Distribuidor Mayorista de Materias Primas","description":"Surowce dla przemys\u0142u spo\u017cywczego, kosmetycznego i farmaceutycznego","publisher":{"@id":"https:\/\/naturalpoland.com\/es\/#organization"},"potentialAction":[{"@type":"SearchAction","target":{"@type":"EntryPoint","urlTemplate":"https:\/\/naturalpoland.com\/es\/?s={search_term_string}"},"query-input":{"@type":"PropertyValueSpecification","valueRequired":true,"valueName":"search_term_string"}}],"inLanguage":"es"},{"@type":"Organization","@id":"https:\/\/naturalpoland.com\/es\/#organization","name":"Natural Poland","url":"https:\/\/naturalpoland.com\/es\/","logo":{"@type":"ImageObject","inLanguage":"es","@id":"https:\/\/naturalpoland.com\/es\/#\/schema\/logo\/image\/","url":"https:\/\/naturalpoland.com\/wp-content\/uploads\/2021\/05\/natural-poland-icon.png","contentUrl":"https:\/\/naturalpoland.com\/wp-content\/uploads\/2021\/05\/natural-poland-icon.png","width":512,"height":512,"caption":"Natural Poland"},"image":{"@id":"https:\/\/naturalpoland.com\/es\/#\/schema\/logo\/image\/"},"sameAs":["https:\/\/www.facebook.com\/naturalpoland.b2b","https:\/\/pl.linkedin.com\/company\/natural-poland","https:\/\/www.youtube.com\/channel\/UCgeGGkvOMahZo-xu_MSEWxg"]}]}},"_links":{"self":[{"href":"https:\/\/naturalpoland.com\/es\/wp-json\/wp\/v2\/product\/27226","targetHints":{"allow":["GET"]}}],"collection":[{"href":"https:\/\/naturalpoland.com\/es\/wp-json\/wp\/v2\/product"}],"about":[{"href":"https:\/\/naturalpoland.com\/es\/wp-json\/wp\/v2\/types\/product"}],"wp:featuredmedia":[{"embeddable":true,"href":"https:\/\/naturalpoland.com\/es\/wp-json\/wp\/v2\/media\/27460"}],"wp:attachment":[{"href":"https:\/\/naturalpoland.com\/es\/wp-json\/wp\/v2\/media?parent=27226"}],"wp:term":[{"taxonomy":"product_brand","embeddable":true,"href":"https:\/\/naturalpoland.com\/es\/wp-json\/wp\/v2\/product_brand?post=27226"},{"taxonomy":"product_cat","embeddable":true,"href":"https:\/\/naturalpoland.com\/es\/wp-json\/wp\/v2\/product_cat?post=27226"},{"taxonomy":"product_tag","embeddable":true,"href":"https:\/\/naturalpoland.com\/es\/wp-json\/wp\/v2\/product_tag?post=27226"}],"curies":[{"name":"wp","href":"https:\/\/api.w.org\/{rel}","templated":true}]}}