{"id":27243,"date":"2023-10-26T13:16:46","date_gmt":"2023-10-26T11:16:46","guid":{"rendered":"https:\/\/naturalpoland.com\/produkty\/sin categor\u00eda\/pepsina-ec-3-4-23-1\/"},"modified":"2023-10-26T15:33:24","modified_gmt":"2023-10-26T13:33:24","slug":"pepsina","status":"publish","type":"product","link":"https:\/\/naturalpoland.com\/es\/productos\/productos-para-la-industria-alimentaria\/enzimas\/lacteas\/pepsina\/","title":{"rendered":"Pepsina EC 3.4.23.1"},"content":{"rendered":"<h3>Or\u00edgenes:<\/h3>\n<ul>\n<li><strong>Cepas bacterianas:<\/strong> <em>Lactobacillus, Bifidobacterium, Bacillus<\/em><\/li>\n<\/ul>\n<h3>Acci\u00f3n de la papsina:<\/h3>\n<ul>\n<li><strong>Descomposici\u00f3n de prote\u00ednas:<\/strong> la pepsina act\u00faa sobre las prote\u00ednas, descomponi\u00e9ndolas en fragmentos hidrosolubles denominados peptonas. Esta actividad es fundamental en muchos procesos de la tecnolog\u00eda l\u00e1ctea.<\/li>\n<\/ul>\n<h3>Aplicaciones:<\/h3>\n<ul>\n<li><strong>Maduraci\u00f3n del queso:<\/strong> La pepsina es indispensable en la maduraci\u00f3n de los quesos duros y semiduros. Gracias a su acci\u00f3n, los quesos alcanzan la textura deseada y un aroma \u00fanico.<\/li>\n<li><strong>Esquilado de la leche:<\/strong> En la producci\u00f3n de queso, esta enzima acelera y optimiza el proceso de esquilado de la leche, lo que permite obtener un producto con una consistencia ideal.<\/li>\n<\/ul>\n<p>Gracias a su eficacia y a su acci\u00f3n espec\u00edfica, la pepsina EC 3.4.23.1 se ha convertido en una de las enzimas m\u00e1s importantes de la industria l\u00e1ctea, garantizando la elaboraci\u00f3n de productos de alta calidad con un sabor y una textura excepcionales.<\/p>\n","protected":false},"excerpt":{"rendered":"<p><strong>La pepsina<\/strong>, con la sigla <strong>EC 3.4.23.1<\/strong>, es una enzima proteol\u00edtica con actividad espec\u00edfica que desempe\u00f1a un papel indispensable en la industria l\u00e1ctea. Aislado a partir de cepas seleccionadas de bacterias, es la clave para obtener productos l\u00e1cteos de alta calidad.<\/p>\n","protected":false},"featured_media":27448,"template":"","meta":{"_acf_changed":false},"product_brand":[],"product_cat":[2732],"product_tag":[],"class_list":{"0":"post-27243","1":"product","2":"type-product","3":"status-publish","4":"has-post-thumbnail","6":"product_cat-lacteas","8":"first","9":"instock","10":"shipping-taxable","11":"product-type-simple"},"acf":[],"yoast_head":"<!-- This site is optimized with the Yoast SEO plugin v27.4 - https:\/\/yoast.com\/product\/yoast-seo-wordpress\/ -->\n<title>Pepsina EC 3.4.23.1 - Distribuidor mayorista<\/title>\n<meta name=\"description\" content=\"La pepsina es una de las enzimas m\u00e1s importantes de la industria l\u00e1ctea y garantiza la elaboraci\u00f3n de productos de alta calidad con un sabor y una textura excepcionales.\" \/>\n<meta name=\"robots\" content=\"index, follow, max-snippet:-1, max-image-preview:large, max-video-preview:-1\" \/>\n<link rel=\"canonical\" href=\"https:\/\/naturalpoland.com\/es\/productos\/productos-para-la-industria-alimentaria\/enzimas\/lacteas\/pepsina\/\" \/>\n<meta property=\"og:locale\" content=\"es_ES\" \/>\n<meta property=\"og:type\" content=\"article\" \/>\n<meta property=\"og:title\" content=\"Pepsina EC 3.4.23.1 - Distribuidor mayorista\" \/>\n<meta property=\"og:description\" content=\"La pepsina es una de las enzimas m\u00e1s importantes de la industria l\u00e1ctea y garantiza la elaboraci\u00f3n de productos de alta calidad con un sabor y una textura excepcionales.\" \/>\n<meta property=\"og:url\" content=\"https:\/\/naturalpoland.com\/es\/productos\/productos-para-la-industria-alimentaria\/enzimas\/lacteas\/pepsina\/\" \/>\n<meta property=\"og:site_name\" content=\"NATURAL POLAND - Distribuidor Mayorista de Materias Primas\" \/>\n<meta property=\"article:publisher\" content=\"https:\/\/www.facebook.com\/naturalpoland.b2b\" \/>\n<meta property=\"article:modified_time\" content=\"2023-10-26T13:33:24+00:00\" \/>\n<meta property=\"og:image\" content=\"https:\/\/naturalpoland.com\/wp-content\/uploads\/pepsyna.jpg\" \/>\n\t<meta property=\"og:image:width\" content=\"650\" \/>\n\t<meta property=\"og:image:height\" content=\"650\" \/>\n\t<meta property=\"og:image:type\" content=\"image\/jpeg\" \/>\n<script type=\"application\/ld+json\" class=\"yoast-schema-graph\">{\"@context\":\"https:\\\/\\\/schema.org\",\"@graph\":[{\"@type\":\"WebPage\",\"@id\":\"https:\\\/\\\/naturalpoland.com\\\/es\\\/productos\\\/productos-para-la-industria-alimentaria\\\/enzimas\\\/lacteas\\\/pepsina\\\/\",\"url\":\"https:\\\/\\\/naturalpoland.com\\\/es\\\/productos\\\/productos-para-la-industria-alimentaria\\\/enzimas\\\/lacteas\\\/pepsina\\\/\",\"name\":\"Pepsina EC 3.4.23.1 - Distribuidor mayorista\",\"isPartOf\":{\"@id\":\"https:\\\/\\\/naturalpoland.com\\\/es\\\/#website\"},\"primaryImageOfPage\":{\"@id\":\"https:\\\/\\\/naturalpoland.com\\\/es\\\/productos\\\/productos-para-la-industria-alimentaria\\\/enzimas\\\/lacteas\\\/pepsina\\\/#primaryimage\"},\"image\":{\"@id\":\"https:\\\/\\\/naturalpoland.com\\\/es\\\/productos\\\/productos-para-la-industria-alimentaria\\\/enzimas\\\/lacteas\\\/pepsina\\\/#primaryimage\"},\"thumbnailUrl\":\"https:\\\/\\\/naturalpoland.com\\\/wp-content\\\/uploads\\\/pepsyna.jpg\",\"datePublished\":\"2023-10-26T11:16:46+00:00\",\"dateModified\":\"2023-10-26T13:33:24+00:00\",\"description\":\"La pepsina es una de las enzimas m\u00e1s importantes de la industria l\u00e1ctea y garantiza la elaboraci\u00f3n de productos de alta calidad con un sabor y una textura excepcionales.\",\"breadcrumb\":{\"@id\":\"https:\\\/\\\/naturalpoland.com\\\/es\\\/productos\\\/productos-para-la-industria-alimentaria\\\/enzimas\\\/lacteas\\\/pepsina\\\/#breadcrumb\"},\"inLanguage\":\"es\",\"potentialAction\":[{\"@type\":\"ReadAction\",\"target\":[\"https:\\\/\\\/naturalpoland.com\\\/es\\\/productos\\\/productos-para-la-industria-alimentaria\\\/enzimas\\\/lacteas\\\/pepsina\\\/\"]}]},{\"@type\":\"ImageObject\",\"inLanguage\":\"es\",\"@id\":\"https:\\\/\\\/naturalpoland.com\\\/es\\\/productos\\\/productos-para-la-industria-alimentaria\\\/enzimas\\\/lacteas\\\/pepsina\\\/#primaryimage\",\"url\":\"https:\\\/\\\/naturalpoland.com\\\/wp-content\\\/uploads\\\/pepsyna.jpg\",\"contentUrl\":\"https:\\\/\\\/naturalpoland.com\\\/wp-content\\\/uploads\\\/pepsyna.jpg\",\"width\":650,\"height\":650,\"caption\":\"pepsyna\"},{\"@type\":\"BreadcrumbList\",\"@id\":\"https:\\\/\\\/naturalpoland.com\\\/es\\\/productos\\\/productos-para-la-industria-alimentaria\\\/enzimas\\\/lacteas\\\/pepsina\\\/#breadcrumb\",\"itemListElement\":[{\"@type\":\"ListItem\",\"position\":1,\"name\":\"Inicio\",\"item\":\"https:\\\/\\\/naturalpoland.com\\\/es\\\/\"},{\"@type\":\"ListItem\",\"position\":2,\"name\":\"Productos\",\"item\":\"https:\\\/\\\/naturalpoland.com\\\/es\\\/productos\\\/\"},{\"@type\":\"ListItem\",\"position\":3,\"name\":\"Pepsina EC 3.4.23.1\"}]},{\"@type\":\"WebSite\",\"@id\":\"https:\\\/\\\/naturalpoland.com\\\/es\\\/#website\",\"url\":\"https:\\\/\\\/naturalpoland.com\\\/es\\\/\",\"name\":\"NATURAL POLAND - Distribuidor Mayorista de Materias Primas\",\"description\":\"Surowce dla przemys\u0142u spo\u017cywczego, kosmetycznego i farmaceutycznego\",\"publisher\":{\"@id\":\"https:\\\/\\\/naturalpoland.com\\\/es\\\/#organization\"},\"potentialAction\":[{\"@type\":\"SearchAction\",\"target\":{\"@type\":\"EntryPoint\",\"urlTemplate\":\"https:\\\/\\\/naturalpoland.com\\\/es\\\/?s={search_term_string}\"},\"query-input\":{\"@type\":\"PropertyValueSpecification\",\"valueRequired\":true,\"valueName\":\"search_term_string\"}}],\"inLanguage\":\"es\"},{\"@type\":\"Organization\",\"@id\":\"https:\\\/\\\/naturalpoland.com\\\/es\\\/#organization\",\"name\":\"Natural Poland\",\"url\":\"https:\\\/\\\/naturalpoland.com\\\/es\\\/\",\"logo\":{\"@type\":\"ImageObject\",\"inLanguage\":\"es\",\"@id\":\"https:\\\/\\\/naturalpoland.com\\\/es\\\/#\\\/schema\\\/logo\\\/image\\\/\",\"url\":\"https:\\\/\\\/naturalpoland.com\\\/wp-content\\\/uploads\\\/2021\\\/05\\\/natural-poland-icon.png\",\"contentUrl\":\"https:\\\/\\\/naturalpoland.com\\\/wp-content\\\/uploads\\\/2021\\\/05\\\/natural-poland-icon.png\",\"width\":512,\"height\":512,\"caption\":\"Natural Poland\"},\"image\":{\"@id\":\"https:\\\/\\\/naturalpoland.com\\\/es\\\/#\\\/schema\\\/logo\\\/image\\\/\"},\"sameAs\":[\"https:\\\/\\\/www.facebook.com\\\/naturalpoland.b2b\",\"https:\\\/\\\/pl.linkedin.com\\\/company\\\/natural-poland\",\"https:\\\/\\\/www.youtube.com\\\/channel\\\/UCgeGGkvOMahZo-xu_MSEWxg\"]}]}<\/script>\n<!-- \/ Yoast SEO plugin. -->","yoast_head_json":{"title":"Pepsina EC 3.4.23.1 - Distribuidor mayorista","description":"La pepsina es una de las enzimas m\u00e1s importantes de la industria l\u00e1ctea y garantiza la elaboraci\u00f3n de productos de alta calidad con un sabor y una textura excepcionales.","robots":{"index":"index","follow":"follow","max-snippet":"max-snippet:-1","max-image-preview":"max-image-preview:large","max-video-preview":"max-video-preview:-1"},"canonical":"https:\/\/naturalpoland.com\/es\/productos\/productos-para-la-industria-alimentaria\/enzimas\/lacteas\/pepsina\/","og_locale":"es_ES","og_type":"article","og_title":"Pepsina EC 3.4.23.1 - Distribuidor mayorista","og_description":"La pepsina es una de las enzimas m\u00e1s importantes de la industria l\u00e1ctea y garantiza la elaboraci\u00f3n de productos de alta calidad con un sabor y una textura excepcionales.","og_url":"https:\/\/naturalpoland.com\/es\/productos\/productos-para-la-industria-alimentaria\/enzimas\/lacteas\/pepsina\/","og_site_name":"NATURAL POLAND - Distribuidor Mayorista de Materias Primas","article_publisher":"https:\/\/www.facebook.com\/naturalpoland.b2b","article_modified_time":"2023-10-26T13:33:24+00:00","og_image":[{"width":650,"height":650,"url":"https:\/\/naturalpoland.com\/wp-content\/uploads\/pepsyna.jpg","type":"image\/jpeg"}],"schema":{"@context":"https:\/\/schema.org","@graph":[{"@type":"WebPage","@id":"https:\/\/naturalpoland.com\/es\/productos\/productos-para-la-industria-alimentaria\/enzimas\/lacteas\/pepsina\/","url":"https:\/\/naturalpoland.com\/es\/productos\/productos-para-la-industria-alimentaria\/enzimas\/lacteas\/pepsina\/","name":"Pepsina EC 3.4.23.1 - Distribuidor mayorista","isPartOf":{"@id":"https:\/\/naturalpoland.com\/es\/#website"},"primaryImageOfPage":{"@id":"https:\/\/naturalpoland.com\/es\/productos\/productos-para-la-industria-alimentaria\/enzimas\/lacteas\/pepsina\/#primaryimage"},"image":{"@id":"https:\/\/naturalpoland.com\/es\/productos\/productos-para-la-industria-alimentaria\/enzimas\/lacteas\/pepsina\/#primaryimage"},"thumbnailUrl":"https:\/\/naturalpoland.com\/wp-content\/uploads\/pepsyna.jpg","datePublished":"2023-10-26T11:16:46+00:00","dateModified":"2023-10-26T13:33:24+00:00","description":"La pepsina es una de las enzimas m\u00e1s importantes de la industria l\u00e1ctea y garantiza la elaboraci\u00f3n de productos de alta calidad con un sabor y una textura excepcionales.","breadcrumb":{"@id":"https:\/\/naturalpoland.com\/es\/productos\/productos-para-la-industria-alimentaria\/enzimas\/lacteas\/pepsina\/#breadcrumb"},"inLanguage":"es","potentialAction":[{"@type":"ReadAction","target":["https:\/\/naturalpoland.com\/es\/productos\/productos-para-la-industria-alimentaria\/enzimas\/lacteas\/pepsina\/"]}]},{"@type":"ImageObject","inLanguage":"es","@id":"https:\/\/naturalpoland.com\/es\/productos\/productos-para-la-industria-alimentaria\/enzimas\/lacteas\/pepsina\/#primaryimage","url":"https:\/\/naturalpoland.com\/wp-content\/uploads\/pepsyna.jpg","contentUrl":"https:\/\/naturalpoland.com\/wp-content\/uploads\/pepsyna.jpg","width":650,"height":650,"caption":"pepsyna"},{"@type":"BreadcrumbList","@id":"https:\/\/naturalpoland.com\/es\/productos\/productos-para-la-industria-alimentaria\/enzimas\/lacteas\/pepsina\/#breadcrumb","itemListElement":[{"@type":"ListItem","position":1,"name":"Inicio","item":"https:\/\/naturalpoland.com\/es\/"},{"@type":"ListItem","position":2,"name":"Productos","item":"https:\/\/naturalpoland.com\/es\/productos\/"},{"@type":"ListItem","position":3,"name":"Pepsina EC 3.4.23.1"}]},{"@type":"WebSite","@id":"https:\/\/naturalpoland.com\/es\/#website","url":"https:\/\/naturalpoland.com\/es\/","name":"NATURAL POLAND - Distribuidor Mayorista de Materias Primas","description":"Surowce dla przemys\u0142u spo\u017cywczego, kosmetycznego i farmaceutycznego","publisher":{"@id":"https:\/\/naturalpoland.com\/es\/#organization"},"potentialAction":[{"@type":"SearchAction","target":{"@type":"EntryPoint","urlTemplate":"https:\/\/naturalpoland.com\/es\/?s={search_term_string}"},"query-input":{"@type":"PropertyValueSpecification","valueRequired":true,"valueName":"search_term_string"}}],"inLanguage":"es"},{"@type":"Organization","@id":"https:\/\/naturalpoland.com\/es\/#organization","name":"Natural Poland","url":"https:\/\/naturalpoland.com\/es\/","logo":{"@type":"ImageObject","inLanguage":"es","@id":"https:\/\/naturalpoland.com\/es\/#\/schema\/logo\/image\/","url":"https:\/\/naturalpoland.com\/wp-content\/uploads\/2021\/05\/natural-poland-icon.png","contentUrl":"https:\/\/naturalpoland.com\/wp-content\/uploads\/2021\/05\/natural-poland-icon.png","width":512,"height":512,"caption":"Natural Poland"},"image":{"@id":"https:\/\/naturalpoland.com\/es\/#\/schema\/logo\/image\/"},"sameAs":["https:\/\/www.facebook.com\/naturalpoland.b2b","https:\/\/pl.linkedin.com\/company\/natural-poland","https:\/\/www.youtube.com\/channel\/UCgeGGkvOMahZo-xu_MSEWxg"]}]}},"_links":{"self":[{"href":"https:\/\/naturalpoland.com\/es\/wp-json\/wp\/v2\/product\/27243","targetHints":{"allow":["GET"]}}],"collection":[{"href":"https:\/\/naturalpoland.com\/es\/wp-json\/wp\/v2\/product"}],"about":[{"href":"https:\/\/naturalpoland.com\/es\/wp-json\/wp\/v2\/types\/product"}],"wp:featuredmedia":[{"embeddable":true,"href":"https:\/\/naturalpoland.com\/es\/wp-json\/wp\/v2\/media\/27448"}],"wp:attachment":[{"href":"https:\/\/naturalpoland.com\/es\/wp-json\/wp\/v2\/media?parent=27243"}],"wp:term":[{"taxonomy":"product_brand","embeddable":true,"href":"https:\/\/naturalpoland.com\/es\/wp-json\/wp\/v2\/product_brand?post=27243"},{"taxonomy":"product_cat","embeddable":true,"href":"https:\/\/naturalpoland.com\/es\/wp-json\/wp\/v2\/product_cat?post=27243"},{"taxonomy":"product_tag","embeddable":true,"href":"https:\/\/naturalpoland.com\/es\/wp-json\/wp\/v2\/product_tag?post=27243"}],"curies":[{"name":"wp","href":"https:\/\/api.w.org\/{rel}","templated":true}]}}