{"id":27262,"date":"2023-10-26T12:12:17","date_gmt":"2023-10-27T08:46:38","guid":{"rendered":"https:\/\/naturalpoland.com\/produkty\/sin categor\u00eda\/quimosina-ec-3-4-23-4\/"},"modified":"2023-10-27T10:46:38","modified_gmt":"2023-10-27T08:46:38","slug":"quimosina","status":"publish","type":"product","link":"https:\/\/naturalpoland.com\/es\/productos\/productos-para-la-industria-alimentaria\/enzimas\/lacteas\/quimosina\/","title":{"rendered":"Quimosina EC 3.4.23.4"},"content":{"rendered":"<h3>Or\u00edgenes:<\/h3>\n<ul>\n<li><strong>Bacterias:<\/strong> <em>Escherichia coli K-12<\/em><\/li>\n<li><strong>Hongos:<\/strong> <em>Aspergillus niger, Kluyveromyces lactis, Rhizomucor miehei<\/em><\/li>\n<\/ul>\n<h3>Acci\u00f3n:<\/h3>\n<ul>\n<li><strong>Cat\u00e1lisis de descomposici\u00f3n:<\/strong> La quimosina cataliza la ruptura de los enlaces pept\u00eddicos de las prote\u00ednas, dando lugar a la formaci\u00f3n de mol\u00e9culas m\u00e1s peque\u00f1as.<\/li>\n<li><strong>Transformaci\u00f3n de la case\u00edna:<\/strong> Esta enzima es responsable de la transici\u00f3n de la case\u00edna de la leche de su forma coloidal a la forma de cuajada, un proceso clave en la producci\u00f3n de queso.<\/li>\n<\/ul>\n<h3>Aplicaciones:<\/h3>\n<ul>\n<li><strong>Formaci\u00f3n de la cuajada del queso:<\/strong> Mediante el m\u00e9todo del cuajo, la quimosina acelera el proceso de formaci\u00f3n de la cuajada del queso.<\/li>\n<li><strong>Clarificaci\u00f3n del suero:<\/strong> Participa en la formaci\u00f3n de la emulsi\u00f3n clara que es el suero y en la formaci\u00f3n de cuajadas s\u00f3lidas y enredadas.<\/li>\n<li>Maduraci\u00f3n del <strong>queso:<\/strong> Su acci\u00f3n proteol\u00edtica es crucial durante la maduraci\u00f3n del queso, influyendo en su sabor, textura y propiedades.<\/li>\n<li><strong>Hidr\u00f3lisis del suero:<\/strong> Proceso que permite utilizar el suero en productos m\u00e9dicos.<\/li>\n<li><strong>Producci\u00f3n de yogur:<\/strong> La quimosina reacciona con la lactosa, permitiendo su conversi\u00f3n de forma l\u00edquida a s\u00f3lida, lo que es clave en la producci\u00f3n de yogur.<\/li>\n<\/ul>\n<p>Gracias a su versatilidad y eficacia, la quimosina EC 3.4.23.4 se ha convertido en una enzima indispensable en la industria l\u00e1ctea, contribuyendo a la producci\u00f3n de productos l\u00e1cteos de alta calidad.<\/p>\n","protected":false},"excerpt":{"rendered":"<p><strong>La quimosina<\/strong>, de s\u00edmbolo <strong>EC 3.4.23.<\/strong>4, es una enzima con actividad proteol\u00edtica espec\u00edfica que desempe\u00f1a un papel clave en la transformaci\u00f3n de la leche. Derivado tanto de bacterias como de hongos, es una herramienta indispensable en muchos aspectos de la tecnolog\u00eda l\u00e1ctea.<\/p>\n","protected":false},"featured_media":27484,"template":"","meta":{"_acf_changed":false},"product_brand":[],"product_cat":[2732],"product_tag":[],"class_list":{"0":"post-27262","1":"product","2":"type-product","3":"status-publish","4":"has-post-thumbnail","6":"product_cat-lacteas","8":"first","9":"instock","10":"shipping-taxable","11":"product-type-simple"},"acf":[],"yoast_head":"<!-- This site is optimized with the Yoast SEO plugin v27.6 - https:\/\/yoast.com\/product\/yoast-seo-wordpress\/ -->\n<title>Quimosina EC 3.4.23.4 - Distribuidor mayorista<\/title>\n<meta name=\"description\" content=\"La quimosina EC 3.4.23.4 es una enzima indispensable en la industria l\u00e1ctea, que contribuye a la producci\u00f3n de productos l\u00e1cteos de alta calidad.\" \/>\n<meta name=\"robots\" content=\"index, follow, max-snippet:-1, max-image-preview:large, max-video-preview:-1\" \/>\n<link rel=\"canonical\" href=\"https:\/\/naturalpoland.com\/es\/productos\/productos-para-la-industria-alimentaria\/enzimas\/lacteas\/quimosina\/\" \/>\n<meta property=\"og:locale\" content=\"es_ES\" \/>\n<meta property=\"og:type\" content=\"article\" \/>\n<meta property=\"og:title\" content=\"Quimosina EC 3.4.23.4 - Distribuidor mayorista\" \/>\n<meta property=\"og:description\" content=\"La quimosina EC 3.4.23.4 es una enzima indispensable en la industria l\u00e1ctea, que contribuye a la producci\u00f3n de productos l\u00e1cteos de alta calidad.\" \/>\n<meta property=\"og:url\" content=\"https:\/\/naturalpoland.com\/es\/productos\/productos-para-la-industria-alimentaria\/enzimas\/lacteas\/quimosina\/\" \/>\n<meta property=\"og:site_name\" content=\"NATURAL POLAND - Distribuidor Mayorista de Materias Primas\" \/>\n<meta property=\"article:publisher\" content=\"https:\/\/www.facebook.com\/naturalpoland.b2b\" \/>\n<meta property=\"og:image\" content=\"https:\/\/naturalpoland.com\/wp-content\/uploads\/chymozyna.jpg\" \/>\n\t<meta property=\"og:image:width\" content=\"650\" \/>\n\t<meta property=\"og:image:height\" content=\"650\" \/>\n\t<meta property=\"og:image:type\" content=\"image\/jpeg\" \/>\n<script type=\"application\/ld+json\" class=\"yoast-schema-graph\">{\"@context\":\"https:\\\/\\\/schema.org\",\"@graph\":[{\"@type\":\"WebPage\",\"@id\":\"https:\\\/\\\/naturalpoland.com\\\/es\\\/productos\\\/productos-para-la-industria-alimentaria\\\/enzimas\\\/lacteas\\\/quimosina\\\/\",\"url\":\"https:\\\/\\\/naturalpoland.com\\\/es\\\/productos\\\/productos-para-la-industria-alimentaria\\\/enzimas\\\/lacteas\\\/quimosina\\\/\",\"name\":\"Quimosina EC 3.4.23.4 - Distribuidor mayorista\",\"isPartOf\":{\"@id\":\"https:\\\/\\\/naturalpoland.com\\\/es\\\/#website\"},\"primaryImageOfPage\":{\"@id\":\"https:\\\/\\\/naturalpoland.com\\\/es\\\/productos\\\/productos-para-la-industria-alimentaria\\\/enzimas\\\/lacteas\\\/quimosina\\\/#primaryimage\"},\"image\":{\"@id\":\"https:\\\/\\\/naturalpoland.com\\\/es\\\/productos\\\/productos-para-la-industria-alimentaria\\\/enzimas\\\/lacteas\\\/quimosina\\\/#primaryimage\"},\"thumbnailUrl\":\"https:\\\/\\\/naturalpoland.com\\\/wp-content\\\/uploads\\\/chymozyna.jpg\",\"datePublished\":\"2023-10-27T08:46:38+00:00\",\"description\":\"La quimosina EC 3.4.23.4 es una enzima indispensable en la industria l\u00e1ctea, que contribuye a la producci\u00f3n de productos l\u00e1cteos de alta calidad.\",\"breadcrumb\":{\"@id\":\"https:\\\/\\\/naturalpoland.com\\\/es\\\/productos\\\/productos-para-la-industria-alimentaria\\\/enzimas\\\/lacteas\\\/quimosina\\\/#breadcrumb\"},\"inLanguage\":\"es\",\"potentialAction\":[{\"@type\":\"ReadAction\",\"target\":[\"https:\\\/\\\/naturalpoland.com\\\/es\\\/productos\\\/productos-para-la-industria-alimentaria\\\/enzimas\\\/lacteas\\\/quimosina\\\/\"]}]},{\"@type\":\"ImageObject\",\"inLanguage\":\"es\",\"@id\":\"https:\\\/\\\/naturalpoland.com\\\/es\\\/productos\\\/productos-para-la-industria-alimentaria\\\/enzimas\\\/lacteas\\\/quimosina\\\/#primaryimage\",\"url\":\"https:\\\/\\\/naturalpoland.com\\\/wp-content\\\/uploads\\\/chymozyna.jpg\",\"contentUrl\":\"https:\\\/\\\/naturalpoland.com\\\/wp-content\\\/uploads\\\/chymozyna.jpg\",\"width\":650,\"height\":650,\"caption\":\"chymozyna\"},{\"@type\":\"BreadcrumbList\",\"@id\":\"https:\\\/\\\/naturalpoland.com\\\/es\\\/productos\\\/productos-para-la-industria-alimentaria\\\/enzimas\\\/lacteas\\\/quimosina\\\/#breadcrumb\",\"itemListElement\":[{\"@type\":\"ListItem\",\"position\":1,\"name\":\"Inicio\",\"item\":\"https:\\\/\\\/naturalpoland.com\\\/es\\\/\"},{\"@type\":\"ListItem\",\"position\":2,\"name\":\"Productos\",\"item\":\"https:\\\/\\\/naturalpoland.com\\\/es\\\/productos\\\/\"},{\"@type\":\"ListItem\",\"position\":3,\"name\":\"Quimosina EC 3.4.23.4\"}]},{\"@type\":\"WebSite\",\"@id\":\"https:\\\/\\\/naturalpoland.com\\\/es\\\/#website\",\"url\":\"https:\\\/\\\/naturalpoland.com\\\/es\\\/\",\"name\":\"NATURAL POLAND - Distribuidor Mayorista de Materias Primas\",\"description\":\"Surowce dla przemys\u0142u spo\u017cywczego, kosmetycznego i farmaceutycznego\",\"publisher\":{\"@id\":\"https:\\\/\\\/naturalpoland.com\\\/es\\\/#organization\"},\"potentialAction\":[{\"@type\":\"SearchAction\",\"target\":{\"@type\":\"EntryPoint\",\"urlTemplate\":\"https:\\\/\\\/naturalpoland.com\\\/es\\\/?s={search_term_string}\"},\"query-input\":{\"@type\":\"PropertyValueSpecification\",\"valueRequired\":true,\"valueName\":\"search_term_string\"}}],\"inLanguage\":\"es\"},{\"@type\":\"Organization\",\"@id\":\"https:\\\/\\\/naturalpoland.com\\\/es\\\/#organization\",\"name\":\"Natural Poland\",\"url\":\"https:\\\/\\\/naturalpoland.com\\\/es\\\/\",\"logo\":{\"@type\":\"ImageObject\",\"inLanguage\":\"es\",\"@id\":\"https:\\\/\\\/naturalpoland.com\\\/es\\\/#\\\/schema\\\/logo\\\/image\\\/\",\"url\":\"https:\\\/\\\/naturalpoland.com\\\/wp-content\\\/uploads\\\/2021\\\/05\\\/natural-poland-icon.png\",\"contentUrl\":\"https:\\\/\\\/naturalpoland.com\\\/wp-content\\\/uploads\\\/2021\\\/05\\\/natural-poland-icon.png\",\"width\":512,\"height\":512,\"caption\":\"Natural Poland\"},\"image\":{\"@id\":\"https:\\\/\\\/naturalpoland.com\\\/es\\\/#\\\/schema\\\/logo\\\/image\\\/\"},\"sameAs\":[\"https:\\\/\\\/www.facebook.com\\\/naturalpoland.b2b\",\"https:\\\/\\\/pl.linkedin.com\\\/company\\\/natural-poland\",\"https:\\\/\\\/www.youtube.com\\\/channel\\\/UCgeGGkvOMahZo-xu_MSEWxg\"]}]}<\/script>\n<!-- \/ Yoast SEO plugin. -->","yoast_head_json":{"title":"Quimosina EC 3.4.23.4 - Distribuidor mayorista","description":"La quimosina EC 3.4.23.4 es una enzima indispensable en la industria l\u00e1ctea, que contribuye a la producci\u00f3n de productos l\u00e1cteos de alta calidad.","robots":{"index":"index","follow":"follow","max-snippet":"max-snippet:-1","max-image-preview":"max-image-preview:large","max-video-preview":"max-video-preview:-1"},"canonical":"https:\/\/naturalpoland.com\/es\/productos\/productos-para-la-industria-alimentaria\/enzimas\/lacteas\/quimosina\/","og_locale":"es_ES","og_type":"article","og_title":"Quimosina EC 3.4.23.4 - Distribuidor mayorista","og_description":"La quimosina EC 3.4.23.4 es una enzima indispensable en la industria l\u00e1ctea, que contribuye a la producci\u00f3n de productos l\u00e1cteos de alta calidad.","og_url":"https:\/\/naturalpoland.com\/es\/productos\/productos-para-la-industria-alimentaria\/enzimas\/lacteas\/quimosina\/","og_site_name":"NATURAL POLAND - Distribuidor Mayorista de Materias Primas","article_publisher":"https:\/\/www.facebook.com\/naturalpoland.b2b","og_image":[{"width":650,"height":650,"url":"https:\/\/naturalpoland.com\/wp-content\/uploads\/chymozyna.jpg","type":"image\/jpeg"}],"schema":{"@context":"https:\/\/schema.org","@graph":[{"@type":"WebPage","@id":"https:\/\/naturalpoland.com\/es\/productos\/productos-para-la-industria-alimentaria\/enzimas\/lacteas\/quimosina\/","url":"https:\/\/naturalpoland.com\/es\/productos\/productos-para-la-industria-alimentaria\/enzimas\/lacteas\/quimosina\/","name":"Quimosina EC 3.4.23.4 - Distribuidor mayorista","isPartOf":{"@id":"https:\/\/naturalpoland.com\/es\/#website"},"primaryImageOfPage":{"@id":"https:\/\/naturalpoland.com\/es\/productos\/productos-para-la-industria-alimentaria\/enzimas\/lacteas\/quimosina\/#primaryimage"},"image":{"@id":"https:\/\/naturalpoland.com\/es\/productos\/productos-para-la-industria-alimentaria\/enzimas\/lacteas\/quimosina\/#primaryimage"},"thumbnailUrl":"https:\/\/naturalpoland.com\/wp-content\/uploads\/chymozyna.jpg","datePublished":"2023-10-27T08:46:38+00:00","description":"La quimosina EC 3.4.23.4 es una enzima indispensable en la industria l\u00e1ctea, que contribuye a la producci\u00f3n de productos l\u00e1cteos de alta calidad.","breadcrumb":{"@id":"https:\/\/naturalpoland.com\/es\/productos\/productos-para-la-industria-alimentaria\/enzimas\/lacteas\/quimosina\/#breadcrumb"},"inLanguage":"es","potentialAction":[{"@type":"ReadAction","target":["https:\/\/naturalpoland.com\/es\/productos\/productos-para-la-industria-alimentaria\/enzimas\/lacteas\/quimosina\/"]}]},{"@type":"ImageObject","inLanguage":"es","@id":"https:\/\/naturalpoland.com\/es\/productos\/productos-para-la-industria-alimentaria\/enzimas\/lacteas\/quimosina\/#primaryimage","url":"https:\/\/naturalpoland.com\/wp-content\/uploads\/chymozyna.jpg","contentUrl":"https:\/\/naturalpoland.com\/wp-content\/uploads\/chymozyna.jpg","width":650,"height":650,"caption":"chymozyna"},{"@type":"BreadcrumbList","@id":"https:\/\/naturalpoland.com\/es\/productos\/productos-para-la-industria-alimentaria\/enzimas\/lacteas\/quimosina\/#breadcrumb","itemListElement":[{"@type":"ListItem","position":1,"name":"Inicio","item":"https:\/\/naturalpoland.com\/es\/"},{"@type":"ListItem","position":2,"name":"Productos","item":"https:\/\/naturalpoland.com\/es\/productos\/"},{"@type":"ListItem","position":3,"name":"Quimosina EC 3.4.23.4"}]},{"@type":"WebSite","@id":"https:\/\/naturalpoland.com\/es\/#website","url":"https:\/\/naturalpoland.com\/es\/","name":"NATURAL POLAND - Distribuidor Mayorista de Materias Primas","description":"Surowce dla przemys\u0142u spo\u017cywczego, kosmetycznego i farmaceutycznego","publisher":{"@id":"https:\/\/naturalpoland.com\/es\/#organization"},"potentialAction":[{"@type":"SearchAction","target":{"@type":"EntryPoint","urlTemplate":"https:\/\/naturalpoland.com\/es\/?s={search_term_string}"},"query-input":{"@type":"PropertyValueSpecification","valueRequired":true,"valueName":"search_term_string"}}],"inLanguage":"es"},{"@type":"Organization","@id":"https:\/\/naturalpoland.com\/es\/#organization","name":"Natural Poland","url":"https:\/\/naturalpoland.com\/es\/","logo":{"@type":"ImageObject","inLanguage":"es","@id":"https:\/\/naturalpoland.com\/es\/#\/schema\/logo\/image\/","url":"https:\/\/naturalpoland.com\/wp-content\/uploads\/2021\/05\/natural-poland-icon.png","contentUrl":"https:\/\/naturalpoland.com\/wp-content\/uploads\/2021\/05\/natural-poland-icon.png","width":512,"height":512,"caption":"Natural Poland"},"image":{"@id":"https:\/\/naturalpoland.com\/es\/#\/schema\/logo\/image\/"},"sameAs":["https:\/\/www.facebook.com\/naturalpoland.b2b","https:\/\/pl.linkedin.com\/company\/natural-poland","https:\/\/www.youtube.com\/channel\/UCgeGGkvOMahZo-xu_MSEWxg"]}]}},"_links":{"self":[{"href":"https:\/\/naturalpoland.com\/es\/wp-json\/wp\/v2\/product\/27262","targetHints":{"allow":["GET"]}}],"collection":[{"href":"https:\/\/naturalpoland.com\/es\/wp-json\/wp\/v2\/product"}],"about":[{"href":"https:\/\/naturalpoland.com\/es\/wp-json\/wp\/v2\/types\/product"}],"wp:featuredmedia":[{"embeddable":true,"href":"https:\/\/naturalpoland.com\/es\/wp-json\/wp\/v2\/media\/27484"}],"wp:attachment":[{"href":"https:\/\/naturalpoland.com\/es\/wp-json\/wp\/v2\/media?parent=27262"}],"wp:term":[{"taxonomy":"product_brand","embeddable":true,"href":"https:\/\/naturalpoland.com\/es\/wp-json\/wp\/v2\/product_brand?post=27262"},{"taxonomy":"product_cat","embeddable":true,"href":"https:\/\/naturalpoland.com\/es\/wp-json\/wp\/v2\/product_cat?post=27262"},{"taxonomy":"product_tag","embeddable":true,"href":"https:\/\/naturalpoland.com\/es\/wp-json\/wp\/v2\/product_tag?post=27262"}],"curies":[{"name":"wp","href":"https:\/\/api.w.org\/{rel}","templated":true}]}}