{"id":27265,"date":"2023-10-24T13:08:48","date_gmt":"2023-10-27T08:46:41","guid":{"rendered":"https:\/\/naturalpoland.com\/produkty\/sin%20categor\u00eda\/l-treonato-de-magnesio\/"},"modified":"2024-08-23T15:06:34","modified_gmt":"2024-08-23T13:06:34","slug":"l-treonato-de-magnesio","status":"publish","type":"product","link":"https:\/\/naturalpoland.com\/es\/productos\/productos-para-la-industria-farmaceutica-y-medica\/aditivos-para-complementos-alimenticios\/l-treonato-de-magnesio\/","title":{"rendered":"L-treonato de magnesio"},"content":{"rendered":"<p>El L-treonato de magnesio es una combinaci\u00f3n \u00fanica de l-treonina con magnesio. Crea una f\u00f3rmula con una biodisponibilidad excepcionalmente alta que llega a zonas clave del cerebro para favorecer su funcionamiento \u00f3ptimo.  <\/p>\n<h2>Propiedades:<\/h2>\n<p>  El L-treonato de magnesio es una forma especialmente eficaz de magnesio que favorece la funci\u00f3n cognitiva.<br \/>\nLos estudios indican que puede mejorar la memoria, la concentraci\u00f3n y la capacidad de aprendizaje.<br \/>\nDebido a su capacidad de penetrar la barrera hematoencef\u00e1lica, el L-treonato de magnesio afecta directamente al sistema nervioso para favorecer la neuroplasticidad.<br \/>\nAdem\u00e1s, el magnesio desempe\u00f1a <strong>un papel importante en muchos procesos bioqu\u00edmicos<\/strong>, como la s\u00edntesis de prote\u00ednas, la funci\u00f3n muscular, la regulaci\u00f3n de la tensi\u00f3n arterial y el control de la glucosa en sangre.<br \/>\nLa forma de L-treonato de magnesio tambi\u00e9n es <strong>bien tolerada por el organismo<\/strong>, lo que minimiza el riesgo de molestias gastrointestinales que pueden producirse con otras formas de magnesio.      <\/p>\n<h2>Aplicaci\u00f3n:<\/h2>\n<p>  El L-treonato de magnesio se utiliza en complementos diet\u00e9ticos para ancianos y personas que necesitan ayuda con la memoria y la concentraci\u00f3n.<br \/>\nLa materia prima tambi\u00e9n puede utilizarse en f\u00f3rmulas dise\u00f1adas para ayudar al sistema nervioso, reducir el estr\u00e9s, mejorar el sue\u00f1o y, en general, mejorar la funci\u00f3n cerebral.   <\/p>\n<h2>Ventajas del uso del L-Treonato de Magnesio:<\/h2>\n<ul>\n<li><strong>Alta biodisponibilidad:<\/strong> gracias a su formulaci\u00f3n \u00fanica, el L-treonato de magnesio es perfectamente absorbido por el organismo, lo que garantiza un aporte m\u00e1s eficaz de magnesio a las c\u00e9lulas.<\/li>\n<li><strong>Apoyo a la funci\u00f3n cognitiva:<\/strong> El magnesio es esencial para el buen funcionamiento de las c\u00e9lulas nerviosas y las sinapsis. Su adecuada concentraci\u00f3n contribuye a mejorar la concentraci\u00f3n, la memoria y la capacidad de aprendizaje.<\/li>\n<li><strong>Protecci\u00f3n del sistema nervioso:<\/strong> El L-Treonato de Magnesio contribuye a la estabilizaci\u00f3n de las membranas de las c\u00e9lulas neuronales, asegurando su protecci\u00f3n y una correcta comunicaci\u00f3n intercelular.<\/li>\n<li><strong>Ayuda a la funci\u00f3n muscular:<\/strong> El magnesio es crucial para el correcto funcionamiento de los m\u00fasculos, favoreciendo su contracci\u00f3n y relajaci\u00f3n.<\/li>\n<\/ul>\n","protected":false},"excerpt":{"rendered":"<p>El L-treonato de magnesio es una forma innovadora de magnesio, dise\u00f1ada para quienes buscan no s\u00f3lo apoyo para la funci\u00f3n muscular, sino tambi\u00e9n para la funci\u00f3n cognitiva y el sistema nervioso.<\/p>\n","protected":false},"featured_media":27076,"template":"","meta":{"_acf_changed":false},"product_brand":[],"product_cat":[1076],"product_tag":[],"class_list":{"0":"post-27265","1":"product","2":"type-product","3":"status-publish","4":"has-post-thumbnail","6":"product_cat-aditivos-para-complementos-alimenticios","8":"first","9":"instock","10":"shipping-taxable","11":"product-type-simple"},"acf":[],"yoast_head":"<!-- This site is optimized with the Yoast SEO plugin v27.4 - https:\/\/yoast.com\/product\/yoast-seo-wordpress\/ -->\n<title>L-treonato de magnesio - NATURAL POLAND - Distribuidor Mayorista de Materias Primas<\/title>\n<meta name=\"description\" content=\"Al elegir L-treonato de magnesio, est\u00e1 eligiendo un apoyo avanzado para su cerebro y todo el sistema nervioso. Apueste por la calidad y la innovaci\u00f3n.\" \/>\n<meta name=\"robots\" content=\"index, follow, max-snippet:-1, max-image-preview:large, max-video-preview:-1\" \/>\n<link rel=\"canonical\" href=\"https:\/\/naturalpoland.com\/es\/productos\/productos-para-la-industria-farmaceutica-y-medica\/aditivos-para-complementos-alimenticios\/l-treonato-de-magnesio\/\" \/>\n<meta property=\"og:locale\" content=\"es_ES\" \/>\n<meta property=\"og:type\" content=\"article\" \/>\n<meta property=\"og:title\" content=\"L-treonato de magnesio - NATURAL POLAND - Distribuidor Mayorista de Materias Primas\" \/>\n<meta property=\"og:description\" content=\"Al elegir L-treonato de magnesio, est\u00e1 eligiendo un apoyo avanzado para su cerebro y todo el sistema nervioso. Apueste por la calidad y la innovaci\u00f3n.\" \/>\n<meta property=\"og:url\" content=\"https:\/\/naturalpoland.com\/es\/productos\/productos-para-la-industria-farmaceutica-y-medica\/aditivos-para-complementos-alimenticios\/l-treonato-de-magnesio\/\" \/>\n<meta property=\"og:site_name\" content=\"NATURAL POLAND - Distribuidor Mayorista de Materias Primas\" \/>\n<meta property=\"article:publisher\" content=\"https:\/\/www.facebook.com\/naturalpoland.b2b\" \/>\n<meta property=\"article:modified_time\" content=\"2024-08-23T13:06:34+00:00\" \/>\n<meta property=\"og:image\" content=\"https:\/\/naturalpoland.com\/wp-content\/uploads\/magnesium-l-threonate.png\" \/>\n\t<meta property=\"og:image:width\" content=\"618\" \/>\n\t<meta property=\"og:image:height\" content=\"618\" \/>\n\t<meta property=\"og:image:type\" content=\"image\/png\" \/>\n<script type=\"application\/ld+json\" class=\"yoast-schema-graph\">{\"@context\":\"https:\\\/\\\/schema.org\",\"@graph\":[{\"@type\":\"WebPage\",\"@id\":\"https:\\\/\\\/naturalpoland.com\\\/es\\\/productos\\\/productos-para-la-industria-farmaceutica-y-medica\\\/aditivos-para-complementos-alimenticios\\\/l-treonato-de-magnesio\\\/\",\"url\":\"https:\\\/\\\/naturalpoland.com\\\/es\\\/productos\\\/productos-para-la-industria-farmaceutica-y-medica\\\/aditivos-para-complementos-alimenticios\\\/l-treonato-de-magnesio\\\/\",\"name\":\"L-treonato de magnesio - NATURAL POLAND - Distribuidor Mayorista de Materias Primas\",\"isPartOf\":{\"@id\":\"https:\\\/\\\/naturalpoland.com\\\/es\\\/#website\"},\"primaryImageOfPage\":{\"@id\":\"https:\\\/\\\/naturalpoland.com\\\/es\\\/productos\\\/productos-para-la-industria-farmaceutica-y-medica\\\/aditivos-para-complementos-alimenticios\\\/l-treonato-de-magnesio\\\/#primaryimage\"},\"image\":{\"@id\":\"https:\\\/\\\/naturalpoland.com\\\/es\\\/productos\\\/productos-para-la-industria-farmaceutica-y-medica\\\/aditivos-para-complementos-alimenticios\\\/l-treonato-de-magnesio\\\/#primaryimage\"},\"thumbnailUrl\":\"https:\\\/\\\/naturalpoland.com\\\/wp-content\\\/uploads\\\/magnesium-l-threonate.png\",\"datePublished\":\"2023-10-27T08:46:41+00:00\",\"dateModified\":\"2024-08-23T13:06:34+00:00\",\"description\":\"Al elegir L-treonato de magnesio, est\u00e1 eligiendo un apoyo avanzado para su cerebro y todo el sistema nervioso. Apueste por la calidad y la innovaci\u00f3n.\",\"breadcrumb\":{\"@id\":\"https:\\\/\\\/naturalpoland.com\\\/es\\\/productos\\\/productos-para-la-industria-farmaceutica-y-medica\\\/aditivos-para-complementos-alimenticios\\\/l-treonato-de-magnesio\\\/#breadcrumb\"},\"inLanguage\":\"es\",\"potentialAction\":[{\"@type\":\"ReadAction\",\"target\":[\"https:\\\/\\\/naturalpoland.com\\\/es\\\/productos\\\/productos-para-la-industria-farmaceutica-y-medica\\\/aditivos-para-complementos-alimenticios\\\/l-treonato-de-magnesio\\\/\"]}]},{\"@type\":\"ImageObject\",\"inLanguage\":\"es\",\"@id\":\"https:\\\/\\\/naturalpoland.com\\\/es\\\/productos\\\/productos-para-la-industria-farmaceutica-y-medica\\\/aditivos-para-complementos-alimenticios\\\/l-treonato-de-magnesio\\\/#primaryimage\",\"url\":\"https:\\\/\\\/naturalpoland.com\\\/wp-content\\\/uploads\\\/magnesium-l-threonate.png\",\"contentUrl\":\"https:\\\/\\\/naturalpoland.com\\\/wp-content\\\/uploads\\\/magnesium-l-threonate.png\",\"width\":618,\"height\":618,\"caption\":\"L-treonato de magnesio\"},{\"@type\":\"BreadcrumbList\",\"@id\":\"https:\\\/\\\/naturalpoland.com\\\/es\\\/productos\\\/productos-para-la-industria-farmaceutica-y-medica\\\/aditivos-para-complementos-alimenticios\\\/l-treonato-de-magnesio\\\/#breadcrumb\",\"itemListElement\":[{\"@type\":\"ListItem\",\"position\":1,\"name\":\"Inicio\",\"item\":\"https:\\\/\\\/naturalpoland.com\\\/es\\\/\"},{\"@type\":\"ListItem\",\"position\":2,\"name\":\"Productos\",\"item\":\"https:\\\/\\\/naturalpoland.com\\\/es\\\/productos\\\/\"},{\"@type\":\"ListItem\",\"position\":3,\"name\":\"L-treonato de magnesio\"}]},{\"@type\":\"WebSite\",\"@id\":\"https:\\\/\\\/naturalpoland.com\\\/es\\\/#website\",\"url\":\"https:\\\/\\\/naturalpoland.com\\\/es\\\/\",\"name\":\"NATURAL POLAND - Distribuidor Mayorista de Materias Primas\",\"description\":\"Surowce dla przemys\u0142u spo\u017cywczego, kosmetycznego i farmaceutycznego\",\"publisher\":{\"@id\":\"https:\\\/\\\/naturalpoland.com\\\/es\\\/#organization\"},\"potentialAction\":[{\"@type\":\"SearchAction\",\"target\":{\"@type\":\"EntryPoint\",\"urlTemplate\":\"https:\\\/\\\/naturalpoland.com\\\/es\\\/?s={search_term_string}\"},\"query-input\":{\"@type\":\"PropertyValueSpecification\",\"valueRequired\":true,\"valueName\":\"search_term_string\"}}],\"inLanguage\":\"es\"},{\"@type\":\"Organization\",\"@id\":\"https:\\\/\\\/naturalpoland.com\\\/es\\\/#organization\",\"name\":\"Natural Poland\",\"url\":\"https:\\\/\\\/naturalpoland.com\\\/es\\\/\",\"logo\":{\"@type\":\"ImageObject\",\"inLanguage\":\"es\",\"@id\":\"https:\\\/\\\/naturalpoland.com\\\/es\\\/#\\\/schema\\\/logo\\\/image\\\/\",\"url\":\"https:\\\/\\\/naturalpoland.com\\\/wp-content\\\/uploads\\\/2021\\\/05\\\/natural-poland-icon.png\",\"contentUrl\":\"https:\\\/\\\/naturalpoland.com\\\/wp-content\\\/uploads\\\/2021\\\/05\\\/natural-poland-icon.png\",\"width\":512,\"height\":512,\"caption\":\"Natural Poland\"},\"image\":{\"@id\":\"https:\\\/\\\/naturalpoland.com\\\/es\\\/#\\\/schema\\\/logo\\\/image\\\/\"},\"sameAs\":[\"https:\\\/\\\/www.facebook.com\\\/naturalpoland.b2b\",\"https:\\\/\\\/pl.linkedin.com\\\/company\\\/natural-poland\",\"https:\\\/\\\/www.youtube.com\\\/channel\\\/UCgeGGkvOMahZo-xu_MSEWxg\"]}]}<\/script>\n<!-- \/ Yoast SEO plugin. -->","yoast_head_json":{"title":"L-treonato de magnesio - NATURAL POLAND - Distribuidor Mayorista de Materias Primas","description":"Al elegir L-treonato de magnesio, est\u00e1 eligiendo un apoyo avanzado para su cerebro y todo el sistema nervioso. Apueste por la calidad y la innovaci\u00f3n.","robots":{"index":"index","follow":"follow","max-snippet":"max-snippet:-1","max-image-preview":"max-image-preview:large","max-video-preview":"max-video-preview:-1"},"canonical":"https:\/\/naturalpoland.com\/es\/productos\/productos-para-la-industria-farmaceutica-y-medica\/aditivos-para-complementos-alimenticios\/l-treonato-de-magnesio\/","og_locale":"es_ES","og_type":"article","og_title":"L-treonato de magnesio - NATURAL POLAND - Distribuidor Mayorista de Materias Primas","og_description":"Al elegir L-treonato de magnesio, est\u00e1 eligiendo un apoyo avanzado para su cerebro y todo el sistema nervioso. Apueste por la calidad y la innovaci\u00f3n.","og_url":"https:\/\/naturalpoland.com\/es\/productos\/productos-para-la-industria-farmaceutica-y-medica\/aditivos-para-complementos-alimenticios\/l-treonato-de-magnesio\/","og_site_name":"NATURAL POLAND - Distribuidor Mayorista de Materias Primas","article_publisher":"https:\/\/www.facebook.com\/naturalpoland.b2b","article_modified_time":"2024-08-23T13:06:34+00:00","og_image":[{"width":618,"height":618,"url":"https:\/\/naturalpoland.com\/wp-content\/uploads\/magnesium-l-threonate.png","type":"image\/png"}],"schema":{"@context":"https:\/\/schema.org","@graph":[{"@type":"WebPage","@id":"https:\/\/naturalpoland.com\/es\/productos\/productos-para-la-industria-farmaceutica-y-medica\/aditivos-para-complementos-alimenticios\/l-treonato-de-magnesio\/","url":"https:\/\/naturalpoland.com\/es\/productos\/productos-para-la-industria-farmaceutica-y-medica\/aditivos-para-complementos-alimenticios\/l-treonato-de-magnesio\/","name":"L-treonato de magnesio - NATURAL POLAND - Distribuidor Mayorista de Materias Primas","isPartOf":{"@id":"https:\/\/naturalpoland.com\/es\/#website"},"primaryImageOfPage":{"@id":"https:\/\/naturalpoland.com\/es\/productos\/productos-para-la-industria-farmaceutica-y-medica\/aditivos-para-complementos-alimenticios\/l-treonato-de-magnesio\/#primaryimage"},"image":{"@id":"https:\/\/naturalpoland.com\/es\/productos\/productos-para-la-industria-farmaceutica-y-medica\/aditivos-para-complementos-alimenticios\/l-treonato-de-magnesio\/#primaryimage"},"thumbnailUrl":"https:\/\/naturalpoland.com\/wp-content\/uploads\/magnesium-l-threonate.png","datePublished":"2023-10-27T08:46:41+00:00","dateModified":"2024-08-23T13:06:34+00:00","description":"Al elegir L-treonato de magnesio, est\u00e1 eligiendo un apoyo avanzado para su cerebro y todo el sistema nervioso. Apueste por la calidad y la innovaci\u00f3n.","breadcrumb":{"@id":"https:\/\/naturalpoland.com\/es\/productos\/productos-para-la-industria-farmaceutica-y-medica\/aditivos-para-complementos-alimenticios\/l-treonato-de-magnesio\/#breadcrumb"},"inLanguage":"es","potentialAction":[{"@type":"ReadAction","target":["https:\/\/naturalpoland.com\/es\/productos\/productos-para-la-industria-farmaceutica-y-medica\/aditivos-para-complementos-alimenticios\/l-treonato-de-magnesio\/"]}]},{"@type":"ImageObject","inLanguage":"es","@id":"https:\/\/naturalpoland.com\/es\/productos\/productos-para-la-industria-farmaceutica-y-medica\/aditivos-para-complementos-alimenticios\/l-treonato-de-magnesio\/#primaryimage","url":"https:\/\/naturalpoland.com\/wp-content\/uploads\/magnesium-l-threonate.png","contentUrl":"https:\/\/naturalpoland.com\/wp-content\/uploads\/magnesium-l-threonate.png","width":618,"height":618,"caption":"L-treonato de magnesio"},{"@type":"BreadcrumbList","@id":"https:\/\/naturalpoland.com\/es\/productos\/productos-para-la-industria-farmaceutica-y-medica\/aditivos-para-complementos-alimenticios\/l-treonato-de-magnesio\/#breadcrumb","itemListElement":[{"@type":"ListItem","position":1,"name":"Inicio","item":"https:\/\/naturalpoland.com\/es\/"},{"@type":"ListItem","position":2,"name":"Productos","item":"https:\/\/naturalpoland.com\/es\/productos\/"},{"@type":"ListItem","position":3,"name":"L-treonato de magnesio"}]},{"@type":"WebSite","@id":"https:\/\/naturalpoland.com\/es\/#website","url":"https:\/\/naturalpoland.com\/es\/","name":"NATURAL POLAND - Distribuidor Mayorista de Materias Primas","description":"Surowce dla przemys\u0142u spo\u017cywczego, kosmetycznego i farmaceutycznego","publisher":{"@id":"https:\/\/naturalpoland.com\/es\/#organization"},"potentialAction":[{"@type":"SearchAction","target":{"@type":"EntryPoint","urlTemplate":"https:\/\/naturalpoland.com\/es\/?s={search_term_string}"},"query-input":{"@type":"PropertyValueSpecification","valueRequired":true,"valueName":"search_term_string"}}],"inLanguage":"es"},{"@type":"Organization","@id":"https:\/\/naturalpoland.com\/es\/#organization","name":"Natural Poland","url":"https:\/\/naturalpoland.com\/es\/","logo":{"@type":"ImageObject","inLanguage":"es","@id":"https:\/\/naturalpoland.com\/es\/#\/schema\/logo\/image\/","url":"https:\/\/naturalpoland.com\/wp-content\/uploads\/2021\/05\/natural-poland-icon.png","contentUrl":"https:\/\/naturalpoland.com\/wp-content\/uploads\/2021\/05\/natural-poland-icon.png","width":512,"height":512,"caption":"Natural Poland"},"image":{"@id":"https:\/\/naturalpoland.com\/es\/#\/schema\/logo\/image\/"},"sameAs":["https:\/\/www.facebook.com\/naturalpoland.b2b","https:\/\/pl.linkedin.com\/company\/natural-poland","https:\/\/www.youtube.com\/channel\/UCgeGGkvOMahZo-xu_MSEWxg"]}]}},"_links":{"self":[{"href":"https:\/\/naturalpoland.com\/es\/wp-json\/wp\/v2\/product\/27265","targetHints":{"allow":["GET"]}}],"collection":[{"href":"https:\/\/naturalpoland.com\/es\/wp-json\/wp\/v2\/product"}],"about":[{"href":"https:\/\/naturalpoland.com\/es\/wp-json\/wp\/v2\/types\/product"}],"wp:featuredmedia":[{"embeddable":true,"href":"https:\/\/naturalpoland.com\/es\/wp-json\/wp\/v2\/media\/27076"}],"wp:attachment":[{"href":"https:\/\/naturalpoland.com\/es\/wp-json\/wp\/v2\/media?parent=27265"}],"wp:term":[{"taxonomy":"product_brand","embeddable":true,"href":"https:\/\/naturalpoland.com\/es\/wp-json\/wp\/v2\/product_brand?post=27265"},{"taxonomy":"product_cat","embeddable":true,"href":"https:\/\/naturalpoland.com\/es\/wp-json\/wp\/v2\/product_cat?post=27265"},{"taxonomy":"product_tag","embeddable":true,"href":"https:\/\/naturalpoland.com\/es\/wp-json\/wp\/v2\/product_tag?post=27265"}],"curies":[{"name":"wp","href":"https:\/\/api.w.org\/{rel}","templated":true}]}}