{"id":29335,"date":"2024-01-08T11:53:06","date_gmt":"2024-01-10T11:33:54","guid":{"rendered":"https:\/\/naturalpoland.com\/produkty\/sin categor\u00eda\/palmitoil-tetrapeptido-7\/"},"modified":"2024-01-10T12:33:54","modified_gmt":"2024-01-10T11:33:54","slug":"palmitoil-tetrapeptido-7","status":"publish","type":"product","link":"https:\/\/naturalpoland.com\/es\/productos\/productos-para-la-industria-cosmetica\/peptidos\/palmitoil-tetrapeptido-7\/","title":{"rendered":"Palmitoil tetrap\u00e9ptido-7"},"content":{"rendered":"<p><strong>Mecanismo de acci\u00f3n:<\/strong><\/p>\n<p>El palmitoil trip\u00e9ptido-7 act\u00faa sobre los queratinocitos para reducir la secreci\u00f3n de interleucina 6 (IL6). Esto mantiene el equilibrio celular de la piel y minimiza la respuesta inflamatoria. Como resultado, este ingrediente es eficaz para mejorar la firmeza y elasticidad de la piel. Adem\u00e1s, act\u00faa como mensajero celular, estimulando la s\u00edntesis de col\u00e1geno (tipos I, II, IV) y elastina en la piel, lo que contribuye a la regeneraci\u00f3n de las fibras de col\u00e1geno.<\/p>\n<p><strong>Un experimento sobre la eficacia antiarrugas:<\/strong><\/p>\n<p>En un estudio en el que participaron 28 sujetos, se aplic\u00f3 palmitoil trip\u00e9ptido-7 en el rostro. Los resultados mostraron que, tras una aplicaci\u00f3n de dos meses del ingrediente, se produjo un aumento significativo del contenido de fibra d\u00e9rmica en comparaci\u00f3n con el valor de referencia.<\/p>\n<p><strong>Aplicaciones:<\/strong><\/p>\n<p>El palmitoil trip\u00e9ptido-7 se utiliza ampliamente en productos cosm\u00e9ticos con efectos antienvejecimiento, antiarrugas, antiinflamatorios, reafirmantes y antial\u00e9rgicos, entre otros. Es un ingrediente clave en productos como geles, lociones, cremas de d\u00eda y de noche, sueros para los ojos y mascarillas faciales.<\/p>\n<p>La concentraci\u00f3n recomendada para su uso en productos oscila entre el 0,002% y el 0,01%.<\/p>\n","protected":false},"excerpt":{"rendered":"<p>El palmitoil trip\u00e9ptido-7 es un eficaz ingrediente activo utilizado en cosm\u00e9tica, cuya funci\u00f3n principal es reducir los procesos inflamatorios de la piel, lo que se traduce en una mejora de la firmeza y la elasticidad.<\/p>\n","protected":false},"featured_media":29303,"template":"","meta":{"_acf_changed":false},"product_brand":[],"product_cat":[2495],"product_tag":[],"class_list":{"0":"post-29335","1":"product","2":"type-product","3":"status-publish","4":"has-post-thumbnail","6":"product_cat-peptidos","7":"pa_metoda-pozyskiwania-fermentacion-biologica","9":"first","10":"instock","11":"shipping-taxable","12":"product-type-simple"},"acf":[],"yoast_head":"<!-- This site is optimized with the Yoast SEO plugin v27.5 - https:\/\/yoast.com\/product\/yoast-seo-wordpress\/ -->\n<title>Palmitoil tetrap\u00e9ptido-7 - Distribuidor mayorista<\/title>\n<meta name=\"description\" content=\"El palmitoil trip\u00e9ptido-7 es un eficaz ingrediente activo utilizado en cosm\u00e9tica, cuya funci\u00f3n principal es reducir los procesos inflamatorios de la piel.\" \/>\n<meta name=\"robots\" content=\"index, follow, max-snippet:-1, max-image-preview:large, max-video-preview:-1\" \/>\n<link rel=\"canonical\" href=\"https:\/\/naturalpoland.com\/es\/productos\/productos-para-la-industria-cosmetica\/peptidos\/palmitoil-tetrapeptido-7\/\" \/>\n<meta property=\"og:locale\" content=\"es_ES\" \/>\n<meta property=\"og:type\" content=\"article\" \/>\n<meta property=\"og:title\" content=\"Palmitoil tetrap\u00e9ptido-7 - Distribuidor mayorista\" \/>\n<meta property=\"og:description\" content=\"El palmitoil trip\u00e9ptido-7 es un eficaz ingrediente activo utilizado en cosm\u00e9tica, cuya funci\u00f3n principal es reducir los procesos inflamatorios de la piel.\" \/>\n<meta property=\"og:url\" content=\"https:\/\/naturalpoland.com\/es\/productos\/productos-para-la-industria-cosmetica\/peptidos\/palmitoil-tetrapeptido-7\/\" \/>\n<meta property=\"og:site_name\" content=\"NATURAL POLAND - Distribuidor Mayorista de Materias Primas\" \/>\n<meta property=\"article:publisher\" content=\"https:\/\/www.facebook.com\/naturalpoland.b2b\" \/>\n<meta property=\"og:image\" content=\"https:\/\/naturalpoland.com\/wp-content\/uploads\/copper_peptide.webp\" \/>\n\t<meta property=\"og:image:width\" content=\"618\" \/>\n\t<meta property=\"og:image:height\" content=\"618\" \/>\n\t<meta property=\"og:image:type\" content=\"image\/webp\" \/>\n<script type=\"application\/ld+json\" class=\"yoast-schema-graph\">{\"@context\":\"https:\\\/\\\/schema.org\",\"@graph\":[{\"@type\":\"WebPage\",\"@id\":\"https:\\\/\\\/naturalpoland.com\\\/es\\\/productos\\\/productos-para-la-industria-cosmetica\\\/peptidos\\\/palmitoil-tetrapeptido-7\\\/\",\"url\":\"https:\\\/\\\/naturalpoland.com\\\/es\\\/productos\\\/productos-para-la-industria-cosmetica\\\/peptidos\\\/palmitoil-tetrapeptido-7\\\/\",\"name\":\"Palmitoil tetrap\u00e9ptido-7 - Distribuidor mayorista\",\"isPartOf\":{\"@id\":\"https:\\\/\\\/naturalpoland.com\\\/es\\\/#website\"},\"primaryImageOfPage\":{\"@id\":\"https:\\\/\\\/naturalpoland.com\\\/es\\\/productos\\\/productos-para-la-industria-cosmetica\\\/peptidos\\\/palmitoil-tetrapeptido-7\\\/#primaryimage\"},\"image\":{\"@id\":\"https:\\\/\\\/naturalpoland.com\\\/es\\\/productos\\\/productos-para-la-industria-cosmetica\\\/peptidos\\\/palmitoil-tetrapeptido-7\\\/#primaryimage\"},\"thumbnailUrl\":\"https:\\\/\\\/naturalpoland.com\\\/wp-content\\\/uploads\\\/copper_peptide.webp\",\"datePublished\":\"2024-01-10T11:33:54+00:00\",\"description\":\"El palmitoil trip\u00e9ptido-7 es un eficaz ingrediente activo utilizado en cosm\u00e9tica, cuya funci\u00f3n principal es reducir los procesos inflamatorios de la piel.\",\"breadcrumb\":{\"@id\":\"https:\\\/\\\/naturalpoland.com\\\/es\\\/productos\\\/productos-para-la-industria-cosmetica\\\/peptidos\\\/palmitoil-tetrapeptido-7\\\/#breadcrumb\"},\"inLanguage\":\"es\",\"potentialAction\":[{\"@type\":\"ReadAction\",\"target\":[\"https:\\\/\\\/naturalpoland.com\\\/es\\\/productos\\\/productos-para-la-industria-cosmetica\\\/peptidos\\\/palmitoil-tetrapeptido-7\\\/\"]}]},{\"@type\":\"ImageObject\",\"inLanguage\":\"es\",\"@id\":\"https:\\\/\\\/naturalpoland.com\\\/es\\\/productos\\\/productos-para-la-industria-cosmetica\\\/peptidos\\\/palmitoil-tetrapeptido-7\\\/#primaryimage\",\"url\":\"https:\\\/\\\/naturalpoland.com\\\/wp-content\\\/uploads\\\/copper_peptide.webp\",\"contentUrl\":\"https:\\\/\\\/naturalpoland.com\\\/wp-content\\\/uploads\\\/copper_peptide.webp\",\"width\":618,\"height\":618,\"caption\":\"p\u00e9ptido de cobre\"},{\"@type\":\"BreadcrumbList\",\"@id\":\"https:\\\/\\\/naturalpoland.com\\\/es\\\/productos\\\/productos-para-la-industria-cosmetica\\\/peptidos\\\/palmitoil-tetrapeptido-7\\\/#breadcrumb\",\"itemListElement\":[{\"@type\":\"ListItem\",\"position\":1,\"name\":\"Inicio\",\"item\":\"https:\\\/\\\/naturalpoland.com\\\/es\\\/\"},{\"@type\":\"ListItem\",\"position\":2,\"name\":\"Productos\",\"item\":\"https:\\\/\\\/naturalpoland.com\\\/es\\\/productos\\\/\"},{\"@type\":\"ListItem\",\"position\":3,\"name\":\"Palmitoil tetrap\u00e9ptido-7\"}]},{\"@type\":\"WebSite\",\"@id\":\"https:\\\/\\\/naturalpoland.com\\\/es\\\/#website\",\"url\":\"https:\\\/\\\/naturalpoland.com\\\/es\\\/\",\"name\":\"NATURAL POLAND - Distribuidor Mayorista de Materias Primas\",\"description\":\"Surowce dla przemys\u0142u spo\u017cywczego, kosmetycznego i farmaceutycznego\",\"publisher\":{\"@id\":\"https:\\\/\\\/naturalpoland.com\\\/es\\\/#organization\"},\"potentialAction\":[{\"@type\":\"SearchAction\",\"target\":{\"@type\":\"EntryPoint\",\"urlTemplate\":\"https:\\\/\\\/naturalpoland.com\\\/es\\\/?s={search_term_string}\"},\"query-input\":{\"@type\":\"PropertyValueSpecification\",\"valueRequired\":true,\"valueName\":\"search_term_string\"}}],\"inLanguage\":\"es\"},{\"@type\":\"Organization\",\"@id\":\"https:\\\/\\\/naturalpoland.com\\\/es\\\/#organization\",\"name\":\"Natural Poland\",\"url\":\"https:\\\/\\\/naturalpoland.com\\\/es\\\/\",\"logo\":{\"@type\":\"ImageObject\",\"inLanguage\":\"es\",\"@id\":\"https:\\\/\\\/naturalpoland.com\\\/es\\\/#\\\/schema\\\/logo\\\/image\\\/\",\"url\":\"https:\\\/\\\/naturalpoland.com\\\/wp-content\\\/uploads\\\/2021\\\/05\\\/natural-poland-icon.png\",\"contentUrl\":\"https:\\\/\\\/naturalpoland.com\\\/wp-content\\\/uploads\\\/2021\\\/05\\\/natural-poland-icon.png\",\"width\":512,\"height\":512,\"caption\":\"Natural Poland\"},\"image\":{\"@id\":\"https:\\\/\\\/naturalpoland.com\\\/es\\\/#\\\/schema\\\/logo\\\/image\\\/\"},\"sameAs\":[\"https:\\\/\\\/www.facebook.com\\\/naturalpoland.b2b\",\"https:\\\/\\\/pl.linkedin.com\\\/company\\\/natural-poland\",\"https:\\\/\\\/www.youtube.com\\\/channel\\\/UCgeGGkvOMahZo-xu_MSEWxg\"]}]}<\/script>\n<!-- \/ Yoast SEO plugin. -->","yoast_head_json":{"title":"Palmitoil tetrap\u00e9ptido-7 - Distribuidor mayorista","description":"El palmitoil trip\u00e9ptido-7 es un eficaz ingrediente activo utilizado en cosm\u00e9tica, cuya funci\u00f3n principal es reducir los procesos inflamatorios de la piel.","robots":{"index":"index","follow":"follow","max-snippet":"max-snippet:-1","max-image-preview":"max-image-preview:large","max-video-preview":"max-video-preview:-1"},"canonical":"https:\/\/naturalpoland.com\/es\/productos\/productos-para-la-industria-cosmetica\/peptidos\/palmitoil-tetrapeptido-7\/","og_locale":"es_ES","og_type":"article","og_title":"Palmitoil tetrap\u00e9ptido-7 - Distribuidor mayorista","og_description":"El palmitoil trip\u00e9ptido-7 es un eficaz ingrediente activo utilizado en cosm\u00e9tica, cuya funci\u00f3n principal es reducir los procesos inflamatorios de la piel.","og_url":"https:\/\/naturalpoland.com\/es\/productos\/productos-para-la-industria-cosmetica\/peptidos\/palmitoil-tetrapeptido-7\/","og_site_name":"NATURAL POLAND - Distribuidor Mayorista de Materias Primas","article_publisher":"https:\/\/www.facebook.com\/naturalpoland.b2b","og_image":[{"width":618,"height":618,"url":"https:\/\/naturalpoland.com\/wp-content\/uploads\/copper_peptide.webp","type":"image\/webp"}],"schema":{"@context":"https:\/\/schema.org","@graph":[{"@type":"WebPage","@id":"https:\/\/naturalpoland.com\/es\/productos\/productos-para-la-industria-cosmetica\/peptidos\/palmitoil-tetrapeptido-7\/","url":"https:\/\/naturalpoland.com\/es\/productos\/productos-para-la-industria-cosmetica\/peptidos\/palmitoil-tetrapeptido-7\/","name":"Palmitoil tetrap\u00e9ptido-7 - Distribuidor mayorista","isPartOf":{"@id":"https:\/\/naturalpoland.com\/es\/#website"},"primaryImageOfPage":{"@id":"https:\/\/naturalpoland.com\/es\/productos\/productos-para-la-industria-cosmetica\/peptidos\/palmitoil-tetrapeptido-7\/#primaryimage"},"image":{"@id":"https:\/\/naturalpoland.com\/es\/productos\/productos-para-la-industria-cosmetica\/peptidos\/palmitoil-tetrapeptido-7\/#primaryimage"},"thumbnailUrl":"https:\/\/naturalpoland.com\/wp-content\/uploads\/copper_peptide.webp","datePublished":"2024-01-10T11:33:54+00:00","description":"El palmitoil trip\u00e9ptido-7 es un eficaz ingrediente activo utilizado en cosm\u00e9tica, cuya funci\u00f3n principal es reducir los procesos inflamatorios de la piel.","breadcrumb":{"@id":"https:\/\/naturalpoland.com\/es\/productos\/productos-para-la-industria-cosmetica\/peptidos\/palmitoil-tetrapeptido-7\/#breadcrumb"},"inLanguage":"es","potentialAction":[{"@type":"ReadAction","target":["https:\/\/naturalpoland.com\/es\/productos\/productos-para-la-industria-cosmetica\/peptidos\/palmitoil-tetrapeptido-7\/"]}]},{"@type":"ImageObject","inLanguage":"es","@id":"https:\/\/naturalpoland.com\/es\/productos\/productos-para-la-industria-cosmetica\/peptidos\/palmitoil-tetrapeptido-7\/#primaryimage","url":"https:\/\/naturalpoland.com\/wp-content\/uploads\/copper_peptide.webp","contentUrl":"https:\/\/naturalpoland.com\/wp-content\/uploads\/copper_peptide.webp","width":618,"height":618,"caption":"p\u00e9ptido de cobre"},{"@type":"BreadcrumbList","@id":"https:\/\/naturalpoland.com\/es\/productos\/productos-para-la-industria-cosmetica\/peptidos\/palmitoil-tetrapeptido-7\/#breadcrumb","itemListElement":[{"@type":"ListItem","position":1,"name":"Inicio","item":"https:\/\/naturalpoland.com\/es\/"},{"@type":"ListItem","position":2,"name":"Productos","item":"https:\/\/naturalpoland.com\/es\/productos\/"},{"@type":"ListItem","position":3,"name":"Palmitoil tetrap\u00e9ptido-7"}]},{"@type":"WebSite","@id":"https:\/\/naturalpoland.com\/es\/#website","url":"https:\/\/naturalpoland.com\/es\/","name":"NATURAL POLAND - Distribuidor Mayorista de Materias Primas","description":"Surowce dla przemys\u0142u spo\u017cywczego, kosmetycznego i farmaceutycznego","publisher":{"@id":"https:\/\/naturalpoland.com\/es\/#organization"},"potentialAction":[{"@type":"SearchAction","target":{"@type":"EntryPoint","urlTemplate":"https:\/\/naturalpoland.com\/es\/?s={search_term_string}"},"query-input":{"@type":"PropertyValueSpecification","valueRequired":true,"valueName":"search_term_string"}}],"inLanguage":"es"},{"@type":"Organization","@id":"https:\/\/naturalpoland.com\/es\/#organization","name":"Natural Poland","url":"https:\/\/naturalpoland.com\/es\/","logo":{"@type":"ImageObject","inLanguage":"es","@id":"https:\/\/naturalpoland.com\/es\/#\/schema\/logo\/image\/","url":"https:\/\/naturalpoland.com\/wp-content\/uploads\/2021\/05\/natural-poland-icon.png","contentUrl":"https:\/\/naturalpoland.com\/wp-content\/uploads\/2021\/05\/natural-poland-icon.png","width":512,"height":512,"caption":"Natural Poland"},"image":{"@id":"https:\/\/naturalpoland.com\/es\/#\/schema\/logo\/image\/"},"sameAs":["https:\/\/www.facebook.com\/naturalpoland.b2b","https:\/\/pl.linkedin.com\/company\/natural-poland","https:\/\/www.youtube.com\/channel\/UCgeGGkvOMahZo-xu_MSEWxg"]}]}},"_links":{"self":[{"href":"https:\/\/naturalpoland.com\/es\/wp-json\/wp\/v2\/product\/29335","targetHints":{"allow":["GET"]}}],"collection":[{"href":"https:\/\/naturalpoland.com\/es\/wp-json\/wp\/v2\/product"}],"about":[{"href":"https:\/\/naturalpoland.com\/es\/wp-json\/wp\/v2\/types\/product"}],"wp:featuredmedia":[{"embeddable":true,"href":"https:\/\/naturalpoland.com\/es\/wp-json\/wp\/v2\/media\/29303"}],"wp:attachment":[{"href":"https:\/\/naturalpoland.com\/es\/wp-json\/wp\/v2\/media?parent=29335"}],"wp:term":[{"taxonomy":"product_brand","embeddable":true,"href":"https:\/\/naturalpoland.com\/es\/wp-json\/wp\/v2\/product_brand?post=29335"},{"taxonomy":"product_cat","embeddable":true,"href":"https:\/\/naturalpoland.com\/es\/wp-json\/wp\/v2\/product_cat?post=29335"},{"taxonomy":"product_tag","embeddable":true,"href":"https:\/\/naturalpoland.com\/es\/wp-json\/wp\/v2\/product_tag?post=29335"}],"curies":[{"name":"wp","href":"https:\/\/api.w.org\/{rel}","templated":true}]}}