{"id":29345,"date":"2024-01-08T11:16:36","date_gmt":"2024-01-10T11:34:02","guid":{"rendered":"https:\/\/naturalpoland.com\/produkty\/sin categor\u00eda\/hidroxipropil-tetrahidropiranol\/"},"modified":"2024-01-10T12:34:02","modified_gmt":"2024-01-10T11:34:02","slug":"hidroxipropil-tetrahidropiranol","status":"publish","type":"product","link":"https:\/\/naturalpoland.com\/es\/productos\/productos-para-la-industria-cosmetica\/peptidos\/hidroxipropil-tetrahidropiranol\/","title":{"rendered":"Hidroxipropil tetrahidropiranol"},"content":{"rendered":"<h2><strong>Mecanismo de acci\u00f3n:<\/strong><\/h2>\n<p>El hidroxipropil tetrahidropirantriol act\u00faa estimulando la s\u00edntesis de la matriz extracelular. Sus efectos incluyen la inducci\u00f3n de la generaci\u00f3n de glicosaminoglicanos (GAG) en la epidermis, la aceleraci\u00f3n de la producci\u00f3n de col\u00e1geno de tipo IV y VII por las c\u00e9lulas de la dermis y el refuerzo de la conexi\u00f3n entre la dermis y la epidermis. Este ingrediente mejora eficazmente la adhesi\u00f3n epid\u00e9rmica, lo que se traduce en una mayor firmeza y elasticidad de la piel.<\/p>\n<h2><strong>Experimentos de eficacia:<\/strong><\/h2>\n<p>Seg\u00fan un informe de Hunter Biotech, se descubri\u00f3 que el uso de hidroxipropil tetrahidropirantriol aumentaba significativamente la expresi\u00f3n del precursor del col\u00e1geno de tipo I en comparaci\u00f3n con el grupo de control, lo que indica la eficacia antiarrugas de esta sustancia.<\/p>\n<h2><strong>Aplicaciones:<\/strong><\/h2>\n<p>El hidroxipropil tetrahidropirantriol se utiliza en una amplia gama de <strong>productos cosm\u00e9ticos y de cuidado personal<\/strong>. Se recomienda especialmente su uso en productos como cremas faciales de d\u00eda y de noche, sueros para el contorno de ojos, as\u00ed como lociones y otras cremas hidratantes. Sus efectos antienvejecimiento, hidratantes y reafirmantes lo convierten en el ingrediente preferido de los fabricantes de cosm\u00e9ticos de alta gama que buscan soluciones eficaces e innovadoras para el cuidado de la piel.<\/p>\n<h2><strong>Concentraci\u00f3n recomendada:<\/strong><\/h2>\n<p>La concentraci\u00f3n recomendada para el uso de hidroxipropil tetrahidropirantriol en productos cosm\u00e9ticos oscila entre el 0,1% y el 10%, lo que permite adaptar la formulaci\u00f3n a las necesidades individuales y a los objetivos del producto.<\/p>\n","protected":false},"excerpt":{"rendered":"<p>El hidroxipropil tetrahidropirantriol, tambi\u00e9n conocido por el nombre comercial de HYDROXYPROPYL TETRAHYDROPYRANTRIOL, es un principio activo innovador con una pureza superior al 98%, producido por fermentaci\u00f3n biol\u00f3gica. Es una sustancia muy utilizada en la industria cosm\u00e9tica por sus excepcionales propiedades regeneradoras y rejuvenecedoras de la piel.<\/p>\n","protected":false},"featured_media":29290,"template":"","meta":[],"product_brand":[],"product_cat":[2495],"product_tag":[],"class_list":{"0":"post-29345","1":"product","2":"type-product","3":"status-publish","4":"has-post-thumbnail","6":"product_cat-peptidos","7":"pa_metoda-pozyskiwania-fermentacion-biologica","9":"first","10":"instock","11":"shipping-taxable","12":"product-type-simple"},"yoast_head":"<!-- This site is optimized with the Yoast SEO plugin v27.4 - https:\/\/yoast.com\/product\/yoast-seo-wordpress\/ -->\n<title>Hidroxipropil tetrahidropiranol - Distribuidor mayorista<\/title>\n<meta name=\"description\" content=\"El hidroxipropil tetrahidropirantriol es un ingrediente activo avanzado que constituye una valiosa adici\u00f3n a una amplia gama de productos cosm\u00e9ticos.\" \/>\n<meta name=\"robots\" content=\"index, follow, max-snippet:-1, max-image-preview:large, max-video-preview:-1\" \/>\n<link rel=\"canonical\" href=\"https:\/\/naturalpoland.com\/es\/productos\/productos-para-la-industria-cosmetica\/peptidos\/hidroxipropil-tetrahidropiranol\/\" \/>\n<meta property=\"og:locale\" content=\"es_ES\" \/>\n<meta property=\"og:type\" content=\"article\" \/>\n<meta property=\"og:title\" content=\"Hidroxipropil tetrahidropiranol - Distribuidor mayorista\" \/>\n<meta property=\"og:description\" content=\"El hidroxipropil tetrahidropirantriol es un ingrediente activo avanzado que constituye una valiosa adici\u00f3n a una amplia gama de productos cosm\u00e9ticos.\" \/>\n<meta property=\"og:url\" content=\"https:\/\/naturalpoland.com\/es\/productos\/productos-para-la-industria-cosmetica\/peptidos\/hidroxipropil-tetrahidropiranol\/\" \/>\n<meta property=\"og:site_name\" content=\"NATURAL POLAND - Distribuidor Mayorista de Materias Primas\" \/>\n<meta property=\"article:publisher\" content=\"https:\/\/www.facebook.com\/naturalpoland.b2b\" \/>\n<meta property=\"og:image\" content=\"https:\/\/naturalpoland.com\/wp-content\/uploads\/hydroxypropyl_tetrahydropyrantriol.webp\" \/>\n\t<meta property=\"og:image:width\" content=\"618\" \/>\n\t<meta property=\"og:image:height\" content=\"618\" \/>\n\t<meta property=\"og:image:type\" content=\"image\/webp\" \/>\n<script type=\"application\/ld+json\" class=\"yoast-schema-graph\">{\"@context\":\"https:\\\/\\\/schema.org\",\"@graph\":[{\"@type\":\"WebPage\",\"@id\":\"https:\\\/\\\/naturalpoland.com\\\/es\\\/productos\\\/productos-para-la-industria-cosmetica\\\/peptidos\\\/hidroxipropil-tetrahidropiranol\\\/\",\"url\":\"https:\\\/\\\/naturalpoland.com\\\/es\\\/productos\\\/productos-para-la-industria-cosmetica\\\/peptidos\\\/hidroxipropil-tetrahidropiranol\\\/\",\"name\":\"Hidroxipropil tetrahidropiranol - Distribuidor mayorista\",\"isPartOf\":{\"@id\":\"https:\\\/\\\/naturalpoland.com\\\/es\\\/#website\"},\"primaryImageOfPage\":{\"@id\":\"https:\\\/\\\/naturalpoland.com\\\/es\\\/productos\\\/productos-para-la-industria-cosmetica\\\/peptidos\\\/hidroxipropil-tetrahidropiranol\\\/#primaryimage\"},\"image\":{\"@id\":\"https:\\\/\\\/naturalpoland.com\\\/es\\\/productos\\\/productos-para-la-industria-cosmetica\\\/peptidos\\\/hidroxipropil-tetrahidropiranol\\\/#primaryimage\"},\"thumbnailUrl\":\"https:\\\/\\\/naturalpoland.com\\\/wp-content\\\/uploads\\\/hydroxypropyl_tetrahydropyrantriol.webp\",\"datePublished\":\"2024-01-10T11:34:02+00:00\",\"description\":\"El hidroxipropil tetrahidropirantriol es un ingrediente activo avanzado que constituye una valiosa adici\u00f3n a una amplia gama de productos cosm\u00e9ticos.\",\"breadcrumb\":{\"@id\":\"https:\\\/\\\/naturalpoland.com\\\/es\\\/productos\\\/productos-para-la-industria-cosmetica\\\/peptidos\\\/hidroxipropil-tetrahidropiranol\\\/#breadcrumb\"},\"inLanguage\":\"es\",\"potentialAction\":[{\"@type\":\"ReadAction\",\"target\":[\"https:\\\/\\\/naturalpoland.com\\\/es\\\/productos\\\/productos-para-la-industria-cosmetica\\\/peptidos\\\/hidroxipropil-tetrahidropiranol\\\/\"]}]},{\"@type\":\"ImageObject\",\"inLanguage\":\"es\",\"@id\":\"https:\\\/\\\/naturalpoland.com\\\/es\\\/productos\\\/productos-para-la-industria-cosmetica\\\/peptidos\\\/hidroxipropil-tetrahidropiranol\\\/#primaryimage\",\"url\":\"https:\\\/\\\/naturalpoland.com\\\/wp-content\\\/uploads\\\/hydroxypropyl_tetrahydropyrantriol.webp\",\"contentUrl\":\"https:\\\/\\\/naturalpoland.com\\\/wp-content\\\/uploads\\\/hydroxypropyl_tetrahydropyrantriol.webp\",\"width\":618,\"height\":618,\"caption\":\"HIDROXIPROPIL_TETRAHIDROPIRANTRIOL\"},{\"@type\":\"BreadcrumbList\",\"@id\":\"https:\\\/\\\/naturalpoland.com\\\/es\\\/productos\\\/productos-para-la-industria-cosmetica\\\/peptidos\\\/hidroxipropil-tetrahidropiranol\\\/#breadcrumb\",\"itemListElement\":[{\"@type\":\"ListItem\",\"position\":1,\"name\":\"Inicio\",\"item\":\"https:\\\/\\\/naturalpoland.com\\\/es\\\/\"},{\"@type\":\"ListItem\",\"position\":2,\"name\":\"Productos\",\"item\":\"https:\\\/\\\/naturalpoland.com\\\/es\\\/productos\\\/\"},{\"@type\":\"ListItem\",\"position\":3,\"name\":\"Hidroxipropil tetrahidropiranol\"}]},{\"@type\":\"WebSite\",\"@id\":\"https:\\\/\\\/naturalpoland.com\\\/es\\\/#website\",\"url\":\"https:\\\/\\\/naturalpoland.com\\\/es\\\/\",\"name\":\"NATURAL POLAND - Distribuidor Mayorista de Materias Primas\",\"description\":\"Surowce dla przemys\u0142u spo\u017cywczego, kosmetycznego i farmaceutycznego\",\"publisher\":{\"@id\":\"https:\\\/\\\/naturalpoland.com\\\/es\\\/#organization\"},\"potentialAction\":[{\"@type\":\"SearchAction\",\"target\":{\"@type\":\"EntryPoint\",\"urlTemplate\":\"https:\\\/\\\/naturalpoland.com\\\/es\\\/?s={search_term_string}\"},\"query-input\":{\"@type\":\"PropertyValueSpecification\",\"valueRequired\":true,\"valueName\":\"search_term_string\"}}],\"inLanguage\":\"es\"},{\"@type\":\"Organization\",\"@id\":\"https:\\\/\\\/naturalpoland.com\\\/es\\\/#organization\",\"name\":\"Natural Poland\",\"url\":\"https:\\\/\\\/naturalpoland.com\\\/es\\\/\",\"logo\":{\"@type\":\"ImageObject\",\"inLanguage\":\"es\",\"@id\":\"https:\\\/\\\/naturalpoland.com\\\/es\\\/#\\\/schema\\\/logo\\\/image\\\/\",\"url\":\"https:\\\/\\\/naturalpoland.com\\\/wp-content\\\/uploads\\\/2021\\\/05\\\/natural-poland-icon.png\",\"contentUrl\":\"https:\\\/\\\/naturalpoland.com\\\/wp-content\\\/uploads\\\/2021\\\/05\\\/natural-poland-icon.png\",\"width\":512,\"height\":512,\"caption\":\"Natural Poland\"},\"image\":{\"@id\":\"https:\\\/\\\/naturalpoland.com\\\/es\\\/#\\\/schema\\\/logo\\\/image\\\/\"},\"sameAs\":[\"https:\\\/\\\/www.facebook.com\\\/naturalpoland.b2b\",\"https:\\\/\\\/pl.linkedin.com\\\/company\\\/natural-poland\",\"https:\\\/\\\/www.youtube.com\\\/channel\\\/UCgeGGkvOMahZo-xu_MSEWxg\"]}]}<\/script>\n<!-- \/ Yoast SEO plugin. -->","yoast_head_json":{"title":"Hidroxipropil tetrahidropiranol - Distribuidor mayorista","description":"El hidroxipropil tetrahidropirantriol es un ingrediente activo avanzado que constituye una valiosa adici\u00f3n a una amplia gama de productos cosm\u00e9ticos.","robots":{"index":"index","follow":"follow","max-snippet":"max-snippet:-1","max-image-preview":"max-image-preview:large","max-video-preview":"max-video-preview:-1"},"canonical":"https:\/\/naturalpoland.com\/es\/productos\/productos-para-la-industria-cosmetica\/peptidos\/hidroxipropil-tetrahidropiranol\/","og_locale":"es_ES","og_type":"article","og_title":"Hidroxipropil tetrahidropiranol - Distribuidor mayorista","og_description":"El hidroxipropil tetrahidropirantriol es un ingrediente activo avanzado que constituye una valiosa adici\u00f3n a una amplia gama de productos cosm\u00e9ticos.","og_url":"https:\/\/naturalpoland.com\/es\/productos\/productos-para-la-industria-cosmetica\/peptidos\/hidroxipropil-tetrahidropiranol\/","og_site_name":"NATURAL POLAND - Distribuidor Mayorista de Materias Primas","article_publisher":"https:\/\/www.facebook.com\/naturalpoland.b2b","og_image":[{"width":618,"height":618,"url":"https:\/\/naturalpoland.com\/wp-content\/uploads\/hydroxypropyl_tetrahydropyrantriol.webp","type":"image\/webp"}],"schema":{"@context":"https:\/\/schema.org","@graph":[{"@type":"WebPage","@id":"https:\/\/naturalpoland.com\/es\/productos\/productos-para-la-industria-cosmetica\/peptidos\/hidroxipropil-tetrahidropiranol\/","url":"https:\/\/naturalpoland.com\/es\/productos\/productos-para-la-industria-cosmetica\/peptidos\/hidroxipropil-tetrahidropiranol\/","name":"Hidroxipropil tetrahidropiranol - Distribuidor mayorista","isPartOf":{"@id":"https:\/\/naturalpoland.com\/es\/#website"},"primaryImageOfPage":{"@id":"https:\/\/naturalpoland.com\/es\/productos\/productos-para-la-industria-cosmetica\/peptidos\/hidroxipropil-tetrahidropiranol\/#primaryimage"},"image":{"@id":"https:\/\/naturalpoland.com\/es\/productos\/productos-para-la-industria-cosmetica\/peptidos\/hidroxipropil-tetrahidropiranol\/#primaryimage"},"thumbnailUrl":"https:\/\/naturalpoland.com\/wp-content\/uploads\/hydroxypropyl_tetrahydropyrantriol.webp","datePublished":"2024-01-10T11:34:02+00:00","description":"El hidroxipropil tetrahidropirantriol es un ingrediente activo avanzado que constituye una valiosa adici\u00f3n a una amplia gama de productos cosm\u00e9ticos.","breadcrumb":{"@id":"https:\/\/naturalpoland.com\/es\/productos\/productos-para-la-industria-cosmetica\/peptidos\/hidroxipropil-tetrahidropiranol\/#breadcrumb"},"inLanguage":"es","potentialAction":[{"@type":"ReadAction","target":["https:\/\/naturalpoland.com\/es\/productos\/productos-para-la-industria-cosmetica\/peptidos\/hidroxipropil-tetrahidropiranol\/"]}]},{"@type":"ImageObject","inLanguage":"es","@id":"https:\/\/naturalpoland.com\/es\/productos\/productos-para-la-industria-cosmetica\/peptidos\/hidroxipropil-tetrahidropiranol\/#primaryimage","url":"https:\/\/naturalpoland.com\/wp-content\/uploads\/hydroxypropyl_tetrahydropyrantriol.webp","contentUrl":"https:\/\/naturalpoland.com\/wp-content\/uploads\/hydroxypropyl_tetrahydropyrantriol.webp","width":618,"height":618,"caption":"HIDROXIPROPIL_TETRAHIDROPIRANTRIOL"},{"@type":"BreadcrumbList","@id":"https:\/\/naturalpoland.com\/es\/productos\/productos-para-la-industria-cosmetica\/peptidos\/hidroxipropil-tetrahidropiranol\/#breadcrumb","itemListElement":[{"@type":"ListItem","position":1,"name":"Inicio","item":"https:\/\/naturalpoland.com\/es\/"},{"@type":"ListItem","position":2,"name":"Productos","item":"https:\/\/naturalpoland.com\/es\/productos\/"},{"@type":"ListItem","position":3,"name":"Hidroxipropil tetrahidropiranol"}]},{"@type":"WebSite","@id":"https:\/\/naturalpoland.com\/es\/#website","url":"https:\/\/naturalpoland.com\/es\/","name":"NATURAL POLAND - Distribuidor Mayorista de Materias Primas","description":"Surowce dla przemys\u0142u spo\u017cywczego, kosmetycznego i farmaceutycznego","publisher":{"@id":"https:\/\/naturalpoland.com\/es\/#organization"},"potentialAction":[{"@type":"SearchAction","target":{"@type":"EntryPoint","urlTemplate":"https:\/\/naturalpoland.com\/es\/?s={search_term_string}"},"query-input":{"@type":"PropertyValueSpecification","valueRequired":true,"valueName":"search_term_string"}}],"inLanguage":"es"},{"@type":"Organization","@id":"https:\/\/naturalpoland.com\/es\/#organization","name":"Natural Poland","url":"https:\/\/naturalpoland.com\/es\/","logo":{"@type":"ImageObject","inLanguage":"es","@id":"https:\/\/naturalpoland.com\/es\/#\/schema\/logo\/image\/","url":"https:\/\/naturalpoland.com\/wp-content\/uploads\/2021\/05\/natural-poland-icon.png","contentUrl":"https:\/\/naturalpoland.com\/wp-content\/uploads\/2021\/05\/natural-poland-icon.png","width":512,"height":512,"caption":"Natural Poland"},"image":{"@id":"https:\/\/naturalpoland.com\/es\/#\/schema\/logo\/image\/"},"sameAs":["https:\/\/www.facebook.com\/naturalpoland.b2b","https:\/\/pl.linkedin.com\/company\/natural-poland","https:\/\/www.youtube.com\/channel\/UCgeGGkvOMahZo-xu_MSEWxg"]}]}},"_links":{"self":[{"href":"https:\/\/naturalpoland.com\/es\/wp-json\/wp\/v2\/product\/29345","targetHints":{"allow":["GET"]}}],"collection":[{"href":"https:\/\/naturalpoland.com\/es\/wp-json\/wp\/v2\/product"}],"about":[{"href":"https:\/\/naturalpoland.com\/es\/wp-json\/wp\/v2\/types\/product"}],"wp:featuredmedia":[{"embeddable":true,"href":"https:\/\/naturalpoland.com\/es\/wp-json\/wp\/v2\/media\/29290"}],"wp:attachment":[{"href":"https:\/\/naturalpoland.com\/es\/wp-json\/wp\/v2\/media?parent=29345"}],"wp:term":[{"taxonomy":"product_brand","embeddable":true,"href":"https:\/\/naturalpoland.com\/es\/wp-json\/wp\/v2\/product_brand?post=29345"},{"taxonomy":"product_cat","embeddable":true,"href":"https:\/\/naturalpoland.com\/es\/wp-json\/wp\/v2\/product_cat?post=29345"},{"taxonomy":"product_tag","embeddable":true,"href":"https:\/\/naturalpoland.com\/es\/wp-json\/wp\/v2\/product_tag?post=29345"}],"curies":[{"name":"wp","href":"https:\/\/api.w.org\/{rel}","templated":true}]}}