{"id":29364,"date":"2024-01-04T15:47:07","date_gmt":"2024-01-10T11:45:00","guid":{"rendered":"https:\/\/naturalpoland.com\/produkty\/sin categor\u00eda\/acetil-tetrapeptido-11\/"},"modified":"2024-01-10T12:45:00","modified_gmt":"2024-01-10T11:45:00","slug":"acetil-tetrapeptido-11","status":"publish","type":"product","link":"https:\/\/naturalpoland.com\/es\/productos\/productos-para-la-industria-cosmetica\/peptidos\/acetil-tetrapeptido-11\/","title":{"rendered":"Acetil tetrap\u00e9ptido-11"},"content":{"rendered":"<p>El Syndecan-1 es un elemento clave para mantener la correcta adhesi\u00f3n y estructura de la epidermis, lo que repercute directamente en su aspecto saludable y su elasticidad. Gracias a sus propiedades, el tetrap\u00e9ptido-11 se utiliza activamente en la formulaci\u00f3n de productos antiedad y antiarrugas como lociones, cremas de d\u00eda y de noche y sueros para el contorno de ojos.<\/p>\n<p>Su acci\u00f3n consiste en estimular la producci\u00f3n de Syndecan-1, lo que se traduce en un refuerzo de las uniones entre las c\u00e9lulas epid\u00e9rmicas, que puede conducir a una mejora de la firmeza y la elasticidad de la piel. Esto hace que la piel sea m\u00e1s resistente a los factores externos y menos susceptible al proceso de envejecimiento. El uso regular de productos con tetrap\u00e9ptido-11 puede ayudar a alisar las arrugas, mejorar la textura de la piel y aumentar su hidrataci\u00f3n.<\/p>\n<p>Se recomienda utilizar este producto en bajas concentraciones (0,000105-0,0165%) y su eficacia ha sido confirmada en estudios de laboratorio. El acetil tetrap\u00e9ptido-11 es seguro de usar y bien tolerado por la piel, lo que lo convierte en un ingrediente ideal para quienes buscan soluciones cosm\u00e9ticas antienvejecimiento eficaces pero suaves.<\/p>\n","protected":false},"excerpt":{"rendered":"<p>El acetil tetrap\u00e9ptido-11, tambi\u00e9n conocido como tetrap\u00e9ptido-11, es un ingrediente cosm\u00e9tico avanzado cuya funci\u00f3n principal es promover la s\u00edntesis de Syndecan-1.<\/p>\n","protected":false},"featured_media":29177,"template":"","meta":[],"product_brand":[],"product_cat":[2495],"product_tag":[],"class_list":{"0":"post-29364","1":"product","2":"type-product","3":"status-publish","4":"has-post-thumbnail","6":"product_cat-peptidos","7":"pa_metoda-pozyskiwania-fermentacion-biologica","9":"first","10":"instock","11":"shipping-taxable","12":"product-type-simple"},"yoast_head":"<!-- This site is optimized with the Yoast SEO plugin v27.4 - https:\/\/yoast.com\/product\/yoast-seo-wordpress\/ -->\n<title>Acetil tetrap\u00e9ptido-11 - Distribuidor mayorista<\/title>\n<meta name=\"description\" content=\"El acetil tetrap\u00e9ptido-11 es un ingrediente cosm\u00e9tico avanzado cuya funci\u00f3n principal es promover la s\u00edntesis del Syndecan-1.\" \/>\n<meta name=\"robots\" content=\"index, follow, max-snippet:-1, max-image-preview:large, max-video-preview:-1\" \/>\n<link rel=\"canonical\" href=\"https:\/\/naturalpoland.com\/es\/productos\/productos-para-la-industria-cosmetica\/peptidos\/acetil-tetrapeptido-11\/\" \/>\n<meta property=\"og:locale\" content=\"es_ES\" \/>\n<meta property=\"og:type\" content=\"article\" \/>\n<meta property=\"og:title\" content=\"Acetil tetrap\u00e9ptido-11 - Distribuidor mayorista\" \/>\n<meta property=\"og:description\" content=\"El acetil tetrap\u00e9ptido-11 es un ingrediente cosm\u00e9tico avanzado cuya funci\u00f3n principal es promover la s\u00edntesis del Syndecan-1.\" \/>\n<meta property=\"og:url\" content=\"https:\/\/naturalpoland.com\/es\/productos\/productos-para-la-industria-cosmetica\/peptidos\/acetil-tetrapeptido-11\/\" \/>\n<meta property=\"og:site_name\" content=\"NATURAL POLAND - Distribuidor Mayorista de Materias Primas\" \/>\n<meta property=\"article:publisher\" content=\"https:\/\/www.facebook.com\/naturalpoland.b2b\" \/>\n<meta property=\"og:image\" content=\"https:\/\/naturalpoland.com\/wp-content\/uploads\/acetyl_tetrapeptide-11.webp\" \/>\n\t<meta property=\"og:image:width\" content=\"612\" \/>\n\t<meta property=\"og:image:height\" content=\"612\" \/>\n\t<meta property=\"og:image:type\" content=\"image\/webp\" \/>\n<script type=\"application\/ld+json\" class=\"yoast-schema-graph\">{\"@context\":\"https:\\\/\\\/schema.org\",\"@graph\":[{\"@type\":\"WebPage\",\"@id\":\"https:\\\/\\\/naturalpoland.com\\\/es\\\/productos\\\/productos-para-la-industria-cosmetica\\\/peptidos\\\/acetil-tetrapeptido-11\\\/\",\"url\":\"https:\\\/\\\/naturalpoland.com\\\/es\\\/productos\\\/productos-para-la-industria-cosmetica\\\/peptidos\\\/acetil-tetrapeptido-11\\\/\",\"name\":\"Acetil tetrap\u00e9ptido-11 - Distribuidor mayorista\",\"isPartOf\":{\"@id\":\"https:\\\/\\\/naturalpoland.com\\\/es\\\/#website\"},\"primaryImageOfPage\":{\"@id\":\"https:\\\/\\\/naturalpoland.com\\\/es\\\/productos\\\/productos-para-la-industria-cosmetica\\\/peptidos\\\/acetil-tetrapeptido-11\\\/#primaryimage\"},\"image\":{\"@id\":\"https:\\\/\\\/naturalpoland.com\\\/es\\\/productos\\\/productos-para-la-industria-cosmetica\\\/peptidos\\\/acetil-tetrapeptido-11\\\/#primaryimage\"},\"thumbnailUrl\":\"https:\\\/\\\/naturalpoland.com\\\/wp-content\\\/uploads\\\/acetyl_tetrapeptide-11.webp\",\"datePublished\":\"2024-01-10T11:45:00+00:00\",\"description\":\"El acetil tetrap\u00e9ptido-11 es un ingrediente cosm\u00e9tico avanzado cuya funci\u00f3n principal es promover la s\u00edntesis del Syndecan-1.\",\"breadcrumb\":{\"@id\":\"https:\\\/\\\/naturalpoland.com\\\/es\\\/productos\\\/productos-para-la-industria-cosmetica\\\/peptidos\\\/acetil-tetrapeptido-11\\\/#breadcrumb\"},\"inLanguage\":\"es\",\"potentialAction\":[{\"@type\":\"ReadAction\",\"target\":[\"https:\\\/\\\/naturalpoland.com\\\/es\\\/productos\\\/productos-para-la-industria-cosmetica\\\/peptidos\\\/acetil-tetrapeptido-11\\\/\"]}]},{\"@type\":\"ImageObject\",\"inLanguage\":\"es\",\"@id\":\"https:\\\/\\\/naturalpoland.com\\\/es\\\/productos\\\/productos-para-la-industria-cosmetica\\\/peptidos\\\/acetil-tetrapeptido-11\\\/#primaryimage\",\"url\":\"https:\\\/\\\/naturalpoland.com\\\/wp-content\\\/uploads\\\/acetyl_tetrapeptide-11.webp\",\"contentUrl\":\"https:\\\/\\\/naturalpoland.com\\\/wp-content\\\/uploads\\\/acetyl_tetrapeptide-11.webp\",\"width\":612,\"height\":612,\"caption\":\"Acetil tetrap\u00e9ptido-11\"},{\"@type\":\"BreadcrumbList\",\"@id\":\"https:\\\/\\\/naturalpoland.com\\\/es\\\/productos\\\/productos-para-la-industria-cosmetica\\\/peptidos\\\/acetil-tetrapeptido-11\\\/#breadcrumb\",\"itemListElement\":[{\"@type\":\"ListItem\",\"position\":1,\"name\":\"Inicio\",\"item\":\"https:\\\/\\\/naturalpoland.com\\\/es\\\/\"},{\"@type\":\"ListItem\",\"position\":2,\"name\":\"Productos\",\"item\":\"https:\\\/\\\/naturalpoland.com\\\/es\\\/productos\\\/\"},{\"@type\":\"ListItem\",\"position\":3,\"name\":\"Acetil tetrap\u00e9ptido-11\"}]},{\"@type\":\"WebSite\",\"@id\":\"https:\\\/\\\/naturalpoland.com\\\/es\\\/#website\",\"url\":\"https:\\\/\\\/naturalpoland.com\\\/es\\\/\",\"name\":\"NATURAL POLAND - Distribuidor Mayorista de Materias Primas\",\"description\":\"Surowce dla przemys\u0142u spo\u017cywczego, kosmetycznego i farmaceutycznego\",\"publisher\":{\"@id\":\"https:\\\/\\\/naturalpoland.com\\\/es\\\/#organization\"},\"potentialAction\":[{\"@type\":\"SearchAction\",\"target\":{\"@type\":\"EntryPoint\",\"urlTemplate\":\"https:\\\/\\\/naturalpoland.com\\\/es\\\/?s={search_term_string}\"},\"query-input\":{\"@type\":\"PropertyValueSpecification\",\"valueRequired\":true,\"valueName\":\"search_term_string\"}}],\"inLanguage\":\"es\"},{\"@type\":\"Organization\",\"@id\":\"https:\\\/\\\/naturalpoland.com\\\/es\\\/#organization\",\"name\":\"Natural Poland\",\"url\":\"https:\\\/\\\/naturalpoland.com\\\/es\\\/\",\"logo\":{\"@type\":\"ImageObject\",\"inLanguage\":\"es\",\"@id\":\"https:\\\/\\\/naturalpoland.com\\\/es\\\/#\\\/schema\\\/logo\\\/image\\\/\",\"url\":\"https:\\\/\\\/naturalpoland.com\\\/wp-content\\\/uploads\\\/2021\\\/05\\\/natural-poland-icon.png\",\"contentUrl\":\"https:\\\/\\\/naturalpoland.com\\\/wp-content\\\/uploads\\\/2021\\\/05\\\/natural-poland-icon.png\",\"width\":512,\"height\":512,\"caption\":\"Natural Poland\"},\"image\":{\"@id\":\"https:\\\/\\\/naturalpoland.com\\\/es\\\/#\\\/schema\\\/logo\\\/image\\\/\"},\"sameAs\":[\"https:\\\/\\\/www.facebook.com\\\/naturalpoland.b2b\",\"https:\\\/\\\/pl.linkedin.com\\\/company\\\/natural-poland\",\"https:\\\/\\\/www.youtube.com\\\/channel\\\/UCgeGGkvOMahZo-xu_MSEWxg\"]}]}<\/script>\n<!-- \/ Yoast SEO plugin. -->","yoast_head_json":{"title":"Acetil tetrap\u00e9ptido-11 - Distribuidor mayorista","description":"El acetil tetrap\u00e9ptido-11 es un ingrediente cosm\u00e9tico avanzado cuya funci\u00f3n principal es promover la s\u00edntesis del Syndecan-1.","robots":{"index":"index","follow":"follow","max-snippet":"max-snippet:-1","max-image-preview":"max-image-preview:large","max-video-preview":"max-video-preview:-1"},"canonical":"https:\/\/naturalpoland.com\/es\/productos\/productos-para-la-industria-cosmetica\/peptidos\/acetil-tetrapeptido-11\/","og_locale":"es_ES","og_type":"article","og_title":"Acetil tetrap\u00e9ptido-11 - Distribuidor mayorista","og_description":"El acetil tetrap\u00e9ptido-11 es un ingrediente cosm\u00e9tico avanzado cuya funci\u00f3n principal es promover la s\u00edntesis del Syndecan-1.","og_url":"https:\/\/naturalpoland.com\/es\/productos\/productos-para-la-industria-cosmetica\/peptidos\/acetil-tetrapeptido-11\/","og_site_name":"NATURAL POLAND - Distribuidor Mayorista de Materias Primas","article_publisher":"https:\/\/www.facebook.com\/naturalpoland.b2b","og_image":[{"width":612,"height":612,"url":"https:\/\/naturalpoland.com\/wp-content\/uploads\/acetyl_tetrapeptide-11.webp","type":"image\/webp"}],"schema":{"@context":"https:\/\/schema.org","@graph":[{"@type":"WebPage","@id":"https:\/\/naturalpoland.com\/es\/productos\/productos-para-la-industria-cosmetica\/peptidos\/acetil-tetrapeptido-11\/","url":"https:\/\/naturalpoland.com\/es\/productos\/productos-para-la-industria-cosmetica\/peptidos\/acetil-tetrapeptido-11\/","name":"Acetil tetrap\u00e9ptido-11 - Distribuidor mayorista","isPartOf":{"@id":"https:\/\/naturalpoland.com\/es\/#website"},"primaryImageOfPage":{"@id":"https:\/\/naturalpoland.com\/es\/productos\/productos-para-la-industria-cosmetica\/peptidos\/acetil-tetrapeptido-11\/#primaryimage"},"image":{"@id":"https:\/\/naturalpoland.com\/es\/productos\/productos-para-la-industria-cosmetica\/peptidos\/acetil-tetrapeptido-11\/#primaryimage"},"thumbnailUrl":"https:\/\/naturalpoland.com\/wp-content\/uploads\/acetyl_tetrapeptide-11.webp","datePublished":"2024-01-10T11:45:00+00:00","description":"El acetil tetrap\u00e9ptido-11 es un ingrediente cosm\u00e9tico avanzado cuya funci\u00f3n principal es promover la s\u00edntesis del Syndecan-1.","breadcrumb":{"@id":"https:\/\/naturalpoland.com\/es\/productos\/productos-para-la-industria-cosmetica\/peptidos\/acetil-tetrapeptido-11\/#breadcrumb"},"inLanguage":"es","potentialAction":[{"@type":"ReadAction","target":["https:\/\/naturalpoland.com\/es\/productos\/productos-para-la-industria-cosmetica\/peptidos\/acetil-tetrapeptido-11\/"]}]},{"@type":"ImageObject","inLanguage":"es","@id":"https:\/\/naturalpoland.com\/es\/productos\/productos-para-la-industria-cosmetica\/peptidos\/acetil-tetrapeptido-11\/#primaryimage","url":"https:\/\/naturalpoland.com\/wp-content\/uploads\/acetyl_tetrapeptide-11.webp","contentUrl":"https:\/\/naturalpoland.com\/wp-content\/uploads\/acetyl_tetrapeptide-11.webp","width":612,"height":612,"caption":"Acetil tetrap\u00e9ptido-11"},{"@type":"BreadcrumbList","@id":"https:\/\/naturalpoland.com\/es\/productos\/productos-para-la-industria-cosmetica\/peptidos\/acetil-tetrapeptido-11\/#breadcrumb","itemListElement":[{"@type":"ListItem","position":1,"name":"Inicio","item":"https:\/\/naturalpoland.com\/es\/"},{"@type":"ListItem","position":2,"name":"Productos","item":"https:\/\/naturalpoland.com\/es\/productos\/"},{"@type":"ListItem","position":3,"name":"Acetil tetrap\u00e9ptido-11"}]},{"@type":"WebSite","@id":"https:\/\/naturalpoland.com\/es\/#website","url":"https:\/\/naturalpoland.com\/es\/","name":"NATURAL POLAND - Distribuidor Mayorista de Materias Primas","description":"Surowce dla przemys\u0142u spo\u017cywczego, kosmetycznego i farmaceutycznego","publisher":{"@id":"https:\/\/naturalpoland.com\/es\/#organization"},"potentialAction":[{"@type":"SearchAction","target":{"@type":"EntryPoint","urlTemplate":"https:\/\/naturalpoland.com\/es\/?s={search_term_string}"},"query-input":{"@type":"PropertyValueSpecification","valueRequired":true,"valueName":"search_term_string"}}],"inLanguage":"es"},{"@type":"Organization","@id":"https:\/\/naturalpoland.com\/es\/#organization","name":"Natural Poland","url":"https:\/\/naturalpoland.com\/es\/","logo":{"@type":"ImageObject","inLanguage":"es","@id":"https:\/\/naturalpoland.com\/es\/#\/schema\/logo\/image\/","url":"https:\/\/naturalpoland.com\/wp-content\/uploads\/2021\/05\/natural-poland-icon.png","contentUrl":"https:\/\/naturalpoland.com\/wp-content\/uploads\/2021\/05\/natural-poland-icon.png","width":512,"height":512,"caption":"Natural Poland"},"image":{"@id":"https:\/\/naturalpoland.com\/es\/#\/schema\/logo\/image\/"},"sameAs":["https:\/\/www.facebook.com\/naturalpoland.b2b","https:\/\/pl.linkedin.com\/company\/natural-poland","https:\/\/www.youtube.com\/channel\/UCgeGGkvOMahZo-xu_MSEWxg"]}]}},"_links":{"self":[{"href":"https:\/\/naturalpoland.com\/es\/wp-json\/wp\/v2\/product\/29364","targetHints":{"allow":["GET"]}}],"collection":[{"href":"https:\/\/naturalpoland.com\/es\/wp-json\/wp\/v2\/product"}],"about":[{"href":"https:\/\/naturalpoland.com\/es\/wp-json\/wp\/v2\/types\/product"}],"wp:featuredmedia":[{"embeddable":true,"href":"https:\/\/naturalpoland.com\/es\/wp-json\/wp\/v2\/media\/29177"}],"wp:attachment":[{"href":"https:\/\/naturalpoland.com\/es\/wp-json\/wp\/v2\/media?parent=29364"}],"wp:term":[{"taxonomy":"product_brand","embeddable":true,"href":"https:\/\/naturalpoland.com\/es\/wp-json\/wp\/v2\/product_brand?post=29364"},{"taxonomy":"product_cat","embeddable":true,"href":"https:\/\/naturalpoland.com\/es\/wp-json\/wp\/v2\/product_cat?post=29364"},{"taxonomy":"product_tag","embeddable":true,"href":"https:\/\/naturalpoland.com\/es\/wp-json\/wp\/v2\/product_tag?post=29364"}],"curies":[{"name":"wp","href":"https:\/\/api.w.org\/{rel}","templated":true}]}}