{"id":29454,"date":"2023-12-20T16:37:56","date_gmt":"2024-01-10T11:48:38","guid":{"rendered":"https:\/\/naturalpoland.com\/produkty\/sin categor\u00eda\/dipeptide-diaminobutyroyl-benzylamide-diacetate\/"},"modified":"2024-01-10T12:48:38","modified_gmt":"2024-01-10T11:48:38","slug":"dipeptide-diaminobutyroyl-benzylamide-diacetate","status":"publish","type":"product","link":"https:\/\/naturalpoland.com\/es\/productos\/productos-para-la-industria-cosmetica\/peptidos\/dipeptide-diaminobutyroyl-benzylamide-diacetate\/","title":{"rendered":"Dipeptide Diaminobutyroyl Benzylamide Diacetate"},"content":{"rendered":"<p><strong>Eficacia:<\/strong><\/p>\n<p>En un estudio en el que participaron 30 personas de entre 30 y 50 a\u00f1os, se observ\u00f3 que una loci\u00f3n que conten\u00eda una soluci\u00f3n de DDBD al 0,2%, aplicada dos veces al d\u00eda durante cuatro semanas, reduc\u00eda significativamente las arrugas, mejorando la textura de la piel y el aspecto general del contorno de los ojos.<\/p>\n<p><strong>Mecanismo de acci\u00f3n:<\/strong><\/p>\n<p>El dip\u00e9ptido diacetato de diaminobutiroilbencilamida es un antagonista reversible del receptor nmAchR, que inhibe la activaci\u00f3n por la acetilcolina, lo que conduce a la relajaci\u00f3n de los m\u00fasculos faciales y al alisamiento de las arrugas.<\/p>\n<p><strong>Aplicaciones:<\/strong><\/p>\n<p>Se recomienda en productos cosm\u00e9ticos y para el cuidado de la piel, como sueros para los ojos, lociones y cremas faciales, ya que ofrece efectos antiarrugas, antioxidantes y reafirmantes de la piel.<\/p>\n","protected":false},"excerpt":{"rendered":"<p>El Diacetato de Diaminobutiroil dip\u00e9ptido benzilamida act\u00faa bloqueando la uni\u00f3n de la acetilcolina al receptor, lo que se traduce en una relajaci\u00f3n muscular y un alisamiento r\u00e1pido de las arrugas como las l\u00edneas nasolabiales, las arrugas de la frente o del contorno de los ojos, proporcionando un efecto alisante a la piel y mejorando su elasticidad.<\/p>\n","protected":false},"featured_media":28819,"template":"","meta":[],"product_brand":[],"product_cat":[2495],"product_tag":[],"class_list":{"0":"post-29454","1":"product","2":"type-product","3":"status-publish","4":"has-post-thumbnail","6":"product_cat-peptidos","7":"pa_metoda-pozyskiwania-fermentacion-biologica","9":"first","10":"instock","11":"shipping-taxable","12":"product-type-simple"},"yoast_head":"<!-- This site is optimized with the Yoast SEO plugin v27.4 - https:\/\/yoast.com\/product\/yoast-seo-wordpress\/ -->\n<title>Dipeptide Diaminobutyroyl Benzylamide Diacetate - Distribuidor mayorista<\/title>\n<meta name=\"description\" content=\"El dip\u00e9ptido diacetato de diaminobutiroilbencilamida es un antagonista reversible del receptor nmAchR, que inhibe la activaci\u00f3n por acetilcolina.\" \/>\n<meta name=\"robots\" content=\"index, follow, max-snippet:-1, max-image-preview:large, max-video-preview:-1\" \/>\n<link rel=\"canonical\" href=\"https:\/\/naturalpoland.com\/es\/productos\/productos-para-la-industria-cosmetica\/peptidos\/dipeptide-diaminobutyroyl-benzylamide-diacetate\/\" \/>\n<meta property=\"og:locale\" content=\"es_ES\" \/>\n<meta property=\"og:type\" content=\"article\" \/>\n<meta property=\"og:title\" content=\"Dipeptide Diaminobutyroyl Benzylamide Diacetate - Distribuidor mayorista\" \/>\n<meta property=\"og:description\" content=\"El dip\u00e9ptido diacetato de diaminobutiroilbencilamida es un antagonista reversible del receptor nmAchR, que inhibe la activaci\u00f3n por acetilcolina.\" \/>\n<meta property=\"og:url\" content=\"https:\/\/naturalpoland.com\/es\/productos\/productos-para-la-industria-cosmetica\/peptidos\/dipeptide-diaminobutyroyl-benzylamide-diacetate\/\" \/>\n<meta property=\"og:site_name\" content=\"NATURAL POLAND - Distribuidor Mayorista de Materias Primas\" \/>\n<meta property=\"article:publisher\" content=\"https:\/\/www.facebook.com\/naturalpoland.b2b\" \/>\n<meta property=\"og:image\" content=\"https:\/\/naturalpoland.com\/wp-content\/uploads\/dipeptide_diaminobutyroyl_benzylamide_diacetate.webp\" \/>\n\t<meta property=\"og:image:width\" content=\"1024\" \/>\n\t<meta property=\"og:image:height\" content=\"1024\" \/>\n\t<meta property=\"og:image:type\" content=\"image\/webp\" \/>\n<script type=\"application\/ld+json\" class=\"yoast-schema-graph\">{\"@context\":\"https:\\\/\\\/schema.org\",\"@graph\":[{\"@type\":\"WebPage\",\"@id\":\"https:\\\/\\\/naturalpoland.com\\\/es\\\/productos\\\/productos-para-la-industria-cosmetica\\\/peptidos\\\/dipeptide-diaminobutyroyl-benzylamide-diacetate\\\/\",\"url\":\"https:\\\/\\\/naturalpoland.com\\\/es\\\/productos\\\/productos-para-la-industria-cosmetica\\\/peptidos\\\/dipeptide-diaminobutyroyl-benzylamide-diacetate\\\/\",\"name\":\"Dipeptide Diaminobutyroyl Benzylamide Diacetate - Distribuidor mayorista\",\"isPartOf\":{\"@id\":\"https:\\\/\\\/naturalpoland.com\\\/es\\\/#website\"},\"primaryImageOfPage\":{\"@id\":\"https:\\\/\\\/naturalpoland.com\\\/es\\\/productos\\\/productos-para-la-industria-cosmetica\\\/peptidos\\\/dipeptide-diaminobutyroyl-benzylamide-diacetate\\\/#primaryimage\"},\"image\":{\"@id\":\"https:\\\/\\\/naturalpoland.com\\\/es\\\/productos\\\/productos-para-la-industria-cosmetica\\\/peptidos\\\/dipeptide-diaminobutyroyl-benzylamide-diacetate\\\/#primaryimage\"},\"thumbnailUrl\":\"https:\\\/\\\/naturalpoland.com\\\/wp-content\\\/uploads\\\/dipeptide_diaminobutyroyl_benzylamide_diacetate.webp\",\"datePublished\":\"2024-01-10T11:48:38+00:00\",\"description\":\"El dip\u00e9ptido diacetato de diaminobutiroilbencilamida es un antagonista reversible del receptor nmAchR, que inhibe la activaci\u00f3n por acetilcolina.\",\"breadcrumb\":{\"@id\":\"https:\\\/\\\/naturalpoland.com\\\/es\\\/productos\\\/productos-para-la-industria-cosmetica\\\/peptidos\\\/dipeptide-diaminobutyroyl-benzylamide-diacetate\\\/#breadcrumb\"},\"inLanguage\":\"es\",\"potentialAction\":[{\"@type\":\"ReadAction\",\"target\":[\"https:\\\/\\\/naturalpoland.com\\\/es\\\/productos\\\/productos-para-la-industria-cosmetica\\\/peptidos\\\/dipeptide-diaminobutyroyl-benzylamide-diacetate\\\/\"]}]},{\"@type\":\"ImageObject\",\"inLanguage\":\"es\",\"@id\":\"https:\\\/\\\/naturalpoland.com\\\/es\\\/productos\\\/productos-para-la-industria-cosmetica\\\/peptidos\\\/dipeptide-diaminobutyroyl-benzylamide-diacetate\\\/#primaryimage\",\"url\":\"https:\\\/\\\/naturalpoland.com\\\/wp-content\\\/uploads\\\/dipeptide_diaminobutyroyl_benzylamide_diacetate.webp\",\"contentUrl\":\"https:\\\/\\\/naturalpoland.com\\\/wp-content\\\/uploads\\\/dipeptide_diaminobutyroyl_benzylamide_diacetate.webp\",\"width\":1024,\"height\":1024,\"caption\":\"Dipeptide Diaminobutyroyl Benzylamide Diacetate\"},{\"@type\":\"BreadcrumbList\",\"@id\":\"https:\\\/\\\/naturalpoland.com\\\/es\\\/productos\\\/productos-para-la-industria-cosmetica\\\/peptidos\\\/dipeptide-diaminobutyroyl-benzylamide-diacetate\\\/#breadcrumb\",\"itemListElement\":[{\"@type\":\"ListItem\",\"position\":1,\"name\":\"Inicio\",\"item\":\"https:\\\/\\\/naturalpoland.com\\\/es\\\/\"},{\"@type\":\"ListItem\",\"position\":2,\"name\":\"Productos\",\"item\":\"https:\\\/\\\/naturalpoland.com\\\/es\\\/productos\\\/\"},{\"@type\":\"ListItem\",\"position\":3,\"name\":\"Dipeptide Diaminobutyroyl Benzylamide Diacetate\"}]},{\"@type\":\"WebSite\",\"@id\":\"https:\\\/\\\/naturalpoland.com\\\/es\\\/#website\",\"url\":\"https:\\\/\\\/naturalpoland.com\\\/es\\\/\",\"name\":\"NATURAL POLAND - Distribuidor Mayorista de Materias Primas\",\"description\":\"Surowce dla przemys\u0142u spo\u017cywczego, kosmetycznego i farmaceutycznego\",\"publisher\":{\"@id\":\"https:\\\/\\\/naturalpoland.com\\\/es\\\/#organization\"},\"potentialAction\":[{\"@type\":\"SearchAction\",\"target\":{\"@type\":\"EntryPoint\",\"urlTemplate\":\"https:\\\/\\\/naturalpoland.com\\\/es\\\/?s={search_term_string}\"},\"query-input\":{\"@type\":\"PropertyValueSpecification\",\"valueRequired\":true,\"valueName\":\"search_term_string\"}}],\"inLanguage\":\"es\"},{\"@type\":\"Organization\",\"@id\":\"https:\\\/\\\/naturalpoland.com\\\/es\\\/#organization\",\"name\":\"Natural Poland\",\"url\":\"https:\\\/\\\/naturalpoland.com\\\/es\\\/\",\"logo\":{\"@type\":\"ImageObject\",\"inLanguage\":\"es\",\"@id\":\"https:\\\/\\\/naturalpoland.com\\\/es\\\/#\\\/schema\\\/logo\\\/image\\\/\",\"url\":\"https:\\\/\\\/naturalpoland.com\\\/wp-content\\\/uploads\\\/2021\\\/05\\\/natural-poland-icon.png\",\"contentUrl\":\"https:\\\/\\\/naturalpoland.com\\\/wp-content\\\/uploads\\\/2021\\\/05\\\/natural-poland-icon.png\",\"width\":512,\"height\":512,\"caption\":\"Natural Poland\"},\"image\":{\"@id\":\"https:\\\/\\\/naturalpoland.com\\\/es\\\/#\\\/schema\\\/logo\\\/image\\\/\"},\"sameAs\":[\"https:\\\/\\\/www.facebook.com\\\/naturalpoland.b2b\",\"https:\\\/\\\/pl.linkedin.com\\\/company\\\/natural-poland\",\"https:\\\/\\\/www.youtube.com\\\/channel\\\/UCgeGGkvOMahZo-xu_MSEWxg\"]}]}<\/script>\n<!-- \/ Yoast SEO plugin. -->","yoast_head_json":{"title":"Dipeptide Diaminobutyroyl Benzylamide Diacetate - Distribuidor mayorista","description":"El dip\u00e9ptido diacetato de diaminobutiroilbencilamida es un antagonista reversible del receptor nmAchR, que inhibe la activaci\u00f3n por acetilcolina.","robots":{"index":"index","follow":"follow","max-snippet":"max-snippet:-1","max-image-preview":"max-image-preview:large","max-video-preview":"max-video-preview:-1"},"canonical":"https:\/\/naturalpoland.com\/es\/productos\/productos-para-la-industria-cosmetica\/peptidos\/dipeptide-diaminobutyroyl-benzylamide-diacetate\/","og_locale":"es_ES","og_type":"article","og_title":"Dipeptide Diaminobutyroyl Benzylamide Diacetate - Distribuidor mayorista","og_description":"El dip\u00e9ptido diacetato de diaminobutiroilbencilamida es un antagonista reversible del receptor nmAchR, que inhibe la activaci\u00f3n por acetilcolina.","og_url":"https:\/\/naturalpoland.com\/es\/productos\/productos-para-la-industria-cosmetica\/peptidos\/dipeptide-diaminobutyroyl-benzylamide-diacetate\/","og_site_name":"NATURAL POLAND - Distribuidor Mayorista de Materias Primas","article_publisher":"https:\/\/www.facebook.com\/naturalpoland.b2b","og_image":[{"width":1024,"height":1024,"url":"https:\/\/naturalpoland.com\/wp-content\/uploads\/dipeptide_diaminobutyroyl_benzylamide_diacetate.webp","type":"image\/webp"}],"schema":{"@context":"https:\/\/schema.org","@graph":[{"@type":"WebPage","@id":"https:\/\/naturalpoland.com\/es\/productos\/productos-para-la-industria-cosmetica\/peptidos\/dipeptide-diaminobutyroyl-benzylamide-diacetate\/","url":"https:\/\/naturalpoland.com\/es\/productos\/productos-para-la-industria-cosmetica\/peptidos\/dipeptide-diaminobutyroyl-benzylamide-diacetate\/","name":"Dipeptide Diaminobutyroyl Benzylamide Diacetate - Distribuidor mayorista","isPartOf":{"@id":"https:\/\/naturalpoland.com\/es\/#website"},"primaryImageOfPage":{"@id":"https:\/\/naturalpoland.com\/es\/productos\/productos-para-la-industria-cosmetica\/peptidos\/dipeptide-diaminobutyroyl-benzylamide-diacetate\/#primaryimage"},"image":{"@id":"https:\/\/naturalpoland.com\/es\/productos\/productos-para-la-industria-cosmetica\/peptidos\/dipeptide-diaminobutyroyl-benzylamide-diacetate\/#primaryimage"},"thumbnailUrl":"https:\/\/naturalpoland.com\/wp-content\/uploads\/dipeptide_diaminobutyroyl_benzylamide_diacetate.webp","datePublished":"2024-01-10T11:48:38+00:00","description":"El dip\u00e9ptido diacetato de diaminobutiroilbencilamida es un antagonista reversible del receptor nmAchR, que inhibe la activaci\u00f3n por acetilcolina.","breadcrumb":{"@id":"https:\/\/naturalpoland.com\/es\/productos\/productos-para-la-industria-cosmetica\/peptidos\/dipeptide-diaminobutyroyl-benzylamide-diacetate\/#breadcrumb"},"inLanguage":"es","potentialAction":[{"@type":"ReadAction","target":["https:\/\/naturalpoland.com\/es\/productos\/productos-para-la-industria-cosmetica\/peptidos\/dipeptide-diaminobutyroyl-benzylamide-diacetate\/"]}]},{"@type":"ImageObject","inLanguage":"es","@id":"https:\/\/naturalpoland.com\/es\/productos\/productos-para-la-industria-cosmetica\/peptidos\/dipeptide-diaminobutyroyl-benzylamide-diacetate\/#primaryimage","url":"https:\/\/naturalpoland.com\/wp-content\/uploads\/dipeptide_diaminobutyroyl_benzylamide_diacetate.webp","contentUrl":"https:\/\/naturalpoland.com\/wp-content\/uploads\/dipeptide_diaminobutyroyl_benzylamide_diacetate.webp","width":1024,"height":1024,"caption":"Dipeptide Diaminobutyroyl Benzylamide Diacetate"},{"@type":"BreadcrumbList","@id":"https:\/\/naturalpoland.com\/es\/productos\/productos-para-la-industria-cosmetica\/peptidos\/dipeptide-diaminobutyroyl-benzylamide-diacetate\/#breadcrumb","itemListElement":[{"@type":"ListItem","position":1,"name":"Inicio","item":"https:\/\/naturalpoland.com\/es\/"},{"@type":"ListItem","position":2,"name":"Productos","item":"https:\/\/naturalpoland.com\/es\/productos\/"},{"@type":"ListItem","position":3,"name":"Dipeptide Diaminobutyroyl Benzylamide Diacetate"}]},{"@type":"WebSite","@id":"https:\/\/naturalpoland.com\/es\/#website","url":"https:\/\/naturalpoland.com\/es\/","name":"NATURAL POLAND - Distribuidor Mayorista de Materias Primas","description":"Surowce dla przemys\u0142u spo\u017cywczego, kosmetycznego i farmaceutycznego","publisher":{"@id":"https:\/\/naturalpoland.com\/es\/#organization"},"potentialAction":[{"@type":"SearchAction","target":{"@type":"EntryPoint","urlTemplate":"https:\/\/naturalpoland.com\/es\/?s={search_term_string}"},"query-input":{"@type":"PropertyValueSpecification","valueRequired":true,"valueName":"search_term_string"}}],"inLanguage":"es"},{"@type":"Organization","@id":"https:\/\/naturalpoland.com\/es\/#organization","name":"Natural Poland","url":"https:\/\/naturalpoland.com\/es\/","logo":{"@type":"ImageObject","inLanguage":"es","@id":"https:\/\/naturalpoland.com\/es\/#\/schema\/logo\/image\/","url":"https:\/\/naturalpoland.com\/wp-content\/uploads\/2021\/05\/natural-poland-icon.png","contentUrl":"https:\/\/naturalpoland.com\/wp-content\/uploads\/2021\/05\/natural-poland-icon.png","width":512,"height":512,"caption":"Natural Poland"},"image":{"@id":"https:\/\/naturalpoland.com\/es\/#\/schema\/logo\/image\/"},"sameAs":["https:\/\/www.facebook.com\/naturalpoland.b2b","https:\/\/pl.linkedin.com\/company\/natural-poland","https:\/\/www.youtube.com\/channel\/UCgeGGkvOMahZo-xu_MSEWxg"]}]}},"_links":{"self":[{"href":"https:\/\/naturalpoland.com\/es\/wp-json\/wp\/v2\/product\/29454","targetHints":{"allow":["GET"]}}],"collection":[{"href":"https:\/\/naturalpoland.com\/es\/wp-json\/wp\/v2\/product"}],"about":[{"href":"https:\/\/naturalpoland.com\/es\/wp-json\/wp\/v2\/types\/product"}],"wp:featuredmedia":[{"embeddable":true,"href":"https:\/\/naturalpoland.com\/es\/wp-json\/wp\/v2\/media\/28819"}],"wp:attachment":[{"href":"https:\/\/naturalpoland.com\/es\/wp-json\/wp\/v2\/media?parent=29454"}],"wp:term":[{"taxonomy":"product_brand","embeddable":true,"href":"https:\/\/naturalpoland.com\/es\/wp-json\/wp\/v2\/product_brand?post=29454"},{"taxonomy":"product_cat","embeddable":true,"href":"https:\/\/naturalpoland.com\/es\/wp-json\/wp\/v2\/product_cat?post=29454"},{"taxonomy":"product_tag","embeddable":true,"href":"https:\/\/naturalpoland.com\/es\/wp-json\/wp\/v2\/product_tag?post=29454"}],"curies":[{"name":"wp","href":"https:\/\/api.w.org\/{rel}","templated":true}]}}