{"id":30003,"date":"2024-01-25T12:48:21","date_gmt":"2024-01-26T12:27:02","guid":{"rendered":"https:\/\/naturalpoland.com\/produkty\/sin categor\u00eda\/cera-de-macadamia\/"},"modified":"2024-01-26T13:27:02","modified_gmt":"2024-01-26T12:27:02","slug":"cera-de-macadamia","status":"publish","type":"product","link":"https:\/\/naturalpoland.com\/es\/productos\/ceras\/cera-de-macadamia\/","title":{"rendered":"Cera de macadamia"},"content":{"rendered":"<p>La cera de macadamia tiene un color amarillo cremoso y es inodora, lo que facilita su uso en diversas f\u00f3rmulas cosm\u00e9ticas.<\/p>\n<p>El contenido en \u00e1cidos grasos de la cera de macadamia, incluidos los \u00e1cidos oleico, palm\u00edtico y este\u00e1rico, contribuye a sus propiedades hidratantes y emolientes. Estos mismos \u00e1cidos grasos hacen de esta cera un ingrediente ideal para los productos destinados a la piel seca y madura, ya que ofrece nutrici\u00f3n y protecci\u00f3n.<\/p>\n<p>La cera de macadamia tambi\u00e9n tiene un <strong>efecto protector<\/strong>, formando una delicada pel\u00edcula sobre la piel que ayuda a retener la humedad, evitando la p\u00e9rdida de hidrataci\u00f3n. Gracias a este ingrediente, los productos cosm\u00e9ticos pueden proteger mejor la piel de factores externos nocivos, como la contaminaci\u00f3n y la sequedad.<\/p>\n<p><strong>Aplicaci\u00f3n<\/strong><\/p>\n<p>Los usos de la cera de macadamia van desde las cremas hidratantes a las lociones corporales, pasando por los productos para el peinado. Su versatilidad lo convierte en un ingrediente valioso en la <a href=\"https:\/\/naturalpoland.com\/es\/categor\u00eda\/productos-para-la-industria-cosmetica\/\">industria cosm\u00e9tica<\/a>, y su no toxicidad y suavidad lo hacen adecuado incluso para quienes tienen la piel sensible.<\/p>\n<p>Gracias a sus propiedades hidratantes y suavizantes, esta cera est\u00e1 especialmente recomendada para productos destinados a pieles secas, sensibles y maduras.<\/p>\n","protected":false},"excerpt":{"rendered":"<p>La cera de macadamia es una materia prima cosm\u00e9tica \u00fanica extra\u00edda de la nuez de macadamia. Sus propiedades \u00fanicas proceden del proceso de hidrogenaci\u00f3n del aceite de nuez de macadamia, que le confiere una consistencia s\u00f3lida.<\/p>\n","protected":false},"featured_media":29873,"template":"","meta":{"_acf_changed":false},"product_brand":[],"product_cat":[1083],"product_tag":[],"class_list":{"0":"post-30003","1":"product","2":"type-product","3":"status-publish","4":"has-post-thumbnail","6":"product_cat-ceras","8":"first","9":"instock","10":"shipping-taxable","11":"product-type-simple"},"acf":[],"yoast_head":"<!-- This site is optimized with the Yoast SEO plugin v27.4 - https:\/\/yoast.com\/product\/yoast-seo-wordpress\/ -->\n<title>Cera de macadamia - Distribuidor mayorista<\/title>\n<meta name=\"description\" content=\"La cera de macadamia est\u00e1 especialmente recomendada para productos destinados a pieles secas, sensibles y maduras.\" \/>\n<meta name=\"robots\" content=\"index, follow, max-snippet:-1, max-image-preview:large, max-video-preview:-1\" \/>\n<link rel=\"canonical\" href=\"https:\/\/naturalpoland.com\/es\/productos\/ceras\/cera-de-macadamia\/\" \/>\n<meta property=\"og:locale\" content=\"es_ES\" \/>\n<meta property=\"og:type\" content=\"article\" \/>\n<meta property=\"og:title\" content=\"Cera de macadamia - Distribuidor mayorista\" \/>\n<meta property=\"og:description\" content=\"La cera de macadamia est\u00e1 especialmente recomendada para productos destinados a pieles secas, sensibles y maduras.\" \/>\n<meta property=\"og:url\" content=\"https:\/\/naturalpoland.com\/es\/productos\/ceras\/cera-de-macadamia\/\" \/>\n<meta property=\"og:site_name\" content=\"NATURAL POLAND - Distribuidor Mayorista de Materias Primas\" \/>\n<meta property=\"article:publisher\" content=\"https:\/\/www.facebook.com\/naturalpoland.b2b\" \/>\n<meta property=\"og:image\" content=\"https:\/\/naturalpoland.com\/wp-content\/uploads\/wosk-makadamia.webp\" \/>\n\t<meta property=\"og:image:width\" content=\"614\" \/>\n\t<meta property=\"og:image:height\" content=\"614\" \/>\n\t<meta property=\"og:image:type\" content=\"image\/webp\" \/>\n<script type=\"application\/ld+json\" class=\"yoast-schema-graph\">{\"@context\":\"https:\\\/\\\/schema.org\",\"@graph\":[{\"@type\":\"WebPage\",\"@id\":\"https:\\\/\\\/naturalpoland.com\\\/es\\\/productos\\\/ceras\\\/cera-de-macadamia\\\/\",\"url\":\"https:\\\/\\\/naturalpoland.com\\\/es\\\/productos\\\/ceras\\\/cera-de-macadamia\\\/\",\"name\":\"Cera de macadamia - Distribuidor mayorista\",\"isPartOf\":{\"@id\":\"https:\\\/\\\/naturalpoland.com\\\/es\\\/#website\"},\"primaryImageOfPage\":{\"@id\":\"https:\\\/\\\/naturalpoland.com\\\/es\\\/productos\\\/ceras\\\/cera-de-macadamia\\\/#primaryimage\"},\"image\":{\"@id\":\"https:\\\/\\\/naturalpoland.com\\\/es\\\/productos\\\/ceras\\\/cera-de-macadamia\\\/#primaryimage\"},\"thumbnailUrl\":\"https:\\\/\\\/naturalpoland.com\\\/wp-content\\\/uploads\\\/wosk-makadamia.webp\",\"datePublished\":\"2024-01-26T12:27:02+00:00\",\"description\":\"La cera de macadamia est\u00e1 especialmente recomendada para productos destinados a pieles secas, sensibles y maduras.\",\"breadcrumb\":{\"@id\":\"https:\\\/\\\/naturalpoland.com\\\/es\\\/productos\\\/ceras\\\/cera-de-macadamia\\\/#breadcrumb\"},\"inLanguage\":\"es\",\"potentialAction\":[{\"@type\":\"ReadAction\",\"target\":[\"https:\\\/\\\/naturalpoland.com\\\/es\\\/productos\\\/ceras\\\/cera-de-macadamia\\\/\"]}]},{\"@type\":\"ImageObject\",\"inLanguage\":\"es\",\"@id\":\"https:\\\/\\\/naturalpoland.com\\\/es\\\/productos\\\/ceras\\\/cera-de-macadamia\\\/#primaryimage\",\"url\":\"https:\\\/\\\/naturalpoland.com\\\/wp-content\\\/uploads\\\/wosk-makadamia.webp\",\"contentUrl\":\"https:\\\/\\\/naturalpoland.com\\\/wp-content\\\/uploads\\\/wosk-makadamia.webp\",\"width\":614,\"height\":614,\"caption\":\"wosk makadamia\"},{\"@type\":\"BreadcrumbList\",\"@id\":\"https:\\\/\\\/naturalpoland.com\\\/es\\\/productos\\\/ceras\\\/cera-de-macadamia\\\/#breadcrumb\",\"itemListElement\":[{\"@type\":\"ListItem\",\"position\":1,\"name\":\"Inicio\",\"item\":\"https:\\\/\\\/naturalpoland.com\\\/es\\\/\"},{\"@type\":\"ListItem\",\"position\":2,\"name\":\"Productos\",\"item\":\"https:\\\/\\\/naturalpoland.com\\\/es\\\/productos\\\/\"},{\"@type\":\"ListItem\",\"position\":3,\"name\":\"Cera de macadamia\"}]},{\"@type\":\"WebSite\",\"@id\":\"https:\\\/\\\/naturalpoland.com\\\/es\\\/#website\",\"url\":\"https:\\\/\\\/naturalpoland.com\\\/es\\\/\",\"name\":\"NATURAL POLAND - Distribuidor Mayorista de Materias Primas\",\"description\":\"Surowce dla przemys\u0142u spo\u017cywczego, kosmetycznego i farmaceutycznego\",\"publisher\":{\"@id\":\"https:\\\/\\\/naturalpoland.com\\\/es\\\/#organization\"},\"potentialAction\":[{\"@type\":\"SearchAction\",\"target\":{\"@type\":\"EntryPoint\",\"urlTemplate\":\"https:\\\/\\\/naturalpoland.com\\\/es\\\/?s={search_term_string}\"},\"query-input\":{\"@type\":\"PropertyValueSpecification\",\"valueRequired\":true,\"valueName\":\"search_term_string\"}}],\"inLanguage\":\"es\"},{\"@type\":\"Organization\",\"@id\":\"https:\\\/\\\/naturalpoland.com\\\/es\\\/#organization\",\"name\":\"Natural Poland\",\"url\":\"https:\\\/\\\/naturalpoland.com\\\/es\\\/\",\"logo\":{\"@type\":\"ImageObject\",\"inLanguage\":\"es\",\"@id\":\"https:\\\/\\\/naturalpoland.com\\\/es\\\/#\\\/schema\\\/logo\\\/image\\\/\",\"url\":\"https:\\\/\\\/naturalpoland.com\\\/wp-content\\\/uploads\\\/2021\\\/05\\\/natural-poland-icon.png\",\"contentUrl\":\"https:\\\/\\\/naturalpoland.com\\\/wp-content\\\/uploads\\\/2021\\\/05\\\/natural-poland-icon.png\",\"width\":512,\"height\":512,\"caption\":\"Natural Poland\"},\"image\":{\"@id\":\"https:\\\/\\\/naturalpoland.com\\\/es\\\/#\\\/schema\\\/logo\\\/image\\\/\"},\"sameAs\":[\"https:\\\/\\\/www.facebook.com\\\/naturalpoland.b2b\",\"https:\\\/\\\/pl.linkedin.com\\\/company\\\/natural-poland\",\"https:\\\/\\\/www.youtube.com\\\/channel\\\/UCgeGGkvOMahZo-xu_MSEWxg\"]}]}<\/script>\n<!-- \/ Yoast SEO plugin. -->","yoast_head_json":{"title":"Cera de macadamia - Distribuidor mayorista","description":"La cera de macadamia est\u00e1 especialmente recomendada para productos destinados a pieles secas, sensibles y maduras.","robots":{"index":"index","follow":"follow","max-snippet":"max-snippet:-1","max-image-preview":"max-image-preview:large","max-video-preview":"max-video-preview:-1"},"canonical":"https:\/\/naturalpoland.com\/es\/productos\/ceras\/cera-de-macadamia\/","og_locale":"es_ES","og_type":"article","og_title":"Cera de macadamia - Distribuidor mayorista","og_description":"La cera de macadamia est\u00e1 especialmente recomendada para productos destinados a pieles secas, sensibles y maduras.","og_url":"https:\/\/naturalpoland.com\/es\/productos\/ceras\/cera-de-macadamia\/","og_site_name":"NATURAL POLAND - Distribuidor Mayorista de Materias Primas","article_publisher":"https:\/\/www.facebook.com\/naturalpoland.b2b","og_image":[{"width":614,"height":614,"url":"https:\/\/naturalpoland.com\/wp-content\/uploads\/wosk-makadamia.webp","type":"image\/webp"}],"schema":{"@context":"https:\/\/schema.org","@graph":[{"@type":"WebPage","@id":"https:\/\/naturalpoland.com\/es\/productos\/ceras\/cera-de-macadamia\/","url":"https:\/\/naturalpoland.com\/es\/productos\/ceras\/cera-de-macadamia\/","name":"Cera de macadamia - Distribuidor mayorista","isPartOf":{"@id":"https:\/\/naturalpoland.com\/es\/#website"},"primaryImageOfPage":{"@id":"https:\/\/naturalpoland.com\/es\/productos\/ceras\/cera-de-macadamia\/#primaryimage"},"image":{"@id":"https:\/\/naturalpoland.com\/es\/productos\/ceras\/cera-de-macadamia\/#primaryimage"},"thumbnailUrl":"https:\/\/naturalpoland.com\/wp-content\/uploads\/wosk-makadamia.webp","datePublished":"2024-01-26T12:27:02+00:00","description":"La cera de macadamia est\u00e1 especialmente recomendada para productos destinados a pieles secas, sensibles y maduras.","breadcrumb":{"@id":"https:\/\/naturalpoland.com\/es\/productos\/ceras\/cera-de-macadamia\/#breadcrumb"},"inLanguage":"es","potentialAction":[{"@type":"ReadAction","target":["https:\/\/naturalpoland.com\/es\/productos\/ceras\/cera-de-macadamia\/"]}]},{"@type":"ImageObject","inLanguage":"es","@id":"https:\/\/naturalpoland.com\/es\/productos\/ceras\/cera-de-macadamia\/#primaryimage","url":"https:\/\/naturalpoland.com\/wp-content\/uploads\/wosk-makadamia.webp","contentUrl":"https:\/\/naturalpoland.com\/wp-content\/uploads\/wosk-makadamia.webp","width":614,"height":614,"caption":"wosk makadamia"},{"@type":"BreadcrumbList","@id":"https:\/\/naturalpoland.com\/es\/productos\/ceras\/cera-de-macadamia\/#breadcrumb","itemListElement":[{"@type":"ListItem","position":1,"name":"Inicio","item":"https:\/\/naturalpoland.com\/es\/"},{"@type":"ListItem","position":2,"name":"Productos","item":"https:\/\/naturalpoland.com\/es\/productos\/"},{"@type":"ListItem","position":3,"name":"Cera de macadamia"}]},{"@type":"WebSite","@id":"https:\/\/naturalpoland.com\/es\/#website","url":"https:\/\/naturalpoland.com\/es\/","name":"NATURAL POLAND - Distribuidor Mayorista de Materias Primas","description":"Surowce dla przemys\u0142u spo\u017cywczego, kosmetycznego i farmaceutycznego","publisher":{"@id":"https:\/\/naturalpoland.com\/es\/#organization"},"potentialAction":[{"@type":"SearchAction","target":{"@type":"EntryPoint","urlTemplate":"https:\/\/naturalpoland.com\/es\/?s={search_term_string}"},"query-input":{"@type":"PropertyValueSpecification","valueRequired":true,"valueName":"search_term_string"}}],"inLanguage":"es"},{"@type":"Organization","@id":"https:\/\/naturalpoland.com\/es\/#organization","name":"Natural Poland","url":"https:\/\/naturalpoland.com\/es\/","logo":{"@type":"ImageObject","inLanguage":"es","@id":"https:\/\/naturalpoland.com\/es\/#\/schema\/logo\/image\/","url":"https:\/\/naturalpoland.com\/wp-content\/uploads\/2021\/05\/natural-poland-icon.png","contentUrl":"https:\/\/naturalpoland.com\/wp-content\/uploads\/2021\/05\/natural-poland-icon.png","width":512,"height":512,"caption":"Natural Poland"},"image":{"@id":"https:\/\/naturalpoland.com\/es\/#\/schema\/logo\/image\/"},"sameAs":["https:\/\/www.facebook.com\/naturalpoland.b2b","https:\/\/pl.linkedin.com\/company\/natural-poland","https:\/\/www.youtube.com\/channel\/UCgeGGkvOMahZo-xu_MSEWxg"]}]}},"_links":{"self":[{"href":"https:\/\/naturalpoland.com\/es\/wp-json\/wp\/v2\/product\/30003","targetHints":{"allow":["GET"]}}],"collection":[{"href":"https:\/\/naturalpoland.com\/es\/wp-json\/wp\/v2\/product"}],"about":[{"href":"https:\/\/naturalpoland.com\/es\/wp-json\/wp\/v2\/types\/product"}],"wp:featuredmedia":[{"embeddable":true,"href":"https:\/\/naturalpoland.com\/es\/wp-json\/wp\/v2\/media\/29873"}],"wp:attachment":[{"href":"https:\/\/naturalpoland.com\/es\/wp-json\/wp\/v2\/media?parent=30003"}],"wp:term":[{"taxonomy":"product_brand","embeddable":true,"href":"https:\/\/naturalpoland.com\/es\/wp-json\/wp\/v2\/product_brand?post=30003"},{"taxonomy":"product_cat","embeddable":true,"href":"https:\/\/naturalpoland.com\/es\/wp-json\/wp\/v2\/product_cat?post=30003"},{"taxonomy":"product_tag","embeddable":true,"href":"https:\/\/naturalpoland.com\/es\/wp-json\/wp\/v2\/product_tag?post=30003"}],"curies":[{"name":"wp","href":"https:\/\/api.w.org\/{rel}","templated":true}]}}