{"id":30007,"date":"2024-01-18T15:41:53","date_gmt":"2024-01-26T12:27:07","guid":{"rendered":"https:\/\/naturalpoland.com\/produkty\/sin%20categor\u00eda\/acetil-tetrapeptido-5\/"},"modified":"2024-06-05T14:16:47","modified_gmt":"2024-06-05T12:16:47","slug":"acetil-tetrapeptido-5","status":"publish","type":"product","link":"https:\/\/naturalpoland.com\/es\/productos\/productos-para-la-industria-cosmetica\/peptidos\/acetil-tetrapeptido-5\/","title":{"rendered":"Acetil tetrap\u00e9ptido-5"},"content":{"rendered":"<h3>Mecanismo de acci\u00f3n<\/h3>\n<p><strong>Aumento de la actividad de la super\u00f3xido dismutasa (SOD)<\/strong><\/p>\n<p>El acetil tetrap\u00e9ptido-5 favorece la actividad de la SOD, que contribuye a la protecci\u00f3n de las c\u00e9lulas cut\u00e1neas frente al estr\u00e9s oxidativo. Al hacerlo, el p\u00e9ptido ayuda a inhibir el proceso de glicaci\u00f3n que conduce a la reticulaci\u00f3n de las prote\u00ednas, lo que a su vez mejora la elasticidad de la piel y previene el envejecimiento prematuro.<\/p>\n<p><strong>Mejora de la microcirculaci\u00f3n<\/strong><\/p>\n<p>Al estimular la microcirculaci\u00f3n en la zona de los ojos, el Acetil Tetrap\u00e9ptido-5 reduce la permeabilidad de los vasos sangu\u00edneos y la p\u00e9rdida de hidrataci\u00f3n. Esta acci\u00f3n contribuye a reducir la hinchaz\u00f3n y las ojeras, proporcionando un aspecto m\u00e1s descansado y juvenil.<\/p>\n<p><strong>Acci\u00f3n antiglicaci\u00f3n<\/strong><\/p>\n<p>La glicaci\u00f3n es el proceso por el que los az\u00facares reaccionan con las prote\u00ednas para formar productos finales de glicaci\u00f3n avanzada (AGE), que da\u00f1an el col\u00e1geno y la elastina, provocando p\u00e9rdida de firmeza y arrugas. El Acetil Tetrap\u00e9ptido-5 inhibe eficazmente este proceso, favoreciendo la estructura y elasticidad de la piel.<\/p>\n<h3>Beneficios cosm\u00e9ticos<\/h3>\n<p>Gracias a sus propiedades <strong>antiedematosas<\/strong>, el Acetil Tetrap\u00e9ptido-5 es especialmente eficaz para reducir las bolsas bajo los ojos, que a menudo son consecuencia de una mala circulaci\u00f3n linf\u00e1tica y de la acumulaci\u00f3n de l\u00edquidos. Este p\u00e9ptido mejora la circulaci\u00f3n linf\u00e1tica, lo que <strong>reduce las bolsas<\/strong> y proporciona un aspecto m\u00e1s descansado. Adem\u00e1s, <strong>tiene un efecto calmante e hidratante<\/strong> sobre la piel, mejorando su suavidad y elasticidad. Este p\u00e9ptido tambi\u00e9n tiene <strong>propiedades antiinflamatorias<\/strong>, lo que ayuda a reducir la irritaci\u00f3n y el enrojecimiento de la piel. Es un ingrediente excelente en productos para pieles sensibles y propensas a las alergias.<\/p>\n<h3>Investiga<\/h3>\n<p>La eficacia del Acetil Tetrap\u00e9ptido-5 se ha confirmado en numerosos estudios in vivo. En un estudio, 20 voluntarios se aplicaron una crema que conten\u00eda Acetil Tetrap\u00e9ptido-5 durante 60 d\u00edas. Los resultados mostraron que en el 70% de los participantes, el aspecto de las bolsas bajo los ojos se hab\u00eda reducido al 15\u00ba d\u00eda de uso, y en el 95% de los participantes al final del estudio.<\/p>\n<h3>Seguridad<\/h3>\n<p>El producto est\u00e1 reconocido como ingrediente cosm\u00e9tico seguro. No muestra efectos irritantes ni t\u00f3xicos en las concentraciones utilizadas. Su ausencia de clasificaci\u00f3n como sustancia peligrosa seg\u00fan la normativa qu\u00edmica confirma su seguridad tanto para los usuarios como para el medio ambiente.<\/p>\n","protected":false},"excerpt":{"rendered":"<p>El Acetil Tetrap\u00e9ptido-5 es un p\u00e9ptido sint\u00e9tico de cuatro amino\u00e1cidos con propiedades que reducen la hinchaz\u00f3n y las ojeras. El producto se utiliza ampliamente en la industria cosm\u00e9tica, incluidos geles, cremas, sueros para ojos y mascarillas.<\/p>\n","protected":false},"featured_media":29614,"template":"","meta":[],"product_brand":[],"product_cat":[2495],"product_tag":[],"class_list":{"0":"post-30007","1":"product","2":"type-product","3":"status-publish","4":"has-post-thumbnail","6":"product_cat-peptidos","7":"pa_metoda-pozyskiwania-fermentacion-biologica","9":"first","10":"instock","11":"shipping-taxable","12":"product-type-simple"},"yoast_head":"<!-- This site is optimized with the Yoast SEO plugin v27.4 - https:\/\/yoast.com\/product\/yoast-seo-wordpress\/ -->\n<title>Acetil tetrap\u00e9ptido-5 - NATURAL POLAND - Distribuidor Mayorista de Materias Primas<\/title>\n<meta name=\"description\" content=\"El Acetil Tetrap\u00e9ptido-5, tambi\u00e9n conocido como Eyeseryl, es un p\u00e9ptido utilizado en cosmetolog\u00eda por sus propiedades \u00fanicas.\" \/>\n<meta name=\"robots\" content=\"index, follow, max-snippet:-1, max-image-preview:large, max-video-preview:-1\" \/>\n<link rel=\"canonical\" href=\"https:\/\/naturalpoland.com\/es\/productos\/productos-para-la-industria-cosmetica\/peptidos\/acetil-tetrapeptido-5\/\" \/>\n<meta property=\"og:locale\" content=\"es_ES\" \/>\n<meta property=\"og:type\" content=\"article\" \/>\n<meta property=\"og:title\" content=\"Acetil tetrap\u00e9ptido-5 - NATURAL POLAND - Distribuidor Mayorista de Materias Primas\" \/>\n<meta property=\"og:description\" content=\"El Acetil Tetrap\u00e9ptido-5, tambi\u00e9n conocido como Eyeseryl, es un p\u00e9ptido utilizado en cosmetolog\u00eda por sus propiedades \u00fanicas.\" \/>\n<meta property=\"og:url\" content=\"https:\/\/naturalpoland.com\/es\/productos\/productos-para-la-industria-cosmetica\/peptidos\/acetil-tetrapeptido-5\/\" \/>\n<meta property=\"og:site_name\" content=\"NATURAL POLAND - Distribuidor Mayorista de Materias Primas\" \/>\n<meta property=\"article:publisher\" content=\"https:\/\/www.facebook.com\/naturalpoland.b2b\" \/>\n<meta property=\"article:modified_time\" content=\"2024-06-05T12:16:47+00:00\" \/>\n<meta property=\"og:image\" content=\"https:\/\/naturalpoland.com\/wp-content\/uploads\/tetrapeptide-5.webp\" \/>\n\t<meta property=\"og:image:width\" content=\"614\" \/>\n\t<meta property=\"og:image:height\" content=\"614\" \/>\n\t<meta property=\"og:image:type\" content=\"image\/webp\" \/>\n<script type=\"application\/ld+json\" class=\"yoast-schema-graph\">{\"@context\":\"https:\\\/\\\/schema.org\",\"@graph\":[{\"@type\":\"WebPage\",\"@id\":\"https:\\\/\\\/naturalpoland.com\\\/es\\\/productos\\\/productos-para-la-industria-cosmetica\\\/peptidos\\\/acetil-tetrapeptido-5\\\/\",\"url\":\"https:\\\/\\\/naturalpoland.com\\\/es\\\/productos\\\/productos-para-la-industria-cosmetica\\\/peptidos\\\/acetil-tetrapeptido-5\\\/\",\"name\":\"Acetil tetrap\u00e9ptido-5 - NATURAL POLAND - Distribuidor Mayorista de Materias Primas\",\"isPartOf\":{\"@id\":\"https:\\\/\\\/naturalpoland.com\\\/es\\\/#website\"},\"primaryImageOfPage\":{\"@id\":\"https:\\\/\\\/naturalpoland.com\\\/es\\\/productos\\\/productos-para-la-industria-cosmetica\\\/peptidos\\\/acetil-tetrapeptido-5\\\/#primaryimage\"},\"image\":{\"@id\":\"https:\\\/\\\/naturalpoland.com\\\/es\\\/productos\\\/productos-para-la-industria-cosmetica\\\/peptidos\\\/acetil-tetrapeptido-5\\\/#primaryimage\"},\"thumbnailUrl\":\"https:\\\/\\\/naturalpoland.com\\\/wp-content\\\/uploads\\\/tetrapeptide-5.webp\",\"datePublished\":\"2024-01-26T12:27:07+00:00\",\"dateModified\":\"2024-06-05T12:16:47+00:00\",\"description\":\"El Acetil Tetrap\u00e9ptido-5, tambi\u00e9n conocido como Eyeseryl, es un p\u00e9ptido utilizado en cosmetolog\u00eda por sus propiedades \u00fanicas.\",\"breadcrumb\":{\"@id\":\"https:\\\/\\\/naturalpoland.com\\\/es\\\/productos\\\/productos-para-la-industria-cosmetica\\\/peptidos\\\/acetil-tetrapeptido-5\\\/#breadcrumb\"},\"inLanguage\":\"es\",\"potentialAction\":[{\"@type\":\"ReadAction\",\"target\":[\"https:\\\/\\\/naturalpoland.com\\\/es\\\/productos\\\/productos-para-la-industria-cosmetica\\\/peptidos\\\/acetil-tetrapeptido-5\\\/\"]}]},{\"@type\":\"ImageObject\",\"inLanguage\":\"es\",\"@id\":\"https:\\\/\\\/naturalpoland.com\\\/es\\\/productos\\\/productos-para-la-industria-cosmetica\\\/peptidos\\\/acetil-tetrapeptido-5\\\/#primaryimage\",\"url\":\"https:\\\/\\\/naturalpoland.com\\\/wp-content\\\/uploads\\\/tetrapeptide-5.webp\",\"contentUrl\":\"https:\\\/\\\/naturalpoland.com\\\/wp-content\\\/uploads\\\/tetrapeptide-5.webp\",\"width\":614,\"height\":614,\"caption\":\"Acetyl Tetrapeptide-5\"},{\"@type\":\"BreadcrumbList\",\"@id\":\"https:\\\/\\\/naturalpoland.com\\\/es\\\/productos\\\/productos-para-la-industria-cosmetica\\\/peptidos\\\/acetil-tetrapeptido-5\\\/#breadcrumb\",\"itemListElement\":[{\"@type\":\"ListItem\",\"position\":1,\"name\":\"Inicio\",\"item\":\"https:\\\/\\\/naturalpoland.com\\\/es\\\/\"},{\"@type\":\"ListItem\",\"position\":2,\"name\":\"Productos\",\"item\":\"https:\\\/\\\/naturalpoland.com\\\/es\\\/productos\\\/\"},{\"@type\":\"ListItem\",\"position\":3,\"name\":\"Acetil tetrap\u00e9ptido-5\"}]},{\"@type\":\"WebSite\",\"@id\":\"https:\\\/\\\/naturalpoland.com\\\/es\\\/#website\",\"url\":\"https:\\\/\\\/naturalpoland.com\\\/es\\\/\",\"name\":\"NATURAL POLAND - Distribuidor Mayorista de Materias Primas\",\"description\":\"Surowce dla przemys\u0142u spo\u017cywczego, kosmetycznego i farmaceutycznego\",\"publisher\":{\"@id\":\"https:\\\/\\\/naturalpoland.com\\\/es\\\/#organization\"},\"potentialAction\":[{\"@type\":\"SearchAction\",\"target\":{\"@type\":\"EntryPoint\",\"urlTemplate\":\"https:\\\/\\\/naturalpoland.com\\\/es\\\/?s={search_term_string}\"},\"query-input\":{\"@type\":\"PropertyValueSpecification\",\"valueRequired\":true,\"valueName\":\"search_term_string\"}}],\"inLanguage\":\"es\"},{\"@type\":\"Organization\",\"@id\":\"https:\\\/\\\/naturalpoland.com\\\/es\\\/#organization\",\"name\":\"Natural Poland\",\"url\":\"https:\\\/\\\/naturalpoland.com\\\/es\\\/\",\"logo\":{\"@type\":\"ImageObject\",\"inLanguage\":\"es\",\"@id\":\"https:\\\/\\\/naturalpoland.com\\\/es\\\/#\\\/schema\\\/logo\\\/image\\\/\",\"url\":\"https:\\\/\\\/naturalpoland.com\\\/wp-content\\\/uploads\\\/2021\\\/05\\\/natural-poland-icon.png\",\"contentUrl\":\"https:\\\/\\\/naturalpoland.com\\\/wp-content\\\/uploads\\\/2021\\\/05\\\/natural-poland-icon.png\",\"width\":512,\"height\":512,\"caption\":\"Natural Poland\"},\"image\":{\"@id\":\"https:\\\/\\\/naturalpoland.com\\\/es\\\/#\\\/schema\\\/logo\\\/image\\\/\"},\"sameAs\":[\"https:\\\/\\\/www.facebook.com\\\/naturalpoland.b2b\",\"https:\\\/\\\/pl.linkedin.com\\\/company\\\/natural-poland\",\"https:\\\/\\\/www.youtube.com\\\/channel\\\/UCgeGGkvOMahZo-xu_MSEWxg\"]}]}<\/script>\n<!-- \/ Yoast SEO plugin. -->","yoast_head_json":{"title":"Acetil tetrap\u00e9ptido-5 - NATURAL POLAND - Distribuidor Mayorista de Materias Primas","description":"El Acetil Tetrap\u00e9ptido-5, tambi\u00e9n conocido como Eyeseryl, es un p\u00e9ptido utilizado en cosmetolog\u00eda por sus propiedades \u00fanicas.","robots":{"index":"index","follow":"follow","max-snippet":"max-snippet:-1","max-image-preview":"max-image-preview:large","max-video-preview":"max-video-preview:-1"},"canonical":"https:\/\/naturalpoland.com\/es\/productos\/productos-para-la-industria-cosmetica\/peptidos\/acetil-tetrapeptido-5\/","og_locale":"es_ES","og_type":"article","og_title":"Acetil tetrap\u00e9ptido-5 - NATURAL POLAND - Distribuidor Mayorista de Materias Primas","og_description":"El Acetil Tetrap\u00e9ptido-5, tambi\u00e9n conocido como Eyeseryl, es un p\u00e9ptido utilizado en cosmetolog\u00eda por sus propiedades \u00fanicas.","og_url":"https:\/\/naturalpoland.com\/es\/productos\/productos-para-la-industria-cosmetica\/peptidos\/acetil-tetrapeptido-5\/","og_site_name":"NATURAL POLAND - Distribuidor Mayorista de Materias Primas","article_publisher":"https:\/\/www.facebook.com\/naturalpoland.b2b","article_modified_time":"2024-06-05T12:16:47+00:00","og_image":[{"width":614,"height":614,"url":"https:\/\/naturalpoland.com\/wp-content\/uploads\/tetrapeptide-5.webp","type":"image\/webp"}],"schema":{"@context":"https:\/\/schema.org","@graph":[{"@type":"WebPage","@id":"https:\/\/naturalpoland.com\/es\/productos\/productos-para-la-industria-cosmetica\/peptidos\/acetil-tetrapeptido-5\/","url":"https:\/\/naturalpoland.com\/es\/productos\/productos-para-la-industria-cosmetica\/peptidos\/acetil-tetrapeptido-5\/","name":"Acetil tetrap\u00e9ptido-5 - NATURAL POLAND - Distribuidor Mayorista de Materias Primas","isPartOf":{"@id":"https:\/\/naturalpoland.com\/es\/#website"},"primaryImageOfPage":{"@id":"https:\/\/naturalpoland.com\/es\/productos\/productos-para-la-industria-cosmetica\/peptidos\/acetil-tetrapeptido-5\/#primaryimage"},"image":{"@id":"https:\/\/naturalpoland.com\/es\/productos\/productos-para-la-industria-cosmetica\/peptidos\/acetil-tetrapeptido-5\/#primaryimage"},"thumbnailUrl":"https:\/\/naturalpoland.com\/wp-content\/uploads\/tetrapeptide-5.webp","datePublished":"2024-01-26T12:27:07+00:00","dateModified":"2024-06-05T12:16:47+00:00","description":"El Acetil Tetrap\u00e9ptido-5, tambi\u00e9n conocido como Eyeseryl, es un p\u00e9ptido utilizado en cosmetolog\u00eda por sus propiedades \u00fanicas.","breadcrumb":{"@id":"https:\/\/naturalpoland.com\/es\/productos\/productos-para-la-industria-cosmetica\/peptidos\/acetil-tetrapeptido-5\/#breadcrumb"},"inLanguage":"es","potentialAction":[{"@type":"ReadAction","target":["https:\/\/naturalpoland.com\/es\/productos\/productos-para-la-industria-cosmetica\/peptidos\/acetil-tetrapeptido-5\/"]}]},{"@type":"ImageObject","inLanguage":"es","@id":"https:\/\/naturalpoland.com\/es\/productos\/productos-para-la-industria-cosmetica\/peptidos\/acetil-tetrapeptido-5\/#primaryimage","url":"https:\/\/naturalpoland.com\/wp-content\/uploads\/tetrapeptide-5.webp","contentUrl":"https:\/\/naturalpoland.com\/wp-content\/uploads\/tetrapeptide-5.webp","width":614,"height":614,"caption":"Acetyl Tetrapeptide-5"},{"@type":"BreadcrumbList","@id":"https:\/\/naturalpoland.com\/es\/productos\/productos-para-la-industria-cosmetica\/peptidos\/acetil-tetrapeptido-5\/#breadcrumb","itemListElement":[{"@type":"ListItem","position":1,"name":"Inicio","item":"https:\/\/naturalpoland.com\/es\/"},{"@type":"ListItem","position":2,"name":"Productos","item":"https:\/\/naturalpoland.com\/es\/productos\/"},{"@type":"ListItem","position":3,"name":"Acetil tetrap\u00e9ptido-5"}]},{"@type":"WebSite","@id":"https:\/\/naturalpoland.com\/es\/#website","url":"https:\/\/naturalpoland.com\/es\/","name":"NATURAL POLAND - Distribuidor Mayorista de Materias Primas","description":"Surowce dla przemys\u0142u spo\u017cywczego, kosmetycznego i farmaceutycznego","publisher":{"@id":"https:\/\/naturalpoland.com\/es\/#organization"},"potentialAction":[{"@type":"SearchAction","target":{"@type":"EntryPoint","urlTemplate":"https:\/\/naturalpoland.com\/es\/?s={search_term_string}"},"query-input":{"@type":"PropertyValueSpecification","valueRequired":true,"valueName":"search_term_string"}}],"inLanguage":"es"},{"@type":"Organization","@id":"https:\/\/naturalpoland.com\/es\/#organization","name":"Natural Poland","url":"https:\/\/naturalpoland.com\/es\/","logo":{"@type":"ImageObject","inLanguage":"es","@id":"https:\/\/naturalpoland.com\/es\/#\/schema\/logo\/image\/","url":"https:\/\/naturalpoland.com\/wp-content\/uploads\/2021\/05\/natural-poland-icon.png","contentUrl":"https:\/\/naturalpoland.com\/wp-content\/uploads\/2021\/05\/natural-poland-icon.png","width":512,"height":512,"caption":"Natural Poland"},"image":{"@id":"https:\/\/naturalpoland.com\/es\/#\/schema\/logo\/image\/"},"sameAs":["https:\/\/www.facebook.com\/naturalpoland.b2b","https:\/\/pl.linkedin.com\/company\/natural-poland","https:\/\/www.youtube.com\/channel\/UCgeGGkvOMahZo-xu_MSEWxg"]}]}},"_links":{"self":[{"href":"https:\/\/naturalpoland.com\/es\/wp-json\/wp\/v2\/product\/30007","targetHints":{"allow":["GET"]}}],"collection":[{"href":"https:\/\/naturalpoland.com\/es\/wp-json\/wp\/v2\/product"}],"about":[{"href":"https:\/\/naturalpoland.com\/es\/wp-json\/wp\/v2\/types\/product"}],"wp:featuredmedia":[{"embeddable":true,"href":"https:\/\/naturalpoland.com\/es\/wp-json\/wp\/v2\/media\/29614"}],"wp:attachment":[{"href":"https:\/\/naturalpoland.com\/es\/wp-json\/wp\/v2\/media?parent=30007"}],"wp:term":[{"taxonomy":"product_brand","embeddable":true,"href":"https:\/\/naturalpoland.com\/es\/wp-json\/wp\/v2\/product_brand?post=30007"},{"taxonomy":"product_cat","embeddable":true,"href":"https:\/\/naturalpoland.com\/es\/wp-json\/wp\/v2\/product_cat?post=30007"},{"taxonomy":"product_tag","embeddable":true,"href":"https:\/\/naturalpoland.com\/es\/wp-json\/wp\/v2\/product_tag?post=30007"}],"curies":[{"name":"wp","href":"https:\/\/api.w.org\/{rel}","templated":true}]}}