{"id":31477,"date":"2024-04-10T14:38:24","date_gmt":"2024-04-29T12:04:22","guid":{"rendered":"https:\/\/naturalpoland.com\/produkty\/sin categor\u00eda\/extracto-de-flor-de-pasque-chino-pulsatilla-chinensis\/"},"modified":"2024-04-29T14:04:22","modified_gmt":"2024-04-29T12:04:22","slug":"extracto-de-flor-de-pasque-chino-pulsatilla-chinensis","status":"publish","type":"product","link":"https:\/\/naturalpoland.com\/es\/productos\/extractos-de-plantas\/extracto-de-flor-de-pasque-chino-pulsatilla-chinensis\/","title":{"rendered":"Extracto de flor de pasque chino (Pulsatilla chinensis)"},"content":{"rendered":"<p><strong>Propiedades<\/strong><\/p>\n<p>El extracto de pasiflora china se produce utilizando agua como disolvente, lo que garantiza la conservaci\u00f3n de los valiosos componentes de la planta. El producto no contiene OMG, metales pesados ni micotoxinas, por lo que su uso es seguro. Adem\u00e1s, est\u00e1 libre de pat\u00f3genos nocivos.<\/p>\n<p>Una de las principales caracter\u00edsticas del extracto de pasiflora china es su <strong>potencial antiinflamatorio y antibacteriano<\/strong>. Estas propiedades hacen que el extracto se utilice en terapias naturales para combatir diversas infecciones y aliviar la inflamaci\u00f3n del organismo. Adem\u00e1s, los compuestos activos presentes en la sassana china pueden reforzar el sistema inmunitario, aumentando la capacidad de defensa del organismo contra los agentes pat\u00f3genos.<\/p>\n<p>El extracto tambi\u00e9n se caracteriza por su acci\u00f3n<strong>de apoyo al aparato digestivo<\/strong>. Gracias a sus propiedades, puede ayudar a regular el tubo digestivo, aliviar las molestias g\u00e1stricas y mejorar la funci\u00f3n digestiva en general.<\/p>\n<p><strong>Aplicaci\u00f3n<\/strong><\/p>\n<p>El extracto de pasiflora china encuentra su lugar en la producci\u00f3n de una amplia gama de suplementos diet\u00e9ticos para quienes buscan un apoyo natural para mantener la salud. Es especialmente apreciado en f\u00f3rmulas destinadas a reforzar el sistema inmunitario, la salud digestiva y como ingrediente en productos antibacterianos y antiinflamatorios.<\/p>\n<p>&nbsp;<\/p>\n","protected":false},"excerpt":{"rendered":"<p>El extracto de pasiflora china<em>(Pulsatilla chinensis<\/em>) es una materia prima extra\u00edda del rizoma de esta planta. El extracto se valora por su capacidad para apoyar los mecanismos de defensa naturales del organismo y por sus propiedades antiinflamatorias y antibacterianas.<\/p>\n","protected":false},"featured_media":30920,"template":"","meta":{"_acf_changed":false},"product_brand":[],"product_cat":[1079],"product_tag":[],"class_list":{"0":"post-31477","1":"product","2":"type-product","3":"status-publish","4":"has-post-thumbnail","6":"product_cat-extractos-de-plantas","7":"pa_certyfikaty-certificacion-kosher","8":"pa_certyfikaty-halal-es","9":"pa_czesc-rosliny-rizoma","11":"first","12":"instock","13":"shipping-taxable","14":"product-type-simple"},"acf":[],"yoast_head":"<!-- This site is optimized with the Yoast SEO plugin v27.4 - https:\/\/yoast.com\/product\/yoast-seo-wordpress\/ -->\n<title>Extracto de flor de pasque chino (Pulsatilla chinensis) - Distribuidor mayorista<\/title>\n<meta name=\"description\" content=\"El extracto de pasiflora china (Pulsatilla chinensis) es un componente apreciado en el campo de los suplementos naturales para la salud.\" \/>\n<meta name=\"robots\" content=\"index, follow, max-snippet:-1, max-image-preview:large, max-video-preview:-1\" \/>\n<link rel=\"canonical\" href=\"https:\/\/naturalpoland.com\/es\/productos\/extractos-de-plantas\/extracto-de-flor-de-pasque-chino-pulsatilla-chinensis\/\" \/>\n<meta property=\"og:locale\" content=\"es_ES\" \/>\n<meta property=\"og:type\" content=\"article\" \/>\n<meta property=\"og:title\" content=\"Extracto de flor de pasque chino (Pulsatilla chinensis) - Distribuidor mayorista\" \/>\n<meta property=\"og:description\" content=\"El extracto de pasiflora china (Pulsatilla chinensis) es un componente apreciado en el campo de los suplementos naturales para la salud.\" \/>\n<meta property=\"og:url\" content=\"https:\/\/naturalpoland.com\/es\/productos\/extractos-de-plantas\/extracto-de-flor-de-pasque-chino-pulsatilla-chinensis\/\" \/>\n<meta property=\"og:site_name\" content=\"NATURAL POLAND - Distribuidor Mayorista de Materias Primas\" \/>\n<meta property=\"article:publisher\" content=\"https:\/\/www.facebook.com\/naturalpoland.b2b\" \/>\n<meta property=\"og:image\" content=\"https:\/\/naturalpoland.com\/wp-content\/uploads\/pulsatilla_chinensis_extract.webp\" \/>\n\t<meta property=\"og:image:width\" content=\"1024\" \/>\n\t<meta property=\"og:image:height\" content=\"1024\" \/>\n\t<meta property=\"og:image:type\" content=\"image\/webp\" \/>\n<script type=\"application\/ld+json\" class=\"yoast-schema-graph\">{\"@context\":\"https:\\\/\\\/schema.org\",\"@graph\":[{\"@type\":\"WebPage\",\"@id\":\"https:\\\/\\\/naturalpoland.com\\\/es\\\/productos\\\/extractos-de-plantas\\\/extracto-de-flor-de-pasque-chino-pulsatilla-chinensis\\\/\",\"url\":\"https:\\\/\\\/naturalpoland.com\\\/es\\\/productos\\\/extractos-de-plantas\\\/extracto-de-flor-de-pasque-chino-pulsatilla-chinensis\\\/\",\"name\":\"Extracto de flor de pasque chino (Pulsatilla chinensis) - Distribuidor mayorista\",\"isPartOf\":{\"@id\":\"https:\\\/\\\/naturalpoland.com\\\/es\\\/#website\"},\"primaryImageOfPage\":{\"@id\":\"https:\\\/\\\/naturalpoland.com\\\/es\\\/productos\\\/extractos-de-plantas\\\/extracto-de-flor-de-pasque-chino-pulsatilla-chinensis\\\/#primaryimage\"},\"image\":{\"@id\":\"https:\\\/\\\/naturalpoland.com\\\/es\\\/productos\\\/extractos-de-plantas\\\/extracto-de-flor-de-pasque-chino-pulsatilla-chinensis\\\/#primaryimage\"},\"thumbnailUrl\":\"https:\\\/\\\/naturalpoland.com\\\/wp-content\\\/uploads\\\/pulsatilla_chinensis_extract.webp\",\"datePublished\":\"2024-04-29T12:04:22+00:00\",\"description\":\"El extracto de pasiflora china (Pulsatilla chinensis) es un componente apreciado en el campo de los suplementos naturales para la salud.\",\"breadcrumb\":{\"@id\":\"https:\\\/\\\/naturalpoland.com\\\/es\\\/productos\\\/extractos-de-plantas\\\/extracto-de-flor-de-pasque-chino-pulsatilla-chinensis\\\/#breadcrumb\"},\"inLanguage\":\"es\",\"potentialAction\":[{\"@type\":\"ReadAction\",\"target\":[\"https:\\\/\\\/naturalpoland.com\\\/es\\\/productos\\\/extractos-de-plantas\\\/extracto-de-flor-de-pasque-chino-pulsatilla-chinensis\\\/\"]}]},{\"@type\":\"ImageObject\",\"inLanguage\":\"es\",\"@id\":\"https:\\\/\\\/naturalpoland.com\\\/es\\\/productos\\\/extractos-de-plantas\\\/extracto-de-flor-de-pasque-chino-pulsatilla-chinensis\\\/#primaryimage\",\"url\":\"https:\\\/\\\/naturalpoland.com\\\/wp-content\\\/uploads\\\/pulsatilla_chinensis_extract.webp\",\"contentUrl\":\"https:\\\/\\\/naturalpoland.com\\\/wp-content\\\/uploads\\\/pulsatilla_chinensis_extract.webp\",\"width\":1024,\"height\":1024,\"caption\":\"Ekstrakt z sasanki chi\u0144skiej\"},{\"@type\":\"BreadcrumbList\",\"@id\":\"https:\\\/\\\/naturalpoland.com\\\/es\\\/productos\\\/extractos-de-plantas\\\/extracto-de-flor-de-pasque-chino-pulsatilla-chinensis\\\/#breadcrumb\",\"itemListElement\":[{\"@type\":\"ListItem\",\"position\":1,\"name\":\"Inicio\",\"item\":\"https:\\\/\\\/naturalpoland.com\\\/es\\\/\"},{\"@type\":\"ListItem\",\"position\":2,\"name\":\"Productos\",\"item\":\"https:\\\/\\\/naturalpoland.com\\\/es\\\/productos\\\/\"},{\"@type\":\"ListItem\",\"position\":3,\"name\":\"Extracto de flor de pasque chino (Pulsatilla chinensis)\"}]},{\"@type\":\"WebSite\",\"@id\":\"https:\\\/\\\/naturalpoland.com\\\/es\\\/#website\",\"url\":\"https:\\\/\\\/naturalpoland.com\\\/es\\\/\",\"name\":\"NATURAL POLAND - Distribuidor Mayorista de Materias Primas\",\"description\":\"Surowce dla przemys\u0142u spo\u017cywczego, kosmetycznego i farmaceutycznego\",\"publisher\":{\"@id\":\"https:\\\/\\\/naturalpoland.com\\\/es\\\/#organization\"},\"potentialAction\":[{\"@type\":\"SearchAction\",\"target\":{\"@type\":\"EntryPoint\",\"urlTemplate\":\"https:\\\/\\\/naturalpoland.com\\\/es\\\/?s={search_term_string}\"},\"query-input\":{\"@type\":\"PropertyValueSpecification\",\"valueRequired\":true,\"valueName\":\"search_term_string\"}}],\"inLanguage\":\"es\"},{\"@type\":\"Organization\",\"@id\":\"https:\\\/\\\/naturalpoland.com\\\/es\\\/#organization\",\"name\":\"Natural Poland\",\"url\":\"https:\\\/\\\/naturalpoland.com\\\/es\\\/\",\"logo\":{\"@type\":\"ImageObject\",\"inLanguage\":\"es\",\"@id\":\"https:\\\/\\\/naturalpoland.com\\\/es\\\/#\\\/schema\\\/logo\\\/image\\\/\",\"url\":\"https:\\\/\\\/naturalpoland.com\\\/wp-content\\\/uploads\\\/2021\\\/05\\\/natural-poland-icon.png\",\"contentUrl\":\"https:\\\/\\\/naturalpoland.com\\\/wp-content\\\/uploads\\\/2021\\\/05\\\/natural-poland-icon.png\",\"width\":512,\"height\":512,\"caption\":\"Natural Poland\"},\"image\":{\"@id\":\"https:\\\/\\\/naturalpoland.com\\\/es\\\/#\\\/schema\\\/logo\\\/image\\\/\"},\"sameAs\":[\"https:\\\/\\\/www.facebook.com\\\/naturalpoland.b2b\",\"https:\\\/\\\/pl.linkedin.com\\\/company\\\/natural-poland\",\"https:\\\/\\\/www.youtube.com\\\/channel\\\/UCgeGGkvOMahZo-xu_MSEWxg\"]}]}<\/script>\n<!-- \/ Yoast SEO plugin. -->","yoast_head_json":{"title":"Extracto de flor de pasque chino (Pulsatilla chinensis) - Distribuidor mayorista","description":"El extracto de pasiflora china (Pulsatilla chinensis) es un componente apreciado en el campo de los suplementos naturales para la salud.","robots":{"index":"index","follow":"follow","max-snippet":"max-snippet:-1","max-image-preview":"max-image-preview:large","max-video-preview":"max-video-preview:-1"},"canonical":"https:\/\/naturalpoland.com\/es\/productos\/extractos-de-plantas\/extracto-de-flor-de-pasque-chino-pulsatilla-chinensis\/","og_locale":"es_ES","og_type":"article","og_title":"Extracto de flor de pasque chino (Pulsatilla chinensis) - Distribuidor mayorista","og_description":"El extracto de pasiflora china (Pulsatilla chinensis) es un componente apreciado en el campo de los suplementos naturales para la salud.","og_url":"https:\/\/naturalpoland.com\/es\/productos\/extractos-de-plantas\/extracto-de-flor-de-pasque-chino-pulsatilla-chinensis\/","og_site_name":"NATURAL POLAND - Distribuidor Mayorista de Materias Primas","article_publisher":"https:\/\/www.facebook.com\/naturalpoland.b2b","og_image":[{"width":1024,"height":1024,"url":"https:\/\/naturalpoland.com\/wp-content\/uploads\/pulsatilla_chinensis_extract.webp","type":"image\/webp"}],"schema":{"@context":"https:\/\/schema.org","@graph":[{"@type":"WebPage","@id":"https:\/\/naturalpoland.com\/es\/productos\/extractos-de-plantas\/extracto-de-flor-de-pasque-chino-pulsatilla-chinensis\/","url":"https:\/\/naturalpoland.com\/es\/productos\/extractos-de-plantas\/extracto-de-flor-de-pasque-chino-pulsatilla-chinensis\/","name":"Extracto de flor de pasque chino (Pulsatilla chinensis) - Distribuidor mayorista","isPartOf":{"@id":"https:\/\/naturalpoland.com\/es\/#website"},"primaryImageOfPage":{"@id":"https:\/\/naturalpoland.com\/es\/productos\/extractos-de-plantas\/extracto-de-flor-de-pasque-chino-pulsatilla-chinensis\/#primaryimage"},"image":{"@id":"https:\/\/naturalpoland.com\/es\/productos\/extractos-de-plantas\/extracto-de-flor-de-pasque-chino-pulsatilla-chinensis\/#primaryimage"},"thumbnailUrl":"https:\/\/naturalpoland.com\/wp-content\/uploads\/pulsatilla_chinensis_extract.webp","datePublished":"2024-04-29T12:04:22+00:00","description":"El extracto de pasiflora china (Pulsatilla chinensis) es un componente apreciado en el campo de los suplementos naturales para la salud.","breadcrumb":{"@id":"https:\/\/naturalpoland.com\/es\/productos\/extractos-de-plantas\/extracto-de-flor-de-pasque-chino-pulsatilla-chinensis\/#breadcrumb"},"inLanguage":"es","potentialAction":[{"@type":"ReadAction","target":["https:\/\/naturalpoland.com\/es\/productos\/extractos-de-plantas\/extracto-de-flor-de-pasque-chino-pulsatilla-chinensis\/"]}]},{"@type":"ImageObject","inLanguage":"es","@id":"https:\/\/naturalpoland.com\/es\/productos\/extractos-de-plantas\/extracto-de-flor-de-pasque-chino-pulsatilla-chinensis\/#primaryimage","url":"https:\/\/naturalpoland.com\/wp-content\/uploads\/pulsatilla_chinensis_extract.webp","contentUrl":"https:\/\/naturalpoland.com\/wp-content\/uploads\/pulsatilla_chinensis_extract.webp","width":1024,"height":1024,"caption":"Ekstrakt z sasanki chi\u0144skiej"},{"@type":"BreadcrumbList","@id":"https:\/\/naturalpoland.com\/es\/productos\/extractos-de-plantas\/extracto-de-flor-de-pasque-chino-pulsatilla-chinensis\/#breadcrumb","itemListElement":[{"@type":"ListItem","position":1,"name":"Inicio","item":"https:\/\/naturalpoland.com\/es\/"},{"@type":"ListItem","position":2,"name":"Productos","item":"https:\/\/naturalpoland.com\/es\/productos\/"},{"@type":"ListItem","position":3,"name":"Extracto de flor de pasque chino (Pulsatilla chinensis)"}]},{"@type":"WebSite","@id":"https:\/\/naturalpoland.com\/es\/#website","url":"https:\/\/naturalpoland.com\/es\/","name":"NATURAL POLAND - Distribuidor Mayorista de Materias Primas","description":"Surowce dla przemys\u0142u spo\u017cywczego, kosmetycznego i farmaceutycznego","publisher":{"@id":"https:\/\/naturalpoland.com\/es\/#organization"},"potentialAction":[{"@type":"SearchAction","target":{"@type":"EntryPoint","urlTemplate":"https:\/\/naturalpoland.com\/es\/?s={search_term_string}"},"query-input":{"@type":"PropertyValueSpecification","valueRequired":true,"valueName":"search_term_string"}}],"inLanguage":"es"},{"@type":"Organization","@id":"https:\/\/naturalpoland.com\/es\/#organization","name":"Natural Poland","url":"https:\/\/naturalpoland.com\/es\/","logo":{"@type":"ImageObject","inLanguage":"es","@id":"https:\/\/naturalpoland.com\/es\/#\/schema\/logo\/image\/","url":"https:\/\/naturalpoland.com\/wp-content\/uploads\/2021\/05\/natural-poland-icon.png","contentUrl":"https:\/\/naturalpoland.com\/wp-content\/uploads\/2021\/05\/natural-poland-icon.png","width":512,"height":512,"caption":"Natural Poland"},"image":{"@id":"https:\/\/naturalpoland.com\/es\/#\/schema\/logo\/image\/"},"sameAs":["https:\/\/www.facebook.com\/naturalpoland.b2b","https:\/\/pl.linkedin.com\/company\/natural-poland","https:\/\/www.youtube.com\/channel\/UCgeGGkvOMahZo-xu_MSEWxg"]}]}},"_links":{"self":[{"href":"https:\/\/naturalpoland.com\/es\/wp-json\/wp\/v2\/product\/31477","targetHints":{"allow":["GET"]}}],"collection":[{"href":"https:\/\/naturalpoland.com\/es\/wp-json\/wp\/v2\/product"}],"about":[{"href":"https:\/\/naturalpoland.com\/es\/wp-json\/wp\/v2\/types\/product"}],"wp:featuredmedia":[{"embeddable":true,"href":"https:\/\/naturalpoland.com\/es\/wp-json\/wp\/v2\/media\/30920"}],"wp:attachment":[{"href":"https:\/\/naturalpoland.com\/es\/wp-json\/wp\/v2\/media?parent=31477"}],"wp:term":[{"taxonomy":"product_brand","embeddable":true,"href":"https:\/\/naturalpoland.com\/es\/wp-json\/wp\/v2\/product_brand?post=31477"},{"taxonomy":"product_cat","embeddable":true,"href":"https:\/\/naturalpoland.com\/es\/wp-json\/wp\/v2\/product_cat?post=31477"},{"taxonomy":"product_tag","embeddable":true,"href":"https:\/\/naturalpoland.com\/es\/wp-json\/wp\/v2\/product_tag?post=31477"}],"curies":[{"name":"wp","href":"https:\/\/api.w.org\/{rel}","templated":true}]}}