{"id":31487,"date":"2024-04-10T12:40:15","date_gmt":"2024-04-10T10:40:15","guid":{"rendered":"https:\/\/naturalpoland.com\/produkty\/sin categor\u00eda\/almidon-de-maiz\/"},"modified":"2024-04-29T14:10:56","modified_gmt":"2024-04-29T12:10:56","slug":"almidon-de-maiz","status":"publish","type":"product","link":"https:\/\/naturalpoland.com\/es\/productos\/productos-para-la-industria-alimentaria\/materias-primas-para-la-produccion\/almidon-de-maiz\/","title":{"rendered":"Almid\u00f3n de ma\u00edz"},"content":{"rendered":"<p><strong>Propiedades y usos del almid\u00f3n de ma\u00edz<\/strong><\/p>\n<p>El almid\u00f3n de ma\u00edz es de color blanco y tiene un sabor y un olor t\u00edpicamente delicados. Su textura, fluida y ligera, permite incorporarla f\u00e1cilmente a una gran variedad de f\u00f3rmulas, desde productos horneados hasta postres y bebidas. La maicena tiene la capacidad de formar geles cuando se calienta, lo que se utiliza para espesar salsas, sopas o rellenos de tartas, al tiempo que proporciona claridad y un acabado brillante a los platos.<\/p>\n<p>W <strong><br \/>\n  <a href=\"\/categor\u00eda\/productos-para-la-industria-farmac\u00e9utica- y-m\u00e9dica\/.\">n la industria farmac\u00e9utica<\/a><br \/>\n<\/strong> el almid\u00f3n de ma\u00edz se utiliza como agente de carga en comprimidos y c\u00e1psulas, donde act\u00faa como portador de sustancias medicinales, facilitando su dosificaci\u00f3n y liberaci\u00f3n.<\/p>\n<p>Adem\u00e1s, sus propiedades de fijaci\u00f3n de la humedad lo convierten en un ingrediente apreciado <strong>en la fabricaci\u00f3n de cosm\u00e9ticos<\/strong>, donde se utiliza para controlar la viscosidad de los productos y como absorbente natural del exceso de sebo en la piel.<\/p>\n<p><strong>Seguridad<\/strong><\/p>\n<p>El producto tambi\u00e9n tiene un perfil de seguridad favorable. El almid\u00f3n de ma\u00edz no contiene OMG y se produce sin utilizar conservantes. Los controles fisicoqu\u00edmicos confirman un bajo contenido de humedad, cenizas y prote\u00ednas, lo que indica una gran pureza del ingrediente. Adem\u00e1s, el almid\u00f3n cumple estrictas normas sobre el contenido de metales pesados y micotoxinas, lo que garantiza un uso seguro.<\/p>\n<hr>\n<h3>Valores nutricionales<\/h3>\n<table>\n<tbody>\n<tr>\n<td><b>Valor nutritivo del producto<\/b><\/td>\n<td><b>en 100 g<\/b><\/td>\n<\/tr>\n<tr>\n<td>Valor energ\u00e9tico<\/td>\n<td>1493 kJ \/ 351 kcal<\/td>\n<\/tr>\n<tr>\n<td>Grasa<\/td>\n<td>0 g<\/td>\n<\/tr>\n<tr>\n<td>de los cuales \u00e1cidos grasos saturados<\/td>\n<td>0 g<\/td>\n<\/tr>\n<tr>\n<td>Hidratos de carbono<\/td>\n<td>86,8 g<\/td>\n<\/tr>\n<tr>\n<td>de los cuales az\u00facares<\/td>\n<td>0,9 g<\/td>\n<\/tr>\n<tr>\n<td>Fibra<\/td>\n<td>1,7 g<\/td>\n<\/tr>\n<tr>\n<td>Prote\u00edna<\/td>\n<td>0,2 g<\/td>\n<\/tr>\n<tr>\n<td>Sal *<\/td>\n<td>0,01 g<\/td>\n<\/tr>\n<\/tbody>\n<\/table>\n<p>*El contenido de sal se debe \u00fanicamente a la presencia de sodio natural.<\/p>\n","protected":false},"excerpt":{"rendered":"<p>El almid\u00f3n de ma\u00edz es un ingrediente vers\u00e1til con reputaci\u00f3n en las industrias alimentaria, farmac\u00e9utica y cosm\u00e9tica. Es un pol\u00edmero natural extra\u00eddo de los granos de ma\u00edz.<\/p>\n","protected":false},"featured_media":31375,"template":"","meta":{"_acf_changed":false},"product_brand":[],"product_cat":[1062],"product_tag":[],"class_list":{"0":"post-31487","1":"product","2":"type-product","3":"status-publish","4":"has-post-thumbnail","6":"product_cat-materias-primas-para-la-produccion","8":"first","9":"instock","10":"shipping-taxable","11":"product-type-simple"},"acf":[],"yoast_head":"<!-- This site is optimized with the Yoast SEO plugin v27.4 - https:\/\/yoast.com\/product\/yoast-seo-wordpress\/ -->\n<title>Almid\u00f3n de ma\u00edz - Distribuidor mayorista<\/title>\n<meta name=\"description\" content=\"Gracias a sus propiedades, el almid\u00f3n de ma\u00edz es un ingrediente clave para los fabricantes que buscan crear productos de alta calidad.\" \/>\n<meta name=\"robots\" content=\"index, follow, max-snippet:-1, max-image-preview:large, max-video-preview:-1\" \/>\n<link rel=\"canonical\" href=\"https:\/\/naturalpoland.com\/es\/productos\/productos-para-la-industria-alimentaria\/materias-primas-para-la-produccion\/almidon-de-maiz\/\" \/>\n<meta property=\"og:locale\" content=\"es_ES\" \/>\n<meta property=\"og:type\" content=\"article\" \/>\n<meta property=\"og:title\" content=\"Almid\u00f3n de ma\u00edz - Distribuidor mayorista\" \/>\n<meta property=\"og:description\" content=\"Gracias a sus propiedades, el almid\u00f3n de ma\u00edz es un ingrediente clave para los fabricantes que buscan crear productos de alta calidad.\" \/>\n<meta property=\"og:url\" content=\"https:\/\/naturalpoland.com\/es\/productos\/productos-para-la-industria-alimentaria\/materias-primas-para-la-produccion\/almidon-de-maiz\/\" \/>\n<meta property=\"og:site_name\" content=\"NATURAL POLAND - Distribuidor Mayorista de Materias Primas\" \/>\n<meta property=\"article:publisher\" content=\"https:\/\/www.facebook.com\/naturalpoland.b2b\" \/>\n<meta property=\"article:modified_time\" content=\"2024-04-29T12:10:56+00:00\" \/>\n<meta property=\"og:image\" content=\"https:\/\/naturalpoland.com\/wp-content\/uploads\/skrobia-kukurydziana-1.jpg\" \/>\n\t<meta property=\"og:image:width\" content=\"500\" \/>\n\t<meta property=\"og:image:height\" content=\"500\" \/>\n\t<meta property=\"og:image:type\" content=\"image\/jpeg\" \/>\n<script type=\"application\/ld+json\" class=\"yoast-schema-graph\">{\"@context\":\"https:\\\/\\\/schema.org\",\"@graph\":[{\"@type\":\"WebPage\",\"@id\":\"https:\\\/\\\/naturalpoland.com\\\/es\\\/productos\\\/productos-para-la-industria-alimentaria\\\/materias-primas-para-la-produccion\\\/almidon-de-maiz\\\/\",\"url\":\"https:\\\/\\\/naturalpoland.com\\\/es\\\/productos\\\/productos-para-la-industria-alimentaria\\\/materias-primas-para-la-produccion\\\/almidon-de-maiz\\\/\",\"name\":\"Almid\u00f3n de ma\u00edz - Distribuidor mayorista\",\"isPartOf\":{\"@id\":\"https:\\\/\\\/naturalpoland.com\\\/es\\\/#website\"},\"primaryImageOfPage\":{\"@id\":\"https:\\\/\\\/naturalpoland.com\\\/es\\\/productos\\\/productos-para-la-industria-alimentaria\\\/materias-primas-para-la-produccion\\\/almidon-de-maiz\\\/#primaryimage\"},\"image\":{\"@id\":\"https:\\\/\\\/naturalpoland.com\\\/es\\\/productos\\\/productos-para-la-industria-alimentaria\\\/materias-primas-para-la-produccion\\\/almidon-de-maiz\\\/#primaryimage\"},\"thumbnailUrl\":\"https:\\\/\\\/naturalpoland.com\\\/wp-content\\\/uploads\\\/skrobia-kukurydziana-1.jpg\",\"datePublished\":\"2024-04-10T10:40:15+00:00\",\"dateModified\":\"2024-04-29T12:10:56+00:00\",\"description\":\"Gracias a sus propiedades, el almid\u00f3n de ma\u00edz es un ingrediente clave para los fabricantes que buscan crear productos de alta calidad.\",\"breadcrumb\":{\"@id\":\"https:\\\/\\\/naturalpoland.com\\\/es\\\/productos\\\/productos-para-la-industria-alimentaria\\\/materias-primas-para-la-produccion\\\/almidon-de-maiz\\\/#breadcrumb\"},\"inLanguage\":\"es\",\"potentialAction\":[{\"@type\":\"ReadAction\",\"target\":[\"https:\\\/\\\/naturalpoland.com\\\/es\\\/productos\\\/productos-para-la-industria-alimentaria\\\/materias-primas-para-la-produccion\\\/almidon-de-maiz\\\/\"]}]},{\"@type\":\"ImageObject\",\"inLanguage\":\"es\",\"@id\":\"https:\\\/\\\/naturalpoland.com\\\/es\\\/productos\\\/productos-para-la-industria-alimentaria\\\/materias-primas-para-la-produccion\\\/almidon-de-maiz\\\/#primaryimage\",\"url\":\"https:\\\/\\\/naturalpoland.com\\\/wp-content\\\/uploads\\\/skrobia-kukurydziana-1.jpg\",\"contentUrl\":\"https:\\\/\\\/naturalpoland.com\\\/wp-content\\\/uploads\\\/skrobia-kukurydziana-1.jpg\",\"width\":500,\"height\":500,\"caption\":\"skrobia kukurydziana\"},{\"@type\":\"BreadcrumbList\",\"@id\":\"https:\\\/\\\/naturalpoland.com\\\/es\\\/productos\\\/productos-para-la-industria-alimentaria\\\/materias-primas-para-la-produccion\\\/almidon-de-maiz\\\/#breadcrumb\",\"itemListElement\":[{\"@type\":\"ListItem\",\"position\":1,\"name\":\"Inicio\",\"item\":\"https:\\\/\\\/naturalpoland.com\\\/es\\\/\"},{\"@type\":\"ListItem\",\"position\":2,\"name\":\"Productos\",\"item\":\"https:\\\/\\\/naturalpoland.com\\\/es\\\/productos\\\/\"},{\"@type\":\"ListItem\",\"position\":3,\"name\":\"Almid\u00f3n de ma\u00edz\"}]},{\"@type\":\"WebSite\",\"@id\":\"https:\\\/\\\/naturalpoland.com\\\/es\\\/#website\",\"url\":\"https:\\\/\\\/naturalpoland.com\\\/es\\\/\",\"name\":\"NATURAL POLAND - Distribuidor Mayorista de Materias Primas\",\"description\":\"Surowce dla przemys\u0142u spo\u017cywczego, kosmetycznego i farmaceutycznego\",\"publisher\":{\"@id\":\"https:\\\/\\\/naturalpoland.com\\\/es\\\/#organization\"},\"potentialAction\":[{\"@type\":\"SearchAction\",\"target\":{\"@type\":\"EntryPoint\",\"urlTemplate\":\"https:\\\/\\\/naturalpoland.com\\\/es\\\/?s={search_term_string}\"},\"query-input\":{\"@type\":\"PropertyValueSpecification\",\"valueRequired\":true,\"valueName\":\"search_term_string\"}}],\"inLanguage\":\"es\"},{\"@type\":\"Organization\",\"@id\":\"https:\\\/\\\/naturalpoland.com\\\/es\\\/#organization\",\"name\":\"Natural Poland\",\"url\":\"https:\\\/\\\/naturalpoland.com\\\/es\\\/\",\"logo\":{\"@type\":\"ImageObject\",\"inLanguage\":\"es\",\"@id\":\"https:\\\/\\\/naturalpoland.com\\\/es\\\/#\\\/schema\\\/logo\\\/image\\\/\",\"url\":\"https:\\\/\\\/naturalpoland.com\\\/wp-content\\\/uploads\\\/2021\\\/05\\\/natural-poland-icon.png\",\"contentUrl\":\"https:\\\/\\\/naturalpoland.com\\\/wp-content\\\/uploads\\\/2021\\\/05\\\/natural-poland-icon.png\",\"width\":512,\"height\":512,\"caption\":\"Natural Poland\"},\"image\":{\"@id\":\"https:\\\/\\\/naturalpoland.com\\\/es\\\/#\\\/schema\\\/logo\\\/image\\\/\"},\"sameAs\":[\"https:\\\/\\\/www.facebook.com\\\/naturalpoland.b2b\",\"https:\\\/\\\/pl.linkedin.com\\\/company\\\/natural-poland\",\"https:\\\/\\\/www.youtube.com\\\/channel\\\/UCgeGGkvOMahZo-xu_MSEWxg\"]}]}<\/script>\n<!-- \/ Yoast SEO plugin. -->","yoast_head_json":{"title":"Almid\u00f3n de ma\u00edz - Distribuidor mayorista","description":"Gracias a sus propiedades, el almid\u00f3n de ma\u00edz es un ingrediente clave para los fabricantes que buscan crear productos de alta calidad.","robots":{"index":"index","follow":"follow","max-snippet":"max-snippet:-1","max-image-preview":"max-image-preview:large","max-video-preview":"max-video-preview:-1"},"canonical":"https:\/\/naturalpoland.com\/es\/productos\/productos-para-la-industria-alimentaria\/materias-primas-para-la-produccion\/almidon-de-maiz\/","og_locale":"es_ES","og_type":"article","og_title":"Almid\u00f3n de ma\u00edz - Distribuidor mayorista","og_description":"Gracias a sus propiedades, el almid\u00f3n de ma\u00edz es un ingrediente clave para los fabricantes que buscan crear productos de alta calidad.","og_url":"https:\/\/naturalpoland.com\/es\/productos\/productos-para-la-industria-alimentaria\/materias-primas-para-la-produccion\/almidon-de-maiz\/","og_site_name":"NATURAL POLAND - Distribuidor Mayorista de Materias Primas","article_publisher":"https:\/\/www.facebook.com\/naturalpoland.b2b","article_modified_time":"2024-04-29T12:10:56+00:00","og_image":[{"width":500,"height":500,"url":"https:\/\/naturalpoland.com\/wp-content\/uploads\/skrobia-kukurydziana-1.jpg","type":"image\/jpeg"}],"schema":{"@context":"https:\/\/schema.org","@graph":[{"@type":"WebPage","@id":"https:\/\/naturalpoland.com\/es\/productos\/productos-para-la-industria-alimentaria\/materias-primas-para-la-produccion\/almidon-de-maiz\/","url":"https:\/\/naturalpoland.com\/es\/productos\/productos-para-la-industria-alimentaria\/materias-primas-para-la-produccion\/almidon-de-maiz\/","name":"Almid\u00f3n de ma\u00edz - Distribuidor mayorista","isPartOf":{"@id":"https:\/\/naturalpoland.com\/es\/#website"},"primaryImageOfPage":{"@id":"https:\/\/naturalpoland.com\/es\/productos\/productos-para-la-industria-alimentaria\/materias-primas-para-la-produccion\/almidon-de-maiz\/#primaryimage"},"image":{"@id":"https:\/\/naturalpoland.com\/es\/productos\/productos-para-la-industria-alimentaria\/materias-primas-para-la-produccion\/almidon-de-maiz\/#primaryimage"},"thumbnailUrl":"https:\/\/naturalpoland.com\/wp-content\/uploads\/skrobia-kukurydziana-1.jpg","datePublished":"2024-04-10T10:40:15+00:00","dateModified":"2024-04-29T12:10:56+00:00","description":"Gracias a sus propiedades, el almid\u00f3n de ma\u00edz es un ingrediente clave para los fabricantes que buscan crear productos de alta calidad.","breadcrumb":{"@id":"https:\/\/naturalpoland.com\/es\/productos\/productos-para-la-industria-alimentaria\/materias-primas-para-la-produccion\/almidon-de-maiz\/#breadcrumb"},"inLanguage":"es","potentialAction":[{"@type":"ReadAction","target":["https:\/\/naturalpoland.com\/es\/productos\/productos-para-la-industria-alimentaria\/materias-primas-para-la-produccion\/almidon-de-maiz\/"]}]},{"@type":"ImageObject","inLanguage":"es","@id":"https:\/\/naturalpoland.com\/es\/productos\/productos-para-la-industria-alimentaria\/materias-primas-para-la-produccion\/almidon-de-maiz\/#primaryimage","url":"https:\/\/naturalpoland.com\/wp-content\/uploads\/skrobia-kukurydziana-1.jpg","contentUrl":"https:\/\/naturalpoland.com\/wp-content\/uploads\/skrobia-kukurydziana-1.jpg","width":500,"height":500,"caption":"skrobia kukurydziana"},{"@type":"BreadcrumbList","@id":"https:\/\/naturalpoland.com\/es\/productos\/productos-para-la-industria-alimentaria\/materias-primas-para-la-produccion\/almidon-de-maiz\/#breadcrumb","itemListElement":[{"@type":"ListItem","position":1,"name":"Inicio","item":"https:\/\/naturalpoland.com\/es\/"},{"@type":"ListItem","position":2,"name":"Productos","item":"https:\/\/naturalpoland.com\/es\/productos\/"},{"@type":"ListItem","position":3,"name":"Almid\u00f3n de ma\u00edz"}]},{"@type":"WebSite","@id":"https:\/\/naturalpoland.com\/es\/#website","url":"https:\/\/naturalpoland.com\/es\/","name":"NATURAL POLAND - Distribuidor Mayorista de Materias Primas","description":"Surowce dla przemys\u0142u spo\u017cywczego, kosmetycznego i farmaceutycznego","publisher":{"@id":"https:\/\/naturalpoland.com\/es\/#organization"},"potentialAction":[{"@type":"SearchAction","target":{"@type":"EntryPoint","urlTemplate":"https:\/\/naturalpoland.com\/es\/?s={search_term_string}"},"query-input":{"@type":"PropertyValueSpecification","valueRequired":true,"valueName":"search_term_string"}}],"inLanguage":"es"},{"@type":"Organization","@id":"https:\/\/naturalpoland.com\/es\/#organization","name":"Natural Poland","url":"https:\/\/naturalpoland.com\/es\/","logo":{"@type":"ImageObject","inLanguage":"es","@id":"https:\/\/naturalpoland.com\/es\/#\/schema\/logo\/image\/","url":"https:\/\/naturalpoland.com\/wp-content\/uploads\/2021\/05\/natural-poland-icon.png","contentUrl":"https:\/\/naturalpoland.com\/wp-content\/uploads\/2021\/05\/natural-poland-icon.png","width":512,"height":512,"caption":"Natural Poland"},"image":{"@id":"https:\/\/naturalpoland.com\/es\/#\/schema\/logo\/image\/"},"sameAs":["https:\/\/www.facebook.com\/naturalpoland.b2b","https:\/\/pl.linkedin.com\/company\/natural-poland","https:\/\/www.youtube.com\/channel\/UCgeGGkvOMahZo-xu_MSEWxg"]}]}},"_links":{"self":[{"href":"https:\/\/naturalpoland.com\/es\/wp-json\/wp\/v2\/product\/31487","targetHints":{"allow":["GET"]}}],"collection":[{"href":"https:\/\/naturalpoland.com\/es\/wp-json\/wp\/v2\/product"}],"about":[{"href":"https:\/\/naturalpoland.com\/es\/wp-json\/wp\/v2\/types\/product"}],"wp:featuredmedia":[{"embeddable":true,"href":"https:\/\/naturalpoland.com\/es\/wp-json\/wp\/v2\/media\/31375"}],"wp:attachment":[{"href":"https:\/\/naturalpoland.com\/es\/wp-json\/wp\/v2\/media?parent=31487"}],"wp:term":[{"taxonomy":"product_brand","embeddable":true,"href":"https:\/\/naturalpoland.com\/es\/wp-json\/wp\/v2\/product_brand?post=31487"},{"taxonomy":"product_cat","embeddable":true,"href":"https:\/\/naturalpoland.com\/es\/wp-json\/wp\/v2\/product_cat?post=31487"},{"taxonomy":"product_tag","embeddable":true,"href":"https:\/\/naturalpoland.com\/es\/wp-json\/wp\/v2\/product_tag?post=31487"}],"curies":[{"name":"wp","href":"https:\/\/api.w.org\/{rel}","templated":true}]}}