{"id":31511,"date":"2024-02-23T14:22:46","date_gmt":"2024-04-29T12:13:21","guid":{"rendered":"https:\/\/naturalpoland.com\/produkty\/sin categor\u00eda\/extracto-de-judia-comun\/"},"modified":"2024-04-29T14:13:21","modified_gmt":"2024-04-29T12:13:21","slug":"extracto-de-judia-comun","status":"publish","type":"product","link":"https:\/\/naturalpoland.com\/es\/productos\/extractos-de-plantas\/extracto-de-judia-comun\/","title":{"rendered":"Extracto de jud\u00eda com\u00fan"},"content":{"rendered":"<p>Elaborado a partir de jud\u00edas comunes, este extracto es rico en nutrientes que repercuten positivamente en la salud. La parte de la planta utilizada en la producci\u00f3n, la jud\u00eda, es fuente de muchas sustancias valiosas apreciadas por sus propiedades beneficiosas para la salud. Gracias a la adici\u00f3n de maltodextrina %-10%, el producto conserva su estabilidad y textura adecuada, lo que facilita su uso en diversas formas de suplementaci\u00f3n.<\/p>\n<p>El extracto de jud\u00eda com\u00fan es una excelente adici\u00f3n a la dieta de quienes se preocupan por un estilo de vida saludable. Gracias a sus propiedades naturales, puede favorecer un metabolismo sano y contribuir tambi\u00e9n a mantener un peso corporal saludable. Su consumo regular tambi\u00e9n puede tener un efecto estabilizador sobre los niveles de az\u00facar en sangre, lo que lo convierte en un ingrediente diet\u00e9tico valioso para quienes luchan contra problemas metab\u00f3licos.<\/p>\n<p>Como producto totalmente natural, el extracto de alubia com\u00fan Phaseolus Vulgaris es la opci\u00f3n ideal para quien busque un apoyo eficaz y seguro para su organismo. Su facilidad de uso y su sabor agradable y neutro lo convierten en un ingrediente que se incorpora f\u00e1cilmente a la dieta diaria, sin necesidad de grandes cambios en los h\u00e1bitos alimentarios.<\/p>\n<p>En resumen, el extracto de jud\u00eda com\u00fan Phaseolus Vulgaris es un producto de primera calidad que combina la eficacia de los ingredientes naturales con la facilidad de uso. Es una opci\u00f3n excelente para quienes buscan un apoyo natural en su b\u00fasqueda de una mejor salud y bienestar.<\/p>\n","protected":false},"excerpt":{"rendered":"<p>El extracto de jud\u00eda com\u00fan, tambi\u00e9n conocido por su nombre bot\u00e1nico <em>Phaseolus Vulgaris<\/em>, es un producto natural de alta calidad que se ha preparado cuidadosamente para aportar al organismo valiosos nutrientes.<\/p>\n","protected":false},"featured_media":30534,"template":"","meta":[],"product_brand":[],"product_cat":[1079],"product_tag":[],"class_list":{"0":"post-31511","1":"product","2":"type-product","3":"status-publish","4":"has-post-thumbnail","6":"product_cat-extractos-de-plantas","7":"pa_certyfikaty-certificacion-kosher","8":"pa_certyfikaty-halal-es","9":"pa_czesc-rosliny-semillas","11":"first","12":"instock","13":"shipping-taxable","14":"product-type-simple"},"yoast_head":"<!-- This site is optimized with the Yoast SEO plugin v27.4 - https:\/\/yoast.com\/product\/yoast-seo-wordpress\/ -->\n<title>Extracto de jud\u00eda com\u00fan - Distribuidor mayorista<\/title>\n<meta name=\"description\" content=\"El extracto de jud\u00eda com\u00fan Phaseolus Vulgaris es un producto de primera calidad que combina la eficacia de los ingredientes naturales con la facilidad de uso.\" \/>\n<meta name=\"robots\" content=\"index, follow, max-snippet:-1, max-image-preview:large, max-video-preview:-1\" \/>\n<link rel=\"canonical\" href=\"https:\/\/naturalpoland.com\/es\/productos\/extractos-de-plantas\/extracto-de-judia-comun\/\" \/>\n<meta property=\"og:locale\" content=\"es_ES\" \/>\n<meta property=\"og:type\" content=\"article\" \/>\n<meta property=\"og:title\" content=\"Extracto de jud\u00eda com\u00fan - Distribuidor mayorista\" \/>\n<meta property=\"og:description\" content=\"El extracto de jud\u00eda com\u00fan Phaseolus Vulgaris es un producto de primera calidad que combina la eficacia de los ingredientes naturales con la facilidad de uso.\" \/>\n<meta property=\"og:url\" content=\"https:\/\/naturalpoland.com\/es\/productos\/extractos-de-plantas\/extracto-de-judia-comun\/\" \/>\n<meta property=\"og:site_name\" content=\"NATURAL POLAND - Distribuidor Mayorista de Materias Primas\" \/>\n<meta property=\"article:publisher\" content=\"https:\/\/www.facebook.com\/naturalpoland.b2b\" \/>\n<meta property=\"og:image\" content=\"https:\/\/naturalpoland.com\/wp-content\/uploads\/phaseolus_vulgaris_extract.webp\" \/>\n\t<meta property=\"og:image:width\" content=\"700\" \/>\n\t<meta property=\"og:image:height\" content=\"700\" \/>\n\t<meta property=\"og:image:type\" content=\"image\/webp\" \/>\n<script type=\"application\/ld+json\" class=\"yoast-schema-graph\">{\"@context\":\"https:\\\/\\\/schema.org\",\"@graph\":[{\"@type\":\"WebPage\",\"@id\":\"https:\\\/\\\/naturalpoland.com\\\/es\\\/productos\\\/extractos-de-plantas\\\/extracto-de-judia-comun\\\/\",\"url\":\"https:\\\/\\\/naturalpoland.com\\\/es\\\/productos\\\/extractos-de-plantas\\\/extracto-de-judia-comun\\\/\",\"name\":\"Extracto de jud\u00eda com\u00fan - Distribuidor mayorista\",\"isPartOf\":{\"@id\":\"https:\\\/\\\/naturalpoland.com\\\/es\\\/#website\"},\"primaryImageOfPage\":{\"@id\":\"https:\\\/\\\/naturalpoland.com\\\/es\\\/productos\\\/extractos-de-plantas\\\/extracto-de-judia-comun\\\/#primaryimage\"},\"image\":{\"@id\":\"https:\\\/\\\/naturalpoland.com\\\/es\\\/productos\\\/extractos-de-plantas\\\/extracto-de-judia-comun\\\/#primaryimage\"},\"thumbnailUrl\":\"https:\\\/\\\/naturalpoland.com\\\/wp-content\\\/uploads\\\/phaseolus_vulgaris_extract.webp\",\"datePublished\":\"2024-04-29T12:13:21+00:00\",\"description\":\"El extracto de jud\u00eda com\u00fan Phaseolus Vulgaris es un producto de primera calidad que combina la eficacia de los ingredientes naturales con la facilidad de uso.\",\"breadcrumb\":{\"@id\":\"https:\\\/\\\/naturalpoland.com\\\/es\\\/productos\\\/extractos-de-plantas\\\/extracto-de-judia-comun\\\/#breadcrumb\"},\"inLanguage\":\"es\",\"potentialAction\":[{\"@type\":\"ReadAction\",\"target\":[\"https:\\\/\\\/naturalpoland.com\\\/es\\\/productos\\\/extractos-de-plantas\\\/extracto-de-judia-comun\\\/\"]}]},{\"@type\":\"ImageObject\",\"inLanguage\":\"es\",\"@id\":\"https:\\\/\\\/naturalpoland.com\\\/es\\\/productos\\\/extractos-de-plantas\\\/extracto-de-judia-comun\\\/#primaryimage\",\"url\":\"https:\\\/\\\/naturalpoland.com\\\/wp-content\\\/uploads\\\/phaseolus_vulgaris_extract.webp\",\"contentUrl\":\"https:\\\/\\\/naturalpoland.com\\\/wp-content\\\/uploads\\\/phaseolus_vulgaris_extract.webp\",\"width\":700,\"height\":700,\"caption\":\"phaseolus vulgaris extract\"},{\"@type\":\"BreadcrumbList\",\"@id\":\"https:\\\/\\\/naturalpoland.com\\\/es\\\/productos\\\/extractos-de-plantas\\\/extracto-de-judia-comun\\\/#breadcrumb\",\"itemListElement\":[{\"@type\":\"ListItem\",\"position\":1,\"name\":\"Inicio\",\"item\":\"https:\\\/\\\/naturalpoland.com\\\/es\\\/\"},{\"@type\":\"ListItem\",\"position\":2,\"name\":\"Productos\",\"item\":\"https:\\\/\\\/naturalpoland.com\\\/es\\\/productos\\\/\"},{\"@type\":\"ListItem\",\"position\":3,\"name\":\"Extracto de jud\u00eda com\u00fan\"}]},{\"@type\":\"WebSite\",\"@id\":\"https:\\\/\\\/naturalpoland.com\\\/es\\\/#website\",\"url\":\"https:\\\/\\\/naturalpoland.com\\\/es\\\/\",\"name\":\"NATURAL POLAND - Distribuidor Mayorista de Materias Primas\",\"description\":\"Surowce dla przemys\u0142u spo\u017cywczego, kosmetycznego i farmaceutycznego\",\"publisher\":{\"@id\":\"https:\\\/\\\/naturalpoland.com\\\/es\\\/#organization\"},\"potentialAction\":[{\"@type\":\"SearchAction\",\"target\":{\"@type\":\"EntryPoint\",\"urlTemplate\":\"https:\\\/\\\/naturalpoland.com\\\/es\\\/?s={search_term_string}\"},\"query-input\":{\"@type\":\"PropertyValueSpecification\",\"valueRequired\":true,\"valueName\":\"search_term_string\"}}],\"inLanguage\":\"es\"},{\"@type\":\"Organization\",\"@id\":\"https:\\\/\\\/naturalpoland.com\\\/es\\\/#organization\",\"name\":\"Natural Poland\",\"url\":\"https:\\\/\\\/naturalpoland.com\\\/es\\\/\",\"logo\":{\"@type\":\"ImageObject\",\"inLanguage\":\"es\",\"@id\":\"https:\\\/\\\/naturalpoland.com\\\/es\\\/#\\\/schema\\\/logo\\\/image\\\/\",\"url\":\"https:\\\/\\\/naturalpoland.com\\\/wp-content\\\/uploads\\\/2021\\\/05\\\/natural-poland-icon.png\",\"contentUrl\":\"https:\\\/\\\/naturalpoland.com\\\/wp-content\\\/uploads\\\/2021\\\/05\\\/natural-poland-icon.png\",\"width\":512,\"height\":512,\"caption\":\"Natural Poland\"},\"image\":{\"@id\":\"https:\\\/\\\/naturalpoland.com\\\/es\\\/#\\\/schema\\\/logo\\\/image\\\/\"},\"sameAs\":[\"https:\\\/\\\/www.facebook.com\\\/naturalpoland.b2b\",\"https:\\\/\\\/pl.linkedin.com\\\/company\\\/natural-poland\",\"https:\\\/\\\/www.youtube.com\\\/channel\\\/UCgeGGkvOMahZo-xu_MSEWxg\"]}]}<\/script>\n<!-- \/ Yoast SEO plugin. -->","yoast_head_json":{"title":"Extracto de jud\u00eda com\u00fan - Distribuidor mayorista","description":"El extracto de jud\u00eda com\u00fan Phaseolus Vulgaris es un producto de primera calidad que combina la eficacia de los ingredientes naturales con la facilidad de uso.","robots":{"index":"index","follow":"follow","max-snippet":"max-snippet:-1","max-image-preview":"max-image-preview:large","max-video-preview":"max-video-preview:-1"},"canonical":"https:\/\/naturalpoland.com\/es\/productos\/extractos-de-plantas\/extracto-de-judia-comun\/","og_locale":"es_ES","og_type":"article","og_title":"Extracto de jud\u00eda com\u00fan - Distribuidor mayorista","og_description":"El extracto de jud\u00eda com\u00fan Phaseolus Vulgaris es un producto de primera calidad que combina la eficacia de los ingredientes naturales con la facilidad de uso.","og_url":"https:\/\/naturalpoland.com\/es\/productos\/extractos-de-plantas\/extracto-de-judia-comun\/","og_site_name":"NATURAL POLAND - Distribuidor Mayorista de Materias Primas","article_publisher":"https:\/\/www.facebook.com\/naturalpoland.b2b","og_image":[{"width":700,"height":700,"url":"https:\/\/naturalpoland.com\/wp-content\/uploads\/phaseolus_vulgaris_extract.webp","type":"image\/webp"}],"schema":{"@context":"https:\/\/schema.org","@graph":[{"@type":"WebPage","@id":"https:\/\/naturalpoland.com\/es\/productos\/extractos-de-plantas\/extracto-de-judia-comun\/","url":"https:\/\/naturalpoland.com\/es\/productos\/extractos-de-plantas\/extracto-de-judia-comun\/","name":"Extracto de jud\u00eda com\u00fan - Distribuidor mayorista","isPartOf":{"@id":"https:\/\/naturalpoland.com\/es\/#website"},"primaryImageOfPage":{"@id":"https:\/\/naturalpoland.com\/es\/productos\/extractos-de-plantas\/extracto-de-judia-comun\/#primaryimage"},"image":{"@id":"https:\/\/naturalpoland.com\/es\/productos\/extractos-de-plantas\/extracto-de-judia-comun\/#primaryimage"},"thumbnailUrl":"https:\/\/naturalpoland.com\/wp-content\/uploads\/phaseolus_vulgaris_extract.webp","datePublished":"2024-04-29T12:13:21+00:00","description":"El extracto de jud\u00eda com\u00fan Phaseolus Vulgaris es un producto de primera calidad que combina la eficacia de los ingredientes naturales con la facilidad de uso.","breadcrumb":{"@id":"https:\/\/naturalpoland.com\/es\/productos\/extractos-de-plantas\/extracto-de-judia-comun\/#breadcrumb"},"inLanguage":"es","potentialAction":[{"@type":"ReadAction","target":["https:\/\/naturalpoland.com\/es\/productos\/extractos-de-plantas\/extracto-de-judia-comun\/"]}]},{"@type":"ImageObject","inLanguage":"es","@id":"https:\/\/naturalpoland.com\/es\/productos\/extractos-de-plantas\/extracto-de-judia-comun\/#primaryimage","url":"https:\/\/naturalpoland.com\/wp-content\/uploads\/phaseolus_vulgaris_extract.webp","contentUrl":"https:\/\/naturalpoland.com\/wp-content\/uploads\/phaseolus_vulgaris_extract.webp","width":700,"height":700,"caption":"phaseolus vulgaris extract"},{"@type":"BreadcrumbList","@id":"https:\/\/naturalpoland.com\/es\/productos\/extractos-de-plantas\/extracto-de-judia-comun\/#breadcrumb","itemListElement":[{"@type":"ListItem","position":1,"name":"Inicio","item":"https:\/\/naturalpoland.com\/es\/"},{"@type":"ListItem","position":2,"name":"Productos","item":"https:\/\/naturalpoland.com\/es\/productos\/"},{"@type":"ListItem","position":3,"name":"Extracto de jud\u00eda com\u00fan"}]},{"@type":"WebSite","@id":"https:\/\/naturalpoland.com\/es\/#website","url":"https:\/\/naturalpoland.com\/es\/","name":"NATURAL POLAND - Distribuidor Mayorista de Materias Primas","description":"Surowce dla przemys\u0142u spo\u017cywczego, kosmetycznego i farmaceutycznego","publisher":{"@id":"https:\/\/naturalpoland.com\/es\/#organization"},"potentialAction":[{"@type":"SearchAction","target":{"@type":"EntryPoint","urlTemplate":"https:\/\/naturalpoland.com\/es\/?s={search_term_string}"},"query-input":{"@type":"PropertyValueSpecification","valueRequired":true,"valueName":"search_term_string"}}],"inLanguage":"es"},{"@type":"Organization","@id":"https:\/\/naturalpoland.com\/es\/#organization","name":"Natural Poland","url":"https:\/\/naturalpoland.com\/es\/","logo":{"@type":"ImageObject","inLanguage":"es","@id":"https:\/\/naturalpoland.com\/es\/#\/schema\/logo\/image\/","url":"https:\/\/naturalpoland.com\/wp-content\/uploads\/2021\/05\/natural-poland-icon.png","contentUrl":"https:\/\/naturalpoland.com\/wp-content\/uploads\/2021\/05\/natural-poland-icon.png","width":512,"height":512,"caption":"Natural Poland"},"image":{"@id":"https:\/\/naturalpoland.com\/es\/#\/schema\/logo\/image\/"},"sameAs":["https:\/\/www.facebook.com\/naturalpoland.b2b","https:\/\/pl.linkedin.com\/company\/natural-poland","https:\/\/www.youtube.com\/channel\/UCgeGGkvOMahZo-xu_MSEWxg"]}]}},"_links":{"self":[{"href":"https:\/\/naturalpoland.com\/es\/wp-json\/wp\/v2\/product\/31511","targetHints":{"allow":["GET"]}}],"collection":[{"href":"https:\/\/naturalpoland.com\/es\/wp-json\/wp\/v2\/product"}],"about":[{"href":"https:\/\/naturalpoland.com\/es\/wp-json\/wp\/v2\/types\/product"}],"wp:featuredmedia":[{"embeddable":true,"href":"https:\/\/naturalpoland.com\/es\/wp-json\/wp\/v2\/media\/30534"}],"wp:attachment":[{"href":"https:\/\/naturalpoland.com\/es\/wp-json\/wp\/v2\/media?parent=31511"}],"wp:term":[{"taxonomy":"product_brand","embeddable":true,"href":"https:\/\/naturalpoland.com\/es\/wp-json\/wp\/v2\/product_brand?post=31511"},{"taxonomy":"product_cat","embeddable":true,"href":"https:\/\/naturalpoland.com\/es\/wp-json\/wp\/v2\/product_cat?post=31511"},{"taxonomy":"product_tag","embeddable":true,"href":"https:\/\/naturalpoland.com\/es\/wp-json\/wp\/v2\/product_tag?post=31511"}],"curies":[{"name":"wp","href":"https:\/\/api.w.org\/{rel}","templated":true}]}}