{"id":31902,"date":"2024-05-08T16:02:30","date_gmt":"2024-05-13T11:39:16","guid":{"rendered":"https:\/\/naturalpoland.com\/produkty\/sin categor\u00eda\/hidrolato-de-limon\/"},"modified":"2024-05-13T13:39:16","modified_gmt":"2024-05-13T11:39:16","slug":"hidrolato-de-limon","status":"publish","type":"product","link":"https:\/\/naturalpoland.com\/es\/productos\/productos-para-la-industria-cosmetica\/aguas-florales\/hidrolato-de-limon\/","title":{"rendered":"Hidrolato de lim\u00f3n"},"content":{"rendered":"<h3>Propiedades y composici\u00f3n<\/h3>\n<p>El hidrolato de lim\u00f3n se caracteriza por su textura ligera y acuosa y su fragancia fresca y c\u00edtrica, que adem\u00e1s es refrescante. Es rica en <a href=\"https:\/\/naturalpoland.com\/artykuly\/produkty-naturalne\/czym-sa-i-jak-dzialaja-flawonoidy\/\">bioflavonoides<\/a>, vitamina C y \u00e1cidos frutales, que contribuyen a sus potentes propiedades antioxidantes, iluminadoras y tonificantes. El uso regular de hidrolato de lim\u00f3n puede ayudar a inhibir la producci\u00f3n de melanina, lo que tiene un efecto directo en la reducci\u00f3n y prevenci\u00f3n de la formaci\u00f3n de nuevas hiperpigmentaciones.<\/p>\n<h3>Aplicaciones cosm\u00e9ticas<\/h3>\n<p>El hidrolato de lim\u00f3n est\u00e1 especialmente recomendado para pieles grasas y mixtas por sus propiedades astringentes y antibacterianas. Es perfecto como t\u00f3nico facial que no s\u00f3lo refresca y tonifica la piel, sino que tambi\u00e9n ayuda a cerrar los poros y a regular la secreci\u00f3n de sebo. Tambi\u00e9n se puede utilizar como ingrediente en mascarillas y sueros iluminadores, as\u00ed como una suave adici\u00f3n a las cremas de d\u00eda, ofreciendo protecci\u00f3n contra las influencias externas negativas.<\/p>\n<h3>Beneficios para la piel<\/h3>\n<ul>\n<li><strong>Aclarar la hiperpigmentaci\u00f3n<\/strong>: El \u00e1cido c\u00edtrico, que se encuentra de forma natural en los limones, es conocido por sus propiedades blanqueadoras y es eficaz contra la decoloraci\u00f3n de la piel.<\/li>\n<li><strong>Unificar el tono de la piel<\/strong>: El uso regular de hidrolato de lim\u00f3n ayuda a unificar el tono de la piel, d\u00e1ndole un aspecto m\u00e1s sano y radiante.<\/li>\n<li><strong>Acci\u00f3n antioxidante<\/strong>: La vitamina C y otros antioxidantes del hidrolato protegen la piel de los da\u00f1os causados por los radicales libres y la radiaci\u00f3n UV.<\/li>\n<li><strong>Regulaci\u00f3n seb\u00e1cea<\/strong>: Ideal para quienes tienen tendencia a la piel grasa, regula la secreci\u00f3n seb\u00e1cea, evitando la formaci\u00f3n de imperfecciones.<\/li>\n<\/ul>\n","protected":false},"excerpt":{"rendered":"<p>El hidrolato de lim\u00f3n, extra\u00eddo por destilaci\u00f3n al vapor de las c\u00e1scaras y la pulpa de los limones, tiene propiedades iluminadoras y unificadoras de la piel. Gracias a su alto contenido en vitamina C y \u00e1cidos org\u00e1nicos, este hidrolato es la soluci\u00f3n ideal para quienes luchan contra la decoloraci\u00f3n, el tono desigual de la piel u otros defectos de pigmentaci\u00f3n.<\/p>\n","protected":false},"featured_media":31633,"template":"","meta":{"_acf_changed":false},"product_brand":[],"product_cat":[3556],"product_tag":[],"class_list":{"0":"post-31902","1":"product","2":"type-product","3":"status-publish","4":"has-post-thumbnail","6":"product_cat-aguas-florales","7":"pa_grupa-substancji-destilados","9":"first","10":"instock","11":"shipping-taxable","12":"product-type-simple"},"acf":[],"yoast_head":"<!-- This site is optimized with the Yoast SEO plugin v27.5 - https:\/\/yoast.com\/product\/yoast-seo-wordpress\/ -->\n<title>Hidrolato de lim\u00f3n - Distribuidor mayorista<\/title>\n<meta name=\"description\" content=\"El hidrolato de lim\u00f3n es un producto vers\u00e1til y eficaz, recomendado para quienes luchan contra el tono desigual de la piel y la hiperpigmentaci\u00f3n.\" \/>\n<meta name=\"robots\" content=\"index, follow, max-snippet:-1, max-image-preview:large, max-video-preview:-1\" \/>\n<link rel=\"canonical\" href=\"https:\/\/naturalpoland.com\/es\/productos\/productos-para-la-industria-cosmetica\/aguas-florales\/hidrolato-de-limon\/\" \/>\n<meta property=\"og:locale\" content=\"es_ES\" \/>\n<meta property=\"og:type\" content=\"article\" \/>\n<meta property=\"og:title\" content=\"Hidrolato de lim\u00f3n - Distribuidor mayorista\" \/>\n<meta property=\"og:description\" content=\"El hidrolato de lim\u00f3n es un producto vers\u00e1til y eficaz, recomendado para quienes luchan contra el tono desigual de la piel y la hiperpigmentaci\u00f3n.\" \/>\n<meta property=\"og:url\" content=\"https:\/\/naturalpoland.com\/es\/productos\/productos-para-la-industria-cosmetica\/aguas-florales\/hidrolato-de-limon\/\" \/>\n<meta property=\"og:site_name\" content=\"NATURAL POLAND - Distribuidor Mayorista de Materias Primas\" \/>\n<meta property=\"article:publisher\" content=\"https:\/\/www.facebook.com\/naturalpoland.b2b\" \/>\n<meta property=\"og:image\" content=\"https:\/\/naturalpoland.com\/wp-content\/uploads\/hydrolat-cytrynowy.webp\" \/>\n\t<meta property=\"og:image:width\" content=\"1024\" \/>\n\t<meta property=\"og:image:height\" content=\"1024\" \/>\n\t<meta property=\"og:image:type\" content=\"image\/webp\" \/>\n<script type=\"application\/ld+json\" class=\"yoast-schema-graph\">{\"@context\":\"https:\\\/\\\/schema.org\",\"@graph\":[{\"@type\":\"WebPage\",\"@id\":\"https:\\\/\\\/naturalpoland.com\\\/es\\\/productos\\\/productos-para-la-industria-cosmetica\\\/aguas-florales\\\/hidrolato-de-limon\\\/\",\"url\":\"https:\\\/\\\/naturalpoland.com\\\/es\\\/productos\\\/productos-para-la-industria-cosmetica\\\/aguas-florales\\\/hidrolato-de-limon\\\/\",\"name\":\"Hidrolato de lim\u00f3n - Distribuidor mayorista\",\"isPartOf\":{\"@id\":\"https:\\\/\\\/naturalpoland.com\\\/es\\\/#website\"},\"primaryImageOfPage\":{\"@id\":\"https:\\\/\\\/naturalpoland.com\\\/es\\\/productos\\\/productos-para-la-industria-cosmetica\\\/aguas-florales\\\/hidrolato-de-limon\\\/#primaryimage\"},\"image\":{\"@id\":\"https:\\\/\\\/naturalpoland.com\\\/es\\\/productos\\\/productos-para-la-industria-cosmetica\\\/aguas-florales\\\/hidrolato-de-limon\\\/#primaryimage\"},\"thumbnailUrl\":\"https:\\\/\\\/naturalpoland.com\\\/wp-content\\\/uploads\\\/hydrolat-cytrynowy.webp\",\"datePublished\":\"2024-05-13T11:39:16+00:00\",\"description\":\"El hidrolato de lim\u00f3n es un producto vers\u00e1til y eficaz, recomendado para quienes luchan contra el tono desigual de la piel y la hiperpigmentaci\u00f3n.\",\"breadcrumb\":{\"@id\":\"https:\\\/\\\/naturalpoland.com\\\/es\\\/productos\\\/productos-para-la-industria-cosmetica\\\/aguas-florales\\\/hidrolato-de-limon\\\/#breadcrumb\"},\"inLanguage\":\"es\",\"potentialAction\":[{\"@type\":\"ReadAction\",\"target\":[\"https:\\\/\\\/naturalpoland.com\\\/es\\\/productos\\\/productos-para-la-industria-cosmetica\\\/aguas-florales\\\/hidrolato-de-limon\\\/\"]}]},{\"@type\":\"ImageObject\",\"inLanguage\":\"es\",\"@id\":\"https:\\\/\\\/naturalpoland.com\\\/es\\\/productos\\\/productos-para-la-industria-cosmetica\\\/aguas-florales\\\/hidrolato-de-limon\\\/#primaryimage\",\"url\":\"https:\\\/\\\/naturalpoland.com\\\/wp-content\\\/uploads\\\/hydrolat-cytrynowy.webp\",\"contentUrl\":\"https:\\\/\\\/naturalpoland.com\\\/wp-content\\\/uploads\\\/hydrolat-cytrynowy.webp\",\"width\":1024,\"height\":1024,\"caption\":\"hydrolat cytrynowy\"},{\"@type\":\"BreadcrumbList\",\"@id\":\"https:\\\/\\\/naturalpoland.com\\\/es\\\/productos\\\/productos-para-la-industria-cosmetica\\\/aguas-florales\\\/hidrolato-de-limon\\\/#breadcrumb\",\"itemListElement\":[{\"@type\":\"ListItem\",\"position\":1,\"name\":\"Inicio\",\"item\":\"https:\\\/\\\/naturalpoland.com\\\/es\\\/\"},{\"@type\":\"ListItem\",\"position\":2,\"name\":\"Productos\",\"item\":\"https:\\\/\\\/naturalpoland.com\\\/es\\\/productos\\\/\"},{\"@type\":\"ListItem\",\"position\":3,\"name\":\"Hidrolato de lim\u00f3n\"}]},{\"@type\":\"WebSite\",\"@id\":\"https:\\\/\\\/naturalpoland.com\\\/es\\\/#website\",\"url\":\"https:\\\/\\\/naturalpoland.com\\\/es\\\/\",\"name\":\"NATURAL POLAND - Distribuidor Mayorista de Materias Primas\",\"description\":\"Surowce dla przemys\u0142u spo\u017cywczego, kosmetycznego i farmaceutycznego\",\"publisher\":{\"@id\":\"https:\\\/\\\/naturalpoland.com\\\/es\\\/#organization\"},\"potentialAction\":[{\"@type\":\"SearchAction\",\"target\":{\"@type\":\"EntryPoint\",\"urlTemplate\":\"https:\\\/\\\/naturalpoland.com\\\/es\\\/?s={search_term_string}\"},\"query-input\":{\"@type\":\"PropertyValueSpecification\",\"valueRequired\":true,\"valueName\":\"search_term_string\"}}],\"inLanguage\":\"es\"},{\"@type\":\"Organization\",\"@id\":\"https:\\\/\\\/naturalpoland.com\\\/es\\\/#organization\",\"name\":\"Natural Poland\",\"url\":\"https:\\\/\\\/naturalpoland.com\\\/es\\\/\",\"logo\":{\"@type\":\"ImageObject\",\"inLanguage\":\"es\",\"@id\":\"https:\\\/\\\/naturalpoland.com\\\/es\\\/#\\\/schema\\\/logo\\\/image\\\/\",\"url\":\"https:\\\/\\\/naturalpoland.com\\\/wp-content\\\/uploads\\\/2021\\\/05\\\/natural-poland-icon.png\",\"contentUrl\":\"https:\\\/\\\/naturalpoland.com\\\/wp-content\\\/uploads\\\/2021\\\/05\\\/natural-poland-icon.png\",\"width\":512,\"height\":512,\"caption\":\"Natural Poland\"},\"image\":{\"@id\":\"https:\\\/\\\/naturalpoland.com\\\/es\\\/#\\\/schema\\\/logo\\\/image\\\/\"},\"sameAs\":[\"https:\\\/\\\/www.facebook.com\\\/naturalpoland.b2b\",\"https:\\\/\\\/pl.linkedin.com\\\/company\\\/natural-poland\",\"https:\\\/\\\/www.youtube.com\\\/channel\\\/UCgeGGkvOMahZo-xu_MSEWxg\"]}]}<\/script>\n<!-- \/ Yoast SEO plugin. -->","yoast_head_json":{"title":"Hidrolato de lim\u00f3n - Distribuidor mayorista","description":"El hidrolato de lim\u00f3n es un producto vers\u00e1til y eficaz, recomendado para quienes luchan contra el tono desigual de la piel y la hiperpigmentaci\u00f3n.","robots":{"index":"index","follow":"follow","max-snippet":"max-snippet:-1","max-image-preview":"max-image-preview:large","max-video-preview":"max-video-preview:-1"},"canonical":"https:\/\/naturalpoland.com\/es\/productos\/productos-para-la-industria-cosmetica\/aguas-florales\/hidrolato-de-limon\/","og_locale":"es_ES","og_type":"article","og_title":"Hidrolato de lim\u00f3n - Distribuidor mayorista","og_description":"El hidrolato de lim\u00f3n es un producto vers\u00e1til y eficaz, recomendado para quienes luchan contra el tono desigual de la piel y la hiperpigmentaci\u00f3n.","og_url":"https:\/\/naturalpoland.com\/es\/productos\/productos-para-la-industria-cosmetica\/aguas-florales\/hidrolato-de-limon\/","og_site_name":"NATURAL POLAND - Distribuidor Mayorista de Materias Primas","article_publisher":"https:\/\/www.facebook.com\/naturalpoland.b2b","og_image":[{"width":1024,"height":1024,"url":"https:\/\/naturalpoland.com\/wp-content\/uploads\/hydrolat-cytrynowy.webp","type":"image\/webp"}],"schema":{"@context":"https:\/\/schema.org","@graph":[{"@type":"WebPage","@id":"https:\/\/naturalpoland.com\/es\/productos\/productos-para-la-industria-cosmetica\/aguas-florales\/hidrolato-de-limon\/","url":"https:\/\/naturalpoland.com\/es\/productos\/productos-para-la-industria-cosmetica\/aguas-florales\/hidrolato-de-limon\/","name":"Hidrolato de lim\u00f3n - Distribuidor mayorista","isPartOf":{"@id":"https:\/\/naturalpoland.com\/es\/#website"},"primaryImageOfPage":{"@id":"https:\/\/naturalpoland.com\/es\/productos\/productos-para-la-industria-cosmetica\/aguas-florales\/hidrolato-de-limon\/#primaryimage"},"image":{"@id":"https:\/\/naturalpoland.com\/es\/productos\/productos-para-la-industria-cosmetica\/aguas-florales\/hidrolato-de-limon\/#primaryimage"},"thumbnailUrl":"https:\/\/naturalpoland.com\/wp-content\/uploads\/hydrolat-cytrynowy.webp","datePublished":"2024-05-13T11:39:16+00:00","description":"El hidrolato de lim\u00f3n es un producto vers\u00e1til y eficaz, recomendado para quienes luchan contra el tono desigual de la piel y la hiperpigmentaci\u00f3n.","breadcrumb":{"@id":"https:\/\/naturalpoland.com\/es\/productos\/productos-para-la-industria-cosmetica\/aguas-florales\/hidrolato-de-limon\/#breadcrumb"},"inLanguage":"es","potentialAction":[{"@type":"ReadAction","target":["https:\/\/naturalpoland.com\/es\/productos\/productos-para-la-industria-cosmetica\/aguas-florales\/hidrolato-de-limon\/"]}]},{"@type":"ImageObject","inLanguage":"es","@id":"https:\/\/naturalpoland.com\/es\/productos\/productos-para-la-industria-cosmetica\/aguas-florales\/hidrolato-de-limon\/#primaryimage","url":"https:\/\/naturalpoland.com\/wp-content\/uploads\/hydrolat-cytrynowy.webp","contentUrl":"https:\/\/naturalpoland.com\/wp-content\/uploads\/hydrolat-cytrynowy.webp","width":1024,"height":1024,"caption":"hydrolat cytrynowy"},{"@type":"BreadcrumbList","@id":"https:\/\/naturalpoland.com\/es\/productos\/productos-para-la-industria-cosmetica\/aguas-florales\/hidrolato-de-limon\/#breadcrumb","itemListElement":[{"@type":"ListItem","position":1,"name":"Inicio","item":"https:\/\/naturalpoland.com\/es\/"},{"@type":"ListItem","position":2,"name":"Productos","item":"https:\/\/naturalpoland.com\/es\/productos\/"},{"@type":"ListItem","position":3,"name":"Hidrolato de lim\u00f3n"}]},{"@type":"WebSite","@id":"https:\/\/naturalpoland.com\/es\/#website","url":"https:\/\/naturalpoland.com\/es\/","name":"NATURAL POLAND - Distribuidor Mayorista de Materias Primas","description":"Surowce dla przemys\u0142u spo\u017cywczego, kosmetycznego i farmaceutycznego","publisher":{"@id":"https:\/\/naturalpoland.com\/es\/#organization"},"potentialAction":[{"@type":"SearchAction","target":{"@type":"EntryPoint","urlTemplate":"https:\/\/naturalpoland.com\/es\/?s={search_term_string}"},"query-input":{"@type":"PropertyValueSpecification","valueRequired":true,"valueName":"search_term_string"}}],"inLanguage":"es"},{"@type":"Organization","@id":"https:\/\/naturalpoland.com\/es\/#organization","name":"Natural Poland","url":"https:\/\/naturalpoland.com\/es\/","logo":{"@type":"ImageObject","inLanguage":"es","@id":"https:\/\/naturalpoland.com\/es\/#\/schema\/logo\/image\/","url":"https:\/\/naturalpoland.com\/wp-content\/uploads\/2021\/05\/natural-poland-icon.png","contentUrl":"https:\/\/naturalpoland.com\/wp-content\/uploads\/2021\/05\/natural-poland-icon.png","width":512,"height":512,"caption":"Natural Poland"},"image":{"@id":"https:\/\/naturalpoland.com\/es\/#\/schema\/logo\/image\/"},"sameAs":["https:\/\/www.facebook.com\/naturalpoland.b2b","https:\/\/pl.linkedin.com\/company\/natural-poland","https:\/\/www.youtube.com\/channel\/UCgeGGkvOMahZo-xu_MSEWxg"]}]}},"_links":{"self":[{"href":"https:\/\/naturalpoland.com\/es\/wp-json\/wp\/v2\/product\/31902","targetHints":{"allow":["GET"]}}],"collection":[{"href":"https:\/\/naturalpoland.com\/es\/wp-json\/wp\/v2\/product"}],"about":[{"href":"https:\/\/naturalpoland.com\/es\/wp-json\/wp\/v2\/types\/product"}],"wp:featuredmedia":[{"embeddable":true,"href":"https:\/\/naturalpoland.com\/es\/wp-json\/wp\/v2\/media\/31633"}],"wp:attachment":[{"href":"https:\/\/naturalpoland.com\/es\/wp-json\/wp\/v2\/media?parent=31902"}],"wp:term":[{"taxonomy":"product_brand","embeddable":true,"href":"https:\/\/naturalpoland.com\/es\/wp-json\/wp\/v2\/product_brand?post=31902"},{"taxonomy":"product_cat","embeddable":true,"href":"https:\/\/naturalpoland.com\/es\/wp-json\/wp\/v2\/product_cat?post=31902"},{"taxonomy":"product_tag","embeddable":true,"href":"https:\/\/naturalpoland.com\/es\/wp-json\/wp\/v2\/product_tag?post=31902"}],"curies":[{"name":"wp","href":"https:\/\/api.w.org\/{rel}","templated":true}]}}