{"id":32241,"date":"2024-05-17T11:26:28","date_gmt":"2024-05-17T12:45:25","guid":{"rendered":"https:\/\/naturalpoland.com\/produkty\/sin%20categor\u00eda\/vitamina-d3-colecalciferol\/"},"modified":"2024-07-24T10:54:04","modified_gmt":"2024-07-24T08:54:04","slug":"vitamina-d3-colecalciferol","status":"publish","type":"product","link":"https:\/\/naturalpoland.com\/es\/productos\/productos-para-la-industria-farmaceutica-y-medica\/vitaminas\/vitamina-d3-colecalciferol\/","title":{"rendered":"Vitamina D3, colecalciferol"},"content":{"rendered":"<p>La vitamina D3 se produce de forma natural en la piel humana cuando se expone a la luz solar (UVB), pero debido a la limitada exposici\u00f3n al sol, especialmente en climas templados, a menudo es necesario tomar suplementos. <\/p>\n<h3>Caracter\u00edsticas de la vitamina D3<\/h3>\n<p> La vitamina D3 es una materia prima muy utilizada en la producci\u00f3n de suplementos diet\u00e9ticos y productos alimenticios enriquecidos, como leche, yogur y cereales de desayuno. Es m\u00e1s eficaz para aumentar y mantener los niveles de vitamina D en el organismo que su hom\u00f3loga de origen vegetal, la vitamina D2 (ergocalciferol). <\/p>\n<h3>Propiedades y aplicaciones<\/h3>\n<ol>\n<li>La vitamina D3 es esencial para construir y mantener unos huesos fuertes y prevenir la osteoporosis, ya que regula la absorci\u00f3n de calcio y f\u00f3sforo del tubo digestivo.<\/li>\n<li>Favorece el sistema inmunitario, protegiendo al organismo de las infecciones. Tiene potencial para reducir el riesgo de ciertas enfermedades autoinmunes.<\/li>\n<li>Tiene un efecto preventivo contra las enfermedades cr\u00f3nicas, incluidos ciertos tipos de c\u00e1ncer, cardiopat\u00edas y diabetes.<\/li>\n<li>Favorece la salud mental. Sus deficiencias pueden estar correlacionadas con un mayor riesgo de desarrollar trastornos del estado de \u00e1nimo, incluida la depresi\u00f3n.<\/li>\n<\/ol>\n<h3>Vitamina D3 en forma bruta<\/h3>\n<p> La vitamina D3 bruta suele estar disponible en forma oleosa o en polvo, que puede incorporarse f\u00e1cilmente a la formulaci\u00f3n de suplementos diet\u00e9ticos, alimentos enriquecidos y productos farmac\u00e9uticos. La forma oleosa es especialmente adecuada para la elaboraci\u00f3n de c\u00e1psulas de gelatina blanda y preparados l\u00edquidos que facilitan la absorci\u00f3n de la vitamina D3.<\/p>\n","protected":false},"excerpt":{"rendered":"<p>La vitamina D3, tambi\u00e9n conocida como colecalciferol, es una forma de vitamina D que desempe\u00f1a un papel clave en muchos procesos de salud del cuerpo humano, incluida la regulaci\u00f3n de los niveles de calcio y f\u00f3sforo. Es crucial para la salud \u00f3sea y dental.<\/p>\n","protected":false},"featured_media":32128,"template":"","meta":{"_acf_changed":false},"product_brand":[],"product_cat":[1078],"product_tag":[],"class_list":{"0":"post-32241","1":"product","2":"type-product","3":"status-publish","4":"has-post-thumbnail","6":"product_cat-vitaminas","8":"first","9":"instock","10":"shipping-taxable","11":"product-type-simple"},"acf":[],"yoast_head":"<!-- This site is optimized with the Yoast SEO plugin v27.6 - https:\/\/yoast.com\/product\/yoast-seo-wordpress\/ -->\n<title>Vitamina D3, colecalciferol - Distribuidor mayorista<\/title>\n<meta name=\"description\" content=\"La vitamina D3, tambi\u00e9n conocida como colecalciferol, es una forma de vitamina D que desempe\u00f1a un papel clave en muchos procesos de salud del cuerpo humano.\" \/>\n<meta name=\"robots\" content=\"index, follow, max-snippet:-1, max-image-preview:large, max-video-preview:-1\" \/>\n<link rel=\"canonical\" href=\"https:\/\/naturalpoland.com\/es\/productos\/productos-para-la-industria-farmaceutica-y-medica\/vitaminas\/vitamina-d3-colecalciferol\/\" \/>\n<meta property=\"og:locale\" content=\"es_ES\" \/>\n<meta property=\"og:type\" content=\"article\" \/>\n<meta property=\"og:title\" content=\"Vitamina D3, colecalciferol - Distribuidor mayorista\" \/>\n<meta property=\"og:description\" content=\"La vitamina D3, tambi\u00e9n conocida como colecalciferol, es una forma de vitamina D que desempe\u00f1a un papel clave en muchos procesos de salud del cuerpo humano.\" \/>\n<meta property=\"og:url\" content=\"https:\/\/naturalpoland.com\/es\/productos\/productos-para-la-industria-farmaceutica-y-medica\/vitaminas\/vitamina-d3-colecalciferol\/\" \/>\n<meta property=\"og:site_name\" content=\"NATURAL POLAND - Distribuidor Mayorista de Materias Primas\" \/>\n<meta property=\"article:publisher\" content=\"https:\/\/www.facebook.com\/naturalpoland.b2b\" \/>\n<meta property=\"article:modified_time\" content=\"2024-07-24T08:54:04+00:00\" \/>\n<meta property=\"og:image\" content=\"https:\/\/naturalpoland.com\/wp-content\/uploads\/witamina-d3.webp\" \/>\n\t<meta property=\"og:image:width\" content=\"616\" \/>\n\t<meta property=\"og:image:height\" content=\"616\" \/>\n\t<meta property=\"og:image:type\" content=\"image\/webp\" \/>\n<script type=\"application\/ld+json\" class=\"yoast-schema-graph\">{\"@context\":\"https:\\\/\\\/schema.org\",\"@graph\":[{\"@type\":\"WebPage\",\"@id\":\"https:\\\/\\\/naturalpoland.com\\\/es\\\/productos\\\/productos-para-la-industria-farmaceutica-y-medica\\\/vitaminas\\\/vitamina-d3-colecalciferol\\\/\",\"url\":\"https:\\\/\\\/naturalpoland.com\\\/es\\\/productos\\\/productos-para-la-industria-farmaceutica-y-medica\\\/vitaminas\\\/vitamina-d3-colecalciferol\\\/\",\"name\":\"Vitamina D3, colecalciferol - Distribuidor mayorista\",\"isPartOf\":{\"@id\":\"https:\\\/\\\/naturalpoland.com\\\/es\\\/#website\"},\"primaryImageOfPage\":{\"@id\":\"https:\\\/\\\/naturalpoland.com\\\/es\\\/productos\\\/productos-para-la-industria-farmaceutica-y-medica\\\/vitaminas\\\/vitamina-d3-colecalciferol\\\/#primaryimage\"},\"image\":{\"@id\":\"https:\\\/\\\/naturalpoland.com\\\/es\\\/productos\\\/productos-para-la-industria-farmaceutica-y-medica\\\/vitaminas\\\/vitamina-d3-colecalciferol\\\/#primaryimage\"},\"thumbnailUrl\":\"https:\\\/\\\/naturalpoland.com\\\/wp-content\\\/uploads\\\/witamina-d3.webp\",\"datePublished\":\"2024-05-17T12:45:25+00:00\",\"dateModified\":\"2024-07-24T08:54:04+00:00\",\"description\":\"La vitamina D3, tambi\u00e9n conocida como colecalciferol, es una forma de vitamina D que desempe\u00f1a un papel clave en muchos procesos de salud del cuerpo humano.\",\"breadcrumb\":{\"@id\":\"https:\\\/\\\/naturalpoland.com\\\/es\\\/productos\\\/productos-para-la-industria-farmaceutica-y-medica\\\/vitaminas\\\/vitamina-d3-colecalciferol\\\/#breadcrumb\"},\"inLanguage\":\"es\",\"potentialAction\":[{\"@type\":\"ReadAction\",\"target\":[\"https:\\\/\\\/naturalpoland.com\\\/es\\\/productos\\\/productos-para-la-industria-farmaceutica-y-medica\\\/vitaminas\\\/vitamina-d3-colecalciferol\\\/\"]}]},{\"@type\":\"ImageObject\",\"inLanguage\":\"es\",\"@id\":\"https:\\\/\\\/naturalpoland.com\\\/es\\\/productos\\\/productos-para-la-industria-farmaceutica-y-medica\\\/vitaminas\\\/vitamina-d3-colecalciferol\\\/#primaryimage\",\"url\":\"https:\\\/\\\/naturalpoland.com\\\/wp-content\\\/uploads\\\/witamina-d3.webp\",\"contentUrl\":\"https:\\\/\\\/naturalpoland.com\\\/wp-content\\\/uploads\\\/witamina-d3.webp\",\"width\":616,\"height\":616,\"caption\":\"witamina D3\"},{\"@type\":\"BreadcrumbList\",\"@id\":\"https:\\\/\\\/naturalpoland.com\\\/es\\\/productos\\\/productos-para-la-industria-farmaceutica-y-medica\\\/vitaminas\\\/vitamina-d3-colecalciferol\\\/#breadcrumb\",\"itemListElement\":[{\"@type\":\"ListItem\",\"position\":1,\"name\":\"Inicio\",\"item\":\"https:\\\/\\\/naturalpoland.com\\\/es\\\/\"},{\"@type\":\"ListItem\",\"position\":2,\"name\":\"Productos\",\"item\":\"https:\\\/\\\/naturalpoland.com\\\/es\\\/productos\\\/\"},{\"@type\":\"ListItem\",\"position\":3,\"name\":\"Vitamina D3, colecalciferol\"}]},{\"@type\":\"WebSite\",\"@id\":\"https:\\\/\\\/naturalpoland.com\\\/es\\\/#website\",\"url\":\"https:\\\/\\\/naturalpoland.com\\\/es\\\/\",\"name\":\"NATURAL POLAND - Distribuidor Mayorista de Materias Primas\",\"description\":\"Surowce dla przemys\u0142u spo\u017cywczego, kosmetycznego i farmaceutycznego\",\"publisher\":{\"@id\":\"https:\\\/\\\/naturalpoland.com\\\/es\\\/#organization\"},\"potentialAction\":[{\"@type\":\"SearchAction\",\"target\":{\"@type\":\"EntryPoint\",\"urlTemplate\":\"https:\\\/\\\/naturalpoland.com\\\/es\\\/?s={search_term_string}\"},\"query-input\":{\"@type\":\"PropertyValueSpecification\",\"valueRequired\":true,\"valueName\":\"search_term_string\"}}],\"inLanguage\":\"es\"},{\"@type\":\"Organization\",\"@id\":\"https:\\\/\\\/naturalpoland.com\\\/es\\\/#organization\",\"name\":\"Natural Poland\",\"url\":\"https:\\\/\\\/naturalpoland.com\\\/es\\\/\",\"logo\":{\"@type\":\"ImageObject\",\"inLanguage\":\"es\",\"@id\":\"https:\\\/\\\/naturalpoland.com\\\/es\\\/#\\\/schema\\\/logo\\\/image\\\/\",\"url\":\"https:\\\/\\\/naturalpoland.com\\\/wp-content\\\/uploads\\\/2021\\\/05\\\/natural-poland-icon.png\",\"contentUrl\":\"https:\\\/\\\/naturalpoland.com\\\/wp-content\\\/uploads\\\/2021\\\/05\\\/natural-poland-icon.png\",\"width\":512,\"height\":512,\"caption\":\"Natural Poland\"},\"image\":{\"@id\":\"https:\\\/\\\/naturalpoland.com\\\/es\\\/#\\\/schema\\\/logo\\\/image\\\/\"},\"sameAs\":[\"https:\\\/\\\/www.facebook.com\\\/naturalpoland.b2b\",\"https:\\\/\\\/pl.linkedin.com\\\/company\\\/natural-poland\",\"https:\\\/\\\/www.youtube.com\\\/channel\\\/UCgeGGkvOMahZo-xu_MSEWxg\"]}]}<\/script>\n<!-- \/ Yoast SEO plugin. -->","yoast_head_json":{"title":"Vitamina D3, colecalciferol - Distribuidor mayorista","description":"La vitamina D3, tambi\u00e9n conocida como colecalciferol, es una forma de vitamina D que desempe\u00f1a un papel clave en muchos procesos de salud del cuerpo humano.","robots":{"index":"index","follow":"follow","max-snippet":"max-snippet:-1","max-image-preview":"max-image-preview:large","max-video-preview":"max-video-preview:-1"},"canonical":"https:\/\/naturalpoland.com\/es\/productos\/productos-para-la-industria-farmaceutica-y-medica\/vitaminas\/vitamina-d3-colecalciferol\/","og_locale":"es_ES","og_type":"article","og_title":"Vitamina D3, colecalciferol - Distribuidor mayorista","og_description":"La vitamina D3, tambi\u00e9n conocida como colecalciferol, es una forma de vitamina D que desempe\u00f1a un papel clave en muchos procesos de salud del cuerpo humano.","og_url":"https:\/\/naturalpoland.com\/es\/productos\/productos-para-la-industria-farmaceutica-y-medica\/vitaminas\/vitamina-d3-colecalciferol\/","og_site_name":"NATURAL POLAND - Distribuidor Mayorista de Materias Primas","article_publisher":"https:\/\/www.facebook.com\/naturalpoland.b2b","article_modified_time":"2024-07-24T08:54:04+00:00","og_image":[{"width":616,"height":616,"url":"https:\/\/naturalpoland.com\/wp-content\/uploads\/witamina-d3.webp","type":"image\/webp"}],"schema":{"@context":"https:\/\/schema.org","@graph":[{"@type":"WebPage","@id":"https:\/\/naturalpoland.com\/es\/productos\/productos-para-la-industria-farmaceutica-y-medica\/vitaminas\/vitamina-d3-colecalciferol\/","url":"https:\/\/naturalpoland.com\/es\/productos\/productos-para-la-industria-farmaceutica-y-medica\/vitaminas\/vitamina-d3-colecalciferol\/","name":"Vitamina D3, colecalciferol - Distribuidor mayorista","isPartOf":{"@id":"https:\/\/naturalpoland.com\/es\/#website"},"primaryImageOfPage":{"@id":"https:\/\/naturalpoland.com\/es\/productos\/productos-para-la-industria-farmaceutica-y-medica\/vitaminas\/vitamina-d3-colecalciferol\/#primaryimage"},"image":{"@id":"https:\/\/naturalpoland.com\/es\/productos\/productos-para-la-industria-farmaceutica-y-medica\/vitaminas\/vitamina-d3-colecalciferol\/#primaryimage"},"thumbnailUrl":"https:\/\/naturalpoland.com\/wp-content\/uploads\/witamina-d3.webp","datePublished":"2024-05-17T12:45:25+00:00","dateModified":"2024-07-24T08:54:04+00:00","description":"La vitamina D3, tambi\u00e9n conocida como colecalciferol, es una forma de vitamina D que desempe\u00f1a un papel clave en muchos procesos de salud del cuerpo humano.","breadcrumb":{"@id":"https:\/\/naturalpoland.com\/es\/productos\/productos-para-la-industria-farmaceutica-y-medica\/vitaminas\/vitamina-d3-colecalciferol\/#breadcrumb"},"inLanguage":"es","potentialAction":[{"@type":"ReadAction","target":["https:\/\/naturalpoland.com\/es\/productos\/productos-para-la-industria-farmaceutica-y-medica\/vitaminas\/vitamina-d3-colecalciferol\/"]}]},{"@type":"ImageObject","inLanguage":"es","@id":"https:\/\/naturalpoland.com\/es\/productos\/productos-para-la-industria-farmaceutica-y-medica\/vitaminas\/vitamina-d3-colecalciferol\/#primaryimage","url":"https:\/\/naturalpoland.com\/wp-content\/uploads\/witamina-d3.webp","contentUrl":"https:\/\/naturalpoland.com\/wp-content\/uploads\/witamina-d3.webp","width":616,"height":616,"caption":"witamina D3"},{"@type":"BreadcrumbList","@id":"https:\/\/naturalpoland.com\/es\/productos\/productos-para-la-industria-farmaceutica-y-medica\/vitaminas\/vitamina-d3-colecalciferol\/#breadcrumb","itemListElement":[{"@type":"ListItem","position":1,"name":"Inicio","item":"https:\/\/naturalpoland.com\/es\/"},{"@type":"ListItem","position":2,"name":"Productos","item":"https:\/\/naturalpoland.com\/es\/productos\/"},{"@type":"ListItem","position":3,"name":"Vitamina D3, colecalciferol"}]},{"@type":"WebSite","@id":"https:\/\/naturalpoland.com\/es\/#website","url":"https:\/\/naturalpoland.com\/es\/","name":"NATURAL POLAND - Distribuidor Mayorista de Materias Primas","description":"Surowce dla przemys\u0142u spo\u017cywczego, kosmetycznego i farmaceutycznego","publisher":{"@id":"https:\/\/naturalpoland.com\/es\/#organization"},"potentialAction":[{"@type":"SearchAction","target":{"@type":"EntryPoint","urlTemplate":"https:\/\/naturalpoland.com\/es\/?s={search_term_string}"},"query-input":{"@type":"PropertyValueSpecification","valueRequired":true,"valueName":"search_term_string"}}],"inLanguage":"es"},{"@type":"Organization","@id":"https:\/\/naturalpoland.com\/es\/#organization","name":"Natural Poland","url":"https:\/\/naturalpoland.com\/es\/","logo":{"@type":"ImageObject","inLanguage":"es","@id":"https:\/\/naturalpoland.com\/es\/#\/schema\/logo\/image\/","url":"https:\/\/naturalpoland.com\/wp-content\/uploads\/2021\/05\/natural-poland-icon.png","contentUrl":"https:\/\/naturalpoland.com\/wp-content\/uploads\/2021\/05\/natural-poland-icon.png","width":512,"height":512,"caption":"Natural Poland"},"image":{"@id":"https:\/\/naturalpoland.com\/es\/#\/schema\/logo\/image\/"},"sameAs":["https:\/\/www.facebook.com\/naturalpoland.b2b","https:\/\/pl.linkedin.com\/company\/natural-poland","https:\/\/www.youtube.com\/channel\/UCgeGGkvOMahZo-xu_MSEWxg"]}]}},"_links":{"self":[{"href":"https:\/\/naturalpoland.com\/es\/wp-json\/wp\/v2\/product\/32241","targetHints":{"allow":["GET"]}}],"collection":[{"href":"https:\/\/naturalpoland.com\/es\/wp-json\/wp\/v2\/product"}],"about":[{"href":"https:\/\/naturalpoland.com\/es\/wp-json\/wp\/v2\/types\/product"}],"wp:featuredmedia":[{"embeddable":true,"href":"https:\/\/naturalpoland.com\/es\/wp-json\/wp\/v2\/media\/32128"}],"wp:attachment":[{"href":"https:\/\/naturalpoland.com\/es\/wp-json\/wp\/v2\/media?parent=32241"}],"wp:term":[{"taxonomy":"product_brand","embeddable":true,"href":"https:\/\/naturalpoland.com\/es\/wp-json\/wp\/v2\/product_brand?post=32241"},{"taxonomy":"product_cat","embeddable":true,"href":"https:\/\/naturalpoland.com\/es\/wp-json\/wp\/v2\/product_cat?post=32241"},{"taxonomy":"product_tag","embeddable":true,"href":"https:\/\/naturalpoland.com\/es\/wp-json\/wp\/v2\/product_tag?post=32241"}],"curies":[{"name":"wp","href":"https:\/\/api.w.org\/{rel}","templated":true}]}}