{"id":32355,"date":"2024-05-20T13:40:12","date_gmt":"2024-05-20T13:25:42","guid":{"rendered":"https:\/\/naturalpoland.com\/produkty\/sin categor\u00eda\/hidrolato-de-bergamota\/"},"modified":"2024-05-20T15:25:42","modified_gmt":"2024-05-20T13:25:42","slug":"hidrolato-de-bergamota","status":"publish","type":"product","link":"https:\/\/naturalpoland.com\/es\/productos\/productos-para-la-industria-cosmetica\/aguas-florales\/hidrolato-de-bergamota\/","title":{"rendered":"Hidrolato de bergamota"},"content":{"rendered":"<p>El hidrolato de bergamota es rico en compuestos como <strong><br \/>\n  <a href=\"https:\/\/naturalpoland.com\/artykuly\/produkty-naturalne\/czym-sa-i-jak-dzialaja-flawonoidy\/\">flavonoides<\/a><br \/>\n<\/strong> y furanocumarinas, que tienen propiedades antioxidantes, antibacterianas y refrescantes. Gracias a estas propiedades, este hidrolato est\u00e1 especialmente recomendado para las pieles grasas, mixtas y propensas a los eczemas, ya que tiene un efecto purificador y normalizador de la producci\u00f3n de sebo.<\/p>\n<h3>Propiedades del hidrolato de bergamota<\/h3>\n<p>El hidrolato de bergamota es eficaz para ayudar a eliminar el exceso de sebo y las impurezas de la superficie de la piel. Su uso ayuda a reducir la aparici\u00f3n de imperfecciones y a mejorar el estado general de la piel. Sus propiedades antibacterianas naturales favorecen la reducci\u00f3n de las bacterias responsables de la formaci\u00f3n del acn\u00e9.<\/p>\n<p>Como t\u00f3nico natural, el hidrolato de bergamota refresca la piel, dej\u00e1ndola limpia y radiante. Puede utilizarse a lo largo del d\u00eda como bruma refrescante, aliviando la piel cansada y estresada.<\/p>\n<p>El aroma de la bergamota es conocido por sus propiedades relajantes y estimulantes del estado de \u00e1nimo. Utilizar hidrolato de bergamota en tu rutina diaria de cuidado de la piel puede beneficiar no s\u00f3lo a tu piel, sino tambi\u00e9n a tu estado de \u00e1nimo, ayudando a aliviar la tensi\u00f3n y el estr\u00e9s.<\/p>\n<h3>Aplicaciones cosm\u00e9ticas<\/h3>\n<p>El hidrolato de bergamota se utiliza mucho en f\u00f3rmulas cosm\u00e9ticas, desde t\u00f3nicos a geles limpiadores, pasando por cremas y mascarillas. Es especialmente apreciado en productos para pieles problem\u00e1ticas, donde sus efectos antibacterianos y seborreguladores pueden mejorar significativamente el aspecto y la salud de la piel. Su agradable fragancia tambi\u00e9n lo convierte en un ingrediente deseable en cosm\u00e9ticos de aromaterapia y productos perfumados para el cuidado de la piel.<\/p>\n","protected":false},"excerpt":{"rendered":"<p>El hidrolato de bergamota se extrae de la destilaci\u00f3n al vapor del fruto de la bergamota. En la industria cosm\u00e9tica, es apreciado por sus propiedades limpiadoras y refrescantes y por su singular fragancia alimonada, a menudo asociada con el popular aroma del t\u00e9 Earl Grey.<\/p>\n","protected":false},"featured_media":32324,"template":"","meta":{"_acf_changed":false},"product_brand":[],"product_cat":[3556],"product_tag":[],"class_list":{"0":"post-32355","1":"product","2":"type-product","3":"status-publish","4":"has-post-thumbnail","6":"product_cat-aguas-florales","7":"pa_grupa-substancji-destilados","9":"first","10":"instock","11":"shipping-taxable","12":"product-type-simple"},"acf":[],"yoast_head":"<!-- This site is optimized with the Yoast SEO plugin v27.6 - https:\/\/yoast.com\/product\/yoast-seo-wordpress\/ -->\n<title>Hidrolato de bergamota - NATURAL POLAND - Distribuidor Mayorista de Materias Primas<\/title>\n<meta name=\"description\" content=\"El hidrolato de bergamota se extrae de la destilaci\u00f3n al vapor del fruto de la bergamota y es una materia prima apreciada en cosm\u00e9tica natural.\" \/>\n<meta name=\"robots\" content=\"index, follow, max-snippet:-1, max-image-preview:large, max-video-preview:-1\" \/>\n<link rel=\"canonical\" href=\"https:\/\/naturalpoland.com\/es\/productos\/productos-para-la-industria-cosmetica\/aguas-florales\/hidrolato-de-bergamota\/\" \/>\n<meta property=\"og:locale\" content=\"es_ES\" \/>\n<meta property=\"og:type\" content=\"article\" \/>\n<meta property=\"og:title\" content=\"Hidrolato de bergamota - NATURAL POLAND - Distribuidor Mayorista de Materias Primas\" \/>\n<meta property=\"og:description\" content=\"El hidrolato de bergamota se extrae de la destilaci\u00f3n al vapor del fruto de la bergamota y es una materia prima apreciada en cosm\u00e9tica natural.\" \/>\n<meta property=\"og:url\" content=\"https:\/\/naturalpoland.com\/es\/productos\/productos-para-la-industria-cosmetica\/aguas-florales\/hidrolato-de-bergamota\/\" \/>\n<meta property=\"og:site_name\" content=\"NATURAL POLAND - Distribuidor Mayorista de Materias Primas\" \/>\n<meta property=\"article:publisher\" content=\"https:\/\/www.facebook.com\/naturalpoland.b2b\" \/>\n<meta property=\"og:image\" content=\"https:\/\/naturalpoland.com\/wp-content\/uploads\/hydrolat-z-bergamotki.webp\" \/>\n\t<meta property=\"og:image:width\" content=\"614\" \/>\n\t<meta property=\"og:image:height\" content=\"614\" \/>\n\t<meta property=\"og:image:type\" content=\"image\/webp\" \/>\n<script type=\"application\/ld+json\" class=\"yoast-schema-graph\">{\"@context\":\"https:\\\/\\\/schema.org\",\"@graph\":[{\"@type\":\"WebPage\",\"@id\":\"https:\\\/\\\/naturalpoland.com\\\/es\\\/productos\\\/productos-para-la-industria-cosmetica\\\/aguas-florales\\\/hidrolato-de-bergamota\\\/\",\"url\":\"https:\\\/\\\/naturalpoland.com\\\/es\\\/productos\\\/productos-para-la-industria-cosmetica\\\/aguas-florales\\\/hidrolato-de-bergamota\\\/\",\"name\":\"Hidrolato de bergamota - NATURAL POLAND - Distribuidor Mayorista de Materias Primas\",\"isPartOf\":{\"@id\":\"https:\\\/\\\/naturalpoland.com\\\/es\\\/#website\"},\"primaryImageOfPage\":{\"@id\":\"https:\\\/\\\/naturalpoland.com\\\/es\\\/productos\\\/productos-para-la-industria-cosmetica\\\/aguas-florales\\\/hidrolato-de-bergamota\\\/#primaryimage\"},\"image\":{\"@id\":\"https:\\\/\\\/naturalpoland.com\\\/es\\\/productos\\\/productos-para-la-industria-cosmetica\\\/aguas-florales\\\/hidrolato-de-bergamota\\\/#primaryimage\"},\"thumbnailUrl\":\"https:\\\/\\\/naturalpoland.com\\\/wp-content\\\/uploads\\\/hydrolat-z-bergamotki.webp\",\"datePublished\":\"2024-05-20T13:25:42+00:00\",\"description\":\"El hidrolato de bergamota se extrae de la destilaci\u00f3n al vapor del fruto de la bergamota y es una materia prima apreciada en cosm\u00e9tica natural.\",\"breadcrumb\":{\"@id\":\"https:\\\/\\\/naturalpoland.com\\\/es\\\/productos\\\/productos-para-la-industria-cosmetica\\\/aguas-florales\\\/hidrolato-de-bergamota\\\/#breadcrumb\"},\"inLanguage\":\"es\",\"potentialAction\":[{\"@type\":\"ReadAction\",\"target\":[\"https:\\\/\\\/naturalpoland.com\\\/es\\\/productos\\\/productos-para-la-industria-cosmetica\\\/aguas-florales\\\/hidrolato-de-bergamota\\\/\"]}]},{\"@type\":\"ImageObject\",\"inLanguage\":\"es\",\"@id\":\"https:\\\/\\\/naturalpoland.com\\\/es\\\/productos\\\/productos-para-la-industria-cosmetica\\\/aguas-florales\\\/hidrolato-de-bergamota\\\/#primaryimage\",\"url\":\"https:\\\/\\\/naturalpoland.com\\\/wp-content\\\/uploads\\\/hydrolat-z-bergamotki.webp\",\"contentUrl\":\"https:\\\/\\\/naturalpoland.com\\\/wp-content\\\/uploads\\\/hydrolat-z-bergamotki.webp\",\"width\":614,\"height\":614,\"caption\":\"hydrolat z bergamotki\"},{\"@type\":\"BreadcrumbList\",\"@id\":\"https:\\\/\\\/naturalpoland.com\\\/es\\\/productos\\\/productos-para-la-industria-cosmetica\\\/aguas-florales\\\/hidrolato-de-bergamota\\\/#breadcrumb\",\"itemListElement\":[{\"@type\":\"ListItem\",\"position\":1,\"name\":\"Inicio\",\"item\":\"https:\\\/\\\/naturalpoland.com\\\/es\\\/\"},{\"@type\":\"ListItem\",\"position\":2,\"name\":\"Productos\",\"item\":\"https:\\\/\\\/naturalpoland.com\\\/es\\\/productos\\\/\"},{\"@type\":\"ListItem\",\"position\":3,\"name\":\"Hidrolato de bergamota\"}]},{\"@type\":\"WebSite\",\"@id\":\"https:\\\/\\\/naturalpoland.com\\\/es\\\/#website\",\"url\":\"https:\\\/\\\/naturalpoland.com\\\/es\\\/\",\"name\":\"NATURAL POLAND - Distribuidor Mayorista de Materias Primas\",\"description\":\"Surowce dla przemys\u0142u spo\u017cywczego, kosmetycznego i farmaceutycznego\",\"publisher\":{\"@id\":\"https:\\\/\\\/naturalpoland.com\\\/es\\\/#organization\"},\"potentialAction\":[{\"@type\":\"SearchAction\",\"target\":{\"@type\":\"EntryPoint\",\"urlTemplate\":\"https:\\\/\\\/naturalpoland.com\\\/es\\\/?s={search_term_string}\"},\"query-input\":{\"@type\":\"PropertyValueSpecification\",\"valueRequired\":true,\"valueName\":\"search_term_string\"}}],\"inLanguage\":\"es\"},{\"@type\":\"Organization\",\"@id\":\"https:\\\/\\\/naturalpoland.com\\\/es\\\/#organization\",\"name\":\"Natural Poland\",\"url\":\"https:\\\/\\\/naturalpoland.com\\\/es\\\/\",\"logo\":{\"@type\":\"ImageObject\",\"inLanguage\":\"es\",\"@id\":\"https:\\\/\\\/naturalpoland.com\\\/es\\\/#\\\/schema\\\/logo\\\/image\\\/\",\"url\":\"https:\\\/\\\/naturalpoland.com\\\/wp-content\\\/uploads\\\/2021\\\/05\\\/natural-poland-icon.png\",\"contentUrl\":\"https:\\\/\\\/naturalpoland.com\\\/wp-content\\\/uploads\\\/2021\\\/05\\\/natural-poland-icon.png\",\"width\":512,\"height\":512,\"caption\":\"Natural Poland\"},\"image\":{\"@id\":\"https:\\\/\\\/naturalpoland.com\\\/es\\\/#\\\/schema\\\/logo\\\/image\\\/\"},\"sameAs\":[\"https:\\\/\\\/www.facebook.com\\\/naturalpoland.b2b\",\"https:\\\/\\\/pl.linkedin.com\\\/company\\\/natural-poland\",\"https:\\\/\\\/www.youtube.com\\\/channel\\\/UCgeGGkvOMahZo-xu_MSEWxg\"]}]}<\/script>\n<!-- \/ Yoast SEO plugin. -->","yoast_head_json":{"title":"Hidrolato de bergamota - NATURAL POLAND - Distribuidor Mayorista de Materias Primas","description":"El hidrolato de bergamota se extrae de la destilaci\u00f3n al vapor del fruto de la bergamota y es una materia prima apreciada en cosm\u00e9tica natural.","robots":{"index":"index","follow":"follow","max-snippet":"max-snippet:-1","max-image-preview":"max-image-preview:large","max-video-preview":"max-video-preview:-1"},"canonical":"https:\/\/naturalpoland.com\/es\/productos\/productos-para-la-industria-cosmetica\/aguas-florales\/hidrolato-de-bergamota\/","og_locale":"es_ES","og_type":"article","og_title":"Hidrolato de bergamota - NATURAL POLAND - Distribuidor Mayorista de Materias Primas","og_description":"El hidrolato de bergamota se extrae de la destilaci\u00f3n al vapor del fruto de la bergamota y es una materia prima apreciada en cosm\u00e9tica natural.","og_url":"https:\/\/naturalpoland.com\/es\/productos\/productos-para-la-industria-cosmetica\/aguas-florales\/hidrolato-de-bergamota\/","og_site_name":"NATURAL POLAND - Distribuidor Mayorista de Materias Primas","article_publisher":"https:\/\/www.facebook.com\/naturalpoland.b2b","og_image":[{"width":614,"height":614,"url":"https:\/\/naturalpoland.com\/wp-content\/uploads\/hydrolat-z-bergamotki.webp","type":"image\/webp"}],"schema":{"@context":"https:\/\/schema.org","@graph":[{"@type":"WebPage","@id":"https:\/\/naturalpoland.com\/es\/productos\/productos-para-la-industria-cosmetica\/aguas-florales\/hidrolato-de-bergamota\/","url":"https:\/\/naturalpoland.com\/es\/productos\/productos-para-la-industria-cosmetica\/aguas-florales\/hidrolato-de-bergamota\/","name":"Hidrolato de bergamota - NATURAL POLAND - Distribuidor Mayorista de Materias Primas","isPartOf":{"@id":"https:\/\/naturalpoland.com\/es\/#website"},"primaryImageOfPage":{"@id":"https:\/\/naturalpoland.com\/es\/productos\/productos-para-la-industria-cosmetica\/aguas-florales\/hidrolato-de-bergamota\/#primaryimage"},"image":{"@id":"https:\/\/naturalpoland.com\/es\/productos\/productos-para-la-industria-cosmetica\/aguas-florales\/hidrolato-de-bergamota\/#primaryimage"},"thumbnailUrl":"https:\/\/naturalpoland.com\/wp-content\/uploads\/hydrolat-z-bergamotki.webp","datePublished":"2024-05-20T13:25:42+00:00","description":"El hidrolato de bergamota se extrae de la destilaci\u00f3n al vapor del fruto de la bergamota y es una materia prima apreciada en cosm\u00e9tica natural.","breadcrumb":{"@id":"https:\/\/naturalpoland.com\/es\/productos\/productos-para-la-industria-cosmetica\/aguas-florales\/hidrolato-de-bergamota\/#breadcrumb"},"inLanguage":"es","potentialAction":[{"@type":"ReadAction","target":["https:\/\/naturalpoland.com\/es\/productos\/productos-para-la-industria-cosmetica\/aguas-florales\/hidrolato-de-bergamota\/"]}]},{"@type":"ImageObject","inLanguage":"es","@id":"https:\/\/naturalpoland.com\/es\/productos\/productos-para-la-industria-cosmetica\/aguas-florales\/hidrolato-de-bergamota\/#primaryimage","url":"https:\/\/naturalpoland.com\/wp-content\/uploads\/hydrolat-z-bergamotki.webp","contentUrl":"https:\/\/naturalpoland.com\/wp-content\/uploads\/hydrolat-z-bergamotki.webp","width":614,"height":614,"caption":"hydrolat z bergamotki"},{"@type":"BreadcrumbList","@id":"https:\/\/naturalpoland.com\/es\/productos\/productos-para-la-industria-cosmetica\/aguas-florales\/hidrolato-de-bergamota\/#breadcrumb","itemListElement":[{"@type":"ListItem","position":1,"name":"Inicio","item":"https:\/\/naturalpoland.com\/es\/"},{"@type":"ListItem","position":2,"name":"Productos","item":"https:\/\/naturalpoland.com\/es\/productos\/"},{"@type":"ListItem","position":3,"name":"Hidrolato de bergamota"}]},{"@type":"WebSite","@id":"https:\/\/naturalpoland.com\/es\/#website","url":"https:\/\/naturalpoland.com\/es\/","name":"NATURAL POLAND - Distribuidor Mayorista de Materias Primas","description":"Surowce dla przemys\u0142u spo\u017cywczego, kosmetycznego i farmaceutycznego","publisher":{"@id":"https:\/\/naturalpoland.com\/es\/#organization"},"potentialAction":[{"@type":"SearchAction","target":{"@type":"EntryPoint","urlTemplate":"https:\/\/naturalpoland.com\/es\/?s={search_term_string}"},"query-input":{"@type":"PropertyValueSpecification","valueRequired":true,"valueName":"search_term_string"}}],"inLanguage":"es"},{"@type":"Organization","@id":"https:\/\/naturalpoland.com\/es\/#organization","name":"Natural Poland","url":"https:\/\/naturalpoland.com\/es\/","logo":{"@type":"ImageObject","inLanguage":"es","@id":"https:\/\/naturalpoland.com\/es\/#\/schema\/logo\/image\/","url":"https:\/\/naturalpoland.com\/wp-content\/uploads\/2021\/05\/natural-poland-icon.png","contentUrl":"https:\/\/naturalpoland.com\/wp-content\/uploads\/2021\/05\/natural-poland-icon.png","width":512,"height":512,"caption":"Natural Poland"},"image":{"@id":"https:\/\/naturalpoland.com\/es\/#\/schema\/logo\/image\/"},"sameAs":["https:\/\/www.facebook.com\/naturalpoland.b2b","https:\/\/pl.linkedin.com\/company\/natural-poland","https:\/\/www.youtube.com\/channel\/UCgeGGkvOMahZo-xu_MSEWxg"]}]}},"_links":{"self":[{"href":"https:\/\/naturalpoland.com\/es\/wp-json\/wp\/v2\/product\/32355","targetHints":{"allow":["GET"]}}],"collection":[{"href":"https:\/\/naturalpoland.com\/es\/wp-json\/wp\/v2\/product"}],"about":[{"href":"https:\/\/naturalpoland.com\/es\/wp-json\/wp\/v2\/types\/product"}],"wp:featuredmedia":[{"embeddable":true,"href":"https:\/\/naturalpoland.com\/es\/wp-json\/wp\/v2\/media\/32324"}],"wp:attachment":[{"href":"https:\/\/naturalpoland.com\/es\/wp-json\/wp\/v2\/media?parent=32355"}],"wp:term":[{"taxonomy":"product_brand","embeddable":true,"href":"https:\/\/naturalpoland.com\/es\/wp-json\/wp\/v2\/product_brand?post=32355"},{"taxonomy":"product_cat","embeddable":true,"href":"https:\/\/naturalpoland.com\/es\/wp-json\/wp\/v2\/product_cat?post=32355"},{"taxonomy":"product_tag","embeddable":true,"href":"https:\/\/naturalpoland.com\/es\/wp-json\/wp\/v2\/product_tag?post=32355"}],"curies":[{"name":"wp","href":"https:\/\/api.w.org\/{rel}","templated":true}]}}