{"id":32357,"date":"2024-05-20T13:21:50","date_gmt":"2024-05-20T13:25:44","guid":{"rendered":"https:\/\/naturalpoland.com\/produkty\/sin categor\u00eda\/hidrolato-de-aciano\/"},"modified":"2024-05-20T15:25:44","modified_gmt":"2024-05-20T13:25:44","slug":"hidrolato-de-aciano","status":"publish","type":"product","link":"https:\/\/naturalpoland.com\/es\/productos\/productos-para-la-industria-cosmetica\/aguas-florales\/hidrolato-de-aciano\/","title":{"rendered":"Hidrolato de aciano"},"content":{"rendered":"<p>El hidrolato de aciano se distingue por su alto contenido en principios activos como <a href=\"https:\/\/naturalpoland.com\/artykuly\/produkty-naturalne\/czym-sa-i-jak-dzialaja-flawonoidy\/\"><br \/>\n  <strong>flavonoides<\/strong><br \/>\n<\/a>antocianinas y trazas de <strong><br \/>\n  <a href=\"https:\/\/naturalpoland.com\/artykuly\/produkty-naturalne\/rola-olejkow-eterycznych-w-produktach-relaksujacych\/\">aceites esenciales<\/a><br \/>\n<\/strong>que son responsables de su efecto terap\u00e9utico. Los flavonoides, que son potentes antioxidantes, ayudan a reducir el estr\u00e9s oxidativo de las c\u00e9lulas cut\u00e1neas, lo que puede prevenir el envejecimiento prematuro de la piel. Las antocianinas, por su parte, favorecen la microcirculaci\u00f3n, lo que ayuda a reducir las rojeces y a mejorar el tono de la piel.<\/p>\n<h3>Propiedades terap\u00e9uticas del hidrolato de aciano<\/h3>\n<p>El hidrolato de aciano est\u00e1 especialmente recomendado para quienes tienen la piel sensible y propensa a la irritaci\u00f3n y para quienes luchan contra problemas cut\u00e1neos como la ros\u00e1cea o el eczema. Puede contribuir a calmar la piel, reducir la inflamaci\u00f3n y acelerar la regeneraci\u00f3n epid\u00e9rmica.<\/p>\n<p>El hidrolato de aciano puede utilizarse tras una exposici\u00f3n solar intensa u otros procedimientos cosm\u00e9ticos que puedan provocar irritaci\u00f3n. Sus efectos calmantes ayudan a recuperar el confort y el aspecto saludable de la piel, reduciendo tanto las rojeces como las molestias.<\/p>\n<h3>Aplicaciones cosm\u00e9ticas<\/h3>\n<p>En cosmetolog\u00eda, el hidrolato de aciano se utiliza como ingrediente en t\u00f3nicos, mascarillas y cremas para pieles sensibles y problem\u00e1ticas. Tambi\u00e9n puede utilizarse en productos dedicados a la zona de los ojos.<\/p>\n<p>Sus propiedades tonificantes y refrescantes lo convierten en un ingrediente excelente en productos destinados a mejorar el aspecto y el estado de la piel, d\u00e1ndole un aspecto m\u00e1s uniforme y saludable. Gracias a sus propiedades vers\u00e1tiles, el hidrolato de aciano ha encontrado una amplia gama de aplicaciones en los productos de cuidado diario.<\/p>\n","protected":false},"excerpt":{"rendered":"<p>El hidrolato de aciano tambi\u00e9n se conoce como agua de aciano. Tiene propiedades calmantes y antiinflamatorias. Se extrae de la destilaci\u00f3n al vapor de los acianos.<\/p>\n","protected":false},"featured_media":32311,"template":"","meta":{"_acf_changed":false},"product_brand":[],"product_cat":[3556],"product_tag":[],"class_list":{"0":"post-32357","1":"product","2":"type-product","3":"status-publish","4":"has-post-thumbnail","6":"product_cat-aguas-florales","8":"first","9":"instock","10":"shipping-taxable","11":"product-type-simple"},"acf":[],"yoast_head":"<!-- This site is optimized with the Yoast SEO plugin v27.6 - https:\/\/yoast.com\/product\/yoast-seo-wordpress\/ -->\n<title>Hidrolato de aciano - Distribuidor mayorista<\/title>\n<meta name=\"description\" content=\"El hidrolato de aciano, tambi\u00e9n conocido como agua de aciano, es un recurso apreciado en cosmetolog\u00eda natural. Tiene propiedades antiinflamatorias.\" \/>\n<meta name=\"robots\" content=\"index, follow, max-snippet:-1, max-image-preview:large, max-video-preview:-1\" \/>\n<link rel=\"canonical\" href=\"https:\/\/naturalpoland.com\/es\/productos\/productos-para-la-industria-cosmetica\/aguas-florales\/hidrolato-de-aciano\/\" \/>\n<meta property=\"og:locale\" content=\"es_ES\" \/>\n<meta property=\"og:type\" content=\"article\" \/>\n<meta property=\"og:title\" content=\"Hidrolato de aciano - Distribuidor mayorista\" \/>\n<meta property=\"og:description\" content=\"El hidrolato de aciano, tambi\u00e9n conocido como agua de aciano, es un recurso apreciado en cosmetolog\u00eda natural. Tiene propiedades antiinflamatorias.\" \/>\n<meta property=\"og:url\" content=\"https:\/\/naturalpoland.com\/es\/productos\/productos-para-la-industria-cosmetica\/aguas-florales\/hidrolato-de-aciano\/\" \/>\n<meta property=\"og:site_name\" content=\"NATURAL POLAND - Distribuidor Mayorista de Materias Primas\" \/>\n<meta property=\"article:publisher\" content=\"https:\/\/www.facebook.com\/naturalpoland.b2b\" \/>\n<meta property=\"og:image\" content=\"https:\/\/naturalpoland.com\/wp-content\/uploads\/hydrolat-z-chabra.webp\" \/>\n\t<meta property=\"og:image:width\" content=\"614\" \/>\n\t<meta property=\"og:image:height\" content=\"614\" \/>\n\t<meta property=\"og:image:type\" content=\"image\/webp\" \/>\n<script type=\"application\/ld+json\" class=\"yoast-schema-graph\">{\"@context\":\"https:\\\/\\\/schema.org\",\"@graph\":[{\"@type\":\"WebPage\",\"@id\":\"https:\\\/\\\/naturalpoland.com\\\/es\\\/productos\\\/productos-para-la-industria-cosmetica\\\/aguas-florales\\\/hidrolato-de-aciano\\\/\",\"url\":\"https:\\\/\\\/naturalpoland.com\\\/es\\\/productos\\\/productos-para-la-industria-cosmetica\\\/aguas-florales\\\/hidrolato-de-aciano\\\/\",\"name\":\"Hidrolato de aciano - Distribuidor mayorista\",\"isPartOf\":{\"@id\":\"https:\\\/\\\/naturalpoland.com\\\/es\\\/#website\"},\"primaryImageOfPage\":{\"@id\":\"https:\\\/\\\/naturalpoland.com\\\/es\\\/productos\\\/productos-para-la-industria-cosmetica\\\/aguas-florales\\\/hidrolato-de-aciano\\\/#primaryimage\"},\"image\":{\"@id\":\"https:\\\/\\\/naturalpoland.com\\\/es\\\/productos\\\/productos-para-la-industria-cosmetica\\\/aguas-florales\\\/hidrolato-de-aciano\\\/#primaryimage\"},\"thumbnailUrl\":\"https:\\\/\\\/naturalpoland.com\\\/wp-content\\\/uploads\\\/hydrolat-z-chabra.webp\",\"datePublished\":\"2024-05-20T13:25:44+00:00\",\"description\":\"El hidrolato de aciano, tambi\u00e9n conocido como agua de aciano, es un recurso apreciado en cosmetolog\u00eda natural. Tiene propiedades antiinflamatorias.\",\"breadcrumb\":{\"@id\":\"https:\\\/\\\/naturalpoland.com\\\/es\\\/productos\\\/productos-para-la-industria-cosmetica\\\/aguas-florales\\\/hidrolato-de-aciano\\\/#breadcrumb\"},\"inLanguage\":\"es\",\"potentialAction\":[{\"@type\":\"ReadAction\",\"target\":[\"https:\\\/\\\/naturalpoland.com\\\/es\\\/productos\\\/productos-para-la-industria-cosmetica\\\/aguas-florales\\\/hidrolato-de-aciano\\\/\"]}]},{\"@type\":\"ImageObject\",\"inLanguage\":\"es\",\"@id\":\"https:\\\/\\\/naturalpoland.com\\\/es\\\/productos\\\/productos-para-la-industria-cosmetica\\\/aguas-florales\\\/hidrolato-de-aciano\\\/#primaryimage\",\"url\":\"https:\\\/\\\/naturalpoland.com\\\/wp-content\\\/uploads\\\/hydrolat-z-chabra.webp\",\"contentUrl\":\"https:\\\/\\\/naturalpoland.com\\\/wp-content\\\/uploads\\\/hydrolat-z-chabra.webp\",\"width\":614,\"height\":614,\"caption\":\"hydrolat z chabra\"},{\"@type\":\"BreadcrumbList\",\"@id\":\"https:\\\/\\\/naturalpoland.com\\\/es\\\/productos\\\/productos-para-la-industria-cosmetica\\\/aguas-florales\\\/hidrolato-de-aciano\\\/#breadcrumb\",\"itemListElement\":[{\"@type\":\"ListItem\",\"position\":1,\"name\":\"Inicio\",\"item\":\"https:\\\/\\\/naturalpoland.com\\\/es\\\/\"},{\"@type\":\"ListItem\",\"position\":2,\"name\":\"Productos\",\"item\":\"https:\\\/\\\/naturalpoland.com\\\/es\\\/productos\\\/\"},{\"@type\":\"ListItem\",\"position\":3,\"name\":\"Hidrolato de aciano\"}]},{\"@type\":\"WebSite\",\"@id\":\"https:\\\/\\\/naturalpoland.com\\\/es\\\/#website\",\"url\":\"https:\\\/\\\/naturalpoland.com\\\/es\\\/\",\"name\":\"NATURAL POLAND - Distribuidor Mayorista de Materias Primas\",\"description\":\"Surowce dla przemys\u0142u spo\u017cywczego, kosmetycznego i farmaceutycznego\",\"publisher\":{\"@id\":\"https:\\\/\\\/naturalpoland.com\\\/es\\\/#organization\"},\"potentialAction\":[{\"@type\":\"SearchAction\",\"target\":{\"@type\":\"EntryPoint\",\"urlTemplate\":\"https:\\\/\\\/naturalpoland.com\\\/es\\\/?s={search_term_string}\"},\"query-input\":{\"@type\":\"PropertyValueSpecification\",\"valueRequired\":true,\"valueName\":\"search_term_string\"}}],\"inLanguage\":\"es\"},{\"@type\":\"Organization\",\"@id\":\"https:\\\/\\\/naturalpoland.com\\\/es\\\/#organization\",\"name\":\"Natural Poland\",\"url\":\"https:\\\/\\\/naturalpoland.com\\\/es\\\/\",\"logo\":{\"@type\":\"ImageObject\",\"inLanguage\":\"es\",\"@id\":\"https:\\\/\\\/naturalpoland.com\\\/es\\\/#\\\/schema\\\/logo\\\/image\\\/\",\"url\":\"https:\\\/\\\/naturalpoland.com\\\/wp-content\\\/uploads\\\/2021\\\/05\\\/natural-poland-icon.png\",\"contentUrl\":\"https:\\\/\\\/naturalpoland.com\\\/wp-content\\\/uploads\\\/2021\\\/05\\\/natural-poland-icon.png\",\"width\":512,\"height\":512,\"caption\":\"Natural Poland\"},\"image\":{\"@id\":\"https:\\\/\\\/naturalpoland.com\\\/es\\\/#\\\/schema\\\/logo\\\/image\\\/\"},\"sameAs\":[\"https:\\\/\\\/www.facebook.com\\\/naturalpoland.b2b\",\"https:\\\/\\\/pl.linkedin.com\\\/company\\\/natural-poland\",\"https:\\\/\\\/www.youtube.com\\\/channel\\\/UCgeGGkvOMahZo-xu_MSEWxg\"]}]}<\/script>\n<!-- \/ Yoast SEO plugin. -->","yoast_head_json":{"title":"Hidrolato de aciano - Distribuidor mayorista","description":"El hidrolato de aciano, tambi\u00e9n conocido como agua de aciano, es un recurso apreciado en cosmetolog\u00eda natural. Tiene propiedades antiinflamatorias.","robots":{"index":"index","follow":"follow","max-snippet":"max-snippet:-1","max-image-preview":"max-image-preview:large","max-video-preview":"max-video-preview:-1"},"canonical":"https:\/\/naturalpoland.com\/es\/productos\/productos-para-la-industria-cosmetica\/aguas-florales\/hidrolato-de-aciano\/","og_locale":"es_ES","og_type":"article","og_title":"Hidrolato de aciano - Distribuidor mayorista","og_description":"El hidrolato de aciano, tambi\u00e9n conocido como agua de aciano, es un recurso apreciado en cosmetolog\u00eda natural. Tiene propiedades antiinflamatorias.","og_url":"https:\/\/naturalpoland.com\/es\/productos\/productos-para-la-industria-cosmetica\/aguas-florales\/hidrolato-de-aciano\/","og_site_name":"NATURAL POLAND - Distribuidor Mayorista de Materias Primas","article_publisher":"https:\/\/www.facebook.com\/naturalpoland.b2b","og_image":[{"width":614,"height":614,"url":"https:\/\/naturalpoland.com\/wp-content\/uploads\/hydrolat-z-chabra.webp","type":"image\/webp"}],"schema":{"@context":"https:\/\/schema.org","@graph":[{"@type":"WebPage","@id":"https:\/\/naturalpoland.com\/es\/productos\/productos-para-la-industria-cosmetica\/aguas-florales\/hidrolato-de-aciano\/","url":"https:\/\/naturalpoland.com\/es\/productos\/productos-para-la-industria-cosmetica\/aguas-florales\/hidrolato-de-aciano\/","name":"Hidrolato de aciano - Distribuidor mayorista","isPartOf":{"@id":"https:\/\/naturalpoland.com\/es\/#website"},"primaryImageOfPage":{"@id":"https:\/\/naturalpoland.com\/es\/productos\/productos-para-la-industria-cosmetica\/aguas-florales\/hidrolato-de-aciano\/#primaryimage"},"image":{"@id":"https:\/\/naturalpoland.com\/es\/productos\/productos-para-la-industria-cosmetica\/aguas-florales\/hidrolato-de-aciano\/#primaryimage"},"thumbnailUrl":"https:\/\/naturalpoland.com\/wp-content\/uploads\/hydrolat-z-chabra.webp","datePublished":"2024-05-20T13:25:44+00:00","description":"El hidrolato de aciano, tambi\u00e9n conocido como agua de aciano, es un recurso apreciado en cosmetolog\u00eda natural. Tiene propiedades antiinflamatorias.","breadcrumb":{"@id":"https:\/\/naturalpoland.com\/es\/productos\/productos-para-la-industria-cosmetica\/aguas-florales\/hidrolato-de-aciano\/#breadcrumb"},"inLanguage":"es","potentialAction":[{"@type":"ReadAction","target":["https:\/\/naturalpoland.com\/es\/productos\/productos-para-la-industria-cosmetica\/aguas-florales\/hidrolato-de-aciano\/"]}]},{"@type":"ImageObject","inLanguage":"es","@id":"https:\/\/naturalpoland.com\/es\/productos\/productos-para-la-industria-cosmetica\/aguas-florales\/hidrolato-de-aciano\/#primaryimage","url":"https:\/\/naturalpoland.com\/wp-content\/uploads\/hydrolat-z-chabra.webp","contentUrl":"https:\/\/naturalpoland.com\/wp-content\/uploads\/hydrolat-z-chabra.webp","width":614,"height":614,"caption":"hydrolat z chabra"},{"@type":"BreadcrumbList","@id":"https:\/\/naturalpoland.com\/es\/productos\/productos-para-la-industria-cosmetica\/aguas-florales\/hidrolato-de-aciano\/#breadcrumb","itemListElement":[{"@type":"ListItem","position":1,"name":"Inicio","item":"https:\/\/naturalpoland.com\/es\/"},{"@type":"ListItem","position":2,"name":"Productos","item":"https:\/\/naturalpoland.com\/es\/productos\/"},{"@type":"ListItem","position":3,"name":"Hidrolato de aciano"}]},{"@type":"WebSite","@id":"https:\/\/naturalpoland.com\/es\/#website","url":"https:\/\/naturalpoland.com\/es\/","name":"NATURAL POLAND - Distribuidor Mayorista de Materias Primas","description":"Surowce dla przemys\u0142u spo\u017cywczego, kosmetycznego i farmaceutycznego","publisher":{"@id":"https:\/\/naturalpoland.com\/es\/#organization"},"potentialAction":[{"@type":"SearchAction","target":{"@type":"EntryPoint","urlTemplate":"https:\/\/naturalpoland.com\/es\/?s={search_term_string}"},"query-input":{"@type":"PropertyValueSpecification","valueRequired":true,"valueName":"search_term_string"}}],"inLanguage":"es"},{"@type":"Organization","@id":"https:\/\/naturalpoland.com\/es\/#organization","name":"Natural Poland","url":"https:\/\/naturalpoland.com\/es\/","logo":{"@type":"ImageObject","inLanguage":"es","@id":"https:\/\/naturalpoland.com\/es\/#\/schema\/logo\/image\/","url":"https:\/\/naturalpoland.com\/wp-content\/uploads\/2021\/05\/natural-poland-icon.png","contentUrl":"https:\/\/naturalpoland.com\/wp-content\/uploads\/2021\/05\/natural-poland-icon.png","width":512,"height":512,"caption":"Natural Poland"},"image":{"@id":"https:\/\/naturalpoland.com\/es\/#\/schema\/logo\/image\/"},"sameAs":["https:\/\/www.facebook.com\/naturalpoland.b2b","https:\/\/pl.linkedin.com\/company\/natural-poland","https:\/\/www.youtube.com\/channel\/UCgeGGkvOMahZo-xu_MSEWxg"]}]}},"_links":{"self":[{"href":"https:\/\/naturalpoland.com\/es\/wp-json\/wp\/v2\/product\/32357","targetHints":{"allow":["GET"]}}],"collection":[{"href":"https:\/\/naturalpoland.com\/es\/wp-json\/wp\/v2\/product"}],"about":[{"href":"https:\/\/naturalpoland.com\/es\/wp-json\/wp\/v2\/types\/product"}],"wp:featuredmedia":[{"embeddable":true,"href":"https:\/\/naturalpoland.com\/es\/wp-json\/wp\/v2\/media\/32311"}],"wp:attachment":[{"href":"https:\/\/naturalpoland.com\/es\/wp-json\/wp\/v2\/media?parent=32357"}],"wp:term":[{"taxonomy":"product_brand","embeddable":true,"href":"https:\/\/naturalpoland.com\/es\/wp-json\/wp\/v2\/product_brand?post=32357"},{"taxonomy":"product_cat","embeddable":true,"href":"https:\/\/naturalpoland.com\/es\/wp-json\/wp\/v2\/product_cat?post=32357"},{"taxonomy":"product_tag","embeddable":true,"href":"https:\/\/naturalpoland.com\/es\/wp-json\/wp\/v2\/product_tag?post=32357"}],"curies":[{"name":"wp","href":"https:\/\/api.w.org\/{rel}","templated":true}]}}