{"id":32668,"date":"2024-06-07T15:05:44","date_gmt":"2024-06-13T11:28:49","guid":{"rendered":"https:\/\/naturalpoland.com\/produkty\/sin categor\u00eda\/d-pantenol-75\/"},"modified":"2024-06-13T13:28:49","modified_gmt":"2024-06-13T11:28:49","slug":"d-pantenol-75","status":"publish","type":"product","link":"https:\/\/naturalpoland.com\/es\/productos\/productos-para-la-industria-farmaceutica-y-medica\/vitaminas\/d-pantenol-75\/","title":{"rendered":"D-pantenol 75%"},"content":{"rendered":"<h3>Propiedades del D-pantenol<\/h3>\n<p>La provitamina B5 es <strong>higrosc\u00f3pica<\/strong>, ya que tiene una capacidad \u00fanica para<strong> atraer y retener agua. <\/strong>Esto la convierte en un excelente hidratante. haciendo que la piel est\u00e9 m\u00e1s suave, flexible y tersa.<\/p>\n<p>La materia prima es muy <strong>estable qu\u00edmicamente<\/strong>. Conserva sus propiedades en diversas f\u00f3rmulas cosm\u00e9ticas, por lo que es una adici\u00f3n ideal a muchos productos para el cuidado de la piel.<\/p>\n<p>Gracias a su estructura molecular, el D-Pantenol penetra f\u00e1cilmente en profundidad en la piel y el pelo, aumentando su eficacia y garantizando resultados duraderos.<\/p>\n<h3>Efecto del D-pantenol<\/h3>\n<p>El D-pantenol act\u00faa como humectante, atrayendo agua a la piel y el cabello y ayudando a mantener los niveles de hidrataci\u00f3n. El uso regular de D-Pantenol previene la sequedad, mejora la textura de la piel y el cabello y les da un brillo saludable. En la piel, el D-pantenol se convierte en \u00e1cido pantot\u00e9nico, que favorece los procesos de regeneraci\u00f3n de las c\u00e9lulas cut\u00e1neas. Acelera la cicatrizaci\u00f3n de peque\u00f1as heridas, abrasiones e irritaciones, por lo que es un ingrediente indispensable en los productos calmantes y regeneradores.<\/p>\n<p>El D-pantenol tambi\u00e9n tiene un efecto suavizante y calmante. Se utiliza en productos para pieles sensibles, irritadas y propensas a las alergias. Ayuda a reducir el enrojecimiento y alivia la irritaci\u00f3n.<\/p>\n<p>El uso regular de D-Pantenol puede mejorar significativamente la elasticidad de la piel, reduciendo la sensaci\u00f3n de sequedad y aspereza. La piel se vuelve m\u00e1s firme y resistente a los da\u00f1os.<\/p>\n<p>En los cosm\u00e9ticos capilares, el D-pantenol tiene un efecto fortalecedor, mejorando la estructura del cabello, aumentando su elasticidad y resistencia a los da\u00f1os mec\u00e1nicos. El pelo se vuelve m\u00e1s brillante, m\u00e1s fuerte y menos propenso a la rotura.<\/p>\n<h3>Aplicaci\u00f3n del D-pantenol<\/h3>\n<p><strong>Cosm\u00e9ticos para el cuidado de la piel<\/strong><\/p>\n<p>Cremas, lociones, sueros, ung\u00fcentos calmantes: el D-pantenol es un ingrediente que funciona bien en todos estos productos, gracias a sus vers\u00e1tiles propiedades hidratantes y regeneradoras.<\/p>\n<p><strong>Cosm\u00e9ticos capilares<\/strong><\/p>\n<p>Champ\u00fas, acondicionadores, mascarillas capilares &#8211; El D-pantenol fortalece el cabello, mejora su estructura y le da un brillo saludable, por lo que se utiliza mucho en los productos para el cuidado del cabello.<\/p>\n<p><strong>Productos para despu\u00e9s del sol<\/strong><\/p>\n<p>El D-pantenol alivia las quemaduras solares y favorece la regeneraci\u00f3n de la piel, por lo que suele a\u00f1adirse a los productos para despu\u00e9s del sol.<\/p>\n<p><strong>Productos para ni\u00f1os<\/strong><\/p>\n<p>Cremas para la dermatitis del pa\u00f1al, pomadas calmantes para el pa\u00f1al &#8211; El D-pantenol es un ingrediente seguro y eficaz, por lo que es ideal para su uso en productos para beb\u00e9s.<\/p>\n<h3>Seguridad<\/h3>\n<p>Es un ingrediente bien tolerado por la mayor\u00eda de tipos de piel y cabello. Gracias a sus propiedades vers\u00e1tiles, los dermat\u00f3logos y cosmet\u00f3logos lo recomiendan como ingrediente seguro y eficaz.<\/p>\n","protected":false},"excerpt":{"rendered":"<p><strong>El D-pantenol<\/strong>, tambi\u00e9n conocido como <strong>provitamina B5<\/strong>, es un ingrediente clave muy utilizado en cosm\u00e9ticos y productos para el cuidado de la piel y el cabello. Esta forma estable y alcoh\u00f3lica del \u00e1cido pantot\u00e9nico penetra f\u00e1cilmente en la piel y el cabello, donde se convierte en su forma activa, el \u00e1cido pantot\u00e9nico (vitamina B5).<\/p>\n<h3><\/h3>\n","protected":false},"featured_media":32592,"template":"","meta":[],"product_brand":[],"product_cat":[1068,1078],"product_tag":[],"class_list":{"0":"post-32668","1":"product","2":"type-product","3":"status-publish","4":"has-post-thumbnail","6":"product_cat-materias-primas-para-cosmeticos","7":"product_cat-vitaminas","8":"pa_grupa-substancji-alcoholes","10":"first","11":"instock","12":"shipping-taxable","13":"product-type-simple"},"yoast_head":"<!-- This site is optimized with the Yoast SEO plugin v27.3 - https:\/\/yoast.com\/product\/yoast-seo-wordpress\/ -->\n<title>D-pantenol 75% - NATURAL POLAND - Distribuidor Mayorista de Materias Primas<\/title>\n<meta name=\"description\" content=\"El D-pantenol 75% es un ingrediente indispensable en la cosm\u00e9tica moderna, con efectos hidratantes, regeneradores y calmantes.\" \/>\n<meta name=\"robots\" content=\"index, follow, max-snippet:-1, max-image-preview:large, max-video-preview:-1\" \/>\n<link rel=\"canonical\" href=\"https:\/\/naturalpoland.com\/es\/productos\/productos-para-la-industria-farmaceutica-y-medica\/vitaminas\/d-pantenol-75\/\" \/>\n<meta property=\"og:locale\" content=\"es_ES\" \/>\n<meta property=\"og:type\" content=\"article\" \/>\n<meta property=\"og:title\" content=\"D-pantenol 75% - NATURAL POLAND - Distribuidor Mayorista de Materias Primas\" \/>\n<meta property=\"og:description\" content=\"El D-pantenol 75% es un ingrediente indispensable en la cosm\u00e9tica moderna, con efectos hidratantes, regeneradores y calmantes.\" \/>\n<meta property=\"og:url\" content=\"https:\/\/naturalpoland.com\/es\/productos\/productos-para-la-industria-farmaceutica-y-medica\/vitaminas\/d-pantenol-75\/\" \/>\n<meta property=\"og:site_name\" content=\"NATURAL POLAND - Distribuidor Mayorista de Materias Primas\" \/>\n<meta property=\"article:publisher\" content=\"https:\/\/www.facebook.com\/naturalpoland.b2b\" \/>\n<meta property=\"og:image\" content=\"https:\/\/naturalpoland.com\/wp-content\/uploads\/dpanthenol.webp\" \/>\n\t<meta property=\"og:image:width\" content=\"607\" \/>\n\t<meta property=\"og:image:height\" content=\"607\" \/>\n\t<meta property=\"og:image:type\" content=\"image\/webp\" \/>\n<script type=\"application\/ld+json\" class=\"yoast-schema-graph\">{\"@context\":\"https:\\\/\\\/schema.org\",\"@graph\":[{\"@type\":\"WebPage\",\"@id\":\"https:\\\/\\\/naturalpoland.com\\\/es\\\/productos\\\/productos-para-la-industria-farmaceutica-y-medica\\\/vitaminas\\\/d-pantenol-75\\\/\",\"url\":\"https:\\\/\\\/naturalpoland.com\\\/es\\\/productos\\\/productos-para-la-industria-farmaceutica-y-medica\\\/vitaminas\\\/d-pantenol-75\\\/\",\"name\":\"D-pantenol 75% - NATURAL POLAND - Distribuidor Mayorista de Materias Primas\",\"isPartOf\":{\"@id\":\"https:\\\/\\\/naturalpoland.com\\\/es\\\/#website\"},\"primaryImageOfPage\":{\"@id\":\"https:\\\/\\\/naturalpoland.com\\\/es\\\/productos\\\/productos-para-la-industria-farmaceutica-y-medica\\\/vitaminas\\\/d-pantenol-75\\\/#primaryimage\"},\"image\":{\"@id\":\"https:\\\/\\\/naturalpoland.com\\\/es\\\/productos\\\/productos-para-la-industria-farmaceutica-y-medica\\\/vitaminas\\\/d-pantenol-75\\\/#primaryimage\"},\"thumbnailUrl\":\"https:\\\/\\\/naturalpoland.com\\\/wp-content\\\/uploads\\\/dpanthenol.webp\",\"datePublished\":\"2024-06-13T11:28:49+00:00\",\"description\":\"El D-pantenol 75% es un ingrediente indispensable en la cosm\u00e9tica moderna, con efectos hidratantes, regeneradores y calmantes.\",\"breadcrumb\":{\"@id\":\"https:\\\/\\\/naturalpoland.com\\\/es\\\/productos\\\/productos-para-la-industria-farmaceutica-y-medica\\\/vitaminas\\\/d-pantenol-75\\\/#breadcrumb\"},\"inLanguage\":\"es\",\"potentialAction\":[{\"@type\":\"ReadAction\",\"target\":[\"https:\\\/\\\/naturalpoland.com\\\/es\\\/productos\\\/productos-para-la-industria-farmaceutica-y-medica\\\/vitaminas\\\/d-pantenol-75\\\/\"]}]},{\"@type\":\"ImageObject\",\"inLanguage\":\"es\",\"@id\":\"https:\\\/\\\/naturalpoland.com\\\/es\\\/productos\\\/productos-para-la-industria-farmaceutica-y-medica\\\/vitaminas\\\/d-pantenol-75\\\/#primaryimage\",\"url\":\"https:\\\/\\\/naturalpoland.com\\\/wp-content\\\/uploads\\\/dpanthenol.webp\",\"contentUrl\":\"https:\\\/\\\/naturalpoland.com\\\/wp-content\\\/uploads\\\/dpanthenol.webp\",\"width\":607,\"height\":607,\"caption\":\"d-panthenol\"},{\"@type\":\"BreadcrumbList\",\"@id\":\"https:\\\/\\\/naturalpoland.com\\\/es\\\/productos\\\/productos-para-la-industria-farmaceutica-y-medica\\\/vitaminas\\\/d-pantenol-75\\\/#breadcrumb\",\"itemListElement\":[{\"@type\":\"ListItem\",\"position\":1,\"name\":\"Inicio\",\"item\":\"https:\\\/\\\/naturalpoland.com\\\/es\\\/\"},{\"@type\":\"ListItem\",\"position\":2,\"name\":\"Productos\",\"item\":\"https:\\\/\\\/naturalpoland.com\\\/es\\\/productos\\\/\"},{\"@type\":\"ListItem\",\"position\":3,\"name\":\"D-pantenol 75%\"}]},{\"@type\":\"WebSite\",\"@id\":\"https:\\\/\\\/naturalpoland.com\\\/es\\\/#website\",\"url\":\"https:\\\/\\\/naturalpoland.com\\\/es\\\/\",\"name\":\"NATURAL POLAND - Distribuidor Mayorista de Materias Primas\",\"description\":\"Surowce dla przemys\u0142u spo\u017cywczego, kosmetycznego i farmaceutycznego\",\"publisher\":{\"@id\":\"https:\\\/\\\/naturalpoland.com\\\/es\\\/#organization\"},\"potentialAction\":[{\"@type\":\"SearchAction\",\"target\":{\"@type\":\"EntryPoint\",\"urlTemplate\":\"https:\\\/\\\/naturalpoland.com\\\/es\\\/?s={search_term_string}\"},\"query-input\":{\"@type\":\"PropertyValueSpecification\",\"valueRequired\":true,\"valueName\":\"search_term_string\"}}],\"inLanguage\":\"es\"},{\"@type\":\"Organization\",\"@id\":\"https:\\\/\\\/naturalpoland.com\\\/es\\\/#organization\",\"name\":\"Natural Poland\",\"url\":\"https:\\\/\\\/naturalpoland.com\\\/es\\\/\",\"logo\":{\"@type\":\"ImageObject\",\"inLanguage\":\"es\",\"@id\":\"https:\\\/\\\/naturalpoland.com\\\/es\\\/#\\\/schema\\\/logo\\\/image\\\/\",\"url\":\"https:\\\/\\\/naturalpoland.com\\\/wp-content\\\/uploads\\\/2021\\\/05\\\/natural-poland-icon.png\",\"contentUrl\":\"https:\\\/\\\/naturalpoland.com\\\/wp-content\\\/uploads\\\/2021\\\/05\\\/natural-poland-icon.png\",\"width\":512,\"height\":512,\"caption\":\"Natural Poland\"},\"image\":{\"@id\":\"https:\\\/\\\/naturalpoland.com\\\/es\\\/#\\\/schema\\\/logo\\\/image\\\/\"},\"sameAs\":[\"https:\\\/\\\/www.facebook.com\\\/naturalpoland.b2b\",\"https:\\\/\\\/pl.linkedin.com\\\/company\\\/natural-poland\",\"https:\\\/\\\/www.youtube.com\\\/channel\\\/UCgeGGkvOMahZo-xu_MSEWxg\"]}]}<\/script>\n<!-- \/ Yoast SEO plugin. -->","yoast_head_json":{"title":"D-pantenol 75% - NATURAL POLAND - Distribuidor Mayorista de Materias Primas","description":"El D-pantenol 75% es un ingrediente indispensable en la cosm\u00e9tica moderna, con efectos hidratantes, regeneradores y calmantes.","robots":{"index":"index","follow":"follow","max-snippet":"max-snippet:-1","max-image-preview":"max-image-preview:large","max-video-preview":"max-video-preview:-1"},"canonical":"https:\/\/naturalpoland.com\/es\/productos\/productos-para-la-industria-farmaceutica-y-medica\/vitaminas\/d-pantenol-75\/","og_locale":"es_ES","og_type":"article","og_title":"D-pantenol 75% - NATURAL POLAND - Distribuidor Mayorista de Materias Primas","og_description":"El D-pantenol 75% es un ingrediente indispensable en la cosm\u00e9tica moderna, con efectos hidratantes, regeneradores y calmantes.","og_url":"https:\/\/naturalpoland.com\/es\/productos\/productos-para-la-industria-farmaceutica-y-medica\/vitaminas\/d-pantenol-75\/","og_site_name":"NATURAL POLAND - Distribuidor Mayorista de Materias Primas","article_publisher":"https:\/\/www.facebook.com\/naturalpoland.b2b","og_image":[{"width":607,"height":607,"url":"https:\/\/naturalpoland.com\/wp-content\/uploads\/dpanthenol.webp","type":"image\/webp"}],"schema":{"@context":"https:\/\/schema.org","@graph":[{"@type":"WebPage","@id":"https:\/\/naturalpoland.com\/es\/productos\/productos-para-la-industria-farmaceutica-y-medica\/vitaminas\/d-pantenol-75\/","url":"https:\/\/naturalpoland.com\/es\/productos\/productos-para-la-industria-farmaceutica-y-medica\/vitaminas\/d-pantenol-75\/","name":"D-pantenol 75% - NATURAL POLAND - Distribuidor Mayorista de Materias Primas","isPartOf":{"@id":"https:\/\/naturalpoland.com\/es\/#website"},"primaryImageOfPage":{"@id":"https:\/\/naturalpoland.com\/es\/productos\/productos-para-la-industria-farmaceutica-y-medica\/vitaminas\/d-pantenol-75\/#primaryimage"},"image":{"@id":"https:\/\/naturalpoland.com\/es\/productos\/productos-para-la-industria-farmaceutica-y-medica\/vitaminas\/d-pantenol-75\/#primaryimage"},"thumbnailUrl":"https:\/\/naturalpoland.com\/wp-content\/uploads\/dpanthenol.webp","datePublished":"2024-06-13T11:28:49+00:00","description":"El D-pantenol 75% es un ingrediente indispensable en la cosm\u00e9tica moderna, con efectos hidratantes, regeneradores y calmantes.","breadcrumb":{"@id":"https:\/\/naturalpoland.com\/es\/productos\/productos-para-la-industria-farmaceutica-y-medica\/vitaminas\/d-pantenol-75\/#breadcrumb"},"inLanguage":"es","potentialAction":[{"@type":"ReadAction","target":["https:\/\/naturalpoland.com\/es\/productos\/productos-para-la-industria-farmaceutica-y-medica\/vitaminas\/d-pantenol-75\/"]}]},{"@type":"ImageObject","inLanguage":"es","@id":"https:\/\/naturalpoland.com\/es\/productos\/productos-para-la-industria-farmaceutica-y-medica\/vitaminas\/d-pantenol-75\/#primaryimage","url":"https:\/\/naturalpoland.com\/wp-content\/uploads\/dpanthenol.webp","contentUrl":"https:\/\/naturalpoland.com\/wp-content\/uploads\/dpanthenol.webp","width":607,"height":607,"caption":"d-panthenol"},{"@type":"BreadcrumbList","@id":"https:\/\/naturalpoland.com\/es\/productos\/productos-para-la-industria-farmaceutica-y-medica\/vitaminas\/d-pantenol-75\/#breadcrumb","itemListElement":[{"@type":"ListItem","position":1,"name":"Inicio","item":"https:\/\/naturalpoland.com\/es\/"},{"@type":"ListItem","position":2,"name":"Productos","item":"https:\/\/naturalpoland.com\/es\/productos\/"},{"@type":"ListItem","position":3,"name":"D-pantenol 75%"}]},{"@type":"WebSite","@id":"https:\/\/naturalpoland.com\/es\/#website","url":"https:\/\/naturalpoland.com\/es\/","name":"NATURAL POLAND - Distribuidor Mayorista de Materias Primas","description":"Surowce dla przemys\u0142u spo\u017cywczego, kosmetycznego i farmaceutycznego","publisher":{"@id":"https:\/\/naturalpoland.com\/es\/#organization"},"potentialAction":[{"@type":"SearchAction","target":{"@type":"EntryPoint","urlTemplate":"https:\/\/naturalpoland.com\/es\/?s={search_term_string}"},"query-input":{"@type":"PropertyValueSpecification","valueRequired":true,"valueName":"search_term_string"}}],"inLanguage":"es"},{"@type":"Organization","@id":"https:\/\/naturalpoland.com\/es\/#organization","name":"Natural Poland","url":"https:\/\/naturalpoland.com\/es\/","logo":{"@type":"ImageObject","inLanguage":"es","@id":"https:\/\/naturalpoland.com\/es\/#\/schema\/logo\/image\/","url":"https:\/\/naturalpoland.com\/wp-content\/uploads\/2021\/05\/natural-poland-icon.png","contentUrl":"https:\/\/naturalpoland.com\/wp-content\/uploads\/2021\/05\/natural-poland-icon.png","width":512,"height":512,"caption":"Natural Poland"},"image":{"@id":"https:\/\/naturalpoland.com\/es\/#\/schema\/logo\/image\/"},"sameAs":["https:\/\/www.facebook.com\/naturalpoland.b2b","https:\/\/pl.linkedin.com\/company\/natural-poland","https:\/\/www.youtube.com\/channel\/UCgeGGkvOMahZo-xu_MSEWxg"]}]}},"_links":{"self":[{"href":"https:\/\/naturalpoland.com\/es\/wp-json\/wp\/v2\/product\/32668","targetHints":{"allow":["GET"]}}],"collection":[{"href":"https:\/\/naturalpoland.com\/es\/wp-json\/wp\/v2\/product"}],"about":[{"href":"https:\/\/naturalpoland.com\/es\/wp-json\/wp\/v2\/types\/product"}],"wp:featuredmedia":[{"embeddable":true,"href":"https:\/\/naturalpoland.com\/es\/wp-json\/wp\/v2\/media\/32592"}],"wp:attachment":[{"href":"https:\/\/naturalpoland.com\/es\/wp-json\/wp\/v2\/media?parent=32668"}],"wp:term":[{"taxonomy":"product_brand","embeddable":true,"href":"https:\/\/naturalpoland.com\/es\/wp-json\/wp\/v2\/product_brand?post=32668"},{"taxonomy":"product_cat","embeddable":true,"href":"https:\/\/naturalpoland.com\/es\/wp-json\/wp\/v2\/product_cat?post=32668"},{"taxonomy":"product_tag","embeddable":true,"href":"https:\/\/naturalpoland.com\/es\/wp-json\/wp\/v2\/product_tag?post=32668"}],"curies":[{"name":"wp","href":"https:\/\/api.w.org\/{rel}","templated":true}]}}