{"id":32792,"date":"2024-06-21T12:54:26","date_gmt":"2024-06-21T11:27:34","guid":{"rendered":"https:\/\/naturalpoland.com\/produkty\/sin categor\u00eda\/aceite-de-semillas-de-melon-kalahari\/"},"modified":"2024-06-21T13:27:34","modified_gmt":"2024-06-21T11:27:34","slug":"aceite-de-semillas-de-melon-kalahari","status":"publish","type":"product","link":"https:\/\/naturalpoland.com\/es\/productos\/productos-para-la-industria-cosmetica\/aceites-cosmeticos\/aceite-de-semillas-de-melon-kalahari\/","title":{"rendered":"Aceite de semilla de mel\u00f3n de Kalahari"},"content":{"rendered":"<p>El aceite de semillas de mel\u00f3n de Kalahari es un ingrediente cosm\u00e9tico vers\u00e1til con excelentes propiedades hidratantes y regeneradoras. Tiene una textura ligera y se absorbe r\u00e1pidamente.<\/p>\n<h2>Propiedades del aceite de semilla de mel\u00f3n de Kalahari<\/h2>\n<p>El aceite de semilla de mel\u00f3n de Kalahari es rico en \u00e1cidos grasos esenciales, como <strong>el \u00e1cido linoleico<\/strong> y el <strong>\u00e1cido oleico<\/strong>. Son fundamentales para mantener la salud de la piel, ya que ayudan a <strong>hidratarla<\/strong> y <strong>nutrirla<\/strong>, dej\u00e1ndola suave y flexible. La textura ligera de este aceite hace que el producto se absorba r\u00e1pidamente sin dejar una pel\u00edcula grasa sobre la piel.<\/p>\n<p>Por sus <strong>propiedades regeneradoras<\/strong>, est\u00e1 especialmente recomendado para pieles secas, sensibles y maduras. En cambio, el contenido en antioxidantes como la <strong><br \/>\n  <a href=\"https:\/\/naturalpoland.com\/produkty\/produkty-dla-przemyslu-kosmetycznego\/surowce-kosmetyczne\/witamina-e\/\">vitamina E<\/a><br \/>\n<\/strong>hace que este aceite proteja la piel de los da\u00f1os causados por los radicales libres y la radiaci\u00f3n UV. Tambi\u00e9n favorece los procesos regenerativos naturales de la piel, acelerando la cicatrizaci\u00f3n de peque\u00f1as heridas e irritaciones.<\/p>\n<h2>Aplicaci\u00f3n<\/h2>\n<p>El aceite de semillas de mel\u00f3n de Kalahari se utiliza en<strong> cremas hidratantes<\/strong>,<strong> lociones corporales<\/strong>, <strong>sueros<\/strong> y <strong>aceites de masaje<\/strong>. Tambi\u00e9n es un ingrediente excelente en <strong>acondicionadores y mascarillas capilares<\/strong>, ya que ayuda a hidratar y nutrir el cabello seco y da\u00f1ado.<\/p>\n","protected":false},"excerpt":{"rendered":"<p>El<em>aceite<\/em> de semilla de mel\u00f3n de Kalahari<em>(aceite de semilla de Citrullus lanatus<\/em>) se obtiene prensando en fr\u00edo las semillas del mel\u00f3n de Kalahari. El aceite se utiliza en cosm\u00e9tica y farmacia. Es apreciado por su ligereza y capacidad de absorci\u00f3n r\u00e1pida.<\/p>\n<p>&nbsp;<\/p>\n","protected":false},"featured_media":32789,"template":"","meta":{"_acf_changed":false},"product_brand":[],"product_cat":[1069],"product_tag":[],"class_list":{"0":"post-32792","1":"product","2":"type-product","3":"status-publish","4":"has-post-thumbnail","6":"product_cat-aceites-cosmeticos","7":"pa_grupa-substancji-aceites-base","8":"pa_metoda-pozyskiwania-prensado-en-frio","10":"first","11":"instock","12":"shipping-taxable","13":"product-type-simple"},"acf":[],"yoast_head":"<!-- This site is optimized with the Yoast SEO plugin v27.4 - https:\/\/yoast.com\/product\/yoast-seo-wordpress\/ -->\n<title>Aceite de semilla de mel\u00f3n de Kalahari - NATURAL POLAND - Distribuidor Mayorista de Materias Primas<\/title>\n<meta name=\"description\" content=\"El aceite de semillas de mel\u00f3n de Kalahari es un ingrediente cosm\u00e9tico vers\u00e1til con excelentes propiedades hidratantes y regeneradoras.\" \/>\n<meta name=\"robots\" content=\"index, follow, max-snippet:-1, max-image-preview:large, max-video-preview:-1\" \/>\n<link rel=\"canonical\" href=\"https:\/\/naturalpoland.com\/es\/productos\/productos-para-la-industria-cosmetica\/aceites-cosmeticos\/aceite-de-semillas-de-melon-kalahari\/\" \/>\n<meta property=\"og:locale\" content=\"es_ES\" \/>\n<meta property=\"og:type\" content=\"article\" \/>\n<meta property=\"og:title\" content=\"Aceite de semilla de mel\u00f3n de Kalahari - NATURAL POLAND - Distribuidor Mayorista de Materias Primas\" \/>\n<meta property=\"og:description\" content=\"El aceite de semillas de mel\u00f3n de Kalahari es un ingrediente cosm\u00e9tico vers\u00e1til con excelentes propiedades hidratantes y regeneradoras.\" \/>\n<meta property=\"og:url\" content=\"https:\/\/naturalpoland.com\/es\/productos\/productos-para-la-industria-cosmetica\/aceites-cosmeticos\/aceite-de-semillas-de-melon-kalahari\/\" \/>\n<meta property=\"og:site_name\" content=\"NATURAL POLAND - Distribuidor Mayorista de Materias Primas\" \/>\n<meta property=\"article:publisher\" content=\"https:\/\/www.facebook.com\/naturalpoland.b2b\" \/>\n<meta property=\"og:image\" content=\"https:\/\/naturalpoland.com\/wp-content\/uploads\/olej-z-nasion-melona-kalahari.webp\" \/>\n\t<meta property=\"og:image:width\" content=\"609\" \/>\n\t<meta property=\"og:image:height\" content=\"609\" \/>\n\t<meta property=\"og:image:type\" content=\"image\/webp\" \/>\n<script type=\"application\/ld+json\" class=\"yoast-schema-graph\">{\"@context\":\"https:\\\/\\\/schema.org\",\"@graph\":[{\"@type\":\"WebPage\",\"@id\":\"https:\\\/\\\/naturalpoland.com\\\/es\\\/productos\\\/productos-para-la-industria-cosmetica\\\/aceites-cosmeticos\\\/aceite-de-semillas-de-melon-kalahari\\\/\",\"url\":\"https:\\\/\\\/naturalpoland.com\\\/es\\\/productos\\\/productos-para-la-industria-cosmetica\\\/aceites-cosmeticos\\\/aceite-de-semillas-de-melon-kalahari\\\/\",\"name\":\"Aceite de semilla de mel\u00f3n de Kalahari - NATURAL POLAND - Distribuidor Mayorista de Materias Primas\",\"isPartOf\":{\"@id\":\"https:\\\/\\\/naturalpoland.com\\\/es\\\/#website\"},\"primaryImageOfPage\":{\"@id\":\"https:\\\/\\\/naturalpoland.com\\\/es\\\/productos\\\/productos-para-la-industria-cosmetica\\\/aceites-cosmeticos\\\/aceite-de-semillas-de-melon-kalahari\\\/#primaryimage\"},\"image\":{\"@id\":\"https:\\\/\\\/naturalpoland.com\\\/es\\\/productos\\\/productos-para-la-industria-cosmetica\\\/aceites-cosmeticos\\\/aceite-de-semillas-de-melon-kalahari\\\/#primaryimage\"},\"thumbnailUrl\":\"https:\\\/\\\/naturalpoland.com\\\/wp-content\\\/uploads\\\/olej-z-nasion-melona-kalahari.webp\",\"datePublished\":\"2024-06-21T11:27:34+00:00\",\"description\":\"El aceite de semillas de mel\u00f3n de Kalahari es un ingrediente cosm\u00e9tico vers\u00e1til con excelentes propiedades hidratantes y regeneradoras.\",\"breadcrumb\":{\"@id\":\"https:\\\/\\\/naturalpoland.com\\\/es\\\/productos\\\/productos-para-la-industria-cosmetica\\\/aceites-cosmeticos\\\/aceite-de-semillas-de-melon-kalahari\\\/#breadcrumb\"},\"inLanguage\":\"es\",\"potentialAction\":[{\"@type\":\"ReadAction\",\"target\":[\"https:\\\/\\\/naturalpoland.com\\\/es\\\/productos\\\/productos-para-la-industria-cosmetica\\\/aceites-cosmeticos\\\/aceite-de-semillas-de-melon-kalahari\\\/\"]}]},{\"@type\":\"ImageObject\",\"inLanguage\":\"es\",\"@id\":\"https:\\\/\\\/naturalpoland.com\\\/es\\\/productos\\\/productos-para-la-industria-cosmetica\\\/aceites-cosmeticos\\\/aceite-de-semillas-de-melon-kalahari\\\/#primaryimage\",\"url\":\"https:\\\/\\\/naturalpoland.com\\\/wp-content\\\/uploads\\\/olej-z-nasion-melona-kalahari.webp\",\"contentUrl\":\"https:\\\/\\\/naturalpoland.com\\\/wp-content\\\/uploads\\\/olej-z-nasion-melona-kalahari.webp\",\"width\":609,\"height\":609,\"caption\":\"Olej z nasion melona Kalahari\"},{\"@type\":\"BreadcrumbList\",\"@id\":\"https:\\\/\\\/naturalpoland.com\\\/es\\\/productos\\\/productos-para-la-industria-cosmetica\\\/aceites-cosmeticos\\\/aceite-de-semillas-de-melon-kalahari\\\/#breadcrumb\",\"itemListElement\":[{\"@type\":\"ListItem\",\"position\":1,\"name\":\"Inicio\",\"item\":\"https:\\\/\\\/naturalpoland.com\\\/es\\\/\"},{\"@type\":\"ListItem\",\"position\":2,\"name\":\"Productos\",\"item\":\"https:\\\/\\\/naturalpoland.com\\\/es\\\/productos\\\/\"},{\"@type\":\"ListItem\",\"position\":3,\"name\":\"Aceite de semilla de mel\u00f3n de Kalahari\"}]},{\"@type\":\"WebSite\",\"@id\":\"https:\\\/\\\/naturalpoland.com\\\/es\\\/#website\",\"url\":\"https:\\\/\\\/naturalpoland.com\\\/es\\\/\",\"name\":\"NATURAL POLAND - Distribuidor Mayorista de Materias Primas\",\"description\":\"Surowce dla przemys\u0142u spo\u017cywczego, kosmetycznego i farmaceutycznego\",\"publisher\":{\"@id\":\"https:\\\/\\\/naturalpoland.com\\\/es\\\/#organization\"},\"potentialAction\":[{\"@type\":\"SearchAction\",\"target\":{\"@type\":\"EntryPoint\",\"urlTemplate\":\"https:\\\/\\\/naturalpoland.com\\\/es\\\/?s={search_term_string}\"},\"query-input\":{\"@type\":\"PropertyValueSpecification\",\"valueRequired\":true,\"valueName\":\"search_term_string\"}}],\"inLanguage\":\"es\"},{\"@type\":\"Organization\",\"@id\":\"https:\\\/\\\/naturalpoland.com\\\/es\\\/#organization\",\"name\":\"Natural Poland\",\"url\":\"https:\\\/\\\/naturalpoland.com\\\/es\\\/\",\"logo\":{\"@type\":\"ImageObject\",\"inLanguage\":\"es\",\"@id\":\"https:\\\/\\\/naturalpoland.com\\\/es\\\/#\\\/schema\\\/logo\\\/image\\\/\",\"url\":\"https:\\\/\\\/naturalpoland.com\\\/wp-content\\\/uploads\\\/2021\\\/05\\\/natural-poland-icon.png\",\"contentUrl\":\"https:\\\/\\\/naturalpoland.com\\\/wp-content\\\/uploads\\\/2021\\\/05\\\/natural-poland-icon.png\",\"width\":512,\"height\":512,\"caption\":\"Natural Poland\"},\"image\":{\"@id\":\"https:\\\/\\\/naturalpoland.com\\\/es\\\/#\\\/schema\\\/logo\\\/image\\\/\"},\"sameAs\":[\"https:\\\/\\\/www.facebook.com\\\/naturalpoland.b2b\",\"https:\\\/\\\/pl.linkedin.com\\\/company\\\/natural-poland\",\"https:\\\/\\\/www.youtube.com\\\/channel\\\/UCgeGGkvOMahZo-xu_MSEWxg\"]}]}<\/script>\n<!-- \/ Yoast SEO plugin. -->","yoast_head_json":{"title":"Aceite de semilla de mel\u00f3n de Kalahari - NATURAL POLAND - Distribuidor Mayorista de Materias Primas","description":"El aceite de semillas de mel\u00f3n de Kalahari es un ingrediente cosm\u00e9tico vers\u00e1til con excelentes propiedades hidratantes y regeneradoras.","robots":{"index":"index","follow":"follow","max-snippet":"max-snippet:-1","max-image-preview":"max-image-preview:large","max-video-preview":"max-video-preview:-1"},"canonical":"https:\/\/naturalpoland.com\/es\/productos\/productos-para-la-industria-cosmetica\/aceites-cosmeticos\/aceite-de-semillas-de-melon-kalahari\/","og_locale":"es_ES","og_type":"article","og_title":"Aceite de semilla de mel\u00f3n de Kalahari - NATURAL POLAND - Distribuidor Mayorista de Materias Primas","og_description":"El aceite de semillas de mel\u00f3n de Kalahari es un ingrediente cosm\u00e9tico vers\u00e1til con excelentes propiedades hidratantes y regeneradoras.","og_url":"https:\/\/naturalpoland.com\/es\/productos\/productos-para-la-industria-cosmetica\/aceites-cosmeticos\/aceite-de-semillas-de-melon-kalahari\/","og_site_name":"NATURAL POLAND - Distribuidor Mayorista de Materias Primas","article_publisher":"https:\/\/www.facebook.com\/naturalpoland.b2b","og_image":[{"width":609,"height":609,"url":"https:\/\/naturalpoland.com\/wp-content\/uploads\/olej-z-nasion-melona-kalahari.webp","type":"image\/webp"}],"schema":{"@context":"https:\/\/schema.org","@graph":[{"@type":"WebPage","@id":"https:\/\/naturalpoland.com\/es\/productos\/productos-para-la-industria-cosmetica\/aceites-cosmeticos\/aceite-de-semillas-de-melon-kalahari\/","url":"https:\/\/naturalpoland.com\/es\/productos\/productos-para-la-industria-cosmetica\/aceites-cosmeticos\/aceite-de-semillas-de-melon-kalahari\/","name":"Aceite de semilla de mel\u00f3n de Kalahari - NATURAL POLAND - Distribuidor Mayorista de Materias Primas","isPartOf":{"@id":"https:\/\/naturalpoland.com\/es\/#website"},"primaryImageOfPage":{"@id":"https:\/\/naturalpoland.com\/es\/productos\/productos-para-la-industria-cosmetica\/aceites-cosmeticos\/aceite-de-semillas-de-melon-kalahari\/#primaryimage"},"image":{"@id":"https:\/\/naturalpoland.com\/es\/productos\/productos-para-la-industria-cosmetica\/aceites-cosmeticos\/aceite-de-semillas-de-melon-kalahari\/#primaryimage"},"thumbnailUrl":"https:\/\/naturalpoland.com\/wp-content\/uploads\/olej-z-nasion-melona-kalahari.webp","datePublished":"2024-06-21T11:27:34+00:00","description":"El aceite de semillas de mel\u00f3n de Kalahari es un ingrediente cosm\u00e9tico vers\u00e1til con excelentes propiedades hidratantes y regeneradoras.","breadcrumb":{"@id":"https:\/\/naturalpoland.com\/es\/productos\/productos-para-la-industria-cosmetica\/aceites-cosmeticos\/aceite-de-semillas-de-melon-kalahari\/#breadcrumb"},"inLanguage":"es","potentialAction":[{"@type":"ReadAction","target":["https:\/\/naturalpoland.com\/es\/productos\/productos-para-la-industria-cosmetica\/aceites-cosmeticos\/aceite-de-semillas-de-melon-kalahari\/"]}]},{"@type":"ImageObject","inLanguage":"es","@id":"https:\/\/naturalpoland.com\/es\/productos\/productos-para-la-industria-cosmetica\/aceites-cosmeticos\/aceite-de-semillas-de-melon-kalahari\/#primaryimage","url":"https:\/\/naturalpoland.com\/wp-content\/uploads\/olej-z-nasion-melona-kalahari.webp","contentUrl":"https:\/\/naturalpoland.com\/wp-content\/uploads\/olej-z-nasion-melona-kalahari.webp","width":609,"height":609,"caption":"Olej z nasion melona Kalahari"},{"@type":"BreadcrumbList","@id":"https:\/\/naturalpoland.com\/es\/productos\/productos-para-la-industria-cosmetica\/aceites-cosmeticos\/aceite-de-semillas-de-melon-kalahari\/#breadcrumb","itemListElement":[{"@type":"ListItem","position":1,"name":"Inicio","item":"https:\/\/naturalpoland.com\/es\/"},{"@type":"ListItem","position":2,"name":"Productos","item":"https:\/\/naturalpoland.com\/es\/productos\/"},{"@type":"ListItem","position":3,"name":"Aceite de semilla de mel\u00f3n de Kalahari"}]},{"@type":"WebSite","@id":"https:\/\/naturalpoland.com\/es\/#website","url":"https:\/\/naturalpoland.com\/es\/","name":"NATURAL POLAND - Distribuidor Mayorista de Materias Primas","description":"Surowce dla przemys\u0142u spo\u017cywczego, kosmetycznego i farmaceutycznego","publisher":{"@id":"https:\/\/naturalpoland.com\/es\/#organization"},"potentialAction":[{"@type":"SearchAction","target":{"@type":"EntryPoint","urlTemplate":"https:\/\/naturalpoland.com\/es\/?s={search_term_string}"},"query-input":{"@type":"PropertyValueSpecification","valueRequired":true,"valueName":"search_term_string"}}],"inLanguage":"es"},{"@type":"Organization","@id":"https:\/\/naturalpoland.com\/es\/#organization","name":"Natural Poland","url":"https:\/\/naturalpoland.com\/es\/","logo":{"@type":"ImageObject","inLanguage":"es","@id":"https:\/\/naturalpoland.com\/es\/#\/schema\/logo\/image\/","url":"https:\/\/naturalpoland.com\/wp-content\/uploads\/2021\/05\/natural-poland-icon.png","contentUrl":"https:\/\/naturalpoland.com\/wp-content\/uploads\/2021\/05\/natural-poland-icon.png","width":512,"height":512,"caption":"Natural Poland"},"image":{"@id":"https:\/\/naturalpoland.com\/es\/#\/schema\/logo\/image\/"},"sameAs":["https:\/\/www.facebook.com\/naturalpoland.b2b","https:\/\/pl.linkedin.com\/company\/natural-poland","https:\/\/www.youtube.com\/channel\/UCgeGGkvOMahZo-xu_MSEWxg"]}]}},"_links":{"self":[{"href":"https:\/\/naturalpoland.com\/es\/wp-json\/wp\/v2\/product\/32792","targetHints":{"allow":["GET"]}}],"collection":[{"href":"https:\/\/naturalpoland.com\/es\/wp-json\/wp\/v2\/product"}],"about":[{"href":"https:\/\/naturalpoland.com\/es\/wp-json\/wp\/v2\/types\/product"}],"wp:featuredmedia":[{"embeddable":true,"href":"https:\/\/naturalpoland.com\/es\/wp-json\/wp\/v2\/media\/32789"}],"wp:attachment":[{"href":"https:\/\/naturalpoland.com\/es\/wp-json\/wp\/v2\/media?parent=32792"}],"wp:term":[{"taxonomy":"product_brand","embeddable":true,"href":"https:\/\/naturalpoland.com\/es\/wp-json\/wp\/v2\/product_brand?post=32792"},{"taxonomy":"product_cat","embeddable":true,"href":"https:\/\/naturalpoland.com\/es\/wp-json\/wp\/v2\/product_cat?post=32792"},{"taxonomy":"product_tag","embeddable":true,"href":"https:\/\/naturalpoland.com\/es\/wp-json\/wp\/v2\/product_tag?post=32792"}],"curies":[{"name":"wp","href":"https:\/\/api.w.org\/{rel}","templated":true}]}}