{"id":33492,"date":"2024-07-09T13:48:53","date_gmt":"2024-07-10T08:29:46","guid":{"rendered":"https:\/\/naturalpoland.com\/produkty\/sin categor\u00eda\/maca-arroz\/"},"modified":"2024-07-10T10:29:46","modified_gmt":"2024-07-10T08:29:46","slug":"maca-arroz","status":"publish","type":"product","link":"https:\/\/naturalpoland.com\/es\/productos\/productos-para-la-industria-alimentaria\/materias-primas-para-la-produccion\/maca-arroz\/","title":{"rendered":"Harina de arroz"},"content":{"rendered":"<h2>Propiedades<\/h2>\n<p>La harina de arroz tiene el t\u00edpico color blanco y la textura fluida del arroz. Se distingue por su sabor neutro, que combina perfectamente con diversos ingredientes sin afectar a su sabor natural. No tiene olores ni sabores extra\u00f1os, por lo que es ideal para una amplia gama de aplicaciones culinarias.<\/p>\n<h2>Aplicaci\u00f3n<\/h2>\n<p>La harina de arroz es extremadamente vers\u00e1til: es estupenda como espesante para sopas y salsas, as\u00ed como ingrediente de productos horneados como pan, pasteles y pasta. Tambi\u00e9n es una opci\u00f3n popular para los platos asi\u00e1ticos, incluidos los fideos y varios tipos de pasteles de arroz. Adem\u00e1s, la harina de arroz se utiliza en la fabricaci\u00f3n de cerveza sin gluten y como sustituto de otras harinas en recetas para cel\u00edacos.<\/p>\n<h2>Valores nutricionales<\/h2>\n<p>La harina de arroz es una rica fuente de hidratos de carbono, lo que la convierte en un componente energ\u00e9tico de la dieta. Contiene una peque\u00f1a cantidad de prote\u00ednas y grasas, as\u00ed como fibra para facilitar la digesti\u00f3n. Es un producto bajo en grasas y con un contenido m\u00ednimo de sodio, por lo que tambi\u00e9n es adecuado para personas con restricciones diet\u00e9ticas en el consumo de sal.<\/p>\n","protected":false},"excerpt":{"rendered":"<p>La harina de arroz, elaborada a partir de granos de arroz, es un apreciado ingrediente culinario de los Pa\u00edses Bajos. Es un producto natural en forma de polvo blanco y fluido que constituye una alternativa saludable a las harinas tradicionales que contienen gluten.<\/p>\n<p>&nbsp;<\/p>\n","protected":false},"featured_media":33393,"template":"","meta":{"_acf_changed":false},"product_brand":[],"product_cat":[1062,1061],"product_tag":[],"class_list":{"0":"post-33492","1":"product","2":"type-product","3":"status-publish","4":"has-post-thumbnail","6":"product_cat-materias-primas-para-la-produccion","7":"product_cat-productos-acabados","9":"first","10":"instock","11":"shipping-taxable","12":"product-type-simple"},"acf":[],"yoast_head":"<!-- This site is optimized with the Yoast SEO plugin v27.4 - https:\/\/yoast.com\/product\/yoast-seo-wordpress\/ -->\n<title>Harina de arroz - NATURAL POLAND - Distribuidor Mayorista de Materias Primas<\/title>\n<meta name=\"description\" content=\"La harina de arroz es una rica fuente de hidratos de carbono, lo que la convierte en un componente energ\u00e9tico de la dieta. Contiene una peque\u00f1a cantidad de prote\u00ednas y grasas, as\u00ed como fibra.\" \/>\n<meta name=\"robots\" content=\"index, follow, max-snippet:-1, max-image-preview:large, max-video-preview:-1\" \/>\n<link rel=\"canonical\" href=\"https:\/\/naturalpoland.com\/es\/productos\/productos-para-la-industria-alimentaria\/materias-primas-para-la-produccion\/maca-arroz\/\" \/>\n<meta property=\"og:locale\" content=\"es_ES\" \/>\n<meta property=\"og:type\" content=\"article\" \/>\n<meta property=\"og:title\" content=\"Harina de arroz - NATURAL POLAND - Distribuidor Mayorista de Materias Primas\" \/>\n<meta property=\"og:description\" content=\"La harina de arroz es una rica fuente de hidratos de carbono, lo que la convierte en un componente energ\u00e9tico de la dieta. Contiene una peque\u00f1a cantidad de prote\u00ednas y grasas, as\u00ed como fibra.\" \/>\n<meta property=\"og:url\" content=\"https:\/\/naturalpoland.com\/es\/productos\/productos-para-la-industria-alimentaria\/materias-primas-para-la-produccion\/maca-arroz\/\" \/>\n<meta property=\"og:site_name\" content=\"NATURAL POLAND - Distribuidor Mayorista de Materias Primas\" \/>\n<meta property=\"article:publisher\" content=\"https:\/\/www.facebook.com\/naturalpoland.b2b\" \/>\n<meta property=\"og:image\" content=\"https:\/\/naturalpoland.com\/wp-content\/uploads\/maka-ryzowa-1.webp\" \/>\n\t<meta property=\"og:image:width\" content=\"350\" \/>\n\t<meta property=\"og:image:height\" content=\"350\" \/>\n\t<meta property=\"og:image:type\" content=\"image\/webp\" \/>\n<script type=\"application\/ld+json\" class=\"yoast-schema-graph\">{\"@context\":\"https:\\\/\\\/schema.org\",\"@graph\":[{\"@type\":\"WebPage\",\"@id\":\"https:\\\/\\\/naturalpoland.com\\\/es\\\/productos\\\/productos-para-la-industria-alimentaria\\\/materias-primas-para-la-produccion\\\/maca-arroz\\\/\",\"url\":\"https:\\\/\\\/naturalpoland.com\\\/es\\\/productos\\\/productos-para-la-industria-alimentaria\\\/materias-primas-para-la-produccion\\\/maca-arroz\\\/\",\"name\":\"Harina de arroz - NATURAL POLAND - Distribuidor Mayorista de Materias Primas\",\"isPartOf\":{\"@id\":\"https:\\\/\\\/naturalpoland.com\\\/es\\\/#website\"},\"primaryImageOfPage\":{\"@id\":\"https:\\\/\\\/naturalpoland.com\\\/es\\\/productos\\\/productos-para-la-industria-alimentaria\\\/materias-primas-para-la-produccion\\\/maca-arroz\\\/#primaryimage\"},\"image\":{\"@id\":\"https:\\\/\\\/naturalpoland.com\\\/es\\\/productos\\\/productos-para-la-industria-alimentaria\\\/materias-primas-para-la-produccion\\\/maca-arroz\\\/#primaryimage\"},\"thumbnailUrl\":\"https:\\\/\\\/naturalpoland.com\\\/wp-content\\\/uploads\\\/maka-ryzowa-1.webp\",\"datePublished\":\"2024-07-10T08:29:46+00:00\",\"description\":\"La harina de arroz es una rica fuente de hidratos de carbono, lo que la convierte en un componente energ\u00e9tico de la dieta. Contiene una peque\u00f1a cantidad de prote\u00ednas y grasas, as\u00ed como fibra.\",\"breadcrumb\":{\"@id\":\"https:\\\/\\\/naturalpoland.com\\\/es\\\/productos\\\/productos-para-la-industria-alimentaria\\\/materias-primas-para-la-produccion\\\/maca-arroz\\\/#breadcrumb\"},\"inLanguage\":\"es\",\"potentialAction\":[{\"@type\":\"ReadAction\",\"target\":[\"https:\\\/\\\/naturalpoland.com\\\/es\\\/productos\\\/productos-para-la-industria-alimentaria\\\/materias-primas-para-la-produccion\\\/maca-arroz\\\/\"]}]},{\"@type\":\"ImageObject\",\"inLanguage\":\"es\",\"@id\":\"https:\\\/\\\/naturalpoland.com\\\/es\\\/productos\\\/productos-para-la-industria-alimentaria\\\/materias-primas-para-la-produccion\\\/maca-arroz\\\/#primaryimage\",\"url\":\"https:\\\/\\\/naturalpoland.com\\\/wp-content\\\/uploads\\\/maka-ryzowa-1.webp\",\"contentUrl\":\"https:\\\/\\\/naturalpoland.com\\\/wp-content\\\/uploads\\\/maka-ryzowa-1.webp\",\"width\":350,\"height\":350,\"caption\":\"M\u0105ka ry\u017cowa\"},{\"@type\":\"BreadcrumbList\",\"@id\":\"https:\\\/\\\/naturalpoland.com\\\/es\\\/productos\\\/productos-para-la-industria-alimentaria\\\/materias-primas-para-la-produccion\\\/maca-arroz\\\/#breadcrumb\",\"itemListElement\":[{\"@type\":\"ListItem\",\"position\":1,\"name\":\"Inicio\",\"item\":\"https:\\\/\\\/naturalpoland.com\\\/es\\\/\"},{\"@type\":\"ListItem\",\"position\":2,\"name\":\"Productos\",\"item\":\"https:\\\/\\\/naturalpoland.com\\\/es\\\/productos\\\/\"},{\"@type\":\"ListItem\",\"position\":3,\"name\":\"Harina de arroz\"}]},{\"@type\":\"WebSite\",\"@id\":\"https:\\\/\\\/naturalpoland.com\\\/es\\\/#website\",\"url\":\"https:\\\/\\\/naturalpoland.com\\\/es\\\/\",\"name\":\"NATURAL POLAND - Distribuidor Mayorista de Materias Primas\",\"description\":\"Surowce dla przemys\u0142u spo\u017cywczego, kosmetycznego i farmaceutycznego\",\"publisher\":{\"@id\":\"https:\\\/\\\/naturalpoland.com\\\/es\\\/#organization\"},\"potentialAction\":[{\"@type\":\"SearchAction\",\"target\":{\"@type\":\"EntryPoint\",\"urlTemplate\":\"https:\\\/\\\/naturalpoland.com\\\/es\\\/?s={search_term_string}\"},\"query-input\":{\"@type\":\"PropertyValueSpecification\",\"valueRequired\":true,\"valueName\":\"search_term_string\"}}],\"inLanguage\":\"es\"},{\"@type\":\"Organization\",\"@id\":\"https:\\\/\\\/naturalpoland.com\\\/es\\\/#organization\",\"name\":\"Natural Poland\",\"url\":\"https:\\\/\\\/naturalpoland.com\\\/es\\\/\",\"logo\":{\"@type\":\"ImageObject\",\"inLanguage\":\"es\",\"@id\":\"https:\\\/\\\/naturalpoland.com\\\/es\\\/#\\\/schema\\\/logo\\\/image\\\/\",\"url\":\"https:\\\/\\\/naturalpoland.com\\\/wp-content\\\/uploads\\\/2021\\\/05\\\/natural-poland-icon.png\",\"contentUrl\":\"https:\\\/\\\/naturalpoland.com\\\/wp-content\\\/uploads\\\/2021\\\/05\\\/natural-poland-icon.png\",\"width\":512,\"height\":512,\"caption\":\"Natural Poland\"},\"image\":{\"@id\":\"https:\\\/\\\/naturalpoland.com\\\/es\\\/#\\\/schema\\\/logo\\\/image\\\/\"},\"sameAs\":[\"https:\\\/\\\/www.facebook.com\\\/naturalpoland.b2b\",\"https:\\\/\\\/pl.linkedin.com\\\/company\\\/natural-poland\",\"https:\\\/\\\/www.youtube.com\\\/channel\\\/UCgeGGkvOMahZo-xu_MSEWxg\"]}]}<\/script>\n<!-- \/ Yoast SEO plugin. -->","yoast_head_json":{"title":"Harina de arroz - NATURAL POLAND - Distribuidor Mayorista de Materias Primas","description":"La harina de arroz es una rica fuente de hidratos de carbono, lo que la convierte en un componente energ\u00e9tico de la dieta. Contiene una peque\u00f1a cantidad de prote\u00ednas y grasas, as\u00ed como fibra.","robots":{"index":"index","follow":"follow","max-snippet":"max-snippet:-1","max-image-preview":"max-image-preview:large","max-video-preview":"max-video-preview:-1"},"canonical":"https:\/\/naturalpoland.com\/es\/productos\/productos-para-la-industria-alimentaria\/materias-primas-para-la-produccion\/maca-arroz\/","og_locale":"es_ES","og_type":"article","og_title":"Harina de arroz - NATURAL POLAND - Distribuidor Mayorista de Materias Primas","og_description":"La harina de arroz es una rica fuente de hidratos de carbono, lo que la convierte en un componente energ\u00e9tico de la dieta. Contiene una peque\u00f1a cantidad de prote\u00ednas y grasas, as\u00ed como fibra.","og_url":"https:\/\/naturalpoland.com\/es\/productos\/productos-para-la-industria-alimentaria\/materias-primas-para-la-produccion\/maca-arroz\/","og_site_name":"NATURAL POLAND - Distribuidor Mayorista de Materias Primas","article_publisher":"https:\/\/www.facebook.com\/naturalpoland.b2b","og_image":[{"width":350,"height":350,"url":"https:\/\/naturalpoland.com\/wp-content\/uploads\/maka-ryzowa-1.webp","type":"image\/webp"}],"schema":{"@context":"https:\/\/schema.org","@graph":[{"@type":"WebPage","@id":"https:\/\/naturalpoland.com\/es\/productos\/productos-para-la-industria-alimentaria\/materias-primas-para-la-produccion\/maca-arroz\/","url":"https:\/\/naturalpoland.com\/es\/productos\/productos-para-la-industria-alimentaria\/materias-primas-para-la-produccion\/maca-arroz\/","name":"Harina de arroz - NATURAL POLAND - Distribuidor Mayorista de Materias Primas","isPartOf":{"@id":"https:\/\/naturalpoland.com\/es\/#website"},"primaryImageOfPage":{"@id":"https:\/\/naturalpoland.com\/es\/productos\/productos-para-la-industria-alimentaria\/materias-primas-para-la-produccion\/maca-arroz\/#primaryimage"},"image":{"@id":"https:\/\/naturalpoland.com\/es\/productos\/productos-para-la-industria-alimentaria\/materias-primas-para-la-produccion\/maca-arroz\/#primaryimage"},"thumbnailUrl":"https:\/\/naturalpoland.com\/wp-content\/uploads\/maka-ryzowa-1.webp","datePublished":"2024-07-10T08:29:46+00:00","description":"La harina de arroz es una rica fuente de hidratos de carbono, lo que la convierte en un componente energ\u00e9tico de la dieta. Contiene una peque\u00f1a cantidad de prote\u00ednas y grasas, as\u00ed como fibra.","breadcrumb":{"@id":"https:\/\/naturalpoland.com\/es\/productos\/productos-para-la-industria-alimentaria\/materias-primas-para-la-produccion\/maca-arroz\/#breadcrumb"},"inLanguage":"es","potentialAction":[{"@type":"ReadAction","target":["https:\/\/naturalpoland.com\/es\/productos\/productos-para-la-industria-alimentaria\/materias-primas-para-la-produccion\/maca-arroz\/"]}]},{"@type":"ImageObject","inLanguage":"es","@id":"https:\/\/naturalpoland.com\/es\/productos\/productos-para-la-industria-alimentaria\/materias-primas-para-la-produccion\/maca-arroz\/#primaryimage","url":"https:\/\/naturalpoland.com\/wp-content\/uploads\/maka-ryzowa-1.webp","contentUrl":"https:\/\/naturalpoland.com\/wp-content\/uploads\/maka-ryzowa-1.webp","width":350,"height":350,"caption":"M\u0105ka ry\u017cowa"},{"@type":"BreadcrumbList","@id":"https:\/\/naturalpoland.com\/es\/productos\/productos-para-la-industria-alimentaria\/materias-primas-para-la-produccion\/maca-arroz\/#breadcrumb","itemListElement":[{"@type":"ListItem","position":1,"name":"Inicio","item":"https:\/\/naturalpoland.com\/es\/"},{"@type":"ListItem","position":2,"name":"Productos","item":"https:\/\/naturalpoland.com\/es\/productos\/"},{"@type":"ListItem","position":3,"name":"Harina de arroz"}]},{"@type":"WebSite","@id":"https:\/\/naturalpoland.com\/es\/#website","url":"https:\/\/naturalpoland.com\/es\/","name":"NATURAL POLAND - Distribuidor Mayorista de Materias Primas","description":"Surowce dla przemys\u0142u spo\u017cywczego, kosmetycznego i farmaceutycznego","publisher":{"@id":"https:\/\/naturalpoland.com\/es\/#organization"},"potentialAction":[{"@type":"SearchAction","target":{"@type":"EntryPoint","urlTemplate":"https:\/\/naturalpoland.com\/es\/?s={search_term_string}"},"query-input":{"@type":"PropertyValueSpecification","valueRequired":true,"valueName":"search_term_string"}}],"inLanguage":"es"},{"@type":"Organization","@id":"https:\/\/naturalpoland.com\/es\/#organization","name":"Natural Poland","url":"https:\/\/naturalpoland.com\/es\/","logo":{"@type":"ImageObject","inLanguage":"es","@id":"https:\/\/naturalpoland.com\/es\/#\/schema\/logo\/image\/","url":"https:\/\/naturalpoland.com\/wp-content\/uploads\/2021\/05\/natural-poland-icon.png","contentUrl":"https:\/\/naturalpoland.com\/wp-content\/uploads\/2021\/05\/natural-poland-icon.png","width":512,"height":512,"caption":"Natural Poland"},"image":{"@id":"https:\/\/naturalpoland.com\/es\/#\/schema\/logo\/image\/"},"sameAs":["https:\/\/www.facebook.com\/naturalpoland.b2b","https:\/\/pl.linkedin.com\/company\/natural-poland","https:\/\/www.youtube.com\/channel\/UCgeGGkvOMahZo-xu_MSEWxg"]}]}},"_links":{"self":[{"href":"https:\/\/naturalpoland.com\/es\/wp-json\/wp\/v2\/product\/33492","targetHints":{"allow":["GET"]}}],"collection":[{"href":"https:\/\/naturalpoland.com\/es\/wp-json\/wp\/v2\/product"}],"about":[{"href":"https:\/\/naturalpoland.com\/es\/wp-json\/wp\/v2\/types\/product"}],"wp:featuredmedia":[{"embeddable":true,"href":"https:\/\/naturalpoland.com\/es\/wp-json\/wp\/v2\/media\/33393"}],"wp:attachment":[{"href":"https:\/\/naturalpoland.com\/es\/wp-json\/wp\/v2\/media?parent=33492"}],"wp:term":[{"taxonomy":"product_brand","embeddable":true,"href":"https:\/\/naturalpoland.com\/es\/wp-json\/wp\/v2\/product_brand?post=33492"},{"taxonomy":"product_cat","embeddable":true,"href":"https:\/\/naturalpoland.com\/es\/wp-json\/wp\/v2\/product_cat?post=33492"},{"taxonomy":"product_tag","embeddable":true,"href":"https:\/\/naturalpoland.com\/es\/wp-json\/wp\/v2\/product_tag?post=33492"}],"curies":[{"name":"wp","href":"https:\/\/api.w.org\/{rel}","templated":true}]}}