{"id":33525,"date":"2024-07-09T12:51:45","date_gmt":"2024-07-10T08:33:39","guid":{"rendered":"https:\/\/naturalpoland.com\/produkty\/sin categor\u00eda\/suelo-morelli-pestle\/"},"modified":"2024-07-10T10:33:39","modified_gmt":"2024-07-10T08:33:39","slug":"suelo-morelli-pestle","status":"publish","type":"product","link":"https:\/\/naturalpoland.com\/es\/productos\/productos-para-la-industria-farmaceutica-y-medica\/aditivos-para-complementos-alimenticios\/suelo-morelli-pestle\/","title":{"rendered":"Hueso de albaricoque molido"},"content":{"rendered":"<p>La semilla de albaricoque molida es rica en aceites beneficiosos para la piel, vitaminas y minerales. Contiene vitamina E, conocida por sus propiedades antioxidantes, que ayuda a proteger la piel de los da\u00f1os causados por los radicales libres y la radiaci\u00f3n UV. Adem\u00e1s, los aceites naturales que contienen los huesos de albaricoque pueden contribuir a hidratar y suavizar la piel.<\/p>\n<h2>Aplicaciones cosm\u00e9ticas<\/h2>\n<p>Por su textura fina y sus propiedades nutritivas, la semilla de albaricoque molida es un ingrediente excelente en los productos para el cuidado de la piel. A menudo se utiliza como exfoliante natural para eliminar suavemente las c\u00e9lulas muertas de la piel, mejorando su textura y aspecto. Tambi\u00e9n puede a\u00f1adirse a mascarillas, cremas o lociones, donde act\u00faa como emoliente, aumentando la hidrataci\u00f3n de la piel.<\/p>\n<h2>Uso en la dieta<\/h2>\n<p>La semilla de albaricoque molida no es s\u00f3lo un cosm\u00e9tico, sino tambi\u00e9n una valiosa adici\u00f3n a la dieta. Se puede a\u00f1adir a yogures, batidos o como espolvoreado en ensaladas y postres, lo que constituye una forma estupenda de a\u00f1adir vitaminas y minerales adicionales a tu men\u00fa diario. Gracias a su alto contenido en fibra, tambi\u00e9n puede favorecer la digesti\u00f3n y contribuir a mejorar el bienestar.<\/p>\n<h2>Normas de seguridad y calidad<\/h2>\n<p>Seg\u00fan los an\u00e1lisis disponibles, la semilla de albaricoque molida es un producto de gran pureza. El contenido de humedad se mantiene bajo (menos del 12%) para garantizar la frescura y la conservaci\u00f3n. El producto tambi\u00e9n est\u00e1 libre de impurezas vegetales y minerales, lo que confirma su calidad superior y su seguridad tanto para uso cosm\u00e9tico como diet\u00e9tico.<\/p>\n","protected":false},"excerpt":{"rendered":"<p>La <strong>semilla de albaricoque molida<\/strong><em>(Prunus Armeniaca Seed Powder<\/em>), es un ingrediente vers\u00e1til valorado en cosm\u00e9tica y gastronom\u00eda, que se extrae de las semillas de albaricoque. Es rica en nutrientes que tienen aplicaciones tanto en productos para el cuidado de la piel como complemento saludable de la dieta.<\/p>\n","protected":false},"featured_media":33338,"template":"","meta":{"_acf_changed":false},"product_brand":[],"product_cat":[1076,1073,2671],"product_tag":[],"class_list":{"0":"post-33525","1":"product","2":"type-product","3":"status-publish","4":"has-post-thumbnail","6":"product_cat-aditivos-para-complementos-alimenticios","7":"product_cat-peelings-es","8":"product_cat-proteinas-vegetales","10":"first","11":"instock","12":"shipping-taxable","13":"product-type-simple"},"acf":[],"yoast_head":"<!-- This site is optimized with the Yoast SEO plugin v27.5 - https:\/\/yoast.com\/product\/yoast-seo-wordpress\/ -->\n<title>Hueso de albaricoque molido - NATURAL POLAND - Distribuidor Mayorista de Materias Primas<\/title>\n<meta name=\"description\" content=\"La semilla de albaricoque molida (Prunus Armeniaca Seed Powder), es un ingrediente vers\u00e1til valorado en cosm\u00e9tica y gastronom\u00eda, que se extrae de las semillas de albaricoque.\" \/>\n<meta name=\"robots\" content=\"index, follow, max-snippet:-1, max-image-preview:large, max-video-preview:-1\" \/>\n<link rel=\"canonical\" href=\"https:\/\/naturalpoland.com\/es\/productos\/productos-para-la-industria-farmaceutica-y-medica\/aditivos-para-complementos-alimenticios\/suelo-morelli-pestle\/\" \/>\n<meta property=\"og:locale\" content=\"es_ES\" \/>\n<meta property=\"og:type\" content=\"article\" \/>\n<meta property=\"og:title\" content=\"Hueso de albaricoque molido - NATURAL POLAND - Distribuidor Mayorista de Materias Primas\" \/>\n<meta property=\"og:description\" content=\"La semilla de albaricoque molida (Prunus Armeniaca Seed Powder), es un ingrediente vers\u00e1til valorado en cosm\u00e9tica y gastronom\u00eda, que se extrae de las semillas de albaricoque.\" \/>\n<meta property=\"og:url\" content=\"https:\/\/naturalpoland.com\/es\/productos\/productos-para-la-industria-farmaceutica-y-medica\/aditivos-para-complementos-alimenticios\/suelo-morelli-pestle\/\" \/>\n<meta property=\"og:site_name\" content=\"NATURAL POLAND - Distribuidor Mayorista de Materias Primas\" \/>\n<meta property=\"article:publisher\" content=\"https:\/\/www.facebook.com\/naturalpoland.b2b\" \/>\n<meta property=\"og:image\" content=\"https:\/\/naturalpoland.com\/wp-content\/uploads\/mielona-pestka-moreli.webp\" \/>\n\t<meta property=\"og:image:width\" content=\"615\" \/>\n\t<meta property=\"og:image:height\" content=\"615\" \/>\n\t<meta property=\"og:image:type\" content=\"image\/webp\" \/>\n<script type=\"application\/ld+json\" class=\"yoast-schema-graph\">{\"@context\":\"https:\\\/\\\/schema.org\",\"@graph\":[{\"@type\":\"WebPage\",\"@id\":\"https:\\\/\\\/naturalpoland.com\\\/es\\\/productos\\\/productos-para-la-industria-farmaceutica-y-medica\\\/aditivos-para-complementos-alimenticios\\\/suelo-morelli-pestle\\\/\",\"url\":\"https:\\\/\\\/naturalpoland.com\\\/es\\\/productos\\\/productos-para-la-industria-farmaceutica-y-medica\\\/aditivos-para-complementos-alimenticios\\\/suelo-morelli-pestle\\\/\",\"name\":\"Hueso de albaricoque molido - NATURAL POLAND - Distribuidor Mayorista de Materias Primas\",\"isPartOf\":{\"@id\":\"https:\\\/\\\/naturalpoland.com\\\/es\\\/#website\"},\"primaryImageOfPage\":{\"@id\":\"https:\\\/\\\/naturalpoland.com\\\/es\\\/productos\\\/productos-para-la-industria-farmaceutica-y-medica\\\/aditivos-para-complementos-alimenticios\\\/suelo-morelli-pestle\\\/#primaryimage\"},\"image\":{\"@id\":\"https:\\\/\\\/naturalpoland.com\\\/es\\\/productos\\\/productos-para-la-industria-farmaceutica-y-medica\\\/aditivos-para-complementos-alimenticios\\\/suelo-morelli-pestle\\\/#primaryimage\"},\"thumbnailUrl\":\"https:\\\/\\\/naturalpoland.com\\\/wp-content\\\/uploads\\\/mielona-pestka-moreli.webp\",\"datePublished\":\"2024-07-10T08:33:39+00:00\",\"description\":\"La semilla de albaricoque molida (Prunus Armeniaca Seed Powder), es un ingrediente vers\u00e1til valorado en cosm\u00e9tica y gastronom\u00eda, que se extrae de las semillas de albaricoque.\",\"breadcrumb\":{\"@id\":\"https:\\\/\\\/naturalpoland.com\\\/es\\\/productos\\\/productos-para-la-industria-farmaceutica-y-medica\\\/aditivos-para-complementos-alimenticios\\\/suelo-morelli-pestle\\\/#breadcrumb\"},\"inLanguage\":\"es\",\"potentialAction\":[{\"@type\":\"ReadAction\",\"target\":[\"https:\\\/\\\/naturalpoland.com\\\/es\\\/productos\\\/productos-para-la-industria-farmaceutica-y-medica\\\/aditivos-para-complementos-alimenticios\\\/suelo-morelli-pestle\\\/\"]}]},{\"@type\":\"ImageObject\",\"inLanguage\":\"es\",\"@id\":\"https:\\\/\\\/naturalpoland.com\\\/es\\\/productos\\\/productos-para-la-industria-farmaceutica-y-medica\\\/aditivos-para-complementos-alimenticios\\\/suelo-morelli-pestle\\\/#primaryimage\",\"url\":\"https:\\\/\\\/naturalpoland.com\\\/wp-content\\\/uploads\\\/mielona-pestka-moreli.webp\",\"contentUrl\":\"https:\\\/\\\/naturalpoland.com\\\/wp-content\\\/uploads\\\/mielona-pestka-moreli.webp\",\"width\":615,\"height\":615,\"caption\":\"mielona pestka moreli\"},{\"@type\":\"BreadcrumbList\",\"@id\":\"https:\\\/\\\/naturalpoland.com\\\/es\\\/productos\\\/productos-para-la-industria-farmaceutica-y-medica\\\/aditivos-para-complementos-alimenticios\\\/suelo-morelli-pestle\\\/#breadcrumb\",\"itemListElement\":[{\"@type\":\"ListItem\",\"position\":1,\"name\":\"Inicio\",\"item\":\"https:\\\/\\\/naturalpoland.com\\\/es\\\/\"},{\"@type\":\"ListItem\",\"position\":2,\"name\":\"Productos\",\"item\":\"https:\\\/\\\/naturalpoland.com\\\/es\\\/productos\\\/\"},{\"@type\":\"ListItem\",\"position\":3,\"name\":\"Hueso de albaricoque molido\"}]},{\"@type\":\"WebSite\",\"@id\":\"https:\\\/\\\/naturalpoland.com\\\/es\\\/#website\",\"url\":\"https:\\\/\\\/naturalpoland.com\\\/es\\\/\",\"name\":\"NATURAL POLAND - Distribuidor Mayorista de Materias Primas\",\"description\":\"Surowce dla przemys\u0142u spo\u017cywczego, kosmetycznego i farmaceutycznego\",\"publisher\":{\"@id\":\"https:\\\/\\\/naturalpoland.com\\\/es\\\/#organization\"},\"potentialAction\":[{\"@type\":\"SearchAction\",\"target\":{\"@type\":\"EntryPoint\",\"urlTemplate\":\"https:\\\/\\\/naturalpoland.com\\\/es\\\/?s={search_term_string}\"},\"query-input\":{\"@type\":\"PropertyValueSpecification\",\"valueRequired\":true,\"valueName\":\"search_term_string\"}}],\"inLanguage\":\"es\"},{\"@type\":\"Organization\",\"@id\":\"https:\\\/\\\/naturalpoland.com\\\/es\\\/#organization\",\"name\":\"Natural Poland\",\"url\":\"https:\\\/\\\/naturalpoland.com\\\/es\\\/\",\"logo\":{\"@type\":\"ImageObject\",\"inLanguage\":\"es\",\"@id\":\"https:\\\/\\\/naturalpoland.com\\\/es\\\/#\\\/schema\\\/logo\\\/image\\\/\",\"url\":\"https:\\\/\\\/naturalpoland.com\\\/wp-content\\\/uploads\\\/2021\\\/05\\\/natural-poland-icon.png\",\"contentUrl\":\"https:\\\/\\\/naturalpoland.com\\\/wp-content\\\/uploads\\\/2021\\\/05\\\/natural-poland-icon.png\",\"width\":512,\"height\":512,\"caption\":\"Natural Poland\"},\"image\":{\"@id\":\"https:\\\/\\\/naturalpoland.com\\\/es\\\/#\\\/schema\\\/logo\\\/image\\\/\"},\"sameAs\":[\"https:\\\/\\\/www.facebook.com\\\/naturalpoland.b2b\",\"https:\\\/\\\/pl.linkedin.com\\\/company\\\/natural-poland\",\"https:\\\/\\\/www.youtube.com\\\/channel\\\/UCgeGGkvOMahZo-xu_MSEWxg\"]}]}<\/script>\n<!-- \/ Yoast SEO plugin. -->","yoast_head_json":{"title":"Hueso de albaricoque molido - NATURAL POLAND - Distribuidor Mayorista de Materias Primas","description":"La semilla de albaricoque molida (Prunus Armeniaca Seed Powder), es un ingrediente vers\u00e1til valorado en cosm\u00e9tica y gastronom\u00eda, que se extrae de las semillas de albaricoque.","robots":{"index":"index","follow":"follow","max-snippet":"max-snippet:-1","max-image-preview":"max-image-preview:large","max-video-preview":"max-video-preview:-1"},"canonical":"https:\/\/naturalpoland.com\/es\/productos\/productos-para-la-industria-farmaceutica-y-medica\/aditivos-para-complementos-alimenticios\/suelo-morelli-pestle\/","og_locale":"es_ES","og_type":"article","og_title":"Hueso de albaricoque molido - NATURAL POLAND - Distribuidor Mayorista de Materias Primas","og_description":"La semilla de albaricoque molida (Prunus Armeniaca Seed Powder), es un ingrediente vers\u00e1til valorado en cosm\u00e9tica y gastronom\u00eda, que se extrae de las semillas de albaricoque.","og_url":"https:\/\/naturalpoland.com\/es\/productos\/productos-para-la-industria-farmaceutica-y-medica\/aditivos-para-complementos-alimenticios\/suelo-morelli-pestle\/","og_site_name":"NATURAL POLAND - Distribuidor Mayorista de Materias Primas","article_publisher":"https:\/\/www.facebook.com\/naturalpoland.b2b","og_image":[{"width":615,"height":615,"url":"https:\/\/naturalpoland.com\/wp-content\/uploads\/mielona-pestka-moreli.webp","type":"image\/webp"}],"schema":{"@context":"https:\/\/schema.org","@graph":[{"@type":"WebPage","@id":"https:\/\/naturalpoland.com\/es\/productos\/productos-para-la-industria-farmaceutica-y-medica\/aditivos-para-complementos-alimenticios\/suelo-morelli-pestle\/","url":"https:\/\/naturalpoland.com\/es\/productos\/productos-para-la-industria-farmaceutica-y-medica\/aditivos-para-complementos-alimenticios\/suelo-morelli-pestle\/","name":"Hueso de albaricoque molido - NATURAL POLAND - Distribuidor Mayorista de Materias Primas","isPartOf":{"@id":"https:\/\/naturalpoland.com\/es\/#website"},"primaryImageOfPage":{"@id":"https:\/\/naturalpoland.com\/es\/productos\/productos-para-la-industria-farmaceutica-y-medica\/aditivos-para-complementos-alimenticios\/suelo-morelli-pestle\/#primaryimage"},"image":{"@id":"https:\/\/naturalpoland.com\/es\/productos\/productos-para-la-industria-farmaceutica-y-medica\/aditivos-para-complementos-alimenticios\/suelo-morelli-pestle\/#primaryimage"},"thumbnailUrl":"https:\/\/naturalpoland.com\/wp-content\/uploads\/mielona-pestka-moreli.webp","datePublished":"2024-07-10T08:33:39+00:00","description":"La semilla de albaricoque molida (Prunus Armeniaca Seed Powder), es un ingrediente vers\u00e1til valorado en cosm\u00e9tica y gastronom\u00eda, que se extrae de las semillas de albaricoque.","breadcrumb":{"@id":"https:\/\/naturalpoland.com\/es\/productos\/productos-para-la-industria-farmaceutica-y-medica\/aditivos-para-complementos-alimenticios\/suelo-morelli-pestle\/#breadcrumb"},"inLanguage":"es","potentialAction":[{"@type":"ReadAction","target":["https:\/\/naturalpoland.com\/es\/productos\/productos-para-la-industria-farmaceutica-y-medica\/aditivos-para-complementos-alimenticios\/suelo-morelli-pestle\/"]}]},{"@type":"ImageObject","inLanguage":"es","@id":"https:\/\/naturalpoland.com\/es\/productos\/productos-para-la-industria-farmaceutica-y-medica\/aditivos-para-complementos-alimenticios\/suelo-morelli-pestle\/#primaryimage","url":"https:\/\/naturalpoland.com\/wp-content\/uploads\/mielona-pestka-moreli.webp","contentUrl":"https:\/\/naturalpoland.com\/wp-content\/uploads\/mielona-pestka-moreli.webp","width":615,"height":615,"caption":"mielona pestka moreli"},{"@type":"BreadcrumbList","@id":"https:\/\/naturalpoland.com\/es\/productos\/productos-para-la-industria-farmaceutica-y-medica\/aditivos-para-complementos-alimenticios\/suelo-morelli-pestle\/#breadcrumb","itemListElement":[{"@type":"ListItem","position":1,"name":"Inicio","item":"https:\/\/naturalpoland.com\/es\/"},{"@type":"ListItem","position":2,"name":"Productos","item":"https:\/\/naturalpoland.com\/es\/productos\/"},{"@type":"ListItem","position":3,"name":"Hueso de albaricoque molido"}]},{"@type":"WebSite","@id":"https:\/\/naturalpoland.com\/es\/#website","url":"https:\/\/naturalpoland.com\/es\/","name":"NATURAL POLAND - Distribuidor Mayorista de Materias Primas","description":"Surowce dla przemys\u0142u spo\u017cywczego, kosmetycznego i farmaceutycznego","publisher":{"@id":"https:\/\/naturalpoland.com\/es\/#organization"},"potentialAction":[{"@type":"SearchAction","target":{"@type":"EntryPoint","urlTemplate":"https:\/\/naturalpoland.com\/es\/?s={search_term_string}"},"query-input":{"@type":"PropertyValueSpecification","valueRequired":true,"valueName":"search_term_string"}}],"inLanguage":"es"},{"@type":"Organization","@id":"https:\/\/naturalpoland.com\/es\/#organization","name":"Natural Poland","url":"https:\/\/naturalpoland.com\/es\/","logo":{"@type":"ImageObject","inLanguage":"es","@id":"https:\/\/naturalpoland.com\/es\/#\/schema\/logo\/image\/","url":"https:\/\/naturalpoland.com\/wp-content\/uploads\/2021\/05\/natural-poland-icon.png","contentUrl":"https:\/\/naturalpoland.com\/wp-content\/uploads\/2021\/05\/natural-poland-icon.png","width":512,"height":512,"caption":"Natural Poland"},"image":{"@id":"https:\/\/naturalpoland.com\/es\/#\/schema\/logo\/image\/"},"sameAs":["https:\/\/www.facebook.com\/naturalpoland.b2b","https:\/\/pl.linkedin.com\/company\/natural-poland","https:\/\/www.youtube.com\/channel\/UCgeGGkvOMahZo-xu_MSEWxg"]}]}},"_links":{"self":[{"href":"https:\/\/naturalpoland.com\/es\/wp-json\/wp\/v2\/product\/33525","targetHints":{"allow":["GET"]}}],"collection":[{"href":"https:\/\/naturalpoland.com\/es\/wp-json\/wp\/v2\/product"}],"about":[{"href":"https:\/\/naturalpoland.com\/es\/wp-json\/wp\/v2\/types\/product"}],"wp:featuredmedia":[{"embeddable":true,"href":"https:\/\/naturalpoland.com\/es\/wp-json\/wp\/v2\/media\/33338"}],"wp:attachment":[{"href":"https:\/\/naturalpoland.com\/es\/wp-json\/wp\/v2\/media?parent=33525"}],"wp:term":[{"taxonomy":"product_brand","embeddable":true,"href":"https:\/\/naturalpoland.com\/es\/wp-json\/wp\/v2\/product_brand?post=33525"},{"taxonomy":"product_cat","embeddable":true,"href":"https:\/\/naturalpoland.com\/es\/wp-json\/wp\/v2\/product_cat?post=33525"},{"taxonomy":"product_tag","embeddable":true,"href":"https:\/\/naturalpoland.com\/es\/wp-json\/wp\/v2\/product_tag?post=33525"}],"curies":[{"name":"wp","href":"https:\/\/api.w.org\/{rel}","templated":true}]}}