{"id":33533,"date":"2024-07-04T14:17:52","date_gmt":"2024-07-10T08:55:01","guid":{"rendered":"https:\/\/naturalpoland.com\/produkty\/sin%20categor\u00eda\/prolitina-a-lsme-urolitina-a\/"},"modified":"2024-08-29T13:08:46","modified_gmt":"2024-08-29T11:08:46","slug":"prolitina-a-lsme-urolitina-a","status":"publish","type":"product","link":"https:\/\/naturalpoland.com\/es\/productos\/productos-para-la-industria-farmaceutica-y-medica\/aditivos-para-complementos-alimenticios\/prolitina-a-lsme-urolitina-a\/","title":{"rendered":"Urolitina A"},"content":{"rendered":"<h2>Propiedades y aplicaciones:<\/h2>\n<p>  La Urolitina A ha demostrado su capacidad para prolongar la vida celular al inducir la mitofagia, el proceso de limpieza de las mitocondrias da\u00f1adas.<br \/>\nEstudios en ratones han demostrado que la suplementaci\u00f3n con Urolitina A puede mejorar la funci\u00f3n muscular.<br \/>\nPor tanto, el producto se recomienda a deportistas y personas mayores que deseen mejorar su rendimiento y retrasar el envejecimiento muscular.<br \/>\nEl producto tambi\u00e9n puede apoyar la terapia inmunitaria mediante la inducci\u00f3n de la autofagia mitocondrial en las c\u00e9lulas T, lo que conduce a una mejor respuesta inmunitaria contra el c\u00e1ncer.<br \/>\nEsto es especialmente relevante en el contexto de las terapias modernas contra el c\u00e1ncer, en las que la Urolitina A puede mejorar la eficacia del tratamiento aumentando el n\u00famero de c\u00e9lulas T en el microentorno tumoral.<br \/>\nLa suplementaci\u00f3n con Urolitina A ha demostrado la capacidad de invertir el envejecimiento de las c\u00e9lulas madre hematopoy\u00e9ticas.<br \/>\nAs\u00ed lo confirman estudios en ratones, en los que se observ\u00f3 un aumento de las c\u00e9lulas madre y progenitoras.        <\/p>\n<h2>Aplicaci\u00f3n en el mercado:<\/h2>\n<p><strong>Suplementos<\/strong> diet\u00e9ticos La urolitina A se utiliza ampliamente como ingrediente en suplementos diet\u00e9ticos para apoyar la salud muscular, la funci\u00f3n cognitiva y la vitalidad general.<br \/>\nEs especialmente popular en EE.UU., donde se ha reconocido como ingrediente seguro para el consumo (GRAS).<br \/>\n<strong>Cosm\u00e9ticos<\/strong> En 2023, la Urolitina A se registr\u00f3 en China como nueva materia prima cosm\u00e9tica, principalmente para productos antienvejecimiento.    <\/p>\n<hr>\n<h2>Disponemos de este producto en la tecnolog\u00eda BioSNEDS\u2122 en forma de ProLithin A\u2122.<\/h2>\n<ul>\n<li>ProLithin A\u2122 es 15 veces m\u00e1s biodisponible que la urolitina A convencional, lo que significa que 1 mg de urolitina A activa en BioSNEDS\u2122 es bioequivalente a 15 mg de urolitina A convencional.<\/li>\n<li>M\u00e1s dosis por kilo: 10.000 dosis por kilo frente a las 5.000 dosis de la urolitina A convencional.<\/li>\n<li>Disponible en polvos y emulsiones de sabor neutro y sin olor.<\/li>\n<\/ul>\n<p>&nbsp;<\/p>\n","protected":false},"excerpt":{"rendered":"<p><strong>La urolitina A <\/strong>es un metabolito natural formado a partir de los polifenoles presentes en la fruta con potentes propiedades antioxidantes y que favorece la salud mitocondrial. <strong>ProLithin A\u2122 <\/strong>es un producto avanzado que utiliza la tecnolog\u00eda BioSNEDS\u2122, que aumenta significativamente la biodisponibilidad de la urolitina A.<\/p>\n","protected":false},"featured_media":33233,"template":"","meta":{"_acf_changed":false},"product_brand":[],"product_cat":[1076,1068],"product_tag":[],"class_list":{"0":"post-33533","1":"product","2":"type-product","3":"status-publish","4":"has-post-thumbnail","6":"product_cat-aditivos-para-complementos-alimenticios","7":"product_cat-materias-primas-para-cosmeticos","8":"pa_grupa-substancji-nutraceuticos","10":"first","11":"instock","12":"shipping-taxable","13":"product-type-simple"},"acf":[],"yoast_head":"<!-- This site is optimized with the Yoast SEO plugin v27.5 - https:\/\/yoast.com\/product\/yoast-seo-wordpress\/ -->\n<title>Urolitina A - NATURAL POLAND - Distribuidor Mayorista de Materias Primas<\/title>\n<meta name=\"description\" content=\"La Urolitina A es un ingrediente innovador que favorece la salud muscular y el sistema inmunitario gracias a sus propiedades antienvejecimiento \u00fanicas.\" \/>\n<meta name=\"robots\" content=\"index, follow, max-snippet:-1, max-image-preview:large, max-video-preview:-1\" \/>\n<link rel=\"canonical\" href=\"https:\/\/naturalpoland.com\/es\/productos\/productos-para-la-industria-farmaceutica-y-medica\/aditivos-para-complementos-alimenticios\/prolitina-a-lsme-urolitina-a\/\" \/>\n<meta property=\"og:locale\" content=\"es_ES\" \/>\n<meta property=\"og:type\" content=\"article\" \/>\n<meta property=\"og:title\" content=\"Urolitina A - NATURAL POLAND - Distribuidor Mayorista de Materias Primas\" \/>\n<meta property=\"og:description\" content=\"La Urolitina A es un ingrediente innovador que favorece la salud muscular y el sistema inmunitario gracias a sus propiedades antienvejecimiento \u00fanicas.\" \/>\n<meta property=\"og:url\" content=\"https:\/\/naturalpoland.com\/es\/productos\/productos-para-la-industria-farmaceutica-y-medica\/aditivos-para-complementos-alimenticios\/prolitina-a-lsme-urolitina-a\/\" \/>\n<meta property=\"og:site_name\" content=\"NATURAL POLAND - Distribuidor Mayorista de Materias Primas\" \/>\n<meta property=\"article:publisher\" content=\"https:\/\/www.facebook.com\/naturalpoland.b2b\" \/>\n<meta property=\"article:modified_time\" content=\"2024-08-29T11:08:46+00:00\" \/>\n<meta property=\"og:image\" content=\"https:\/\/naturalpoland.com\/wp-content\/uploads\/urolithin.webp\" \/>\n\t<meta property=\"og:image:width\" content=\"606\" \/>\n\t<meta property=\"og:image:height\" content=\"606\" \/>\n\t<meta property=\"og:image:type\" content=\"image\/webp\" \/>\n<script type=\"application\/ld+json\" class=\"yoast-schema-graph\">{\"@context\":\"https:\\\/\\\/schema.org\",\"@graph\":[{\"@type\":\"WebPage\",\"@id\":\"https:\\\/\\\/naturalpoland.com\\\/es\\\/productos\\\/productos-para-la-industria-farmaceutica-y-medica\\\/aditivos-para-complementos-alimenticios\\\/prolitina-a-lsme-urolitina-a\\\/\",\"url\":\"https:\\\/\\\/naturalpoland.com\\\/es\\\/productos\\\/productos-para-la-industria-farmaceutica-y-medica\\\/aditivos-para-complementos-alimenticios\\\/prolitina-a-lsme-urolitina-a\\\/\",\"name\":\"Urolitina A - NATURAL POLAND - Distribuidor Mayorista de Materias Primas\",\"isPartOf\":{\"@id\":\"https:\\\/\\\/naturalpoland.com\\\/es\\\/#website\"},\"primaryImageOfPage\":{\"@id\":\"https:\\\/\\\/naturalpoland.com\\\/es\\\/productos\\\/productos-para-la-industria-farmaceutica-y-medica\\\/aditivos-para-complementos-alimenticios\\\/prolitina-a-lsme-urolitina-a\\\/#primaryimage\"},\"image\":{\"@id\":\"https:\\\/\\\/naturalpoland.com\\\/es\\\/productos\\\/productos-para-la-industria-farmaceutica-y-medica\\\/aditivos-para-complementos-alimenticios\\\/prolitina-a-lsme-urolitina-a\\\/#primaryimage\"},\"thumbnailUrl\":\"https:\\\/\\\/naturalpoland.com\\\/wp-content\\\/uploads\\\/urolithin.webp\",\"datePublished\":\"2024-07-10T08:55:01+00:00\",\"dateModified\":\"2024-08-29T11:08:46+00:00\",\"description\":\"La Urolitina A es un ingrediente innovador que favorece la salud muscular y el sistema inmunitario gracias a sus propiedades antienvejecimiento \u00fanicas.\",\"breadcrumb\":{\"@id\":\"https:\\\/\\\/naturalpoland.com\\\/es\\\/productos\\\/productos-para-la-industria-farmaceutica-y-medica\\\/aditivos-para-complementos-alimenticios\\\/prolitina-a-lsme-urolitina-a\\\/#breadcrumb\"},\"inLanguage\":\"es\",\"potentialAction\":[{\"@type\":\"ReadAction\",\"target\":[\"https:\\\/\\\/naturalpoland.com\\\/es\\\/productos\\\/productos-para-la-industria-farmaceutica-y-medica\\\/aditivos-para-complementos-alimenticios\\\/prolitina-a-lsme-urolitina-a\\\/\"]}]},{\"@type\":\"ImageObject\",\"inLanguage\":\"es\",\"@id\":\"https:\\\/\\\/naturalpoland.com\\\/es\\\/productos\\\/productos-para-la-industria-farmaceutica-y-medica\\\/aditivos-para-complementos-alimenticios\\\/prolitina-a-lsme-urolitina-a\\\/#primaryimage\",\"url\":\"https:\\\/\\\/naturalpoland.com\\\/wp-content\\\/uploads\\\/urolithin.webp\",\"contentUrl\":\"https:\\\/\\\/naturalpoland.com\\\/wp-content\\\/uploads\\\/urolithin.webp\",\"width\":606,\"height\":606,\"caption\":\"Urolityna A w postaci\"},{\"@type\":\"BreadcrumbList\",\"@id\":\"https:\\\/\\\/naturalpoland.com\\\/es\\\/productos\\\/productos-para-la-industria-farmaceutica-y-medica\\\/aditivos-para-complementos-alimenticios\\\/prolitina-a-lsme-urolitina-a\\\/#breadcrumb\",\"itemListElement\":[{\"@type\":\"ListItem\",\"position\":1,\"name\":\"Inicio\",\"item\":\"https:\\\/\\\/naturalpoland.com\\\/es\\\/\"},{\"@type\":\"ListItem\",\"position\":2,\"name\":\"Productos\",\"item\":\"https:\\\/\\\/naturalpoland.com\\\/es\\\/productos\\\/\"},{\"@type\":\"ListItem\",\"position\":3,\"name\":\"Urolitina A\"}]},{\"@type\":\"WebSite\",\"@id\":\"https:\\\/\\\/naturalpoland.com\\\/es\\\/#website\",\"url\":\"https:\\\/\\\/naturalpoland.com\\\/es\\\/\",\"name\":\"NATURAL POLAND - Distribuidor Mayorista de Materias Primas\",\"description\":\"Surowce dla przemys\u0142u spo\u017cywczego, kosmetycznego i farmaceutycznego\",\"publisher\":{\"@id\":\"https:\\\/\\\/naturalpoland.com\\\/es\\\/#organization\"},\"potentialAction\":[{\"@type\":\"SearchAction\",\"target\":{\"@type\":\"EntryPoint\",\"urlTemplate\":\"https:\\\/\\\/naturalpoland.com\\\/es\\\/?s={search_term_string}\"},\"query-input\":{\"@type\":\"PropertyValueSpecification\",\"valueRequired\":true,\"valueName\":\"search_term_string\"}}],\"inLanguage\":\"es\"},{\"@type\":\"Organization\",\"@id\":\"https:\\\/\\\/naturalpoland.com\\\/es\\\/#organization\",\"name\":\"Natural Poland\",\"url\":\"https:\\\/\\\/naturalpoland.com\\\/es\\\/\",\"logo\":{\"@type\":\"ImageObject\",\"inLanguage\":\"es\",\"@id\":\"https:\\\/\\\/naturalpoland.com\\\/es\\\/#\\\/schema\\\/logo\\\/image\\\/\",\"url\":\"https:\\\/\\\/naturalpoland.com\\\/wp-content\\\/uploads\\\/2021\\\/05\\\/natural-poland-icon.png\",\"contentUrl\":\"https:\\\/\\\/naturalpoland.com\\\/wp-content\\\/uploads\\\/2021\\\/05\\\/natural-poland-icon.png\",\"width\":512,\"height\":512,\"caption\":\"Natural Poland\"},\"image\":{\"@id\":\"https:\\\/\\\/naturalpoland.com\\\/es\\\/#\\\/schema\\\/logo\\\/image\\\/\"},\"sameAs\":[\"https:\\\/\\\/www.facebook.com\\\/naturalpoland.b2b\",\"https:\\\/\\\/pl.linkedin.com\\\/company\\\/natural-poland\",\"https:\\\/\\\/www.youtube.com\\\/channel\\\/UCgeGGkvOMahZo-xu_MSEWxg\"]}]}<\/script>\n<!-- \/ Yoast SEO plugin. -->","yoast_head_json":{"title":"Urolitina A - NATURAL POLAND - Distribuidor Mayorista de Materias Primas","description":"La Urolitina A es un ingrediente innovador que favorece la salud muscular y el sistema inmunitario gracias a sus propiedades antienvejecimiento \u00fanicas.","robots":{"index":"index","follow":"follow","max-snippet":"max-snippet:-1","max-image-preview":"max-image-preview:large","max-video-preview":"max-video-preview:-1"},"canonical":"https:\/\/naturalpoland.com\/es\/productos\/productos-para-la-industria-farmaceutica-y-medica\/aditivos-para-complementos-alimenticios\/prolitina-a-lsme-urolitina-a\/","og_locale":"es_ES","og_type":"article","og_title":"Urolitina A - NATURAL POLAND - Distribuidor Mayorista de Materias Primas","og_description":"La Urolitina A es un ingrediente innovador que favorece la salud muscular y el sistema inmunitario gracias a sus propiedades antienvejecimiento \u00fanicas.","og_url":"https:\/\/naturalpoland.com\/es\/productos\/productos-para-la-industria-farmaceutica-y-medica\/aditivos-para-complementos-alimenticios\/prolitina-a-lsme-urolitina-a\/","og_site_name":"NATURAL POLAND - Distribuidor Mayorista de Materias Primas","article_publisher":"https:\/\/www.facebook.com\/naturalpoland.b2b","article_modified_time":"2024-08-29T11:08:46+00:00","og_image":[{"width":606,"height":606,"url":"https:\/\/naturalpoland.com\/wp-content\/uploads\/urolithin.webp","type":"image\/webp"}],"schema":{"@context":"https:\/\/schema.org","@graph":[{"@type":"WebPage","@id":"https:\/\/naturalpoland.com\/es\/productos\/productos-para-la-industria-farmaceutica-y-medica\/aditivos-para-complementos-alimenticios\/prolitina-a-lsme-urolitina-a\/","url":"https:\/\/naturalpoland.com\/es\/productos\/productos-para-la-industria-farmaceutica-y-medica\/aditivos-para-complementos-alimenticios\/prolitina-a-lsme-urolitina-a\/","name":"Urolitina A - NATURAL POLAND - Distribuidor Mayorista de Materias Primas","isPartOf":{"@id":"https:\/\/naturalpoland.com\/es\/#website"},"primaryImageOfPage":{"@id":"https:\/\/naturalpoland.com\/es\/productos\/productos-para-la-industria-farmaceutica-y-medica\/aditivos-para-complementos-alimenticios\/prolitina-a-lsme-urolitina-a\/#primaryimage"},"image":{"@id":"https:\/\/naturalpoland.com\/es\/productos\/productos-para-la-industria-farmaceutica-y-medica\/aditivos-para-complementos-alimenticios\/prolitina-a-lsme-urolitina-a\/#primaryimage"},"thumbnailUrl":"https:\/\/naturalpoland.com\/wp-content\/uploads\/urolithin.webp","datePublished":"2024-07-10T08:55:01+00:00","dateModified":"2024-08-29T11:08:46+00:00","description":"La Urolitina A es un ingrediente innovador que favorece la salud muscular y el sistema inmunitario gracias a sus propiedades antienvejecimiento \u00fanicas.","breadcrumb":{"@id":"https:\/\/naturalpoland.com\/es\/productos\/productos-para-la-industria-farmaceutica-y-medica\/aditivos-para-complementos-alimenticios\/prolitina-a-lsme-urolitina-a\/#breadcrumb"},"inLanguage":"es","potentialAction":[{"@type":"ReadAction","target":["https:\/\/naturalpoland.com\/es\/productos\/productos-para-la-industria-farmaceutica-y-medica\/aditivos-para-complementos-alimenticios\/prolitina-a-lsme-urolitina-a\/"]}]},{"@type":"ImageObject","inLanguage":"es","@id":"https:\/\/naturalpoland.com\/es\/productos\/productos-para-la-industria-farmaceutica-y-medica\/aditivos-para-complementos-alimenticios\/prolitina-a-lsme-urolitina-a\/#primaryimage","url":"https:\/\/naturalpoland.com\/wp-content\/uploads\/urolithin.webp","contentUrl":"https:\/\/naturalpoland.com\/wp-content\/uploads\/urolithin.webp","width":606,"height":606,"caption":"Urolityna A w postaci"},{"@type":"BreadcrumbList","@id":"https:\/\/naturalpoland.com\/es\/productos\/productos-para-la-industria-farmaceutica-y-medica\/aditivos-para-complementos-alimenticios\/prolitina-a-lsme-urolitina-a\/#breadcrumb","itemListElement":[{"@type":"ListItem","position":1,"name":"Inicio","item":"https:\/\/naturalpoland.com\/es\/"},{"@type":"ListItem","position":2,"name":"Productos","item":"https:\/\/naturalpoland.com\/es\/productos\/"},{"@type":"ListItem","position":3,"name":"Urolitina A"}]},{"@type":"WebSite","@id":"https:\/\/naturalpoland.com\/es\/#website","url":"https:\/\/naturalpoland.com\/es\/","name":"NATURAL POLAND - Distribuidor Mayorista de Materias Primas","description":"Surowce dla przemys\u0142u spo\u017cywczego, kosmetycznego i farmaceutycznego","publisher":{"@id":"https:\/\/naturalpoland.com\/es\/#organization"},"potentialAction":[{"@type":"SearchAction","target":{"@type":"EntryPoint","urlTemplate":"https:\/\/naturalpoland.com\/es\/?s={search_term_string}"},"query-input":{"@type":"PropertyValueSpecification","valueRequired":true,"valueName":"search_term_string"}}],"inLanguage":"es"},{"@type":"Organization","@id":"https:\/\/naturalpoland.com\/es\/#organization","name":"Natural Poland","url":"https:\/\/naturalpoland.com\/es\/","logo":{"@type":"ImageObject","inLanguage":"es","@id":"https:\/\/naturalpoland.com\/es\/#\/schema\/logo\/image\/","url":"https:\/\/naturalpoland.com\/wp-content\/uploads\/2021\/05\/natural-poland-icon.png","contentUrl":"https:\/\/naturalpoland.com\/wp-content\/uploads\/2021\/05\/natural-poland-icon.png","width":512,"height":512,"caption":"Natural Poland"},"image":{"@id":"https:\/\/naturalpoland.com\/es\/#\/schema\/logo\/image\/"},"sameAs":["https:\/\/www.facebook.com\/naturalpoland.b2b","https:\/\/pl.linkedin.com\/company\/natural-poland","https:\/\/www.youtube.com\/channel\/UCgeGGkvOMahZo-xu_MSEWxg"]}]}},"_links":{"self":[{"href":"https:\/\/naturalpoland.com\/es\/wp-json\/wp\/v2\/product\/33533","targetHints":{"allow":["GET"]}}],"collection":[{"href":"https:\/\/naturalpoland.com\/es\/wp-json\/wp\/v2\/product"}],"about":[{"href":"https:\/\/naturalpoland.com\/es\/wp-json\/wp\/v2\/types\/product"}],"wp:featuredmedia":[{"embeddable":true,"href":"https:\/\/naturalpoland.com\/es\/wp-json\/wp\/v2\/media\/33233"}],"wp:attachment":[{"href":"https:\/\/naturalpoland.com\/es\/wp-json\/wp\/v2\/media?parent=33533"}],"wp:term":[{"taxonomy":"product_brand","embeddable":true,"href":"https:\/\/naturalpoland.com\/es\/wp-json\/wp\/v2\/product_brand?post=33533"},{"taxonomy":"product_cat","embeddable":true,"href":"https:\/\/naturalpoland.com\/es\/wp-json\/wp\/v2\/product_cat?post=33533"},{"taxonomy":"product_tag","embeddable":true,"href":"https:\/\/naturalpoland.com\/es\/wp-json\/wp\/v2\/product_tag?post=33533"}],"curies":[{"name":"wp","href":"https:\/\/api.w.org\/{rel}","templated":true}]}}