{"id":34601,"date":"2024-08-02T12:07:16","date_gmt":"2024-08-05T09:21:25","guid":{"rendered":"https:\/\/naturalpoland.com\/produkty\/sin categor\u00eda\/astaxantina\/"},"modified":"2024-08-05T11:21:25","modified_gmt":"2024-08-05T09:21:25","slug":"astaxantina","status":"publish","type":"product","link":"https:\/\/naturalpoland.com\/es\/productos\/productos-para-la-industria-farmaceutica-y-medica\/aditivos-para-complementos-alimenticios\/astaxantina\/","title":{"rendered":"Astaxantina"},"content":{"rendered":"<h2>Propiedades<\/h2>\n<p>  El aceite de astaxantina es un potente antioxidante que neutraliza los radicales libres y protege las c\u00e9lulas del estr\u00e9s oxidativo.<br \/>\nReduce la aparici\u00f3n de arrugas y protege contra los efectos da\u00f1inos de la radiaci\u00f3n UV.<br \/>\nLa astaxantina tambi\u00e9n favorece la salud ocular protegiendo la retina y reduciendo el riesgo de degeneraci\u00f3n macular.<br \/>\nAdem\u00e1s, este producto puede reforzar el sistema inmunitario y favorecer la vitalidad general del organismo.     <\/p>\n<h2>Aplicaci\u00f3n<\/h2>\n<p>  El aceite de astaxantina se utiliza en suplementos diet\u00e9ticos, productos para el cuidado de la piel y f\u00f3rmulas de apoyo a la salud ocular.<br \/>\nPuede a\u00f1adirse a c\u00e1psulas, sueros, cremas y aceites de masaje.   &nbsp;<\/p>\n","protected":false},"excerpt":{"rendered":"<p>El <strong>aceite de astaxantina<\/strong> se produce a partir de materias primas vegetales utilizando los disolventes etanol y agua.<br \/>\nEl producto contiene un alto contenido de astaxantina, lo que lo convierte en uno de los antioxidantes m\u00e1s potentes disponibles en el mercado. <\/p>\n","protected":false},"featured_media":34508,"template":"","meta":{"_acf_changed":false},"product_brand":[],"product_cat":[1076],"product_tag":[],"class_list":{"0":"post-34601","1":"product","2":"type-product","3":"status-publish","4":"has-post-thumbnail","6":"product_cat-aditivos-para-complementos-alimenticios","7":"pa_czesc-rosliny-fruta","9":"first","10":"instock","11":"shipping-taxable","12":"product-type-simple"},"acf":[],"yoast_head":"<!-- This site is optimized with the Yoast SEO plugin v27.4 - https:\/\/yoast.com\/product\/yoast-seo-wordpress\/ -->\n<title>Astaxantina - NATURAL POLAND - Distribuidor Mayorista de Materias Primas<\/title>\n<meta name=\"description\" content=\"La astaxantina es conocida por sus potentes propiedades antioxidantes que favorecen la salud de la piel, los ojos y el sistema inmunitario.\" \/>\n<meta name=\"robots\" content=\"index, follow, max-snippet:-1, max-image-preview:large, max-video-preview:-1\" \/>\n<link rel=\"canonical\" href=\"https:\/\/naturalpoland.com\/es\/productos\/productos-para-la-industria-farmaceutica-y-medica\/aditivos-para-complementos-alimenticios\/astaxantina\/\" \/>\n<meta property=\"og:locale\" content=\"es_ES\" \/>\n<meta property=\"og:type\" content=\"article\" \/>\n<meta property=\"og:title\" content=\"Astaxantina - NATURAL POLAND - Distribuidor Mayorista de Materias Primas\" \/>\n<meta property=\"og:description\" content=\"La astaxantina es conocida por sus potentes propiedades antioxidantes que favorecen la salud de la piel, los ojos y el sistema inmunitario.\" \/>\n<meta property=\"og:url\" content=\"https:\/\/naturalpoland.com\/es\/productos\/productos-para-la-industria-farmaceutica-y-medica\/aditivos-para-complementos-alimenticios\/astaxantina\/\" \/>\n<meta property=\"og:site_name\" content=\"NATURAL POLAND - Distribuidor Mayorista de Materias Primas\" \/>\n<meta property=\"article:publisher\" content=\"https:\/\/www.facebook.com\/naturalpoland.b2b\" \/>\n<meta property=\"og:image\" content=\"https:\/\/naturalpoland.com\/wp-content\/uploads\/astaksantyna.webp\" \/>\n\t<meta property=\"og:image:width\" content=\"350\" \/>\n\t<meta property=\"og:image:height\" content=\"350\" \/>\n\t<meta property=\"og:image:type\" content=\"image\/webp\" \/>\n<script type=\"application\/ld+json\" class=\"yoast-schema-graph\">{\"@context\":\"https:\\\/\\\/schema.org\",\"@graph\":[{\"@type\":\"WebPage\",\"@id\":\"https:\\\/\\\/naturalpoland.com\\\/es\\\/productos\\\/productos-para-la-industria-farmaceutica-y-medica\\\/aditivos-para-complementos-alimenticios\\\/astaxantina\\\/\",\"url\":\"https:\\\/\\\/naturalpoland.com\\\/es\\\/productos\\\/productos-para-la-industria-farmaceutica-y-medica\\\/aditivos-para-complementos-alimenticios\\\/astaxantina\\\/\",\"name\":\"Astaxantina - NATURAL POLAND - Distribuidor Mayorista de Materias Primas\",\"isPartOf\":{\"@id\":\"https:\\\/\\\/naturalpoland.com\\\/es\\\/#website\"},\"primaryImageOfPage\":{\"@id\":\"https:\\\/\\\/naturalpoland.com\\\/es\\\/productos\\\/productos-para-la-industria-farmaceutica-y-medica\\\/aditivos-para-complementos-alimenticios\\\/astaxantina\\\/#primaryimage\"},\"image\":{\"@id\":\"https:\\\/\\\/naturalpoland.com\\\/es\\\/productos\\\/productos-para-la-industria-farmaceutica-y-medica\\\/aditivos-para-complementos-alimenticios\\\/astaxantina\\\/#primaryimage\"},\"thumbnailUrl\":\"https:\\\/\\\/naturalpoland.com\\\/wp-content\\\/uploads\\\/astaksantyna.webp\",\"datePublished\":\"2024-08-05T09:21:25+00:00\",\"description\":\"La astaxantina es conocida por sus potentes propiedades antioxidantes que favorecen la salud de la piel, los ojos y el sistema inmunitario.\",\"breadcrumb\":{\"@id\":\"https:\\\/\\\/naturalpoland.com\\\/es\\\/productos\\\/productos-para-la-industria-farmaceutica-y-medica\\\/aditivos-para-complementos-alimenticios\\\/astaxantina\\\/#breadcrumb\"},\"inLanguage\":\"es\",\"potentialAction\":[{\"@type\":\"ReadAction\",\"target\":[\"https:\\\/\\\/naturalpoland.com\\\/es\\\/productos\\\/productos-para-la-industria-farmaceutica-y-medica\\\/aditivos-para-complementos-alimenticios\\\/astaxantina\\\/\"]}]},{\"@type\":\"ImageObject\",\"inLanguage\":\"es\",\"@id\":\"https:\\\/\\\/naturalpoland.com\\\/es\\\/productos\\\/productos-para-la-industria-farmaceutica-y-medica\\\/aditivos-para-complementos-alimenticios\\\/astaxantina\\\/#primaryimage\",\"url\":\"https:\\\/\\\/naturalpoland.com\\\/wp-content\\\/uploads\\\/astaksantyna.webp\",\"contentUrl\":\"https:\\\/\\\/naturalpoland.com\\\/wp-content\\\/uploads\\\/astaksantyna.webp\",\"width\":350,\"height\":350,\"caption\":\"astaksantyna\"},{\"@type\":\"BreadcrumbList\",\"@id\":\"https:\\\/\\\/naturalpoland.com\\\/es\\\/productos\\\/productos-para-la-industria-farmaceutica-y-medica\\\/aditivos-para-complementos-alimenticios\\\/astaxantina\\\/#breadcrumb\",\"itemListElement\":[{\"@type\":\"ListItem\",\"position\":1,\"name\":\"Inicio\",\"item\":\"https:\\\/\\\/naturalpoland.com\\\/es\\\/\"},{\"@type\":\"ListItem\",\"position\":2,\"name\":\"Productos\",\"item\":\"https:\\\/\\\/naturalpoland.com\\\/es\\\/productos\\\/\"},{\"@type\":\"ListItem\",\"position\":3,\"name\":\"Astaxantina\"}]},{\"@type\":\"WebSite\",\"@id\":\"https:\\\/\\\/naturalpoland.com\\\/es\\\/#website\",\"url\":\"https:\\\/\\\/naturalpoland.com\\\/es\\\/\",\"name\":\"NATURAL POLAND - Distribuidor Mayorista de Materias Primas\",\"description\":\"Surowce dla przemys\u0142u spo\u017cywczego, kosmetycznego i farmaceutycznego\",\"publisher\":{\"@id\":\"https:\\\/\\\/naturalpoland.com\\\/es\\\/#organization\"},\"potentialAction\":[{\"@type\":\"SearchAction\",\"target\":{\"@type\":\"EntryPoint\",\"urlTemplate\":\"https:\\\/\\\/naturalpoland.com\\\/es\\\/?s={search_term_string}\"},\"query-input\":{\"@type\":\"PropertyValueSpecification\",\"valueRequired\":true,\"valueName\":\"search_term_string\"}}],\"inLanguage\":\"es\"},{\"@type\":\"Organization\",\"@id\":\"https:\\\/\\\/naturalpoland.com\\\/es\\\/#organization\",\"name\":\"Natural Poland\",\"url\":\"https:\\\/\\\/naturalpoland.com\\\/es\\\/\",\"logo\":{\"@type\":\"ImageObject\",\"inLanguage\":\"es\",\"@id\":\"https:\\\/\\\/naturalpoland.com\\\/es\\\/#\\\/schema\\\/logo\\\/image\\\/\",\"url\":\"https:\\\/\\\/naturalpoland.com\\\/wp-content\\\/uploads\\\/2021\\\/05\\\/natural-poland-icon.png\",\"contentUrl\":\"https:\\\/\\\/naturalpoland.com\\\/wp-content\\\/uploads\\\/2021\\\/05\\\/natural-poland-icon.png\",\"width\":512,\"height\":512,\"caption\":\"Natural Poland\"},\"image\":{\"@id\":\"https:\\\/\\\/naturalpoland.com\\\/es\\\/#\\\/schema\\\/logo\\\/image\\\/\"},\"sameAs\":[\"https:\\\/\\\/www.facebook.com\\\/naturalpoland.b2b\",\"https:\\\/\\\/pl.linkedin.com\\\/company\\\/natural-poland\",\"https:\\\/\\\/www.youtube.com\\\/channel\\\/UCgeGGkvOMahZo-xu_MSEWxg\"]}]}<\/script>\n<!-- \/ Yoast SEO plugin. -->","yoast_head_json":{"title":"Astaxantina - NATURAL POLAND - Distribuidor Mayorista de Materias Primas","description":"La astaxantina es conocida por sus potentes propiedades antioxidantes que favorecen la salud de la piel, los ojos y el sistema inmunitario.","robots":{"index":"index","follow":"follow","max-snippet":"max-snippet:-1","max-image-preview":"max-image-preview:large","max-video-preview":"max-video-preview:-1"},"canonical":"https:\/\/naturalpoland.com\/es\/productos\/productos-para-la-industria-farmaceutica-y-medica\/aditivos-para-complementos-alimenticios\/astaxantina\/","og_locale":"es_ES","og_type":"article","og_title":"Astaxantina - NATURAL POLAND - Distribuidor Mayorista de Materias Primas","og_description":"La astaxantina es conocida por sus potentes propiedades antioxidantes que favorecen la salud de la piel, los ojos y el sistema inmunitario.","og_url":"https:\/\/naturalpoland.com\/es\/productos\/productos-para-la-industria-farmaceutica-y-medica\/aditivos-para-complementos-alimenticios\/astaxantina\/","og_site_name":"NATURAL POLAND - Distribuidor Mayorista de Materias Primas","article_publisher":"https:\/\/www.facebook.com\/naturalpoland.b2b","og_image":[{"width":350,"height":350,"url":"https:\/\/naturalpoland.com\/wp-content\/uploads\/astaksantyna.webp","type":"image\/webp"}],"schema":{"@context":"https:\/\/schema.org","@graph":[{"@type":"WebPage","@id":"https:\/\/naturalpoland.com\/es\/productos\/productos-para-la-industria-farmaceutica-y-medica\/aditivos-para-complementos-alimenticios\/astaxantina\/","url":"https:\/\/naturalpoland.com\/es\/productos\/productos-para-la-industria-farmaceutica-y-medica\/aditivos-para-complementos-alimenticios\/astaxantina\/","name":"Astaxantina - NATURAL POLAND - Distribuidor Mayorista de Materias Primas","isPartOf":{"@id":"https:\/\/naturalpoland.com\/es\/#website"},"primaryImageOfPage":{"@id":"https:\/\/naturalpoland.com\/es\/productos\/productos-para-la-industria-farmaceutica-y-medica\/aditivos-para-complementos-alimenticios\/astaxantina\/#primaryimage"},"image":{"@id":"https:\/\/naturalpoland.com\/es\/productos\/productos-para-la-industria-farmaceutica-y-medica\/aditivos-para-complementos-alimenticios\/astaxantina\/#primaryimage"},"thumbnailUrl":"https:\/\/naturalpoland.com\/wp-content\/uploads\/astaksantyna.webp","datePublished":"2024-08-05T09:21:25+00:00","description":"La astaxantina es conocida por sus potentes propiedades antioxidantes que favorecen la salud de la piel, los ojos y el sistema inmunitario.","breadcrumb":{"@id":"https:\/\/naturalpoland.com\/es\/productos\/productos-para-la-industria-farmaceutica-y-medica\/aditivos-para-complementos-alimenticios\/astaxantina\/#breadcrumb"},"inLanguage":"es","potentialAction":[{"@type":"ReadAction","target":["https:\/\/naturalpoland.com\/es\/productos\/productos-para-la-industria-farmaceutica-y-medica\/aditivos-para-complementos-alimenticios\/astaxantina\/"]}]},{"@type":"ImageObject","inLanguage":"es","@id":"https:\/\/naturalpoland.com\/es\/productos\/productos-para-la-industria-farmaceutica-y-medica\/aditivos-para-complementos-alimenticios\/astaxantina\/#primaryimage","url":"https:\/\/naturalpoland.com\/wp-content\/uploads\/astaksantyna.webp","contentUrl":"https:\/\/naturalpoland.com\/wp-content\/uploads\/astaksantyna.webp","width":350,"height":350,"caption":"astaksantyna"},{"@type":"BreadcrumbList","@id":"https:\/\/naturalpoland.com\/es\/productos\/productos-para-la-industria-farmaceutica-y-medica\/aditivos-para-complementos-alimenticios\/astaxantina\/#breadcrumb","itemListElement":[{"@type":"ListItem","position":1,"name":"Inicio","item":"https:\/\/naturalpoland.com\/es\/"},{"@type":"ListItem","position":2,"name":"Productos","item":"https:\/\/naturalpoland.com\/es\/productos\/"},{"@type":"ListItem","position":3,"name":"Astaxantina"}]},{"@type":"WebSite","@id":"https:\/\/naturalpoland.com\/es\/#website","url":"https:\/\/naturalpoland.com\/es\/","name":"NATURAL POLAND - Distribuidor Mayorista de Materias Primas","description":"Surowce dla przemys\u0142u spo\u017cywczego, kosmetycznego i farmaceutycznego","publisher":{"@id":"https:\/\/naturalpoland.com\/es\/#organization"},"potentialAction":[{"@type":"SearchAction","target":{"@type":"EntryPoint","urlTemplate":"https:\/\/naturalpoland.com\/es\/?s={search_term_string}"},"query-input":{"@type":"PropertyValueSpecification","valueRequired":true,"valueName":"search_term_string"}}],"inLanguage":"es"},{"@type":"Organization","@id":"https:\/\/naturalpoland.com\/es\/#organization","name":"Natural Poland","url":"https:\/\/naturalpoland.com\/es\/","logo":{"@type":"ImageObject","inLanguage":"es","@id":"https:\/\/naturalpoland.com\/es\/#\/schema\/logo\/image\/","url":"https:\/\/naturalpoland.com\/wp-content\/uploads\/2021\/05\/natural-poland-icon.png","contentUrl":"https:\/\/naturalpoland.com\/wp-content\/uploads\/2021\/05\/natural-poland-icon.png","width":512,"height":512,"caption":"Natural Poland"},"image":{"@id":"https:\/\/naturalpoland.com\/es\/#\/schema\/logo\/image\/"},"sameAs":["https:\/\/www.facebook.com\/naturalpoland.b2b","https:\/\/pl.linkedin.com\/company\/natural-poland","https:\/\/www.youtube.com\/channel\/UCgeGGkvOMahZo-xu_MSEWxg"]}]}},"_links":{"self":[{"href":"https:\/\/naturalpoland.com\/es\/wp-json\/wp\/v2\/product\/34601","targetHints":{"allow":["GET"]}}],"collection":[{"href":"https:\/\/naturalpoland.com\/es\/wp-json\/wp\/v2\/product"}],"about":[{"href":"https:\/\/naturalpoland.com\/es\/wp-json\/wp\/v2\/types\/product"}],"wp:featuredmedia":[{"embeddable":true,"href":"https:\/\/naturalpoland.com\/es\/wp-json\/wp\/v2\/media\/34508"}],"wp:attachment":[{"href":"https:\/\/naturalpoland.com\/es\/wp-json\/wp\/v2\/media?parent=34601"}],"wp:term":[{"taxonomy":"product_brand","embeddable":true,"href":"https:\/\/naturalpoland.com\/es\/wp-json\/wp\/v2\/product_brand?post=34601"},{"taxonomy":"product_cat","embeddable":true,"href":"https:\/\/naturalpoland.com\/es\/wp-json\/wp\/v2\/product_cat?post=34601"},{"taxonomy":"product_tag","embeddable":true,"href":"https:\/\/naturalpoland.com\/es\/wp-json\/wp\/v2\/product_tag?post=34601"}],"curies":[{"name":"wp","href":"https:\/\/api.w.org\/{rel}","templated":true}]}}