{"id":34977,"date":"2024-08-30T11:17:37","date_gmt":"2024-08-30T10:01:49","guid":{"rendered":"https:\/\/naturalpoland.com\/produkty\/sin categor\u00eda\/clorhidrato-de-ribosida-nicotinamida-nr\/"},"modified":"2024-08-30T12:01:49","modified_gmt":"2024-08-30T10:01:49","slug":"clorhidrato-de-ribosida-nicotinamida-nr","status":"publish","type":"product","link":"https:\/\/naturalpoland.com\/es\/productos\/productos-para-la-industria-farmaceutica-y-medica\/aditivos-para-complementos-alimenticios\/clorhidrato-de-ribosida-nicotinamida-nr\/","title":{"rendered":"Clorhidrato de nicotinamida rib\u00f3sido (NR)"},"content":{"rendered":"<h2>Propiedades del NR<\/h2>\n<p>  El clorhidrato de nicotinamida rib\u00f3sido ayuda a aumentar los niveles de NAD+ en las c\u00e9lulas.<br \/>\nEl NAD+ es una coenzima clave en los procesos metab\u00f3licos, responsable de la producci\u00f3n de energ\u00eda, la reparaci\u00f3n del ADN, la regulaci\u00f3n del ciclo del sue\u00f1o y la vigilia y la salud del sistema nervioso.<br \/>\nPor ello, el NR es especialmente apreciado por sus propiedades antienvejecimiento, que favorecen la regeneraci\u00f3n celular y mejoran la funci\u00f3n mitocondrial.<br \/>\nAdem\u00e1s, las investigaciones indican que la suplementaci\u00f3n con NR puede favorecer la salud cardiaca, el sistema inmunitario y mejorar la vitalidad general del organismo.     <\/p>\n<h2>Aplicaci\u00f3n NR<\/h2>\n<p>  El clorhidrato de nicotinamida rib\u00f3sido se utiliza como ingrediente en complementos diet\u00e9ticos, sobre todo en los que se centran en apoyar la salud celular, mejorar la energ\u00eda y apoyar la salud del coraz\u00f3n y el cerebro.<br \/>\nY combatir los efectos del envejecimiento.<br \/>\nEl NR tambi\u00e9n se utiliza en productos antienvejecimiento destinados a <span style=\"font-size: 14.4px;\">ralentizar el proceso de envejecimiento, mejorar la elasticidad de la piel y favorecer la regeneraci\u00f3n celular.<\/span> Como precursor del NAD+, el NR puede utilizarse en productos destinados a mejorar los niveles de energ\u00eda y favorecer el rendimiento f\u00edsico y mental.  <\/p>\n","protected":false},"excerpt":{"rendered":"<p><strong>El clorhidrato de nicotinamida rib\u00f3sido (NR)<\/strong> es una forma de vitamina B3 (niacina).<br \/>\nMuestra capacidad para aumentar los niveles de NAD+ (nicotinamida adenina dinucle\u00f3tido) en el organismo, mejorando as\u00ed la funci\u00f3n mitocondrial y aumentando la vitalidad. <\/p>\n","protected":false},"featured_media":34950,"template":"","meta":{"_acf_changed":false},"product_brand":[],"product_cat":[1076,1078],"product_tag":[],"class_list":{"0":"post-34977","1":"product","2":"type-product","3":"status-publish","4":"has-post-thumbnail","6":"product_cat-aditivos-para-complementos-alimenticios","7":"product_cat-vitaminas","9":"first","10":"instock","11":"shipping-taxable","12":"product-type-simple"},"acf":[],"yoast_head":"<!-- This site is optimized with the Yoast SEO plugin v27.4 - https:\/\/yoast.com\/product\/yoast-seo-wordpress\/ -->\n<title>Clorhidrato de nicotinamida rib\u00f3sido (NR) - NATURAL POLAND - Distribuidor Mayorista de Materias Primas<\/title>\n<meta name=\"description\" content=\"El clorhidrato de nicotinamida rib\u00f3sido tiene la capacidad de aumentar los niveles de NAD+. Es un ingrediente ideal en suplementos diet\u00e9ticos y productos antienvejecimiento.\" \/>\n<meta name=\"robots\" content=\"index, follow, max-snippet:-1, max-image-preview:large, max-video-preview:-1\" \/>\n<link rel=\"canonical\" href=\"https:\/\/naturalpoland.com\/es\/productos\/productos-para-la-industria-farmaceutica-y-medica\/aditivos-para-complementos-alimenticios\/clorhidrato-de-ribosida-nicotinamida-nr\/\" \/>\n<meta property=\"og:locale\" content=\"es_ES\" \/>\n<meta property=\"og:type\" content=\"article\" \/>\n<meta property=\"og:title\" content=\"Clorhidrato de nicotinamida rib\u00f3sido (NR) - NATURAL POLAND - Distribuidor Mayorista de Materias Primas\" \/>\n<meta property=\"og:description\" content=\"El clorhidrato de nicotinamida rib\u00f3sido tiene la capacidad de aumentar los niveles de NAD+. Es un ingrediente ideal en suplementos diet\u00e9ticos y productos antienvejecimiento.\" \/>\n<meta property=\"og:url\" content=\"https:\/\/naturalpoland.com\/es\/productos\/productos-para-la-industria-farmaceutica-y-medica\/aditivos-para-complementos-alimenticios\/clorhidrato-de-ribosida-nicotinamida-nr\/\" \/>\n<meta property=\"og:site_name\" content=\"NATURAL POLAND - Distribuidor Mayorista de Materias Primas\" \/>\n<meta property=\"article:publisher\" content=\"https:\/\/www.facebook.com\/naturalpoland.b2b\" \/>\n<meta property=\"og:image\" content=\"https:\/\/naturalpoland.com\/wp-content\/uploads\/nr.webp\" \/>\n\t<meta property=\"og:image:width\" content=\"618\" \/>\n\t<meta property=\"og:image:height\" content=\"618\" \/>\n\t<meta property=\"og:image:type\" content=\"image\/webp\" \/>\n<script type=\"application\/ld+json\" class=\"yoast-schema-graph\">{\"@context\":\"https:\\\/\\\/schema.org\",\"@graph\":[{\"@type\":\"WebPage\",\"@id\":\"https:\\\/\\\/naturalpoland.com\\\/es\\\/productos\\\/productos-para-la-industria-farmaceutica-y-medica\\\/aditivos-para-complementos-alimenticios\\\/clorhidrato-de-ribosida-nicotinamida-nr\\\/\",\"url\":\"https:\\\/\\\/naturalpoland.com\\\/es\\\/productos\\\/productos-para-la-industria-farmaceutica-y-medica\\\/aditivos-para-complementos-alimenticios\\\/clorhidrato-de-ribosida-nicotinamida-nr\\\/\",\"name\":\"Clorhidrato de nicotinamida rib\u00f3sido (NR) - NATURAL POLAND - Distribuidor Mayorista de Materias Primas\",\"isPartOf\":{\"@id\":\"https:\\\/\\\/naturalpoland.com\\\/es\\\/#website\"},\"primaryImageOfPage\":{\"@id\":\"https:\\\/\\\/naturalpoland.com\\\/es\\\/productos\\\/productos-para-la-industria-farmaceutica-y-medica\\\/aditivos-para-complementos-alimenticios\\\/clorhidrato-de-ribosida-nicotinamida-nr\\\/#primaryimage\"},\"image\":{\"@id\":\"https:\\\/\\\/naturalpoland.com\\\/es\\\/productos\\\/productos-para-la-industria-farmaceutica-y-medica\\\/aditivos-para-complementos-alimenticios\\\/clorhidrato-de-ribosida-nicotinamida-nr\\\/#primaryimage\"},\"thumbnailUrl\":\"https:\\\/\\\/naturalpoland.com\\\/wp-content\\\/uploads\\\/nr.webp\",\"datePublished\":\"2024-08-30T10:01:49+00:00\",\"description\":\"El clorhidrato de nicotinamida rib\u00f3sido tiene la capacidad de aumentar los niveles de NAD+. Es un ingrediente ideal en suplementos diet\u00e9ticos y productos antienvejecimiento.\",\"breadcrumb\":{\"@id\":\"https:\\\/\\\/naturalpoland.com\\\/es\\\/productos\\\/productos-para-la-industria-farmaceutica-y-medica\\\/aditivos-para-complementos-alimenticios\\\/clorhidrato-de-ribosida-nicotinamida-nr\\\/#breadcrumb\"},\"inLanguage\":\"es\",\"potentialAction\":[{\"@type\":\"ReadAction\",\"target\":[\"https:\\\/\\\/naturalpoland.com\\\/es\\\/productos\\\/productos-para-la-industria-farmaceutica-y-medica\\\/aditivos-para-complementos-alimenticios\\\/clorhidrato-de-ribosida-nicotinamida-nr\\\/\"]}]},{\"@type\":\"ImageObject\",\"inLanguage\":\"es\",\"@id\":\"https:\\\/\\\/naturalpoland.com\\\/es\\\/productos\\\/productos-para-la-industria-farmaceutica-y-medica\\\/aditivos-para-complementos-alimenticios\\\/clorhidrato-de-ribosida-nicotinamida-nr\\\/#primaryimage\",\"url\":\"https:\\\/\\\/naturalpoland.com\\\/wp-content\\\/uploads\\\/nr.webp\",\"contentUrl\":\"https:\\\/\\\/naturalpoland.com\\\/wp-content\\\/uploads\\\/nr.webp\",\"width\":618,\"height\":618,\"caption\":\"chlorowodorek rybozydu nikotynamidu\"},{\"@type\":\"BreadcrumbList\",\"@id\":\"https:\\\/\\\/naturalpoland.com\\\/es\\\/productos\\\/productos-para-la-industria-farmaceutica-y-medica\\\/aditivos-para-complementos-alimenticios\\\/clorhidrato-de-ribosida-nicotinamida-nr\\\/#breadcrumb\",\"itemListElement\":[{\"@type\":\"ListItem\",\"position\":1,\"name\":\"Inicio\",\"item\":\"https:\\\/\\\/naturalpoland.com\\\/es\\\/\"},{\"@type\":\"ListItem\",\"position\":2,\"name\":\"Productos\",\"item\":\"https:\\\/\\\/naturalpoland.com\\\/es\\\/productos\\\/\"},{\"@type\":\"ListItem\",\"position\":3,\"name\":\"Clorhidrato de nicotinamida rib\u00f3sido (NR)\"}]},{\"@type\":\"WebSite\",\"@id\":\"https:\\\/\\\/naturalpoland.com\\\/es\\\/#website\",\"url\":\"https:\\\/\\\/naturalpoland.com\\\/es\\\/\",\"name\":\"NATURAL POLAND - Distribuidor Mayorista de Materias Primas\",\"description\":\"Surowce dla przemys\u0142u spo\u017cywczego, kosmetycznego i farmaceutycznego\",\"publisher\":{\"@id\":\"https:\\\/\\\/naturalpoland.com\\\/es\\\/#organization\"},\"potentialAction\":[{\"@type\":\"SearchAction\",\"target\":{\"@type\":\"EntryPoint\",\"urlTemplate\":\"https:\\\/\\\/naturalpoland.com\\\/es\\\/?s={search_term_string}\"},\"query-input\":{\"@type\":\"PropertyValueSpecification\",\"valueRequired\":true,\"valueName\":\"search_term_string\"}}],\"inLanguage\":\"es\"},{\"@type\":\"Organization\",\"@id\":\"https:\\\/\\\/naturalpoland.com\\\/es\\\/#organization\",\"name\":\"Natural Poland\",\"url\":\"https:\\\/\\\/naturalpoland.com\\\/es\\\/\",\"logo\":{\"@type\":\"ImageObject\",\"inLanguage\":\"es\",\"@id\":\"https:\\\/\\\/naturalpoland.com\\\/es\\\/#\\\/schema\\\/logo\\\/image\\\/\",\"url\":\"https:\\\/\\\/naturalpoland.com\\\/wp-content\\\/uploads\\\/2021\\\/05\\\/natural-poland-icon.png\",\"contentUrl\":\"https:\\\/\\\/naturalpoland.com\\\/wp-content\\\/uploads\\\/2021\\\/05\\\/natural-poland-icon.png\",\"width\":512,\"height\":512,\"caption\":\"Natural Poland\"},\"image\":{\"@id\":\"https:\\\/\\\/naturalpoland.com\\\/es\\\/#\\\/schema\\\/logo\\\/image\\\/\"},\"sameAs\":[\"https:\\\/\\\/www.facebook.com\\\/naturalpoland.b2b\",\"https:\\\/\\\/pl.linkedin.com\\\/company\\\/natural-poland\",\"https:\\\/\\\/www.youtube.com\\\/channel\\\/UCgeGGkvOMahZo-xu_MSEWxg\"]}]}<\/script>\n<!-- \/ Yoast SEO plugin. -->","yoast_head_json":{"title":"Clorhidrato de nicotinamida rib\u00f3sido (NR) - NATURAL POLAND - Distribuidor Mayorista de Materias Primas","description":"El clorhidrato de nicotinamida rib\u00f3sido tiene la capacidad de aumentar los niveles de NAD+. Es un ingrediente ideal en suplementos diet\u00e9ticos y productos antienvejecimiento.","robots":{"index":"index","follow":"follow","max-snippet":"max-snippet:-1","max-image-preview":"max-image-preview:large","max-video-preview":"max-video-preview:-1"},"canonical":"https:\/\/naturalpoland.com\/es\/productos\/productos-para-la-industria-farmaceutica-y-medica\/aditivos-para-complementos-alimenticios\/clorhidrato-de-ribosida-nicotinamida-nr\/","og_locale":"es_ES","og_type":"article","og_title":"Clorhidrato de nicotinamida rib\u00f3sido (NR) - NATURAL POLAND - Distribuidor Mayorista de Materias Primas","og_description":"El clorhidrato de nicotinamida rib\u00f3sido tiene la capacidad de aumentar los niveles de NAD+. Es un ingrediente ideal en suplementos diet\u00e9ticos y productos antienvejecimiento.","og_url":"https:\/\/naturalpoland.com\/es\/productos\/productos-para-la-industria-farmaceutica-y-medica\/aditivos-para-complementos-alimenticios\/clorhidrato-de-ribosida-nicotinamida-nr\/","og_site_name":"NATURAL POLAND - Distribuidor Mayorista de Materias Primas","article_publisher":"https:\/\/www.facebook.com\/naturalpoland.b2b","og_image":[{"width":618,"height":618,"url":"https:\/\/naturalpoland.com\/wp-content\/uploads\/nr.webp","type":"image\/webp"}],"schema":{"@context":"https:\/\/schema.org","@graph":[{"@type":"WebPage","@id":"https:\/\/naturalpoland.com\/es\/productos\/productos-para-la-industria-farmaceutica-y-medica\/aditivos-para-complementos-alimenticios\/clorhidrato-de-ribosida-nicotinamida-nr\/","url":"https:\/\/naturalpoland.com\/es\/productos\/productos-para-la-industria-farmaceutica-y-medica\/aditivos-para-complementos-alimenticios\/clorhidrato-de-ribosida-nicotinamida-nr\/","name":"Clorhidrato de nicotinamida rib\u00f3sido (NR) - NATURAL POLAND - Distribuidor Mayorista de Materias Primas","isPartOf":{"@id":"https:\/\/naturalpoland.com\/es\/#website"},"primaryImageOfPage":{"@id":"https:\/\/naturalpoland.com\/es\/productos\/productos-para-la-industria-farmaceutica-y-medica\/aditivos-para-complementos-alimenticios\/clorhidrato-de-ribosida-nicotinamida-nr\/#primaryimage"},"image":{"@id":"https:\/\/naturalpoland.com\/es\/productos\/productos-para-la-industria-farmaceutica-y-medica\/aditivos-para-complementos-alimenticios\/clorhidrato-de-ribosida-nicotinamida-nr\/#primaryimage"},"thumbnailUrl":"https:\/\/naturalpoland.com\/wp-content\/uploads\/nr.webp","datePublished":"2024-08-30T10:01:49+00:00","description":"El clorhidrato de nicotinamida rib\u00f3sido tiene la capacidad de aumentar los niveles de NAD+. Es un ingrediente ideal en suplementos diet\u00e9ticos y productos antienvejecimiento.","breadcrumb":{"@id":"https:\/\/naturalpoland.com\/es\/productos\/productos-para-la-industria-farmaceutica-y-medica\/aditivos-para-complementos-alimenticios\/clorhidrato-de-ribosida-nicotinamida-nr\/#breadcrumb"},"inLanguage":"es","potentialAction":[{"@type":"ReadAction","target":["https:\/\/naturalpoland.com\/es\/productos\/productos-para-la-industria-farmaceutica-y-medica\/aditivos-para-complementos-alimenticios\/clorhidrato-de-ribosida-nicotinamida-nr\/"]}]},{"@type":"ImageObject","inLanguage":"es","@id":"https:\/\/naturalpoland.com\/es\/productos\/productos-para-la-industria-farmaceutica-y-medica\/aditivos-para-complementos-alimenticios\/clorhidrato-de-ribosida-nicotinamida-nr\/#primaryimage","url":"https:\/\/naturalpoland.com\/wp-content\/uploads\/nr.webp","contentUrl":"https:\/\/naturalpoland.com\/wp-content\/uploads\/nr.webp","width":618,"height":618,"caption":"chlorowodorek rybozydu nikotynamidu"},{"@type":"BreadcrumbList","@id":"https:\/\/naturalpoland.com\/es\/productos\/productos-para-la-industria-farmaceutica-y-medica\/aditivos-para-complementos-alimenticios\/clorhidrato-de-ribosida-nicotinamida-nr\/#breadcrumb","itemListElement":[{"@type":"ListItem","position":1,"name":"Inicio","item":"https:\/\/naturalpoland.com\/es\/"},{"@type":"ListItem","position":2,"name":"Productos","item":"https:\/\/naturalpoland.com\/es\/productos\/"},{"@type":"ListItem","position":3,"name":"Clorhidrato de nicotinamida rib\u00f3sido (NR)"}]},{"@type":"WebSite","@id":"https:\/\/naturalpoland.com\/es\/#website","url":"https:\/\/naturalpoland.com\/es\/","name":"NATURAL POLAND - Distribuidor Mayorista de Materias Primas","description":"Surowce dla przemys\u0142u spo\u017cywczego, kosmetycznego i farmaceutycznego","publisher":{"@id":"https:\/\/naturalpoland.com\/es\/#organization"},"potentialAction":[{"@type":"SearchAction","target":{"@type":"EntryPoint","urlTemplate":"https:\/\/naturalpoland.com\/es\/?s={search_term_string}"},"query-input":{"@type":"PropertyValueSpecification","valueRequired":true,"valueName":"search_term_string"}}],"inLanguage":"es"},{"@type":"Organization","@id":"https:\/\/naturalpoland.com\/es\/#organization","name":"Natural Poland","url":"https:\/\/naturalpoland.com\/es\/","logo":{"@type":"ImageObject","inLanguage":"es","@id":"https:\/\/naturalpoland.com\/es\/#\/schema\/logo\/image\/","url":"https:\/\/naturalpoland.com\/wp-content\/uploads\/2021\/05\/natural-poland-icon.png","contentUrl":"https:\/\/naturalpoland.com\/wp-content\/uploads\/2021\/05\/natural-poland-icon.png","width":512,"height":512,"caption":"Natural Poland"},"image":{"@id":"https:\/\/naturalpoland.com\/es\/#\/schema\/logo\/image\/"},"sameAs":["https:\/\/www.facebook.com\/naturalpoland.b2b","https:\/\/pl.linkedin.com\/company\/natural-poland","https:\/\/www.youtube.com\/channel\/UCgeGGkvOMahZo-xu_MSEWxg"]}]}},"_links":{"self":[{"href":"https:\/\/naturalpoland.com\/es\/wp-json\/wp\/v2\/product\/34977","targetHints":{"allow":["GET"]}}],"collection":[{"href":"https:\/\/naturalpoland.com\/es\/wp-json\/wp\/v2\/product"}],"about":[{"href":"https:\/\/naturalpoland.com\/es\/wp-json\/wp\/v2\/types\/product"}],"wp:featuredmedia":[{"embeddable":true,"href":"https:\/\/naturalpoland.com\/es\/wp-json\/wp\/v2\/media\/34950"}],"wp:attachment":[{"href":"https:\/\/naturalpoland.com\/es\/wp-json\/wp\/v2\/media?parent=34977"}],"wp:term":[{"taxonomy":"product_brand","embeddable":true,"href":"https:\/\/naturalpoland.com\/es\/wp-json\/wp\/v2\/product_brand?post=34977"},{"taxonomy":"product_cat","embeddable":true,"href":"https:\/\/naturalpoland.com\/es\/wp-json\/wp\/v2\/product_cat?post=34977"},{"taxonomy":"product_tag","embeddable":true,"href":"https:\/\/naturalpoland.com\/es\/wp-json\/wp\/v2\/product_tag?post=34977"}],"curies":[{"name":"wp","href":"https:\/\/api.w.org\/{rel}","templated":true}]}}