{"id":34990,"date":"2024-08-30T11:45:49","date_gmt":"2024-08-30T10:02:11","guid":{"rendered":"https:\/\/naturalpoland.com\/produkty\/sin categor\u00eda\/sol-disodio-quinona-pirroloquinolina-pqq\/"},"modified":"2024-08-30T12:02:11","modified_gmt":"2024-08-30T10:02:11","slug":"sol-disodio-quinona-pirroloquinolina-pqq","status":"publish","type":"product","link":"https:\/\/naturalpoland.com\/es\/productos\/productos-para-la-industria-farmaceutica-y-medica\/aditivos-para-complementos-alimenticios\/sol-disodio-quinona-pirroloquinolina-pqq\/","title":{"rendered":"Sal dis\u00f3dica de pirroloquinolina (PQQ)"},"content":{"rendered":"<p>La PQQ se encuentra de forma natural en muchos alimentos, como los productos fermentados, las verduras y la fruta, pero su concentraci\u00f3n puede ser demasiado baja en algunas dietas.  <\/p>\n<h2>Propiedades de la PQQ:<\/h2>\n<p>  La PQQ presenta una <strong>actividad antioxidante<\/strong> extremadamente potente, catalizando numerosas reacciones redox y neutralizando los radicales libres que da\u00f1an las c\u00e9lulas.<br \/>\nLa PQQ es capaz de llevar a cabo unas 20.000 reacciones catal\u00edticas, frente a s\u00f3lo cuatro reacciones que realiza la vitamina C en las mismas condiciones.<br \/>\nLos estudios han demostrado que la PQQ <strong>favorece el crecimiento de las c\u00e9lulas nerviosas<\/strong>, lo que puede ser beneficioso en el tratamiento de los trastornos cognitivos y la demencia.<br \/>\nLa PQQ estimula el crecimiento de las neuronas, aumentando su s\u00edntesis hasta 40 veces.<br \/>\nLa PQQ tambi\u00e9n act\u00faa como cofactor en la <strong>regeneraci\u00f3n de las mitocondrias<\/strong> en las c\u00e9lulas envejecidas, aumentando la actividad de las enzimas relacionadas con las mitocondrias y estimulando su crecimiento.<br \/>\nLos estudios demuestran que la suplementaci\u00f3n con PQQ puede aumentar el n\u00famero de mitocondrias en el h\u00edgado en un 20-30%.       <\/p>\n<h2>Aplicaci\u00f3n PQQ:<\/h2>\n<p>  La sal dis\u00f3dica de la pirroloquinolina quinona es un ingrediente popular en los suplementos diet\u00e9ticos para apoyar la salud del coraz\u00f3n, la funci\u00f3n cognitiva, mejorar la calidad del sue\u00f1o y reducir la fatiga.<br \/>\nEn EE.UU., se utiliza como ingrediente en bebidas energ\u00e9ticas, deportivas, electrol\u00edticas y agua embotellada.<br \/>\nEn la Uni\u00f3n Europea y Canad\u00e1, est\u00e1 disponible como suplemento diet\u00e9tico o producto natural para la salud.    &nbsp;<\/p>\n","protected":false},"excerpt":{"rendered":"<p><strong>La sal dis\u00f3dica de pirroloquinolina quinona (PQQ) <\/strong>es un compuesto qu\u00edmico avanzado con potentes propiedades antioxidantes.<br \/>\nEs un cofactor redox que favorece los procesos metab\u00f3licos y protege a las c\u00e9lulas del da\u00f1o oxidativo. <\/p>\n","protected":false},"featured_media":34963,"template":"","meta":{"_acf_changed":false},"product_brand":[],"product_cat":[1076],"product_tag":[],"class_list":{"0":"post-34990","1":"product","2":"type-product","3":"status-publish","4":"has-post-thumbnail","6":"product_cat-aditivos-para-complementos-alimenticios","7":"pa_grupa-substancji-antioxidantes","9":"first","10":"instock","11":"shipping-taxable","12":"product-type-simple"},"acf":[],"yoast_head":"<!-- This site is optimized with the Yoast SEO plugin v27.4 - https:\/\/yoast.com\/product\/yoast-seo-wordpress\/ -->\n<title>Sal dis\u00f3dica de pirroloquinolina (PQQ) - NATURAL POLAND - Distribuidor Mayorista de Materias Primas<\/title>\n<meta name=\"description\" content=\"La sal dis\u00f3dica de pirroloquinolina (PQQ) es un potente antioxidante que favorece la salud celular, la funci\u00f3n cognitiva y la salud cardiaca.\" \/>\n<meta name=\"robots\" content=\"index, follow, max-snippet:-1, max-image-preview:large, max-video-preview:-1\" \/>\n<link rel=\"canonical\" href=\"https:\/\/naturalpoland.com\/es\/productos\/productos-para-la-industria-farmaceutica-y-medica\/aditivos-para-complementos-alimenticios\/sol-disodio-quinona-pirroloquinolina-pqq\/\" \/>\n<meta property=\"og:locale\" content=\"es_ES\" \/>\n<meta property=\"og:type\" content=\"article\" \/>\n<meta property=\"og:title\" content=\"Sal dis\u00f3dica de pirroloquinolina (PQQ) - NATURAL POLAND - Distribuidor Mayorista de Materias Primas\" \/>\n<meta property=\"og:description\" content=\"La sal dis\u00f3dica de pirroloquinolina (PQQ) es un potente antioxidante que favorece la salud celular, la funci\u00f3n cognitiva y la salud cardiaca.\" \/>\n<meta property=\"og:url\" content=\"https:\/\/naturalpoland.com\/es\/productos\/productos-para-la-industria-farmaceutica-y-medica\/aditivos-para-complementos-alimenticios\/sol-disodio-quinona-pirroloquinolina-pqq\/\" \/>\n<meta property=\"og:site_name\" content=\"NATURAL POLAND - Distribuidor Mayorista de Materias Primas\" \/>\n<meta property=\"article:publisher\" content=\"https:\/\/www.facebook.com\/naturalpoland.b2b\" \/>\n<meta property=\"og:image\" content=\"https:\/\/naturalpoland.com\/wp-content\/uploads\/pqq.webp\" \/>\n\t<meta property=\"og:image:width\" content=\"618\" \/>\n\t<meta property=\"og:image:height\" content=\"618\" \/>\n\t<meta property=\"og:image:type\" content=\"image\/webp\" \/>\n<script type=\"application\/ld+json\" class=\"yoast-schema-graph\">{\"@context\":\"https:\\\/\\\/schema.org\",\"@graph\":[{\"@type\":\"WebPage\",\"@id\":\"https:\\\/\\\/naturalpoland.com\\\/es\\\/productos\\\/productos-para-la-industria-farmaceutica-y-medica\\\/aditivos-para-complementos-alimenticios\\\/sol-disodio-quinona-pirroloquinolina-pqq\\\/\",\"url\":\"https:\\\/\\\/naturalpoland.com\\\/es\\\/productos\\\/productos-para-la-industria-farmaceutica-y-medica\\\/aditivos-para-complementos-alimenticios\\\/sol-disodio-quinona-pirroloquinolina-pqq\\\/\",\"name\":\"Sal dis\u00f3dica de pirroloquinolina (PQQ) - NATURAL POLAND - Distribuidor Mayorista de Materias Primas\",\"isPartOf\":{\"@id\":\"https:\\\/\\\/naturalpoland.com\\\/es\\\/#website\"},\"primaryImageOfPage\":{\"@id\":\"https:\\\/\\\/naturalpoland.com\\\/es\\\/productos\\\/productos-para-la-industria-farmaceutica-y-medica\\\/aditivos-para-complementos-alimenticios\\\/sol-disodio-quinona-pirroloquinolina-pqq\\\/#primaryimage\"},\"image\":{\"@id\":\"https:\\\/\\\/naturalpoland.com\\\/es\\\/productos\\\/productos-para-la-industria-farmaceutica-y-medica\\\/aditivos-para-complementos-alimenticios\\\/sol-disodio-quinona-pirroloquinolina-pqq\\\/#primaryimage\"},\"thumbnailUrl\":\"https:\\\/\\\/naturalpoland.com\\\/wp-content\\\/uploads\\\/pqq.webp\",\"datePublished\":\"2024-08-30T10:02:11+00:00\",\"description\":\"La sal dis\u00f3dica de pirroloquinolina (PQQ) es un potente antioxidante que favorece la salud celular, la funci\u00f3n cognitiva y la salud cardiaca.\",\"breadcrumb\":{\"@id\":\"https:\\\/\\\/naturalpoland.com\\\/es\\\/productos\\\/productos-para-la-industria-farmaceutica-y-medica\\\/aditivos-para-complementos-alimenticios\\\/sol-disodio-quinona-pirroloquinolina-pqq\\\/#breadcrumb\"},\"inLanguage\":\"es\",\"potentialAction\":[{\"@type\":\"ReadAction\",\"target\":[\"https:\\\/\\\/naturalpoland.com\\\/es\\\/productos\\\/productos-para-la-industria-farmaceutica-y-medica\\\/aditivos-para-complementos-alimenticios\\\/sol-disodio-quinona-pirroloquinolina-pqq\\\/\"]}]},{\"@type\":\"ImageObject\",\"inLanguage\":\"es\",\"@id\":\"https:\\\/\\\/naturalpoland.com\\\/es\\\/productos\\\/productos-para-la-industria-farmaceutica-y-medica\\\/aditivos-para-complementos-alimenticios\\\/sol-disodio-quinona-pirroloquinolina-pqq\\\/#primaryimage\",\"url\":\"https:\\\/\\\/naturalpoland.com\\\/wp-content\\\/uploads\\\/pqq.webp\",\"contentUrl\":\"https:\\\/\\\/naturalpoland.com\\\/wp-content\\\/uploads\\\/pqq.webp\",\"width\":618,\"height\":618,\"caption\":\"S\u00f3l disodowa chinonu pirolochinoliny\"},{\"@type\":\"BreadcrumbList\",\"@id\":\"https:\\\/\\\/naturalpoland.com\\\/es\\\/productos\\\/productos-para-la-industria-farmaceutica-y-medica\\\/aditivos-para-complementos-alimenticios\\\/sol-disodio-quinona-pirroloquinolina-pqq\\\/#breadcrumb\",\"itemListElement\":[{\"@type\":\"ListItem\",\"position\":1,\"name\":\"Inicio\",\"item\":\"https:\\\/\\\/naturalpoland.com\\\/es\\\/\"},{\"@type\":\"ListItem\",\"position\":2,\"name\":\"Productos\",\"item\":\"https:\\\/\\\/naturalpoland.com\\\/es\\\/productos\\\/\"},{\"@type\":\"ListItem\",\"position\":3,\"name\":\"Sal dis\u00f3dica de pirroloquinolina (PQQ)\"}]},{\"@type\":\"WebSite\",\"@id\":\"https:\\\/\\\/naturalpoland.com\\\/es\\\/#website\",\"url\":\"https:\\\/\\\/naturalpoland.com\\\/es\\\/\",\"name\":\"NATURAL POLAND - Distribuidor Mayorista de Materias Primas\",\"description\":\"Surowce dla przemys\u0142u spo\u017cywczego, kosmetycznego i farmaceutycznego\",\"publisher\":{\"@id\":\"https:\\\/\\\/naturalpoland.com\\\/es\\\/#organization\"},\"potentialAction\":[{\"@type\":\"SearchAction\",\"target\":{\"@type\":\"EntryPoint\",\"urlTemplate\":\"https:\\\/\\\/naturalpoland.com\\\/es\\\/?s={search_term_string}\"},\"query-input\":{\"@type\":\"PropertyValueSpecification\",\"valueRequired\":true,\"valueName\":\"search_term_string\"}}],\"inLanguage\":\"es\"},{\"@type\":\"Organization\",\"@id\":\"https:\\\/\\\/naturalpoland.com\\\/es\\\/#organization\",\"name\":\"Natural Poland\",\"url\":\"https:\\\/\\\/naturalpoland.com\\\/es\\\/\",\"logo\":{\"@type\":\"ImageObject\",\"inLanguage\":\"es\",\"@id\":\"https:\\\/\\\/naturalpoland.com\\\/es\\\/#\\\/schema\\\/logo\\\/image\\\/\",\"url\":\"https:\\\/\\\/naturalpoland.com\\\/wp-content\\\/uploads\\\/2021\\\/05\\\/natural-poland-icon.png\",\"contentUrl\":\"https:\\\/\\\/naturalpoland.com\\\/wp-content\\\/uploads\\\/2021\\\/05\\\/natural-poland-icon.png\",\"width\":512,\"height\":512,\"caption\":\"Natural Poland\"},\"image\":{\"@id\":\"https:\\\/\\\/naturalpoland.com\\\/es\\\/#\\\/schema\\\/logo\\\/image\\\/\"},\"sameAs\":[\"https:\\\/\\\/www.facebook.com\\\/naturalpoland.b2b\",\"https:\\\/\\\/pl.linkedin.com\\\/company\\\/natural-poland\",\"https:\\\/\\\/www.youtube.com\\\/channel\\\/UCgeGGkvOMahZo-xu_MSEWxg\"]}]}<\/script>\n<!-- \/ Yoast SEO plugin. -->","yoast_head_json":{"title":"Sal dis\u00f3dica de pirroloquinolina (PQQ) - NATURAL POLAND - Distribuidor Mayorista de Materias Primas","description":"La sal dis\u00f3dica de pirroloquinolina (PQQ) es un potente antioxidante que favorece la salud celular, la funci\u00f3n cognitiva y la salud cardiaca.","robots":{"index":"index","follow":"follow","max-snippet":"max-snippet:-1","max-image-preview":"max-image-preview:large","max-video-preview":"max-video-preview:-1"},"canonical":"https:\/\/naturalpoland.com\/es\/productos\/productos-para-la-industria-farmaceutica-y-medica\/aditivos-para-complementos-alimenticios\/sol-disodio-quinona-pirroloquinolina-pqq\/","og_locale":"es_ES","og_type":"article","og_title":"Sal dis\u00f3dica de pirroloquinolina (PQQ) - NATURAL POLAND - Distribuidor Mayorista de Materias Primas","og_description":"La sal dis\u00f3dica de pirroloquinolina (PQQ) es un potente antioxidante que favorece la salud celular, la funci\u00f3n cognitiva y la salud cardiaca.","og_url":"https:\/\/naturalpoland.com\/es\/productos\/productos-para-la-industria-farmaceutica-y-medica\/aditivos-para-complementos-alimenticios\/sol-disodio-quinona-pirroloquinolina-pqq\/","og_site_name":"NATURAL POLAND - Distribuidor Mayorista de Materias Primas","article_publisher":"https:\/\/www.facebook.com\/naturalpoland.b2b","og_image":[{"width":618,"height":618,"url":"https:\/\/naturalpoland.com\/wp-content\/uploads\/pqq.webp","type":"image\/webp"}],"schema":{"@context":"https:\/\/schema.org","@graph":[{"@type":"WebPage","@id":"https:\/\/naturalpoland.com\/es\/productos\/productos-para-la-industria-farmaceutica-y-medica\/aditivos-para-complementos-alimenticios\/sol-disodio-quinona-pirroloquinolina-pqq\/","url":"https:\/\/naturalpoland.com\/es\/productos\/productos-para-la-industria-farmaceutica-y-medica\/aditivos-para-complementos-alimenticios\/sol-disodio-quinona-pirroloquinolina-pqq\/","name":"Sal dis\u00f3dica de pirroloquinolina (PQQ) - NATURAL POLAND - Distribuidor Mayorista de Materias Primas","isPartOf":{"@id":"https:\/\/naturalpoland.com\/es\/#website"},"primaryImageOfPage":{"@id":"https:\/\/naturalpoland.com\/es\/productos\/productos-para-la-industria-farmaceutica-y-medica\/aditivos-para-complementos-alimenticios\/sol-disodio-quinona-pirroloquinolina-pqq\/#primaryimage"},"image":{"@id":"https:\/\/naturalpoland.com\/es\/productos\/productos-para-la-industria-farmaceutica-y-medica\/aditivos-para-complementos-alimenticios\/sol-disodio-quinona-pirroloquinolina-pqq\/#primaryimage"},"thumbnailUrl":"https:\/\/naturalpoland.com\/wp-content\/uploads\/pqq.webp","datePublished":"2024-08-30T10:02:11+00:00","description":"La sal dis\u00f3dica de pirroloquinolina (PQQ) es un potente antioxidante que favorece la salud celular, la funci\u00f3n cognitiva y la salud cardiaca.","breadcrumb":{"@id":"https:\/\/naturalpoland.com\/es\/productos\/productos-para-la-industria-farmaceutica-y-medica\/aditivos-para-complementos-alimenticios\/sol-disodio-quinona-pirroloquinolina-pqq\/#breadcrumb"},"inLanguage":"es","potentialAction":[{"@type":"ReadAction","target":["https:\/\/naturalpoland.com\/es\/productos\/productos-para-la-industria-farmaceutica-y-medica\/aditivos-para-complementos-alimenticios\/sol-disodio-quinona-pirroloquinolina-pqq\/"]}]},{"@type":"ImageObject","inLanguage":"es","@id":"https:\/\/naturalpoland.com\/es\/productos\/productos-para-la-industria-farmaceutica-y-medica\/aditivos-para-complementos-alimenticios\/sol-disodio-quinona-pirroloquinolina-pqq\/#primaryimage","url":"https:\/\/naturalpoland.com\/wp-content\/uploads\/pqq.webp","contentUrl":"https:\/\/naturalpoland.com\/wp-content\/uploads\/pqq.webp","width":618,"height":618,"caption":"S\u00f3l disodowa chinonu pirolochinoliny"},{"@type":"BreadcrumbList","@id":"https:\/\/naturalpoland.com\/es\/productos\/productos-para-la-industria-farmaceutica-y-medica\/aditivos-para-complementos-alimenticios\/sol-disodio-quinona-pirroloquinolina-pqq\/#breadcrumb","itemListElement":[{"@type":"ListItem","position":1,"name":"Inicio","item":"https:\/\/naturalpoland.com\/es\/"},{"@type":"ListItem","position":2,"name":"Productos","item":"https:\/\/naturalpoland.com\/es\/productos\/"},{"@type":"ListItem","position":3,"name":"Sal dis\u00f3dica de pirroloquinolina (PQQ)"}]},{"@type":"WebSite","@id":"https:\/\/naturalpoland.com\/es\/#website","url":"https:\/\/naturalpoland.com\/es\/","name":"NATURAL POLAND - Distribuidor Mayorista de Materias Primas","description":"Surowce dla przemys\u0142u spo\u017cywczego, kosmetycznego i farmaceutycznego","publisher":{"@id":"https:\/\/naturalpoland.com\/es\/#organization"},"potentialAction":[{"@type":"SearchAction","target":{"@type":"EntryPoint","urlTemplate":"https:\/\/naturalpoland.com\/es\/?s={search_term_string}"},"query-input":{"@type":"PropertyValueSpecification","valueRequired":true,"valueName":"search_term_string"}}],"inLanguage":"es"},{"@type":"Organization","@id":"https:\/\/naturalpoland.com\/es\/#organization","name":"Natural Poland","url":"https:\/\/naturalpoland.com\/es\/","logo":{"@type":"ImageObject","inLanguage":"es","@id":"https:\/\/naturalpoland.com\/es\/#\/schema\/logo\/image\/","url":"https:\/\/naturalpoland.com\/wp-content\/uploads\/2021\/05\/natural-poland-icon.png","contentUrl":"https:\/\/naturalpoland.com\/wp-content\/uploads\/2021\/05\/natural-poland-icon.png","width":512,"height":512,"caption":"Natural Poland"},"image":{"@id":"https:\/\/naturalpoland.com\/es\/#\/schema\/logo\/image\/"},"sameAs":["https:\/\/www.facebook.com\/naturalpoland.b2b","https:\/\/pl.linkedin.com\/company\/natural-poland","https:\/\/www.youtube.com\/channel\/UCgeGGkvOMahZo-xu_MSEWxg"]}]}},"_links":{"self":[{"href":"https:\/\/naturalpoland.com\/es\/wp-json\/wp\/v2\/product\/34990","targetHints":{"allow":["GET"]}}],"collection":[{"href":"https:\/\/naturalpoland.com\/es\/wp-json\/wp\/v2\/product"}],"about":[{"href":"https:\/\/naturalpoland.com\/es\/wp-json\/wp\/v2\/types\/product"}],"wp:featuredmedia":[{"embeddable":true,"href":"https:\/\/naturalpoland.com\/es\/wp-json\/wp\/v2\/media\/34963"}],"wp:attachment":[{"href":"https:\/\/naturalpoland.com\/es\/wp-json\/wp\/v2\/media?parent=34990"}],"wp:term":[{"taxonomy":"product_brand","embeddable":true,"href":"https:\/\/naturalpoland.com\/es\/wp-json\/wp\/v2\/product_brand?post=34990"},{"taxonomy":"product_cat","embeddable":true,"href":"https:\/\/naturalpoland.com\/es\/wp-json\/wp\/v2\/product_cat?post=34990"},{"taxonomy":"product_tag","embeddable":true,"href":"https:\/\/naturalpoland.com\/es\/wp-json\/wp\/v2\/product_tag?post=34990"}],"curies":[{"name":"wp","href":"https:\/\/api.w.org\/{rel}","templated":true}]}}