{"id":35342,"date":"2024-09-10T12:41:03","date_gmt":"2024-09-10T11:11:15","guid":{"rendered":"https:\/\/naturalpoland.com\/produkty\/sin categor\u00eda\/acido-cafe\/"},"modified":"2024-09-10T13:11:15","modified_gmt":"2024-09-10T11:11:15","slug":"acido-cafe","status":"publish","type":"product","link":"https:\/\/naturalpoland.com\/es\/productos\/productos-para-la-industria-cosmetica\/acidos\/acido-cafe\/","title":{"rendered":"\u00c1cido caf\u00e9"},"content":{"rendered":"<h2>Propiedades y efectos del \u00e1cido cafeico<\/h2>\n<p><strong>Acci\u00f3n antioxidante<\/strong> El \u00e1cido cafeico neutraliza las especies reactivas del ox\u00edgeno (ERO) y previene el da\u00f1o oxidativo de las c\u00e9lulas.<br \/>\nTiene la capacidad de bloquear los compuestos cancer\u00edgenos que se forman durante la conversi\u00f3n metab\u00f3lica de ciertas sustancias cancer\u00edgenas, como las nitrosaminas y el \u00f3xido de 4-nitroquinolina-1.<br \/>\nAdem\u00e1s, protege la fracci\u00f3n de colesterol LDL de la oxidaci\u00f3n, inhibiendo as\u00ed la aterog\u00e9nesis.<br \/>\nEl \u00e1cido cafeico tambi\u00e9n favorece la recirculaci\u00f3n del \u03b1-tocoferol (vitamina E) a su forma activa y presenta mayor actividad antirradical que la <strong><a href=\"https:\/\/naturalpoland.com\/produkty\/produkty-dla-przemyslu-farmaceutycznego-i-medycznego\/witaminy\/witamina-e\/\">vitamina E<\/a><\/strong>. <strong>Actividad antiinflamatoria y antimicrobiana<\/strong> El \u00e1cido de caf\u00e9 es conocido por su actividad antiinflamatoria, que ayuda a reducir la inflamaci\u00f3n en diversas afecciones cut\u00e1neas.<br \/>\nAdem\u00e1s, tiene propiedades antimicrobianas que protegen contra muchas amenazas microbianas.<br \/>\nEstas propiedades hacen que el \u00e1cido cafeico sea eficaz en el tratamiento de dermatosis, como la sarna, y otras afecciones cut\u00e1neas en las que hay inflamaci\u00f3n.<br \/>\nProtege la piel de los efectos nocivos de la radiaci\u00f3n UV al impedir la degradaci\u00f3n de las fibras de col\u00e1geno y elastina, que son clave para mantener la elasticidad y firmeza de la piel. Beneficios <strong>antienvejecimiento<\/strong> Uno de los principales beneficios del \u00e1cido del caf\u00e9 es su capacidad para prevenir las arrugas.<br \/>\nAl combatir los radicales libres e inhibir el estr\u00e9s oxidativo, ayuda a ralentizar el proceso de envejecimiento de la piel.<br \/>\nLos efectos protectores del \u00e1cido caf\u00e9 tambi\u00e9n incluyen la protecci\u00f3n de las fibras de col\u00e1geno y elastina frente a la degradaci\u00f3n, ayudando a mantener la integridad estructural y la elasticidad de la piel. <strong>Acci\u00f3n despigmentante<\/strong> El \u00e1cido de caf\u00e9 act\u00faa inhibiendo la enzima tirosinasa, responsable de la producci\u00f3n de melanina, lo que ayuda a prevenir la formaci\u00f3n de nuevas manchas de la edad y manchas solares.<br \/>\nPor esta raz\u00f3n, es un ingrediente excelente en las f\u00f3rmulas para el cuidado de la piel con problemas de hiperpigmentaci\u00f3n, incluidos los causados por el da\u00f1o solar o el envejecimiento.           <\/p>\n<h2>Uso del \u00e1cido del caf\u00e9<\/h2>\n<p>  El \u00e1cido cafeico se suele utilizar en productos para el cuidado de la piel en concentraciones de hasta el 2%.<br \/>\nSe recomienda para el cuidado de la piel madura, la protecci\u00f3n contra el da\u00f1o solar y la prevenci\u00f3n de los signos del fotoenvejecimiento.<br \/>\nTras los tratamientos con \u00e1cido de caf\u00e9, la piel se vuelve m\u00e1s luminosa, hidratada, oxigenada y radiante, con arrugas visiblemente menos marcadas y mayor elasticidad.    &nbsp;<\/p>\n","protected":false},"excerpt":{"rendered":"<p><strong>El \u00e1cido cafeico<\/strong>, tambi\u00e9n conocido como \u00e1cido 3,4-dihidroxicin\u00e1mico, es un compuesto qu\u00edmico org\u00e1nico clasificado como \u00e1cido fen\u00f3lico.<br \/>\nSe extrae de forma natural de diversas plantas, en las que act\u00faa como metabolito secundario.<br \/>\nEs un compuesto fen\u00f3lico clave presente en frutas, verduras, cereales y algunas hierbas, y su principal fuente en la dieta humana es el caf\u00e9.    &nbsp;<\/p>\n","protected":false},"featured_media":35316,"template":"","meta":{"_acf_changed":false},"product_brand":[],"product_cat":[5456],"product_tag":[],"class_list":{"0":"post-35342","1":"product","2":"type-product","3":"status-publish","4":"has-post-thumbnail","6":"product_cat-acidos","8":"first","9":"instock","10":"shipping-taxable","11":"product-type-simple"},"acf":[],"yoast_head":"<!-- This site is optimized with the Yoast SEO plugin v27.5 - https:\/\/yoast.com\/product\/yoast-seo-wordpress\/ -->\n<title>\u00c1cido caf\u00e9 - NATURAL POLAND - Distribuidor Mayorista de Materias Primas<\/title>\n<meta name=\"description\" content=\"El \u00e1cido cafeico es un ingrediente con muchos beneficios para la salud de la piel, sobre todo para prevenir e invertir los efectos del envejecimiento y el estr\u00e9s oxidativo.\" \/>\n<meta name=\"robots\" content=\"index, follow, max-snippet:-1, max-image-preview:large, max-video-preview:-1\" \/>\n<link rel=\"canonical\" href=\"https:\/\/naturalpoland.com\/es\/productos\/productos-para-la-industria-cosmetica\/acidos\/acido-cafe\/\" \/>\n<meta property=\"og:locale\" content=\"es_ES\" \/>\n<meta property=\"og:type\" content=\"article\" \/>\n<meta property=\"og:title\" content=\"\u00c1cido caf\u00e9 - NATURAL POLAND - Distribuidor Mayorista de Materias Primas\" \/>\n<meta property=\"og:description\" content=\"El \u00e1cido cafeico es un ingrediente con muchos beneficios para la salud de la piel, sobre todo para prevenir e invertir los efectos del envejecimiento y el estr\u00e9s oxidativo.\" \/>\n<meta property=\"og:url\" content=\"https:\/\/naturalpoland.com\/es\/productos\/productos-para-la-industria-cosmetica\/acidos\/acido-cafe\/\" \/>\n<meta property=\"og:site_name\" content=\"NATURAL POLAND - Distribuidor Mayorista de Materias Primas\" \/>\n<meta property=\"article:publisher\" content=\"https:\/\/www.facebook.com\/naturalpoland.b2b\" \/>\n<meta property=\"og:image\" content=\"https:\/\/naturalpoland.com\/wp-content\/uploads\/kwas-kawowy.webp\" \/>\n\t<meta property=\"og:image:width\" content=\"615\" \/>\n\t<meta property=\"og:image:height\" content=\"615\" \/>\n\t<meta property=\"og:image:type\" content=\"image\/webp\" \/>\n<script type=\"application\/ld+json\" class=\"yoast-schema-graph\">{\"@context\":\"https:\\\/\\\/schema.org\",\"@graph\":[{\"@type\":\"WebPage\",\"@id\":\"https:\\\/\\\/naturalpoland.com\\\/es\\\/productos\\\/productos-para-la-industria-cosmetica\\\/acidos\\\/acido-cafe\\\/\",\"url\":\"https:\\\/\\\/naturalpoland.com\\\/es\\\/productos\\\/productos-para-la-industria-cosmetica\\\/acidos\\\/acido-cafe\\\/\",\"name\":\"\u00c1cido caf\u00e9 - NATURAL POLAND - Distribuidor Mayorista de Materias Primas\",\"isPartOf\":{\"@id\":\"https:\\\/\\\/naturalpoland.com\\\/es\\\/#website\"},\"primaryImageOfPage\":{\"@id\":\"https:\\\/\\\/naturalpoland.com\\\/es\\\/productos\\\/productos-para-la-industria-cosmetica\\\/acidos\\\/acido-cafe\\\/#primaryimage\"},\"image\":{\"@id\":\"https:\\\/\\\/naturalpoland.com\\\/es\\\/productos\\\/productos-para-la-industria-cosmetica\\\/acidos\\\/acido-cafe\\\/#primaryimage\"},\"thumbnailUrl\":\"https:\\\/\\\/naturalpoland.com\\\/wp-content\\\/uploads\\\/kwas-kawowy.webp\",\"datePublished\":\"2024-09-10T11:11:15+00:00\",\"description\":\"El \u00e1cido cafeico es un ingrediente con muchos beneficios para la salud de la piel, sobre todo para prevenir e invertir los efectos del envejecimiento y el estr\u00e9s oxidativo.\",\"breadcrumb\":{\"@id\":\"https:\\\/\\\/naturalpoland.com\\\/es\\\/productos\\\/productos-para-la-industria-cosmetica\\\/acidos\\\/acido-cafe\\\/#breadcrumb\"},\"inLanguage\":\"es\",\"potentialAction\":[{\"@type\":\"ReadAction\",\"target\":[\"https:\\\/\\\/naturalpoland.com\\\/es\\\/productos\\\/productos-para-la-industria-cosmetica\\\/acidos\\\/acido-cafe\\\/\"]}]},{\"@type\":\"ImageObject\",\"inLanguage\":\"es\",\"@id\":\"https:\\\/\\\/naturalpoland.com\\\/es\\\/productos\\\/productos-para-la-industria-cosmetica\\\/acidos\\\/acido-cafe\\\/#primaryimage\",\"url\":\"https:\\\/\\\/naturalpoland.com\\\/wp-content\\\/uploads\\\/kwas-kawowy.webp\",\"contentUrl\":\"https:\\\/\\\/naturalpoland.com\\\/wp-content\\\/uploads\\\/kwas-kawowy.webp\",\"width\":615,\"height\":615,\"caption\":\"kwas kawowy\"},{\"@type\":\"BreadcrumbList\",\"@id\":\"https:\\\/\\\/naturalpoland.com\\\/es\\\/productos\\\/productos-para-la-industria-cosmetica\\\/acidos\\\/acido-cafe\\\/#breadcrumb\",\"itemListElement\":[{\"@type\":\"ListItem\",\"position\":1,\"name\":\"Inicio\",\"item\":\"https:\\\/\\\/naturalpoland.com\\\/es\\\/\"},{\"@type\":\"ListItem\",\"position\":2,\"name\":\"Productos\",\"item\":\"https:\\\/\\\/naturalpoland.com\\\/es\\\/productos\\\/\"},{\"@type\":\"ListItem\",\"position\":3,\"name\":\"\u00c1cido caf\u00e9\"}]},{\"@type\":\"WebSite\",\"@id\":\"https:\\\/\\\/naturalpoland.com\\\/es\\\/#website\",\"url\":\"https:\\\/\\\/naturalpoland.com\\\/es\\\/\",\"name\":\"NATURAL POLAND - Distribuidor Mayorista de Materias Primas\",\"description\":\"Surowce dla przemys\u0142u spo\u017cywczego, kosmetycznego i farmaceutycznego\",\"publisher\":{\"@id\":\"https:\\\/\\\/naturalpoland.com\\\/es\\\/#organization\"},\"potentialAction\":[{\"@type\":\"SearchAction\",\"target\":{\"@type\":\"EntryPoint\",\"urlTemplate\":\"https:\\\/\\\/naturalpoland.com\\\/es\\\/?s={search_term_string}\"},\"query-input\":{\"@type\":\"PropertyValueSpecification\",\"valueRequired\":true,\"valueName\":\"search_term_string\"}}],\"inLanguage\":\"es\"},{\"@type\":\"Organization\",\"@id\":\"https:\\\/\\\/naturalpoland.com\\\/es\\\/#organization\",\"name\":\"Natural Poland\",\"url\":\"https:\\\/\\\/naturalpoland.com\\\/es\\\/\",\"logo\":{\"@type\":\"ImageObject\",\"inLanguage\":\"es\",\"@id\":\"https:\\\/\\\/naturalpoland.com\\\/es\\\/#\\\/schema\\\/logo\\\/image\\\/\",\"url\":\"https:\\\/\\\/naturalpoland.com\\\/wp-content\\\/uploads\\\/2021\\\/05\\\/natural-poland-icon.png\",\"contentUrl\":\"https:\\\/\\\/naturalpoland.com\\\/wp-content\\\/uploads\\\/2021\\\/05\\\/natural-poland-icon.png\",\"width\":512,\"height\":512,\"caption\":\"Natural Poland\"},\"image\":{\"@id\":\"https:\\\/\\\/naturalpoland.com\\\/es\\\/#\\\/schema\\\/logo\\\/image\\\/\"},\"sameAs\":[\"https:\\\/\\\/www.facebook.com\\\/naturalpoland.b2b\",\"https:\\\/\\\/pl.linkedin.com\\\/company\\\/natural-poland\",\"https:\\\/\\\/www.youtube.com\\\/channel\\\/UCgeGGkvOMahZo-xu_MSEWxg\"]}]}<\/script>\n<!-- \/ Yoast SEO plugin. -->","yoast_head_json":{"title":"\u00c1cido caf\u00e9 - NATURAL POLAND - Distribuidor Mayorista de Materias Primas","description":"El \u00e1cido cafeico es un ingrediente con muchos beneficios para la salud de la piel, sobre todo para prevenir e invertir los efectos del envejecimiento y el estr\u00e9s oxidativo.","robots":{"index":"index","follow":"follow","max-snippet":"max-snippet:-1","max-image-preview":"max-image-preview:large","max-video-preview":"max-video-preview:-1"},"canonical":"https:\/\/naturalpoland.com\/es\/productos\/productos-para-la-industria-cosmetica\/acidos\/acido-cafe\/","og_locale":"es_ES","og_type":"article","og_title":"\u00c1cido caf\u00e9 - NATURAL POLAND - Distribuidor Mayorista de Materias Primas","og_description":"El \u00e1cido cafeico es un ingrediente con muchos beneficios para la salud de la piel, sobre todo para prevenir e invertir los efectos del envejecimiento y el estr\u00e9s oxidativo.","og_url":"https:\/\/naturalpoland.com\/es\/productos\/productos-para-la-industria-cosmetica\/acidos\/acido-cafe\/","og_site_name":"NATURAL POLAND - Distribuidor Mayorista de Materias Primas","article_publisher":"https:\/\/www.facebook.com\/naturalpoland.b2b","og_image":[{"width":615,"height":615,"url":"https:\/\/naturalpoland.com\/wp-content\/uploads\/kwas-kawowy.webp","type":"image\/webp"}],"schema":{"@context":"https:\/\/schema.org","@graph":[{"@type":"WebPage","@id":"https:\/\/naturalpoland.com\/es\/productos\/productos-para-la-industria-cosmetica\/acidos\/acido-cafe\/","url":"https:\/\/naturalpoland.com\/es\/productos\/productos-para-la-industria-cosmetica\/acidos\/acido-cafe\/","name":"\u00c1cido caf\u00e9 - NATURAL POLAND - Distribuidor Mayorista de Materias Primas","isPartOf":{"@id":"https:\/\/naturalpoland.com\/es\/#website"},"primaryImageOfPage":{"@id":"https:\/\/naturalpoland.com\/es\/productos\/productos-para-la-industria-cosmetica\/acidos\/acido-cafe\/#primaryimage"},"image":{"@id":"https:\/\/naturalpoland.com\/es\/productos\/productos-para-la-industria-cosmetica\/acidos\/acido-cafe\/#primaryimage"},"thumbnailUrl":"https:\/\/naturalpoland.com\/wp-content\/uploads\/kwas-kawowy.webp","datePublished":"2024-09-10T11:11:15+00:00","description":"El \u00e1cido cafeico es un ingrediente con muchos beneficios para la salud de la piel, sobre todo para prevenir e invertir los efectos del envejecimiento y el estr\u00e9s oxidativo.","breadcrumb":{"@id":"https:\/\/naturalpoland.com\/es\/productos\/productos-para-la-industria-cosmetica\/acidos\/acido-cafe\/#breadcrumb"},"inLanguage":"es","potentialAction":[{"@type":"ReadAction","target":["https:\/\/naturalpoland.com\/es\/productos\/productos-para-la-industria-cosmetica\/acidos\/acido-cafe\/"]}]},{"@type":"ImageObject","inLanguage":"es","@id":"https:\/\/naturalpoland.com\/es\/productos\/productos-para-la-industria-cosmetica\/acidos\/acido-cafe\/#primaryimage","url":"https:\/\/naturalpoland.com\/wp-content\/uploads\/kwas-kawowy.webp","contentUrl":"https:\/\/naturalpoland.com\/wp-content\/uploads\/kwas-kawowy.webp","width":615,"height":615,"caption":"kwas kawowy"},{"@type":"BreadcrumbList","@id":"https:\/\/naturalpoland.com\/es\/productos\/productos-para-la-industria-cosmetica\/acidos\/acido-cafe\/#breadcrumb","itemListElement":[{"@type":"ListItem","position":1,"name":"Inicio","item":"https:\/\/naturalpoland.com\/es\/"},{"@type":"ListItem","position":2,"name":"Productos","item":"https:\/\/naturalpoland.com\/es\/productos\/"},{"@type":"ListItem","position":3,"name":"\u00c1cido caf\u00e9"}]},{"@type":"WebSite","@id":"https:\/\/naturalpoland.com\/es\/#website","url":"https:\/\/naturalpoland.com\/es\/","name":"NATURAL POLAND - Distribuidor Mayorista de Materias Primas","description":"Surowce dla przemys\u0142u spo\u017cywczego, kosmetycznego i farmaceutycznego","publisher":{"@id":"https:\/\/naturalpoland.com\/es\/#organization"},"potentialAction":[{"@type":"SearchAction","target":{"@type":"EntryPoint","urlTemplate":"https:\/\/naturalpoland.com\/es\/?s={search_term_string}"},"query-input":{"@type":"PropertyValueSpecification","valueRequired":true,"valueName":"search_term_string"}}],"inLanguage":"es"},{"@type":"Organization","@id":"https:\/\/naturalpoland.com\/es\/#organization","name":"Natural Poland","url":"https:\/\/naturalpoland.com\/es\/","logo":{"@type":"ImageObject","inLanguage":"es","@id":"https:\/\/naturalpoland.com\/es\/#\/schema\/logo\/image\/","url":"https:\/\/naturalpoland.com\/wp-content\/uploads\/2021\/05\/natural-poland-icon.png","contentUrl":"https:\/\/naturalpoland.com\/wp-content\/uploads\/2021\/05\/natural-poland-icon.png","width":512,"height":512,"caption":"Natural Poland"},"image":{"@id":"https:\/\/naturalpoland.com\/es\/#\/schema\/logo\/image\/"},"sameAs":["https:\/\/www.facebook.com\/naturalpoland.b2b","https:\/\/pl.linkedin.com\/company\/natural-poland","https:\/\/www.youtube.com\/channel\/UCgeGGkvOMahZo-xu_MSEWxg"]}]}},"_links":{"self":[{"href":"https:\/\/naturalpoland.com\/es\/wp-json\/wp\/v2\/product\/35342","targetHints":{"allow":["GET"]}}],"collection":[{"href":"https:\/\/naturalpoland.com\/es\/wp-json\/wp\/v2\/product"}],"about":[{"href":"https:\/\/naturalpoland.com\/es\/wp-json\/wp\/v2\/types\/product"}],"wp:featuredmedia":[{"embeddable":true,"href":"https:\/\/naturalpoland.com\/es\/wp-json\/wp\/v2\/media\/35316"}],"wp:attachment":[{"href":"https:\/\/naturalpoland.com\/es\/wp-json\/wp\/v2\/media?parent=35342"}],"wp:term":[{"taxonomy":"product_brand","embeddable":true,"href":"https:\/\/naturalpoland.com\/es\/wp-json\/wp\/v2\/product_brand?post=35342"},{"taxonomy":"product_cat","embeddable":true,"href":"https:\/\/naturalpoland.com\/es\/wp-json\/wp\/v2\/product_cat?post=35342"},{"taxonomy":"product_tag","embeddable":true,"href":"https:\/\/naturalpoland.com\/es\/wp-json\/wp\/v2\/product_tag?post=35342"}],"curies":[{"name":"wp","href":"https:\/\/api.w.org\/{rel}","templated":true}]}}