{"id":35355,"date":"2024-09-10T13:08:24","date_gmt":"2024-09-10T11:11:33","guid":{"rendered":"https:\/\/naturalpoland.com\/produkty\/sin categor\u00eda\/acido-coyote\/"},"modified":"2024-09-10T13:11:33","modified_gmt":"2024-09-10T11:11:33","slug":"acido-coyote","status":"publish","type":"product","link":"https:\/\/naturalpoland.com\/es\/productos\/productos-para-la-industria-cosmetica\/acidos\/acido-coyote\/","title":{"rendered":"\u00c1cido k\u00f3jico"},"content":{"rendered":"<h2>Propiedades y efectos del \u00e1cido k\u00f3jico:<\/h2>\n<p><strong>Acci\u00f3n iluminadora y reducci\u00f3n de la hiperpigmentaci\u00f3n<\/strong> El principal mecanismo de acci\u00f3n del \u00e1cido k\u00f3jico es bloquear la actividad de la tirosinasa, una enzima clave implicada en la melanog\u00e9nesis, responsable de la producci\u00f3n de melanina, el pigmento de la piel.<br \/>\nEl kwa muestra la capacidad de formar complejos con iones de zinc y cobre, que son esenciales para la actividad de la tirosinasa Esto hace que el \u00e1cido k\u00f3jico sea \u00fatil para reducir las manchas de pigmentaci\u00f3n y unificar el tono de la piel. <strong>Acci\u00f3n antiinflamatoria<\/strong> El \u00e1cido k\u00f3jico tambi\u00e9n tiene efectos antiinflamatorios.<br \/>\nTiene propiedades antibacterianas y se recomienda para las lesiones del acn\u00e9.    <\/p>\n<h2>Uso cosm\u00e9tico:<\/h2>\n<p>  El \u00e1cido k\u00f3jico puede utilizarse en preparados cosm\u00e9ticos como cremas, sueros, t\u00f3nicos y geles faciales, as\u00ed como en exfoliaciones qu\u00edmicas profesionales utilizadas en cirug\u00edas est\u00e9ticas.<br \/>\nTambi\u00e9n se utiliza en cosm\u00e9ticos antienvejecimiento y productos para pieles con hiperpigmentaci\u00f3n y acn\u00e9.<br \/>\nEl \u00e1cido k\u00f3jico puede combinarse con otros ingredientes con efectos iluminadores y antioxidantes, como la vitamina C, <strong><a href=\"https:\/\/naturalpoland.com\/produkty\/produkty-dla-przemyslu-kosmetycznego\/surowce-kosmetyczne\/alfa-arbutyna\/\">arbutina<\/a><\/strong>o alfahidroxi\u00e1cidos y betahidroxi\u00e1cidos, lo que aumenta su eficacia.<br \/>\nEl \u00e1cido k\u00f3jico suele utilizarse en concentraciones de hasta el 1% en productos cosm\u00e9ticos destinados al cuidado diario de la piel.<br \/>\nEl uso de concentraciones m\u00e1s elevadas (superiores al 1%) s\u00f3lo se recomienda bajo la supervisi\u00f3n de un especialista como parte de tratamientos profesionales.<br \/>\nNo se recomienda el uso de productos que contengan \u00e1cido k\u00f3jico a las personas al\u00e9rgicas a este ingrediente, ni a la piel da\u00f1ada con heridas abiertas o inflamaci\u00f3n activa.     <\/p>\n","protected":false},"excerpt":{"rendered":"<p>El \u00e1cido k\u00f3jico es un compuesto qu\u00edmico de origen natural que se produce biotecnol\u00f3gicamente, principalmente por hongos de la especie <em>Aspergillus<\/em>.<br \/>\nTiene propiedades aclarantes de la piel, reductoras de la hiperpigmentaci\u00f3n y antiinflamatorias. <\/p>\n","protected":false},"featured_media":35329,"template":"","meta":{"_acf_changed":false},"product_brand":[],"product_cat":[5456],"product_tag":[],"class_list":{"0":"post-35355","1":"product","2":"type-product","3":"status-publish","4":"has-post-thumbnail","6":"product_cat-acidos","8":"first","9":"instock","10":"shipping-taxable","11":"product-type-simple"},"acf":[],"yoast_head":"<!-- This site is optimized with the Yoast SEO plugin v27.4 - https:\/\/yoast.com\/product\/yoast-seo-wordpress\/ -->\n<title>\u00c1cido k\u00f3jico - NATURAL POLAND - Distribuidor Mayorista de Materias Primas<\/title>\n<meta name=\"description\" content=\"El \u00e1cido k\u00f3jico es un ingrediente muy apreciado en cosm\u00e9tica, especialmente en el contexto de la aclaraci\u00f3n de la piel y la reducci\u00f3n de la hiperpigmentaci\u00f3n.\" \/>\n<meta name=\"robots\" content=\"index, follow, max-snippet:-1, max-image-preview:large, max-video-preview:-1\" \/>\n<link rel=\"canonical\" href=\"https:\/\/naturalpoland.com\/es\/productos\/productos-para-la-industria-cosmetica\/acidos\/acido-coyote\/\" \/>\n<meta property=\"og:locale\" content=\"es_ES\" \/>\n<meta property=\"og:type\" content=\"article\" \/>\n<meta property=\"og:title\" content=\"\u00c1cido k\u00f3jico - NATURAL POLAND - Distribuidor Mayorista de Materias Primas\" \/>\n<meta property=\"og:description\" content=\"El \u00e1cido k\u00f3jico es un ingrediente muy apreciado en cosm\u00e9tica, especialmente en el contexto de la aclaraci\u00f3n de la piel y la reducci\u00f3n de la hiperpigmentaci\u00f3n.\" \/>\n<meta property=\"og:url\" content=\"https:\/\/naturalpoland.com\/es\/productos\/productos-para-la-industria-cosmetica\/acidos\/acido-coyote\/\" \/>\n<meta property=\"og:site_name\" content=\"NATURAL POLAND - Distribuidor Mayorista de Materias Primas\" \/>\n<meta property=\"article:publisher\" content=\"https:\/\/www.facebook.com\/naturalpoland.b2b\" \/>\n<meta property=\"og:image\" content=\"https:\/\/naturalpoland.com\/wp-content\/uploads\/kwas-kojowy.webp\" \/>\n\t<meta property=\"og:image:width\" content=\"615\" \/>\n\t<meta property=\"og:image:height\" content=\"615\" \/>\n\t<meta property=\"og:image:type\" content=\"image\/webp\" \/>\n<script type=\"application\/ld+json\" class=\"yoast-schema-graph\">{\"@context\":\"https:\\\/\\\/schema.org\",\"@graph\":[{\"@type\":\"WebPage\",\"@id\":\"https:\\\/\\\/naturalpoland.com\\\/es\\\/productos\\\/productos-para-la-industria-cosmetica\\\/acidos\\\/acido-coyote\\\/\",\"url\":\"https:\\\/\\\/naturalpoland.com\\\/es\\\/productos\\\/productos-para-la-industria-cosmetica\\\/acidos\\\/acido-coyote\\\/\",\"name\":\"\u00c1cido k\u00f3jico - NATURAL POLAND - Distribuidor Mayorista de Materias Primas\",\"isPartOf\":{\"@id\":\"https:\\\/\\\/naturalpoland.com\\\/es\\\/#website\"},\"primaryImageOfPage\":{\"@id\":\"https:\\\/\\\/naturalpoland.com\\\/es\\\/productos\\\/productos-para-la-industria-cosmetica\\\/acidos\\\/acido-coyote\\\/#primaryimage\"},\"image\":{\"@id\":\"https:\\\/\\\/naturalpoland.com\\\/es\\\/productos\\\/productos-para-la-industria-cosmetica\\\/acidos\\\/acido-coyote\\\/#primaryimage\"},\"thumbnailUrl\":\"https:\\\/\\\/naturalpoland.com\\\/wp-content\\\/uploads\\\/kwas-kojowy.webp\",\"datePublished\":\"2024-09-10T11:11:33+00:00\",\"description\":\"El \u00e1cido k\u00f3jico es un ingrediente muy apreciado en cosm\u00e9tica, especialmente en el contexto de la aclaraci\u00f3n de la piel y la reducci\u00f3n de la hiperpigmentaci\u00f3n.\",\"breadcrumb\":{\"@id\":\"https:\\\/\\\/naturalpoland.com\\\/es\\\/productos\\\/productos-para-la-industria-cosmetica\\\/acidos\\\/acido-coyote\\\/#breadcrumb\"},\"inLanguage\":\"es\",\"potentialAction\":[{\"@type\":\"ReadAction\",\"target\":[\"https:\\\/\\\/naturalpoland.com\\\/es\\\/productos\\\/productos-para-la-industria-cosmetica\\\/acidos\\\/acido-coyote\\\/\"]}]},{\"@type\":\"ImageObject\",\"inLanguage\":\"es\",\"@id\":\"https:\\\/\\\/naturalpoland.com\\\/es\\\/productos\\\/productos-para-la-industria-cosmetica\\\/acidos\\\/acido-coyote\\\/#primaryimage\",\"url\":\"https:\\\/\\\/naturalpoland.com\\\/wp-content\\\/uploads\\\/kwas-kojowy.webp\",\"contentUrl\":\"https:\\\/\\\/naturalpoland.com\\\/wp-content\\\/uploads\\\/kwas-kojowy.webp\",\"width\":615,\"height\":615,\"caption\":\"kwas kojowy\"},{\"@type\":\"BreadcrumbList\",\"@id\":\"https:\\\/\\\/naturalpoland.com\\\/es\\\/productos\\\/productos-para-la-industria-cosmetica\\\/acidos\\\/acido-coyote\\\/#breadcrumb\",\"itemListElement\":[{\"@type\":\"ListItem\",\"position\":1,\"name\":\"Inicio\",\"item\":\"https:\\\/\\\/naturalpoland.com\\\/es\\\/\"},{\"@type\":\"ListItem\",\"position\":2,\"name\":\"Productos\",\"item\":\"https:\\\/\\\/naturalpoland.com\\\/es\\\/productos\\\/\"},{\"@type\":\"ListItem\",\"position\":3,\"name\":\"\u00c1cido k\u00f3jico\"}]},{\"@type\":\"WebSite\",\"@id\":\"https:\\\/\\\/naturalpoland.com\\\/es\\\/#website\",\"url\":\"https:\\\/\\\/naturalpoland.com\\\/es\\\/\",\"name\":\"NATURAL POLAND - Distribuidor Mayorista de Materias Primas\",\"description\":\"Surowce dla przemys\u0142u spo\u017cywczego, kosmetycznego i farmaceutycznego\",\"publisher\":{\"@id\":\"https:\\\/\\\/naturalpoland.com\\\/es\\\/#organization\"},\"potentialAction\":[{\"@type\":\"SearchAction\",\"target\":{\"@type\":\"EntryPoint\",\"urlTemplate\":\"https:\\\/\\\/naturalpoland.com\\\/es\\\/?s={search_term_string}\"},\"query-input\":{\"@type\":\"PropertyValueSpecification\",\"valueRequired\":true,\"valueName\":\"search_term_string\"}}],\"inLanguage\":\"es\"},{\"@type\":\"Organization\",\"@id\":\"https:\\\/\\\/naturalpoland.com\\\/es\\\/#organization\",\"name\":\"Natural Poland\",\"url\":\"https:\\\/\\\/naturalpoland.com\\\/es\\\/\",\"logo\":{\"@type\":\"ImageObject\",\"inLanguage\":\"es\",\"@id\":\"https:\\\/\\\/naturalpoland.com\\\/es\\\/#\\\/schema\\\/logo\\\/image\\\/\",\"url\":\"https:\\\/\\\/naturalpoland.com\\\/wp-content\\\/uploads\\\/2021\\\/05\\\/natural-poland-icon.png\",\"contentUrl\":\"https:\\\/\\\/naturalpoland.com\\\/wp-content\\\/uploads\\\/2021\\\/05\\\/natural-poland-icon.png\",\"width\":512,\"height\":512,\"caption\":\"Natural Poland\"},\"image\":{\"@id\":\"https:\\\/\\\/naturalpoland.com\\\/es\\\/#\\\/schema\\\/logo\\\/image\\\/\"},\"sameAs\":[\"https:\\\/\\\/www.facebook.com\\\/naturalpoland.b2b\",\"https:\\\/\\\/pl.linkedin.com\\\/company\\\/natural-poland\",\"https:\\\/\\\/www.youtube.com\\\/channel\\\/UCgeGGkvOMahZo-xu_MSEWxg\"]}]}<\/script>\n<!-- \/ Yoast SEO plugin. -->","yoast_head_json":{"title":"\u00c1cido k\u00f3jico - NATURAL POLAND - Distribuidor Mayorista de Materias Primas","description":"El \u00e1cido k\u00f3jico es un ingrediente muy apreciado en cosm\u00e9tica, especialmente en el contexto de la aclaraci\u00f3n de la piel y la reducci\u00f3n de la hiperpigmentaci\u00f3n.","robots":{"index":"index","follow":"follow","max-snippet":"max-snippet:-1","max-image-preview":"max-image-preview:large","max-video-preview":"max-video-preview:-1"},"canonical":"https:\/\/naturalpoland.com\/es\/productos\/productos-para-la-industria-cosmetica\/acidos\/acido-coyote\/","og_locale":"es_ES","og_type":"article","og_title":"\u00c1cido k\u00f3jico - NATURAL POLAND - Distribuidor Mayorista de Materias Primas","og_description":"El \u00e1cido k\u00f3jico es un ingrediente muy apreciado en cosm\u00e9tica, especialmente en el contexto de la aclaraci\u00f3n de la piel y la reducci\u00f3n de la hiperpigmentaci\u00f3n.","og_url":"https:\/\/naturalpoland.com\/es\/productos\/productos-para-la-industria-cosmetica\/acidos\/acido-coyote\/","og_site_name":"NATURAL POLAND - Distribuidor Mayorista de Materias Primas","article_publisher":"https:\/\/www.facebook.com\/naturalpoland.b2b","og_image":[{"width":615,"height":615,"url":"https:\/\/naturalpoland.com\/wp-content\/uploads\/kwas-kojowy.webp","type":"image\/webp"}],"schema":{"@context":"https:\/\/schema.org","@graph":[{"@type":"WebPage","@id":"https:\/\/naturalpoland.com\/es\/productos\/productos-para-la-industria-cosmetica\/acidos\/acido-coyote\/","url":"https:\/\/naturalpoland.com\/es\/productos\/productos-para-la-industria-cosmetica\/acidos\/acido-coyote\/","name":"\u00c1cido k\u00f3jico - NATURAL POLAND - Distribuidor Mayorista de Materias Primas","isPartOf":{"@id":"https:\/\/naturalpoland.com\/es\/#website"},"primaryImageOfPage":{"@id":"https:\/\/naturalpoland.com\/es\/productos\/productos-para-la-industria-cosmetica\/acidos\/acido-coyote\/#primaryimage"},"image":{"@id":"https:\/\/naturalpoland.com\/es\/productos\/productos-para-la-industria-cosmetica\/acidos\/acido-coyote\/#primaryimage"},"thumbnailUrl":"https:\/\/naturalpoland.com\/wp-content\/uploads\/kwas-kojowy.webp","datePublished":"2024-09-10T11:11:33+00:00","description":"El \u00e1cido k\u00f3jico es un ingrediente muy apreciado en cosm\u00e9tica, especialmente en el contexto de la aclaraci\u00f3n de la piel y la reducci\u00f3n de la hiperpigmentaci\u00f3n.","breadcrumb":{"@id":"https:\/\/naturalpoland.com\/es\/productos\/productos-para-la-industria-cosmetica\/acidos\/acido-coyote\/#breadcrumb"},"inLanguage":"es","potentialAction":[{"@type":"ReadAction","target":["https:\/\/naturalpoland.com\/es\/productos\/productos-para-la-industria-cosmetica\/acidos\/acido-coyote\/"]}]},{"@type":"ImageObject","inLanguage":"es","@id":"https:\/\/naturalpoland.com\/es\/productos\/productos-para-la-industria-cosmetica\/acidos\/acido-coyote\/#primaryimage","url":"https:\/\/naturalpoland.com\/wp-content\/uploads\/kwas-kojowy.webp","contentUrl":"https:\/\/naturalpoland.com\/wp-content\/uploads\/kwas-kojowy.webp","width":615,"height":615,"caption":"kwas kojowy"},{"@type":"BreadcrumbList","@id":"https:\/\/naturalpoland.com\/es\/productos\/productos-para-la-industria-cosmetica\/acidos\/acido-coyote\/#breadcrumb","itemListElement":[{"@type":"ListItem","position":1,"name":"Inicio","item":"https:\/\/naturalpoland.com\/es\/"},{"@type":"ListItem","position":2,"name":"Productos","item":"https:\/\/naturalpoland.com\/es\/productos\/"},{"@type":"ListItem","position":3,"name":"\u00c1cido k\u00f3jico"}]},{"@type":"WebSite","@id":"https:\/\/naturalpoland.com\/es\/#website","url":"https:\/\/naturalpoland.com\/es\/","name":"NATURAL POLAND - Distribuidor Mayorista de Materias Primas","description":"Surowce dla przemys\u0142u spo\u017cywczego, kosmetycznego i farmaceutycznego","publisher":{"@id":"https:\/\/naturalpoland.com\/es\/#organization"},"potentialAction":[{"@type":"SearchAction","target":{"@type":"EntryPoint","urlTemplate":"https:\/\/naturalpoland.com\/es\/?s={search_term_string}"},"query-input":{"@type":"PropertyValueSpecification","valueRequired":true,"valueName":"search_term_string"}}],"inLanguage":"es"},{"@type":"Organization","@id":"https:\/\/naturalpoland.com\/es\/#organization","name":"Natural Poland","url":"https:\/\/naturalpoland.com\/es\/","logo":{"@type":"ImageObject","inLanguage":"es","@id":"https:\/\/naturalpoland.com\/es\/#\/schema\/logo\/image\/","url":"https:\/\/naturalpoland.com\/wp-content\/uploads\/2021\/05\/natural-poland-icon.png","contentUrl":"https:\/\/naturalpoland.com\/wp-content\/uploads\/2021\/05\/natural-poland-icon.png","width":512,"height":512,"caption":"Natural Poland"},"image":{"@id":"https:\/\/naturalpoland.com\/es\/#\/schema\/logo\/image\/"},"sameAs":["https:\/\/www.facebook.com\/naturalpoland.b2b","https:\/\/pl.linkedin.com\/company\/natural-poland","https:\/\/www.youtube.com\/channel\/UCgeGGkvOMahZo-xu_MSEWxg"]}]}},"_links":{"self":[{"href":"https:\/\/naturalpoland.com\/es\/wp-json\/wp\/v2\/product\/35355","targetHints":{"allow":["GET"]}}],"collection":[{"href":"https:\/\/naturalpoland.com\/es\/wp-json\/wp\/v2\/product"}],"about":[{"href":"https:\/\/naturalpoland.com\/es\/wp-json\/wp\/v2\/types\/product"}],"wp:featuredmedia":[{"embeddable":true,"href":"https:\/\/naturalpoland.com\/es\/wp-json\/wp\/v2\/media\/35329"}],"wp:attachment":[{"href":"https:\/\/naturalpoland.com\/es\/wp-json\/wp\/v2\/media?parent=35355"}],"wp:term":[{"taxonomy":"product_brand","embeddable":true,"href":"https:\/\/naturalpoland.com\/es\/wp-json\/wp\/v2\/product_brand?post=35355"},{"taxonomy":"product_cat","embeddable":true,"href":"https:\/\/naturalpoland.com\/es\/wp-json\/wp\/v2\/product_cat?post=35355"},{"taxonomy":"product_tag","embeddable":true,"href":"https:\/\/naturalpoland.com\/es\/wp-json\/wp\/v2\/product_tag?post=35355"}],"curies":[{"name":"wp","href":"https:\/\/api.w.org\/{rel}","templated":true}]}}