{"id":35364,"date":"2024-09-09T16:09:46","date_gmt":"2024-09-10T11:12:45","guid":{"rendered":"https:\/\/naturalpoland.com\/produkty\/sin categor\u00eda\/acido-piruvico\/"},"modified":"2024-09-10T13:12:45","modified_gmt":"2024-09-10T11:12:45","slug":"acido-piruvico","status":"publish","type":"product","link":"https:\/\/naturalpoland.com\/es\/productos\/productos-para-la-industria-cosmetica\/acidos\/acido-piruvico\/","title":{"rendered":"\u00c1cido pir\u00favico"},"content":{"rendered":"<p>El \u00e1cido pir\u00favico se encuentra de forma natural en muchos alimentos, como las manzanas, la miel y el vinagre, as\u00ed como en la fruta fermentada, el vino negro y la cerveza.<br \/>\nEn los organismos vivos, el \u00e1cido pir\u00favico es un metabolito clave en el proceso de gluc\u00f3lisis -conversi\u00f3n de la glucosa en energ\u00eda- que representa un paso intermedio en la fermentaci\u00f3n alcoh\u00f3lica de los hidratos de carbono.   <\/p>\n<h2>Propiedades del \u00e1cido pir\u00favico<\/h2>\n<p>  El \u00e1cido pir\u00favico se caracteriza por su peque\u00f1o tama\u00f1o de part\u00edcula, que le permite penetrar profundamente en la piel.<br \/>\nTiene un grupo carboxilo y otro carbonilo, lo que lo hace m\u00e1s potente que otros \u00e1cidos, como el l\u00e1ctico.<br \/>\nEn concentraciones superiores al 50%, es capaz de penetrar r\u00e1pida y profundamente en la piel, exfoliando y estimulando las c\u00e9lulas cut\u00e1neas.    <strong>Efecto del \u00e1cido pir\u00favico:<\/strong><\/p>\n<ul>\n<li>Tiene una fuerte acci\u00f3n exfoliante: exfolia las c\u00e9lulas muertas de la piel,<\/li>\n<li>tiene un efecto seborregulador, reduciendo las secreciones seb\u00e1ceas,<\/li>\n<li>tiene la capacidad de estimular los fibroblastos &#8211; favorece la producci\u00f3n de col\u00e1geno y elastina,<\/li>\n<li>tiene un efecto antibacteriano y antiinflamatorio,<\/li>\n<li>tiene propiedades abrillantadoras,<\/li>\n<li>es un inhibidor natural de las enzimas responsables de la inflamaci\u00f3n, como la ciclooxigenasa (COX) y la lipoxigenasa (LOX) &#8211; reduce la s\u00edntesis de mediadores inflamatorios como las prostaglandinas y los leucotrienos, reduciendo la inflamaci\u00f3n y la irritaci\u00f3n,<\/li>\n<li>tiene propiedades antioxidantes.<\/li>\n<\/ul>\n<h2>Aplicaci\u00f3n<\/h2>\n<p>  El \u00e1cido pir\u00favico se utiliza en dermatolog\u00eda para tratar el acn\u00e9, sobre todo en personas con piel grasa y propensa a los puntos negros.<br \/>\nLos peelings con \u00e1cido pir\u00favico tambi\u00e9n pueden utilizarse para reducir las cicatrices superficiales del acn\u00e9 y las arrugas.<br \/>\nEl \u00e1cido tambi\u00e9n se utiliza en tratamientos antienvejecimiento.<br \/>\nDebido a su intensa acci\u00f3n, el uso de \u00e1cido pir\u00favico en concentraciones elevadas (superiores al 50%) s\u00f3lo debe ser realizado por profesionales cualificados.<br \/>\nEn el caso de concentraciones m\u00e1s bajas, el \u00e1cido puede utilizarse en casa, pero siempre bajo la supervisi\u00f3n de un profesional.    <\/p>\n","protected":false},"excerpt":{"rendered":"<p>El \u00e1cido pir\u00favico (CAS: 127-17-3) es un compuesto qu\u00edmico org\u00e1nico perteneciente al grupo de los \u00e1cidos alfa-ceto.<\/p>\n","protected":false},"featured_media":35264,"template":"","meta":{"_acf_changed":false},"product_brand":[],"product_cat":[5456],"product_tag":[],"class_list":{"0":"post-35364","1":"product","2":"type-product","3":"status-publish","4":"has-post-thumbnail","6":"product_cat-acidos","8":"first","9":"instock","10":"shipping-taxable","11":"product-type-simple"},"acf":[],"yoast_head":"<!-- This site is optimized with the Yoast SEO plugin v27.4 - https:\/\/yoast.com\/product\/yoast-seo-wordpress\/ -->\n<title>\u00c1cido pir\u00favico - NATURAL POLAND - Distribuidor Mayorista de Materias Primas<\/title>\n<meta name=\"description\" content=\"El \u00e1cido pir\u00favico es un principio activo vers\u00e1til que se utiliza en muchos procedimientos dermatol\u00f3gicos y cosmetol\u00f3gicos.\" \/>\n<meta name=\"robots\" content=\"index, follow, max-snippet:-1, max-image-preview:large, max-video-preview:-1\" \/>\n<link rel=\"canonical\" href=\"https:\/\/naturalpoland.com\/es\/productos\/productos-para-la-industria-cosmetica\/acidos\/acido-piruvico\/\" \/>\n<meta property=\"og:locale\" content=\"es_ES\" \/>\n<meta property=\"og:type\" content=\"article\" \/>\n<meta property=\"og:title\" content=\"\u00c1cido pir\u00favico - NATURAL POLAND - Distribuidor Mayorista de Materias Primas\" \/>\n<meta property=\"og:description\" content=\"El \u00e1cido pir\u00favico es un principio activo vers\u00e1til que se utiliza en muchos procedimientos dermatol\u00f3gicos y cosmetol\u00f3gicos.\" \/>\n<meta property=\"og:url\" content=\"https:\/\/naturalpoland.com\/es\/productos\/productos-para-la-industria-cosmetica\/acidos\/acido-piruvico\/\" \/>\n<meta property=\"og:site_name\" content=\"NATURAL POLAND - Distribuidor Mayorista de Materias Primas\" \/>\n<meta property=\"article:publisher\" content=\"https:\/\/www.facebook.com\/naturalpoland.b2b\" \/>\n<meta property=\"og:image\" content=\"https:\/\/naturalpoland.com\/wp-content\/uploads\/kwas-pirogronowy.webp\" \/>\n\t<meta property=\"og:image:width\" content=\"615\" \/>\n\t<meta property=\"og:image:height\" content=\"615\" \/>\n\t<meta property=\"og:image:type\" content=\"image\/webp\" \/>\n<script type=\"application\/ld+json\" class=\"yoast-schema-graph\">{\"@context\":\"https:\\\/\\\/schema.org\",\"@graph\":[{\"@type\":\"WebPage\",\"@id\":\"https:\\\/\\\/naturalpoland.com\\\/es\\\/productos\\\/productos-para-la-industria-cosmetica\\\/acidos\\\/acido-piruvico\\\/\",\"url\":\"https:\\\/\\\/naturalpoland.com\\\/es\\\/productos\\\/productos-para-la-industria-cosmetica\\\/acidos\\\/acido-piruvico\\\/\",\"name\":\"\u00c1cido pir\u00favico - NATURAL POLAND - Distribuidor Mayorista de Materias Primas\",\"isPartOf\":{\"@id\":\"https:\\\/\\\/naturalpoland.com\\\/es\\\/#website\"},\"primaryImageOfPage\":{\"@id\":\"https:\\\/\\\/naturalpoland.com\\\/es\\\/productos\\\/productos-para-la-industria-cosmetica\\\/acidos\\\/acido-piruvico\\\/#primaryimage\"},\"image\":{\"@id\":\"https:\\\/\\\/naturalpoland.com\\\/es\\\/productos\\\/productos-para-la-industria-cosmetica\\\/acidos\\\/acido-piruvico\\\/#primaryimage\"},\"thumbnailUrl\":\"https:\\\/\\\/naturalpoland.com\\\/wp-content\\\/uploads\\\/kwas-pirogronowy.webp\",\"datePublished\":\"2024-09-10T11:12:45+00:00\",\"description\":\"El \u00e1cido pir\u00favico es un principio activo vers\u00e1til que se utiliza en muchos procedimientos dermatol\u00f3gicos y cosmetol\u00f3gicos.\",\"breadcrumb\":{\"@id\":\"https:\\\/\\\/naturalpoland.com\\\/es\\\/productos\\\/productos-para-la-industria-cosmetica\\\/acidos\\\/acido-piruvico\\\/#breadcrumb\"},\"inLanguage\":\"es\",\"potentialAction\":[{\"@type\":\"ReadAction\",\"target\":[\"https:\\\/\\\/naturalpoland.com\\\/es\\\/productos\\\/productos-para-la-industria-cosmetica\\\/acidos\\\/acido-piruvico\\\/\"]}]},{\"@type\":\"ImageObject\",\"inLanguage\":\"es\",\"@id\":\"https:\\\/\\\/naturalpoland.com\\\/es\\\/productos\\\/productos-para-la-industria-cosmetica\\\/acidos\\\/acido-piruvico\\\/#primaryimage\",\"url\":\"https:\\\/\\\/naturalpoland.com\\\/wp-content\\\/uploads\\\/kwas-pirogronowy.webp\",\"contentUrl\":\"https:\\\/\\\/naturalpoland.com\\\/wp-content\\\/uploads\\\/kwas-pirogronowy.webp\",\"width\":615,\"height\":615,\"caption\":\"kwas pirogronowy\"},{\"@type\":\"BreadcrumbList\",\"@id\":\"https:\\\/\\\/naturalpoland.com\\\/es\\\/productos\\\/productos-para-la-industria-cosmetica\\\/acidos\\\/acido-piruvico\\\/#breadcrumb\",\"itemListElement\":[{\"@type\":\"ListItem\",\"position\":1,\"name\":\"Inicio\",\"item\":\"https:\\\/\\\/naturalpoland.com\\\/es\\\/\"},{\"@type\":\"ListItem\",\"position\":2,\"name\":\"Productos\",\"item\":\"https:\\\/\\\/naturalpoland.com\\\/es\\\/productos\\\/\"},{\"@type\":\"ListItem\",\"position\":3,\"name\":\"\u00c1cido pir\u00favico\"}]},{\"@type\":\"WebSite\",\"@id\":\"https:\\\/\\\/naturalpoland.com\\\/es\\\/#website\",\"url\":\"https:\\\/\\\/naturalpoland.com\\\/es\\\/\",\"name\":\"NATURAL POLAND - Distribuidor Mayorista de Materias Primas\",\"description\":\"Surowce dla przemys\u0142u spo\u017cywczego, kosmetycznego i farmaceutycznego\",\"publisher\":{\"@id\":\"https:\\\/\\\/naturalpoland.com\\\/es\\\/#organization\"},\"potentialAction\":[{\"@type\":\"SearchAction\",\"target\":{\"@type\":\"EntryPoint\",\"urlTemplate\":\"https:\\\/\\\/naturalpoland.com\\\/es\\\/?s={search_term_string}\"},\"query-input\":{\"@type\":\"PropertyValueSpecification\",\"valueRequired\":true,\"valueName\":\"search_term_string\"}}],\"inLanguage\":\"es\"},{\"@type\":\"Organization\",\"@id\":\"https:\\\/\\\/naturalpoland.com\\\/es\\\/#organization\",\"name\":\"Natural Poland\",\"url\":\"https:\\\/\\\/naturalpoland.com\\\/es\\\/\",\"logo\":{\"@type\":\"ImageObject\",\"inLanguage\":\"es\",\"@id\":\"https:\\\/\\\/naturalpoland.com\\\/es\\\/#\\\/schema\\\/logo\\\/image\\\/\",\"url\":\"https:\\\/\\\/naturalpoland.com\\\/wp-content\\\/uploads\\\/2021\\\/05\\\/natural-poland-icon.png\",\"contentUrl\":\"https:\\\/\\\/naturalpoland.com\\\/wp-content\\\/uploads\\\/2021\\\/05\\\/natural-poland-icon.png\",\"width\":512,\"height\":512,\"caption\":\"Natural Poland\"},\"image\":{\"@id\":\"https:\\\/\\\/naturalpoland.com\\\/es\\\/#\\\/schema\\\/logo\\\/image\\\/\"},\"sameAs\":[\"https:\\\/\\\/www.facebook.com\\\/naturalpoland.b2b\",\"https:\\\/\\\/pl.linkedin.com\\\/company\\\/natural-poland\",\"https:\\\/\\\/www.youtube.com\\\/channel\\\/UCgeGGkvOMahZo-xu_MSEWxg\"]}]}<\/script>\n<!-- \/ Yoast SEO plugin. -->","yoast_head_json":{"title":"\u00c1cido pir\u00favico - NATURAL POLAND - Distribuidor Mayorista de Materias Primas","description":"El \u00e1cido pir\u00favico es un principio activo vers\u00e1til que se utiliza en muchos procedimientos dermatol\u00f3gicos y cosmetol\u00f3gicos.","robots":{"index":"index","follow":"follow","max-snippet":"max-snippet:-1","max-image-preview":"max-image-preview:large","max-video-preview":"max-video-preview:-1"},"canonical":"https:\/\/naturalpoland.com\/es\/productos\/productos-para-la-industria-cosmetica\/acidos\/acido-piruvico\/","og_locale":"es_ES","og_type":"article","og_title":"\u00c1cido pir\u00favico - NATURAL POLAND - Distribuidor Mayorista de Materias Primas","og_description":"El \u00e1cido pir\u00favico es un principio activo vers\u00e1til que se utiliza en muchos procedimientos dermatol\u00f3gicos y cosmetol\u00f3gicos.","og_url":"https:\/\/naturalpoland.com\/es\/productos\/productos-para-la-industria-cosmetica\/acidos\/acido-piruvico\/","og_site_name":"NATURAL POLAND - Distribuidor Mayorista de Materias Primas","article_publisher":"https:\/\/www.facebook.com\/naturalpoland.b2b","og_image":[{"width":615,"height":615,"url":"https:\/\/naturalpoland.com\/wp-content\/uploads\/kwas-pirogronowy.webp","type":"image\/webp"}],"schema":{"@context":"https:\/\/schema.org","@graph":[{"@type":"WebPage","@id":"https:\/\/naturalpoland.com\/es\/productos\/productos-para-la-industria-cosmetica\/acidos\/acido-piruvico\/","url":"https:\/\/naturalpoland.com\/es\/productos\/productos-para-la-industria-cosmetica\/acidos\/acido-piruvico\/","name":"\u00c1cido pir\u00favico - NATURAL POLAND - Distribuidor Mayorista de Materias Primas","isPartOf":{"@id":"https:\/\/naturalpoland.com\/es\/#website"},"primaryImageOfPage":{"@id":"https:\/\/naturalpoland.com\/es\/productos\/productos-para-la-industria-cosmetica\/acidos\/acido-piruvico\/#primaryimage"},"image":{"@id":"https:\/\/naturalpoland.com\/es\/productos\/productos-para-la-industria-cosmetica\/acidos\/acido-piruvico\/#primaryimage"},"thumbnailUrl":"https:\/\/naturalpoland.com\/wp-content\/uploads\/kwas-pirogronowy.webp","datePublished":"2024-09-10T11:12:45+00:00","description":"El \u00e1cido pir\u00favico es un principio activo vers\u00e1til que se utiliza en muchos procedimientos dermatol\u00f3gicos y cosmetol\u00f3gicos.","breadcrumb":{"@id":"https:\/\/naturalpoland.com\/es\/productos\/productos-para-la-industria-cosmetica\/acidos\/acido-piruvico\/#breadcrumb"},"inLanguage":"es","potentialAction":[{"@type":"ReadAction","target":["https:\/\/naturalpoland.com\/es\/productos\/productos-para-la-industria-cosmetica\/acidos\/acido-piruvico\/"]}]},{"@type":"ImageObject","inLanguage":"es","@id":"https:\/\/naturalpoland.com\/es\/productos\/productos-para-la-industria-cosmetica\/acidos\/acido-piruvico\/#primaryimage","url":"https:\/\/naturalpoland.com\/wp-content\/uploads\/kwas-pirogronowy.webp","contentUrl":"https:\/\/naturalpoland.com\/wp-content\/uploads\/kwas-pirogronowy.webp","width":615,"height":615,"caption":"kwas pirogronowy"},{"@type":"BreadcrumbList","@id":"https:\/\/naturalpoland.com\/es\/productos\/productos-para-la-industria-cosmetica\/acidos\/acido-piruvico\/#breadcrumb","itemListElement":[{"@type":"ListItem","position":1,"name":"Inicio","item":"https:\/\/naturalpoland.com\/es\/"},{"@type":"ListItem","position":2,"name":"Productos","item":"https:\/\/naturalpoland.com\/es\/productos\/"},{"@type":"ListItem","position":3,"name":"\u00c1cido pir\u00favico"}]},{"@type":"WebSite","@id":"https:\/\/naturalpoland.com\/es\/#website","url":"https:\/\/naturalpoland.com\/es\/","name":"NATURAL POLAND - Distribuidor Mayorista de Materias Primas","description":"Surowce dla przemys\u0142u spo\u017cywczego, kosmetycznego i farmaceutycznego","publisher":{"@id":"https:\/\/naturalpoland.com\/es\/#organization"},"potentialAction":[{"@type":"SearchAction","target":{"@type":"EntryPoint","urlTemplate":"https:\/\/naturalpoland.com\/es\/?s={search_term_string}"},"query-input":{"@type":"PropertyValueSpecification","valueRequired":true,"valueName":"search_term_string"}}],"inLanguage":"es"},{"@type":"Organization","@id":"https:\/\/naturalpoland.com\/es\/#organization","name":"Natural Poland","url":"https:\/\/naturalpoland.com\/es\/","logo":{"@type":"ImageObject","inLanguage":"es","@id":"https:\/\/naturalpoland.com\/es\/#\/schema\/logo\/image\/","url":"https:\/\/naturalpoland.com\/wp-content\/uploads\/2021\/05\/natural-poland-icon.png","contentUrl":"https:\/\/naturalpoland.com\/wp-content\/uploads\/2021\/05\/natural-poland-icon.png","width":512,"height":512,"caption":"Natural Poland"},"image":{"@id":"https:\/\/naturalpoland.com\/es\/#\/schema\/logo\/image\/"},"sameAs":["https:\/\/www.facebook.com\/naturalpoland.b2b","https:\/\/pl.linkedin.com\/company\/natural-poland","https:\/\/www.youtube.com\/channel\/UCgeGGkvOMahZo-xu_MSEWxg"]}]}},"_links":{"self":[{"href":"https:\/\/naturalpoland.com\/es\/wp-json\/wp\/v2\/product\/35364","targetHints":{"allow":["GET"]}}],"collection":[{"href":"https:\/\/naturalpoland.com\/es\/wp-json\/wp\/v2\/product"}],"about":[{"href":"https:\/\/naturalpoland.com\/es\/wp-json\/wp\/v2\/types\/product"}],"wp:featuredmedia":[{"embeddable":true,"href":"https:\/\/naturalpoland.com\/es\/wp-json\/wp\/v2\/media\/35264"}],"wp:attachment":[{"href":"https:\/\/naturalpoland.com\/es\/wp-json\/wp\/v2\/media?parent=35364"}],"wp:term":[{"taxonomy":"product_brand","embeddable":true,"href":"https:\/\/naturalpoland.com\/es\/wp-json\/wp\/v2\/product_brand?post=35364"},{"taxonomy":"product_cat","embeddable":true,"href":"https:\/\/naturalpoland.com\/es\/wp-json\/wp\/v2\/product_cat?post=35364"},{"taxonomy":"product_tag","embeddable":true,"href":"https:\/\/naturalpoland.com\/es\/wp-json\/wp\/v2\/product_tag?post=35364"}],"curies":[{"name":"wp","href":"https:\/\/api.w.org\/{rel}","templated":true}]}}