{"id":35376,"date":"2024-09-10T11:38:47","date_gmt":"2024-09-10T11:13:03","guid":{"rendered":"https:\/\/naturalpoland.com\/produkty\/sin categor\u00eda\/acido-mandelico\/"},"modified":"2024-09-10T13:13:03","modified_gmt":"2024-09-10T11:13:03","slug":"acido-mandelico","status":"publish","type":"product","link":"https:\/\/naturalpoland.com\/es\/productos\/productos-para-la-industria-cosmetica\/acidos\/acido-mandelico\/","title":{"rendered":"\u00c1cido mand\u00e9lico"},"content":{"rendered":"<h2>Propiedades y efectos del \u00e1cido mand\u00e9lico:<\/h2>\n<p><strong>Reducci\u00f3n de la decoloraci\u00f3n<\/strong>: el \u00e1cido mand\u00e9lico aclara varios tipos de decoloraci\u00f3n, por ejemplo, la causada por el sol (manchas solares), cambios hormonales, acn\u00e9, procesos de envejecimiento.<br \/>\nSu acci\u00f3n aclarante se basa en la inhibici\u00f3n de la actividad de la tirosinasa, que es una enzima clave en la producci\u00f3n de melanina (melanog\u00e9nesis). <strong>Acci\u00f3n alisadora<\/strong>: el \u00e1cido mand\u00e9lico tiene la capacidad de estimular la s\u00edntesis de glicosaminoglicanos (GAG) y favorecer la producci\u00f3n de col\u00e1geno y elastina.<br \/>\nEsto tiene el efecto de alisar la piel y reducir la aparici\u00f3n de arrugas. <strong>Exfoliaci\u00f3n de la piel<\/strong> &#8211; el \u00e1cido mand\u00e9lico pertenece al grupo de los AHA, por lo que tiene un efecto queratol\u00edtico &#8211; exfolia las c\u00e9lulas epid\u00e9rmicas muertas, aflojando los enlaces entre ellas y el cemento intercelular.<br \/>\nEste proceso favorece la renovaci\u00f3n celular, desbloquea las salidas de las gl\u00e1ndulas seb\u00e1ceas y evita as\u00ed la formaci\u00f3n de puntos negros y la inflamaci\u00f3n.<br \/>\nGracias a sus grandes mol\u00e9culas, penetra gradualmente en la piel y tiene un efecto m\u00e1s suave que otros \u00e1cidos AHA, por lo que tambi\u00e9n funciona bien en pieles sensibles. Iguala el <strong>tono<\/strong> de <strong>la piel<\/strong>: la exfoliaci\u00f3n suave de la epidermis conduce a la eliminaci\u00f3n de c\u00e9lulas muertas, que pueden causar un tono desigual de la piel.<br \/>\nEl uso regular de \u00e1cido mand\u00e9lico iguala el tono de la piel en casos de hiperpigmentaci\u00f3n postinflamatoria, pecas y cloasma.       <\/p>\n<h2>Aplicaci\u00f3n<\/h2>\n<p>  Los productos con \u00e1cido mand\u00e9lico est\u00e1n especialmente recomendados para pieles problem\u00e1ticas, grasas, mixtas y con tendencia acneica, as\u00ed como para pieles maduras, secas y cansadas.<br \/>\nEs un \u00e1cido suave que pueden utilizar las personas con piel sensible y vascular, as\u00ed como durante el embarazo, siempre que la concentraci\u00f3n de \u00e1cido no supere el 10-15%.<br \/>\nSe recomienda aplicar el \u00e1cido mand\u00e9lico por la noche, despu\u00e9s de limpiar a fondo la piel, debido a sus propiedades fotosensibilizantes.<br \/>\nEs importante recordar que hay que proteger la piel de la radiaci\u00f3n UV durante el d\u00eda, utilizando cremas con un filtro solar elevado.<br \/>\nEl \u00e1cido mand\u00e9lico es uno de los AHA m\u00e1s suaves, pero su uso puede causar irritaci\u00f3n en personas con piel sensible o si se utiliza incorrectamente.    <\/p>\n","protected":false},"excerpt":{"rendered":"<p><strong>\u00c1cido mand\u00e9lico<\/strong> (CAS: 90-64-2), tambi\u00e9n conocido como <em><strong>\u00e1cido mand\u00e9lico<\/strong><\/em>es un compuesto qu\u00edmico org\u00e1nico perteneciente al grupo de los alfahidroxi\u00e1cidos (AHA).<br \/>\nSe caracteriza por una estructura C\u2088H\u2088O\u2083 y en su forma pura se presenta en forma de copos blancos y cristalinos.<br \/>\nEl \u00e1cido mand\u00e9lico se extrae de forma natural de las almendras amargas.  <\/p>\n","protected":false},"featured_media":35277,"template":"","meta":{"_acf_changed":false},"product_brand":[],"product_cat":[5456],"product_tag":[],"class_list":{"0":"post-35376","1":"product","2":"type-product","3":"status-publish","4":"has-post-thumbnail","6":"product_cat-acidos","8":"first","9":"instock","10":"shipping-taxable","11":"product-type-simple"},"acf":[],"yoast_head":"<!-- This site is optimized with the Yoast SEO plugin v27.4 - https:\/\/yoast.com\/product\/yoast-seo-wordpress\/ -->\n<title>\u00c1cido mand\u00e9lico - NATURAL POLAND - Distribuidor Mayorista de Materias Primas<\/title>\n<meta name=\"description\" content=\"El \u00e1cido mand\u00e9lico ha demostrado su eficacia para reducir la hiperpigmentaci\u00f3n, alisar la piel, exfoliar la piel muerta y unificar el tono de la piel.\" \/>\n<meta name=\"robots\" content=\"index, follow, max-snippet:-1, max-image-preview:large, max-video-preview:-1\" \/>\n<link rel=\"canonical\" href=\"https:\/\/naturalpoland.com\/es\/productos\/productos-para-la-industria-cosmetica\/acidos\/acido-mandelico\/\" \/>\n<meta property=\"og:locale\" content=\"es_ES\" \/>\n<meta property=\"og:type\" content=\"article\" \/>\n<meta property=\"og:title\" content=\"\u00c1cido mand\u00e9lico - NATURAL POLAND - Distribuidor Mayorista de Materias Primas\" \/>\n<meta property=\"og:description\" content=\"El \u00e1cido mand\u00e9lico ha demostrado su eficacia para reducir la hiperpigmentaci\u00f3n, alisar la piel, exfoliar la piel muerta y unificar el tono de la piel.\" \/>\n<meta property=\"og:url\" content=\"https:\/\/naturalpoland.com\/es\/productos\/productos-para-la-industria-cosmetica\/acidos\/acido-mandelico\/\" \/>\n<meta property=\"og:site_name\" content=\"NATURAL POLAND - Distribuidor Mayorista de Materias Primas\" \/>\n<meta property=\"article:publisher\" content=\"https:\/\/www.facebook.com\/naturalpoland.b2b\" \/>\n<meta property=\"og:image\" content=\"https:\/\/naturalpoland.com\/wp-content\/uploads\/kwas-migdalowy.webp\" \/>\n\t<meta property=\"og:image:width\" content=\"615\" \/>\n\t<meta property=\"og:image:height\" content=\"615\" \/>\n\t<meta property=\"og:image:type\" content=\"image\/webp\" \/>\n<script type=\"application\/ld+json\" class=\"yoast-schema-graph\">{\"@context\":\"https:\\\/\\\/schema.org\",\"@graph\":[{\"@type\":\"WebPage\",\"@id\":\"https:\\\/\\\/naturalpoland.com\\\/es\\\/productos\\\/productos-para-la-industria-cosmetica\\\/acidos\\\/acido-mandelico\\\/\",\"url\":\"https:\\\/\\\/naturalpoland.com\\\/es\\\/productos\\\/productos-para-la-industria-cosmetica\\\/acidos\\\/acido-mandelico\\\/\",\"name\":\"\u00c1cido mand\u00e9lico - NATURAL POLAND - Distribuidor Mayorista de Materias Primas\",\"isPartOf\":{\"@id\":\"https:\\\/\\\/naturalpoland.com\\\/es\\\/#website\"},\"primaryImageOfPage\":{\"@id\":\"https:\\\/\\\/naturalpoland.com\\\/es\\\/productos\\\/productos-para-la-industria-cosmetica\\\/acidos\\\/acido-mandelico\\\/#primaryimage\"},\"image\":{\"@id\":\"https:\\\/\\\/naturalpoland.com\\\/es\\\/productos\\\/productos-para-la-industria-cosmetica\\\/acidos\\\/acido-mandelico\\\/#primaryimage\"},\"thumbnailUrl\":\"https:\\\/\\\/naturalpoland.com\\\/wp-content\\\/uploads\\\/kwas-migdalowy.webp\",\"datePublished\":\"2024-09-10T11:13:03+00:00\",\"description\":\"El \u00e1cido mand\u00e9lico ha demostrado su eficacia para reducir la hiperpigmentaci\u00f3n, alisar la piel, exfoliar la piel muerta y unificar el tono de la piel.\",\"breadcrumb\":{\"@id\":\"https:\\\/\\\/naturalpoland.com\\\/es\\\/productos\\\/productos-para-la-industria-cosmetica\\\/acidos\\\/acido-mandelico\\\/#breadcrumb\"},\"inLanguage\":\"es\",\"potentialAction\":[{\"@type\":\"ReadAction\",\"target\":[\"https:\\\/\\\/naturalpoland.com\\\/es\\\/productos\\\/productos-para-la-industria-cosmetica\\\/acidos\\\/acido-mandelico\\\/\"]}]},{\"@type\":\"ImageObject\",\"inLanguage\":\"es\",\"@id\":\"https:\\\/\\\/naturalpoland.com\\\/es\\\/productos\\\/productos-para-la-industria-cosmetica\\\/acidos\\\/acido-mandelico\\\/#primaryimage\",\"url\":\"https:\\\/\\\/naturalpoland.com\\\/wp-content\\\/uploads\\\/kwas-migdalowy.webp\",\"contentUrl\":\"https:\\\/\\\/naturalpoland.com\\\/wp-content\\\/uploads\\\/kwas-migdalowy.webp\",\"width\":615,\"height\":615,\"caption\":\"kwas migda\u0142owy\"},{\"@type\":\"BreadcrumbList\",\"@id\":\"https:\\\/\\\/naturalpoland.com\\\/es\\\/productos\\\/productos-para-la-industria-cosmetica\\\/acidos\\\/acido-mandelico\\\/#breadcrumb\",\"itemListElement\":[{\"@type\":\"ListItem\",\"position\":1,\"name\":\"Inicio\",\"item\":\"https:\\\/\\\/naturalpoland.com\\\/es\\\/\"},{\"@type\":\"ListItem\",\"position\":2,\"name\":\"Productos\",\"item\":\"https:\\\/\\\/naturalpoland.com\\\/es\\\/productos\\\/\"},{\"@type\":\"ListItem\",\"position\":3,\"name\":\"\u00c1cido mand\u00e9lico\"}]},{\"@type\":\"WebSite\",\"@id\":\"https:\\\/\\\/naturalpoland.com\\\/es\\\/#website\",\"url\":\"https:\\\/\\\/naturalpoland.com\\\/es\\\/\",\"name\":\"NATURAL POLAND - Distribuidor Mayorista de Materias Primas\",\"description\":\"Surowce dla przemys\u0142u spo\u017cywczego, kosmetycznego i farmaceutycznego\",\"publisher\":{\"@id\":\"https:\\\/\\\/naturalpoland.com\\\/es\\\/#organization\"},\"potentialAction\":[{\"@type\":\"SearchAction\",\"target\":{\"@type\":\"EntryPoint\",\"urlTemplate\":\"https:\\\/\\\/naturalpoland.com\\\/es\\\/?s={search_term_string}\"},\"query-input\":{\"@type\":\"PropertyValueSpecification\",\"valueRequired\":true,\"valueName\":\"search_term_string\"}}],\"inLanguage\":\"es\"},{\"@type\":\"Organization\",\"@id\":\"https:\\\/\\\/naturalpoland.com\\\/es\\\/#organization\",\"name\":\"Natural Poland\",\"url\":\"https:\\\/\\\/naturalpoland.com\\\/es\\\/\",\"logo\":{\"@type\":\"ImageObject\",\"inLanguage\":\"es\",\"@id\":\"https:\\\/\\\/naturalpoland.com\\\/es\\\/#\\\/schema\\\/logo\\\/image\\\/\",\"url\":\"https:\\\/\\\/naturalpoland.com\\\/wp-content\\\/uploads\\\/2021\\\/05\\\/natural-poland-icon.png\",\"contentUrl\":\"https:\\\/\\\/naturalpoland.com\\\/wp-content\\\/uploads\\\/2021\\\/05\\\/natural-poland-icon.png\",\"width\":512,\"height\":512,\"caption\":\"Natural Poland\"},\"image\":{\"@id\":\"https:\\\/\\\/naturalpoland.com\\\/es\\\/#\\\/schema\\\/logo\\\/image\\\/\"},\"sameAs\":[\"https:\\\/\\\/www.facebook.com\\\/naturalpoland.b2b\",\"https:\\\/\\\/pl.linkedin.com\\\/company\\\/natural-poland\",\"https:\\\/\\\/www.youtube.com\\\/channel\\\/UCgeGGkvOMahZo-xu_MSEWxg\"]}]}<\/script>\n<!-- \/ Yoast SEO plugin. -->","yoast_head_json":{"title":"\u00c1cido mand\u00e9lico - NATURAL POLAND - Distribuidor Mayorista de Materias Primas","description":"El \u00e1cido mand\u00e9lico ha demostrado su eficacia para reducir la hiperpigmentaci\u00f3n, alisar la piel, exfoliar la piel muerta y unificar el tono de la piel.","robots":{"index":"index","follow":"follow","max-snippet":"max-snippet:-1","max-image-preview":"max-image-preview:large","max-video-preview":"max-video-preview:-1"},"canonical":"https:\/\/naturalpoland.com\/es\/productos\/productos-para-la-industria-cosmetica\/acidos\/acido-mandelico\/","og_locale":"es_ES","og_type":"article","og_title":"\u00c1cido mand\u00e9lico - NATURAL POLAND - Distribuidor Mayorista de Materias Primas","og_description":"El \u00e1cido mand\u00e9lico ha demostrado su eficacia para reducir la hiperpigmentaci\u00f3n, alisar la piel, exfoliar la piel muerta y unificar el tono de la piel.","og_url":"https:\/\/naturalpoland.com\/es\/productos\/productos-para-la-industria-cosmetica\/acidos\/acido-mandelico\/","og_site_name":"NATURAL POLAND - Distribuidor Mayorista de Materias Primas","article_publisher":"https:\/\/www.facebook.com\/naturalpoland.b2b","og_image":[{"width":615,"height":615,"url":"https:\/\/naturalpoland.com\/wp-content\/uploads\/kwas-migdalowy.webp","type":"image\/webp"}],"schema":{"@context":"https:\/\/schema.org","@graph":[{"@type":"WebPage","@id":"https:\/\/naturalpoland.com\/es\/productos\/productos-para-la-industria-cosmetica\/acidos\/acido-mandelico\/","url":"https:\/\/naturalpoland.com\/es\/productos\/productos-para-la-industria-cosmetica\/acidos\/acido-mandelico\/","name":"\u00c1cido mand\u00e9lico - NATURAL POLAND - Distribuidor Mayorista de Materias Primas","isPartOf":{"@id":"https:\/\/naturalpoland.com\/es\/#website"},"primaryImageOfPage":{"@id":"https:\/\/naturalpoland.com\/es\/productos\/productos-para-la-industria-cosmetica\/acidos\/acido-mandelico\/#primaryimage"},"image":{"@id":"https:\/\/naturalpoland.com\/es\/productos\/productos-para-la-industria-cosmetica\/acidos\/acido-mandelico\/#primaryimage"},"thumbnailUrl":"https:\/\/naturalpoland.com\/wp-content\/uploads\/kwas-migdalowy.webp","datePublished":"2024-09-10T11:13:03+00:00","description":"El \u00e1cido mand\u00e9lico ha demostrado su eficacia para reducir la hiperpigmentaci\u00f3n, alisar la piel, exfoliar la piel muerta y unificar el tono de la piel.","breadcrumb":{"@id":"https:\/\/naturalpoland.com\/es\/productos\/productos-para-la-industria-cosmetica\/acidos\/acido-mandelico\/#breadcrumb"},"inLanguage":"es","potentialAction":[{"@type":"ReadAction","target":["https:\/\/naturalpoland.com\/es\/productos\/productos-para-la-industria-cosmetica\/acidos\/acido-mandelico\/"]}]},{"@type":"ImageObject","inLanguage":"es","@id":"https:\/\/naturalpoland.com\/es\/productos\/productos-para-la-industria-cosmetica\/acidos\/acido-mandelico\/#primaryimage","url":"https:\/\/naturalpoland.com\/wp-content\/uploads\/kwas-migdalowy.webp","contentUrl":"https:\/\/naturalpoland.com\/wp-content\/uploads\/kwas-migdalowy.webp","width":615,"height":615,"caption":"kwas migda\u0142owy"},{"@type":"BreadcrumbList","@id":"https:\/\/naturalpoland.com\/es\/productos\/productos-para-la-industria-cosmetica\/acidos\/acido-mandelico\/#breadcrumb","itemListElement":[{"@type":"ListItem","position":1,"name":"Inicio","item":"https:\/\/naturalpoland.com\/es\/"},{"@type":"ListItem","position":2,"name":"Productos","item":"https:\/\/naturalpoland.com\/es\/productos\/"},{"@type":"ListItem","position":3,"name":"\u00c1cido mand\u00e9lico"}]},{"@type":"WebSite","@id":"https:\/\/naturalpoland.com\/es\/#website","url":"https:\/\/naturalpoland.com\/es\/","name":"NATURAL POLAND - Distribuidor Mayorista de Materias Primas","description":"Surowce dla przemys\u0142u spo\u017cywczego, kosmetycznego i farmaceutycznego","publisher":{"@id":"https:\/\/naturalpoland.com\/es\/#organization"},"potentialAction":[{"@type":"SearchAction","target":{"@type":"EntryPoint","urlTemplate":"https:\/\/naturalpoland.com\/es\/?s={search_term_string}"},"query-input":{"@type":"PropertyValueSpecification","valueRequired":true,"valueName":"search_term_string"}}],"inLanguage":"es"},{"@type":"Organization","@id":"https:\/\/naturalpoland.com\/es\/#organization","name":"Natural Poland","url":"https:\/\/naturalpoland.com\/es\/","logo":{"@type":"ImageObject","inLanguage":"es","@id":"https:\/\/naturalpoland.com\/es\/#\/schema\/logo\/image\/","url":"https:\/\/naturalpoland.com\/wp-content\/uploads\/2021\/05\/natural-poland-icon.png","contentUrl":"https:\/\/naturalpoland.com\/wp-content\/uploads\/2021\/05\/natural-poland-icon.png","width":512,"height":512,"caption":"Natural Poland"},"image":{"@id":"https:\/\/naturalpoland.com\/es\/#\/schema\/logo\/image\/"},"sameAs":["https:\/\/www.facebook.com\/naturalpoland.b2b","https:\/\/pl.linkedin.com\/company\/natural-poland","https:\/\/www.youtube.com\/channel\/UCgeGGkvOMahZo-xu_MSEWxg"]}]}},"_links":{"self":[{"href":"https:\/\/naturalpoland.com\/es\/wp-json\/wp\/v2\/product\/35376","targetHints":{"allow":["GET"]}}],"collection":[{"href":"https:\/\/naturalpoland.com\/es\/wp-json\/wp\/v2\/product"}],"about":[{"href":"https:\/\/naturalpoland.com\/es\/wp-json\/wp\/v2\/types\/product"}],"wp:featuredmedia":[{"embeddable":true,"href":"https:\/\/naturalpoland.com\/es\/wp-json\/wp\/v2\/media\/35277"}],"wp:attachment":[{"href":"https:\/\/naturalpoland.com\/es\/wp-json\/wp\/v2\/media?parent=35376"}],"wp:term":[{"taxonomy":"product_brand","embeddable":true,"href":"https:\/\/naturalpoland.com\/es\/wp-json\/wp\/v2\/product_brand?post=35376"},{"taxonomy":"product_cat","embeddable":true,"href":"https:\/\/naturalpoland.com\/es\/wp-json\/wp\/v2\/product_cat?post=35376"},{"taxonomy":"product_tag","embeddable":true,"href":"https:\/\/naturalpoland.com\/es\/wp-json\/wp\/v2\/product_tag?post=35376"}],"curies":[{"name":"wp","href":"https:\/\/api.w.org\/{rel}","templated":true}]}}