{"id":35388,"date":"2024-09-10T12:10:10","date_gmt":"2024-09-10T11:13:20","guid":{"rendered":"https:\/\/naturalpoland.com\/produkty\/sin categor\u00eda\/acido-shikimico\/"},"modified":"2024-09-10T13:13:20","modified_gmt":"2024-09-10T11:13:20","slug":"acido-shikimico","status":"publish","type":"product","link":"https:\/\/naturalpoland.com\/es\/productos\/productos-para-la-industria-cosmetica\/acidos\/acido-shikimico\/","title":{"rendered":"\u00c1cido shik\u00edmico"},"content":{"rendered":"<h2>Propiedades y efectos del \u00e1cido shik\u00edmico<\/h2>\n<p><strong>Propiedades suavizantes<\/strong> &#8211; el \u00e1cido shik\u00edmico exfolia suavemente las c\u00e9lulas muertas de la piel, dej\u00e1ndola tersa, suave y preparada para recibir otros principios activos.<br \/>\n<strong>Mejora la elasticidad de la piel<\/strong> &#8211; el producto favorece la s\u00edntesis de col\u00e1geno y elastina, lo que mejora la elasticidad de la piel.<br \/>\nSu acci\u00f3n fortalecedora hace que el cutis parezca m\u00e1s joven y sano, con una mejora visible del contorno facial.<br \/>\n<strong>Acci\u00f3n antiacn\u00e9<\/strong> &#8211; el \u00e1cido shik\u00edmico tiene un efecto antibacteriano, inhibiendo el crecimiento de las bacterias responsables de la inflamaci\u00f3n de la piel, y tambi\u00e9n regula la secreci\u00f3n de sebo, reduciendo el riesgo de obstrucci\u00f3n de los poros.<br \/>\n<strong>Acci\u00f3n aclarante<\/strong> &#8211; el \u00e1cido tiene la capacidad de inhibir la actividad de la tirosinasa, la enzima responsable de la producci\u00f3n de melanina.      <\/p>\n<h2>Aplicaci\u00f3n<\/h2>\n<p>  El \u00e1cido shik\u00edmico es adecuado para todo tipo de pieles, incluidas las sensibles, grasas, mixtas y propensas al acn\u00e9.<br \/>\nSe puede utilizar tanto en el cuidado diario de la piel como en tratamientos cosm\u00e9ticos profesionales que requieren mayores concentraciones de \u00e1cido.<br \/>\nEl uso del \u00e1cido shik\u00edmico depende de la forma del cosm\u00e9tico y de la concentraci\u00f3n de la sustancia.<br \/>\nLos productos con concentraciones m\u00e1s bajas (hasta el 2-5%) est\u00e1n destinados al uso diario, mientras que las concentraciones m\u00e1s altas se recomiendan para tratamientos cosm\u00e9ticos profesionales.<br \/>\nEl \u00e1cido shik\u00edmico puede utilizarse tanto por la ma\u00f1ana como por la noche, con la condici\u00f3n de que durante el d\u00eda sean necesarias cremas con FPS para proteger la piel de la radiaci\u00f3n UV.<br \/>\nLas contraindicaciones para el uso del \u00e1cido shik\u00edmico incluyen.<br \/>\nEl embarazo, la lactancia, las infecciones cut\u00e1neas activas, las quemaduras solares, la terapia antibi\u00f3tica y las enfermedades cut\u00e1neas como la psoriasis o el eczema.      <\/p>\n","protected":false},"excerpt":{"rendered":"<p><strong>El \u00e1cido shik\u00edmico<\/strong> (CAS: 138-59-0) es un compuesto qu\u00edmico natural del grupo de los alfahidroxi\u00e1cidos (AHA), extra\u00eddo del an\u00eds estrellado (Shikimi).<\/p>\n","protected":false},"featured_media":35290,"template":"","meta":{"_acf_changed":false},"product_brand":[],"product_cat":[5456],"product_tag":[],"class_list":{"0":"post-35388","1":"product","2":"type-product","3":"status-publish","4":"has-post-thumbnail","6":"product_cat-acidos","8":"first","9":"instock","10":"shipping-taxable","11":"product-type-simple"},"acf":[],"yoast_head":"<!-- This site is optimized with the Yoast SEO plugin v27.4 - https:\/\/yoast.com\/product\/yoast-seo-wordpress\/ -->\n<title>\u00c1cido shik\u00edmico - NATURAL POLAND - Distribuidor Mayorista de Materias Primas<\/title>\n<meta name=\"description\" content=\"El \u00e1cido shik\u00edmico tiene la capacidad de alisar, reafirmar, iluminar y tener un efecto antiacn\u00e9.\" \/>\n<meta name=\"robots\" content=\"index, follow, max-snippet:-1, max-image-preview:large, max-video-preview:-1\" \/>\n<link rel=\"canonical\" href=\"https:\/\/naturalpoland.com\/es\/productos\/productos-para-la-industria-cosmetica\/acidos\/acido-shikimico\/\" \/>\n<meta property=\"og:locale\" content=\"es_ES\" \/>\n<meta property=\"og:type\" content=\"article\" \/>\n<meta property=\"og:title\" content=\"\u00c1cido shik\u00edmico - NATURAL POLAND - Distribuidor Mayorista de Materias Primas\" \/>\n<meta property=\"og:description\" content=\"El \u00e1cido shik\u00edmico tiene la capacidad de alisar, reafirmar, iluminar y tener un efecto antiacn\u00e9.\" \/>\n<meta property=\"og:url\" content=\"https:\/\/naturalpoland.com\/es\/productos\/productos-para-la-industria-cosmetica\/acidos\/acido-shikimico\/\" \/>\n<meta property=\"og:site_name\" content=\"NATURAL POLAND - Distribuidor Mayorista de Materias Primas\" \/>\n<meta property=\"article:publisher\" content=\"https:\/\/www.facebook.com\/naturalpoland.b2b\" \/>\n<meta property=\"og:image\" content=\"https:\/\/naturalpoland.com\/wp-content\/uploads\/kwas-szikimowy.webp\" \/>\n\t<meta property=\"og:image:width\" content=\"615\" \/>\n\t<meta property=\"og:image:height\" content=\"615\" \/>\n\t<meta property=\"og:image:type\" content=\"image\/webp\" \/>\n<script type=\"application\/ld+json\" class=\"yoast-schema-graph\">{\"@context\":\"https:\\\/\\\/schema.org\",\"@graph\":[{\"@type\":\"WebPage\",\"@id\":\"https:\\\/\\\/naturalpoland.com\\\/es\\\/productos\\\/productos-para-la-industria-cosmetica\\\/acidos\\\/acido-shikimico\\\/\",\"url\":\"https:\\\/\\\/naturalpoland.com\\\/es\\\/productos\\\/productos-para-la-industria-cosmetica\\\/acidos\\\/acido-shikimico\\\/\",\"name\":\"\u00c1cido shik\u00edmico - NATURAL POLAND - Distribuidor Mayorista de Materias Primas\",\"isPartOf\":{\"@id\":\"https:\\\/\\\/naturalpoland.com\\\/es\\\/#website\"},\"primaryImageOfPage\":{\"@id\":\"https:\\\/\\\/naturalpoland.com\\\/es\\\/productos\\\/productos-para-la-industria-cosmetica\\\/acidos\\\/acido-shikimico\\\/#primaryimage\"},\"image\":{\"@id\":\"https:\\\/\\\/naturalpoland.com\\\/es\\\/productos\\\/productos-para-la-industria-cosmetica\\\/acidos\\\/acido-shikimico\\\/#primaryimage\"},\"thumbnailUrl\":\"https:\\\/\\\/naturalpoland.com\\\/wp-content\\\/uploads\\\/kwas-szikimowy.webp\",\"datePublished\":\"2024-09-10T11:13:20+00:00\",\"description\":\"El \u00e1cido shik\u00edmico tiene la capacidad de alisar, reafirmar, iluminar y tener un efecto antiacn\u00e9.\",\"breadcrumb\":{\"@id\":\"https:\\\/\\\/naturalpoland.com\\\/es\\\/productos\\\/productos-para-la-industria-cosmetica\\\/acidos\\\/acido-shikimico\\\/#breadcrumb\"},\"inLanguage\":\"es\",\"potentialAction\":[{\"@type\":\"ReadAction\",\"target\":[\"https:\\\/\\\/naturalpoland.com\\\/es\\\/productos\\\/productos-para-la-industria-cosmetica\\\/acidos\\\/acido-shikimico\\\/\"]}]},{\"@type\":\"ImageObject\",\"inLanguage\":\"es\",\"@id\":\"https:\\\/\\\/naturalpoland.com\\\/es\\\/productos\\\/productos-para-la-industria-cosmetica\\\/acidos\\\/acido-shikimico\\\/#primaryimage\",\"url\":\"https:\\\/\\\/naturalpoland.com\\\/wp-content\\\/uploads\\\/kwas-szikimowy.webp\",\"contentUrl\":\"https:\\\/\\\/naturalpoland.com\\\/wp-content\\\/uploads\\\/kwas-szikimowy.webp\",\"width\":615,\"height\":615,\"caption\":\"kwas szikimowy\"},{\"@type\":\"BreadcrumbList\",\"@id\":\"https:\\\/\\\/naturalpoland.com\\\/es\\\/productos\\\/productos-para-la-industria-cosmetica\\\/acidos\\\/acido-shikimico\\\/#breadcrumb\",\"itemListElement\":[{\"@type\":\"ListItem\",\"position\":1,\"name\":\"Inicio\",\"item\":\"https:\\\/\\\/naturalpoland.com\\\/es\\\/\"},{\"@type\":\"ListItem\",\"position\":2,\"name\":\"Productos\",\"item\":\"https:\\\/\\\/naturalpoland.com\\\/es\\\/productos\\\/\"},{\"@type\":\"ListItem\",\"position\":3,\"name\":\"\u00c1cido shik\u00edmico\"}]},{\"@type\":\"WebSite\",\"@id\":\"https:\\\/\\\/naturalpoland.com\\\/es\\\/#website\",\"url\":\"https:\\\/\\\/naturalpoland.com\\\/es\\\/\",\"name\":\"NATURAL POLAND - Distribuidor Mayorista de Materias Primas\",\"description\":\"Surowce dla przemys\u0142u spo\u017cywczego, kosmetycznego i farmaceutycznego\",\"publisher\":{\"@id\":\"https:\\\/\\\/naturalpoland.com\\\/es\\\/#organization\"},\"potentialAction\":[{\"@type\":\"SearchAction\",\"target\":{\"@type\":\"EntryPoint\",\"urlTemplate\":\"https:\\\/\\\/naturalpoland.com\\\/es\\\/?s={search_term_string}\"},\"query-input\":{\"@type\":\"PropertyValueSpecification\",\"valueRequired\":true,\"valueName\":\"search_term_string\"}}],\"inLanguage\":\"es\"},{\"@type\":\"Organization\",\"@id\":\"https:\\\/\\\/naturalpoland.com\\\/es\\\/#organization\",\"name\":\"Natural Poland\",\"url\":\"https:\\\/\\\/naturalpoland.com\\\/es\\\/\",\"logo\":{\"@type\":\"ImageObject\",\"inLanguage\":\"es\",\"@id\":\"https:\\\/\\\/naturalpoland.com\\\/es\\\/#\\\/schema\\\/logo\\\/image\\\/\",\"url\":\"https:\\\/\\\/naturalpoland.com\\\/wp-content\\\/uploads\\\/2021\\\/05\\\/natural-poland-icon.png\",\"contentUrl\":\"https:\\\/\\\/naturalpoland.com\\\/wp-content\\\/uploads\\\/2021\\\/05\\\/natural-poland-icon.png\",\"width\":512,\"height\":512,\"caption\":\"Natural Poland\"},\"image\":{\"@id\":\"https:\\\/\\\/naturalpoland.com\\\/es\\\/#\\\/schema\\\/logo\\\/image\\\/\"},\"sameAs\":[\"https:\\\/\\\/www.facebook.com\\\/naturalpoland.b2b\",\"https:\\\/\\\/pl.linkedin.com\\\/company\\\/natural-poland\",\"https:\\\/\\\/www.youtube.com\\\/channel\\\/UCgeGGkvOMahZo-xu_MSEWxg\"]}]}<\/script>\n<!-- \/ Yoast SEO plugin. -->","yoast_head_json":{"title":"\u00c1cido shik\u00edmico - NATURAL POLAND - Distribuidor Mayorista de Materias Primas","description":"El \u00e1cido shik\u00edmico tiene la capacidad de alisar, reafirmar, iluminar y tener un efecto antiacn\u00e9.","robots":{"index":"index","follow":"follow","max-snippet":"max-snippet:-1","max-image-preview":"max-image-preview:large","max-video-preview":"max-video-preview:-1"},"canonical":"https:\/\/naturalpoland.com\/es\/productos\/productos-para-la-industria-cosmetica\/acidos\/acido-shikimico\/","og_locale":"es_ES","og_type":"article","og_title":"\u00c1cido shik\u00edmico - NATURAL POLAND - Distribuidor Mayorista de Materias Primas","og_description":"El \u00e1cido shik\u00edmico tiene la capacidad de alisar, reafirmar, iluminar y tener un efecto antiacn\u00e9.","og_url":"https:\/\/naturalpoland.com\/es\/productos\/productos-para-la-industria-cosmetica\/acidos\/acido-shikimico\/","og_site_name":"NATURAL POLAND - Distribuidor Mayorista de Materias Primas","article_publisher":"https:\/\/www.facebook.com\/naturalpoland.b2b","og_image":[{"width":615,"height":615,"url":"https:\/\/naturalpoland.com\/wp-content\/uploads\/kwas-szikimowy.webp","type":"image\/webp"}],"schema":{"@context":"https:\/\/schema.org","@graph":[{"@type":"WebPage","@id":"https:\/\/naturalpoland.com\/es\/productos\/productos-para-la-industria-cosmetica\/acidos\/acido-shikimico\/","url":"https:\/\/naturalpoland.com\/es\/productos\/productos-para-la-industria-cosmetica\/acidos\/acido-shikimico\/","name":"\u00c1cido shik\u00edmico - NATURAL POLAND - Distribuidor Mayorista de Materias Primas","isPartOf":{"@id":"https:\/\/naturalpoland.com\/es\/#website"},"primaryImageOfPage":{"@id":"https:\/\/naturalpoland.com\/es\/productos\/productos-para-la-industria-cosmetica\/acidos\/acido-shikimico\/#primaryimage"},"image":{"@id":"https:\/\/naturalpoland.com\/es\/productos\/productos-para-la-industria-cosmetica\/acidos\/acido-shikimico\/#primaryimage"},"thumbnailUrl":"https:\/\/naturalpoland.com\/wp-content\/uploads\/kwas-szikimowy.webp","datePublished":"2024-09-10T11:13:20+00:00","description":"El \u00e1cido shik\u00edmico tiene la capacidad de alisar, reafirmar, iluminar y tener un efecto antiacn\u00e9.","breadcrumb":{"@id":"https:\/\/naturalpoland.com\/es\/productos\/productos-para-la-industria-cosmetica\/acidos\/acido-shikimico\/#breadcrumb"},"inLanguage":"es","potentialAction":[{"@type":"ReadAction","target":["https:\/\/naturalpoland.com\/es\/productos\/productos-para-la-industria-cosmetica\/acidos\/acido-shikimico\/"]}]},{"@type":"ImageObject","inLanguage":"es","@id":"https:\/\/naturalpoland.com\/es\/productos\/productos-para-la-industria-cosmetica\/acidos\/acido-shikimico\/#primaryimage","url":"https:\/\/naturalpoland.com\/wp-content\/uploads\/kwas-szikimowy.webp","contentUrl":"https:\/\/naturalpoland.com\/wp-content\/uploads\/kwas-szikimowy.webp","width":615,"height":615,"caption":"kwas szikimowy"},{"@type":"BreadcrumbList","@id":"https:\/\/naturalpoland.com\/es\/productos\/productos-para-la-industria-cosmetica\/acidos\/acido-shikimico\/#breadcrumb","itemListElement":[{"@type":"ListItem","position":1,"name":"Inicio","item":"https:\/\/naturalpoland.com\/es\/"},{"@type":"ListItem","position":2,"name":"Productos","item":"https:\/\/naturalpoland.com\/es\/productos\/"},{"@type":"ListItem","position":3,"name":"\u00c1cido shik\u00edmico"}]},{"@type":"WebSite","@id":"https:\/\/naturalpoland.com\/es\/#website","url":"https:\/\/naturalpoland.com\/es\/","name":"NATURAL POLAND - Distribuidor Mayorista de Materias Primas","description":"Surowce dla przemys\u0142u spo\u017cywczego, kosmetycznego i farmaceutycznego","publisher":{"@id":"https:\/\/naturalpoland.com\/es\/#organization"},"potentialAction":[{"@type":"SearchAction","target":{"@type":"EntryPoint","urlTemplate":"https:\/\/naturalpoland.com\/es\/?s={search_term_string}"},"query-input":{"@type":"PropertyValueSpecification","valueRequired":true,"valueName":"search_term_string"}}],"inLanguage":"es"},{"@type":"Organization","@id":"https:\/\/naturalpoland.com\/es\/#organization","name":"Natural Poland","url":"https:\/\/naturalpoland.com\/es\/","logo":{"@type":"ImageObject","inLanguage":"es","@id":"https:\/\/naturalpoland.com\/es\/#\/schema\/logo\/image\/","url":"https:\/\/naturalpoland.com\/wp-content\/uploads\/2021\/05\/natural-poland-icon.png","contentUrl":"https:\/\/naturalpoland.com\/wp-content\/uploads\/2021\/05\/natural-poland-icon.png","width":512,"height":512,"caption":"Natural Poland"},"image":{"@id":"https:\/\/naturalpoland.com\/es\/#\/schema\/logo\/image\/"},"sameAs":["https:\/\/www.facebook.com\/naturalpoland.b2b","https:\/\/pl.linkedin.com\/company\/natural-poland","https:\/\/www.youtube.com\/channel\/UCgeGGkvOMahZo-xu_MSEWxg"]}]}},"_links":{"self":[{"href":"https:\/\/naturalpoland.com\/es\/wp-json\/wp\/v2\/product\/35388","targetHints":{"allow":["GET"]}}],"collection":[{"href":"https:\/\/naturalpoland.com\/es\/wp-json\/wp\/v2\/product"}],"about":[{"href":"https:\/\/naturalpoland.com\/es\/wp-json\/wp\/v2\/types\/product"}],"wp:featuredmedia":[{"embeddable":true,"href":"https:\/\/naturalpoland.com\/es\/wp-json\/wp\/v2\/media\/35290"}],"wp:attachment":[{"href":"https:\/\/naturalpoland.com\/es\/wp-json\/wp\/v2\/media?parent=35388"}],"wp:term":[{"taxonomy":"product_brand","embeddable":true,"href":"https:\/\/naturalpoland.com\/es\/wp-json\/wp\/v2\/product_brand?post=35388"},{"taxonomy":"product_cat","embeddable":true,"href":"https:\/\/naturalpoland.com\/es\/wp-json\/wp\/v2\/product_cat?post=35388"},{"taxonomy":"product_tag","embeddable":true,"href":"https:\/\/naturalpoland.com\/es\/wp-json\/wp\/v2\/product_tag?post=35388"}],"curies":[{"name":"wp","href":"https:\/\/api.w.org\/{rel}","templated":true}]}}