{"id":35411,"date":"2024-09-09T15:29:52","date_gmt":"2024-09-10T11:55:42","guid":{"rendered":"https:\/\/naturalpoland.com\/produkty\/sin categor\u00eda\/acido-lactobionico\/"},"modified":"2024-09-10T13:55:42","modified_gmt":"2024-09-10T11:55:42","slug":"acido-lactobionico","status":"publish","type":"product","link":"https:\/\/naturalpoland.com\/es\/productos\/productos-para-la-industria-cosmetica\/acidos\/acido-lactobionico\/","title":{"rendered":"\u00c1cido lactobi\u00f3nico"},"content":{"rendered":"<h2>Propiedades del \u00e1cido lactobi\u00f3nico<\/h2>\n<p>  El producto se presenta en forma de polvo blanco inodoro.<br \/>\nTiene propiedades que estimulan la producci\u00f3n de col\u00e1geno y elastina.<br \/>\nGracias a su capacidad para ligar el agua, tiene fuertes propiedades hidratantes.    <\/p>\n<h2>Aplicaciones cosm\u00e9ticas<\/h2>\n<p>  El \u00e1cido lactobi\u00f3nico se utiliza en cosm\u00e9ticos para pieles secas, sensibles y vasculares.<br \/>\nPuede encontrarse en preparados para la piel con ros\u00e1cea.<br \/>\nOtros usos incluyen cremas para reducir las arrugas, calmar la inflamaci\u00f3n, aclarar la decoloraci\u00f3n y acelerar la cicatrizaci\u00f3n de la piel tras procedimientos cosm\u00e9ticos.<br \/>\nEn los cosm\u00e9ticos de uso dom\u00e9stico se utilizan concentraciones de hasta el 10%, mientras que en los tratamientos especializados en consulta se emplea hasta el 50%.<br \/>\nEl \u00e1cido lactobi\u00f3nico raramente causa irritaci\u00f3n y puede utilizarse durante todo el a\u00f1o.<br \/>\nSin embargo, se recomienda una prueba cut\u00e1nea para descartar reacciones al\u00e9rgicas.<br \/>\nAdem\u00e1s, los cosm\u00e9ticos con filtros UV deben utilizarse junto con el \u00e1cido lactobi\u00f3nico en verano.      <\/p>\n","protected":false},"excerpt":{"rendered":"<p>El \u00e1cido lactobi\u00f3nico es un polihidroxi\u00e1cido (PHA) extra\u00eddo mediante la oxidaci\u00f3n de la lactosa.<\/p>\n","protected":false},"featured_media":35237,"template":"","meta":{"_acf_changed":false},"product_brand":[],"product_cat":[5456],"product_tag":[],"class_list":{"0":"post-35411","1":"product","2":"type-product","3":"status-publish","4":"has-post-thumbnail","6":"product_cat-acidos","8":"first","9":"instock","10":"shipping-taxable","11":"product-type-simple"},"acf":[],"yoast_head":"<!-- This site is optimized with the Yoast SEO plugin v27.5 - https:\/\/yoast.com\/product\/yoast-seo-wordpress\/ -->\n<title>\u00c1cido lactobi\u00f3nico - NATURAL POLAND - Distribuidor Mayorista de Materias Primas<\/title>\n<meta name=\"description\" content=\"El \u00e1cido lactobi\u00f3nico mejora el estado de la piel, aclara la decoloraci\u00f3n, favorece la hidrataci\u00f3n y la regeneraci\u00f3n y tiene un efecto antienvejecimiento.\" \/>\n<meta name=\"robots\" content=\"index, follow, max-snippet:-1, max-image-preview:large, max-video-preview:-1\" \/>\n<link rel=\"canonical\" href=\"https:\/\/naturalpoland.com\/es\/productos\/productos-para-la-industria-cosmetica\/acidos\/acido-lactobionico\/\" \/>\n<meta property=\"og:locale\" content=\"es_ES\" \/>\n<meta property=\"og:type\" content=\"article\" \/>\n<meta property=\"og:title\" content=\"\u00c1cido lactobi\u00f3nico - NATURAL POLAND - Distribuidor Mayorista de Materias Primas\" \/>\n<meta property=\"og:description\" content=\"El \u00e1cido lactobi\u00f3nico mejora el estado de la piel, aclara la decoloraci\u00f3n, favorece la hidrataci\u00f3n y la regeneraci\u00f3n y tiene un efecto antienvejecimiento.\" \/>\n<meta property=\"og:url\" content=\"https:\/\/naturalpoland.com\/es\/productos\/productos-para-la-industria-cosmetica\/acidos\/acido-lactobionico\/\" \/>\n<meta property=\"og:site_name\" content=\"NATURAL POLAND - Distribuidor Mayorista de Materias Primas\" \/>\n<meta property=\"article:publisher\" content=\"https:\/\/www.facebook.com\/naturalpoland.b2b\" \/>\n<meta property=\"og:image\" content=\"https:\/\/naturalpoland.com\/wp-content\/uploads\/kwas-laktobionowy.webp\" \/>\n\t<meta property=\"og:image:width\" content=\"618\" \/>\n\t<meta property=\"og:image:height\" content=\"618\" \/>\n\t<meta property=\"og:image:type\" content=\"image\/webp\" \/>\n<script type=\"application\/ld+json\" class=\"yoast-schema-graph\">{\"@context\":\"https:\\\/\\\/schema.org\",\"@graph\":[{\"@type\":\"WebPage\",\"@id\":\"https:\\\/\\\/naturalpoland.com\\\/es\\\/productos\\\/productos-para-la-industria-cosmetica\\\/acidos\\\/acido-lactobionico\\\/\",\"url\":\"https:\\\/\\\/naturalpoland.com\\\/es\\\/productos\\\/productos-para-la-industria-cosmetica\\\/acidos\\\/acido-lactobionico\\\/\",\"name\":\"\u00c1cido lactobi\u00f3nico - NATURAL POLAND - Distribuidor Mayorista de Materias Primas\",\"isPartOf\":{\"@id\":\"https:\\\/\\\/naturalpoland.com\\\/es\\\/#website\"},\"primaryImageOfPage\":{\"@id\":\"https:\\\/\\\/naturalpoland.com\\\/es\\\/productos\\\/productos-para-la-industria-cosmetica\\\/acidos\\\/acido-lactobionico\\\/#primaryimage\"},\"image\":{\"@id\":\"https:\\\/\\\/naturalpoland.com\\\/es\\\/productos\\\/productos-para-la-industria-cosmetica\\\/acidos\\\/acido-lactobionico\\\/#primaryimage\"},\"thumbnailUrl\":\"https:\\\/\\\/naturalpoland.com\\\/wp-content\\\/uploads\\\/kwas-laktobionowy.webp\",\"datePublished\":\"2024-09-10T11:55:42+00:00\",\"description\":\"El \u00e1cido lactobi\u00f3nico mejora el estado de la piel, aclara la decoloraci\u00f3n, favorece la hidrataci\u00f3n y la regeneraci\u00f3n y tiene un efecto antienvejecimiento.\",\"breadcrumb\":{\"@id\":\"https:\\\/\\\/naturalpoland.com\\\/es\\\/productos\\\/productos-para-la-industria-cosmetica\\\/acidos\\\/acido-lactobionico\\\/#breadcrumb\"},\"inLanguage\":\"es\",\"potentialAction\":[{\"@type\":\"ReadAction\",\"target\":[\"https:\\\/\\\/naturalpoland.com\\\/es\\\/productos\\\/productos-para-la-industria-cosmetica\\\/acidos\\\/acido-lactobionico\\\/\"]}]},{\"@type\":\"ImageObject\",\"inLanguage\":\"es\",\"@id\":\"https:\\\/\\\/naturalpoland.com\\\/es\\\/productos\\\/productos-para-la-industria-cosmetica\\\/acidos\\\/acido-lactobionico\\\/#primaryimage\",\"url\":\"https:\\\/\\\/naturalpoland.com\\\/wp-content\\\/uploads\\\/kwas-laktobionowy.webp\",\"contentUrl\":\"https:\\\/\\\/naturalpoland.com\\\/wp-content\\\/uploads\\\/kwas-laktobionowy.webp\",\"width\":618,\"height\":618,\"caption\":\"Kwas laktobionowy\"},{\"@type\":\"BreadcrumbList\",\"@id\":\"https:\\\/\\\/naturalpoland.com\\\/es\\\/productos\\\/productos-para-la-industria-cosmetica\\\/acidos\\\/acido-lactobionico\\\/#breadcrumb\",\"itemListElement\":[{\"@type\":\"ListItem\",\"position\":1,\"name\":\"Inicio\",\"item\":\"https:\\\/\\\/naturalpoland.com\\\/es\\\/\"},{\"@type\":\"ListItem\",\"position\":2,\"name\":\"Productos\",\"item\":\"https:\\\/\\\/naturalpoland.com\\\/es\\\/productos\\\/\"},{\"@type\":\"ListItem\",\"position\":3,\"name\":\"\u00c1cido lactobi\u00f3nico\"}]},{\"@type\":\"WebSite\",\"@id\":\"https:\\\/\\\/naturalpoland.com\\\/es\\\/#website\",\"url\":\"https:\\\/\\\/naturalpoland.com\\\/es\\\/\",\"name\":\"NATURAL POLAND - Distribuidor Mayorista de Materias Primas\",\"description\":\"Surowce dla przemys\u0142u spo\u017cywczego, kosmetycznego i farmaceutycznego\",\"publisher\":{\"@id\":\"https:\\\/\\\/naturalpoland.com\\\/es\\\/#organization\"},\"potentialAction\":[{\"@type\":\"SearchAction\",\"target\":{\"@type\":\"EntryPoint\",\"urlTemplate\":\"https:\\\/\\\/naturalpoland.com\\\/es\\\/?s={search_term_string}\"},\"query-input\":{\"@type\":\"PropertyValueSpecification\",\"valueRequired\":true,\"valueName\":\"search_term_string\"}}],\"inLanguage\":\"es\"},{\"@type\":\"Organization\",\"@id\":\"https:\\\/\\\/naturalpoland.com\\\/es\\\/#organization\",\"name\":\"Natural Poland\",\"url\":\"https:\\\/\\\/naturalpoland.com\\\/es\\\/\",\"logo\":{\"@type\":\"ImageObject\",\"inLanguage\":\"es\",\"@id\":\"https:\\\/\\\/naturalpoland.com\\\/es\\\/#\\\/schema\\\/logo\\\/image\\\/\",\"url\":\"https:\\\/\\\/naturalpoland.com\\\/wp-content\\\/uploads\\\/2021\\\/05\\\/natural-poland-icon.png\",\"contentUrl\":\"https:\\\/\\\/naturalpoland.com\\\/wp-content\\\/uploads\\\/2021\\\/05\\\/natural-poland-icon.png\",\"width\":512,\"height\":512,\"caption\":\"Natural Poland\"},\"image\":{\"@id\":\"https:\\\/\\\/naturalpoland.com\\\/es\\\/#\\\/schema\\\/logo\\\/image\\\/\"},\"sameAs\":[\"https:\\\/\\\/www.facebook.com\\\/naturalpoland.b2b\",\"https:\\\/\\\/pl.linkedin.com\\\/company\\\/natural-poland\",\"https:\\\/\\\/www.youtube.com\\\/channel\\\/UCgeGGkvOMahZo-xu_MSEWxg\"]}]}<\/script>\n<!-- \/ Yoast SEO plugin. -->","yoast_head_json":{"title":"\u00c1cido lactobi\u00f3nico - NATURAL POLAND - Distribuidor Mayorista de Materias Primas","description":"El \u00e1cido lactobi\u00f3nico mejora el estado de la piel, aclara la decoloraci\u00f3n, favorece la hidrataci\u00f3n y la regeneraci\u00f3n y tiene un efecto antienvejecimiento.","robots":{"index":"index","follow":"follow","max-snippet":"max-snippet:-1","max-image-preview":"max-image-preview:large","max-video-preview":"max-video-preview:-1"},"canonical":"https:\/\/naturalpoland.com\/es\/productos\/productos-para-la-industria-cosmetica\/acidos\/acido-lactobionico\/","og_locale":"es_ES","og_type":"article","og_title":"\u00c1cido lactobi\u00f3nico - NATURAL POLAND - Distribuidor Mayorista de Materias Primas","og_description":"El \u00e1cido lactobi\u00f3nico mejora el estado de la piel, aclara la decoloraci\u00f3n, favorece la hidrataci\u00f3n y la regeneraci\u00f3n y tiene un efecto antienvejecimiento.","og_url":"https:\/\/naturalpoland.com\/es\/productos\/productos-para-la-industria-cosmetica\/acidos\/acido-lactobionico\/","og_site_name":"NATURAL POLAND - Distribuidor Mayorista de Materias Primas","article_publisher":"https:\/\/www.facebook.com\/naturalpoland.b2b","og_image":[{"width":618,"height":618,"url":"https:\/\/naturalpoland.com\/wp-content\/uploads\/kwas-laktobionowy.webp","type":"image\/webp"}],"schema":{"@context":"https:\/\/schema.org","@graph":[{"@type":"WebPage","@id":"https:\/\/naturalpoland.com\/es\/productos\/productos-para-la-industria-cosmetica\/acidos\/acido-lactobionico\/","url":"https:\/\/naturalpoland.com\/es\/productos\/productos-para-la-industria-cosmetica\/acidos\/acido-lactobionico\/","name":"\u00c1cido lactobi\u00f3nico - NATURAL POLAND - Distribuidor Mayorista de Materias Primas","isPartOf":{"@id":"https:\/\/naturalpoland.com\/es\/#website"},"primaryImageOfPage":{"@id":"https:\/\/naturalpoland.com\/es\/productos\/productos-para-la-industria-cosmetica\/acidos\/acido-lactobionico\/#primaryimage"},"image":{"@id":"https:\/\/naturalpoland.com\/es\/productos\/productos-para-la-industria-cosmetica\/acidos\/acido-lactobionico\/#primaryimage"},"thumbnailUrl":"https:\/\/naturalpoland.com\/wp-content\/uploads\/kwas-laktobionowy.webp","datePublished":"2024-09-10T11:55:42+00:00","description":"El \u00e1cido lactobi\u00f3nico mejora el estado de la piel, aclara la decoloraci\u00f3n, favorece la hidrataci\u00f3n y la regeneraci\u00f3n y tiene un efecto antienvejecimiento.","breadcrumb":{"@id":"https:\/\/naturalpoland.com\/es\/productos\/productos-para-la-industria-cosmetica\/acidos\/acido-lactobionico\/#breadcrumb"},"inLanguage":"es","potentialAction":[{"@type":"ReadAction","target":["https:\/\/naturalpoland.com\/es\/productos\/productos-para-la-industria-cosmetica\/acidos\/acido-lactobionico\/"]}]},{"@type":"ImageObject","inLanguage":"es","@id":"https:\/\/naturalpoland.com\/es\/productos\/productos-para-la-industria-cosmetica\/acidos\/acido-lactobionico\/#primaryimage","url":"https:\/\/naturalpoland.com\/wp-content\/uploads\/kwas-laktobionowy.webp","contentUrl":"https:\/\/naturalpoland.com\/wp-content\/uploads\/kwas-laktobionowy.webp","width":618,"height":618,"caption":"Kwas laktobionowy"},{"@type":"BreadcrumbList","@id":"https:\/\/naturalpoland.com\/es\/productos\/productos-para-la-industria-cosmetica\/acidos\/acido-lactobionico\/#breadcrumb","itemListElement":[{"@type":"ListItem","position":1,"name":"Inicio","item":"https:\/\/naturalpoland.com\/es\/"},{"@type":"ListItem","position":2,"name":"Productos","item":"https:\/\/naturalpoland.com\/es\/productos\/"},{"@type":"ListItem","position":3,"name":"\u00c1cido lactobi\u00f3nico"}]},{"@type":"WebSite","@id":"https:\/\/naturalpoland.com\/es\/#website","url":"https:\/\/naturalpoland.com\/es\/","name":"NATURAL POLAND - Distribuidor Mayorista de Materias Primas","description":"Surowce dla przemys\u0142u spo\u017cywczego, kosmetycznego i farmaceutycznego","publisher":{"@id":"https:\/\/naturalpoland.com\/es\/#organization"},"potentialAction":[{"@type":"SearchAction","target":{"@type":"EntryPoint","urlTemplate":"https:\/\/naturalpoland.com\/es\/?s={search_term_string}"},"query-input":{"@type":"PropertyValueSpecification","valueRequired":true,"valueName":"search_term_string"}}],"inLanguage":"es"},{"@type":"Organization","@id":"https:\/\/naturalpoland.com\/es\/#organization","name":"Natural Poland","url":"https:\/\/naturalpoland.com\/es\/","logo":{"@type":"ImageObject","inLanguage":"es","@id":"https:\/\/naturalpoland.com\/es\/#\/schema\/logo\/image\/","url":"https:\/\/naturalpoland.com\/wp-content\/uploads\/2021\/05\/natural-poland-icon.png","contentUrl":"https:\/\/naturalpoland.com\/wp-content\/uploads\/2021\/05\/natural-poland-icon.png","width":512,"height":512,"caption":"Natural Poland"},"image":{"@id":"https:\/\/naturalpoland.com\/es\/#\/schema\/logo\/image\/"},"sameAs":["https:\/\/www.facebook.com\/naturalpoland.b2b","https:\/\/pl.linkedin.com\/company\/natural-poland","https:\/\/www.youtube.com\/channel\/UCgeGGkvOMahZo-xu_MSEWxg"]}]}},"_links":{"self":[{"href":"https:\/\/naturalpoland.com\/es\/wp-json\/wp\/v2\/product\/35411","targetHints":{"allow":["GET"]}}],"collection":[{"href":"https:\/\/naturalpoland.com\/es\/wp-json\/wp\/v2\/product"}],"about":[{"href":"https:\/\/naturalpoland.com\/es\/wp-json\/wp\/v2\/types\/product"}],"wp:featuredmedia":[{"embeddable":true,"href":"https:\/\/naturalpoland.com\/es\/wp-json\/wp\/v2\/media\/35237"}],"wp:attachment":[{"href":"https:\/\/naturalpoland.com\/es\/wp-json\/wp\/v2\/media?parent=35411"}],"wp:term":[{"taxonomy":"product_brand","embeddable":true,"href":"https:\/\/naturalpoland.com\/es\/wp-json\/wp\/v2\/product_brand?post=35411"},{"taxonomy":"product_cat","embeddable":true,"href":"https:\/\/naturalpoland.com\/es\/wp-json\/wp\/v2\/product_cat?post=35411"},{"taxonomy":"product_tag","embeddable":true,"href":"https:\/\/naturalpoland.com\/es\/wp-json\/wp\/v2\/product_tag?post=35411"}],"curies":[{"name":"wp","href":"https:\/\/api.w.org\/{rel}","templated":true}]}}