{"id":35559,"date":"2024-09-12T11:53:39","date_gmt":"2024-09-12T13:32:37","guid":{"rendered":"https:\/\/naturalpoland.com\/produkty\/sin categor\u00eda\/extracto-de-pulgon-comun\/"},"modified":"2024-09-12T15:32:37","modified_gmt":"2024-09-12T13:32:37","slug":"extracto-de-pulgon-comun","status":"publish","type":"product","link":"https:\/\/naturalpoland.com\/es\/productos\/extractos-de-plantas\/extracto-de-pulgon-comun\/","title":{"rendered":"Extracto de Aphidaceae"},"content":{"rendered":"<h2>Acci\u00f3n del extracto de goldweed com\u00fan<\/h2>\n<p>  El Aphanomyces tiene propiedades hemost\u00e1ticas que ayudan a <strong>controlar las hemorragias<\/strong>, incluidas las hemorragias nasales, uterinas y menstruales excesivas.<br \/>\nEl extracto tambi\u00e9n se utiliza para lesiones cut\u00e1neas, quemaduras, varices, llagas y hemorragias localizadas.<br \/>\nSe sabe que <strong>alivia los s\u00edntomas del s\u00edndrome premenstrual<\/strong>(SPM), regula la menstruaci\u00f3n irregular y ayuda en el tratamiento de la inflamaci\u00f3n de la vejiga y la pr\u00f3stata.<br \/>\nAdem\u00e1s, la hierba el\u00e9boro se utiliza en homeopat\u00eda para <strong>tratar las hemorragias de las mucosas<\/strong>.<br \/>\nLos estudios experimentales confirman su acci\u00f3n para <strong>normalizar la tensi\u00f3n arterial<\/strong> y aumentar el flujo coronario.      <\/p>\n<h2>Propiedades<\/h2>\n<p>  El extracto contiene muchos principios activos, como:  <\/p>\n<ul>\n<li><strong>aminas<\/strong> (colina, acetilcolina, tiramina, histamina),<\/li>\n<li><strong>amino\u00e1cidos<\/strong> (valina, ornitina, prolina),<\/li>\n<li><a href=\"https:\/\/naturalpoland.com\/artykuly\/produkty-naturalne\/czym-sa-i-jak-dzialaja-flawonoidy\/\"><strong>Flavonoides<\/strong><\/a> (flavonoles, flavonas),<\/li>\n<li><strong>\u00e1cidos org\u00e1nicos (\u00e1cido<\/strong> fum\u00e1rico),<\/li>\n<li><strong>vitaminas<\/strong> (A, C, K).<\/li>\n<\/ul>\n<h2>Aplicaci\u00f3n<\/h2>\n<p>  El extracto de Aphanomyces es un ingrediente de cosm\u00e9ticos y preparados para el cuidado de la piel, especialmente durante el oto\u00f1o y el invierno, cuando la piel necesita apoyo en la regeneraci\u00f3n y protecci\u00f3n frente a factores externos nocivos.<br \/>\nEl producto no contiene OMG ni pesticidas, ni aflatoxinas ni hidrocarburos arom\u00e1ticos polic\u00edclicos. <\/p>\n","protected":false},"excerpt":{"rendered":"<p>El extracto de sello dorado com\u00fan<em>(Capsella bursa-pastoris<\/em>) se extrae de la ra\u00edz de esta planta.<br \/>\nEl producto se presenta en forma de polvo fino de olor y sabor caracter\u00edsticos, de color marr\u00f3n verdoso, con maltodextrina a\u00f1adida como excipiente. <\/p>\n","protected":false},"featured_media":35518,"template":"","meta":{"_acf_changed":false},"product_brand":[],"product_cat":[1079],"product_tag":[],"class_list":{"0":"post-35559","1":"product","2":"type-product","3":"status-publish","4":"has-post-thumbnail","6":"product_cat-extractos-de-plantas","7":"pa_czesc-rosliny-raiz","9":"first","10":"instock","11":"shipping-taxable","12":"product-type-simple"},"acf":[],"yoast_head":"<!-- This site is optimized with the Yoast SEO plugin v27.6 - https:\/\/yoast.com\/product\/yoast-seo-wordpress\/ -->\n<title>Extracto de Aphidaceae - NATURAL POLAND - Distribuidor Mayorista de Materias Primas<\/title>\n<meta name=\"description\" content=\"Una materia prima de alta calidad extra\u00edda de la ra\u00edz de la planta es la Capsella bursa-pastoris.\" \/>\n<meta name=\"robots\" content=\"index, follow, max-snippet:-1, max-image-preview:large, max-video-preview:-1\" \/>\n<link rel=\"canonical\" href=\"https:\/\/naturalpoland.com\/es\/productos\/extractos-de-plantas\/extracto-de-pulgon-comun\/\" \/>\n<meta property=\"og:locale\" content=\"es_ES\" \/>\n<meta property=\"og:type\" content=\"article\" \/>\n<meta property=\"og:title\" content=\"Extracto de Aphidaceae - NATURAL POLAND - Distribuidor Mayorista de Materias Primas\" \/>\n<meta property=\"og:description\" content=\"Una materia prima de alta calidad extra\u00edda de la ra\u00edz de la planta es la Capsella bursa-pastoris.\" \/>\n<meta property=\"og:url\" content=\"https:\/\/naturalpoland.com\/es\/productos\/extractos-de-plantas\/extracto-de-pulgon-comun\/\" \/>\n<meta property=\"og:site_name\" content=\"NATURAL POLAND - Distribuidor Mayorista de Materias Primas\" \/>\n<meta property=\"article:publisher\" content=\"https:\/\/www.facebook.com\/naturalpoland.b2b\" \/>\n<meta property=\"og:image\" content=\"https:\/\/naturalpoland.com\/wp-content\/uploads\/ekstrakt-z-tasznika-pospolitego.webp\" \/>\n\t<meta property=\"og:image:width\" content=\"619\" \/>\n\t<meta property=\"og:image:height\" content=\"619\" \/>\n\t<meta property=\"og:image:type\" content=\"image\/webp\" \/>\n<script type=\"application\/ld+json\" class=\"yoast-schema-graph\">{\"@context\":\"https:\\\/\\\/schema.org\",\"@graph\":[{\"@type\":\"WebPage\",\"@id\":\"https:\\\/\\\/naturalpoland.com\\\/es\\\/productos\\\/extractos-de-plantas\\\/extracto-de-pulgon-comun\\\/\",\"url\":\"https:\\\/\\\/naturalpoland.com\\\/es\\\/productos\\\/extractos-de-plantas\\\/extracto-de-pulgon-comun\\\/\",\"name\":\"Extracto de Aphidaceae - NATURAL POLAND - Distribuidor Mayorista de Materias Primas\",\"isPartOf\":{\"@id\":\"https:\\\/\\\/naturalpoland.com\\\/es\\\/#website\"},\"primaryImageOfPage\":{\"@id\":\"https:\\\/\\\/naturalpoland.com\\\/es\\\/productos\\\/extractos-de-plantas\\\/extracto-de-pulgon-comun\\\/#primaryimage\"},\"image\":{\"@id\":\"https:\\\/\\\/naturalpoland.com\\\/es\\\/productos\\\/extractos-de-plantas\\\/extracto-de-pulgon-comun\\\/#primaryimage\"},\"thumbnailUrl\":\"https:\\\/\\\/naturalpoland.com\\\/wp-content\\\/uploads\\\/ekstrakt-z-tasznika-pospolitego.webp\",\"datePublished\":\"2024-09-12T13:32:37+00:00\",\"description\":\"Una materia prima de alta calidad extra\u00edda de la ra\u00edz de la planta es la Capsella bursa-pastoris.\",\"breadcrumb\":{\"@id\":\"https:\\\/\\\/naturalpoland.com\\\/es\\\/productos\\\/extractos-de-plantas\\\/extracto-de-pulgon-comun\\\/#breadcrumb\"},\"inLanguage\":\"es\",\"potentialAction\":[{\"@type\":\"ReadAction\",\"target\":[\"https:\\\/\\\/naturalpoland.com\\\/es\\\/productos\\\/extractos-de-plantas\\\/extracto-de-pulgon-comun\\\/\"]}]},{\"@type\":\"ImageObject\",\"inLanguage\":\"es\",\"@id\":\"https:\\\/\\\/naturalpoland.com\\\/es\\\/productos\\\/extractos-de-plantas\\\/extracto-de-pulgon-comun\\\/#primaryimage\",\"url\":\"https:\\\/\\\/naturalpoland.com\\\/wp-content\\\/uploads\\\/ekstrakt-z-tasznika-pospolitego.webp\",\"contentUrl\":\"https:\\\/\\\/naturalpoland.com\\\/wp-content\\\/uploads\\\/ekstrakt-z-tasznika-pospolitego.webp\",\"width\":619,\"height\":619,\"caption\":\"ekstrakt z tasznika pospolitego\"},{\"@type\":\"BreadcrumbList\",\"@id\":\"https:\\\/\\\/naturalpoland.com\\\/es\\\/productos\\\/extractos-de-plantas\\\/extracto-de-pulgon-comun\\\/#breadcrumb\",\"itemListElement\":[{\"@type\":\"ListItem\",\"position\":1,\"name\":\"Inicio\",\"item\":\"https:\\\/\\\/naturalpoland.com\\\/es\\\/\"},{\"@type\":\"ListItem\",\"position\":2,\"name\":\"Productos\",\"item\":\"https:\\\/\\\/naturalpoland.com\\\/es\\\/productos\\\/\"},{\"@type\":\"ListItem\",\"position\":3,\"name\":\"Extracto de Aphidaceae\"}]},{\"@type\":\"WebSite\",\"@id\":\"https:\\\/\\\/naturalpoland.com\\\/es\\\/#website\",\"url\":\"https:\\\/\\\/naturalpoland.com\\\/es\\\/\",\"name\":\"NATURAL POLAND - Distribuidor Mayorista de Materias Primas\",\"description\":\"Surowce dla przemys\u0142u spo\u017cywczego, kosmetycznego i farmaceutycznego\",\"publisher\":{\"@id\":\"https:\\\/\\\/naturalpoland.com\\\/es\\\/#organization\"},\"potentialAction\":[{\"@type\":\"SearchAction\",\"target\":{\"@type\":\"EntryPoint\",\"urlTemplate\":\"https:\\\/\\\/naturalpoland.com\\\/es\\\/?s={search_term_string}\"},\"query-input\":{\"@type\":\"PropertyValueSpecification\",\"valueRequired\":true,\"valueName\":\"search_term_string\"}}],\"inLanguage\":\"es\"},{\"@type\":\"Organization\",\"@id\":\"https:\\\/\\\/naturalpoland.com\\\/es\\\/#organization\",\"name\":\"Natural Poland\",\"url\":\"https:\\\/\\\/naturalpoland.com\\\/es\\\/\",\"logo\":{\"@type\":\"ImageObject\",\"inLanguage\":\"es\",\"@id\":\"https:\\\/\\\/naturalpoland.com\\\/es\\\/#\\\/schema\\\/logo\\\/image\\\/\",\"url\":\"https:\\\/\\\/naturalpoland.com\\\/wp-content\\\/uploads\\\/2021\\\/05\\\/natural-poland-icon.png\",\"contentUrl\":\"https:\\\/\\\/naturalpoland.com\\\/wp-content\\\/uploads\\\/2021\\\/05\\\/natural-poland-icon.png\",\"width\":512,\"height\":512,\"caption\":\"Natural Poland\"},\"image\":{\"@id\":\"https:\\\/\\\/naturalpoland.com\\\/es\\\/#\\\/schema\\\/logo\\\/image\\\/\"},\"sameAs\":[\"https:\\\/\\\/www.facebook.com\\\/naturalpoland.b2b\",\"https:\\\/\\\/pl.linkedin.com\\\/company\\\/natural-poland\",\"https:\\\/\\\/www.youtube.com\\\/channel\\\/UCgeGGkvOMahZo-xu_MSEWxg\"]}]}<\/script>\n<!-- \/ Yoast SEO plugin. -->","yoast_head_json":{"title":"Extracto de Aphidaceae - NATURAL POLAND - Distribuidor Mayorista de Materias Primas","description":"Una materia prima de alta calidad extra\u00edda de la ra\u00edz de la planta es la Capsella bursa-pastoris.","robots":{"index":"index","follow":"follow","max-snippet":"max-snippet:-1","max-image-preview":"max-image-preview:large","max-video-preview":"max-video-preview:-1"},"canonical":"https:\/\/naturalpoland.com\/es\/productos\/extractos-de-plantas\/extracto-de-pulgon-comun\/","og_locale":"es_ES","og_type":"article","og_title":"Extracto de Aphidaceae - NATURAL POLAND - Distribuidor Mayorista de Materias Primas","og_description":"Una materia prima de alta calidad extra\u00edda de la ra\u00edz de la planta es la Capsella bursa-pastoris.","og_url":"https:\/\/naturalpoland.com\/es\/productos\/extractos-de-plantas\/extracto-de-pulgon-comun\/","og_site_name":"NATURAL POLAND - Distribuidor Mayorista de Materias Primas","article_publisher":"https:\/\/www.facebook.com\/naturalpoland.b2b","og_image":[{"width":619,"height":619,"url":"https:\/\/naturalpoland.com\/wp-content\/uploads\/ekstrakt-z-tasznika-pospolitego.webp","type":"image\/webp"}],"schema":{"@context":"https:\/\/schema.org","@graph":[{"@type":"WebPage","@id":"https:\/\/naturalpoland.com\/es\/productos\/extractos-de-plantas\/extracto-de-pulgon-comun\/","url":"https:\/\/naturalpoland.com\/es\/productos\/extractos-de-plantas\/extracto-de-pulgon-comun\/","name":"Extracto de Aphidaceae - NATURAL POLAND - Distribuidor Mayorista de Materias Primas","isPartOf":{"@id":"https:\/\/naturalpoland.com\/es\/#website"},"primaryImageOfPage":{"@id":"https:\/\/naturalpoland.com\/es\/productos\/extractos-de-plantas\/extracto-de-pulgon-comun\/#primaryimage"},"image":{"@id":"https:\/\/naturalpoland.com\/es\/productos\/extractos-de-plantas\/extracto-de-pulgon-comun\/#primaryimage"},"thumbnailUrl":"https:\/\/naturalpoland.com\/wp-content\/uploads\/ekstrakt-z-tasznika-pospolitego.webp","datePublished":"2024-09-12T13:32:37+00:00","description":"Una materia prima de alta calidad extra\u00edda de la ra\u00edz de la planta es la Capsella bursa-pastoris.","breadcrumb":{"@id":"https:\/\/naturalpoland.com\/es\/productos\/extractos-de-plantas\/extracto-de-pulgon-comun\/#breadcrumb"},"inLanguage":"es","potentialAction":[{"@type":"ReadAction","target":["https:\/\/naturalpoland.com\/es\/productos\/extractos-de-plantas\/extracto-de-pulgon-comun\/"]}]},{"@type":"ImageObject","inLanguage":"es","@id":"https:\/\/naturalpoland.com\/es\/productos\/extractos-de-plantas\/extracto-de-pulgon-comun\/#primaryimage","url":"https:\/\/naturalpoland.com\/wp-content\/uploads\/ekstrakt-z-tasznika-pospolitego.webp","contentUrl":"https:\/\/naturalpoland.com\/wp-content\/uploads\/ekstrakt-z-tasznika-pospolitego.webp","width":619,"height":619,"caption":"ekstrakt z tasznika pospolitego"},{"@type":"BreadcrumbList","@id":"https:\/\/naturalpoland.com\/es\/productos\/extractos-de-plantas\/extracto-de-pulgon-comun\/#breadcrumb","itemListElement":[{"@type":"ListItem","position":1,"name":"Inicio","item":"https:\/\/naturalpoland.com\/es\/"},{"@type":"ListItem","position":2,"name":"Productos","item":"https:\/\/naturalpoland.com\/es\/productos\/"},{"@type":"ListItem","position":3,"name":"Extracto de Aphidaceae"}]},{"@type":"WebSite","@id":"https:\/\/naturalpoland.com\/es\/#website","url":"https:\/\/naturalpoland.com\/es\/","name":"NATURAL POLAND - Distribuidor Mayorista de Materias Primas","description":"Surowce dla przemys\u0142u spo\u017cywczego, kosmetycznego i farmaceutycznego","publisher":{"@id":"https:\/\/naturalpoland.com\/es\/#organization"},"potentialAction":[{"@type":"SearchAction","target":{"@type":"EntryPoint","urlTemplate":"https:\/\/naturalpoland.com\/es\/?s={search_term_string}"},"query-input":{"@type":"PropertyValueSpecification","valueRequired":true,"valueName":"search_term_string"}}],"inLanguage":"es"},{"@type":"Organization","@id":"https:\/\/naturalpoland.com\/es\/#organization","name":"Natural Poland","url":"https:\/\/naturalpoland.com\/es\/","logo":{"@type":"ImageObject","inLanguage":"es","@id":"https:\/\/naturalpoland.com\/es\/#\/schema\/logo\/image\/","url":"https:\/\/naturalpoland.com\/wp-content\/uploads\/2021\/05\/natural-poland-icon.png","contentUrl":"https:\/\/naturalpoland.com\/wp-content\/uploads\/2021\/05\/natural-poland-icon.png","width":512,"height":512,"caption":"Natural Poland"},"image":{"@id":"https:\/\/naturalpoland.com\/es\/#\/schema\/logo\/image\/"},"sameAs":["https:\/\/www.facebook.com\/naturalpoland.b2b","https:\/\/pl.linkedin.com\/company\/natural-poland","https:\/\/www.youtube.com\/channel\/UCgeGGkvOMahZo-xu_MSEWxg"]}]}},"_links":{"self":[{"href":"https:\/\/naturalpoland.com\/es\/wp-json\/wp\/v2\/product\/35559","targetHints":{"allow":["GET"]}}],"collection":[{"href":"https:\/\/naturalpoland.com\/es\/wp-json\/wp\/v2\/product"}],"about":[{"href":"https:\/\/naturalpoland.com\/es\/wp-json\/wp\/v2\/types\/product"}],"wp:featuredmedia":[{"embeddable":true,"href":"https:\/\/naturalpoland.com\/es\/wp-json\/wp\/v2\/media\/35518"}],"wp:attachment":[{"href":"https:\/\/naturalpoland.com\/es\/wp-json\/wp\/v2\/media?parent=35559"}],"wp:term":[{"taxonomy":"product_brand","embeddable":true,"href":"https:\/\/naturalpoland.com\/es\/wp-json\/wp\/v2\/product_brand?post=35559"},{"taxonomy":"product_cat","embeddable":true,"href":"https:\/\/naturalpoland.com\/es\/wp-json\/wp\/v2\/product_cat?post=35559"},{"taxonomy":"product_tag","embeddable":true,"href":"https:\/\/naturalpoland.com\/es\/wp-json\/wp\/v2\/product_tag?post=35559"}],"curies":[{"name":"wp","href":"https:\/\/api.w.org\/{rel}","templated":true}]}}