{"id":35981,"date":"2024-10-03T15:02:37","date_gmt":"2024-10-03T13:13:07","guid":{"rendered":"https:\/\/naturalpoland.com\/produkty\/sin categor\u00eda\/gluconato-de-cobre\/"},"modified":"2024-10-03T15:13:07","modified_gmt":"2024-10-03T13:13:07","slug":"gluconato-de-cobre","status":"publish","type":"product","link":"https:\/\/naturalpoland.com\/es\/productos\/productos-para-la-industria-farmaceutica-y-medica\/aditivos-para-complementos-alimenticios\/gluconato-de-cobre\/","title":{"rendered":"Gluconato de cobre"},"content":{"rendered":"<p>El gluconato de cobre tiene una toxicidad baja y no existen riesgos significativos asociados a su uso.  <\/p>\n<h2>Aplicaci\u00f3n:<\/h2>\n<p>  El gluconato de cobre es un ingrediente clave en los productos <strong>para el cuidado de la piel<\/strong>, donde favorece la producci\u00f3n de col\u00e1geno, mejora la elasticidad de la piel y favorece la cicatrizaci\u00f3n de las heridas.<br \/>\nSe utiliza f\u00e1cilmente en f\u00f3rmulas antienvejecimiento por su acci\u00f3n sobre las c\u00e9lulas de la piel y su capacidad para reducir la inflamaci\u00f3n.<br \/>\nTambi\u00e9n se utiliza en suplementos diet\u00e9ticos como <strong>fuente de cobre<\/strong>, que es esencial para muchos procesos enzim\u00e1ticos del organismo, como el metabolismo del hierro y la defensa antioxidante.  <\/p>\n","protected":false},"excerpt":{"rendered":"<p>El gluconato de cobre se presenta como un polvo cristalino fino y azul.<br \/>\nSe utiliza en cosm\u00e9ticos y productos para el cuidado del cabello. <\/p>\n","protected":false},"featured_media":35976,"template":"","meta":{"_acf_changed":false},"product_brand":[],"product_cat":[1076,1068],"product_tag":[],"class_list":{"0":"post-35981","1":"product","2":"type-product","3":"status-publish","4":"has-post-thumbnail","6":"product_cat-aditivos-para-complementos-alimenticios","7":"product_cat-materias-primas-para-cosmeticos","9":"first","10":"instock","11":"shipping-taxable","12":"product-type-simple"},"acf":[],"yoast_head":"<!-- This site is optimized with the Yoast SEO plugin v27.4 - https:\/\/yoast.com\/product\/yoast-seo-wordpress\/ -->\n<title>Gluconato de cobre - NATURAL POLAND - Distribuidor Mayorista de Materias Primas<\/title>\n<meta name=\"description\" content=\"El gluconato de cobre es un polvo cristalino fino y azul que se utiliza en diversas industrias, como la cosm\u00e9tica y la farmac\u00e9utica.\" \/>\n<meta name=\"robots\" content=\"index, follow, max-snippet:-1, max-image-preview:large, max-video-preview:-1\" \/>\n<link rel=\"canonical\" href=\"https:\/\/naturalpoland.com\/es\/productos\/productos-para-la-industria-farmaceutica-y-medica\/aditivos-para-complementos-alimenticios\/gluconato-de-cobre\/\" \/>\n<meta property=\"og:locale\" content=\"es_ES\" \/>\n<meta property=\"og:type\" content=\"article\" \/>\n<meta property=\"og:title\" content=\"Gluconato de cobre - NATURAL POLAND - Distribuidor Mayorista de Materias Primas\" \/>\n<meta property=\"og:description\" content=\"El gluconato de cobre es un polvo cristalino fino y azul que se utiliza en diversas industrias, como la cosm\u00e9tica y la farmac\u00e9utica.\" \/>\n<meta property=\"og:url\" content=\"https:\/\/naturalpoland.com\/es\/productos\/productos-para-la-industria-farmaceutica-y-medica\/aditivos-para-complementos-alimenticios\/gluconato-de-cobre\/\" \/>\n<meta property=\"og:site_name\" content=\"NATURAL POLAND - Distribuidor Mayorista de Materias Primas\" \/>\n<meta property=\"article:publisher\" content=\"https:\/\/www.facebook.com\/naturalpoland.b2b\" \/>\n<meta property=\"og:image\" content=\"https:\/\/naturalpoland.com\/wp-content\/uploads\/glukonian-miedzi.webp\" \/>\n\t<meta property=\"og:image:width\" content=\"619\" \/>\n\t<meta property=\"og:image:height\" content=\"619\" \/>\n\t<meta property=\"og:image:type\" content=\"image\/webp\" \/>\n<script type=\"application\/ld+json\" class=\"yoast-schema-graph\">{\"@context\":\"https:\\\/\\\/schema.org\",\"@graph\":[{\"@type\":\"WebPage\",\"@id\":\"https:\\\/\\\/naturalpoland.com\\\/es\\\/productos\\\/productos-para-la-industria-farmaceutica-y-medica\\\/aditivos-para-complementos-alimenticios\\\/gluconato-de-cobre\\\/\",\"url\":\"https:\\\/\\\/naturalpoland.com\\\/es\\\/productos\\\/productos-para-la-industria-farmaceutica-y-medica\\\/aditivos-para-complementos-alimenticios\\\/gluconato-de-cobre\\\/\",\"name\":\"Gluconato de cobre - NATURAL POLAND - Distribuidor Mayorista de Materias Primas\",\"isPartOf\":{\"@id\":\"https:\\\/\\\/naturalpoland.com\\\/es\\\/#website\"},\"primaryImageOfPage\":{\"@id\":\"https:\\\/\\\/naturalpoland.com\\\/es\\\/productos\\\/productos-para-la-industria-farmaceutica-y-medica\\\/aditivos-para-complementos-alimenticios\\\/gluconato-de-cobre\\\/#primaryimage\"},\"image\":{\"@id\":\"https:\\\/\\\/naturalpoland.com\\\/es\\\/productos\\\/productos-para-la-industria-farmaceutica-y-medica\\\/aditivos-para-complementos-alimenticios\\\/gluconato-de-cobre\\\/#primaryimage\"},\"thumbnailUrl\":\"https:\\\/\\\/naturalpoland.com\\\/wp-content\\\/uploads\\\/glukonian-miedzi.webp\",\"datePublished\":\"2024-10-03T13:13:07+00:00\",\"description\":\"El gluconato de cobre es un polvo cristalino fino y azul que se utiliza en diversas industrias, como la cosm\u00e9tica y la farmac\u00e9utica.\",\"breadcrumb\":{\"@id\":\"https:\\\/\\\/naturalpoland.com\\\/es\\\/productos\\\/productos-para-la-industria-farmaceutica-y-medica\\\/aditivos-para-complementos-alimenticios\\\/gluconato-de-cobre\\\/#breadcrumb\"},\"inLanguage\":\"es\",\"potentialAction\":[{\"@type\":\"ReadAction\",\"target\":[\"https:\\\/\\\/naturalpoland.com\\\/es\\\/productos\\\/productos-para-la-industria-farmaceutica-y-medica\\\/aditivos-para-complementos-alimenticios\\\/gluconato-de-cobre\\\/\"]}]},{\"@type\":\"ImageObject\",\"inLanguage\":\"es\",\"@id\":\"https:\\\/\\\/naturalpoland.com\\\/es\\\/productos\\\/productos-para-la-industria-farmaceutica-y-medica\\\/aditivos-para-complementos-alimenticios\\\/gluconato-de-cobre\\\/#primaryimage\",\"url\":\"https:\\\/\\\/naturalpoland.com\\\/wp-content\\\/uploads\\\/glukonian-miedzi.webp\",\"contentUrl\":\"https:\\\/\\\/naturalpoland.com\\\/wp-content\\\/uploads\\\/glukonian-miedzi.webp\",\"width\":619,\"height\":619,\"caption\":\"glukonian miedzi\"},{\"@type\":\"BreadcrumbList\",\"@id\":\"https:\\\/\\\/naturalpoland.com\\\/es\\\/productos\\\/productos-para-la-industria-farmaceutica-y-medica\\\/aditivos-para-complementos-alimenticios\\\/gluconato-de-cobre\\\/#breadcrumb\",\"itemListElement\":[{\"@type\":\"ListItem\",\"position\":1,\"name\":\"Inicio\",\"item\":\"https:\\\/\\\/naturalpoland.com\\\/es\\\/\"},{\"@type\":\"ListItem\",\"position\":2,\"name\":\"Productos\",\"item\":\"https:\\\/\\\/naturalpoland.com\\\/es\\\/productos\\\/\"},{\"@type\":\"ListItem\",\"position\":3,\"name\":\"Gluconato de cobre\"}]},{\"@type\":\"WebSite\",\"@id\":\"https:\\\/\\\/naturalpoland.com\\\/es\\\/#website\",\"url\":\"https:\\\/\\\/naturalpoland.com\\\/es\\\/\",\"name\":\"NATURAL POLAND - Distribuidor Mayorista de Materias Primas\",\"description\":\"Surowce dla przemys\u0142u spo\u017cywczego, kosmetycznego i farmaceutycznego\",\"publisher\":{\"@id\":\"https:\\\/\\\/naturalpoland.com\\\/es\\\/#organization\"},\"potentialAction\":[{\"@type\":\"SearchAction\",\"target\":{\"@type\":\"EntryPoint\",\"urlTemplate\":\"https:\\\/\\\/naturalpoland.com\\\/es\\\/?s={search_term_string}\"},\"query-input\":{\"@type\":\"PropertyValueSpecification\",\"valueRequired\":true,\"valueName\":\"search_term_string\"}}],\"inLanguage\":\"es\"},{\"@type\":\"Organization\",\"@id\":\"https:\\\/\\\/naturalpoland.com\\\/es\\\/#organization\",\"name\":\"Natural Poland\",\"url\":\"https:\\\/\\\/naturalpoland.com\\\/es\\\/\",\"logo\":{\"@type\":\"ImageObject\",\"inLanguage\":\"es\",\"@id\":\"https:\\\/\\\/naturalpoland.com\\\/es\\\/#\\\/schema\\\/logo\\\/image\\\/\",\"url\":\"https:\\\/\\\/naturalpoland.com\\\/wp-content\\\/uploads\\\/2021\\\/05\\\/natural-poland-icon.png\",\"contentUrl\":\"https:\\\/\\\/naturalpoland.com\\\/wp-content\\\/uploads\\\/2021\\\/05\\\/natural-poland-icon.png\",\"width\":512,\"height\":512,\"caption\":\"Natural Poland\"},\"image\":{\"@id\":\"https:\\\/\\\/naturalpoland.com\\\/es\\\/#\\\/schema\\\/logo\\\/image\\\/\"},\"sameAs\":[\"https:\\\/\\\/www.facebook.com\\\/naturalpoland.b2b\",\"https:\\\/\\\/pl.linkedin.com\\\/company\\\/natural-poland\",\"https:\\\/\\\/www.youtube.com\\\/channel\\\/UCgeGGkvOMahZo-xu_MSEWxg\"]}]}<\/script>\n<!-- \/ Yoast SEO plugin. -->","yoast_head_json":{"title":"Gluconato de cobre - NATURAL POLAND - Distribuidor Mayorista de Materias Primas","description":"El gluconato de cobre es un polvo cristalino fino y azul que se utiliza en diversas industrias, como la cosm\u00e9tica y la farmac\u00e9utica.","robots":{"index":"index","follow":"follow","max-snippet":"max-snippet:-1","max-image-preview":"max-image-preview:large","max-video-preview":"max-video-preview:-1"},"canonical":"https:\/\/naturalpoland.com\/es\/productos\/productos-para-la-industria-farmaceutica-y-medica\/aditivos-para-complementos-alimenticios\/gluconato-de-cobre\/","og_locale":"es_ES","og_type":"article","og_title":"Gluconato de cobre - NATURAL POLAND - Distribuidor Mayorista de Materias Primas","og_description":"El gluconato de cobre es un polvo cristalino fino y azul que se utiliza en diversas industrias, como la cosm\u00e9tica y la farmac\u00e9utica.","og_url":"https:\/\/naturalpoland.com\/es\/productos\/productos-para-la-industria-farmaceutica-y-medica\/aditivos-para-complementos-alimenticios\/gluconato-de-cobre\/","og_site_name":"NATURAL POLAND - Distribuidor Mayorista de Materias Primas","article_publisher":"https:\/\/www.facebook.com\/naturalpoland.b2b","og_image":[{"width":619,"height":619,"url":"https:\/\/naturalpoland.com\/wp-content\/uploads\/glukonian-miedzi.webp","type":"image\/webp"}],"schema":{"@context":"https:\/\/schema.org","@graph":[{"@type":"WebPage","@id":"https:\/\/naturalpoland.com\/es\/productos\/productos-para-la-industria-farmaceutica-y-medica\/aditivos-para-complementos-alimenticios\/gluconato-de-cobre\/","url":"https:\/\/naturalpoland.com\/es\/productos\/productos-para-la-industria-farmaceutica-y-medica\/aditivos-para-complementos-alimenticios\/gluconato-de-cobre\/","name":"Gluconato de cobre - NATURAL POLAND - Distribuidor Mayorista de Materias Primas","isPartOf":{"@id":"https:\/\/naturalpoland.com\/es\/#website"},"primaryImageOfPage":{"@id":"https:\/\/naturalpoland.com\/es\/productos\/productos-para-la-industria-farmaceutica-y-medica\/aditivos-para-complementos-alimenticios\/gluconato-de-cobre\/#primaryimage"},"image":{"@id":"https:\/\/naturalpoland.com\/es\/productos\/productos-para-la-industria-farmaceutica-y-medica\/aditivos-para-complementos-alimenticios\/gluconato-de-cobre\/#primaryimage"},"thumbnailUrl":"https:\/\/naturalpoland.com\/wp-content\/uploads\/glukonian-miedzi.webp","datePublished":"2024-10-03T13:13:07+00:00","description":"El gluconato de cobre es un polvo cristalino fino y azul que se utiliza en diversas industrias, como la cosm\u00e9tica y la farmac\u00e9utica.","breadcrumb":{"@id":"https:\/\/naturalpoland.com\/es\/productos\/productos-para-la-industria-farmaceutica-y-medica\/aditivos-para-complementos-alimenticios\/gluconato-de-cobre\/#breadcrumb"},"inLanguage":"es","potentialAction":[{"@type":"ReadAction","target":["https:\/\/naturalpoland.com\/es\/productos\/productos-para-la-industria-farmaceutica-y-medica\/aditivos-para-complementos-alimenticios\/gluconato-de-cobre\/"]}]},{"@type":"ImageObject","inLanguage":"es","@id":"https:\/\/naturalpoland.com\/es\/productos\/productos-para-la-industria-farmaceutica-y-medica\/aditivos-para-complementos-alimenticios\/gluconato-de-cobre\/#primaryimage","url":"https:\/\/naturalpoland.com\/wp-content\/uploads\/glukonian-miedzi.webp","contentUrl":"https:\/\/naturalpoland.com\/wp-content\/uploads\/glukonian-miedzi.webp","width":619,"height":619,"caption":"glukonian miedzi"},{"@type":"BreadcrumbList","@id":"https:\/\/naturalpoland.com\/es\/productos\/productos-para-la-industria-farmaceutica-y-medica\/aditivos-para-complementos-alimenticios\/gluconato-de-cobre\/#breadcrumb","itemListElement":[{"@type":"ListItem","position":1,"name":"Inicio","item":"https:\/\/naturalpoland.com\/es\/"},{"@type":"ListItem","position":2,"name":"Productos","item":"https:\/\/naturalpoland.com\/es\/productos\/"},{"@type":"ListItem","position":3,"name":"Gluconato de cobre"}]},{"@type":"WebSite","@id":"https:\/\/naturalpoland.com\/es\/#website","url":"https:\/\/naturalpoland.com\/es\/","name":"NATURAL POLAND - Distribuidor Mayorista de Materias Primas","description":"Surowce dla przemys\u0142u spo\u017cywczego, kosmetycznego i farmaceutycznego","publisher":{"@id":"https:\/\/naturalpoland.com\/es\/#organization"},"potentialAction":[{"@type":"SearchAction","target":{"@type":"EntryPoint","urlTemplate":"https:\/\/naturalpoland.com\/es\/?s={search_term_string}"},"query-input":{"@type":"PropertyValueSpecification","valueRequired":true,"valueName":"search_term_string"}}],"inLanguage":"es"},{"@type":"Organization","@id":"https:\/\/naturalpoland.com\/es\/#organization","name":"Natural Poland","url":"https:\/\/naturalpoland.com\/es\/","logo":{"@type":"ImageObject","inLanguage":"es","@id":"https:\/\/naturalpoland.com\/es\/#\/schema\/logo\/image\/","url":"https:\/\/naturalpoland.com\/wp-content\/uploads\/2021\/05\/natural-poland-icon.png","contentUrl":"https:\/\/naturalpoland.com\/wp-content\/uploads\/2021\/05\/natural-poland-icon.png","width":512,"height":512,"caption":"Natural Poland"},"image":{"@id":"https:\/\/naturalpoland.com\/es\/#\/schema\/logo\/image\/"},"sameAs":["https:\/\/www.facebook.com\/naturalpoland.b2b","https:\/\/pl.linkedin.com\/company\/natural-poland","https:\/\/www.youtube.com\/channel\/UCgeGGkvOMahZo-xu_MSEWxg"]}]}},"_links":{"self":[{"href":"https:\/\/naturalpoland.com\/es\/wp-json\/wp\/v2\/product\/35981","targetHints":{"allow":["GET"]}}],"collection":[{"href":"https:\/\/naturalpoland.com\/es\/wp-json\/wp\/v2\/product"}],"about":[{"href":"https:\/\/naturalpoland.com\/es\/wp-json\/wp\/v2\/types\/product"}],"wp:featuredmedia":[{"embeddable":true,"href":"https:\/\/naturalpoland.com\/es\/wp-json\/wp\/v2\/media\/35976"}],"wp:attachment":[{"href":"https:\/\/naturalpoland.com\/es\/wp-json\/wp\/v2\/media?parent=35981"}],"wp:term":[{"taxonomy":"product_brand","embeddable":true,"href":"https:\/\/naturalpoland.com\/es\/wp-json\/wp\/v2\/product_brand?post=35981"},{"taxonomy":"product_cat","embeddable":true,"href":"https:\/\/naturalpoland.com\/es\/wp-json\/wp\/v2\/product_cat?post=35981"},{"taxonomy":"product_tag","embeddable":true,"href":"https:\/\/naturalpoland.com\/es\/wp-json\/wp\/v2\/product_tag?post=35981"}],"curies":[{"name":"wp","href":"https:\/\/api.w.org\/{rel}","templated":true}]}}