{"id":36334,"date":"2024-10-09T10:49:28","date_gmt":"2024-10-09T11:13:54","guid":{"rendered":"https:\/\/naturalpoland.com\/produkty\/sin categor\u00eda\/aceite-de-bergamota\/"},"modified":"2024-10-09T13:13:54","modified_gmt":"2024-10-09T11:13:54","slug":"aceite-de-bergamota","status":"publish","type":"product","link":"https:\/\/naturalpoland.com\/es\/productos\/productos-para-la-industria-cosmetica\/aceites-esenciales\/aceite-de-bergamota\/","title":{"rendered":"Aceite de bergamota"},"content":{"rendered":"<p>El aceite de bergamota se utiliza en la lucha contra el estr\u00e9s y el insomnio. Tiene un fuerte efecto relajante y mejora el estado de \u00e1nimo. Se utiliza a menudo en aromaterapia, tanto en difusores como en chimeneas arom\u00e1ticas. Cuando se inhala, estimula el sistema l\u00edmbico del cerebro, responsable de regular las emociones, ayudando a reducir los niveles de estr\u00e9s y a mejorar el estado de \u00e1nimo. Gracias a la presencia de ingredientes como el limoneno y el acetato de linalilo, el aceite de bergamota tiene efectos antiespasm\u00f3dicos y analg\u00e9sicos. Puede utilizarse como aditivo en cosm\u00e9ticos destinados a pieles grasas y propensas al acn\u00e9.   <\/p>\n<h2>Aplicaci\u00f3n:<\/h2>\n<ul>\n<li>como aditivo para el ba\u00f1o<\/li>\n<li>en masajes de relajaci\u00f3n<\/li>\n<li>para aromaterapia<\/li>\n<li>como aditivo cosm\u00e9tico<\/li>\n<\/ul>\n<p>El aceite de bergamota, por su contenido en bergapteno, es fotot\u00f3xico. Tras su aplicaci\u00f3n sobre la piel, se recomienda evitar la exposici\u00f3n al sol durante al menos 12 horas para prevenir irritaciones y quemaduras. Antes de la primera aplicaci\u00f3n, se recomienda realizar una prueba de sensibilizaci\u00f3n diluyendo unas gotas del aceite en un aceite base y aplic\u00e1ndolo en una peque\u00f1a zona de la piel.  <\/p>\n<h3><\/h3>\n","protected":false},"excerpt":{"rendered":"<p><strong>El aceite de bergamota<\/strong>, extra\u00eddo del fruto de la bergamota, tiene un aroma fresco y c\u00edtrico. Tiene propiedades antibacterianas y antif\u00fangicas. Se utiliza para el cuidado de la piel problem\u00e1tica.  <\/p>\n<h3><\/h3>\n","protected":false},"featured_media":36276,"template":"","meta":[],"product_brand":[],"product_cat":[6270],"product_tag":[],"class_list":{"0":"post-36334","1":"product","2":"type-product","3":"status-publish","4":"has-post-thumbnail","6":"product_cat-aceites-esenciales","8":"first","9":"instock","10":"shipping-taxable","11":"product-type-simple"},"yoast_head":"<!-- This site is optimized with the Yoast SEO plugin v27.4 - https:\/\/yoast.com\/product\/yoast-seo-wordpress\/ -->\n<title>Aceite de bergamota - NATURAL POLAND - Distribuidor Mayorista de Materias Primas<\/title>\n<meta name=\"description\" content=\"El aceite de bergamota no es s\u00f3lo un aditivo arom\u00e1tico, sino tambi\u00e9n un agente terap\u00e9utico natural con una amplia gama de usos.\" \/>\n<meta name=\"robots\" content=\"index, follow, max-snippet:-1, max-image-preview:large, max-video-preview:-1\" \/>\n<link rel=\"canonical\" href=\"https:\/\/naturalpoland.com\/es\/productos\/productos-para-la-industria-cosmetica\/aceites-esenciales\/aceite-de-bergamota\/\" \/>\n<meta property=\"og:locale\" content=\"es_ES\" \/>\n<meta property=\"og:type\" content=\"article\" \/>\n<meta property=\"og:title\" content=\"Aceite de bergamota - NATURAL POLAND - Distribuidor Mayorista de Materias Primas\" \/>\n<meta property=\"og:description\" content=\"El aceite de bergamota no es s\u00f3lo un aditivo arom\u00e1tico, sino tambi\u00e9n un agente terap\u00e9utico natural con una amplia gama de usos.\" \/>\n<meta property=\"og:url\" content=\"https:\/\/naturalpoland.com\/es\/productos\/productos-para-la-industria-cosmetica\/aceites-esenciales\/aceite-de-bergamota\/\" \/>\n<meta property=\"og:site_name\" content=\"NATURAL POLAND - Distribuidor Mayorista de Materias Primas\" \/>\n<meta property=\"article:publisher\" content=\"https:\/\/www.facebook.com\/naturalpoland.b2b\" \/>\n<meta property=\"og:image\" content=\"https:\/\/naturalpoland.com\/wp-content\/uploads\/olejek-z-bergamotki.webp\" \/>\n\t<meta property=\"og:image:width\" content=\"1024\" \/>\n\t<meta property=\"og:image:height\" content=\"1024\" \/>\n\t<meta property=\"og:image:type\" content=\"image\/webp\" \/>\n<script type=\"application\/ld+json\" class=\"yoast-schema-graph\">{\"@context\":\"https:\\\/\\\/schema.org\",\"@graph\":[{\"@type\":\"WebPage\",\"@id\":\"https:\\\/\\\/naturalpoland.com\\\/es\\\/productos\\\/productos-para-la-industria-cosmetica\\\/aceites-esenciales\\\/aceite-de-bergamota\\\/\",\"url\":\"https:\\\/\\\/naturalpoland.com\\\/es\\\/productos\\\/productos-para-la-industria-cosmetica\\\/aceites-esenciales\\\/aceite-de-bergamota\\\/\",\"name\":\"Aceite de bergamota - NATURAL POLAND - Distribuidor Mayorista de Materias Primas\",\"isPartOf\":{\"@id\":\"https:\\\/\\\/naturalpoland.com\\\/es\\\/#website\"},\"primaryImageOfPage\":{\"@id\":\"https:\\\/\\\/naturalpoland.com\\\/es\\\/productos\\\/productos-para-la-industria-cosmetica\\\/aceites-esenciales\\\/aceite-de-bergamota\\\/#primaryimage\"},\"image\":{\"@id\":\"https:\\\/\\\/naturalpoland.com\\\/es\\\/productos\\\/productos-para-la-industria-cosmetica\\\/aceites-esenciales\\\/aceite-de-bergamota\\\/#primaryimage\"},\"thumbnailUrl\":\"https:\\\/\\\/naturalpoland.com\\\/wp-content\\\/uploads\\\/olejek-z-bergamotki.webp\",\"datePublished\":\"2024-10-09T11:13:54+00:00\",\"description\":\"El aceite de bergamota no es s\u00f3lo un aditivo arom\u00e1tico, sino tambi\u00e9n un agente terap\u00e9utico natural con una amplia gama de usos.\",\"breadcrumb\":{\"@id\":\"https:\\\/\\\/naturalpoland.com\\\/es\\\/productos\\\/productos-para-la-industria-cosmetica\\\/aceites-esenciales\\\/aceite-de-bergamota\\\/#breadcrumb\"},\"inLanguage\":\"es\",\"potentialAction\":[{\"@type\":\"ReadAction\",\"target\":[\"https:\\\/\\\/naturalpoland.com\\\/es\\\/productos\\\/productos-para-la-industria-cosmetica\\\/aceites-esenciales\\\/aceite-de-bergamota\\\/\"]}]},{\"@type\":\"ImageObject\",\"inLanguage\":\"es\",\"@id\":\"https:\\\/\\\/naturalpoland.com\\\/es\\\/productos\\\/productos-para-la-industria-cosmetica\\\/aceites-esenciales\\\/aceite-de-bergamota\\\/#primaryimage\",\"url\":\"https:\\\/\\\/naturalpoland.com\\\/wp-content\\\/uploads\\\/olejek-z-bergamotki.webp\",\"contentUrl\":\"https:\\\/\\\/naturalpoland.com\\\/wp-content\\\/uploads\\\/olejek-z-bergamotki.webp\",\"width\":1024,\"height\":1024,\"caption\":\"olejek z bergamotki\"},{\"@type\":\"BreadcrumbList\",\"@id\":\"https:\\\/\\\/naturalpoland.com\\\/es\\\/productos\\\/productos-para-la-industria-cosmetica\\\/aceites-esenciales\\\/aceite-de-bergamota\\\/#breadcrumb\",\"itemListElement\":[{\"@type\":\"ListItem\",\"position\":1,\"name\":\"Inicio\",\"item\":\"https:\\\/\\\/naturalpoland.com\\\/es\\\/\"},{\"@type\":\"ListItem\",\"position\":2,\"name\":\"Productos\",\"item\":\"https:\\\/\\\/naturalpoland.com\\\/es\\\/productos\\\/\"},{\"@type\":\"ListItem\",\"position\":3,\"name\":\"Aceite de bergamota\"}]},{\"@type\":\"WebSite\",\"@id\":\"https:\\\/\\\/naturalpoland.com\\\/es\\\/#website\",\"url\":\"https:\\\/\\\/naturalpoland.com\\\/es\\\/\",\"name\":\"NATURAL POLAND - Distribuidor Mayorista de Materias Primas\",\"description\":\"Surowce dla przemys\u0142u spo\u017cywczego, kosmetycznego i farmaceutycznego\",\"publisher\":{\"@id\":\"https:\\\/\\\/naturalpoland.com\\\/es\\\/#organization\"},\"potentialAction\":[{\"@type\":\"SearchAction\",\"target\":{\"@type\":\"EntryPoint\",\"urlTemplate\":\"https:\\\/\\\/naturalpoland.com\\\/es\\\/?s={search_term_string}\"},\"query-input\":{\"@type\":\"PropertyValueSpecification\",\"valueRequired\":true,\"valueName\":\"search_term_string\"}}],\"inLanguage\":\"es\"},{\"@type\":\"Organization\",\"@id\":\"https:\\\/\\\/naturalpoland.com\\\/es\\\/#organization\",\"name\":\"Natural Poland\",\"url\":\"https:\\\/\\\/naturalpoland.com\\\/es\\\/\",\"logo\":{\"@type\":\"ImageObject\",\"inLanguage\":\"es\",\"@id\":\"https:\\\/\\\/naturalpoland.com\\\/es\\\/#\\\/schema\\\/logo\\\/image\\\/\",\"url\":\"https:\\\/\\\/naturalpoland.com\\\/wp-content\\\/uploads\\\/2021\\\/05\\\/natural-poland-icon.png\",\"contentUrl\":\"https:\\\/\\\/naturalpoland.com\\\/wp-content\\\/uploads\\\/2021\\\/05\\\/natural-poland-icon.png\",\"width\":512,\"height\":512,\"caption\":\"Natural Poland\"},\"image\":{\"@id\":\"https:\\\/\\\/naturalpoland.com\\\/es\\\/#\\\/schema\\\/logo\\\/image\\\/\"},\"sameAs\":[\"https:\\\/\\\/www.facebook.com\\\/naturalpoland.b2b\",\"https:\\\/\\\/pl.linkedin.com\\\/company\\\/natural-poland\",\"https:\\\/\\\/www.youtube.com\\\/channel\\\/UCgeGGkvOMahZo-xu_MSEWxg\"]}]}<\/script>\n<!-- \/ Yoast SEO plugin. -->","yoast_head_json":{"title":"Aceite de bergamota - NATURAL POLAND - Distribuidor Mayorista de Materias Primas","description":"El aceite de bergamota no es s\u00f3lo un aditivo arom\u00e1tico, sino tambi\u00e9n un agente terap\u00e9utico natural con una amplia gama de usos.","robots":{"index":"index","follow":"follow","max-snippet":"max-snippet:-1","max-image-preview":"max-image-preview:large","max-video-preview":"max-video-preview:-1"},"canonical":"https:\/\/naturalpoland.com\/es\/productos\/productos-para-la-industria-cosmetica\/aceites-esenciales\/aceite-de-bergamota\/","og_locale":"es_ES","og_type":"article","og_title":"Aceite de bergamota - NATURAL POLAND - Distribuidor Mayorista de Materias Primas","og_description":"El aceite de bergamota no es s\u00f3lo un aditivo arom\u00e1tico, sino tambi\u00e9n un agente terap\u00e9utico natural con una amplia gama de usos.","og_url":"https:\/\/naturalpoland.com\/es\/productos\/productos-para-la-industria-cosmetica\/aceites-esenciales\/aceite-de-bergamota\/","og_site_name":"NATURAL POLAND - Distribuidor Mayorista de Materias Primas","article_publisher":"https:\/\/www.facebook.com\/naturalpoland.b2b","og_image":[{"width":1024,"height":1024,"url":"https:\/\/naturalpoland.com\/wp-content\/uploads\/olejek-z-bergamotki.webp","type":"image\/webp"}],"schema":{"@context":"https:\/\/schema.org","@graph":[{"@type":"WebPage","@id":"https:\/\/naturalpoland.com\/es\/productos\/productos-para-la-industria-cosmetica\/aceites-esenciales\/aceite-de-bergamota\/","url":"https:\/\/naturalpoland.com\/es\/productos\/productos-para-la-industria-cosmetica\/aceites-esenciales\/aceite-de-bergamota\/","name":"Aceite de bergamota - NATURAL POLAND - Distribuidor Mayorista de Materias Primas","isPartOf":{"@id":"https:\/\/naturalpoland.com\/es\/#website"},"primaryImageOfPage":{"@id":"https:\/\/naturalpoland.com\/es\/productos\/productos-para-la-industria-cosmetica\/aceites-esenciales\/aceite-de-bergamota\/#primaryimage"},"image":{"@id":"https:\/\/naturalpoland.com\/es\/productos\/productos-para-la-industria-cosmetica\/aceites-esenciales\/aceite-de-bergamota\/#primaryimage"},"thumbnailUrl":"https:\/\/naturalpoland.com\/wp-content\/uploads\/olejek-z-bergamotki.webp","datePublished":"2024-10-09T11:13:54+00:00","description":"El aceite de bergamota no es s\u00f3lo un aditivo arom\u00e1tico, sino tambi\u00e9n un agente terap\u00e9utico natural con una amplia gama de usos.","breadcrumb":{"@id":"https:\/\/naturalpoland.com\/es\/productos\/productos-para-la-industria-cosmetica\/aceites-esenciales\/aceite-de-bergamota\/#breadcrumb"},"inLanguage":"es","potentialAction":[{"@type":"ReadAction","target":["https:\/\/naturalpoland.com\/es\/productos\/productos-para-la-industria-cosmetica\/aceites-esenciales\/aceite-de-bergamota\/"]}]},{"@type":"ImageObject","inLanguage":"es","@id":"https:\/\/naturalpoland.com\/es\/productos\/productos-para-la-industria-cosmetica\/aceites-esenciales\/aceite-de-bergamota\/#primaryimage","url":"https:\/\/naturalpoland.com\/wp-content\/uploads\/olejek-z-bergamotki.webp","contentUrl":"https:\/\/naturalpoland.com\/wp-content\/uploads\/olejek-z-bergamotki.webp","width":1024,"height":1024,"caption":"olejek z bergamotki"},{"@type":"BreadcrumbList","@id":"https:\/\/naturalpoland.com\/es\/productos\/productos-para-la-industria-cosmetica\/aceites-esenciales\/aceite-de-bergamota\/#breadcrumb","itemListElement":[{"@type":"ListItem","position":1,"name":"Inicio","item":"https:\/\/naturalpoland.com\/es\/"},{"@type":"ListItem","position":2,"name":"Productos","item":"https:\/\/naturalpoland.com\/es\/productos\/"},{"@type":"ListItem","position":3,"name":"Aceite de bergamota"}]},{"@type":"WebSite","@id":"https:\/\/naturalpoland.com\/es\/#website","url":"https:\/\/naturalpoland.com\/es\/","name":"NATURAL POLAND - Distribuidor Mayorista de Materias Primas","description":"Surowce dla przemys\u0142u spo\u017cywczego, kosmetycznego i farmaceutycznego","publisher":{"@id":"https:\/\/naturalpoland.com\/es\/#organization"},"potentialAction":[{"@type":"SearchAction","target":{"@type":"EntryPoint","urlTemplate":"https:\/\/naturalpoland.com\/es\/?s={search_term_string}"},"query-input":{"@type":"PropertyValueSpecification","valueRequired":true,"valueName":"search_term_string"}}],"inLanguage":"es"},{"@type":"Organization","@id":"https:\/\/naturalpoland.com\/es\/#organization","name":"Natural Poland","url":"https:\/\/naturalpoland.com\/es\/","logo":{"@type":"ImageObject","inLanguage":"es","@id":"https:\/\/naturalpoland.com\/es\/#\/schema\/logo\/image\/","url":"https:\/\/naturalpoland.com\/wp-content\/uploads\/2021\/05\/natural-poland-icon.png","contentUrl":"https:\/\/naturalpoland.com\/wp-content\/uploads\/2021\/05\/natural-poland-icon.png","width":512,"height":512,"caption":"Natural Poland"},"image":{"@id":"https:\/\/naturalpoland.com\/es\/#\/schema\/logo\/image\/"},"sameAs":["https:\/\/www.facebook.com\/naturalpoland.b2b","https:\/\/pl.linkedin.com\/company\/natural-poland","https:\/\/www.youtube.com\/channel\/UCgeGGkvOMahZo-xu_MSEWxg"]}]}},"_links":{"self":[{"href":"https:\/\/naturalpoland.com\/es\/wp-json\/wp\/v2\/product\/36334","targetHints":{"allow":["GET"]}}],"collection":[{"href":"https:\/\/naturalpoland.com\/es\/wp-json\/wp\/v2\/product"}],"about":[{"href":"https:\/\/naturalpoland.com\/es\/wp-json\/wp\/v2\/types\/product"}],"wp:featuredmedia":[{"embeddable":true,"href":"https:\/\/naturalpoland.com\/es\/wp-json\/wp\/v2\/media\/36276"}],"wp:attachment":[{"href":"https:\/\/naturalpoland.com\/es\/wp-json\/wp\/v2\/media?parent=36334"}],"wp:term":[{"taxonomy":"product_brand","embeddable":true,"href":"https:\/\/naturalpoland.com\/es\/wp-json\/wp\/v2\/product_brand?post=36334"},{"taxonomy":"product_cat","embeddable":true,"href":"https:\/\/naturalpoland.com\/es\/wp-json\/wp\/v2\/product_cat?post=36334"},{"taxonomy":"product_tag","embeddable":true,"href":"https:\/\/naturalpoland.com\/es\/wp-json\/wp\/v2\/product_tag?post=36334"}],"curies":[{"name":"wp","href":"https:\/\/api.w.org\/{rel}","templated":true}]}}