{"id":36612,"date":"2024-09-20T15:29:05","date_gmt":"2024-10-16T12:32:34","guid":{"rendered":"https:\/\/naturalpoland.com\/produkty\/sin categor\u00eda\/trehalosa\/"},"modified":"2024-10-16T14:32:34","modified_gmt":"2024-10-16T12:32:34","slug":"trehalosa","status":"publish","type":"product","link":"https:\/\/naturalpoland.com\/es\/productos\/productos-para-la-industria-cosmetica\/materias-primas-para-cosmeticos\/trehalosa\/","title":{"rendered":"Trehalosa"},"content":{"rendered":"<h2>Propiedades de la trehalosa<\/h2>\n<p>La trehalosa est\u00e1 formada por dos mol\u00e9culas de glucosa y se encuentra de forma natural en muchos organismos, como plantas, hongos e insectos. Gracias a su capacidad para ligar agua, las plantas del desierto pueden sobrevivir en condiciones extremas. En cosm\u00e9tica, la trehalosa act\u00faa como <strong>humectante<\/strong>, o hidratante, que fija el agua en la epidermis e impide que se evapore. La trehalosa tambi\u00e9n <strong>tiene una funci\u00f3n protectora<\/strong>. Protege las c\u00e9lulas de la piel del estr\u00e9s oxidativo y del da\u00f1o causado por los radicales libres, lo que ralentiza el proceso de envejecimiento. Tambi\u00e9n es un <strong>antioxidante<\/strong> eficaz y favorece la regeneraci\u00f3n de la barrera hidrolip\u00eddica de la piel. La trehalosa protege la piel de factores externos nocivos, como la radiaci\u00f3n UV, el smog y otros contaminantes medioambientales.  <\/p>\n<h2>Uso en cosm\u00e9ticos<\/h2>\n<p>La trehalosa se utiliza en <strong>cosm\u00e9ticos para la cara, el cuerpo y el cabello<\/strong>. Est\u00e1 especialmente recomendada para quienes tienen la piel seca, sensible, deshidratada o con signos de envejecimiento. Puede utilizarse como ingrediente en cremas hidratantes, sueros, mascarillas y lociones, sobre todo en cosm\u00e9ticos antienvejecimiento. Para la piel grasa y propensa al acn\u00e9, la trehalosa tambi\u00e9n es beneficiosa, ya que hidrata la piel sin obstruir los poros y ayuda a regular la secreci\u00f3n de sebo. La trehalosa tambi\u00e9n tiene un efecto calmante, que ayuda con problemas cut\u00e1neos como el eccema, la psoriasis y la dermatitis at\u00f3pica (DA). Ayuda a reducir el enrojecimiento, la irritaci\u00f3n y la sensaci\u00f3n de tirantez y picor de la piel.  <\/p>\n<h3>Usos innovadores de la trehalosa<\/h3>\n<p>Adem\u00e1s de sus usos tradicionales en cosm\u00e9tica, la trehalosa tambi\u00e9n tiene cabida en productos m\u00e1s avanzados, como <strong>colirios<\/strong>, donde ayuda a regenerar la pel\u00edcula lagrimal, y en <strong>cremas hidratantes para el cabello<\/strong>, que <strong>lo<\/strong> protegen de la sequedad excesiva y los da\u00f1os mec\u00e1nicos. En los cosm\u00e9ticos capilares, la trehalosa ayuda a hidratar el cabello, le da brillo y lo protege de las influencias externas nocivas, como el calor durante el peinado. En cosmetolog\u00eda y dermatolog\u00eda, la trehalosa se utiliza a menudo como ingrediente para favorecer <strong>la regeneraci\u00f3n de la piel tras tratamientos <a href=\"\/kategoria\/produkty-dla-przemyslu-kosmetycznego\/kwasy\/\">con \u00e1cido<\/a> o <a href=\"https:\/\/naturalpoland.com\/produkty\/produkty-dla-przemyslu-kosmetycznego\/surowce-kosmetyczne\/retinol\/\">retinol<\/a><\/strong>, que pueden causar descamaci\u00f3n y sequedad. La trehalosa tiene un efecto hidratante y calmante y ayuda a reconstruir la capa protectora de la piel. <\/p>\n","protected":false},"excerpt":{"rendered":"<p>La trehalosa es un disac\u00e1rido natural que ha ganado popularidad en la industria cosm\u00e9tica. Tiene propiedades hidratantes, protectoras y regeneradoras. <\/p>\n","protected":false},"featured_media":35795,"template":"","meta":{"_acf_changed":false},"product_brand":[],"product_cat":[1068],"product_tag":[],"class_list":{"0":"post-36612","1":"product","2":"type-product","3":"status-publish","4":"has-post-thumbnail","6":"product_cat-materias-primas-para-cosmeticos","8":"first","9":"instock","10":"shipping-taxable","11":"product-type-simple"},"acf":[],"yoast_head":"<!-- This site is optimized with the Yoast SEO plugin v27.4 - https:\/\/yoast.com\/product\/yoast-seo-wordpress\/ -->\n<title>Trehalosa - NATURAL POLAND - Distribuidor Mayorista de Materias Primas<\/title>\n<meta name=\"description\" content=\"La trehalosa est\u00e1 especialmente recomendada para pieles secas, deshidratadas, sensibles y con signos de envejecimiento. Tambi\u00e9n se utiliza en colirios.\" \/>\n<meta name=\"robots\" content=\"index, follow, max-snippet:-1, max-image-preview:large, max-video-preview:-1\" \/>\n<link rel=\"canonical\" href=\"https:\/\/naturalpoland.com\/es\/productos\/productos-para-la-industria-cosmetica\/materias-primas-para-cosmeticos\/trehalosa\/\" \/>\n<meta property=\"og:locale\" content=\"es_ES\" \/>\n<meta property=\"og:type\" content=\"article\" \/>\n<meta property=\"og:title\" content=\"Trehalosa - NATURAL POLAND - Distribuidor Mayorista de Materias Primas\" \/>\n<meta property=\"og:description\" content=\"La trehalosa est\u00e1 especialmente recomendada para pieles secas, deshidratadas, sensibles y con signos de envejecimiento. Tambi\u00e9n se utiliza en colirios.\" \/>\n<meta property=\"og:url\" content=\"https:\/\/naturalpoland.com\/es\/productos\/productos-para-la-industria-cosmetica\/materias-primas-para-cosmeticos\/trehalosa\/\" \/>\n<meta property=\"og:site_name\" content=\"NATURAL POLAND - Distribuidor Mayorista de Materias Primas\" \/>\n<meta property=\"article:publisher\" content=\"https:\/\/www.facebook.com\/naturalpoland.b2b\" \/>\n<meta property=\"og:image\" content=\"https:\/\/naturalpoland.com\/wp-content\/uploads\/trehaloza.webp\" \/>\n\t<meta property=\"og:image:width\" content=\"619\" \/>\n\t<meta property=\"og:image:height\" content=\"619\" \/>\n\t<meta property=\"og:image:type\" content=\"image\/webp\" \/>\n<script type=\"application\/ld+json\" class=\"yoast-schema-graph\">{\"@context\":\"https:\\\/\\\/schema.org\",\"@graph\":[{\"@type\":\"WebPage\",\"@id\":\"https:\\\/\\\/naturalpoland.com\\\/es\\\/productos\\\/productos-para-la-industria-cosmetica\\\/materias-primas-para-cosmeticos\\\/trehalosa\\\/\",\"url\":\"https:\\\/\\\/naturalpoland.com\\\/es\\\/productos\\\/productos-para-la-industria-cosmetica\\\/materias-primas-para-cosmeticos\\\/trehalosa\\\/\",\"name\":\"Trehalosa - NATURAL POLAND - Distribuidor Mayorista de Materias Primas\",\"isPartOf\":{\"@id\":\"https:\\\/\\\/naturalpoland.com\\\/es\\\/#website\"},\"primaryImageOfPage\":{\"@id\":\"https:\\\/\\\/naturalpoland.com\\\/es\\\/productos\\\/productos-para-la-industria-cosmetica\\\/materias-primas-para-cosmeticos\\\/trehalosa\\\/#primaryimage\"},\"image\":{\"@id\":\"https:\\\/\\\/naturalpoland.com\\\/es\\\/productos\\\/productos-para-la-industria-cosmetica\\\/materias-primas-para-cosmeticos\\\/trehalosa\\\/#primaryimage\"},\"thumbnailUrl\":\"https:\\\/\\\/naturalpoland.com\\\/wp-content\\\/uploads\\\/trehaloza.webp\",\"datePublished\":\"2024-10-16T12:32:34+00:00\",\"description\":\"La trehalosa est\u00e1 especialmente recomendada para pieles secas, deshidratadas, sensibles y con signos de envejecimiento. Tambi\u00e9n se utiliza en colirios.\",\"breadcrumb\":{\"@id\":\"https:\\\/\\\/naturalpoland.com\\\/es\\\/productos\\\/productos-para-la-industria-cosmetica\\\/materias-primas-para-cosmeticos\\\/trehalosa\\\/#breadcrumb\"},\"inLanguage\":\"es\",\"potentialAction\":[{\"@type\":\"ReadAction\",\"target\":[\"https:\\\/\\\/naturalpoland.com\\\/es\\\/productos\\\/productos-para-la-industria-cosmetica\\\/materias-primas-para-cosmeticos\\\/trehalosa\\\/\"]}]},{\"@type\":\"ImageObject\",\"inLanguage\":\"es\",\"@id\":\"https:\\\/\\\/naturalpoland.com\\\/es\\\/productos\\\/productos-para-la-industria-cosmetica\\\/materias-primas-para-cosmeticos\\\/trehalosa\\\/#primaryimage\",\"url\":\"https:\\\/\\\/naturalpoland.com\\\/wp-content\\\/uploads\\\/trehaloza.webp\",\"contentUrl\":\"https:\\\/\\\/naturalpoland.com\\\/wp-content\\\/uploads\\\/trehaloza.webp\",\"width\":619,\"height\":619,\"caption\":\"Trehaloza\"},{\"@type\":\"BreadcrumbList\",\"@id\":\"https:\\\/\\\/naturalpoland.com\\\/es\\\/productos\\\/productos-para-la-industria-cosmetica\\\/materias-primas-para-cosmeticos\\\/trehalosa\\\/#breadcrumb\",\"itemListElement\":[{\"@type\":\"ListItem\",\"position\":1,\"name\":\"Inicio\",\"item\":\"https:\\\/\\\/naturalpoland.com\\\/es\\\/\"},{\"@type\":\"ListItem\",\"position\":2,\"name\":\"Productos\",\"item\":\"https:\\\/\\\/naturalpoland.com\\\/es\\\/productos\\\/\"},{\"@type\":\"ListItem\",\"position\":3,\"name\":\"Trehalosa\"}]},{\"@type\":\"WebSite\",\"@id\":\"https:\\\/\\\/naturalpoland.com\\\/es\\\/#website\",\"url\":\"https:\\\/\\\/naturalpoland.com\\\/es\\\/\",\"name\":\"NATURAL POLAND - Distribuidor Mayorista de Materias Primas\",\"description\":\"Surowce dla przemys\u0142u spo\u017cywczego, kosmetycznego i farmaceutycznego\",\"publisher\":{\"@id\":\"https:\\\/\\\/naturalpoland.com\\\/es\\\/#organization\"},\"potentialAction\":[{\"@type\":\"SearchAction\",\"target\":{\"@type\":\"EntryPoint\",\"urlTemplate\":\"https:\\\/\\\/naturalpoland.com\\\/es\\\/?s={search_term_string}\"},\"query-input\":{\"@type\":\"PropertyValueSpecification\",\"valueRequired\":true,\"valueName\":\"search_term_string\"}}],\"inLanguage\":\"es\"},{\"@type\":\"Organization\",\"@id\":\"https:\\\/\\\/naturalpoland.com\\\/es\\\/#organization\",\"name\":\"Natural Poland\",\"url\":\"https:\\\/\\\/naturalpoland.com\\\/es\\\/\",\"logo\":{\"@type\":\"ImageObject\",\"inLanguage\":\"es\",\"@id\":\"https:\\\/\\\/naturalpoland.com\\\/es\\\/#\\\/schema\\\/logo\\\/image\\\/\",\"url\":\"https:\\\/\\\/naturalpoland.com\\\/wp-content\\\/uploads\\\/2021\\\/05\\\/natural-poland-icon.png\",\"contentUrl\":\"https:\\\/\\\/naturalpoland.com\\\/wp-content\\\/uploads\\\/2021\\\/05\\\/natural-poland-icon.png\",\"width\":512,\"height\":512,\"caption\":\"Natural Poland\"},\"image\":{\"@id\":\"https:\\\/\\\/naturalpoland.com\\\/es\\\/#\\\/schema\\\/logo\\\/image\\\/\"},\"sameAs\":[\"https:\\\/\\\/www.facebook.com\\\/naturalpoland.b2b\",\"https:\\\/\\\/pl.linkedin.com\\\/company\\\/natural-poland\",\"https:\\\/\\\/www.youtube.com\\\/channel\\\/UCgeGGkvOMahZo-xu_MSEWxg\"]}]}<\/script>\n<!-- \/ Yoast SEO plugin. -->","yoast_head_json":{"title":"Trehalosa - NATURAL POLAND - Distribuidor Mayorista de Materias Primas","description":"La trehalosa est\u00e1 especialmente recomendada para pieles secas, deshidratadas, sensibles y con signos de envejecimiento. Tambi\u00e9n se utiliza en colirios.","robots":{"index":"index","follow":"follow","max-snippet":"max-snippet:-1","max-image-preview":"max-image-preview:large","max-video-preview":"max-video-preview:-1"},"canonical":"https:\/\/naturalpoland.com\/es\/productos\/productos-para-la-industria-cosmetica\/materias-primas-para-cosmeticos\/trehalosa\/","og_locale":"es_ES","og_type":"article","og_title":"Trehalosa - NATURAL POLAND - Distribuidor Mayorista de Materias Primas","og_description":"La trehalosa est\u00e1 especialmente recomendada para pieles secas, deshidratadas, sensibles y con signos de envejecimiento. Tambi\u00e9n se utiliza en colirios.","og_url":"https:\/\/naturalpoland.com\/es\/productos\/productos-para-la-industria-cosmetica\/materias-primas-para-cosmeticos\/trehalosa\/","og_site_name":"NATURAL POLAND - Distribuidor Mayorista de Materias Primas","article_publisher":"https:\/\/www.facebook.com\/naturalpoland.b2b","og_image":[{"width":619,"height":619,"url":"https:\/\/naturalpoland.com\/wp-content\/uploads\/trehaloza.webp","type":"image\/webp"}],"schema":{"@context":"https:\/\/schema.org","@graph":[{"@type":"WebPage","@id":"https:\/\/naturalpoland.com\/es\/productos\/productos-para-la-industria-cosmetica\/materias-primas-para-cosmeticos\/trehalosa\/","url":"https:\/\/naturalpoland.com\/es\/productos\/productos-para-la-industria-cosmetica\/materias-primas-para-cosmeticos\/trehalosa\/","name":"Trehalosa - NATURAL POLAND - Distribuidor Mayorista de Materias Primas","isPartOf":{"@id":"https:\/\/naturalpoland.com\/es\/#website"},"primaryImageOfPage":{"@id":"https:\/\/naturalpoland.com\/es\/productos\/productos-para-la-industria-cosmetica\/materias-primas-para-cosmeticos\/trehalosa\/#primaryimage"},"image":{"@id":"https:\/\/naturalpoland.com\/es\/productos\/productos-para-la-industria-cosmetica\/materias-primas-para-cosmeticos\/trehalosa\/#primaryimage"},"thumbnailUrl":"https:\/\/naturalpoland.com\/wp-content\/uploads\/trehaloza.webp","datePublished":"2024-10-16T12:32:34+00:00","description":"La trehalosa est\u00e1 especialmente recomendada para pieles secas, deshidratadas, sensibles y con signos de envejecimiento. Tambi\u00e9n se utiliza en colirios.","breadcrumb":{"@id":"https:\/\/naturalpoland.com\/es\/productos\/productos-para-la-industria-cosmetica\/materias-primas-para-cosmeticos\/trehalosa\/#breadcrumb"},"inLanguage":"es","potentialAction":[{"@type":"ReadAction","target":["https:\/\/naturalpoland.com\/es\/productos\/productos-para-la-industria-cosmetica\/materias-primas-para-cosmeticos\/trehalosa\/"]}]},{"@type":"ImageObject","inLanguage":"es","@id":"https:\/\/naturalpoland.com\/es\/productos\/productos-para-la-industria-cosmetica\/materias-primas-para-cosmeticos\/trehalosa\/#primaryimage","url":"https:\/\/naturalpoland.com\/wp-content\/uploads\/trehaloza.webp","contentUrl":"https:\/\/naturalpoland.com\/wp-content\/uploads\/trehaloza.webp","width":619,"height":619,"caption":"Trehaloza"},{"@type":"BreadcrumbList","@id":"https:\/\/naturalpoland.com\/es\/productos\/productos-para-la-industria-cosmetica\/materias-primas-para-cosmeticos\/trehalosa\/#breadcrumb","itemListElement":[{"@type":"ListItem","position":1,"name":"Inicio","item":"https:\/\/naturalpoland.com\/es\/"},{"@type":"ListItem","position":2,"name":"Productos","item":"https:\/\/naturalpoland.com\/es\/productos\/"},{"@type":"ListItem","position":3,"name":"Trehalosa"}]},{"@type":"WebSite","@id":"https:\/\/naturalpoland.com\/es\/#website","url":"https:\/\/naturalpoland.com\/es\/","name":"NATURAL POLAND - Distribuidor Mayorista de Materias Primas","description":"Surowce dla przemys\u0142u spo\u017cywczego, kosmetycznego i farmaceutycznego","publisher":{"@id":"https:\/\/naturalpoland.com\/es\/#organization"},"potentialAction":[{"@type":"SearchAction","target":{"@type":"EntryPoint","urlTemplate":"https:\/\/naturalpoland.com\/es\/?s={search_term_string}"},"query-input":{"@type":"PropertyValueSpecification","valueRequired":true,"valueName":"search_term_string"}}],"inLanguage":"es"},{"@type":"Organization","@id":"https:\/\/naturalpoland.com\/es\/#organization","name":"Natural Poland","url":"https:\/\/naturalpoland.com\/es\/","logo":{"@type":"ImageObject","inLanguage":"es","@id":"https:\/\/naturalpoland.com\/es\/#\/schema\/logo\/image\/","url":"https:\/\/naturalpoland.com\/wp-content\/uploads\/2021\/05\/natural-poland-icon.png","contentUrl":"https:\/\/naturalpoland.com\/wp-content\/uploads\/2021\/05\/natural-poland-icon.png","width":512,"height":512,"caption":"Natural Poland"},"image":{"@id":"https:\/\/naturalpoland.com\/es\/#\/schema\/logo\/image\/"},"sameAs":["https:\/\/www.facebook.com\/naturalpoland.b2b","https:\/\/pl.linkedin.com\/company\/natural-poland","https:\/\/www.youtube.com\/channel\/UCgeGGkvOMahZo-xu_MSEWxg"]}]}},"_links":{"self":[{"href":"https:\/\/naturalpoland.com\/es\/wp-json\/wp\/v2\/product\/36612","targetHints":{"allow":["GET"]}}],"collection":[{"href":"https:\/\/naturalpoland.com\/es\/wp-json\/wp\/v2\/product"}],"about":[{"href":"https:\/\/naturalpoland.com\/es\/wp-json\/wp\/v2\/types\/product"}],"wp:featuredmedia":[{"embeddable":true,"href":"https:\/\/naturalpoland.com\/es\/wp-json\/wp\/v2\/media\/35795"}],"wp:attachment":[{"href":"https:\/\/naturalpoland.com\/es\/wp-json\/wp\/v2\/media?parent=36612"}],"wp:term":[{"taxonomy":"product_brand","embeddable":true,"href":"https:\/\/naturalpoland.com\/es\/wp-json\/wp\/v2\/product_brand?post=36612"},{"taxonomy":"product_cat","embeddable":true,"href":"https:\/\/naturalpoland.com\/es\/wp-json\/wp\/v2\/product_cat?post=36612"},{"taxonomy":"product_tag","embeddable":true,"href":"https:\/\/naturalpoland.com\/es\/wp-json\/wp\/v2\/product_tag?post=36612"}],"curies":[{"name":"wp","href":"https:\/\/api.w.org\/{rel}","templated":true}]}}