{"id":37472,"date":"2024-10-31T12:04:38","date_gmt":"2024-10-31T13:43:37","guid":{"rendered":"https:\/\/naturalpoland.com\/produkty\/sin categor\u00eda\/extracto-de-perla-de-malvavisco\/"},"modified":"2024-10-31T14:43:37","modified_gmt":"2024-10-31T13:43:37","slug":"extracto-de-perla-de-malvavisco","status":"publish","type":"product","link":"https:\/\/naturalpoland.com\/es\/productos\/extractos-de-plantas\/extracto-de-perla-de-malvavisco\/","title":{"rendered":"Extracto de fucus"},"content":{"rendered":"<h2>Caracter\u00edsticas y composici\u00f3n del extracto<\/h2>\n<p>El extracto de Fucus Vesiculosus se presenta en forma de polvo marr\u00f3n finamente molido, con olor y sabor caracter\u00edsticos. El contenido de <strong>yodo<\/strong>, el ingrediente activo clave, oscila entre el 0,4% y el 0,5%. Gracias a su compleja composici\u00f3n, que tambi\u00e9n incluye minerales y vitaminas, este extracto favorece diversos procesos de cuidado y protecci\u00f3n en cosm\u00e9tica. Gracias a su contenido en sustancias como <strong>la fucoxantina<\/strong>, presenta efectos <strong>antioxidantes<\/strong> y ayuda a proteger la piel del estr\u00e9s oxidativo.   <\/p>\n<h2>Acci\u00f3n y propiedades cosm\u00e9ticas<\/h2>\n<p>El extracto de fucus tiene propiedades <strong>hidratantes<\/strong> intensivas, <strong>regeneradoras<\/strong> y <strong>reafirmantes<\/strong>. <a href=\"https:\/\/naturalpoland.com\/artykuly\/produkty-naturalne\/przeciwutleniacze-w-kosmetykach-fenole-i-polifenole\/\">Los polifenoles<\/a> y <a href=\"https:\/\/naturalpoland.com\/artykuly\/produkty-naturalne\/moc-antyoksydantow-jak-wlaczyc-je-do-oferty-produktowej\/\">antioxidantes<\/a> presentes en el extracto contrarrestan la formaci\u00f3n de radicales libres, mientras que la fucoxantina potencia a\u00fan m\u00e1s los efectos de la vitamina E, que contribuye a revitalizar la piel y mejora su elasticidad. El extracto tambi\u00e9n es una opci\u00f3n excelente para productos adelgazantes y anticelul\u00edticos. El yodo de las algas estimula la descomposici\u00f3n de las c\u00e9lulas grasas e impide la reacumulaci\u00f3n de l\u00edpidos, ayudando a reducir la celulitis y a moldear el cuerpo. Otros ingredientes, como la fucoidina y la laminarina, ayudan a mejorar la microcirculaci\u00f3n y aceleran el metabolismo, lo que favorece los efectos reafirmantes y la lucha contra la hinchaz\u00f3n y la laxitud de la piel. <\/p>\n<h2>Aplicaciones cosm\u00e9ticas<\/h2>\n<p>El extracto est\u00e1 especialmente recomendado en:<\/p>\n<ul>\n<li><strong>cosm\u00e9ticos antiedad y revitalizantes<\/strong> para devolver la firmeza y elasticidad a la piel madura.<\/li>\n<li><strong>Preparados anticelul\u00edticos y modeladores<\/strong>, en los que ayuda a reducir el tejido adiposo y a disminuir el aspecto de la celulitis.<\/li>\n<li><strong>cremas y sueros para pieles grasas y con tendencia acneica<\/strong>, ya que tiene un efecto antibacteriano y antiseborreico, regulando la secreci\u00f3n de sebo.<\/li>\n<li><strong>geles y cremas para la piel del contorno de los ojos<\/strong>, donde ayuda a reducir la hinchaz\u00f3n estimulando el flujo linf\u00e1tico.<\/li>\n<\/ul>\n<h2>Seguridad de uso<\/h2>\n<p>El extracto de fucus es seguro para su uso en productos cosm\u00e9ticos en concentraciones adecuadas. Se recomienda utilizarlo en concentraciones de entre el 1% y el 10%, seg\u00fan el tipo de producto y su uso previsto. <\/p>\n","protected":false},"excerpt":{"rendered":"<p>El extracto de <strong>Fucus Vesiculosus<\/strong>, o <strong>extracto de fucus<\/strong>, es una materia prima natural <strong>extra\u00edda<\/strong> de las algas marinas pardas que se encuentran en las aguas septentrionales del Atl\u00e1ntico y el \u00c1rtico. Tiene muchas sustancias activas naturales, como yodo, polifenoles, fucoxantina, vitamina E, carotenoides y fosfol\u00edpidos y glicol\u00edpidos. Es un ingrediente para el cuidado de la piel y el cuerpo.  <\/p>\n","protected":false},"featured_media":37369,"template":"","meta":{"_acf_changed":false},"product_brand":[],"product_cat":[1079],"product_tag":[],"class_list":{"0":"post-37472","1":"product","2":"type-product","3":"status-publish","4":"has-post-thumbnail","6":"product_cat-extractos-de-plantas","7":"pa_czesc-rosliny-planta-entera","8":"pa_grupa-substancji-antioxidantes","9":"pa_skladnik-aktywny-yodo","11":"first","12":"instock","13":"shipping-taxable","14":"product-type-simple"},"acf":[],"yoast_head":"<!-- This site is optimized with the Yoast SEO plugin v27.4 - https:\/\/yoast.com\/product\/yoast-seo-wordpress\/ -->\n<title>Extracto de fucus - NATURAL POLAND - Distribuidor Mayorista de Materias Primas<\/title>\n<meta name=\"description\" content=\"El extracto de fucus es un ingrediente vers\u00e1til con intensos efectos hidratantes, antioxidantes y reafirmantes.\" \/>\n<meta name=\"robots\" content=\"index, follow, max-snippet:-1, max-image-preview:large, max-video-preview:-1\" \/>\n<link rel=\"canonical\" href=\"https:\/\/naturalpoland.com\/es\/productos\/extractos-de-plantas\/extracto-de-perla-de-malvavisco\/\" \/>\n<meta property=\"og:locale\" content=\"es_ES\" \/>\n<meta property=\"og:type\" content=\"article\" \/>\n<meta property=\"og:title\" content=\"Extracto de fucus - NATURAL POLAND - Distribuidor Mayorista de Materias Primas\" \/>\n<meta property=\"og:description\" content=\"El extracto de fucus es un ingrediente vers\u00e1til con intensos efectos hidratantes, antioxidantes y reafirmantes.\" \/>\n<meta property=\"og:url\" content=\"https:\/\/naturalpoland.com\/es\/productos\/extractos-de-plantas\/extracto-de-perla-de-malvavisco\/\" \/>\n<meta property=\"og:site_name\" content=\"NATURAL POLAND - Distribuidor Mayorista de Materias Primas\" \/>\n<meta property=\"article:publisher\" content=\"https:\/\/www.facebook.com\/naturalpoland.b2b\" \/>\n<meta property=\"og:image\" content=\"https:\/\/naturalpoland.com\/wp-content\/uploads\/ekstrakt-fucus-vesiculosus.webp\" \/>\n\t<meta property=\"og:image:width\" content=\"614\" \/>\n\t<meta property=\"og:image:height\" content=\"614\" \/>\n\t<meta property=\"og:image:type\" content=\"image\/webp\" \/>\n<script type=\"application\/ld+json\" class=\"yoast-schema-graph\">{\"@context\":\"https:\\\/\\\/schema.org\",\"@graph\":[{\"@type\":\"WebPage\",\"@id\":\"https:\\\/\\\/naturalpoland.com\\\/es\\\/productos\\\/extractos-de-plantas\\\/extracto-de-perla-de-malvavisco\\\/\",\"url\":\"https:\\\/\\\/naturalpoland.com\\\/es\\\/productos\\\/extractos-de-plantas\\\/extracto-de-perla-de-malvavisco\\\/\",\"name\":\"Extracto de fucus - NATURAL POLAND - Distribuidor Mayorista de Materias Primas\",\"isPartOf\":{\"@id\":\"https:\\\/\\\/naturalpoland.com\\\/es\\\/#website\"},\"primaryImageOfPage\":{\"@id\":\"https:\\\/\\\/naturalpoland.com\\\/es\\\/productos\\\/extractos-de-plantas\\\/extracto-de-perla-de-malvavisco\\\/#primaryimage\"},\"image\":{\"@id\":\"https:\\\/\\\/naturalpoland.com\\\/es\\\/productos\\\/extractos-de-plantas\\\/extracto-de-perla-de-malvavisco\\\/#primaryimage\"},\"thumbnailUrl\":\"https:\\\/\\\/naturalpoland.com\\\/wp-content\\\/uploads\\\/ekstrakt-fucus-vesiculosus.webp\",\"datePublished\":\"2024-10-31T13:43:37+00:00\",\"description\":\"El extracto de fucus es un ingrediente vers\u00e1til con intensos efectos hidratantes, antioxidantes y reafirmantes.\",\"breadcrumb\":{\"@id\":\"https:\\\/\\\/naturalpoland.com\\\/es\\\/productos\\\/extractos-de-plantas\\\/extracto-de-perla-de-malvavisco\\\/#breadcrumb\"},\"inLanguage\":\"es\",\"potentialAction\":[{\"@type\":\"ReadAction\",\"target\":[\"https:\\\/\\\/naturalpoland.com\\\/es\\\/productos\\\/extractos-de-plantas\\\/extracto-de-perla-de-malvavisco\\\/\"]}]},{\"@type\":\"ImageObject\",\"inLanguage\":\"es\",\"@id\":\"https:\\\/\\\/naturalpoland.com\\\/es\\\/productos\\\/extractos-de-plantas\\\/extracto-de-perla-de-malvavisco\\\/#primaryimage\",\"url\":\"https:\\\/\\\/naturalpoland.com\\\/wp-content\\\/uploads\\\/ekstrakt-fucus-vesiculosus.webp\",\"contentUrl\":\"https:\\\/\\\/naturalpoland.com\\\/wp-content\\\/uploads\\\/ekstrakt-fucus-vesiculosus.webp\",\"width\":614,\"height\":614,\"caption\":\"Ekstrakt z morszczynu p\u0119cherzykowatego\"},{\"@type\":\"BreadcrumbList\",\"@id\":\"https:\\\/\\\/naturalpoland.com\\\/es\\\/productos\\\/extractos-de-plantas\\\/extracto-de-perla-de-malvavisco\\\/#breadcrumb\",\"itemListElement\":[{\"@type\":\"ListItem\",\"position\":1,\"name\":\"Inicio\",\"item\":\"https:\\\/\\\/naturalpoland.com\\\/es\\\/\"},{\"@type\":\"ListItem\",\"position\":2,\"name\":\"Productos\",\"item\":\"https:\\\/\\\/naturalpoland.com\\\/es\\\/productos\\\/\"},{\"@type\":\"ListItem\",\"position\":3,\"name\":\"Extracto de fucus\"}]},{\"@type\":\"WebSite\",\"@id\":\"https:\\\/\\\/naturalpoland.com\\\/es\\\/#website\",\"url\":\"https:\\\/\\\/naturalpoland.com\\\/es\\\/\",\"name\":\"NATURAL POLAND - Distribuidor Mayorista de Materias Primas\",\"description\":\"Surowce dla przemys\u0142u spo\u017cywczego, kosmetycznego i farmaceutycznego\",\"publisher\":{\"@id\":\"https:\\\/\\\/naturalpoland.com\\\/es\\\/#organization\"},\"potentialAction\":[{\"@type\":\"SearchAction\",\"target\":{\"@type\":\"EntryPoint\",\"urlTemplate\":\"https:\\\/\\\/naturalpoland.com\\\/es\\\/?s={search_term_string}\"},\"query-input\":{\"@type\":\"PropertyValueSpecification\",\"valueRequired\":true,\"valueName\":\"search_term_string\"}}],\"inLanguage\":\"es\"},{\"@type\":\"Organization\",\"@id\":\"https:\\\/\\\/naturalpoland.com\\\/es\\\/#organization\",\"name\":\"Natural Poland\",\"url\":\"https:\\\/\\\/naturalpoland.com\\\/es\\\/\",\"logo\":{\"@type\":\"ImageObject\",\"inLanguage\":\"es\",\"@id\":\"https:\\\/\\\/naturalpoland.com\\\/es\\\/#\\\/schema\\\/logo\\\/image\\\/\",\"url\":\"https:\\\/\\\/naturalpoland.com\\\/wp-content\\\/uploads\\\/2021\\\/05\\\/natural-poland-icon.png\",\"contentUrl\":\"https:\\\/\\\/naturalpoland.com\\\/wp-content\\\/uploads\\\/2021\\\/05\\\/natural-poland-icon.png\",\"width\":512,\"height\":512,\"caption\":\"Natural Poland\"},\"image\":{\"@id\":\"https:\\\/\\\/naturalpoland.com\\\/es\\\/#\\\/schema\\\/logo\\\/image\\\/\"},\"sameAs\":[\"https:\\\/\\\/www.facebook.com\\\/naturalpoland.b2b\",\"https:\\\/\\\/pl.linkedin.com\\\/company\\\/natural-poland\",\"https:\\\/\\\/www.youtube.com\\\/channel\\\/UCgeGGkvOMahZo-xu_MSEWxg\"]}]}<\/script>\n<!-- \/ Yoast SEO plugin. -->","yoast_head_json":{"title":"Extracto de fucus - NATURAL POLAND - Distribuidor Mayorista de Materias Primas","description":"El extracto de fucus es un ingrediente vers\u00e1til con intensos efectos hidratantes, antioxidantes y reafirmantes.","robots":{"index":"index","follow":"follow","max-snippet":"max-snippet:-1","max-image-preview":"max-image-preview:large","max-video-preview":"max-video-preview:-1"},"canonical":"https:\/\/naturalpoland.com\/es\/productos\/extractos-de-plantas\/extracto-de-perla-de-malvavisco\/","og_locale":"es_ES","og_type":"article","og_title":"Extracto de fucus - NATURAL POLAND - Distribuidor Mayorista de Materias Primas","og_description":"El extracto de fucus es un ingrediente vers\u00e1til con intensos efectos hidratantes, antioxidantes y reafirmantes.","og_url":"https:\/\/naturalpoland.com\/es\/productos\/extractos-de-plantas\/extracto-de-perla-de-malvavisco\/","og_site_name":"NATURAL POLAND - Distribuidor Mayorista de Materias Primas","article_publisher":"https:\/\/www.facebook.com\/naturalpoland.b2b","og_image":[{"width":614,"height":614,"url":"https:\/\/naturalpoland.com\/wp-content\/uploads\/ekstrakt-fucus-vesiculosus.webp","type":"image\/webp"}],"schema":{"@context":"https:\/\/schema.org","@graph":[{"@type":"WebPage","@id":"https:\/\/naturalpoland.com\/es\/productos\/extractos-de-plantas\/extracto-de-perla-de-malvavisco\/","url":"https:\/\/naturalpoland.com\/es\/productos\/extractos-de-plantas\/extracto-de-perla-de-malvavisco\/","name":"Extracto de fucus - NATURAL POLAND - Distribuidor Mayorista de Materias Primas","isPartOf":{"@id":"https:\/\/naturalpoland.com\/es\/#website"},"primaryImageOfPage":{"@id":"https:\/\/naturalpoland.com\/es\/productos\/extractos-de-plantas\/extracto-de-perla-de-malvavisco\/#primaryimage"},"image":{"@id":"https:\/\/naturalpoland.com\/es\/productos\/extractos-de-plantas\/extracto-de-perla-de-malvavisco\/#primaryimage"},"thumbnailUrl":"https:\/\/naturalpoland.com\/wp-content\/uploads\/ekstrakt-fucus-vesiculosus.webp","datePublished":"2024-10-31T13:43:37+00:00","description":"El extracto de fucus es un ingrediente vers\u00e1til con intensos efectos hidratantes, antioxidantes y reafirmantes.","breadcrumb":{"@id":"https:\/\/naturalpoland.com\/es\/productos\/extractos-de-plantas\/extracto-de-perla-de-malvavisco\/#breadcrumb"},"inLanguage":"es","potentialAction":[{"@type":"ReadAction","target":["https:\/\/naturalpoland.com\/es\/productos\/extractos-de-plantas\/extracto-de-perla-de-malvavisco\/"]}]},{"@type":"ImageObject","inLanguage":"es","@id":"https:\/\/naturalpoland.com\/es\/productos\/extractos-de-plantas\/extracto-de-perla-de-malvavisco\/#primaryimage","url":"https:\/\/naturalpoland.com\/wp-content\/uploads\/ekstrakt-fucus-vesiculosus.webp","contentUrl":"https:\/\/naturalpoland.com\/wp-content\/uploads\/ekstrakt-fucus-vesiculosus.webp","width":614,"height":614,"caption":"Ekstrakt z morszczynu p\u0119cherzykowatego"},{"@type":"BreadcrumbList","@id":"https:\/\/naturalpoland.com\/es\/productos\/extractos-de-plantas\/extracto-de-perla-de-malvavisco\/#breadcrumb","itemListElement":[{"@type":"ListItem","position":1,"name":"Inicio","item":"https:\/\/naturalpoland.com\/es\/"},{"@type":"ListItem","position":2,"name":"Productos","item":"https:\/\/naturalpoland.com\/es\/productos\/"},{"@type":"ListItem","position":3,"name":"Extracto de fucus"}]},{"@type":"WebSite","@id":"https:\/\/naturalpoland.com\/es\/#website","url":"https:\/\/naturalpoland.com\/es\/","name":"NATURAL POLAND - Distribuidor Mayorista de Materias Primas","description":"Surowce dla przemys\u0142u spo\u017cywczego, kosmetycznego i farmaceutycznego","publisher":{"@id":"https:\/\/naturalpoland.com\/es\/#organization"},"potentialAction":[{"@type":"SearchAction","target":{"@type":"EntryPoint","urlTemplate":"https:\/\/naturalpoland.com\/es\/?s={search_term_string}"},"query-input":{"@type":"PropertyValueSpecification","valueRequired":true,"valueName":"search_term_string"}}],"inLanguage":"es"},{"@type":"Organization","@id":"https:\/\/naturalpoland.com\/es\/#organization","name":"Natural Poland","url":"https:\/\/naturalpoland.com\/es\/","logo":{"@type":"ImageObject","inLanguage":"es","@id":"https:\/\/naturalpoland.com\/es\/#\/schema\/logo\/image\/","url":"https:\/\/naturalpoland.com\/wp-content\/uploads\/2021\/05\/natural-poland-icon.png","contentUrl":"https:\/\/naturalpoland.com\/wp-content\/uploads\/2021\/05\/natural-poland-icon.png","width":512,"height":512,"caption":"Natural Poland"},"image":{"@id":"https:\/\/naturalpoland.com\/es\/#\/schema\/logo\/image\/"},"sameAs":["https:\/\/www.facebook.com\/naturalpoland.b2b","https:\/\/pl.linkedin.com\/company\/natural-poland","https:\/\/www.youtube.com\/channel\/UCgeGGkvOMahZo-xu_MSEWxg"]}]}},"_links":{"self":[{"href":"https:\/\/naturalpoland.com\/es\/wp-json\/wp\/v2\/product\/37472","targetHints":{"allow":["GET"]}}],"collection":[{"href":"https:\/\/naturalpoland.com\/es\/wp-json\/wp\/v2\/product"}],"about":[{"href":"https:\/\/naturalpoland.com\/es\/wp-json\/wp\/v2\/types\/product"}],"wp:featuredmedia":[{"embeddable":true,"href":"https:\/\/naturalpoland.com\/es\/wp-json\/wp\/v2\/media\/37369"}],"wp:attachment":[{"href":"https:\/\/naturalpoland.com\/es\/wp-json\/wp\/v2\/media?parent=37472"}],"wp:term":[{"taxonomy":"product_brand","embeddable":true,"href":"https:\/\/naturalpoland.com\/es\/wp-json\/wp\/v2\/product_brand?post=37472"},{"taxonomy":"product_cat","embeddable":true,"href":"https:\/\/naturalpoland.com\/es\/wp-json\/wp\/v2\/product_cat?post=37472"},{"taxonomy":"product_tag","embeddable":true,"href":"https:\/\/naturalpoland.com\/es\/wp-json\/wp\/v2\/product_tag?post=37472"}],"curies":[{"name":"wp","href":"https:\/\/api.w.org\/{rel}","templated":true}]}}