{"id":37698,"date":"2024-10-31T15:16:21","date_gmt":"2024-11-12T16:31:44","guid":{"rendered":"https:\/\/naturalpoland.com\/produkty\/sin categor\u00eda\/gluconato-de-magnesio\/"},"modified":"2024-11-12T17:31:44","modified_gmt":"2024-11-12T16:31:44","slug":"gluconato-de-magnesio","status":"publish","type":"product","link":"https:\/\/naturalpoland.com\/es\/productos\/productos-para-la-industria-cosmetica\/materias-primas-para-cosmeticos\/gluconato-de-magnesio\/","title":{"rendered":"Gluconato de magnesio"},"content":{"rendered":"<h2>Propiedades y efectos del gluconato de magnesio:<\/h2>\n<p>Este producto se utiliza en cosm\u00e9tica, por su acci\u00f3n antiarrugas, ya que bloquea los canales de calcio en los fibroblastos y relaja los m\u00fasculos. Es una alternativa natural al Botox que hace que la piel parezca m\u00e1s joven y radiante. Tambi\u00e9n tiene un profundo efecto hidratante, minimizando la p\u00e9rdida transepid\u00e9rmica de agua. Protege la piel de factores externos como el aire acondicionado y el viento. El gluconato de magnesio, utilizado en suplementos diet\u00e9ticos, favorece el equilibrio electrol\u00edtico del organismo y la salud muscular y \u00f3sea.   <\/p>\n","protected":false},"excerpt":{"rendered":"<p>Cuando se utiliza como suplemento, <strong>el gluconato<\/strong> de magnesio favorece el equilibrio electrol\u00edtico del organismo. Es la sal magn\u00e9sica del \u00e1cido gluc\u00f3nico, disponible en forma de polvo cristalino blanco, f\u00e1cilmente soluble en agua. <\/p>\n","protected":false},"featured_media":37528,"template":"","meta":{"_acf_changed":false},"product_brand":[],"product_cat":[1068],"product_tag":[],"class_list":{"0":"post-37698","1":"product","2":"type-product","3":"status-publish","4":"has-post-thumbnail","6":"product_cat-materias-primas-para-cosmeticos","8":"first","9":"instock","10":"shipping-taxable","11":"product-type-simple"},"acf":[],"yoast_head":"<!-- This site is optimized with the Yoast SEO plugin v27.4 - https:\/\/yoast.com\/product\/yoast-seo-wordpress\/ -->\n<title>Gluconato de magnesio - NATURAL POLAND - Distribuidor Mayorista de Materias Primas<\/title>\n<meta name=\"description\" content=\"El gluconato de magnesio es una opci\u00f3n ideal para las f\u00f3rmulas cosm\u00e9ticas antienvejecimiento y los suplementos que favorecen la salud y el equilibrio del organismo.\" \/>\n<meta name=\"robots\" content=\"index, follow, max-snippet:-1, max-image-preview:large, max-video-preview:-1\" \/>\n<link rel=\"canonical\" href=\"https:\/\/naturalpoland.com\/es\/productos\/productos-para-la-industria-cosmetica\/materias-primas-para-cosmeticos\/gluconato-de-magnesio\/\" \/>\n<meta property=\"og:locale\" content=\"es_ES\" \/>\n<meta property=\"og:type\" content=\"article\" \/>\n<meta property=\"og:title\" content=\"Gluconato de magnesio - NATURAL POLAND - Distribuidor Mayorista de Materias Primas\" \/>\n<meta property=\"og:description\" content=\"El gluconato de magnesio es una opci\u00f3n ideal para las f\u00f3rmulas cosm\u00e9ticas antienvejecimiento y los suplementos que favorecen la salud y el equilibrio del organismo.\" \/>\n<meta property=\"og:url\" content=\"https:\/\/naturalpoland.com\/es\/productos\/productos-para-la-industria-cosmetica\/materias-primas-para-cosmeticos\/gluconato-de-magnesio\/\" \/>\n<meta property=\"og:site_name\" content=\"NATURAL POLAND - Distribuidor Mayorista de Materias Primas\" \/>\n<meta property=\"article:publisher\" content=\"https:\/\/www.facebook.com\/naturalpoland.b2b\" \/>\n<meta property=\"og:image\" content=\"https:\/\/naturalpoland.com\/wp-content\/uploads\/gluklonian-magnezu.webp\" \/>\n\t<meta property=\"og:image:width\" content=\"614\" \/>\n\t<meta property=\"og:image:height\" content=\"614\" \/>\n\t<meta property=\"og:image:type\" content=\"image\/webp\" \/>\n<script type=\"application\/ld+json\" class=\"yoast-schema-graph\">{\"@context\":\"https:\\\/\\\/schema.org\",\"@graph\":[{\"@type\":\"WebPage\",\"@id\":\"https:\\\/\\\/naturalpoland.com\\\/es\\\/productos\\\/productos-para-la-industria-cosmetica\\\/materias-primas-para-cosmeticos\\\/gluconato-de-magnesio\\\/\",\"url\":\"https:\\\/\\\/naturalpoland.com\\\/es\\\/productos\\\/productos-para-la-industria-cosmetica\\\/materias-primas-para-cosmeticos\\\/gluconato-de-magnesio\\\/\",\"name\":\"Gluconato de magnesio - NATURAL POLAND - Distribuidor Mayorista de Materias Primas\",\"isPartOf\":{\"@id\":\"https:\\\/\\\/naturalpoland.com\\\/es\\\/#website\"},\"primaryImageOfPage\":{\"@id\":\"https:\\\/\\\/naturalpoland.com\\\/es\\\/productos\\\/productos-para-la-industria-cosmetica\\\/materias-primas-para-cosmeticos\\\/gluconato-de-magnesio\\\/#primaryimage\"},\"image\":{\"@id\":\"https:\\\/\\\/naturalpoland.com\\\/es\\\/productos\\\/productos-para-la-industria-cosmetica\\\/materias-primas-para-cosmeticos\\\/gluconato-de-magnesio\\\/#primaryimage\"},\"thumbnailUrl\":\"https:\\\/\\\/naturalpoland.com\\\/wp-content\\\/uploads\\\/gluklonian-magnezu.webp\",\"datePublished\":\"2024-11-12T16:31:44+00:00\",\"description\":\"El gluconato de magnesio es una opci\u00f3n ideal para las f\u00f3rmulas cosm\u00e9ticas antienvejecimiento y los suplementos que favorecen la salud y el equilibrio del organismo.\",\"breadcrumb\":{\"@id\":\"https:\\\/\\\/naturalpoland.com\\\/es\\\/productos\\\/productos-para-la-industria-cosmetica\\\/materias-primas-para-cosmeticos\\\/gluconato-de-magnesio\\\/#breadcrumb\"},\"inLanguage\":\"es\",\"potentialAction\":[{\"@type\":\"ReadAction\",\"target\":[\"https:\\\/\\\/naturalpoland.com\\\/es\\\/productos\\\/productos-para-la-industria-cosmetica\\\/materias-primas-para-cosmeticos\\\/gluconato-de-magnesio\\\/\"]}]},{\"@type\":\"ImageObject\",\"inLanguage\":\"es\",\"@id\":\"https:\\\/\\\/naturalpoland.com\\\/es\\\/productos\\\/productos-para-la-industria-cosmetica\\\/materias-primas-para-cosmeticos\\\/gluconato-de-magnesio\\\/#primaryimage\",\"url\":\"https:\\\/\\\/naturalpoland.com\\\/wp-content\\\/uploads\\\/gluklonian-magnezu.webp\",\"contentUrl\":\"https:\\\/\\\/naturalpoland.com\\\/wp-content\\\/uploads\\\/gluklonian-magnezu.webp\",\"width\":614,\"height\":614,\"caption\":\"glukonian magnezu\"},{\"@type\":\"BreadcrumbList\",\"@id\":\"https:\\\/\\\/naturalpoland.com\\\/es\\\/productos\\\/productos-para-la-industria-cosmetica\\\/materias-primas-para-cosmeticos\\\/gluconato-de-magnesio\\\/#breadcrumb\",\"itemListElement\":[{\"@type\":\"ListItem\",\"position\":1,\"name\":\"Inicio\",\"item\":\"https:\\\/\\\/naturalpoland.com\\\/es\\\/\"},{\"@type\":\"ListItem\",\"position\":2,\"name\":\"Productos\",\"item\":\"https:\\\/\\\/naturalpoland.com\\\/es\\\/productos\\\/\"},{\"@type\":\"ListItem\",\"position\":3,\"name\":\"Gluconato de magnesio\"}]},{\"@type\":\"WebSite\",\"@id\":\"https:\\\/\\\/naturalpoland.com\\\/es\\\/#website\",\"url\":\"https:\\\/\\\/naturalpoland.com\\\/es\\\/\",\"name\":\"NATURAL POLAND - Distribuidor Mayorista de Materias Primas\",\"description\":\"Surowce dla przemys\u0142u spo\u017cywczego, kosmetycznego i farmaceutycznego\",\"publisher\":{\"@id\":\"https:\\\/\\\/naturalpoland.com\\\/es\\\/#organization\"},\"potentialAction\":[{\"@type\":\"SearchAction\",\"target\":{\"@type\":\"EntryPoint\",\"urlTemplate\":\"https:\\\/\\\/naturalpoland.com\\\/es\\\/?s={search_term_string}\"},\"query-input\":{\"@type\":\"PropertyValueSpecification\",\"valueRequired\":true,\"valueName\":\"search_term_string\"}}],\"inLanguage\":\"es\"},{\"@type\":\"Organization\",\"@id\":\"https:\\\/\\\/naturalpoland.com\\\/es\\\/#organization\",\"name\":\"Natural Poland\",\"url\":\"https:\\\/\\\/naturalpoland.com\\\/es\\\/\",\"logo\":{\"@type\":\"ImageObject\",\"inLanguage\":\"es\",\"@id\":\"https:\\\/\\\/naturalpoland.com\\\/es\\\/#\\\/schema\\\/logo\\\/image\\\/\",\"url\":\"https:\\\/\\\/naturalpoland.com\\\/wp-content\\\/uploads\\\/2021\\\/05\\\/natural-poland-icon.png\",\"contentUrl\":\"https:\\\/\\\/naturalpoland.com\\\/wp-content\\\/uploads\\\/2021\\\/05\\\/natural-poland-icon.png\",\"width\":512,\"height\":512,\"caption\":\"Natural Poland\"},\"image\":{\"@id\":\"https:\\\/\\\/naturalpoland.com\\\/es\\\/#\\\/schema\\\/logo\\\/image\\\/\"},\"sameAs\":[\"https:\\\/\\\/www.facebook.com\\\/naturalpoland.b2b\",\"https:\\\/\\\/pl.linkedin.com\\\/company\\\/natural-poland\",\"https:\\\/\\\/www.youtube.com\\\/channel\\\/UCgeGGkvOMahZo-xu_MSEWxg\"]}]}<\/script>\n<!-- \/ Yoast SEO plugin. -->","yoast_head_json":{"title":"Gluconato de magnesio - NATURAL POLAND - Distribuidor Mayorista de Materias Primas","description":"El gluconato de magnesio es una opci\u00f3n ideal para las f\u00f3rmulas cosm\u00e9ticas antienvejecimiento y los suplementos que favorecen la salud y el equilibrio del organismo.","robots":{"index":"index","follow":"follow","max-snippet":"max-snippet:-1","max-image-preview":"max-image-preview:large","max-video-preview":"max-video-preview:-1"},"canonical":"https:\/\/naturalpoland.com\/es\/productos\/productos-para-la-industria-cosmetica\/materias-primas-para-cosmeticos\/gluconato-de-magnesio\/","og_locale":"es_ES","og_type":"article","og_title":"Gluconato de magnesio - NATURAL POLAND - Distribuidor Mayorista de Materias Primas","og_description":"El gluconato de magnesio es una opci\u00f3n ideal para las f\u00f3rmulas cosm\u00e9ticas antienvejecimiento y los suplementos que favorecen la salud y el equilibrio del organismo.","og_url":"https:\/\/naturalpoland.com\/es\/productos\/productos-para-la-industria-cosmetica\/materias-primas-para-cosmeticos\/gluconato-de-magnesio\/","og_site_name":"NATURAL POLAND - Distribuidor Mayorista de Materias Primas","article_publisher":"https:\/\/www.facebook.com\/naturalpoland.b2b","og_image":[{"width":614,"height":614,"url":"https:\/\/naturalpoland.com\/wp-content\/uploads\/gluklonian-magnezu.webp","type":"image\/webp"}],"schema":{"@context":"https:\/\/schema.org","@graph":[{"@type":"WebPage","@id":"https:\/\/naturalpoland.com\/es\/productos\/productos-para-la-industria-cosmetica\/materias-primas-para-cosmeticos\/gluconato-de-magnesio\/","url":"https:\/\/naturalpoland.com\/es\/productos\/productos-para-la-industria-cosmetica\/materias-primas-para-cosmeticos\/gluconato-de-magnesio\/","name":"Gluconato de magnesio - NATURAL POLAND - Distribuidor Mayorista de Materias Primas","isPartOf":{"@id":"https:\/\/naturalpoland.com\/es\/#website"},"primaryImageOfPage":{"@id":"https:\/\/naturalpoland.com\/es\/productos\/productos-para-la-industria-cosmetica\/materias-primas-para-cosmeticos\/gluconato-de-magnesio\/#primaryimage"},"image":{"@id":"https:\/\/naturalpoland.com\/es\/productos\/productos-para-la-industria-cosmetica\/materias-primas-para-cosmeticos\/gluconato-de-magnesio\/#primaryimage"},"thumbnailUrl":"https:\/\/naturalpoland.com\/wp-content\/uploads\/gluklonian-magnezu.webp","datePublished":"2024-11-12T16:31:44+00:00","description":"El gluconato de magnesio es una opci\u00f3n ideal para las f\u00f3rmulas cosm\u00e9ticas antienvejecimiento y los suplementos que favorecen la salud y el equilibrio del organismo.","breadcrumb":{"@id":"https:\/\/naturalpoland.com\/es\/productos\/productos-para-la-industria-cosmetica\/materias-primas-para-cosmeticos\/gluconato-de-magnesio\/#breadcrumb"},"inLanguage":"es","potentialAction":[{"@type":"ReadAction","target":["https:\/\/naturalpoland.com\/es\/productos\/productos-para-la-industria-cosmetica\/materias-primas-para-cosmeticos\/gluconato-de-magnesio\/"]}]},{"@type":"ImageObject","inLanguage":"es","@id":"https:\/\/naturalpoland.com\/es\/productos\/productos-para-la-industria-cosmetica\/materias-primas-para-cosmeticos\/gluconato-de-magnesio\/#primaryimage","url":"https:\/\/naturalpoland.com\/wp-content\/uploads\/gluklonian-magnezu.webp","contentUrl":"https:\/\/naturalpoland.com\/wp-content\/uploads\/gluklonian-magnezu.webp","width":614,"height":614,"caption":"glukonian magnezu"},{"@type":"BreadcrumbList","@id":"https:\/\/naturalpoland.com\/es\/productos\/productos-para-la-industria-cosmetica\/materias-primas-para-cosmeticos\/gluconato-de-magnesio\/#breadcrumb","itemListElement":[{"@type":"ListItem","position":1,"name":"Inicio","item":"https:\/\/naturalpoland.com\/es\/"},{"@type":"ListItem","position":2,"name":"Productos","item":"https:\/\/naturalpoland.com\/es\/productos\/"},{"@type":"ListItem","position":3,"name":"Gluconato de magnesio"}]},{"@type":"WebSite","@id":"https:\/\/naturalpoland.com\/es\/#website","url":"https:\/\/naturalpoland.com\/es\/","name":"NATURAL POLAND - Distribuidor Mayorista de Materias Primas","description":"Surowce dla przemys\u0142u spo\u017cywczego, kosmetycznego i farmaceutycznego","publisher":{"@id":"https:\/\/naturalpoland.com\/es\/#organization"},"potentialAction":[{"@type":"SearchAction","target":{"@type":"EntryPoint","urlTemplate":"https:\/\/naturalpoland.com\/es\/?s={search_term_string}"},"query-input":{"@type":"PropertyValueSpecification","valueRequired":true,"valueName":"search_term_string"}}],"inLanguage":"es"},{"@type":"Organization","@id":"https:\/\/naturalpoland.com\/es\/#organization","name":"Natural Poland","url":"https:\/\/naturalpoland.com\/es\/","logo":{"@type":"ImageObject","inLanguage":"es","@id":"https:\/\/naturalpoland.com\/es\/#\/schema\/logo\/image\/","url":"https:\/\/naturalpoland.com\/wp-content\/uploads\/2021\/05\/natural-poland-icon.png","contentUrl":"https:\/\/naturalpoland.com\/wp-content\/uploads\/2021\/05\/natural-poland-icon.png","width":512,"height":512,"caption":"Natural Poland"},"image":{"@id":"https:\/\/naturalpoland.com\/es\/#\/schema\/logo\/image\/"},"sameAs":["https:\/\/www.facebook.com\/naturalpoland.b2b","https:\/\/pl.linkedin.com\/company\/natural-poland","https:\/\/www.youtube.com\/channel\/UCgeGGkvOMahZo-xu_MSEWxg"]}]}},"_links":{"self":[{"href":"https:\/\/naturalpoland.com\/es\/wp-json\/wp\/v2\/product\/37698","targetHints":{"allow":["GET"]}}],"collection":[{"href":"https:\/\/naturalpoland.com\/es\/wp-json\/wp\/v2\/product"}],"about":[{"href":"https:\/\/naturalpoland.com\/es\/wp-json\/wp\/v2\/types\/product"}],"wp:featuredmedia":[{"embeddable":true,"href":"https:\/\/naturalpoland.com\/es\/wp-json\/wp\/v2\/media\/37528"}],"wp:attachment":[{"href":"https:\/\/naturalpoland.com\/es\/wp-json\/wp\/v2\/media?parent=37698"}],"wp:term":[{"taxonomy":"product_brand","embeddable":true,"href":"https:\/\/naturalpoland.com\/es\/wp-json\/wp\/v2\/product_brand?post=37698"},{"taxonomy":"product_cat","embeddable":true,"href":"https:\/\/naturalpoland.com\/es\/wp-json\/wp\/v2\/product_cat?post=37698"},{"taxonomy":"product_tag","embeddable":true,"href":"https:\/\/naturalpoland.com\/es\/wp-json\/wp\/v2\/product_tag?post=37698"}],"curies":[{"name":"wp","href":"https:\/\/api.w.org\/{rel}","templated":true}]}}