{"id":38193,"date":"2024-11-21T14:08:52","date_gmt":"2024-12-10T09:13:44","guid":{"rendered":"https:\/\/naturalpoland.com\/produkty\/sin categor\u00eda\/ekstrakt-z-haritaki\/"},"modified":"2024-12-10T10:13:44","modified_gmt":"2024-12-10T09:13:44","slug":"ekstrakt-z-haritaki","status":"publish","type":"product","link":"https:\/\/naturalpoland.com\/es\/productos\/extractos-de-plantas\/ekstrakt-z-haritaki\/","title":{"rendered":"Extracto de Haritaki"},"content":{"rendered":"<h2>Propiedades y composici\u00f3n<\/h2>\n<p>El extracto de haritaki se elabora a partir de frutos de haritaki desecados y molidos hasta obtener un polvo. El fruto se caracteriza por sus fuertes propiedades limpiadoras y sus efectos antioxidantes y antimicrobianos. El extracto contiene una alta concentraci\u00f3n de sustancias activas como antioxidantes, polifenoles y taninos.  <\/p>\n<h2>Aplicaci\u00f3n<\/h2>\n<p>El extracto se utiliza en ayurveda y como suplemento diet\u00e9tico en forma de infusiones para depurar, apoyar el metabolismo y desintoxicar el organismo. Adem\u00e1s, el haritaki refuerza la inmunidad gracias a sus polifenoles y otros componentes bioactivos. <\/p>\n","protected":false},"excerpt":{"rendered":"<p><strong>El extracto de haritaki<\/strong> se extrae del fruto del \u00e1rbol <em><strong>Terminalia chebula<\/strong>, <\/em>tambi\u00e9n conocido como<strong> almendro chebula<\/strong><em>. <\/em>La planta crece en el sur de Asia y Sri Lanka. El haritaki es una hierba ayurv\u00e9dica \u00fanica con una tradici\u00f3n centenaria de uso en medicina natural. <\/p>\n","protected":false},"featured_media":37927,"template":"","meta":{"_acf_changed":false},"product_brand":[],"product_cat":[1079],"product_tag":[],"class_list":{"0":"post-38193","1":"product","2":"type-product","3":"status-publish","4":"has-post-thumbnail","6":"product_cat-extractos-de-plantas","7":"pa_czesc-rosliny-fruta","9":"first","10":"instock","11":"shipping-taxable","12":"product-type-simple"},"acf":[],"yoast_head":"<!-- This site is optimized with the Yoast SEO plugin v27.4 - https:\/\/yoast.com\/product\/yoast-seo-wordpress\/ -->\n<title>Extracto de Haritaki - Polonia Natural<\/title>\n<meta name=\"description\" content=\"El haritaki, tambi\u00e9n conocido como almendra cheburzel, es una hierba ayurv\u00e9dica \u00fanica con una tradici\u00f3n de uso en medicina natural de siglos de antig\u00fcedad.\" \/>\n<meta name=\"robots\" content=\"index, follow, max-snippet:-1, max-image-preview:large, max-video-preview:-1\" \/>\n<link rel=\"canonical\" href=\"https:\/\/naturalpoland.com\/es\/productos\/extractos-de-plantas\/ekstrakt-z-haritaki\/\" \/>\n<meta property=\"og:locale\" content=\"es_ES\" \/>\n<meta property=\"og:type\" content=\"article\" \/>\n<meta property=\"og:title\" content=\"Extracto de Haritaki - Polonia Natural\" \/>\n<meta property=\"og:description\" content=\"El haritaki, tambi\u00e9n conocido como almendra cheburzel, es una hierba ayurv\u00e9dica \u00fanica con una tradici\u00f3n de uso en medicina natural de siglos de antig\u00fcedad.\" \/>\n<meta property=\"og:url\" content=\"https:\/\/naturalpoland.com\/es\/productos\/extractos-de-plantas\/ekstrakt-z-haritaki\/\" \/>\n<meta property=\"og:site_name\" content=\"NATURAL POLAND - Distribuidor Mayorista de Materias Primas\" \/>\n<meta property=\"article:publisher\" content=\"https:\/\/www.facebook.com\/naturalpoland.b2b\" \/>\n<meta property=\"og:image\" content=\"https:\/\/naturalpoland.com\/wp-content\/uploads\/ekstrakt-haritaki.webp\" \/>\n\t<meta property=\"og:image:width\" content=\"614\" \/>\n\t<meta property=\"og:image:height\" content=\"614\" \/>\n\t<meta property=\"og:image:type\" content=\"image\/webp\" \/>\n<script type=\"application\/ld+json\" class=\"yoast-schema-graph\">{\"@context\":\"https:\\\/\\\/schema.org\",\"@graph\":[{\"@type\":\"WebPage\",\"@id\":\"https:\\\/\\\/naturalpoland.com\\\/es\\\/productos\\\/extractos-de-plantas\\\/ekstrakt-z-haritaki\\\/\",\"url\":\"https:\\\/\\\/naturalpoland.com\\\/es\\\/productos\\\/extractos-de-plantas\\\/ekstrakt-z-haritaki\\\/\",\"name\":\"Extracto de Haritaki - Polonia Natural\",\"isPartOf\":{\"@id\":\"https:\\\/\\\/naturalpoland.com\\\/es\\\/#website\"},\"primaryImageOfPage\":{\"@id\":\"https:\\\/\\\/naturalpoland.com\\\/es\\\/productos\\\/extractos-de-plantas\\\/ekstrakt-z-haritaki\\\/#primaryimage\"},\"image\":{\"@id\":\"https:\\\/\\\/naturalpoland.com\\\/es\\\/productos\\\/extractos-de-plantas\\\/ekstrakt-z-haritaki\\\/#primaryimage\"},\"thumbnailUrl\":\"https:\\\/\\\/naturalpoland.com\\\/wp-content\\\/uploads\\\/ekstrakt-haritaki.webp\",\"datePublished\":\"2024-12-10T09:13:44+00:00\",\"description\":\"El haritaki, tambi\u00e9n conocido como almendra cheburzel, es una hierba ayurv\u00e9dica \u00fanica con una tradici\u00f3n de uso en medicina natural de siglos de antig\u00fcedad.\",\"breadcrumb\":{\"@id\":\"https:\\\/\\\/naturalpoland.com\\\/es\\\/productos\\\/extractos-de-plantas\\\/ekstrakt-z-haritaki\\\/#breadcrumb\"},\"inLanguage\":\"es\",\"potentialAction\":[{\"@type\":\"ReadAction\",\"target\":[\"https:\\\/\\\/naturalpoland.com\\\/es\\\/productos\\\/extractos-de-plantas\\\/ekstrakt-z-haritaki\\\/\"]}]},{\"@type\":\"ImageObject\",\"inLanguage\":\"es\",\"@id\":\"https:\\\/\\\/naturalpoland.com\\\/es\\\/productos\\\/extractos-de-plantas\\\/ekstrakt-z-haritaki\\\/#primaryimage\",\"url\":\"https:\\\/\\\/naturalpoland.com\\\/wp-content\\\/uploads\\\/ekstrakt-haritaki.webp\",\"contentUrl\":\"https:\\\/\\\/naturalpoland.com\\\/wp-content\\\/uploads\\\/ekstrakt-haritaki.webp\",\"width\":614,\"height\":614,\"caption\":\"Terminalia chebula Extract\"},{\"@type\":\"BreadcrumbList\",\"@id\":\"https:\\\/\\\/naturalpoland.com\\\/es\\\/productos\\\/extractos-de-plantas\\\/ekstrakt-z-haritaki\\\/#breadcrumb\",\"itemListElement\":[{\"@type\":\"ListItem\",\"position\":1,\"name\":\"Inicio\",\"item\":\"https:\\\/\\\/naturalpoland.com\\\/es\\\/\"},{\"@type\":\"ListItem\",\"position\":2,\"name\":\"Productos\",\"item\":\"https:\\\/\\\/naturalpoland.com\\\/es\\\/productos\\\/\"},{\"@type\":\"ListItem\",\"position\":3,\"name\":\"Extracto de Haritaki\"}]},{\"@type\":\"WebSite\",\"@id\":\"https:\\\/\\\/naturalpoland.com\\\/es\\\/#website\",\"url\":\"https:\\\/\\\/naturalpoland.com\\\/es\\\/\",\"name\":\"NATURAL POLAND - Distribuidor Mayorista de Materias Primas\",\"description\":\"Surowce dla przemys\u0142u spo\u017cywczego, kosmetycznego i farmaceutycznego\",\"publisher\":{\"@id\":\"https:\\\/\\\/naturalpoland.com\\\/es\\\/#organization\"},\"potentialAction\":[{\"@type\":\"SearchAction\",\"target\":{\"@type\":\"EntryPoint\",\"urlTemplate\":\"https:\\\/\\\/naturalpoland.com\\\/es\\\/?s={search_term_string}\"},\"query-input\":{\"@type\":\"PropertyValueSpecification\",\"valueRequired\":true,\"valueName\":\"search_term_string\"}}],\"inLanguage\":\"es\"},{\"@type\":\"Organization\",\"@id\":\"https:\\\/\\\/naturalpoland.com\\\/es\\\/#organization\",\"name\":\"Natural Poland\",\"url\":\"https:\\\/\\\/naturalpoland.com\\\/es\\\/\",\"logo\":{\"@type\":\"ImageObject\",\"inLanguage\":\"es\",\"@id\":\"https:\\\/\\\/naturalpoland.com\\\/es\\\/#\\\/schema\\\/logo\\\/image\\\/\",\"url\":\"https:\\\/\\\/naturalpoland.com\\\/wp-content\\\/uploads\\\/2021\\\/05\\\/natural-poland-icon.png\",\"contentUrl\":\"https:\\\/\\\/naturalpoland.com\\\/wp-content\\\/uploads\\\/2021\\\/05\\\/natural-poland-icon.png\",\"width\":512,\"height\":512,\"caption\":\"Natural Poland\"},\"image\":{\"@id\":\"https:\\\/\\\/naturalpoland.com\\\/es\\\/#\\\/schema\\\/logo\\\/image\\\/\"},\"sameAs\":[\"https:\\\/\\\/www.facebook.com\\\/naturalpoland.b2b\",\"https:\\\/\\\/pl.linkedin.com\\\/company\\\/natural-poland\",\"https:\\\/\\\/www.youtube.com\\\/channel\\\/UCgeGGkvOMahZo-xu_MSEWxg\"]}]}<\/script>\n<!-- \/ Yoast SEO plugin. -->","yoast_head_json":{"title":"Extracto de Haritaki - Polonia Natural","description":"El haritaki, tambi\u00e9n conocido como almendra cheburzel, es una hierba ayurv\u00e9dica \u00fanica con una tradici\u00f3n de uso en medicina natural de siglos de antig\u00fcedad.","robots":{"index":"index","follow":"follow","max-snippet":"max-snippet:-1","max-image-preview":"max-image-preview:large","max-video-preview":"max-video-preview:-1"},"canonical":"https:\/\/naturalpoland.com\/es\/productos\/extractos-de-plantas\/ekstrakt-z-haritaki\/","og_locale":"es_ES","og_type":"article","og_title":"Extracto de Haritaki - Polonia Natural","og_description":"El haritaki, tambi\u00e9n conocido como almendra cheburzel, es una hierba ayurv\u00e9dica \u00fanica con una tradici\u00f3n de uso en medicina natural de siglos de antig\u00fcedad.","og_url":"https:\/\/naturalpoland.com\/es\/productos\/extractos-de-plantas\/ekstrakt-z-haritaki\/","og_site_name":"NATURAL POLAND - Distribuidor Mayorista de Materias Primas","article_publisher":"https:\/\/www.facebook.com\/naturalpoland.b2b","og_image":[{"width":614,"height":614,"url":"https:\/\/naturalpoland.com\/wp-content\/uploads\/ekstrakt-haritaki.webp","type":"image\/webp"}],"schema":{"@context":"https:\/\/schema.org","@graph":[{"@type":"WebPage","@id":"https:\/\/naturalpoland.com\/es\/productos\/extractos-de-plantas\/ekstrakt-z-haritaki\/","url":"https:\/\/naturalpoland.com\/es\/productos\/extractos-de-plantas\/ekstrakt-z-haritaki\/","name":"Extracto de Haritaki - Polonia Natural","isPartOf":{"@id":"https:\/\/naturalpoland.com\/es\/#website"},"primaryImageOfPage":{"@id":"https:\/\/naturalpoland.com\/es\/productos\/extractos-de-plantas\/ekstrakt-z-haritaki\/#primaryimage"},"image":{"@id":"https:\/\/naturalpoland.com\/es\/productos\/extractos-de-plantas\/ekstrakt-z-haritaki\/#primaryimage"},"thumbnailUrl":"https:\/\/naturalpoland.com\/wp-content\/uploads\/ekstrakt-haritaki.webp","datePublished":"2024-12-10T09:13:44+00:00","description":"El haritaki, tambi\u00e9n conocido como almendra cheburzel, es una hierba ayurv\u00e9dica \u00fanica con una tradici\u00f3n de uso en medicina natural de siglos de antig\u00fcedad.","breadcrumb":{"@id":"https:\/\/naturalpoland.com\/es\/productos\/extractos-de-plantas\/ekstrakt-z-haritaki\/#breadcrumb"},"inLanguage":"es","potentialAction":[{"@type":"ReadAction","target":["https:\/\/naturalpoland.com\/es\/productos\/extractos-de-plantas\/ekstrakt-z-haritaki\/"]}]},{"@type":"ImageObject","inLanguage":"es","@id":"https:\/\/naturalpoland.com\/es\/productos\/extractos-de-plantas\/ekstrakt-z-haritaki\/#primaryimage","url":"https:\/\/naturalpoland.com\/wp-content\/uploads\/ekstrakt-haritaki.webp","contentUrl":"https:\/\/naturalpoland.com\/wp-content\/uploads\/ekstrakt-haritaki.webp","width":614,"height":614,"caption":"Terminalia chebula Extract"},{"@type":"BreadcrumbList","@id":"https:\/\/naturalpoland.com\/es\/productos\/extractos-de-plantas\/ekstrakt-z-haritaki\/#breadcrumb","itemListElement":[{"@type":"ListItem","position":1,"name":"Inicio","item":"https:\/\/naturalpoland.com\/es\/"},{"@type":"ListItem","position":2,"name":"Productos","item":"https:\/\/naturalpoland.com\/es\/productos\/"},{"@type":"ListItem","position":3,"name":"Extracto de Haritaki"}]},{"@type":"WebSite","@id":"https:\/\/naturalpoland.com\/es\/#website","url":"https:\/\/naturalpoland.com\/es\/","name":"NATURAL POLAND - Distribuidor Mayorista de Materias Primas","description":"Surowce dla przemys\u0142u spo\u017cywczego, kosmetycznego i farmaceutycznego","publisher":{"@id":"https:\/\/naturalpoland.com\/es\/#organization"},"potentialAction":[{"@type":"SearchAction","target":{"@type":"EntryPoint","urlTemplate":"https:\/\/naturalpoland.com\/es\/?s={search_term_string}"},"query-input":{"@type":"PropertyValueSpecification","valueRequired":true,"valueName":"search_term_string"}}],"inLanguage":"es"},{"@type":"Organization","@id":"https:\/\/naturalpoland.com\/es\/#organization","name":"Natural Poland","url":"https:\/\/naturalpoland.com\/es\/","logo":{"@type":"ImageObject","inLanguage":"es","@id":"https:\/\/naturalpoland.com\/es\/#\/schema\/logo\/image\/","url":"https:\/\/naturalpoland.com\/wp-content\/uploads\/2021\/05\/natural-poland-icon.png","contentUrl":"https:\/\/naturalpoland.com\/wp-content\/uploads\/2021\/05\/natural-poland-icon.png","width":512,"height":512,"caption":"Natural Poland"},"image":{"@id":"https:\/\/naturalpoland.com\/es\/#\/schema\/logo\/image\/"},"sameAs":["https:\/\/www.facebook.com\/naturalpoland.b2b","https:\/\/pl.linkedin.com\/company\/natural-poland","https:\/\/www.youtube.com\/channel\/UCgeGGkvOMahZo-xu_MSEWxg"]}]}},"_links":{"self":[{"href":"https:\/\/naturalpoland.com\/es\/wp-json\/wp\/v2\/product\/38193","targetHints":{"allow":["GET"]}}],"collection":[{"href":"https:\/\/naturalpoland.com\/es\/wp-json\/wp\/v2\/product"}],"about":[{"href":"https:\/\/naturalpoland.com\/es\/wp-json\/wp\/v2\/types\/product"}],"wp:featuredmedia":[{"embeddable":true,"href":"https:\/\/naturalpoland.com\/es\/wp-json\/wp\/v2\/media\/37927"}],"wp:attachment":[{"href":"https:\/\/naturalpoland.com\/es\/wp-json\/wp\/v2\/media?parent=38193"}],"wp:term":[{"taxonomy":"product_brand","embeddable":true,"href":"https:\/\/naturalpoland.com\/es\/wp-json\/wp\/v2\/product_brand?post=38193"},{"taxonomy":"product_cat","embeddable":true,"href":"https:\/\/naturalpoland.com\/es\/wp-json\/wp\/v2\/product_cat?post=38193"},{"taxonomy":"product_tag","embeddable":true,"href":"https:\/\/naturalpoland.com\/es\/wp-json\/wp\/v2\/product_tag?post=38193"}],"curies":[{"name":"wp","href":"https:\/\/api.w.org\/{rel}","templated":true}]}}