{"id":38409,"date":"2024-12-13T13:54:46","date_gmt":"2024-12-23T11:45:42","guid":{"rendered":"https:\/\/naturalpoland.com\/produkty\/sin categor\u00eda\/ekstrakt-z-cynamonu-cejlonskiego\/"},"modified":"2024-12-23T12:45:42","modified_gmt":"2024-12-23T11:45:42","slug":"ekstrakt-z-cynamonu-cejlonskiego","status":"publish","type":"product","link":"https:\/\/naturalpoland.com\/es\/productos\/extractos-de-plantas\/ekstrakt-z-cynamonu-cejlonskiego\/","title":{"rendered":"Extracto de canela de Ceil\u00e1n"},"content":{"rendered":"<h3 data-pm-slice=\"1 3 []\">Beneficios para la salud del extracto de canela de Ceil\u00e1n<\/h3>\n<p>El extracto de canela de Ceil\u00e1n es conocido por sus efectos positivos sobre <strong>el aparato digestivo<\/strong>. Ayuda a aliviar los s\u00edntomas de la indigesti\u00f3n, favorece un peristaltismo intestinal sano y contrarresta la flatulencia. Los polifenoles y flavonoides del extracto <strong>neutralizan<\/strong> eficazmente <strong>los radicales libres<\/strong>, ayudando a proteger las c\u00e9lulas del estr\u00e9s oxidativo y a reducir la inflamaci\u00f3n del organismo. Las investigaciones indican que la canela puede contribuir a <strong>mantener niveles normales de glucosa<\/strong> en <strong>sangre<\/strong> mejorando la sensibilidad a la insulina. El consumo regular del extracto puede ayudar a reducir el colesterol LDL y los triglic\u00e9ridos, al tiempo que mejora la funci\u00f3n cardiovascular. La canela es un antiinfeccioso natural, que elimina bacterias y hongos como la c\u00e1ndida. <\/p>\n<h3>Aplicaci\u00f3n<\/h3>\n<ul data-spread=\"false\">\n<li><strong>Suplementos diet\u00e9ticos<\/strong> para favorecer la salud metab\u00f3lica, la digesti\u00f3n y el control del az\u00facar en sangre.<\/li>\n<li><strong>Cosm\u00e9ticos <\/strong>con propiedades antiinflamatorias y antioxidantes.<\/li>\n<li>Como complemento de t\u00e9s, bebidas funcionales y otros productos nutricionales.<\/li>\n<\/ul>\n","protected":false},"excerpt":{"rendered":"<p data-pm-slice=\"1 1 []\">El <strong>extracto de corteza de canela de Ceil\u00e1n<\/strong> se obtiene de la corteza del \u00e1rbol Cinnamomum Zeylanicum.<\/p>\n","protected":false},"featured_media":38303,"template":"","meta":{"_acf_changed":false},"product_brand":[],"product_cat":[1079],"product_tag":[],"class_list":{"0":"post-38409","1":"product","2":"type-product","3":"status-publish","4":"has-post-thumbnail","6":"product_cat-extractos-de-plantas","7":"pa_czesc-rosliny-corteza","9":"first","10":"instock","11":"shipping-taxable","12":"product-type-simple"},"acf":[],"yoast_head":"<!-- This site is optimized with the Yoast SEO plugin v27.5 - https:\/\/yoast.com\/product\/yoast-seo-wordpress\/ -->\n<title>Extracto de canela de Ceil\u00e1n - Distribuidor mayorista<\/title>\n<meta name=\"description\" content=\"El extracto de corteza de canela de Ceil\u00e1n es una materia prima vegetal utilizada principalmente en las industrias farmac\u00e9utica, cosm\u00e9tica y alimentaria.\" \/>\n<meta name=\"robots\" content=\"index, follow, max-snippet:-1, max-image-preview:large, max-video-preview:-1\" \/>\n<link rel=\"canonical\" href=\"https:\/\/naturalpoland.com\/es\/productos\/extractos-de-plantas\/ekstrakt-z-cynamonu-cejlonskiego\/\" \/>\n<meta property=\"og:locale\" content=\"es_ES\" \/>\n<meta property=\"og:type\" content=\"article\" \/>\n<meta property=\"og:title\" content=\"Extracto de canela de Ceil\u00e1n - Distribuidor mayorista\" \/>\n<meta property=\"og:description\" content=\"El extracto de corteza de canela de Ceil\u00e1n es una materia prima vegetal utilizada principalmente en las industrias farmac\u00e9utica, cosm\u00e9tica y alimentaria.\" \/>\n<meta property=\"og:url\" content=\"https:\/\/naturalpoland.com\/es\/productos\/extractos-de-plantas\/ekstrakt-z-cynamonu-cejlonskiego\/\" \/>\n<meta property=\"og:site_name\" content=\"NATURAL POLAND - Distribuidor Mayorista de Materias Primas\" \/>\n<meta property=\"article:publisher\" content=\"https:\/\/www.facebook.com\/naturalpoland.b2b\" \/>\n<meta property=\"og:image\" content=\"https:\/\/naturalpoland.com\/wp-content\/uploads\/ekstrakt-z-cynamonu-cejlonskiego.webp\" \/>\n\t<meta property=\"og:image:width\" content=\"619\" \/>\n\t<meta property=\"og:image:height\" content=\"619\" \/>\n\t<meta property=\"og:image:type\" content=\"image\/webp\" \/>\n<script type=\"application\/ld+json\" class=\"yoast-schema-graph\">{\"@context\":\"https:\\\/\\\/schema.org\",\"@graph\":[{\"@type\":\"WebPage\",\"@id\":\"https:\\\/\\\/naturalpoland.com\\\/es\\\/productos\\\/extractos-de-plantas\\\/ekstrakt-z-cynamonu-cejlonskiego\\\/\",\"url\":\"https:\\\/\\\/naturalpoland.com\\\/es\\\/productos\\\/extractos-de-plantas\\\/ekstrakt-z-cynamonu-cejlonskiego\\\/\",\"name\":\"Extracto de canela de Ceil\u00e1n - Distribuidor mayorista\",\"isPartOf\":{\"@id\":\"https:\\\/\\\/naturalpoland.com\\\/es\\\/#website\"},\"primaryImageOfPage\":{\"@id\":\"https:\\\/\\\/naturalpoland.com\\\/es\\\/productos\\\/extractos-de-plantas\\\/ekstrakt-z-cynamonu-cejlonskiego\\\/#primaryimage\"},\"image\":{\"@id\":\"https:\\\/\\\/naturalpoland.com\\\/es\\\/productos\\\/extractos-de-plantas\\\/ekstrakt-z-cynamonu-cejlonskiego\\\/#primaryimage\"},\"thumbnailUrl\":\"https:\\\/\\\/naturalpoland.com\\\/wp-content\\\/uploads\\\/ekstrakt-z-cynamonu-cejlonskiego.webp\",\"datePublished\":\"2024-12-23T11:45:42+00:00\",\"description\":\"El extracto de corteza de canela de Ceil\u00e1n es una materia prima vegetal utilizada principalmente en las industrias farmac\u00e9utica, cosm\u00e9tica y alimentaria.\",\"breadcrumb\":{\"@id\":\"https:\\\/\\\/naturalpoland.com\\\/es\\\/productos\\\/extractos-de-plantas\\\/ekstrakt-z-cynamonu-cejlonskiego\\\/#breadcrumb\"},\"inLanguage\":\"es\",\"potentialAction\":[{\"@type\":\"ReadAction\",\"target\":[\"https:\\\/\\\/naturalpoland.com\\\/es\\\/productos\\\/extractos-de-plantas\\\/ekstrakt-z-cynamonu-cejlonskiego\\\/\"]}]},{\"@type\":\"ImageObject\",\"inLanguage\":\"es\",\"@id\":\"https:\\\/\\\/naturalpoland.com\\\/es\\\/productos\\\/extractos-de-plantas\\\/ekstrakt-z-cynamonu-cejlonskiego\\\/#primaryimage\",\"url\":\"https:\\\/\\\/naturalpoland.com\\\/wp-content\\\/uploads\\\/ekstrakt-z-cynamonu-cejlonskiego.webp\",\"contentUrl\":\"https:\\\/\\\/naturalpoland.com\\\/wp-content\\\/uploads\\\/ekstrakt-z-cynamonu-cejlonskiego.webp\",\"width\":619,\"height\":619,\"caption\":\"Ekstrakt z cynamonu cejlo\u0144skiego\"},{\"@type\":\"BreadcrumbList\",\"@id\":\"https:\\\/\\\/naturalpoland.com\\\/es\\\/productos\\\/extractos-de-plantas\\\/ekstrakt-z-cynamonu-cejlonskiego\\\/#breadcrumb\",\"itemListElement\":[{\"@type\":\"ListItem\",\"position\":1,\"name\":\"Inicio\",\"item\":\"https:\\\/\\\/naturalpoland.com\\\/es\\\/\"},{\"@type\":\"ListItem\",\"position\":2,\"name\":\"Productos\",\"item\":\"https:\\\/\\\/naturalpoland.com\\\/es\\\/productos\\\/\"},{\"@type\":\"ListItem\",\"position\":3,\"name\":\"Extracto de canela de Ceil\u00e1n\"}]},{\"@type\":\"WebSite\",\"@id\":\"https:\\\/\\\/naturalpoland.com\\\/es\\\/#website\",\"url\":\"https:\\\/\\\/naturalpoland.com\\\/es\\\/\",\"name\":\"NATURAL POLAND - Distribuidor Mayorista de Materias Primas\",\"description\":\"Surowce dla przemys\u0142u spo\u017cywczego, kosmetycznego i farmaceutycznego\",\"publisher\":{\"@id\":\"https:\\\/\\\/naturalpoland.com\\\/es\\\/#organization\"},\"potentialAction\":[{\"@type\":\"SearchAction\",\"target\":{\"@type\":\"EntryPoint\",\"urlTemplate\":\"https:\\\/\\\/naturalpoland.com\\\/es\\\/?s={search_term_string}\"},\"query-input\":{\"@type\":\"PropertyValueSpecification\",\"valueRequired\":true,\"valueName\":\"search_term_string\"}}],\"inLanguage\":\"es\"},{\"@type\":\"Organization\",\"@id\":\"https:\\\/\\\/naturalpoland.com\\\/es\\\/#organization\",\"name\":\"Natural Poland\",\"url\":\"https:\\\/\\\/naturalpoland.com\\\/es\\\/\",\"logo\":{\"@type\":\"ImageObject\",\"inLanguage\":\"es\",\"@id\":\"https:\\\/\\\/naturalpoland.com\\\/es\\\/#\\\/schema\\\/logo\\\/image\\\/\",\"url\":\"https:\\\/\\\/naturalpoland.com\\\/wp-content\\\/uploads\\\/2021\\\/05\\\/natural-poland-icon.png\",\"contentUrl\":\"https:\\\/\\\/naturalpoland.com\\\/wp-content\\\/uploads\\\/2021\\\/05\\\/natural-poland-icon.png\",\"width\":512,\"height\":512,\"caption\":\"Natural Poland\"},\"image\":{\"@id\":\"https:\\\/\\\/naturalpoland.com\\\/es\\\/#\\\/schema\\\/logo\\\/image\\\/\"},\"sameAs\":[\"https:\\\/\\\/www.facebook.com\\\/naturalpoland.b2b\",\"https:\\\/\\\/pl.linkedin.com\\\/company\\\/natural-poland\",\"https:\\\/\\\/www.youtube.com\\\/channel\\\/UCgeGGkvOMahZo-xu_MSEWxg\"]}]}<\/script>\n<!-- \/ Yoast SEO plugin. -->","yoast_head_json":{"title":"Extracto de canela de Ceil\u00e1n - Distribuidor mayorista","description":"El extracto de corteza de canela de Ceil\u00e1n es una materia prima vegetal utilizada principalmente en las industrias farmac\u00e9utica, cosm\u00e9tica y alimentaria.","robots":{"index":"index","follow":"follow","max-snippet":"max-snippet:-1","max-image-preview":"max-image-preview:large","max-video-preview":"max-video-preview:-1"},"canonical":"https:\/\/naturalpoland.com\/es\/productos\/extractos-de-plantas\/ekstrakt-z-cynamonu-cejlonskiego\/","og_locale":"es_ES","og_type":"article","og_title":"Extracto de canela de Ceil\u00e1n - Distribuidor mayorista","og_description":"El extracto de corteza de canela de Ceil\u00e1n es una materia prima vegetal utilizada principalmente en las industrias farmac\u00e9utica, cosm\u00e9tica y alimentaria.","og_url":"https:\/\/naturalpoland.com\/es\/productos\/extractos-de-plantas\/ekstrakt-z-cynamonu-cejlonskiego\/","og_site_name":"NATURAL POLAND - Distribuidor Mayorista de Materias Primas","article_publisher":"https:\/\/www.facebook.com\/naturalpoland.b2b","og_image":[{"width":619,"height":619,"url":"https:\/\/naturalpoland.com\/wp-content\/uploads\/ekstrakt-z-cynamonu-cejlonskiego.webp","type":"image\/webp"}],"schema":{"@context":"https:\/\/schema.org","@graph":[{"@type":"WebPage","@id":"https:\/\/naturalpoland.com\/es\/productos\/extractos-de-plantas\/ekstrakt-z-cynamonu-cejlonskiego\/","url":"https:\/\/naturalpoland.com\/es\/productos\/extractos-de-plantas\/ekstrakt-z-cynamonu-cejlonskiego\/","name":"Extracto de canela de Ceil\u00e1n - Distribuidor mayorista","isPartOf":{"@id":"https:\/\/naturalpoland.com\/es\/#website"},"primaryImageOfPage":{"@id":"https:\/\/naturalpoland.com\/es\/productos\/extractos-de-plantas\/ekstrakt-z-cynamonu-cejlonskiego\/#primaryimage"},"image":{"@id":"https:\/\/naturalpoland.com\/es\/productos\/extractos-de-plantas\/ekstrakt-z-cynamonu-cejlonskiego\/#primaryimage"},"thumbnailUrl":"https:\/\/naturalpoland.com\/wp-content\/uploads\/ekstrakt-z-cynamonu-cejlonskiego.webp","datePublished":"2024-12-23T11:45:42+00:00","description":"El extracto de corteza de canela de Ceil\u00e1n es una materia prima vegetal utilizada principalmente en las industrias farmac\u00e9utica, cosm\u00e9tica y alimentaria.","breadcrumb":{"@id":"https:\/\/naturalpoland.com\/es\/productos\/extractos-de-plantas\/ekstrakt-z-cynamonu-cejlonskiego\/#breadcrumb"},"inLanguage":"es","potentialAction":[{"@type":"ReadAction","target":["https:\/\/naturalpoland.com\/es\/productos\/extractos-de-plantas\/ekstrakt-z-cynamonu-cejlonskiego\/"]}]},{"@type":"ImageObject","inLanguage":"es","@id":"https:\/\/naturalpoland.com\/es\/productos\/extractos-de-plantas\/ekstrakt-z-cynamonu-cejlonskiego\/#primaryimage","url":"https:\/\/naturalpoland.com\/wp-content\/uploads\/ekstrakt-z-cynamonu-cejlonskiego.webp","contentUrl":"https:\/\/naturalpoland.com\/wp-content\/uploads\/ekstrakt-z-cynamonu-cejlonskiego.webp","width":619,"height":619,"caption":"Ekstrakt z cynamonu cejlo\u0144skiego"},{"@type":"BreadcrumbList","@id":"https:\/\/naturalpoland.com\/es\/productos\/extractos-de-plantas\/ekstrakt-z-cynamonu-cejlonskiego\/#breadcrumb","itemListElement":[{"@type":"ListItem","position":1,"name":"Inicio","item":"https:\/\/naturalpoland.com\/es\/"},{"@type":"ListItem","position":2,"name":"Productos","item":"https:\/\/naturalpoland.com\/es\/productos\/"},{"@type":"ListItem","position":3,"name":"Extracto de canela de Ceil\u00e1n"}]},{"@type":"WebSite","@id":"https:\/\/naturalpoland.com\/es\/#website","url":"https:\/\/naturalpoland.com\/es\/","name":"NATURAL POLAND - Distribuidor Mayorista de Materias Primas","description":"Surowce dla przemys\u0142u spo\u017cywczego, kosmetycznego i farmaceutycznego","publisher":{"@id":"https:\/\/naturalpoland.com\/es\/#organization"},"potentialAction":[{"@type":"SearchAction","target":{"@type":"EntryPoint","urlTemplate":"https:\/\/naturalpoland.com\/es\/?s={search_term_string}"},"query-input":{"@type":"PropertyValueSpecification","valueRequired":true,"valueName":"search_term_string"}}],"inLanguage":"es"},{"@type":"Organization","@id":"https:\/\/naturalpoland.com\/es\/#organization","name":"Natural Poland","url":"https:\/\/naturalpoland.com\/es\/","logo":{"@type":"ImageObject","inLanguage":"es","@id":"https:\/\/naturalpoland.com\/es\/#\/schema\/logo\/image\/","url":"https:\/\/naturalpoland.com\/wp-content\/uploads\/2021\/05\/natural-poland-icon.png","contentUrl":"https:\/\/naturalpoland.com\/wp-content\/uploads\/2021\/05\/natural-poland-icon.png","width":512,"height":512,"caption":"Natural Poland"},"image":{"@id":"https:\/\/naturalpoland.com\/es\/#\/schema\/logo\/image\/"},"sameAs":["https:\/\/www.facebook.com\/naturalpoland.b2b","https:\/\/pl.linkedin.com\/company\/natural-poland","https:\/\/www.youtube.com\/channel\/UCgeGGkvOMahZo-xu_MSEWxg"]}]}},"_links":{"self":[{"href":"https:\/\/naturalpoland.com\/es\/wp-json\/wp\/v2\/product\/38409","targetHints":{"allow":["GET"]}}],"collection":[{"href":"https:\/\/naturalpoland.com\/es\/wp-json\/wp\/v2\/product"}],"about":[{"href":"https:\/\/naturalpoland.com\/es\/wp-json\/wp\/v2\/types\/product"}],"wp:featuredmedia":[{"embeddable":true,"href":"https:\/\/naturalpoland.com\/es\/wp-json\/wp\/v2\/media\/38303"}],"wp:attachment":[{"href":"https:\/\/naturalpoland.com\/es\/wp-json\/wp\/v2\/media?parent=38409"}],"wp:term":[{"taxonomy":"product_brand","embeddable":true,"href":"https:\/\/naturalpoland.com\/es\/wp-json\/wp\/v2\/product_brand?post=38409"},{"taxonomy":"product_cat","embeddable":true,"href":"https:\/\/naturalpoland.com\/es\/wp-json\/wp\/v2\/product_cat?post=38409"},{"taxonomy":"product_tag","embeddable":true,"href":"https:\/\/naturalpoland.com\/es\/wp-json\/wp\/v2\/product_tag?post=38409"}],"curies":[{"name":"wp","href":"https:\/\/api.w.org\/{rel}","templated":true}]}}