{"id":38453,"date":"2024-09-23T10:50:07","date_gmt":"2024-12-23T11:51:27","guid":{"rendered":"https:\/\/naturalpoland.com\/produkty\/sin categor\u00eda\/witamina-b3\/"},"modified":"2024-12-23T12:51:27","modified_gmt":"2024-12-23T11:51:27","slug":"witamina-b3","status":"publish","type":"product","link":"https:\/\/naturalpoland.com\/es\/productos\/productos-para-la-industria-farmaceutica-y-medica\/vitaminas\/witamina-b3\/","title":{"rendered":"Vitamina B3"},"content":{"rendered":"<h2>Uso de la vitamina B3 en cosm\u00e9ticos<\/h2>\n<p>  La niacinamida es una vitamina hidrosoluble de mol\u00e9cula peque\u00f1a. Se utiliza f\u00e1cilmente en cosm\u00e9ticos por su estabilidad: conserva sus propiedades en un amplio intervalo de pH y es resistente a la luz y al calor. Tambi\u00e9n es un ingrediente multifuncional que ayuda a mejorar el tono y el estado de la piel. La niacinamida act\u00faa como hidratante, aumenta la elasticidad de la piel y presenta propiedades antiinflamatorias, lo que la hace valiosa en el cuidado de diversos tipos de piel. La niacinamida tiene <strong>propiedades antioxidantes<\/strong>, confirmadas por numerosos estudios cient\u00edficos. El uso regular de preparados con una concentraci\u00f3n de niacinamida del 4-5% reduce las l\u00edneas finas y las arrugas. En un estudio <a href=\"\/produkty\/produkty-dla-przemyslu-farmaceutycznego-i-medycznego\/witaminy\/witamina-b3\/#bibl-wit3\">del equipo de Kawada (2008)<\/a>, la aplicaci\u00f3n durante ocho semanas de una crema con un 4% de niacinamida mejor\u00f3 significativamente el aspecto de la piel y redujo las arrugas alrededor de los ojos. La niacinamida no s\u00f3lo tiene un efecto antiarrugas debido a sus propiedades antioxidantes, sino que tambi\u00e9n estimula la producci\u00f3n de fibras el\u00e1sticas. Mejora la elasticidad de la piel <strong>promoviendo la s\u00edntesis de col\u00e1geno<\/strong> en los fibroblastos d\u00e9rmicos y estimulando los marcadores de diferenciaci\u00f3n en las c\u00e9lulas epid\u00e9rmicas normales. Se cree que la aceleraci\u00f3n del ciclo celular epid\u00e9rmico act\u00faa como un exfoliante suave, haciendo la piel m\u00e1s firme y las arrugas menos visibles.           <strong><a href=\"https:\/\/naturalpoland.com\/produkty\/produkty-dla-przemyslu-kosmetycznego\/surowce-kosmetyczne\/trehaloza\/\">Trehalosa<\/a><\/strong>un disac\u00e1rido utilizado a menudo en cosm\u00e9tica, act\u00faa sin\u00e9rgicamente con la nicotinamida para favorecer la hidrataci\u00f3n y proteger la piel de los factores externos.  <\/p>\n<h3>Terapia del acn\u00e9 con niacinamida<\/h3>\n<p>  Gracias a sus <strong>propiedades antiinflamatorias<\/strong>, la vitamina B3 es un ingrediente eficaz en el tratamiento del acn\u00e9. En respuesta a los problemas con los efectos secundarios y a la creciente resistencia a los antibi\u00f3ticos, se est\u00e1n buscando alternativas seguras y eficaces. La niacinamida, ha demostrado potentes efectos que pueden apoyar el tratamiento del acn\u00e9. Como puede leerse en <a href=\"\/produkty\/produkty-dla-przemyslu-farmaceutycznego-i-medycznego\/witaminy\/witamina-b3\/#bibl-wit3\">un art\u00edculo de revisi\u00f3n de 2017 de Franciszka M. Walocko y sus colegas<\/a>, seis de ocho estudios en los que se aplic\u00f3 vitamina B3 t\u00f3pica condujeron a una reducci\u00f3n significativa del acn\u00e9 en comparaci\u00f3n con el estado basal o el tratamiento est\u00e1ndar del acn\u00e9. Adem\u00e1s, los estudios que utilizaron un suplemento oral que conten\u00eda nicotinamida tambi\u00e9n mostraron una reducci\u00f3n significativa del acn\u00e9. La vitamina B3 ayuda a <strong>reducir la inflamaci\u00f3n y el n\u00famero de lesiones cut\u00e1neas<\/strong>, lo que la convierte en una parte valiosa del cuidado de la piel con acn\u00e9. Ayuda a aliviar s\u00edntomas como el enrojecimiento y la hinchaz\u00f3n, lo que resulta especialmente beneficioso para quienes padecen acn\u00e9 inflamatorio. Adem\u00e1s de su efecto antiinflamatorio, la aplicaci\u00f3n t\u00f3pica de niacinamida favorece la funci\u00f3n de barrera epid\u00e9rmica. La estabilizaci\u00f3n de esta barrera es clave, ya que reduce la p\u00e9rdida transepid\u00e9rmica de agua y mejora la hidrataci\u00f3n del estrato c\u00f3rneo. Esto, a su vez, ayuda a prevenir la reaparici\u00f3n de eflorescencias y a mantener un aspecto sano de la piel, lo que es importante en el tratamiento a largo plazo del acn\u00e9.           <\/p>\n<h3>Iluminaci\u00f3n de la piel y reducci\u00f3n de la decoloraci\u00f3n<\/h3>\n<p>  La vitamina B3 es apreciada por sus <strong>propiedades iluminadoras<\/strong>, que ayudan a reducir la hiperpigmentaci\u00f3n y las manchas de la edad, contribuyendo a igualar el tono de la piel. La pigmentaci\u00f3n desigual de la piel es uno de los principales signos del envejecimiento externo, lo que aumenta la necesidad de cosm\u00e9ticos con efectos iluminadores. Un estudio de <a href=\"\/produkty\/produkty-dla-przemyslu-farmaceutycznego-i-medycznego\/witaminy\/witamina-b3\/#bibl-wit3\">Bissett y colegas (2006<\/a>) demostr\u00f3 que el uso regular de niacinamida puede reducir significativamente la aparici\u00f3n de hiperpigmentaci\u00f3n, dando a la piel un aspecto uniforme y saludable. La niacinamida, por sus propiedades antioxidantes, inhibe eficazmente los procesos oxidativos, como la oxidaci\u00f3n de las prote\u00ednas y la glicaci\u00f3n. Los productos de glicaci\u00f3n avanzada (AGE), pueden afectar al proceso de envejecimiento de la piel, provocando, entre otras cosas, la formaci\u00f3n de decoloraciones amarillas. Al actuar como antioxidante, esta vitamina puede proteger la piel del amarilleamiento y otros efectos adversos del envejecimiento cut\u00e1neo.        <\/p>\n<h3>Refuerzo de la barrera cut\u00e1nea<\/h3>\n<p>  Los productos con vitamina B3 ayudan a reforzar la barrera cut\u00e1nea, lo que aumenta la hidrataci\u00f3n de la piel y la protege de factores externos nocivos. La niacinamida <strong>reduce la p\u00e9rdida transepid\u00e9rmica de agua<\/strong> (TEWL), que es esencial para mantener la piel hidratada. Los estudios demuestran que el uso regular de cosm\u00e9ticos con niacinamida puede mejorar la funci\u00f3n de la barrera cut\u00e1nea y aumentar la resistencia de la piel a los factores medioambientales<a href=\"\/produkty\/produkty-dla-przemyslu-farmaceutycznego-i-medycznego\/witaminy\/witamina-b3\/#bibl-wit3\">(Mohammed et al., 2013<\/a>).    <\/p>\n<h3>Reducci\u00f3n de la producci\u00f3n de sebo<\/h3>\n<p>  La niacinamida tambi\u00e9n es <strong>eficaz para regular la producci\u00f3n de sebo<\/strong>, lo que resulta especialmente beneficioso para quienes tienen la piel grasa y tendencia al acn\u00e9. Los estudios han demostrado que el uso de niacinamida a una concentraci\u00f3n del 2% puede reducir significativamente la secreci\u00f3n de sebo, ayudando a mejorar el estado de la piel<a href=\"\/produkty\/produkty-dla-przemyslu-farmaceutycznego-i-medycznego\/witaminy\/witamina-b3\/#bibl-wit3\">(Draelos et al., 2006<\/a>).   &nbsp;<\/p>\n<h2>Vitamina B3 en suplemento<\/h2>\n<p>  La niacinamida se utiliza a menudo en complementos diet\u00e9ticos, disponibles en forma de comprimidos o c\u00e1psulas. A menudo se encuentra en la formulaci\u00f3n de complejos vitam\u00ednicos que pretenden realzar la belleza<strong> favoreciendo la salud de la piel, el cabello y las u\u00f1as.<\/strong> Como ingrediente de estas f\u00f3rmulas, la niacinamida ayuda a hidratar la piel, reforzar la barrera protectora y reducir la inflamaci\u00f3n y la producci\u00f3n excesiva de sebo. Esta vitamina desempe\u00f1a un papel importante en <strong>el funcionamiento normal del sistema nervioso<\/strong> y los procesos metab\u00f3licos. Como precursora del NAD+, es crucial para las reacciones redox y la producci\u00f3n de energ\u00eda en las c\u00e9lulas, lo que es esencial para el metabolismo. Tambi\u00e9n tiene un efecto neuroprotector, favoreciendo el desarrollo y la supervivencia de las neuronas y protegi\u00e9ndolas de da\u00f1os relacionados con la isquemia y de otro tipo. Las investigaciones indican su potencial en la protecci\u00f3n contra enfermedades neurodegenerativas como el Alzheimer, el Parkinson y la enfermedad de Huntington. La suplementaci\u00f3n con vitamina B3 est\u00e1 especialmente recomendada para las personas con carencias de vitamina B3, que pueden manifestarse como diversos problemas cut\u00e1neos, debilidad corporal y otros s\u00edntomas de pelagia. El uso regular de niacinamida puede prevenir las carencias vitam\u00ednicas y promover la salud y la belleza en general.         <\/p>\n<hr>\n<p><small>AUTOR DEL ART\u00cdCULO:<\/small><\/p>\n<h5 class=\"author-name uppercase pt-half\">Katarzyna Kopyci\u0144ska<\/h5>\n<p class=\"author-desc small\">T\u00e9cnico farmac\u00e9utico con experiencia de trabajo en una farmacia donde asesora en temas de salud y asistencia. Es licenciada en Biotecnolog\u00eda por la Universidad Nicolaus Copernicus de Toru\u0144. Como redactora, est\u00e1 especializada en temas relacionados con la salud, las hierbas y el cuidado. Le apasiona explorar la herborister\u00eda y los m\u00e9todos naturales de cuidado y le gusta transmitir sus conocimientos de forma sencilla y accesible.   <\/p>\n<p>&nbsp;<\/p>\n","protected":false},"excerpt":{"rendered":"<p>La <strong>vitamina B3<\/strong>, tambi\u00e9n conocida como <strong>niacinamida <\/strong>o <strong>nicotinamida<\/strong>, es un ingrediente muy apreciado en cosm\u00e9ticos y suplementos. Su popularidad se debe a su amplia gama de beneficios tanto para la piel como para la salud en general. Se utiliza habitualmente en productos para el cuidado de la piel, ayudando a mejorar su estado y aspecto. Adem\u00e1s, la niacinamida se utiliza en suplementos diet\u00e9ticos para apoyar el metabolismo y la salud del sistema nervioso.   <\/p>\n","protected":false},"featured_media":35809,"template":"","meta":{"_acf_changed":false},"product_brand":[],"product_cat":[1078],"product_tag":[],"class_list":{"0":"post-38453","1":"product","2":"type-product","3":"status-publish","4":"has-post-thumbnail","6":"product_cat-vitaminas","8":"first","9":"instock","10":"shipping-taxable","11":"product-type-simple"},"acf":[],"yoast_head":"<!-- This site is optimized with the Yoast SEO plugin v27.4 - https:\/\/yoast.com\/product\/yoast-seo-wordpress\/ -->\n<title>Vitamina B3 - NATURAL POLAND - Distribuidor Mayorista de Materias Primas<\/title>\n<meta name=\"description\" content=\"La niacinamida, o vitamina B3, se utiliza tanto en productos cosm\u00e9ticos como en suplementos diet\u00e9ticos. Envasada en sacos de 25 kg.\" \/>\n<meta name=\"robots\" content=\"index, follow, max-snippet:-1, max-image-preview:large, max-video-preview:-1\" \/>\n<link rel=\"canonical\" href=\"https:\/\/naturalpoland.com\/es\/productos\/productos-para-la-industria-farmaceutica-y-medica\/vitaminas\/witamina-b3\/\" \/>\n<meta property=\"og:locale\" content=\"es_ES\" \/>\n<meta property=\"og:type\" content=\"article\" \/>\n<meta property=\"og:title\" content=\"Vitamina B3 - NATURAL POLAND - Distribuidor Mayorista de Materias Primas\" \/>\n<meta property=\"og:description\" content=\"La niacinamida, o vitamina B3, se utiliza tanto en productos cosm\u00e9ticos como en suplementos diet\u00e9ticos. Envasada en sacos de 25 kg.\" \/>\n<meta property=\"og:url\" content=\"https:\/\/naturalpoland.com\/es\/productos\/productos-para-la-industria-farmaceutica-y-medica\/vitaminas\/witamina-b3\/\" \/>\n<meta property=\"og:site_name\" content=\"NATURAL POLAND - Distribuidor Mayorista de Materias Primas\" \/>\n<meta property=\"article:publisher\" content=\"https:\/\/www.facebook.com\/naturalpoland.b2b\" \/>\n<meta property=\"og:image\" content=\"https:\/\/naturalpoland.com\/wp-content\/uploads\/niacynamid.webp\" \/>\n\t<meta property=\"og:image:width\" content=\"619\" \/>\n\t<meta property=\"og:image:height\" content=\"619\" \/>\n\t<meta property=\"og:image:type\" content=\"image\/webp\" \/>\n<script type=\"application\/ld+json\" class=\"yoast-schema-graph\">{\"@context\":\"https:\\\/\\\/schema.org\",\"@graph\":[{\"@type\":\"WebPage\",\"@id\":\"https:\\\/\\\/naturalpoland.com\\\/es\\\/productos\\\/productos-para-la-industria-farmaceutica-y-medica\\\/vitaminas\\\/witamina-b3\\\/\",\"url\":\"https:\\\/\\\/naturalpoland.com\\\/es\\\/productos\\\/productos-para-la-industria-farmaceutica-y-medica\\\/vitaminas\\\/witamina-b3\\\/\",\"name\":\"Vitamina B3 - NATURAL POLAND - Distribuidor Mayorista de Materias Primas\",\"isPartOf\":{\"@id\":\"https:\\\/\\\/naturalpoland.com\\\/es\\\/#website\"},\"primaryImageOfPage\":{\"@id\":\"https:\\\/\\\/naturalpoland.com\\\/es\\\/productos\\\/productos-para-la-industria-farmaceutica-y-medica\\\/vitaminas\\\/witamina-b3\\\/#primaryimage\"},\"image\":{\"@id\":\"https:\\\/\\\/naturalpoland.com\\\/es\\\/productos\\\/productos-para-la-industria-farmaceutica-y-medica\\\/vitaminas\\\/witamina-b3\\\/#primaryimage\"},\"thumbnailUrl\":\"https:\\\/\\\/naturalpoland.com\\\/wp-content\\\/uploads\\\/niacynamid.webp\",\"datePublished\":\"2024-12-23T11:51:27+00:00\",\"description\":\"La niacinamida, o vitamina B3, se utiliza tanto en productos cosm\u00e9ticos como en suplementos diet\u00e9ticos. Envasada en sacos de 25 kg.\",\"breadcrumb\":{\"@id\":\"https:\\\/\\\/naturalpoland.com\\\/es\\\/productos\\\/productos-para-la-industria-farmaceutica-y-medica\\\/vitaminas\\\/witamina-b3\\\/#breadcrumb\"},\"inLanguage\":\"es\",\"potentialAction\":[{\"@type\":\"ReadAction\",\"target\":[\"https:\\\/\\\/naturalpoland.com\\\/es\\\/productos\\\/productos-para-la-industria-farmaceutica-y-medica\\\/vitaminas\\\/witamina-b3\\\/\"]}]},{\"@type\":\"ImageObject\",\"inLanguage\":\"es\",\"@id\":\"https:\\\/\\\/naturalpoland.com\\\/es\\\/productos\\\/productos-para-la-industria-farmaceutica-y-medica\\\/vitaminas\\\/witamina-b3\\\/#primaryimage\",\"url\":\"https:\\\/\\\/naturalpoland.com\\\/wp-content\\\/uploads\\\/niacynamid.webp\",\"contentUrl\":\"https:\\\/\\\/naturalpoland.com\\\/wp-content\\\/uploads\\\/niacynamid.webp\",\"width\":619,\"height\":619,\"caption\":\"niacynamid w postaci bia\u0142ego krystalicznego proszku\"},{\"@type\":\"BreadcrumbList\",\"@id\":\"https:\\\/\\\/naturalpoland.com\\\/es\\\/productos\\\/productos-para-la-industria-farmaceutica-y-medica\\\/vitaminas\\\/witamina-b3\\\/#breadcrumb\",\"itemListElement\":[{\"@type\":\"ListItem\",\"position\":1,\"name\":\"Inicio\",\"item\":\"https:\\\/\\\/naturalpoland.com\\\/es\\\/\"},{\"@type\":\"ListItem\",\"position\":2,\"name\":\"Productos\",\"item\":\"https:\\\/\\\/naturalpoland.com\\\/es\\\/productos\\\/\"},{\"@type\":\"ListItem\",\"position\":3,\"name\":\"Vitamina B3\"}]},{\"@type\":\"WebSite\",\"@id\":\"https:\\\/\\\/naturalpoland.com\\\/es\\\/#website\",\"url\":\"https:\\\/\\\/naturalpoland.com\\\/es\\\/\",\"name\":\"NATURAL POLAND - Distribuidor Mayorista de Materias Primas\",\"description\":\"Surowce dla przemys\u0142u spo\u017cywczego, kosmetycznego i farmaceutycznego\",\"publisher\":{\"@id\":\"https:\\\/\\\/naturalpoland.com\\\/es\\\/#organization\"},\"potentialAction\":[{\"@type\":\"SearchAction\",\"target\":{\"@type\":\"EntryPoint\",\"urlTemplate\":\"https:\\\/\\\/naturalpoland.com\\\/es\\\/?s={search_term_string}\"},\"query-input\":{\"@type\":\"PropertyValueSpecification\",\"valueRequired\":true,\"valueName\":\"search_term_string\"}}],\"inLanguage\":\"es\"},{\"@type\":\"Organization\",\"@id\":\"https:\\\/\\\/naturalpoland.com\\\/es\\\/#organization\",\"name\":\"Natural Poland\",\"url\":\"https:\\\/\\\/naturalpoland.com\\\/es\\\/\",\"logo\":{\"@type\":\"ImageObject\",\"inLanguage\":\"es\",\"@id\":\"https:\\\/\\\/naturalpoland.com\\\/es\\\/#\\\/schema\\\/logo\\\/image\\\/\",\"url\":\"https:\\\/\\\/naturalpoland.com\\\/wp-content\\\/uploads\\\/2021\\\/05\\\/natural-poland-icon.png\",\"contentUrl\":\"https:\\\/\\\/naturalpoland.com\\\/wp-content\\\/uploads\\\/2021\\\/05\\\/natural-poland-icon.png\",\"width\":512,\"height\":512,\"caption\":\"Natural Poland\"},\"image\":{\"@id\":\"https:\\\/\\\/naturalpoland.com\\\/es\\\/#\\\/schema\\\/logo\\\/image\\\/\"},\"sameAs\":[\"https:\\\/\\\/www.facebook.com\\\/naturalpoland.b2b\",\"https:\\\/\\\/pl.linkedin.com\\\/company\\\/natural-poland\",\"https:\\\/\\\/www.youtube.com\\\/channel\\\/UCgeGGkvOMahZo-xu_MSEWxg\"]}]}<\/script>\n<!-- \/ Yoast SEO plugin. -->","yoast_head_json":{"title":"Vitamina B3 - NATURAL POLAND - Distribuidor Mayorista de Materias Primas","description":"La niacinamida, o vitamina B3, se utiliza tanto en productos cosm\u00e9ticos como en suplementos diet\u00e9ticos. Envasada en sacos de 25 kg.","robots":{"index":"index","follow":"follow","max-snippet":"max-snippet:-1","max-image-preview":"max-image-preview:large","max-video-preview":"max-video-preview:-1"},"canonical":"https:\/\/naturalpoland.com\/es\/productos\/productos-para-la-industria-farmaceutica-y-medica\/vitaminas\/witamina-b3\/","og_locale":"es_ES","og_type":"article","og_title":"Vitamina B3 - NATURAL POLAND - Distribuidor Mayorista de Materias Primas","og_description":"La niacinamida, o vitamina B3, se utiliza tanto en productos cosm\u00e9ticos como en suplementos diet\u00e9ticos. Envasada en sacos de 25 kg.","og_url":"https:\/\/naturalpoland.com\/es\/productos\/productos-para-la-industria-farmaceutica-y-medica\/vitaminas\/witamina-b3\/","og_site_name":"NATURAL POLAND - Distribuidor Mayorista de Materias Primas","article_publisher":"https:\/\/www.facebook.com\/naturalpoland.b2b","og_image":[{"width":619,"height":619,"url":"https:\/\/naturalpoland.com\/wp-content\/uploads\/niacynamid.webp","type":"image\/webp"}],"schema":{"@context":"https:\/\/schema.org","@graph":[{"@type":"WebPage","@id":"https:\/\/naturalpoland.com\/es\/productos\/productos-para-la-industria-farmaceutica-y-medica\/vitaminas\/witamina-b3\/","url":"https:\/\/naturalpoland.com\/es\/productos\/productos-para-la-industria-farmaceutica-y-medica\/vitaminas\/witamina-b3\/","name":"Vitamina B3 - NATURAL POLAND - Distribuidor Mayorista de Materias Primas","isPartOf":{"@id":"https:\/\/naturalpoland.com\/es\/#website"},"primaryImageOfPage":{"@id":"https:\/\/naturalpoland.com\/es\/productos\/productos-para-la-industria-farmaceutica-y-medica\/vitaminas\/witamina-b3\/#primaryimage"},"image":{"@id":"https:\/\/naturalpoland.com\/es\/productos\/productos-para-la-industria-farmaceutica-y-medica\/vitaminas\/witamina-b3\/#primaryimage"},"thumbnailUrl":"https:\/\/naturalpoland.com\/wp-content\/uploads\/niacynamid.webp","datePublished":"2024-12-23T11:51:27+00:00","description":"La niacinamida, o vitamina B3, se utiliza tanto en productos cosm\u00e9ticos como en suplementos diet\u00e9ticos. Envasada en sacos de 25 kg.","breadcrumb":{"@id":"https:\/\/naturalpoland.com\/es\/productos\/productos-para-la-industria-farmaceutica-y-medica\/vitaminas\/witamina-b3\/#breadcrumb"},"inLanguage":"es","potentialAction":[{"@type":"ReadAction","target":["https:\/\/naturalpoland.com\/es\/productos\/productos-para-la-industria-farmaceutica-y-medica\/vitaminas\/witamina-b3\/"]}]},{"@type":"ImageObject","inLanguage":"es","@id":"https:\/\/naturalpoland.com\/es\/productos\/productos-para-la-industria-farmaceutica-y-medica\/vitaminas\/witamina-b3\/#primaryimage","url":"https:\/\/naturalpoland.com\/wp-content\/uploads\/niacynamid.webp","contentUrl":"https:\/\/naturalpoland.com\/wp-content\/uploads\/niacynamid.webp","width":619,"height":619,"caption":"niacynamid w postaci bia\u0142ego krystalicznego proszku"},{"@type":"BreadcrumbList","@id":"https:\/\/naturalpoland.com\/es\/productos\/productos-para-la-industria-farmaceutica-y-medica\/vitaminas\/witamina-b3\/#breadcrumb","itemListElement":[{"@type":"ListItem","position":1,"name":"Inicio","item":"https:\/\/naturalpoland.com\/es\/"},{"@type":"ListItem","position":2,"name":"Productos","item":"https:\/\/naturalpoland.com\/es\/productos\/"},{"@type":"ListItem","position":3,"name":"Vitamina B3"}]},{"@type":"WebSite","@id":"https:\/\/naturalpoland.com\/es\/#website","url":"https:\/\/naturalpoland.com\/es\/","name":"NATURAL POLAND - Distribuidor Mayorista de Materias Primas","description":"Surowce dla przemys\u0142u spo\u017cywczego, kosmetycznego i farmaceutycznego","publisher":{"@id":"https:\/\/naturalpoland.com\/es\/#organization"},"potentialAction":[{"@type":"SearchAction","target":{"@type":"EntryPoint","urlTemplate":"https:\/\/naturalpoland.com\/es\/?s={search_term_string}"},"query-input":{"@type":"PropertyValueSpecification","valueRequired":true,"valueName":"search_term_string"}}],"inLanguage":"es"},{"@type":"Organization","@id":"https:\/\/naturalpoland.com\/es\/#organization","name":"Natural Poland","url":"https:\/\/naturalpoland.com\/es\/","logo":{"@type":"ImageObject","inLanguage":"es","@id":"https:\/\/naturalpoland.com\/es\/#\/schema\/logo\/image\/","url":"https:\/\/naturalpoland.com\/wp-content\/uploads\/2021\/05\/natural-poland-icon.png","contentUrl":"https:\/\/naturalpoland.com\/wp-content\/uploads\/2021\/05\/natural-poland-icon.png","width":512,"height":512,"caption":"Natural Poland"},"image":{"@id":"https:\/\/naturalpoland.com\/es\/#\/schema\/logo\/image\/"},"sameAs":["https:\/\/www.facebook.com\/naturalpoland.b2b","https:\/\/pl.linkedin.com\/company\/natural-poland","https:\/\/www.youtube.com\/channel\/UCgeGGkvOMahZo-xu_MSEWxg"]}]}},"_links":{"self":[{"href":"https:\/\/naturalpoland.com\/es\/wp-json\/wp\/v2\/product\/38453","targetHints":{"allow":["GET"]}}],"collection":[{"href":"https:\/\/naturalpoland.com\/es\/wp-json\/wp\/v2\/product"}],"about":[{"href":"https:\/\/naturalpoland.com\/es\/wp-json\/wp\/v2\/types\/product"}],"wp:featuredmedia":[{"embeddable":true,"href":"https:\/\/naturalpoland.com\/es\/wp-json\/wp\/v2\/media\/35809"}],"wp:attachment":[{"href":"https:\/\/naturalpoland.com\/es\/wp-json\/wp\/v2\/media?parent=38453"}],"wp:term":[{"taxonomy":"product_brand","embeddable":true,"href":"https:\/\/naturalpoland.com\/es\/wp-json\/wp\/v2\/product_brand?post=38453"},{"taxonomy":"product_cat","embeddable":true,"href":"https:\/\/naturalpoland.com\/es\/wp-json\/wp\/v2\/product_cat?post=38453"},{"taxonomy":"product_tag","embeddable":true,"href":"https:\/\/naturalpoland.com\/es\/wp-json\/wp\/v2\/product_tag?post=38453"}],"curies":[{"name":"wp","href":"https:\/\/api.w.org\/{rel}","templated":true}]}}