{"id":38718,"date":"2025-01-14T11:44:13","date_gmt":"2025-01-16T08:58:36","guid":{"rendered":"https:\/\/naturalpoland.com\/produkty\/sin categor\u00eda\/ekstrakt-z-tulsi\/"},"modified":"2025-01-16T09:58:36","modified_gmt":"2025-01-16T08:58:36","slug":"ekstrakt-z-tulsi","status":"publish","type":"product","link":"https:\/\/naturalpoland.com\/es\/productos\/extractos-de-plantas\/ekstrakt-z-tulsi\/","title":{"rendered":"Extracto de tulsi"},"content":{"rendered":"<h2>Propiedades y beneficios para la salud:<\/h2>\n<ul>\n<li>El extracto de tulsi <strong>ayuda al sistema nervioso<\/strong> reduciendo los niveles de cortisol, la hormona del estr\u00e9s.<\/li>\n<li><strong>Refuerza el sistema inmunitario<\/strong>, aumentando la resistencia natural del organismo a las infecciones v\u00edricas y bacterianas.<\/li>\n<li>Gracias a la presencia de compuestos como el eugenol y los \u00e1cidos fen\u00f3licos, el Tulsi <strong>tiene un efecto antiinflamatorio<\/strong> y ayuda a combatir las infecciones bacterianas.<\/li>\n<li>Tradicionalmente utilizado para <strong>tratar las infecciones de las v\u00edas respiratorias superiores<\/strong>, ayuda a aliviar la tos, la secreci\u00f3n nasal y los s\u00edntomas del resfriado.<\/li>\n<li>Gracias a su contenido en polifenoles,<strong> protege las c\u00e9lulas del estr\u00e9s oxidativo<\/strong> y favorece la salud de la piel y retrasa el proceso de envejecimiento.<\/li>\n<li><strong>Regula el metabolismo y los niveles de az\u00facar<\/strong>, lo que puede ser \u00fatil en la prevenci\u00f3n de la diabetes de tipo 2.<\/li>\n<li><strong>Favorece<\/strong> los <strong>procesos de desintoxicaci\u00f3n<\/strong> del organismo y tambi\u00e9n la funci\u00f3n hep\u00e1tica al neutralizar las toxinas.<\/li>\n<\/ul>\n<h2>Uso del extracto de tulsi<\/h2>\n<ul>\n<li>Como ingrediente en suplementos diet\u00e9ticos para favorecer la inmunidad, reducir el estr\u00e9s y mejorar el bienestar.<\/li>\n<li>Se a\u00f1ade a los cosm\u00e9ticos por sus propiedades antioxidantes y antiinflamatorias.<\/li>\n<li>Se a\u00f1ade a las infusiones para favorecer la salud.<\/li>\n<li>Se utiliza en preparados ayurv\u00e9dicos tradicionales para favorecer la salud general y equilibrar el organismo.<\/li>\n<\/ul>\n","protected":false},"excerpt":{"rendered":"<p><strong>Extracto de tulsi<\/strong> (<em><strong>Ocimum Tenuiflorum<\/strong><\/em>) se extrae de las hojas de la planta medicinal conocida como albahaca santa. El tulsi se utiliza en la medicina natural ayurv\u00e9dica desde hace siglos. Tiene efectos adapt\u00f3genos, antiinflamatorios e inmunomoduladores.  <\/p>\n","protected":false},"featured_media":38670,"template":"","meta":{"_acf_changed":false},"product_brand":[],"product_cat":[1079],"product_tag":[],"class_list":{"0":"post-38718","1":"product","2":"type-product","3":"status-publish","4":"has-post-thumbnail","6":"product_cat-extractos-de-plantas","7":"pa_czesc-rosliny-deja","9":"first","10":"instock","11":"shipping-taxable","12":"product-type-simple"},"acf":[],"yoast_head":"<!-- This site is optimized with the Yoast SEO plugin v27.4 - https:\/\/yoast.com\/product\/yoast-seo-wordpress\/ -->\n<title>Extracto de tulsi - Distribuidor Mayorista de Materias Primas NATURAL POLAND - Distribuidor Mayorista de Materias Primas<\/title>\n<meta name=\"description\" content=\"El extracto de Tulsi (Ocimum Tenuiflorum), tambi\u00e9n conocido como albahaca santa, es un material vegetal de alta calidad extra\u00eddo de las hojas de esta planta medicinal.\" \/>\n<meta name=\"robots\" content=\"index, follow, max-snippet:-1, max-image-preview:large, max-video-preview:-1\" \/>\n<link rel=\"canonical\" href=\"https:\/\/naturalpoland.com\/es\/productos\/extractos-de-plantas\/ekstrakt-z-tulsi\/\" \/>\n<meta property=\"og:locale\" content=\"es_ES\" \/>\n<meta property=\"og:type\" content=\"article\" \/>\n<meta property=\"og:title\" content=\"Extracto de tulsi - Distribuidor Mayorista de Materias Primas NATURAL POLAND - Distribuidor Mayorista de Materias Primas\" \/>\n<meta property=\"og:description\" content=\"El extracto de Tulsi (Ocimum Tenuiflorum), tambi\u00e9n conocido como albahaca santa, es un material vegetal de alta calidad extra\u00eddo de las hojas de esta planta medicinal.\" \/>\n<meta property=\"og:url\" content=\"https:\/\/naturalpoland.com\/es\/productos\/extractos-de-plantas\/ekstrakt-z-tulsi\/\" \/>\n<meta property=\"og:site_name\" content=\"NATURAL POLAND - Distribuidor Mayorista de Materias Primas\" \/>\n<meta property=\"article:publisher\" content=\"https:\/\/www.facebook.com\/naturalpoland.b2b\" \/>\n<meta property=\"og:image\" content=\"https:\/\/naturalpoland.com\/wp-content\/uploads\/ekstrakt-z-tulsi.webp\" \/>\n\t<meta property=\"og:image:width\" content=\"592\" \/>\n\t<meta property=\"og:image:height\" content=\"592\" \/>\n\t<meta property=\"og:image:type\" content=\"image\/webp\" \/>\n<script type=\"application\/ld+json\" class=\"yoast-schema-graph\">{\"@context\":\"https:\\\/\\\/schema.org\",\"@graph\":[{\"@type\":\"WebPage\",\"@id\":\"https:\\\/\\\/naturalpoland.com\\\/es\\\/productos\\\/extractos-de-plantas\\\/ekstrakt-z-tulsi\\\/\",\"url\":\"https:\\\/\\\/naturalpoland.com\\\/es\\\/productos\\\/extractos-de-plantas\\\/ekstrakt-z-tulsi\\\/\",\"name\":\"Extracto de tulsi - Distribuidor Mayorista de Materias Primas NATURAL POLAND - Distribuidor Mayorista de Materias Primas\",\"isPartOf\":{\"@id\":\"https:\\\/\\\/naturalpoland.com\\\/es\\\/#website\"},\"primaryImageOfPage\":{\"@id\":\"https:\\\/\\\/naturalpoland.com\\\/es\\\/productos\\\/extractos-de-plantas\\\/ekstrakt-z-tulsi\\\/#primaryimage\"},\"image\":{\"@id\":\"https:\\\/\\\/naturalpoland.com\\\/es\\\/productos\\\/extractos-de-plantas\\\/ekstrakt-z-tulsi\\\/#primaryimage\"},\"thumbnailUrl\":\"https:\\\/\\\/naturalpoland.com\\\/wp-content\\\/uploads\\\/ekstrakt-z-tulsi.webp\",\"datePublished\":\"2025-01-16T08:58:36+00:00\",\"description\":\"El extracto de Tulsi (Ocimum Tenuiflorum), tambi\u00e9n conocido como albahaca santa, es un material vegetal de alta calidad extra\u00eddo de las hojas de esta planta medicinal.\",\"breadcrumb\":{\"@id\":\"https:\\\/\\\/naturalpoland.com\\\/es\\\/productos\\\/extractos-de-plantas\\\/ekstrakt-z-tulsi\\\/#breadcrumb\"},\"inLanguage\":\"es\",\"potentialAction\":[{\"@type\":\"ReadAction\",\"target\":[\"https:\\\/\\\/naturalpoland.com\\\/es\\\/productos\\\/extractos-de-plantas\\\/ekstrakt-z-tulsi\\\/\"]}]},{\"@type\":\"ImageObject\",\"inLanguage\":\"es\",\"@id\":\"https:\\\/\\\/naturalpoland.com\\\/es\\\/productos\\\/extractos-de-plantas\\\/ekstrakt-z-tulsi\\\/#primaryimage\",\"url\":\"https:\\\/\\\/naturalpoland.com\\\/wp-content\\\/uploads\\\/ekstrakt-z-tulsi.webp\",\"contentUrl\":\"https:\\\/\\\/naturalpoland.com\\\/wp-content\\\/uploads\\\/ekstrakt-z-tulsi.webp\",\"width\":592,\"height\":592,\"caption\":\"Ekstrakt z Tulsi\"},{\"@type\":\"BreadcrumbList\",\"@id\":\"https:\\\/\\\/naturalpoland.com\\\/es\\\/productos\\\/extractos-de-plantas\\\/ekstrakt-z-tulsi\\\/#breadcrumb\",\"itemListElement\":[{\"@type\":\"ListItem\",\"position\":1,\"name\":\"Inicio\",\"item\":\"https:\\\/\\\/naturalpoland.com\\\/es\\\/\"},{\"@type\":\"ListItem\",\"position\":2,\"name\":\"Productos\",\"item\":\"https:\\\/\\\/naturalpoland.com\\\/es\\\/productos\\\/\"},{\"@type\":\"ListItem\",\"position\":3,\"name\":\"Extracto de tulsi\"}]},{\"@type\":\"WebSite\",\"@id\":\"https:\\\/\\\/naturalpoland.com\\\/es\\\/#website\",\"url\":\"https:\\\/\\\/naturalpoland.com\\\/es\\\/\",\"name\":\"NATURAL POLAND - Distribuidor Mayorista de Materias Primas\",\"description\":\"Surowce dla przemys\u0142u spo\u017cywczego, kosmetycznego i farmaceutycznego\",\"publisher\":{\"@id\":\"https:\\\/\\\/naturalpoland.com\\\/es\\\/#organization\"},\"potentialAction\":[{\"@type\":\"SearchAction\",\"target\":{\"@type\":\"EntryPoint\",\"urlTemplate\":\"https:\\\/\\\/naturalpoland.com\\\/es\\\/?s={search_term_string}\"},\"query-input\":{\"@type\":\"PropertyValueSpecification\",\"valueRequired\":true,\"valueName\":\"search_term_string\"}}],\"inLanguage\":\"es\"},{\"@type\":\"Organization\",\"@id\":\"https:\\\/\\\/naturalpoland.com\\\/es\\\/#organization\",\"name\":\"Natural Poland\",\"url\":\"https:\\\/\\\/naturalpoland.com\\\/es\\\/\",\"logo\":{\"@type\":\"ImageObject\",\"inLanguage\":\"es\",\"@id\":\"https:\\\/\\\/naturalpoland.com\\\/es\\\/#\\\/schema\\\/logo\\\/image\\\/\",\"url\":\"https:\\\/\\\/naturalpoland.com\\\/wp-content\\\/uploads\\\/2021\\\/05\\\/natural-poland-icon.png\",\"contentUrl\":\"https:\\\/\\\/naturalpoland.com\\\/wp-content\\\/uploads\\\/2021\\\/05\\\/natural-poland-icon.png\",\"width\":512,\"height\":512,\"caption\":\"Natural Poland\"},\"image\":{\"@id\":\"https:\\\/\\\/naturalpoland.com\\\/es\\\/#\\\/schema\\\/logo\\\/image\\\/\"},\"sameAs\":[\"https:\\\/\\\/www.facebook.com\\\/naturalpoland.b2b\",\"https:\\\/\\\/pl.linkedin.com\\\/company\\\/natural-poland\",\"https:\\\/\\\/www.youtube.com\\\/channel\\\/UCgeGGkvOMahZo-xu_MSEWxg\"]}]}<\/script>\n<!-- \/ Yoast SEO plugin. -->","yoast_head_json":{"title":"Extracto de tulsi - Distribuidor Mayorista de Materias Primas NATURAL POLAND - Distribuidor Mayorista de Materias Primas","description":"El extracto de Tulsi (Ocimum Tenuiflorum), tambi\u00e9n conocido como albahaca santa, es un material vegetal de alta calidad extra\u00eddo de las hojas de esta planta medicinal.","robots":{"index":"index","follow":"follow","max-snippet":"max-snippet:-1","max-image-preview":"max-image-preview:large","max-video-preview":"max-video-preview:-1"},"canonical":"https:\/\/naturalpoland.com\/es\/productos\/extractos-de-plantas\/ekstrakt-z-tulsi\/","og_locale":"es_ES","og_type":"article","og_title":"Extracto de tulsi - Distribuidor Mayorista de Materias Primas NATURAL POLAND - Distribuidor Mayorista de Materias Primas","og_description":"El extracto de Tulsi (Ocimum Tenuiflorum), tambi\u00e9n conocido como albahaca santa, es un material vegetal de alta calidad extra\u00eddo de las hojas de esta planta medicinal.","og_url":"https:\/\/naturalpoland.com\/es\/productos\/extractos-de-plantas\/ekstrakt-z-tulsi\/","og_site_name":"NATURAL POLAND - Distribuidor Mayorista de Materias Primas","article_publisher":"https:\/\/www.facebook.com\/naturalpoland.b2b","og_image":[{"width":592,"height":592,"url":"https:\/\/naturalpoland.com\/wp-content\/uploads\/ekstrakt-z-tulsi.webp","type":"image\/webp"}],"schema":{"@context":"https:\/\/schema.org","@graph":[{"@type":"WebPage","@id":"https:\/\/naturalpoland.com\/es\/productos\/extractos-de-plantas\/ekstrakt-z-tulsi\/","url":"https:\/\/naturalpoland.com\/es\/productos\/extractos-de-plantas\/ekstrakt-z-tulsi\/","name":"Extracto de tulsi - Distribuidor Mayorista de Materias Primas NATURAL POLAND - Distribuidor Mayorista de Materias Primas","isPartOf":{"@id":"https:\/\/naturalpoland.com\/es\/#website"},"primaryImageOfPage":{"@id":"https:\/\/naturalpoland.com\/es\/productos\/extractos-de-plantas\/ekstrakt-z-tulsi\/#primaryimage"},"image":{"@id":"https:\/\/naturalpoland.com\/es\/productos\/extractos-de-plantas\/ekstrakt-z-tulsi\/#primaryimage"},"thumbnailUrl":"https:\/\/naturalpoland.com\/wp-content\/uploads\/ekstrakt-z-tulsi.webp","datePublished":"2025-01-16T08:58:36+00:00","description":"El extracto de Tulsi (Ocimum Tenuiflorum), tambi\u00e9n conocido como albahaca santa, es un material vegetal de alta calidad extra\u00eddo de las hojas de esta planta medicinal.","breadcrumb":{"@id":"https:\/\/naturalpoland.com\/es\/productos\/extractos-de-plantas\/ekstrakt-z-tulsi\/#breadcrumb"},"inLanguage":"es","potentialAction":[{"@type":"ReadAction","target":["https:\/\/naturalpoland.com\/es\/productos\/extractos-de-plantas\/ekstrakt-z-tulsi\/"]}]},{"@type":"ImageObject","inLanguage":"es","@id":"https:\/\/naturalpoland.com\/es\/productos\/extractos-de-plantas\/ekstrakt-z-tulsi\/#primaryimage","url":"https:\/\/naturalpoland.com\/wp-content\/uploads\/ekstrakt-z-tulsi.webp","contentUrl":"https:\/\/naturalpoland.com\/wp-content\/uploads\/ekstrakt-z-tulsi.webp","width":592,"height":592,"caption":"Ekstrakt z Tulsi"},{"@type":"BreadcrumbList","@id":"https:\/\/naturalpoland.com\/es\/productos\/extractos-de-plantas\/ekstrakt-z-tulsi\/#breadcrumb","itemListElement":[{"@type":"ListItem","position":1,"name":"Inicio","item":"https:\/\/naturalpoland.com\/es\/"},{"@type":"ListItem","position":2,"name":"Productos","item":"https:\/\/naturalpoland.com\/es\/productos\/"},{"@type":"ListItem","position":3,"name":"Extracto de tulsi"}]},{"@type":"WebSite","@id":"https:\/\/naturalpoland.com\/es\/#website","url":"https:\/\/naturalpoland.com\/es\/","name":"NATURAL POLAND - Distribuidor Mayorista de Materias Primas","description":"Surowce dla przemys\u0142u spo\u017cywczego, kosmetycznego i farmaceutycznego","publisher":{"@id":"https:\/\/naturalpoland.com\/es\/#organization"},"potentialAction":[{"@type":"SearchAction","target":{"@type":"EntryPoint","urlTemplate":"https:\/\/naturalpoland.com\/es\/?s={search_term_string}"},"query-input":{"@type":"PropertyValueSpecification","valueRequired":true,"valueName":"search_term_string"}}],"inLanguage":"es"},{"@type":"Organization","@id":"https:\/\/naturalpoland.com\/es\/#organization","name":"Natural Poland","url":"https:\/\/naturalpoland.com\/es\/","logo":{"@type":"ImageObject","inLanguage":"es","@id":"https:\/\/naturalpoland.com\/es\/#\/schema\/logo\/image\/","url":"https:\/\/naturalpoland.com\/wp-content\/uploads\/2021\/05\/natural-poland-icon.png","contentUrl":"https:\/\/naturalpoland.com\/wp-content\/uploads\/2021\/05\/natural-poland-icon.png","width":512,"height":512,"caption":"Natural Poland"},"image":{"@id":"https:\/\/naturalpoland.com\/es\/#\/schema\/logo\/image\/"},"sameAs":["https:\/\/www.facebook.com\/naturalpoland.b2b","https:\/\/pl.linkedin.com\/company\/natural-poland","https:\/\/www.youtube.com\/channel\/UCgeGGkvOMahZo-xu_MSEWxg"]}]}},"_links":{"self":[{"href":"https:\/\/naturalpoland.com\/es\/wp-json\/wp\/v2\/product\/38718","targetHints":{"allow":["GET"]}}],"collection":[{"href":"https:\/\/naturalpoland.com\/es\/wp-json\/wp\/v2\/product"}],"about":[{"href":"https:\/\/naturalpoland.com\/es\/wp-json\/wp\/v2\/types\/product"}],"wp:featuredmedia":[{"embeddable":true,"href":"https:\/\/naturalpoland.com\/es\/wp-json\/wp\/v2\/media\/38670"}],"wp:attachment":[{"href":"https:\/\/naturalpoland.com\/es\/wp-json\/wp\/v2\/media?parent=38718"}],"wp:term":[{"taxonomy":"product_brand","embeddable":true,"href":"https:\/\/naturalpoland.com\/es\/wp-json\/wp\/v2\/product_brand?post=38718"},{"taxonomy":"product_cat","embeddable":true,"href":"https:\/\/naturalpoland.com\/es\/wp-json\/wp\/v2\/product_cat?post=38718"},{"taxonomy":"product_tag","embeddable":true,"href":"https:\/\/naturalpoland.com\/es\/wp-json\/wp\/v2\/product_tag?post=38718"}],"curies":[{"name":"wp","href":"https:\/\/api.w.org\/{rel}","templated":true}]}}